{"id":954,"date":"2021-05-22T18:56:48","date_gmt":"2021-05-22T18:56:48","guid":{"rendered":"https:\/\/recal-se.tbwebsite.com\/?post_type=product&#038;p=954"},"modified":"2024-02-01T10:38:58","modified_gmt":"2024-02-01T10:38:58","slug":"vinkelbeslag-bedkant","status":"publish","type":"product","link":"https:\/\/recal-se.tbwebsite.com\/no\/bedkanter\/vinkelbeslag-bedkant\/","title":{"rendered":"VINKELBESLAG RECAL BEDKANT 65X160MM"},"content":{"rendered":"<p>45 graders vinkelbeslag<span class=\"base\" data-ui-id=\"page-title-wrapper\"> RECAL BEDKANT 65X160MM<\/span><\/p>\n<div class=\"Input\">\n<div class=\"ClearBtn\" title=\"Clear\"><span id=\"[0,9]\" class=\"word\">Produktet<\/span> <span id=\"[10,16]\" class=\"word\">passer<\/span> <span id=\"[17,20]\" class=\"word\">til<\/span> <span id=\"[21,25]\" class=\"word\">alle<\/span> <span id=\"[26,30]\" class=\"word\">v\u00e5re<\/span> bed<span id=\"[31,43]\" class=\"word\">kanter<\/span>.<\/div>\n<\/div>\n","protected":false},"excerpt":{"rendered":"<p>45 graders vinkelbeslag<span class=\"base\" data-ui-id=\"page-title-wrapper\"> RECAL BEDKANT 65X160MM<\/span><\/p>\n<div class=\"Input\">\n<div class=\"ClearBtn\" title=\"Clear\"><span id=\"[0,9]\" class=\"word\">Produktet<\/span> <span id=\"[10,16]\" class=\"word\">passer<\/span> <span id=\"[17,20]\" class=\"word\">til<\/span> <span id=\"[21,25]\" class=\"word\">alle<\/span> <span id=\"[26,30]\" class=\"word\">v\u00e5re<\/span> bed<span id=\"[31,43]\" class=\"word\">kanter<\/span>.<\/div>\n<\/div>\n","protected":false},"featured_media":5474,"comment_status":"closed","ping_status":"closed","template":"","meta":{"_acf_changed":false},"product_cat":[93],"product_tag":[96],"composite_virtual":false,"composite_layout":"","composite_add_to_cart_form_location":"","composite_editable_in_cart":false,"composite_sold_individually_context":"","composite_shop_price_calc":"","composite_components":[],"composite_scenarios":[],"acf":[],"yoast_head":"<!-- This site is optimized with the Yoast SEO plugin v22.2 - https:\/\/yoast.com\/wordpress\/plugins\/seo\/ -->\n<title>VINKELBESLAG RECAL BEDKANT 65X160MM - Recal Norge<\/title>\n<meta name=\"description\" content=\"45 graders vinkelbeslag RECAL BEDKANT 65X160MMProduktet passer til alle v\u00e5re bedkanter.\" \/>\n<meta name=\"robots\" content=\"index, follow, max-snippet:-1, max-image-preview:large, max-video-preview:-1\" \/>\n<link rel=\"canonical\" href=\"https:\/\/recal-se.tbwebsite.com\/no\/bedkanter\/vinkelbeslag-bedkant\/\" \/>\n<meta property=\"og:locale\" content=\"nb_NO\" \/>\n<meta property=\"og:type\" content=\"article\" \/>\n<meta property=\"og:title\" content=\"VINKELBESLAG RECAL BEDKANT 65X160MM - Recal Norge\" \/>\n<meta property=\"og:description\" content=\"45 graders vinkelbeslag RECAL BEDKANT 65X160MMProduktet passer til alle v\u00e5re bedkanter.\" \/>\n<meta property=\"og:url\" content=\"https:\/\/recal-se.tbwebsite.com\/no\/bedkanter\/vinkelbeslag-bedkant\/\" \/>\n<meta property=\"og:site_name\" content=\"Recal Norge\" \/>\n<meta property=\"article:modified_time\" content=\"2024-02-01T10:38:58+00:00\" \/>\n<meta property=\"og:image\" content=\"https:\/\/recal-se.tbwebsite.com\/no\/wp-content\/uploads\/sites\/5\/2021\/05\/A210017.png\" \/>\n\t<meta property=\"og:image:width\" content=\"1199\" \/>\n\t<meta property=\"og:image:height\" content=\"1199\" \/>\n\t<meta property=\"og:image:type\" content=\"image\/png\" \/>\n<meta name=\"twitter:card\" content=\"summary_large_image\" \/>\n<meta name=\"twitter:label1\" content=\"Ansl. lesetid\" \/>\n\t<meta name=\"twitter:data1\" content=\"1 minutt\" \/>\n<script type=\"application\/ld+json\" class=\"yoast-schema-graph\">{\"@context\":\"https:\/\/schema.org\",\"@graph\":[{\"@type\":\"WebPage\",\"@id\":\"https:\/\/recal-se.tbwebsite.com\/no\/bedkanter\/vinkelbeslag-bedkant\/\",\"url\":\"https:\/\/recal-se.tbwebsite.com\/no\/bedkanter\/vinkelbeslag-bedkant\/\",\"name\":\"VINKELBESLAG RECAL BEDKANT 65X160MM - Recal Norge\",\"isPartOf\":{\"@id\":\"https:\/\/recal-se.tbwebsite.com\/no\/#website\"},\"primaryImageOfPage\":{\"@id\":\"https:\/\/recal-se.tbwebsite.com\/no\/bedkanter\/vinkelbeslag-bedkant\/#primaryimage\"},\"image\":{\"@id\":\"https:\/\/recal-se.tbwebsite.com\/no\/bedkanter\/vinkelbeslag-bedkant\/#primaryimage\"},\"thumbnailUrl\":\"https:\/\/recal-se.tbwebsite.com\/no\/wp-content\/uploads\/sites\/5\/2021\/05\/A210017.png\",\"datePublished\":\"2021-05-22T18:56:48+00:00\",\"dateModified\":\"2024-02-01T10:38:58+00:00\",\"description\":\"45 graders vinkelbeslag RECAL BEDKANT 65X160MMProduktet passer til alle v\u00e5re bedkanter.\",\"breadcrumb\":{\"@id\":\"https:\/\/recal-se.tbwebsite.com\/no\/bedkanter\/vinkelbeslag-bedkant\/#breadcrumb\"},\"inLanguage\":\"nb-NO\",\"potentialAction\":[{\"@type\":\"ReadAction\",\"target\":[\"https:\/\/recal-se.tbwebsite.com\/no\/bedkanter\/vinkelbeslag-bedkant\/\"]}]},{\"@type\":\"ImageObject\",\"inLanguage\":\"nb-NO\",\"@id\":\"https:\/\/recal-se.tbwebsite.com\/no\/bedkanter\/vinkelbeslag-bedkant\/#primaryimage\",\"url\":\"https:\/\/recal-se.tbwebsite.com\/no\/wp-content\/uploads\/sites\/5\/2021\/05\/A210017.png\",\"contentUrl\":\"https:\/\/recal-se.tbwebsite.com\/no\/wp-content\/uploads\/sites\/5\/2021\/05\/A210017.png\",\"width\":1199,\"height\":1199},{\"@type\":\"BreadcrumbList\",\"@id\":\"https:\/\/recal-se.tbwebsite.com\/no\/bedkanter\/vinkelbeslag-bedkant\/#breadcrumb\",\"itemListElement\":[{\"@type\":\"ListItem\",\"position\":1,\"name\":\"Home\",\"item\":\"https:\/\/recal-se.tbwebsite.com\/no\/\"},{\"@type\":\"ListItem\",\"position\":2,\"name\":\"Shop\",\"item\":\"https:\/\/recal-se.tbwebsite.com\/no\/shop\/\"},{\"@type\":\"ListItem\",\"position\":3,\"name\":\"VINKELBESLAG RECAL BEDKANT 65X160MM\"}]},{\"@type\":\"WebSite\",\"@id\":\"https:\/\/recal-se.tbwebsite.com\/no\/#website\",\"url\":\"https:\/\/recal-se.tbwebsite.com\/no\/\",\"name\":\"Recal Norge\",\"description\":\"Tr\u00e4dg\u00e5rdsprodukter tillverkade i aluminium fr\u00e5n Sm\u00e5land\",\"publisher\":{\"@id\":\"https:\/\/recal-se.tbwebsite.com\/no\/#organization\"},\"potentialAction\":[{\"@type\":\"SearchAction\",\"target\":{\"@type\":\"EntryPoint\",\"urlTemplate\":\"https:\/\/recal-se.tbwebsite.com\/no\/?s={search_term_string}\"},\"query-input\":\"required name=search_term_string\"}],\"inLanguage\":\"nb-NO\"},{\"@type\":\"Organization\",\"@id\":\"https:\/\/recal-se.tbwebsite.com\/no\/#organization\",\"name\":\"Recal Norge\",\"url\":\"https:\/\/recal-se.tbwebsite.com\/no\/\",\"logo\":{\"@type\":\"ImageObject\",\"inLanguage\":\"nb-NO\",\"@id\":\"https:\/\/recal-se.tbwebsite.com\/no\/#\/schema\/logo\/image\/\",\"url\":\"https:\/\/recal-se.tbwebsite.com\/no\/wp-content\/uploads\/sites\/5\/2020\/06\/recal-logotype_svart_1.png\",\"contentUrl\":\"https:\/\/recal-se.tbwebsite.com\/no\/wp-content\/uploads\/sites\/5\/2020\/06\/recal-logotype_svart_1.png\",\"width\":260,\"height\":52,\"caption\":\"Recal Norge\"},\"image\":{\"@id\":\"https:\/\/recal-se.tbwebsite.com\/no\/#\/schema\/logo\/image\/\"}}]}<\/script>\n<!-- \/ Yoast SEO plugin. -->","yoast_head_json":{"title":"VINKELBESLAG RECAL BEDKANT 65X160MM - Recal Norge","description":"45 graders vinkelbeslag RECAL BEDKANT 65X160MMProduktet passer til alle v\u00e5re bedkanter.","robots":{"index":"index","follow":"follow","max-snippet":"max-snippet:-1","max-image-preview":"max-image-preview:large","max-video-preview":"max-video-preview:-1"},"canonical":"https:\/\/recal-se.tbwebsite.com\/no\/bedkanter\/vinkelbeslag-bedkant\/","og_locale":"nb_NO","og_type":"article","og_title":"VINKELBESLAG RECAL BEDKANT 65X160MM - Recal Norge","og_description":"45 graders vinkelbeslag RECAL BEDKANT 65X160MMProduktet passer til alle v\u00e5re bedkanter.","og_url":"https:\/\/recal-se.tbwebsite.com\/no\/bedkanter\/vinkelbeslag-bedkant\/","og_site_name":"Recal Norge","article_modified_time":"2024-02-01T10:38:58+00:00","og_image":[{"width":1199,"height":1199,"url":"https:\/\/recal-se.tbwebsite.com\/no\/wp-content\/uploads\/sites\/5\/2021\/05\/A210017.png","type":"image\/png"}],"twitter_card":"summary_large_image","twitter_misc":{"Ansl. lesetid":"1 minutt"},"schema":{"@context":"https:\/\/schema.org","@graph":[{"@type":"WebPage","@id":"https:\/\/recal-se.tbwebsite.com\/no\/bedkanter\/vinkelbeslag-bedkant\/","url":"https:\/\/recal-se.tbwebsite.com\/no\/bedkanter\/vinkelbeslag-bedkant\/","name":"VINKELBESLAG RECAL BEDKANT 65X160MM - Recal Norge","isPartOf":{"@id":"https:\/\/recal-se.tbwebsite.com\/no\/#website"},"primaryImageOfPage":{"@id":"https:\/\/recal-se.tbwebsite.com\/no\/bedkanter\/vinkelbeslag-bedkant\/#primaryimage"},"image":{"@id":"https:\/\/recal-se.tbwebsite.com\/no\/bedkanter\/vinkelbeslag-bedkant\/#primaryimage"},"thumbnailUrl":"https:\/\/recal-se.tbwebsite.com\/no\/wp-content\/uploads\/sites\/5\/2021\/05\/A210017.png","datePublished":"2021-05-22T18:56:48+00:00","dateModified":"2024-02-01T10:38:58+00:00","description":"45 graders vinkelbeslag RECAL BEDKANT 65X160MMProduktet passer til alle v\u00e5re bedkanter.","breadcrumb":{"@id":"https:\/\/recal-se.tbwebsite.com\/no\/bedkanter\/vinkelbeslag-bedkant\/#breadcrumb"},"inLanguage":"nb-NO","potentialAction":[{"@type":"ReadAction","target":["https:\/\/recal-se.tbwebsite.com\/no\/bedkanter\/vinkelbeslag-bedkant\/"]}]},{"@type":"ImageObject","inLanguage":"nb-NO","@id":"https:\/\/recal-se.tbwebsite.com\/no\/bedkanter\/vinkelbeslag-bedkant\/#primaryimage","url":"https:\/\/recal-se.tbwebsite.com\/no\/wp-content\/uploads\/sites\/5\/2021\/05\/A210017.png","contentUrl":"https:\/\/recal-se.tbwebsite.com\/no\/wp-content\/uploads\/sites\/5\/2021\/05\/A210017.png","width":1199,"height":1199},{"@type":"BreadcrumbList","@id":"https:\/\/recal-se.tbwebsite.com\/no\/bedkanter\/vinkelbeslag-bedkant\/#breadcrumb","itemListElement":[{"@type":"ListItem","position":1,"name":"Home","item":"https:\/\/recal-se.tbwebsite.com\/no\/"},{"@type":"ListItem","position":2,"name":"Shop","item":"https:\/\/recal-se.tbwebsite.com\/no\/shop\/"},{"@type":"ListItem","position":3,"name":"VINKELBESLAG RECAL BEDKANT 65X160MM"}]},{"@type":"WebSite","@id":"https:\/\/recal-se.tbwebsite.com\/no\/#website","url":"https:\/\/recal-se.tbwebsite.com\/no\/","name":"Recal Norge","description":"Tr\u00e4dg\u00e5rdsprodukter tillverkade i aluminium fr\u00e5n Sm\u00e5land","publisher":{"@id":"https:\/\/recal-se.tbwebsite.com\/no\/#organization"},"potentialAction":[{"@type":"SearchAction","target":{"@type":"EntryPoint","urlTemplate":"https:\/\/recal-se.tbwebsite.com\/no\/?s={search_term_string}"},"query-input":"required name=search_term_string"}],"inLanguage":"nb-NO"},{"@type":"Organization","@id":"https:\/\/recal-se.tbwebsite.com\/no\/#organization","name":"Recal Norge","url":"https:\/\/recal-se.tbwebsite.com\/no\/","logo":{"@type":"ImageObject","inLanguage":"nb-NO","@id":"https:\/\/recal-se.tbwebsite.com\/no\/#\/schema\/logo\/image\/","url":"https:\/\/recal-se.tbwebsite.com\/no\/wp-content\/uploads\/sites\/5\/2020\/06\/recal-logotype_svart_1.png","contentUrl":"https:\/\/recal-se.tbwebsite.com\/no\/wp-content\/uploads\/sites\/5\/2020\/06\/recal-logotype_svart_1.png","width":260,"height":52,"caption":"Recal Norge"},"image":{"@id":"https:\/\/recal-se.tbwebsite.com\/no\/#\/schema\/logo\/image\/"}}]}},"_links":{"self":[{"href":"https:\/\/recal-se.tbwebsite.com\/no\/wp-json\/wp\/v2\/product\/954"}],"collection":[{"href":"https:\/\/recal-se.tbwebsite.com\/no\/wp-json\/wp\/v2\/product"}],"about":[{"href":"https:\/\/recal-se.tbwebsite.com\/no\/wp-json\/wp\/v2\/types\/product"}],"replies":[{"embeddable":true,"href":"https:\/\/recal-se.tbwebsite.com\/no\/wp-json\/wp\/v2\/comments?post=954"}],"version-history":[{"count":5,"href":"https:\/\/recal-se.tbwebsite.com\/no\/wp-json\/wp\/v2\/product\/954\/revisions"}],"predecessor-version":[{"id":15042,"href":"https:\/\/recal-se.tbwebsite.com\/no\/wp-json\/wp\/v2\/product\/954\/revisions\/15042"}],"wp:featuredmedia":[{"embeddable":true,"href":"https:\/\/recal-se.tbwebsite.com\/no\/wp-json\/wp\/v2\/media\/5474"}],"wp:attachment":[{"href":"https:\/\/recal-se.tbwebsite.com\/no\/wp-json\/wp\/v2\/media?parent=954"}],"wp:term":[{"taxonomy":"product_cat","embeddable":true,"href":"https:\/\/recal-se.tbwebsite.com\/no\/wp-json\/wp\/v2\/product_cat?post=954"},{"taxonomy":"product_tag","embeddable":true,"href":"https:\/\/recal-se.tbwebsite.com\/no\/wp-json\/wp\/v2\/product_tag?post=954"}],"curies":[{"name":"wp","href":"https:\/\/api.w.org\/{rel}","templated":true}]}}