{"id":935,"date":"2021-04-18T17:30:57","date_gmt":"2021-04-18T17:30:57","guid":{"rendered":"https:\/\/recal-se.tbwebsite.com\/?post_type=product&#038;p=935"},"modified":"2024-02-19T13:49:34","modified_gmt":"2024-02-19T13:49:34","slug":"dyrkingsramme-corten","status":"publish","type":"product","link":"https:\/\/recal-se.tbwebsite.com\/no\/planting\/dyrkingsramme-corten\/","title":{"rendered":"Dyrkingsramme Corten"},"content":{"rendered":"<div id=\"tw-target-text-container\" class=\"tw-ta-container F0azHf tw-nfl\">\n<p id=\"tw-target-text\" class=\"tw-data-text tw-text-large tw-ta\" dir=\"ltr\" data-placeholder=\"\u00d6vers\u00e4ttning\" data-ved=\"2ahUKEwjgzqf2rreEAxU9IBAIHacXDWgQ3ewLegQIBRAT\"><span class=\"Y2IQFc\" lang=\"no\">Recals dyrkingsramme er laget av 1,5 mm tykk cortenplate. Dyrkingserammen passer perfekt i hagen for dyrking av planter eller til krydderhagen din!<\/span><\/p>\n<p class=\"tw-data-text tw-text-large tw-ta\" dir=\"ltr\" data-placeholder=\"\u00d6vers\u00e4ttning\" data-ved=\"2ahUKEwjgzqf2rreEAxU9IBAIHacXDWgQ3ewLegQIBRAT\"><span class=\"Y2IQFc\" lang=\"no\">Cortenrammer gir flere forskjellige fordeler i en hage. Dekkbark er veldig vanlig for \u00e5 holde jord og planter fine, men det kan ogs\u00e5 v\u00e6re vanskelig \u00e5 holde rent. <\/span><\/p>\n<p class=\"tw-data-text tw-text-large tw-ta\" dir=\"ltr\" data-placeholder=\"\u00d6vers\u00e4ttning\" data-ved=\"2ahUKEwjgzqf2rreEAxU9IBAIHacXDWgQ3ewLegQIBRAT\"><span class=\"Y2IQFc\" lang=\"no\">Med en planteramme holder du gresset og dekkbarken litt fra hverandre. De kan ogs\u00e5 brukes som vanlige pallekrager, noe som gj\u00f8r det enklere \u00e5 dele planter og gr\u00f8nnsaker samtidig som det lysner opp hagen. V\u00e5r dyrkingsramme i rektangul\u00e6rt design med m\u00e5lene 120X75X19 leveres komplett med skruer og overvektige kanter for \u00e5 skape en myk form p\u00e5 produktet. <\/span><\/p>\n<p class=\"tw-data-text tw-text-large tw-ta\" dir=\"ltr\" data-placeholder=\"\u00d6vers\u00e4ttning\" data-ved=\"2ahUKEwjgzqf2rreEAxU9IBAIHacXDWgQ3ewLegQIBRAT\"><span class=\"Y2IQFc\" lang=\"no\">Produktet er et godt supplement til den klassiske pallekragen for \u00e5 dyrke plantene dine. Etter noen uker ute kommer den rustne overflaten til syne p\u00e5 dyrkingsrammen. Siden plantekasserammen er behandlet ved levering, anbefaler vi at du vasker av cortenproduktet med s\u00e5pe og vann for \u00e5 fremskynde prosessen med \u00e5 f\u00e5 frem den rustne overflaten p\u00e5 cortenplaten.<\/span><\/p>\n<\/div>\n<div id=\"tw-target-rmn-container\" class=\"tw-target-rmn tw-ta-container F0azHf tw-nfl\">\n<pre id=\"tw-target-rmn\" class=\"tw-data-placeholder tw-text-small tw-ta\" dir=\"ltr\" data-placeholder=\"\"><\/pre>\n<\/div>\n<p>&nbsp;<\/p>\n<p>&nbsp;<\/p>\n<p><strong>Produktbeskrivning:<\/strong><\/p>\n<p id=\"tw-target-text\" class=\"tw-data-text tw-text-large tw-ta\" dir=\"ltr\" data-placeholder=\"\u00d6vers\u00e4ttning\" data-ved=\"2ahUKEwjgzqf2rreEAxU9IBAIHacXDWgQ3ewLegQIBRAT\"><span class=\"Y2IQFc\" lang=\"no\">St\u00f8rrelse: 120X75X19, 75x75x19 cm(LxBxH) <\/span><\/p>\n<p class=\"tw-data-text tw-text-large tw-ta\" dir=\"ltr\" data-placeholder=\"\u00d6vers\u00e4ttning\" data-ved=\"2ahUKEwjgzqf2rreEAxU9IBAIHacXDWgQ3ewLegQIBRAT\"><span class=\"Y2IQFc\" lang=\"no\">Tykkelse Corten-plate: 1,5mm <\/span><\/p>\n<p class=\"tw-data-text tw-text-large tw-ta\" dir=\"ltr\" data-placeholder=\"\u00d6vers\u00e4ttning\" data-ved=\"2ahUKEwjgzqf2rreEAxU9IBAIHacXDWgQ3ewLegQIBRAT\"><span class=\"Y2IQFc\" lang=\"no\">Leveres komplett med skrue.<\/span><\/p>\n<p>&nbsp;<\/p>\n<div id=\"tw-target-text-container\" class=\"tw-ta-container F0azHf tw-nfl\">\n<h4 id=\"tw-target-text\" class=\"tw-data-text tw-text-large tw-ta\" dir=\"ltr\" data-placeholder=\"\u00d6vers\u00e4ttning\" data-ved=\"2ahUKEwjgzqf2rreEAxU9IBAIHacXDWgQ3ewLegQIBRAT\"><span class=\"Y2IQFc\" lang=\"no\">Tips for planting: <\/span><\/h4>\n<p class=\"tw-data-text tw-text-large tw-ta\" dir=\"ltr\" data-placeholder=\"\u00d6vers\u00e4ttning\" data-ved=\"2ahUKEwjgzqf2rreEAxU9IBAIHacXDWgQ3ewLegQIBRAT\"><span class=\"Y2IQFc\" lang=\"no\">1. Fyll p\u00e5 med jord helt opp til kanten av planterammen<\/span><\/p>\n<p class=\"tw-data-text tw-text-large tw-ta\" dir=\"ltr\" data-placeholder=\"\u00d6vers\u00e4ttning\" data-ved=\"2ahUKEwjgzqf2rreEAxU9IBAIHacXDWgQ3ewLegQIBRAT\"><span class=\"Y2IQFc\" lang=\"no\">2. S\u00f8rg for riktig drenering <\/span><\/p>\n<p class=\"tw-data-text tw-text-large tw-ta\" dir=\"ltr\" data-placeholder=\"\u00d6vers\u00e4ttning\" data-ved=\"2ahUKEwjgzqf2rreEAxU9IBAIHacXDWgQ3ewLegQIBRAT\"><span class=\"Y2IQFc\" lang=\"no\">3. Bruk naturlig gj\u00f8dsel, for eksempel h\u00f8ybedjord, kompost. Denne planterammen er ogs\u00e5 tilgjengelig som kasse med h\u00f8yere kant.<\/span><\/p>\n<\/div>\n<div id=\"tw-target-rmn-container\" class=\"tw-target-rmn tw-ta-container F0azHf tw-nfl\">\n<p id=\"tw-target-rmn\" class=\"tw-data-placeholder tw-text-small tw-ta\" dir=\"ltr\">\n<\/div>\n<p>&nbsp;<\/p>\n","protected":false},"excerpt":{"rendered":"<p id=\"tw-target-text\" class=\"tw-data-text tw-text-large tw-ta\" dir=\"ltr\" data-placeholder=\"\u00d6vers\u00e4ttning\" data-ved=\"2ahUKEwjgzqf2rreEAxU9IBAIHacXDWgQ3ewLegQIBRAT\"><span class=\"Y2IQFc\" lang=\"no\">V\u00e5r dyrkingsramme i firkantet utf\u00f8relse leveres komplett med bunnplate og skrue samt foldede kanter uten skj\u00f8t og gir et solid inntrykk.<\/span><\/p>\n<p class=\"tw-data-text tw-text-large tw-ta\" dir=\"ltr\" data-placeholder=\"\u00d6vers\u00e4ttning\" data-ved=\"2ahUKEwjgzqf2rreEAxU9IBAIHacXDWgQ3ewLegQIBRAT\"><span class=\"Y2IQFc\" lang=\"no\">H\u00f8yde: 190 mm<\/span><\/p>\n<p class=\"tw-data-text tw-text-large tw-ta\" dir=\"ltr\" data-placeholder=\"\u00d6vers\u00e4ttning\" data-ved=\"2ahUKEwjgzqf2rreEAxU9IBAIHacXDWgQ3ewLegQIBRAT\"><span class=\"Y2IQFc\" lang=\"no\">Lengde: 1200 mm eller 750 mm <\/span><\/p>\n<p class=\"tw-data-text tw-text-large tw-ta\" dir=\"ltr\" data-placeholder=\"\u00d6vers\u00e4ttning\" data-ved=\"2ahUKEwjgzqf2rreEAxU9IBAIHacXDWgQ3ewLegQIBRAT\"><span class=\"Y2IQFc\" lang=\"no\">Bredde: 750 mm<\/span><\/p>\n","protected":false},"featured_media":5476,"comment_status":"closed","ping_status":"closed","template":"","meta":{"_acf_changed":false},"product_cat":[196,115],"product_tag":[101,102,100],"composite_virtual":false,"composite_layout":"","composite_add_to_cart_form_location":"","composite_editable_in_cart":false,"composite_sold_individually_context":"","composite_shop_price_calc":"","composite_components":[],"composite_scenarios":[],"acf":[],"yoast_head":"<!-- This site is optimized with the Yoast SEO plugin v22.2 - https:\/\/yoast.com\/wordpress\/plugins\/seo\/ -->\n<title>Dyrkingsramme Corten - Recal Norge<\/title>\n<meta name=\"description\" content=\"Recals dyrkingsramme for cortenplater passer perfekt i hagen for dyrking av planter eller til din krydderdyrking.\" \/>\n<meta name=\"robots\" content=\"index, follow, max-snippet:-1, max-image-preview:large, max-video-preview:-1\" \/>\n<link rel=\"canonical\" href=\"https:\/\/recal-se.tbwebsite.com\/no\/planting\/dyrkingsramme-corten\/\" \/>\n<meta property=\"og:locale\" content=\"nb_NO\" \/>\n<meta property=\"og:type\" content=\"article\" \/>\n<meta property=\"og:title\" content=\"Dyrkingsramme Corten - Recal Norge\" \/>\n<meta property=\"og:description\" content=\"Recals dyrkingsramme for cortenplater passer perfekt i hagen for dyrking av planter eller til din krydderdyrking.\" \/>\n<meta property=\"og:url\" content=\"https:\/\/recal-se.tbwebsite.com\/no\/planting\/dyrkingsramme-corten\/\" \/>\n<meta property=\"og:site_name\" content=\"Recal Norge\" \/>\n<meta property=\"article:modified_time\" content=\"2024-02-19T13:49:34+00:00\" \/>\n<meta property=\"og:image\" content=\"https:\/\/recal-se.tbwebsite.com\/no\/wp-content\/uploads\/sites\/5\/2021\/04\/recal-blomlada_corten_75x125x19-1.png\" \/>\n\t<meta property=\"og:image:width\" content=\"1400\" \/>\n\t<meta property=\"og:image:height\" content=\"1401\" \/>\n\t<meta property=\"og:image:type\" content=\"image\/png\" \/>\n<meta name=\"twitter:card\" content=\"summary_large_image\" \/>\n<meta name=\"twitter:label1\" content=\"Ansl. lesetid\" \/>\n\t<meta name=\"twitter:data1\" content=\"2 minutter\" \/>\n<script type=\"application\/ld+json\" class=\"yoast-schema-graph\">{\"@context\":\"https:\/\/schema.org\",\"@graph\":[{\"@type\":\"WebPage\",\"@id\":\"https:\/\/recal-se.tbwebsite.com\/no\/planting\/dyrkingsramme-corten\/\",\"url\":\"https:\/\/recal-se.tbwebsite.com\/no\/planting\/dyrkingsramme-corten\/\",\"name\":\"Dyrkingsramme Corten - Recal Norge\",\"isPartOf\":{\"@id\":\"https:\/\/recal-se.tbwebsite.com\/no\/#website\"},\"primaryImageOfPage\":{\"@id\":\"https:\/\/recal-se.tbwebsite.com\/no\/planting\/dyrkingsramme-corten\/#primaryimage\"},\"image\":{\"@id\":\"https:\/\/recal-se.tbwebsite.com\/no\/planting\/dyrkingsramme-corten\/#primaryimage\"},\"thumbnailUrl\":\"https:\/\/recal-se.tbwebsite.com\/no\/wp-content\/uploads\/sites\/5\/2021\/04\/recal-blomlada_corten_75x125x19-1.png\",\"datePublished\":\"2021-04-18T17:30:57+00:00\",\"dateModified\":\"2024-02-19T13:49:34+00:00\",\"description\":\"Recals dyrkingsramme for cortenplater passer perfekt i hagen for dyrking av planter eller til din krydderdyrking.\",\"breadcrumb\":{\"@id\":\"https:\/\/recal-se.tbwebsite.com\/no\/planting\/dyrkingsramme-corten\/#breadcrumb\"},\"inLanguage\":\"nb-NO\",\"potentialAction\":[{\"@type\":\"ReadAction\",\"target\":[\"https:\/\/recal-se.tbwebsite.com\/no\/planting\/dyrkingsramme-corten\/\"]}]},{\"@type\":\"ImageObject\",\"inLanguage\":\"nb-NO\",\"@id\":\"https:\/\/recal-se.tbwebsite.com\/no\/planting\/dyrkingsramme-corten\/#primaryimage\",\"url\":\"https:\/\/recal-se.tbwebsite.com\/no\/wp-content\/uploads\/sites\/5\/2021\/04\/recal-blomlada_corten_75x125x19-1.png\",\"contentUrl\":\"https:\/\/recal-se.tbwebsite.com\/no\/wp-content\/uploads\/sites\/5\/2021\/04\/recal-blomlada_corten_75x125x19-1.png\",\"width\":1400,\"height\":1401},{\"@type\":\"BreadcrumbList\",\"@id\":\"https:\/\/recal-se.tbwebsite.com\/no\/planting\/dyrkingsramme-corten\/#breadcrumb\",\"itemListElement\":[{\"@type\":\"ListItem\",\"position\":1,\"name\":\"Home\",\"item\":\"https:\/\/recal-se.tbwebsite.com\/no\/\"},{\"@type\":\"ListItem\",\"position\":2,\"name\":\"Shop\",\"item\":\"https:\/\/recal-se.tbwebsite.com\/no\/shop\/\"},{\"@type\":\"ListItem\",\"position\":3,\"name\":\"Dyrkingsramme Corten\"}]},{\"@type\":\"WebSite\",\"@id\":\"https:\/\/recal-se.tbwebsite.com\/no\/#website\",\"url\":\"https:\/\/recal-se.tbwebsite.com\/no\/\",\"name\":\"Recal Norge\",\"description\":\"Tr\u00e4dg\u00e5rdsprodukter tillverkade i aluminium fr\u00e5n Sm\u00e5land\",\"publisher\":{\"@id\":\"https:\/\/recal-se.tbwebsite.com\/no\/#organization\"},\"potentialAction\":[{\"@type\":\"SearchAction\",\"target\":{\"@type\":\"EntryPoint\",\"urlTemplate\":\"https:\/\/recal-se.tbwebsite.com\/no\/?s={search_term_string}\"},\"query-input\":\"required name=search_term_string\"}],\"inLanguage\":\"nb-NO\"},{\"@type\":\"Organization\",\"@id\":\"https:\/\/recal-se.tbwebsite.com\/no\/#organization\",\"name\":\"Recal Norge\",\"url\":\"https:\/\/recal-se.tbwebsite.com\/no\/\",\"logo\":{\"@type\":\"ImageObject\",\"inLanguage\":\"nb-NO\",\"@id\":\"https:\/\/recal-se.tbwebsite.com\/no\/#\/schema\/logo\/image\/\",\"url\":\"https:\/\/recal-se.tbwebsite.com\/no\/wp-content\/uploads\/sites\/5\/2020\/06\/recal-logotype_svart_1.png\",\"contentUrl\":\"https:\/\/recal-se.tbwebsite.com\/no\/wp-content\/uploads\/sites\/5\/2020\/06\/recal-logotype_svart_1.png\",\"width\":260,\"height\":52,\"caption\":\"Recal Norge\"},\"image\":{\"@id\":\"https:\/\/recal-se.tbwebsite.com\/no\/#\/schema\/logo\/image\/\"}}]}<\/script>\n<!-- \/ Yoast SEO plugin. -->","yoast_head_json":{"title":"Dyrkingsramme Corten - Recal Norge","description":"Recals dyrkingsramme for cortenplater passer perfekt i hagen for dyrking av planter eller til din krydderdyrking.","robots":{"index":"index","follow":"follow","max-snippet":"max-snippet:-1","max-image-preview":"max-image-preview:large","max-video-preview":"max-video-preview:-1"},"canonical":"https:\/\/recal-se.tbwebsite.com\/no\/planting\/dyrkingsramme-corten\/","og_locale":"nb_NO","og_type":"article","og_title":"Dyrkingsramme Corten - Recal Norge","og_description":"Recals dyrkingsramme for cortenplater passer perfekt i hagen for dyrking av planter eller til din krydderdyrking.","og_url":"https:\/\/recal-se.tbwebsite.com\/no\/planting\/dyrkingsramme-corten\/","og_site_name":"Recal Norge","article_modified_time":"2024-02-19T13:49:34+00:00","og_image":[{"width":1400,"height":1401,"url":"https:\/\/recal-se.tbwebsite.com\/no\/wp-content\/uploads\/sites\/5\/2021\/04\/recal-blomlada_corten_75x125x19-1.png","type":"image\/png"}],"twitter_card":"summary_large_image","twitter_misc":{"Ansl. lesetid":"2 minutter"},"schema":{"@context":"https:\/\/schema.org","@graph":[{"@type":"WebPage","@id":"https:\/\/recal-se.tbwebsite.com\/no\/planting\/dyrkingsramme-corten\/","url":"https:\/\/recal-se.tbwebsite.com\/no\/planting\/dyrkingsramme-corten\/","name":"Dyrkingsramme Corten - Recal Norge","isPartOf":{"@id":"https:\/\/recal-se.tbwebsite.com\/no\/#website"},"primaryImageOfPage":{"@id":"https:\/\/recal-se.tbwebsite.com\/no\/planting\/dyrkingsramme-corten\/#primaryimage"},"image":{"@id":"https:\/\/recal-se.tbwebsite.com\/no\/planting\/dyrkingsramme-corten\/#primaryimage"},"thumbnailUrl":"https:\/\/recal-se.tbwebsite.com\/no\/wp-content\/uploads\/sites\/5\/2021\/04\/recal-blomlada_corten_75x125x19-1.png","datePublished":"2021-04-18T17:30:57+00:00","dateModified":"2024-02-19T13:49:34+00:00","description":"Recals dyrkingsramme for cortenplater passer perfekt i hagen for dyrking av planter eller til din krydderdyrking.","breadcrumb":{"@id":"https:\/\/recal-se.tbwebsite.com\/no\/planting\/dyrkingsramme-corten\/#breadcrumb"},"inLanguage":"nb-NO","potentialAction":[{"@type":"ReadAction","target":["https:\/\/recal-se.tbwebsite.com\/no\/planting\/dyrkingsramme-corten\/"]}]},{"@type":"ImageObject","inLanguage":"nb-NO","@id":"https:\/\/recal-se.tbwebsite.com\/no\/planting\/dyrkingsramme-corten\/#primaryimage","url":"https:\/\/recal-se.tbwebsite.com\/no\/wp-content\/uploads\/sites\/5\/2021\/04\/recal-blomlada_corten_75x125x19-1.png","contentUrl":"https:\/\/recal-se.tbwebsite.com\/no\/wp-content\/uploads\/sites\/5\/2021\/04\/recal-blomlada_corten_75x125x19-1.png","width":1400,"height":1401},{"@type":"BreadcrumbList","@id":"https:\/\/recal-se.tbwebsite.com\/no\/planting\/dyrkingsramme-corten\/#breadcrumb","itemListElement":[{"@type":"ListItem","position":1,"name":"Home","item":"https:\/\/recal-se.tbwebsite.com\/no\/"},{"@type":"ListItem","position":2,"name":"Shop","item":"https:\/\/recal-se.tbwebsite.com\/no\/shop\/"},{"@type":"ListItem","position":3,"name":"Dyrkingsramme Corten"}]},{"@type":"WebSite","@id":"https:\/\/recal-se.tbwebsite.com\/no\/#website","url":"https:\/\/recal-se.tbwebsite.com\/no\/","name":"Recal Norge","description":"Tr\u00e4dg\u00e5rdsprodukter tillverkade i aluminium fr\u00e5n Sm\u00e5land","publisher":{"@id":"https:\/\/recal-se.tbwebsite.com\/no\/#organization"},"potentialAction":[{"@type":"SearchAction","target":{"@type":"EntryPoint","urlTemplate":"https:\/\/recal-se.tbwebsite.com\/no\/?s={search_term_string}"},"query-input":"required name=search_term_string"}],"inLanguage":"nb-NO"},{"@type":"Organization","@id":"https:\/\/recal-se.tbwebsite.com\/no\/#organization","name":"Recal Norge","url":"https:\/\/recal-se.tbwebsite.com\/no\/","logo":{"@type":"ImageObject","inLanguage":"nb-NO","@id":"https:\/\/recal-se.tbwebsite.com\/no\/#\/schema\/logo\/image\/","url":"https:\/\/recal-se.tbwebsite.com\/no\/wp-content\/uploads\/sites\/5\/2020\/06\/recal-logotype_svart_1.png","contentUrl":"https:\/\/recal-se.tbwebsite.com\/no\/wp-content\/uploads\/sites\/5\/2020\/06\/recal-logotype_svart_1.png","width":260,"height":52,"caption":"Recal Norge"},"image":{"@id":"https:\/\/recal-se.tbwebsite.com\/no\/#\/schema\/logo\/image\/"}}]}},"_links":{"self":[{"href":"https:\/\/recal-se.tbwebsite.com\/no\/wp-json\/wp\/v2\/product\/935"}],"collection":[{"href":"https:\/\/recal-se.tbwebsite.com\/no\/wp-json\/wp\/v2\/product"}],"about":[{"href":"https:\/\/recal-se.tbwebsite.com\/no\/wp-json\/wp\/v2\/types\/product"}],"replies":[{"embeddable":true,"href":"https:\/\/recal-se.tbwebsite.com\/no\/wp-json\/wp\/v2\/comments?post=935"}],"version-history":[{"count":7,"href":"https:\/\/recal-se.tbwebsite.com\/no\/wp-json\/wp\/v2\/product\/935\/revisions"}],"predecessor-version":[{"id":15290,"href":"https:\/\/recal-se.tbwebsite.com\/no\/wp-json\/wp\/v2\/product\/935\/revisions\/15290"}],"wp:featuredmedia":[{"embeddable":true,"href":"https:\/\/recal-se.tbwebsite.com\/no\/wp-json\/wp\/v2\/media\/5476"}],"wp:attachment":[{"href":"https:\/\/recal-se.tbwebsite.com\/no\/wp-json\/wp\/v2\/media?parent=935"}],"wp:term":[{"taxonomy":"product_cat","embeddable":true,"href":"https:\/\/recal-se.tbwebsite.com\/no\/wp-json\/wp\/v2\/product_cat?post=935"},{"taxonomy":"product_tag","embeddable":true,"href":"https:\/\/recal-se.tbwebsite.com\/no\/wp-json\/wp\/v2\/product_tag?post=935"}],"curies":[{"name":"wp","href":"https:\/\/api.w.org\/{rel}","templated":true}]}}