{"id":920,"date":"2021-04-12T11:44:21","date_gmt":"2021-04-12T11:44:21","guid":{"rendered":"https:\/\/recal-se.tbwebsite.com\/?post_type=product&#038;p=920"},"modified":"2024-02-01T09:58:46","modified_gmt":"2024-02-01T09:58:46","slug":"bedkant-recal-aluminium-1100x100mm","status":"publish","type":"product","link":"https:\/\/recal-se.tbwebsite.com\/no\/bedkanter\/bedkant-recal-aluminium-1100x100mm\/","title":{"rendered":"BEDKANT RECAL ALUMINIUM 1100X100MM"},"content":{"rendered":"<div class=\"product-details__content product-details__content--description description\" role=\"tabpanel\" data-role=\"content\" aria-labelledby=\"go-to-description\" aria-hidden=\"true\">\n<div>\n<div>\n<p><strong>Elegant bedkant laget av aluminium<\/strong><\/p>\n<p>Bedkant i Aluminium i 2 mm naturgr\u00e5 farge som gir et elegant uttrykk. Leveres komplett med bolt og skj\u00f8teplate. Lengden 1100 mm gjelder ved montering, totallengden er 1120 mm umontert, produktet overlapper aluminiumsprofilen med 20 mm.<\/p>\n<\/div>\n<div><\/div>\n<div><strong>Teknisk informasjon<\/strong><br \/>\nH\u00f8yde: 100 mm<br \/>\nLengde: 1100 mm<br \/>\nTykkelse: 2 mm<br \/>\nFarge: Gr\u00e5<br \/>\nMateriale: Aluminium<strong>Annen informasjon<\/strong><br \/>\nMontering<br \/>\n1. Bring bedkanten sammen slik at hullene m\u00f8tes.<br \/>\n2. Skru bedkantene sammen.<br \/>\n3. Lag et spor i bakken med en spade.<br \/>\n4. Bank kanten av bedkanten forsiktig ned i bakken ved hjelp av en gummihammer eller lignende.<br \/>\n5. Kantb\u00f8ying suppleres med vinkelbeslag.<\/div>\n<\/div>\n<\/div>\n<div><\/div>\n<div><\/div>\n<div>Trenger ni spesialmalning? Send oss en mail!<\/div>\n<p>&nbsp;<\/p>\n","protected":false},"excerpt":{"rendered":"<p><strong>Elegant bedkant laget av aluminium<\/strong><\/p>\n<p>Bedkant i Aluminium i 2 mm naturgr\u00e5 farge som gir et elegant uttrykk. Leveres komplett med bolt og skj\u00f8teplate. Lengden 1100 mm gjelder ved montering, totallengden er 1120 mm umontert, produktet overlapper aluminiumsprofilen med 20 mm.<\/p>\n","protected":false},"featured_media":5479,"comment_status":"closed","ping_status":"closed","template":"","meta":{"_acf_changed":false},"product_cat":[115,93],"product_tag":[334],"composite_virtual":false,"composite_layout":"","composite_add_to_cart_form_location":"","composite_editable_in_cart":false,"composite_sold_individually_context":"","composite_shop_price_calc":"","composite_components":[],"composite_scenarios":[],"acf":[],"yoast_head":"<!-- This site is optimized with the Yoast SEO plugin v22.2 - https:\/\/yoast.com\/wordpress\/plugins\/seo\/ -->\n<title>BEDKANT RECAL ALUMINIUM 1100X100MM Rak - Recal Norge<\/title>\n<meta name=\"description\" content=\"Elegant bedkant laget av aluminiumBedkant i Aluminium i 2 mm naturgr\u00e5 farge som gir et elegant uttrykk. Leveres komplett med bolt og skj\u00f8teplate. Lengden 1100 mm gjelder ved montering, totallengden er 1120 mm umontert, produktet overlapper aluminiumsprofilen med 20 mm.\" \/>\n<meta name=\"robots\" content=\"index, follow, max-snippet:-1, max-image-preview:large, max-video-preview:-1\" \/>\n<link rel=\"canonical\" href=\"https:\/\/recal-se.tbwebsite.com\/no\/bedkanter\/bedkant-recal-aluminium-1100x100mm\/\" \/>\n<meta property=\"og:locale\" content=\"nb_NO\" \/>\n<meta property=\"og:type\" content=\"article\" \/>\n<meta property=\"og:title\" content=\"BEDKANT RECAL ALUMINIUM 1100X100MM Rak - Recal Norge\" \/>\n<meta property=\"og:description\" content=\"Elegant bedkant laget av aluminiumBedkant i Aluminium i 2 mm naturgr\u00e5 farge som gir et elegant uttrykk. Leveres komplett med bolt og skj\u00f8teplate. Lengden 1100 mm gjelder ved montering, totallengden er 1120 mm umontert, produktet overlapper aluminiumsprofilen med 20 mm.\" \/>\n<meta property=\"og:url\" content=\"https:\/\/recal-se.tbwebsite.com\/no\/bedkanter\/bedkant-recal-aluminium-1100x100mm\/\" \/>\n<meta property=\"og:site_name\" content=\"Recal Norge\" \/>\n<meta property=\"article:modified_time\" content=\"2024-02-01T09:58:46+00:00\" \/>\n<meta property=\"og:image\" content=\"https:\/\/recal-se.tbwebsite.com\/no\/wp-content\/uploads\/sites\/5\/2021\/04\/rabattkant_1-1.png\" \/>\n\t<meta property=\"og:image:width\" content=\"1400\" \/>\n\t<meta property=\"og:image:height\" content=\"1400\" \/>\n\t<meta property=\"og:image:type\" content=\"image\/png\" \/>\n<meta name=\"twitter:card\" content=\"summary_large_image\" \/>\n<meta name=\"twitter:label1\" content=\"Ansl. lesetid\" \/>\n\t<meta name=\"twitter:data1\" content=\"1 minutt\" \/>\n<script type=\"application\/ld+json\" class=\"yoast-schema-graph\">{\"@context\":\"https:\/\/schema.org\",\"@graph\":[{\"@type\":\"WebPage\",\"@id\":\"https:\/\/recal-se.tbwebsite.com\/no\/bedkanter\/bedkant-recal-aluminium-1100x100mm\/\",\"url\":\"https:\/\/recal-se.tbwebsite.com\/no\/bedkanter\/bedkant-recal-aluminium-1100x100mm\/\",\"name\":\"BEDKANT RECAL ALUMINIUM 1100X100MM Rak - Recal Norge\",\"isPartOf\":{\"@id\":\"https:\/\/recal-se.tbwebsite.com\/no\/#website\"},\"primaryImageOfPage\":{\"@id\":\"https:\/\/recal-se.tbwebsite.com\/no\/bedkanter\/bedkant-recal-aluminium-1100x100mm\/#primaryimage\"},\"image\":{\"@id\":\"https:\/\/recal-se.tbwebsite.com\/no\/bedkanter\/bedkant-recal-aluminium-1100x100mm\/#primaryimage\"},\"thumbnailUrl\":\"https:\/\/recal-se.tbwebsite.com\/no\/wp-content\/uploads\/sites\/5\/2021\/04\/rabattkant_1-1.png\",\"datePublished\":\"2021-04-12T11:44:21+00:00\",\"dateModified\":\"2024-02-01T09:58:46+00:00\",\"description\":\"Elegant bedkant laget av aluminiumBedkant i Aluminium i 2 mm naturgr\u00e5 farge som gir et elegant uttrykk. Leveres komplett med bolt og skj\u00f8teplate. Lengden 1100 mm gjelder ved montering, totallengden er 1120 mm umontert, produktet overlapper aluminiumsprofilen med 20 mm.\",\"breadcrumb\":{\"@id\":\"https:\/\/recal-se.tbwebsite.com\/no\/bedkanter\/bedkant-recal-aluminium-1100x100mm\/#breadcrumb\"},\"inLanguage\":\"nb-NO\",\"potentialAction\":[{\"@type\":\"ReadAction\",\"target\":[\"https:\/\/recal-se.tbwebsite.com\/no\/bedkanter\/bedkant-recal-aluminium-1100x100mm\/\"]}]},{\"@type\":\"ImageObject\",\"inLanguage\":\"nb-NO\",\"@id\":\"https:\/\/recal-se.tbwebsite.com\/no\/bedkanter\/bedkant-recal-aluminium-1100x100mm\/#primaryimage\",\"url\":\"https:\/\/recal-se.tbwebsite.com\/no\/wp-content\/uploads\/sites\/5\/2021\/04\/rabattkant_1-1.png\",\"contentUrl\":\"https:\/\/recal-se.tbwebsite.com\/no\/wp-content\/uploads\/sites\/5\/2021\/04\/rabattkant_1-1.png\",\"width\":1400,\"height\":1400},{\"@type\":\"BreadcrumbList\",\"@id\":\"https:\/\/recal-se.tbwebsite.com\/no\/bedkanter\/bedkant-recal-aluminium-1100x100mm\/#breadcrumb\",\"itemListElement\":[{\"@type\":\"ListItem\",\"position\":1,\"name\":\"Home\",\"item\":\"https:\/\/recal-se.tbwebsite.com\/no\/\"},{\"@type\":\"ListItem\",\"position\":2,\"name\":\"Shop\",\"item\":\"https:\/\/recal-se.tbwebsite.com\/no\/shop\/\"},{\"@type\":\"ListItem\",\"position\":3,\"name\":\"BEDKANT RECAL ALUMINIUM 1100X100MM\"}]},{\"@type\":\"WebSite\",\"@id\":\"https:\/\/recal-se.tbwebsite.com\/no\/#website\",\"url\":\"https:\/\/recal-se.tbwebsite.com\/no\/\",\"name\":\"Recal Norge\",\"description\":\"Tr\u00e4dg\u00e5rdsprodukter tillverkade i aluminium fr\u00e5n Sm\u00e5land\",\"publisher\":{\"@id\":\"https:\/\/recal-se.tbwebsite.com\/no\/#organization\"},\"potentialAction\":[{\"@type\":\"SearchAction\",\"target\":{\"@type\":\"EntryPoint\",\"urlTemplate\":\"https:\/\/recal-se.tbwebsite.com\/no\/?s={search_term_string}\"},\"query-input\":\"required name=search_term_string\"}],\"inLanguage\":\"nb-NO\"},{\"@type\":\"Organization\",\"@id\":\"https:\/\/recal-se.tbwebsite.com\/no\/#organization\",\"name\":\"Recal Norge\",\"url\":\"https:\/\/recal-se.tbwebsite.com\/no\/\",\"logo\":{\"@type\":\"ImageObject\",\"inLanguage\":\"nb-NO\",\"@id\":\"https:\/\/recal-se.tbwebsite.com\/no\/#\/schema\/logo\/image\/\",\"url\":\"https:\/\/recal-se.tbwebsite.com\/no\/wp-content\/uploads\/sites\/5\/2020\/06\/recal-logotype_svart_1.png\",\"contentUrl\":\"https:\/\/recal-se.tbwebsite.com\/no\/wp-content\/uploads\/sites\/5\/2020\/06\/recal-logotype_svart_1.png\",\"width\":260,\"height\":52,\"caption\":\"Recal Norge\"},\"image\":{\"@id\":\"https:\/\/recal-se.tbwebsite.com\/no\/#\/schema\/logo\/image\/\"}}]}<\/script>\n<!-- \/ Yoast SEO plugin. -->","yoast_head_json":{"title":"BEDKANT RECAL ALUMINIUM 1100X100MM Rak - Recal Norge","description":"Elegant bedkant laget av aluminiumBedkant i Aluminium i 2 mm naturgr\u00e5 farge som gir et elegant uttrykk. Leveres komplett med bolt og skj\u00f8teplate. Lengden 1100 mm gjelder ved montering, totallengden er 1120 mm umontert, produktet overlapper aluminiumsprofilen med 20 mm.","robots":{"index":"index","follow":"follow","max-snippet":"max-snippet:-1","max-image-preview":"max-image-preview:large","max-video-preview":"max-video-preview:-1"},"canonical":"https:\/\/recal-se.tbwebsite.com\/no\/bedkanter\/bedkant-recal-aluminium-1100x100mm\/","og_locale":"nb_NO","og_type":"article","og_title":"BEDKANT RECAL ALUMINIUM 1100X100MM Rak - Recal Norge","og_description":"Elegant bedkant laget av aluminiumBedkant i Aluminium i 2 mm naturgr\u00e5 farge som gir et elegant uttrykk. Leveres komplett med bolt og skj\u00f8teplate. Lengden 1100 mm gjelder ved montering, totallengden er 1120 mm umontert, produktet overlapper aluminiumsprofilen med 20 mm.","og_url":"https:\/\/recal-se.tbwebsite.com\/no\/bedkanter\/bedkant-recal-aluminium-1100x100mm\/","og_site_name":"Recal Norge","article_modified_time":"2024-02-01T09:58:46+00:00","og_image":[{"width":1400,"height":1400,"url":"https:\/\/recal-se.tbwebsite.com\/no\/wp-content\/uploads\/sites\/5\/2021\/04\/rabattkant_1-1.png","type":"image\/png"}],"twitter_card":"summary_large_image","twitter_misc":{"Ansl. lesetid":"1 minutt"},"schema":{"@context":"https:\/\/schema.org","@graph":[{"@type":"WebPage","@id":"https:\/\/recal-se.tbwebsite.com\/no\/bedkanter\/bedkant-recal-aluminium-1100x100mm\/","url":"https:\/\/recal-se.tbwebsite.com\/no\/bedkanter\/bedkant-recal-aluminium-1100x100mm\/","name":"BEDKANT RECAL ALUMINIUM 1100X100MM Rak - Recal Norge","isPartOf":{"@id":"https:\/\/recal-se.tbwebsite.com\/no\/#website"},"primaryImageOfPage":{"@id":"https:\/\/recal-se.tbwebsite.com\/no\/bedkanter\/bedkant-recal-aluminium-1100x100mm\/#primaryimage"},"image":{"@id":"https:\/\/recal-se.tbwebsite.com\/no\/bedkanter\/bedkant-recal-aluminium-1100x100mm\/#primaryimage"},"thumbnailUrl":"https:\/\/recal-se.tbwebsite.com\/no\/wp-content\/uploads\/sites\/5\/2021\/04\/rabattkant_1-1.png","datePublished":"2021-04-12T11:44:21+00:00","dateModified":"2024-02-01T09:58:46+00:00","description":"Elegant bedkant laget av aluminiumBedkant i Aluminium i 2 mm naturgr\u00e5 farge som gir et elegant uttrykk. Leveres komplett med bolt og skj\u00f8teplate. Lengden 1100 mm gjelder ved montering, totallengden er 1120 mm umontert, produktet overlapper aluminiumsprofilen med 20 mm.","breadcrumb":{"@id":"https:\/\/recal-se.tbwebsite.com\/no\/bedkanter\/bedkant-recal-aluminium-1100x100mm\/#breadcrumb"},"inLanguage":"nb-NO","potentialAction":[{"@type":"ReadAction","target":["https:\/\/recal-se.tbwebsite.com\/no\/bedkanter\/bedkant-recal-aluminium-1100x100mm\/"]}]},{"@type":"ImageObject","inLanguage":"nb-NO","@id":"https:\/\/recal-se.tbwebsite.com\/no\/bedkanter\/bedkant-recal-aluminium-1100x100mm\/#primaryimage","url":"https:\/\/recal-se.tbwebsite.com\/no\/wp-content\/uploads\/sites\/5\/2021\/04\/rabattkant_1-1.png","contentUrl":"https:\/\/recal-se.tbwebsite.com\/no\/wp-content\/uploads\/sites\/5\/2021\/04\/rabattkant_1-1.png","width":1400,"height":1400},{"@type":"BreadcrumbList","@id":"https:\/\/recal-se.tbwebsite.com\/no\/bedkanter\/bedkant-recal-aluminium-1100x100mm\/#breadcrumb","itemListElement":[{"@type":"ListItem","position":1,"name":"Home","item":"https:\/\/recal-se.tbwebsite.com\/no\/"},{"@type":"ListItem","position":2,"name":"Shop","item":"https:\/\/recal-se.tbwebsite.com\/no\/shop\/"},{"@type":"ListItem","position":3,"name":"BEDKANT RECAL ALUMINIUM 1100X100MM"}]},{"@type":"WebSite","@id":"https:\/\/recal-se.tbwebsite.com\/no\/#website","url":"https:\/\/recal-se.tbwebsite.com\/no\/","name":"Recal Norge","description":"Tr\u00e4dg\u00e5rdsprodukter tillverkade i aluminium fr\u00e5n Sm\u00e5land","publisher":{"@id":"https:\/\/recal-se.tbwebsite.com\/no\/#organization"},"potentialAction":[{"@type":"SearchAction","target":{"@type":"EntryPoint","urlTemplate":"https:\/\/recal-se.tbwebsite.com\/no\/?s={search_term_string}"},"query-input":"required name=search_term_string"}],"inLanguage":"nb-NO"},{"@type":"Organization","@id":"https:\/\/recal-se.tbwebsite.com\/no\/#organization","name":"Recal Norge","url":"https:\/\/recal-se.tbwebsite.com\/no\/","logo":{"@type":"ImageObject","inLanguage":"nb-NO","@id":"https:\/\/recal-se.tbwebsite.com\/no\/#\/schema\/logo\/image\/","url":"https:\/\/recal-se.tbwebsite.com\/no\/wp-content\/uploads\/sites\/5\/2020\/06\/recal-logotype_svart_1.png","contentUrl":"https:\/\/recal-se.tbwebsite.com\/no\/wp-content\/uploads\/sites\/5\/2020\/06\/recal-logotype_svart_1.png","width":260,"height":52,"caption":"Recal Norge"},"image":{"@id":"https:\/\/recal-se.tbwebsite.com\/no\/#\/schema\/logo\/image\/"}}]}},"_links":{"self":[{"href":"https:\/\/recal-se.tbwebsite.com\/no\/wp-json\/wp\/v2\/product\/920"}],"collection":[{"href":"https:\/\/recal-se.tbwebsite.com\/no\/wp-json\/wp\/v2\/product"}],"about":[{"href":"https:\/\/recal-se.tbwebsite.com\/no\/wp-json\/wp\/v2\/types\/product"}],"replies":[{"embeddable":true,"href":"https:\/\/recal-se.tbwebsite.com\/no\/wp-json\/wp\/v2\/comments?post=920"}],"version-history":[{"count":7,"href":"https:\/\/recal-se.tbwebsite.com\/no\/wp-json\/wp\/v2\/product\/920\/revisions"}],"predecessor-version":[{"id":15039,"href":"https:\/\/recal-se.tbwebsite.com\/no\/wp-json\/wp\/v2\/product\/920\/revisions\/15039"}],"wp:featuredmedia":[{"embeddable":true,"href":"https:\/\/recal-se.tbwebsite.com\/no\/wp-json\/wp\/v2\/media\/5479"}],"wp:attachment":[{"href":"https:\/\/recal-se.tbwebsite.com\/no\/wp-json\/wp\/v2\/media?parent=920"}],"wp:term":[{"taxonomy":"product_cat","embeddable":true,"href":"https:\/\/recal-se.tbwebsite.com\/no\/wp-json\/wp\/v2\/product_cat?post=920"},{"taxonomy":"product_tag","embeddable":true,"href":"https:\/\/recal-se.tbwebsite.com\/no\/wp-json\/wp\/v2\/product_tag?post=920"}],"curies":[{"name":"wp","href":"https:\/\/api.w.org\/{rel}","templated":true}]}}