{"id":780,"date":"2020-09-01T06:19:24","date_gmt":"2020-09-01T06:19:24","guid":{"rendered":"https:\/\/recal-se.tbwebsite.com\/?post_type=product&#038;p=780"},"modified":"2024-02-01T05:48:25","modified_gmt":"2024-02-01T05:48:25","slug":"monteringsbrakett","status":"publish","type":"product","link":"https:\/\/recal-se.tbwebsite.com\/no\/tilbehor\/monteringsbrakett\/","title":{"rendered":"Monteringsbrakett feste till overlegg Aluminium"},"content":{"rendered":"<p>Monteringsbrakett <span id=\"[0,1]\" class=\"word\">i<\/span> <span id=\"[2,11]\" class=\"word\">aluminium<\/span> <span id=\"[12,15]\" class=\"word\">til<\/span> <span id=\"[16,28]\" class=\"word\">gjerdestolpe<\/span> <span id=\"[29,34]\" class=\"word\">70*70<\/span> <span id=\"[35,38]\" class=\"word\">n\u00e5r<\/span> <span id=\"[39,41]\" class=\"word\">du<\/span> <span id=\"[42,48]\" class=\"word\">\u00f8nsker<\/span> <span id=\"[49,59]\" class=\"word\">overligger<\/span> <span id=\"[60,61]\" class=\"word\">i<\/span> <span id=\"[62,65]\" class=\"word\">tre<\/span> <span id=\"[66,71]\" class=\"word\">eller<\/span> <span id=\"[72,81]\" class=\"word\">aluminium<\/span>.<\/p>\n<p><span id=\"[84,86]\" class=\"word\">1x<\/span> <span id=\"[87,104]\" class=\"word\">overliggerbrakett<\/span> <span id=\"[105,108]\" class=\"word\">per<\/span> <span id=\"[109,115]\" class=\"word\">stolpe<\/span>.<\/p>\n<p><span id=\"[118,124]\" class=\"word\">Skruer<\/span> <span id=\"[125,134]\" class=\"word\">inkludert<\/span> <span id=\"[135,139]\" class=\"word\">2stk<\/span>\/<span id=\"[140,147]\" class=\"word\">brakett<\/span> <span id=\"[148,150]\" class=\"word\">5.<\/span> <span id=\"[150,157]\" class=\"word\">0x100mm<\/span><\/p>\n","protected":false},"excerpt":{"rendered":"<p>Monteringsbrakett <span id=\"[0,1]\" class=\"word\">i<\/span> <span id=\"[2,11]\" class=\"word\">aluminium<\/span> <span id=\"[12,15]\" class=\"word\">til<\/span> <span id=\"[16,28]\" class=\"word\">gjerdestolpe<\/span> <span id=\"[29,34]\" class=\"word\">70*70<\/span> <span id=\"[35,38]\" class=\"word\">n\u00e5r<\/span> <span id=\"[39,41]\" class=\"word\">du<\/span> <span id=\"[42,48]\" class=\"word\">\u00f8nsker<\/span> <span id=\"[49,59]\" class=\"word\">overligger<\/span> <span id=\"[60,61]\" class=\"word\">i<\/span> <span id=\"[62,65]\" class=\"word\">tre<\/span> <span id=\"[66,71]\" class=\"word\">eller<\/span> <span id=\"[72,81]\" class=\"word\">aluminium<\/span>.<\/p>\n<p><span id=\"[84,86]\" class=\"word\">1x<\/span> <span id=\"[87,104]\" class=\"word\">overliggerbrakett<\/span> <span id=\"[105,108]\" class=\"word\">per<\/span> <span id=\"[109,115]\" class=\"word\">stolpe<\/span>.<\/p>\n","protected":false},"featured_media":5516,"comment_status":"closed","ping_status":"closed","template":"","meta":{"_acf_changed":false},"product_cat":[32],"product_tag":[92],"composite_virtual":false,"composite_layout":"","composite_add_to_cart_form_location":"","composite_editable_in_cart":false,"composite_sold_individually_context":"","composite_shop_price_calc":"","composite_components":[],"composite_scenarios":[],"acf":[],"yoast_head":"<!-- This site is optimized with the Yoast SEO plugin v22.2 - https:\/\/yoast.com\/wordpress\/plugins\/seo\/ -->\n<title>Monteringsbrakett feste till overlegg Aluminium - Recal Norge<\/title>\n<meta name=\"description\" content=\"Monteringsbrakett i aluminium for gjerdestolpe 70*70 n\u00e5r du \u00f8nsker overligger i tre eller aluminium.\" \/>\n<meta name=\"robots\" content=\"index, follow, max-snippet:-1, max-image-preview:large, max-video-preview:-1\" \/>\n<link rel=\"canonical\" href=\"https:\/\/recal-se.tbwebsite.com\/no\/tilbehor\/monteringsbrakett\/\" \/>\n<meta property=\"og:locale\" content=\"nb_NO\" \/>\n<meta property=\"og:type\" content=\"article\" \/>\n<meta property=\"og:title\" content=\"Monteringsbrakett feste till overlegg Aluminium - Recal Norge\" \/>\n<meta property=\"og:description\" content=\"Monteringsbrakett i aluminium for gjerdestolpe 70*70 n\u00e5r du \u00f8nsker overligger i tre eller aluminium.\" \/>\n<meta property=\"og:url\" content=\"https:\/\/recal-se.tbwebsite.com\/no\/tilbehor\/monteringsbrakett\/\" \/>\n<meta property=\"og:site_name\" content=\"Recal Norge\" \/>\n<meta property=\"article:modified_time\" content=\"2024-02-01T05:48:25+00:00\" \/>\n<meta property=\"og:image\" content=\"https:\/\/recal-se.tbwebsite.com\/no\/wp-content\/uploads\/sites\/5\/2020\/09\/Overliggarfaste-1-2048x2048-1.png\" \/>\n\t<meta property=\"og:image:width\" content=\"1400\" \/>\n\t<meta property=\"og:image:height\" content=\"1400\" \/>\n\t<meta property=\"og:image:type\" content=\"image\/png\" \/>\n<meta name=\"twitter:card\" content=\"summary_large_image\" \/>\n<meta name=\"twitter:label1\" content=\"Ansl. lesetid\" \/>\n\t<meta name=\"twitter:data1\" content=\"1 minutt\" \/>\n<script type=\"application\/ld+json\" class=\"yoast-schema-graph\">{\"@context\":\"https:\/\/schema.org\",\"@graph\":[{\"@type\":\"WebPage\",\"@id\":\"https:\/\/recal-se.tbwebsite.com\/no\/tilbehor\/monteringsbrakett\/\",\"url\":\"https:\/\/recal-se.tbwebsite.com\/no\/tilbehor\/monteringsbrakett\/\",\"name\":\"Monteringsbrakett feste till overlegg Aluminium - Recal Norge\",\"isPartOf\":{\"@id\":\"https:\/\/recal-se.tbwebsite.com\/no\/#website\"},\"primaryImageOfPage\":{\"@id\":\"https:\/\/recal-se.tbwebsite.com\/no\/tilbehor\/monteringsbrakett\/#primaryimage\"},\"image\":{\"@id\":\"https:\/\/recal-se.tbwebsite.com\/no\/tilbehor\/monteringsbrakett\/#primaryimage\"},\"thumbnailUrl\":\"https:\/\/recal-se.tbwebsite.com\/no\/wp-content\/uploads\/sites\/5\/2020\/09\/Overliggarfaste-1-2048x2048-1.png\",\"datePublished\":\"2020-09-01T06:19:24+00:00\",\"dateModified\":\"2024-02-01T05:48:25+00:00\",\"description\":\"Monteringsbrakett i aluminium for gjerdestolpe 70*70 n\u00e5r du \u00f8nsker overligger i tre eller aluminium.\",\"breadcrumb\":{\"@id\":\"https:\/\/recal-se.tbwebsite.com\/no\/tilbehor\/monteringsbrakett\/#breadcrumb\"},\"inLanguage\":\"nb-NO\",\"potentialAction\":[{\"@type\":\"ReadAction\",\"target\":[\"https:\/\/recal-se.tbwebsite.com\/no\/tilbehor\/monteringsbrakett\/\"]}]},{\"@type\":\"ImageObject\",\"inLanguage\":\"nb-NO\",\"@id\":\"https:\/\/recal-se.tbwebsite.com\/no\/tilbehor\/monteringsbrakett\/#primaryimage\",\"url\":\"https:\/\/recal-se.tbwebsite.com\/no\/wp-content\/uploads\/sites\/5\/2020\/09\/Overliggarfaste-1-2048x2048-1.png\",\"contentUrl\":\"https:\/\/recal-se.tbwebsite.com\/no\/wp-content\/uploads\/sites\/5\/2020\/09\/Overliggarfaste-1-2048x2048-1.png\",\"width\":1400,\"height\":1400},{\"@type\":\"BreadcrumbList\",\"@id\":\"https:\/\/recal-se.tbwebsite.com\/no\/tilbehor\/monteringsbrakett\/#breadcrumb\",\"itemListElement\":[{\"@type\":\"ListItem\",\"position\":1,\"name\":\"Home\",\"item\":\"https:\/\/recal-se.tbwebsite.com\/no\/\"},{\"@type\":\"ListItem\",\"position\":2,\"name\":\"Shop\",\"item\":\"https:\/\/recal-se.tbwebsite.com\/no\/shop\/\"},{\"@type\":\"ListItem\",\"position\":3,\"name\":\"Monteringsbrakett feste till overlegg Aluminium\"}]},{\"@type\":\"WebSite\",\"@id\":\"https:\/\/recal-se.tbwebsite.com\/no\/#website\",\"url\":\"https:\/\/recal-se.tbwebsite.com\/no\/\",\"name\":\"Recal Norge\",\"description\":\"Tr\u00e4dg\u00e5rdsprodukter tillverkade i aluminium fr\u00e5n Sm\u00e5land\",\"publisher\":{\"@id\":\"https:\/\/recal-se.tbwebsite.com\/no\/#organization\"},\"potentialAction\":[{\"@type\":\"SearchAction\",\"target\":{\"@type\":\"EntryPoint\",\"urlTemplate\":\"https:\/\/recal-se.tbwebsite.com\/no\/?s={search_term_string}\"},\"query-input\":\"required name=search_term_string\"}],\"inLanguage\":\"nb-NO\"},{\"@type\":\"Organization\",\"@id\":\"https:\/\/recal-se.tbwebsite.com\/no\/#organization\",\"name\":\"Recal Norge\",\"url\":\"https:\/\/recal-se.tbwebsite.com\/no\/\",\"logo\":{\"@type\":\"ImageObject\",\"inLanguage\":\"nb-NO\",\"@id\":\"https:\/\/recal-se.tbwebsite.com\/no\/#\/schema\/logo\/image\/\",\"url\":\"https:\/\/recal-se.tbwebsite.com\/no\/wp-content\/uploads\/sites\/5\/2020\/06\/recal-logotype_svart_1.png\",\"contentUrl\":\"https:\/\/recal-se.tbwebsite.com\/no\/wp-content\/uploads\/sites\/5\/2020\/06\/recal-logotype_svart_1.png\",\"width\":260,\"height\":52,\"caption\":\"Recal Norge\"},\"image\":{\"@id\":\"https:\/\/recal-se.tbwebsite.com\/no\/#\/schema\/logo\/image\/\"}}]}<\/script>\n<!-- \/ Yoast SEO plugin. -->","yoast_head_json":{"title":"Monteringsbrakett feste till overlegg Aluminium - Recal Norge","description":"Monteringsbrakett i aluminium for gjerdestolpe 70*70 n\u00e5r du \u00f8nsker overligger i tre eller aluminium.","robots":{"index":"index","follow":"follow","max-snippet":"max-snippet:-1","max-image-preview":"max-image-preview:large","max-video-preview":"max-video-preview:-1"},"canonical":"https:\/\/recal-se.tbwebsite.com\/no\/tilbehor\/monteringsbrakett\/","og_locale":"nb_NO","og_type":"article","og_title":"Monteringsbrakett feste till overlegg Aluminium - Recal Norge","og_description":"Monteringsbrakett i aluminium for gjerdestolpe 70*70 n\u00e5r du \u00f8nsker overligger i tre eller aluminium.","og_url":"https:\/\/recal-se.tbwebsite.com\/no\/tilbehor\/monteringsbrakett\/","og_site_name":"Recal Norge","article_modified_time":"2024-02-01T05:48:25+00:00","og_image":[{"width":1400,"height":1400,"url":"https:\/\/recal-se.tbwebsite.com\/no\/wp-content\/uploads\/sites\/5\/2020\/09\/Overliggarfaste-1-2048x2048-1.png","type":"image\/png"}],"twitter_card":"summary_large_image","twitter_misc":{"Ansl. lesetid":"1 minutt"},"schema":{"@context":"https:\/\/schema.org","@graph":[{"@type":"WebPage","@id":"https:\/\/recal-se.tbwebsite.com\/no\/tilbehor\/monteringsbrakett\/","url":"https:\/\/recal-se.tbwebsite.com\/no\/tilbehor\/monteringsbrakett\/","name":"Monteringsbrakett feste till overlegg Aluminium - Recal Norge","isPartOf":{"@id":"https:\/\/recal-se.tbwebsite.com\/no\/#website"},"primaryImageOfPage":{"@id":"https:\/\/recal-se.tbwebsite.com\/no\/tilbehor\/monteringsbrakett\/#primaryimage"},"image":{"@id":"https:\/\/recal-se.tbwebsite.com\/no\/tilbehor\/monteringsbrakett\/#primaryimage"},"thumbnailUrl":"https:\/\/recal-se.tbwebsite.com\/no\/wp-content\/uploads\/sites\/5\/2020\/09\/Overliggarfaste-1-2048x2048-1.png","datePublished":"2020-09-01T06:19:24+00:00","dateModified":"2024-02-01T05:48:25+00:00","description":"Monteringsbrakett i aluminium for gjerdestolpe 70*70 n\u00e5r du \u00f8nsker overligger i tre eller aluminium.","breadcrumb":{"@id":"https:\/\/recal-se.tbwebsite.com\/no\/tilbehor\/monteringsbrakett\/#breadcrumb"},"inLanguage":"nb-NO","potentialAction":[{"@type":"ReadAction","target":["https:\/\/recal-se.tbwebsite.com\/no\/tilbehor\/monteringsbrakett\/"]}]},{"@type":"ImageObject","inLanguage":"nb-NO","@id":"https:\/\/recal-se.tbwebsite.com\/no\/tilbehor\/monteringsbrakett\/#primaryimage","url":"https:\/\/recal-se.tbwebsite.com\/no\/wp-content\/uploads\/sites\/5\/2020\/09\/Overliggarfaste-1-2048x2048-1.png","contentUrl":"https:\/\/recal-se.tbwebsite.com\/no\/wp-content\/uploads\/sites\/5\/2020\/09\/Overliggarfaste-1-2048x2048-1.png","width":1400,"height":1400},{"@type":"BreadcrumbList","@id":"https:\/\/recal-se.tbwebsite.com\/no\/tilbehor\/monteringsbrakett\/#breadcrumb","itemListElement":[{"@type":"ListItem","position":1,"name":"Home","item":"https:\/\/recal-se.tbwebsite.com\/no\/"},{"@type":"ListItem","position":2,"name":"Shop","item":"https:\/\/recal-se.tbwebsite.com\/no\/shop\/"},{"@type":"ListItem","position":3,"name":"Monteringsbrakett feste till overlegg Aluminium"}]},{"@type":"WebSite","@id":"https:\/\/recal-se.tbwebsite.com\/no\/#website","url":"https:\/\/recal-se.tbwebsite.com\/no\/","name":"Recal Norge","description":"Tr\u00e4dg\u00e5rdsprodukter tillverkade i aluminium fr\u00e5n Sm\u00e5land","publisher":{"@id":"https:\/\/recal-se.tbwebsite.com\/no\/#organization"},"potentialAction":[{"@type":"SearchAction","target":{"@type":"EntryPoint","urlTemplate":"https:\/\/recal-se.tbwebsite.com\/no\/?s={search_term_string}"},"query-input":"required name=search_term_string"}],"inLanguage":"nb-NO"},{"@type":"Organization","@id":"https:\/\/recal-se.tbwebsite.com\/no\/#organization","name":"Recal Norge","url":"https:\/\/recal-se.tbwebsite.com\/no\/","logo":{"@type":"ImageObject","inLanguage":"nb-NO","@id":"https:\/\/recal-se.tbwebsite.com\/no\/#\/schema\/logo\/image\/","url":"https:\/\/recal-se.tbwebsite.com\/no\/wp-content\/uploads\/sites\/5\/2020\/06\/recal-logotype_svart_1.png","contentUrl":"https:\/\/recal-se.tbwebsite.com\/no\/wp-content\/uploads\/sites\/5\/2020\/06\/recal-logotype_svart_1.png","width":260,"height":52,"caption":"Recal Norge"},"image":{"@id":"https:\/\/recal-se.tbwebsite.com\/no\/#\/schema\/logo\/image\/"}}]}},"_links":{"self":[{"href":"https:\/\/recal-se.tbwebsite.com\/no\/wp-json\/wp\/v2\/product\/780"}],"collection":[{"href":"https:\/\/recal-se.tbwebsite.com\/no\/wp-json\/wp\/v2\/product"}],"about":[{"href":"https:\/\/recal-se.tbwebsite.com\/no\/wp-json\/wp\/v2\/types\/product"}],"replies":[{"embeddable":true,"href":"https:\/\/recal-se.tbwebsite.com\/no\/wp-json\/wp\/v2\/comments?post=780"}],"version-history":[{"count":5,"href":"https:\/\/recal-se.tbwebsite.com\/no\/wp-json\/wp\/v2\/product\/780\/revisions"}],"predecessor-version":[{"id":15029,"href":"https:\/\/recal-se.tbwebsite.com\/no\/wp-json\/wp\/v2\/product\/780\/revisions\/15029"}],"wp:featuredmedia":[{"embeddable":true,"href":"https:\/\/recal-se.tbwebsite.com\/no\/wp-json\/wp\/v2\/media\/5516"}],"wp:attachment":[{"href":"https:\/\/recal-se.tbwebsite.com\/no\/wp-json\/wp\/v2\/media?parent=780"}],"wp:term":[{"taxonomy":"product_cat","embeddable":true,"href":"https:\/\/recal-se.tbwebsite.com\/no\/wp-json\/wp\/v2\/product_cat?post=780"},{"taxonomy":"product_tag","embeddable":true,"href":"https:\/\/recal-se.tbwebsite.com\/no\/wp-json\/wp\/v2\/product_tag?post=780"}],"curies":[{"name":"wp","href":"https:\/\/api.w.org\/{rel}","templated":true}]}}