{"id":724,"date":"2020-06-27T04:09:03","date_gmt":"2020-06-27T04:09:03","guid":{"rendered":"https:\/\/recal-se.tbwebsite.com\/?post_type=product&#038;p=724"},"modified":"2024-02-01T05:40:35","modified_gmt":"2024-02-01T05:40:35","slug":"stolpefot","status":"publish","type":"product","link":"https:\/\/recal-se.tbwebsite.com\/no\/tilbehor\/stolpefot\/","title":{"rendered":"Stolpefot- till Gjerdestolpe"},"content":{"rendered":"<div class=\"BottomBar\">\n<div class=\"icons\">\n<div class=\"Icon Keyboard\" title=\"Display virtual keyboard\"><\/div>\n<div class=\"Icon Copy\" title=\"Copy text\"><span id=\"[0,8]\" class=\"word\">Stolpefot<\/span> <span id=\"[9,10]\" class=\"word\">i<\/span> <span id=\"[11,20]\" class=\"word\">aluminium<\/span> <span id=\"[21,24]\" class=\"word\">for<\/span> <span id=\"[25,34]\" class=\"word\">montering<\/span> <span id=\"[35,37]\" class=\"word\">p\u00e5<\/span> <span id=\"[38,40]\" class=\"word\">f.<\/span> <span id=\"[40,43]\" class=\"word\">eks<\/span>. <span id=\"[45,51]\" class=\"word\">betong<\/span> <span id=\"[52,57]\" class=\"word\">eller<\/span> <span id=\"[58,70]\" class=\"word\">terrassebord<\/span>. <span id=\"[72,77]\" class=\"word\">Denne<\/span> <span id=\"[78,89]\" class=\"word\">stolpefoten<\/span> <span id=\"[90,96]\" class=\"word\">passer<\/span> <span id=\"[97,100]\" class=\"word\">til<\/span> <span id=\"[101,105]\" class=\"word\">alle<\/span> <span id=\"[106,111]\" class=\"word\">Recal<\/span> <span id=\"[112,125]\" class=\"word\">gjerdestolper<\/span>.<\/p>\n<p><span id=\"[128,137]\" class=\"word\">St\u00f8rrelse<\/span>:<\/p>\n<p><span id=\"[140,146]\" class=\"word\">Lengde<\/span> <span id=\"[147,151]\" class=\"word\">13,5<\/span> <span id=\"[152,154]\" class=\"word\">cm<\/span><\/p>\n<p><span id=\"[156,162]\" class=\"word\">Bredde<\/span> <span id=\"[163,164]\" class=\"word\">7<\/span> <span id=\"[165,167]\" class=\"word\">cm<\/span><\/p>\n<p><span id=\"[169,181]\" class=\"word\">Tilgjengelig<\/span> <span id=\"[182,183]\" class=\"word\">i<\/span> <span id=\"[184,187]\" class=\"word\">tre<\/span> <span id=\"[188,200]\" class=\"word\">forskjellige<\/span> <span id=\"[201,207]\" class=\"word\">farger<\/span>. <span id=\"[209,216]\" class=\"word\">Bestill<\/span> <span id=\"[217,218]\" class=\"word\">i<\/span> <span id=\"[219,224]\" class=\"word\">samme<\/span> <span id=\"[225,230]\" class=\"word\">farge<\/span> <span id=\"[231,234]\" class=\"word\">som<\/span> <span id=\"[235,237]\" class=\"word\">du<\/span> <span id=\"[238,247]\" class=\"word\">bestiller<\/span> <span id=\"[248,255]\" class=\"word\">stangen<\/span>.<\/div>\n<\/div>\n<\/div>\n<p>&nbsp;<\/p>\n<p>&nbsp;<\/p>\n","protected":false},"excerpt":{"rendered":"<p><span id=\"[72,77]\" class=\"word\">Denne<\/span> <span id=\"[78,89]\" class=\"word\">stolpefoten<\/span> <span id=\"[90,96]\" class=\"word\">passer<\/span> <span id=\"[97,100]\" class=\"word\">til<\/span> <span id=\"[101,105]\" class=\"word\">alle<\/span> <span id=\"[106,111]\" class=\"word\">Recal<\/span> <span id=\"[112,125]\" class=\"word\">gjerdestolper<\/span>.<\/p>\n<p>&nbsp;<\/p>\n","protected":false},"featured_media":5521,"comment_status":"closed","ping_status":"closed","template":"","meta":{"_acf_changed":false},"product_cat":[198,32],"product_tag":[72],"composite_virtual":false,"composite_layout":"","composite_add_to_cart_form_location":"","composite_editable_in_cart":false,"composite_sold_individually_context":"","composite_shop_price_calc":"","composite_components":[],"composite_scenarios":[],"acf":[],"yoast_head":"<!-- This site is optimized with the Yoast SEO plugin v22.2 - https:\/\/yoast.com\/wordpress\/plugins\/seo\/ -->\n<title>Stolpefot- till Gjerdestolpe i aluminium f\u00f6r montering i betong eller p\u00e5 altand\u00e4ck - Recal Norge<\/title>\n<meta name=\"description\" content=\"Denne stolpefot passer til alle Recal gjerdestolpe.\" \/>\n<meta name=\"robots\" content=\"index, follow, max-snippet:-1, max-image-preview:large, max-video-preview:-1\" \/>\n<link rel=\"canonical\" href=\"https:\/\/recal-se.tbwebsite.com\/no\/tilbehor\/stolpefot\/\" \/>\n<meta property=\"og:locale\" content=\"nb_NO\" \/>\n<meta property=\"og:type\" content=\"article\" \/>\n<meta property=\"og:title\" content=\"Stolpefot- till Gjerdestolpe i aluminium f\u00f6r montering i betong eller p\u00e5 altand\u00e4ck - Recal Norge\" \/>\n<meta property=\"og:description\" content=\"Denne stolpefot passer til alle Recal gjerdestolpe.\" \/>\n<meta property=\"og:url\" content=\"https:\/\/recal-se.tbwebsite.com\/no\/tilbehor\/stolpefot\/\" \/>\n<meta property=\"og:site_name\" content=\"Recal Norge\" \/>\n<meta property=\"article:modified_time\" content=\"2024-02-01T05:40:35+00:00\" \/>\n<meta property=\"og:image\" content=\"https:\/\/recal-se.tbwebsite.com\/no\/wp-content\/uploads\/sites\/5\/2020\/06\/D1A0163-1.png\" \/>\n\t<meta property=\"og:image:width\" content=\"1400\" \/>\n\t<meta property=\"og:image:height\" content=\"1400\" \/>\n\t<meta property=\"og:image:type\" content=\"image\/png\" \/>\n<meta name=\"twitter:card\" content=\"summary_large_image\" \/>\n<meta name=\"twitter:label1\" content=\"Ansl. lesetid\" \/>\n\t<meta name=\"twitter:data1\" content=\"1 minutt\" \/>\n<script type=\"application\/ld+json\" class=\"yoast-schema-graph\">{\"@context\":\"https:\/\/schema.org\",\"@graph\":[{\"@type\":\"WebPage\",\"@id\":\"https:\/\/recal-se.tbwebsite.com\/no\/tilbehor\/stolpefot\/\",\"url\":\"https:\/\/recal-se.tbwebsite.com\/no\/tilbehor\/stolpefot\/\",\"name\":\"Stolpefot- till Gjerdestolpe i aluminium f\u00f6r montering i betong eller p\u00e5 altand\u00e4ck - Recal Norge\",\"isPartOf\":{\"@id\":\"https:\/\/recal-se.tbwebsite.com\/no\/#website\"},\"primaryImageOfPage\":{\"@id\":\"https:\/\/recal-se.tbwebsite.com\/no\/tilbehor\/stolpefot\/#primaryimage\"},\"image\":{\"@id\":\"https:\/\/recal-se.tbwebsite.com\/no\/tilbehor\/stolpefot\/#primaryimage\"},\"thumbnailUrl\":\"https:\/\/recal-se.tbwebsite.com\/no\/wp-content\/uploads\/sites\/5\/2020\/06\/D1A0163-1.png\",\"datePublished\":\"2020-06-27T04:09:03+00:00\",\"dateModified\":\"2024-02-01T05:40:35+00:00\",\"description\":\"Denne stolpefot passer til alle Recal gjerdestolpe.\",\"breadcrumb\":{\"@id\":\"https:\/\/recal-se.tbwebsite.com\/no\/tilbehor\/stolpefot\/#breadcrumb\"},\"inLanguage\":\"nb-NO\",\"potentialAction\":[{\"@type\":\"ReadAction\",\"target\":[\"https:\/\/recal-se.tbwebsite.com\/no\/tilbehor\/stolpefot\/\"]}]},{\"@type\":\"ImageObject\",\"inLanguage\":\"nb-NO\",\"@id\":\"https:\/\/recal-se.tbwebsite.com\/no\/tilbehor\/stolpefot\/#primaryimage\",\"url\":\"https:\/\/recal-se.tbwebsite.com\/no\/wp-content\/uploads\/sites\/5\/2020\/06\/D1A0163-1.png\",\"contentUrl\":\"https:\/\/recal-se.tbwebsite.com\/no\/wp-content\/uploads\/sites\/5\/2020\/06\/D1A0163-1.png\",\"width\":1400,\"height\":1400},{\"@type\":\"BreadcrumbList\",\"@id\":\"https:\/\/recal-se.tbwebsite.com\/no\/tilbehor\/stolpefot\/#breadcrumb\",\"itemListElement\":[{\"@type\":\"ListItem\",\"position\":1,\"name\":\"Home\",\"item\":\"https:\/\/recal-se.tbwebsite.com\/no\/\"},{\"@type\":\"ListItem\",\"position\":2,\"name\":\"Shop\",\"item\":\"https:\/\/recal-se.tbwebsite.com\/no\/shop\/\"},{\"@type\":\"ListItem\",\"position\":3,\"name\":\"Stolpefot- till Gjerdestolpe\"}]},{\"@type\":\"WebSite\",\"@id\":\"https:\/\/recal-se.tbwebsite.com\/no\/#website\",\"url\":\"https:\/\/recal-se.tbwebsite.com\/no\/\",\"name\":\"Recal Norge\",\"description\":\"Tr\u00e4dg\u00e5rdsprodukter tillverkade i aluminium fr\u00e5n Sm\u00e5land\",\"publisher\":{\"@id\":\"https:\/\/recal-se.tbwebsite.com\/no\/#organization\"},\"potentialAction\":[{\"@type\":\"SearchAction\",\"target\":{\"@type\":\"EntryPoint\",\"urlTemplate\":\"https:\/\/recal-se.tbwebsite.com\/no\/?s={search_term_string}\"},\"query-input\":\"required name=search_term_string\"}],\"inLanguage\":\"nb-NO\"},{\"@type\":\"Organization\",\"@id\":\"https:\/\/recal-se.tbwebsite.com\/no\/#organization\",\"name\":\"Recal Norge\",\"url\":\"https:\/\/recal-se.tbwebsite.com\/no\/\",\"logo\":{\"@type\":\"ImageObject\",\"inLanguage\":\"nb-NO\",\"@id\":\"https:\/\/recal-se.tbwebsite.com\/no\/#\/schema\/logo\/image\/\",\"url\":\"https:\/\/recal-se.tbwebsite.com\/no\/wp-content\/uploads\/sites\/5\/2020\/06\/recal-logotype_svart_1.png\",\"contentUrl\":\"https:\/\/recal-se.tbwebsite.com\/no\/wp-content\/uploads\/sites\/5\/2020\/06\/recal-logotype_svart_1.png\",\"width\":260,\"height\":52,\"caption\":\"Recal Norge\"},\"image\":{\"@id\":\"https:\/\/recal-se.tbwebsite.com\/no\/#\/schema\/logo\/image\/\"}}]}<\/script>\n<!-- \/ Yoast SEO plugin. -->","yoast_head_json":{"title":"Stolpefot- till Gjerdestolpe i aluminium f\u00f6r montering i betong eller p\u00e5 altand\u00e4ck - Recal Norge","description":"Denne stolpefot passer til alle Recal gjerdestolpe.","robots":{"index":"index","follow":"follow","max-snippet":"max-snippet:-1","max-image-preview":"max-image-preview:large","max-video-preview":"max-video-preview:-1"},"canonical":"https:\/\/recal-se.tbwebsite.com\/no\/tilbehor\/stolpefot\/","og_locale":"nb_NO","og_type":"article","og_title":"Stolpefot- till Gjerdestolpe i aluminium f\u00f6r montering i betong eller p\u00e5 altand\u00e4ck - Recal Norge","og_description":"Denne stolpefot passer til alle Recal gjerdestolpe.","og_url":"https:\/\/recal-se.tbwebsite.com\/no\/tilbehor\/stolpefot\/","og_site_name":"Recal Norge","article_modified_time":"2024-02-01T05:40:35+00:00","og_image":[{"width":1400,"height":1400,"url":"https:\/\/recal-se.tbwebsite.com\/no\/wp-content\/uploads\/sites\/5\/2020\/06\/D1A0163-1.png","type":"image\/png"}],"twitter_card":"summary_large_image","twitter_misc":{"Ansl. lesetid":"1 minutt"},"schema":{"@context":"https:\/\/schema.org","@graph":[{"@type":"WebPage","@id":"https:\/\/recal-se.tbwebsite.com\/no\/tilbehor\/stolpefot\/","url":"https:\/\/recal-se.tbwebsite.com\/no\/tilbehor\/stolpefot\/","name":"Stolpefot- till Gjerdestolpe i aluminium f\u00f6r montering i betong eller p\u00e5 altand\u00e4ck - Recal Norge","isPartOf":{"@id":"https:\/\/recal-se.tbwebsite.com\/no\/#website"},"primaryImageOfPage":{"@id":"https:\/\/recal-se.tbwebsite.com\/no\/tilbehor\/stolpefot\/#primaryimage"},"image":{"@id":"https:\/\/recal-se.tbwebsite.com\/no\/tilbehor\/stolpefot\/#primaryimage"},"thumbnailUrl":"https:\/\/recal-se.tbwebsite.com\/no\/wp-content\/uploads\/sites\/5\/2020\/06\/D1A0163-1.png","datePublished":"2020-06-27T04:09:03+00:00","dateModified":"2024-02-01T05:40:35+00:00","description":"Denne stolpefot passer til alle Recal gjerdestolpe.","breadcrumb":{"@id":"https:\/\/recal-se.tbwebsite.com\/no\/tilbehor\/stolpefot\/#breadcrumb"},"inLanguage":"nb-NO","potentialAction":[{"@type":"ReadAction","target":["https:\/\/recal-se.tbwebsite.com\/no\/tilbehor\/stolpefot\/"]}]},{"@type":"ImageObject","inLanguage":"nb-NO","@id":"https:\/\/recal-se.tbwebsite.com\/no\/tilbehor\/stolpefot\/#primaryimage","url":"https:\/\/recal-se.tbwebsite.com\/no\/wp-content\/uploads\/sites\/5\/2020\/06\/D1A0163-1.png","contentUrl":"https:\/\/recal-se.tbwebsite.com\/no\/wp-content\/uploads\/sites\/5\/2020\/06\/D1A0163-1.png","width":1400,"height":1400},{"@type":"BreadcrumbList","@id":"https:\/\/recal-se.tbwebsite.com\/no\/tilbehor\/stolpefot\/#breadcrumb","itemListElement":[{"@type":"ListItem","position":1,"name":"Home","item":"https:\/\/recal-se.tbwebsite.com\/no\/"},{"@type":"ListItem","position":2,"name":"Shop","item":"https:\/\/recal-se.tbwebsite.com\/no\/shop\/"},{"@type":"ListItem","position":3,"name":"Stolpefot- till Gjerdestolpe"}]},{"@type":"WebSite","@id":"https:\/\/recal-se.tbwebsite.com\/no\/#website","url":"https:\/\/recal-se.tbwebsite.com\/no\/","name":"Recal Norge","description":"Tr\u00e4dg\u00e5rdsprodukter tillverkade i aluminium fr\u00e5n Sm\u00e5land","publisher":{"@id":"https:\/\/recal-se.tbwebsite.com\/no\/#organization"},"potentialAction":[{"@type":"SearchAction","target":{"@type":"EntryPoint","urlTemplate":"https:\/\/recal-se.tbwebsite.com\/no\/?s={search_term_string}"},"query-input":"required name=search_term_string"}],"inLanguage":"nb-NO"},{"@type":"Organization","@id":"https:\/\/recal-se.tbwebsite.com\/no\/#organization","name":"Recal Norge","url":"https:\/\/recal-se.tbwebsite.com\/no\/","logo":{"@type":"ImageObject","inLanguage":"nb-NO","@id":"https:\/\/recal-se.tbwebsite.com\/no\/#\/schema\/logo\/image\/","url":"https:\/\/recal-se.tbwebsite.com\/no\/wp-content\/uploads\/sites\/5\/2020\/06\/recal-logotype_svart_1.png","contentUrl":"https:\/\/recal-se.tbwebsite.com\/no\/wp-content\/uploads\/sites\/5\/2020\/06\/recal-logotype_svart_1.png","width":260,"height":52,"caption":"Recal Norge"},"image":{"@id":"https:\/\/recal-se.tbwebsite.com\/no\/#\/schema\/logo\/image\/"}}]}},"_links":{"self":[{"href":"https:\/\/recal-se.tbwebsite.com\/no\/wp-json\/wp\/v2\/product\/724"}],"collection":[{"href":"https:\/\/recal-se.tbwebsite.com\/no\/wp-json\/wp\/v2\/product"}],"about":[{"href":"https:\/\/recal-se.tbwebsite.com\/no\/wp-json\/wp\/v2\/types\/product"}],"replies":[{"embeddable":true,"href":"https:\/\/recal-se.tbwebsite.com\/no\/wp-json\/wp\/v2\/comments?post=724"}],"version-history":[{"count":6,"href":"https:\/\/recal-se.tbwebsite.com\/no\/wp-json\/wp\/v2\/product\/724\/revisions"}],"predecessor-version":[{"id":15027,"href":"https:\/\/recal-se.tbwebsite.com\/no\/wp-json\/wp\/v2\/product\/724\/revisions\/15027"}],"wp:featuredmedia":[{"embeddable":true,"href":"https:\/\/recal-se.tbwebsite.com\/no\/wp-json\/wp\/v2\/media\/5521"}],"wp:attachment":[{"href":"https:\/\/recal-se.tbwebsite.com\/no\/wp-json\/wp\/v2\/media?parent=724"}],"wp:term":[{"taxonomy":"product_cat","embeddable":true,"href":"https:\/\/recal-se.tbwebsite.com\/no\/wp-json\/wp\/v2\/product_cat?post=724"},{"taxonomy":"product_tag","embeddable":true,"href":"https:\/\/recal-se.tbwebsite.com\/no\/wp-json\/wp\/v2\/product_tag?post=724"}],"curies":[{"name":"wp","href":"https:\/\/api.w.org\/{rel}","templated":true}]}}