{"id":645,"date":"2020-06-09T10:00:37","date_gmt":"2020-06-09T10:00:37","guid":{"rendered":"https:\/\/recal-se.tbwebsite.com\/?post_type=product&#038;p=645"},"modified":"2024-02-01T05:36:48","modified_gmt":"2024-02-01T05:36:48","slug":"betongskrue","status":"publish","type":"product","link":"https:\/\/recal-se.tbwebsite.com\/no\/tilbehor\/betongskrue\/","title":{"rendered":"Betongskrue till stolpefot"},"content":{"rendered":"<div class=\"Output INFO\" dir=\"ltr\"><span id=\"[0,5]\" class=\"word\">Multi<\/span> <span id=\"[6,11]\" class=\"word\">Monti<\/span> <span id=\"[12,18]\" class=\"word\">7,5&#215;70<\/span> <span id=\"[19,26]\" class=\"word\">Protect<\/span> <span id=\"[27,29]\" class=\"word\">4-<\/span> <span id=\"[30,41]\" class=\"word\">Betongskrue<\/span> <span id=\"[42,43]\" class=\"word\">4<\/span> <span id=\"[44,47]\" class=\"word\">stk<\/span><\/p>\n<p><span id=\"[49,60]\" class=\"word\">Bruksomr\u00e5de<\/span><br \/>\n<span id=\"[61,72]\" class=\"word\">Multi-Monti<\/span> <span id=\"[73,84]\" class=\"word\">betongskrue<\/span> <span id=\"[85,91]\" class=\"word\">brukes<\/span> <span id=\"[92,95]\" class=\"word\">til<\/span> <span id=\"[96,105]\" class=\"word\">montering<\/span> <span id=\"[106,107]\" class=\"word\">i<\/span> <span id=\"[108,114]\" class=\"word\">betong<\/span>, <span id=\"[116,123]\" class=\"word\">direkte<\/span> <span id=\"[124,125]\" class=\"word\">i<\/span> <span id=\"[126,128]\" class=\"word\">et<\/span> <span id=\"[129,137]\" class=\"word\">forboret<\/span> <span id=\"[138,142]\" class=\"word\">hull<\/span> <span id=\"[143,147]\" class=\"word\">uten<\/span> <span id=\"[148,153]\" class=\"word\">plugg<\/span>.<br \/>\n<span id=\"[155,161]\" class=\"word\">Forbor<\/span> <span id=\"[162,168]\" class=\"word\">hullet<\/span> <span id=\"[169,172]\" class=\"word\">med<\/span> <span id=\"[173,175]\" class=\"word\">et<\/span> <span id=\"[176,177]\" class=\"word\">6<\/span> <span id=\"[178,180]\" class=\"word\">mm<\/span> <span id=\"[181,190]\" class=\"word\">betongbor<\/span> <span id=\"[191,194]\" class=\"word\">f\u00f8r<\/span> <span id=\"[195,197]\" class=\"word\">du<\/span> <span id=\"[198,204]\" class=\"word\">fester<\/span> <span id=\"[205,208]\" class=\"word\">det<\/span><br \/>\n<span id=\"[209,220]\" class=\"word\">Beskrivelse<\/span><br \/>\n<span id=\"[221,226]\" class=\"word\">Laget<\/span> <span id=\"[227,229]\" class=\"word\">av<\/span> <span id=\"[230,236]\" class=\"word\">herdet<\/span> <span id=\"[237,241]\" class=\"word\">st\u00e5l<\/span>, <span id=\"[243,252]\" class=\"word\">HP-belagt<\/span>.<br \/>\n<span id=\"[254,264]\" class=\"word\">Skinnetype<\/span>: <span id=\"[266,274]\" class=\"word\">6-kantet<\/span> <span id=\"[275,279]\" class=\"word\">hode<\/span> <span id=\"[280,283]\" class=\"word\">med<\/span> <span id=\"[284,289]\" class=\"word\">flens<\/span><\/div>\n","protected":false},"excerpt":{"rendered":"<p>Multi-Monti-plus fl\u00e4ns- Betongskrue 4st<\/p>\n<p>&nbsp;<\/p>\n","protected":false},"featured_media":5524,"comment_status":"closed","ping_status":"closed","template":"","meta":{"_acf_changed":false},"product_cat":[32],"product_tag":[],"composite_virtual":false,"composite_layout":"","composite_add_to_cart_form_location":"","composite_editable_in_cart":false,"composite_sold_individually_context":"","composite_shop_price_calc":"","composite_components":[],"composite_scenarios":[],"acf":[],"yoast_head":"<!-- This site is optimized with the Yoast SEO plugin v22.2 - https:\/\/yoast.com\/wordpress\/plugins\/seo\/ -->\n<title>Betongskrue till stolpefot - Recal Norge<\/title>\n<meta name=\"description\" content=\"Multi Monti 7,5x70 Protect 4- Betongskrue 4 stkBruksomr\u00e5deMulti-Monti betongskrue brukes til montering i betong, direkte i et forboret hull uten plugg.Forbor hullet med et 6 mm betongbor f\u00f8r du fester detBeskrivelseLaget av herdet st\u00e5l, HP-belagt.Skinnetype: 6-kantet hode med flens\" \/>\n<meta name=\"robots\" content=\"index, follow, max-snippet:-1, max-image-preview:large, max-video-preview:-1\" \/>\n<link rel=\"canonical\" href=\"https:\/\/recal-se.tbwebsite.com\/no\/tilbehor\/betongskrue\/\" \/>\n<meta property=\"og:locale\" content=\"nb_NO\" \/>\n<meta property=\"og:type\" content=\"article\" \/>\n<meta property=\"og:title\" content=\"Betongskrue till stolpefot - Recal Norge\" \/>\n<meta property=\"og:description\" content=\"Multi Monti 7,5x70 Protect 4- Betongskrue 4 stkBruksomr\u00e5deMulti-Monti betongskrue brukes til montering i betong, direkte i et forboret hull uten plugg.Forbor hullet med et 6 mm betongbor f\u00f8r du fester detBeskrivelseLaget av herdet st\u00e5l, HP-belagt.Skinnetype: 6-kantet hode med flens\" \/>\n<meta property=\"og:url\" content=\"https:\/\/recal-se.tbwebsite.com\/no\/tilbehor\/betongskrue\/\" \/>\n<meta property=\"og:site_name\" content=\"Recal Norge\" \/>\n<meta property=\"article:modified_time\" content=\"2024-02-01T05:36:48+00:00\" \/>\n<meta property=\"og:image\" content=\"https:\/\/recal-se.tbwebsite.com\/no\/wp-content\/uploads\/sites\/5\/2020\/06\/107-1200x1200-1.png\" \/>\n\t<meta property=\"og:image:width\" content=\"1563\" \/>\n\t<meta property=\"og:image:height\" content=\"1563\" \/>\n\t<meta property=\"og:image:type\" content=\"image\/png\" \/>\n<meta name=\"twitter:card\" content=\"summary_large_image\" \/>\n<meta name=\"twitter:label1\" content=\"Ansl. lesetid\" \/>\n\t<meta name=\"twitter:data1\" content=\"1 minutt\" \/>\n<script type=\"application\/ld+json\" class=\"yoast-schema-graph\">{\"@context\":\"https:\/\/schema.org\",\"@graph\":[{\"@type\":\"WebPage\",\"@id\":\"https:\/\/recal-se.tbwebsite.com\/no\/tilbehor\/betongskrue\/\",\"url\":\"https:\/\/recal-se.tbwebsite.com\/no\/tilbehor\/betongskrue\/\",\"name\":\"Betongskrue till stolpefot - Recal Norge\",\"isPartOf\":{\"@id\":\"https:\/\/recal-se.tbwebsite.com\/no\/#website\"},\"primaryImageOfPage\":{\"@id\":\"https:\/\/recal-se.tbwebsite.com\/no\/tilbehor\/betongskrue\/#primaryimage\"},\"image\":{\"@id\":\"https:\/\/recal-se.tbwebsite.com\/no\/tilbehor\/betongskrue\/#primaryimage\"},\"thumbnailUrl\":\"https:\/\/recal-se.tbwebsite.com\/no\/wp-content\/uploads\/sites\/5\/2020\/06\/107-1200x1200-1.png\",\"datePublished\":\"2020-06-09T10:00:37+00:00\",\"dateModified\":\"2024-02-01T05:36:48+00:00\",\"description\":\"Multi Monti 7,5x70 Protect 4- Betongskrue 4 stkBruksomr\u00e5deMulti-Monti betongskrue brukes til montering i betong, direkte i et forboret hull uten plugg.Forbor hullet med et 6 mm betongbor f\u00f8r du fester detBeskrivelseLaget av herdet st\u00e5l, HP-belagt.Skinnetype: 6-kantet hode med flens\",\"breadcrumb\":{\"@id\":\"https:\/\/recal-se.tbwebsite.com\/no\/tilbehor\/betongskrue\/#breadcrumb\"},\"inLanguage\":\"nb-NO\",\"potentialAction\":[{\"@type\":\"ReadAction\",\"target\":[\"https:\/\/recal-se.tbwebsite.com\/no\/tilbehor\/betongskrue\/\"]}]},{\"@type\":\"ImageObject\",\"inLanguage\":\"nb-NO\",\"@id\":\"https:\/\/recal-se.tbwebsite.com\/no\/tilbehor\/betongskrue\/#primaryimage\",\"url\":\"https:\/\/recal-se.tbwebsite.com\/no\/wp-content\/uploads\/sites\/5\/2020\/06\/107-1200x1200-1.png\",\"contentUrl\":\"https:\/\/recal-se.tbwebsite.com\/no\/wp-content\/uploads\/sites\/5\/2020\/06\/107-1200x1200-1.png\",\"width\":1563,\"height\":1563},{\"@type\":\"BreadcrumbList\",\"@id\":\"https:\/\/recal-se.tbwebsite.com\/no\/tilbehor\/betongskrue\/#breadcrumb\",\"itemListElement\":[{\"@type\":\"ListItem\",\"position\":1,\"name\":\"Home\",\"item\":\"https:\/\/recal-se.tbwebsite.com\/no\/\"},{\"@type\":\"ListItem\",\"position\":2,\"name\":\"Shop\",\"item\":\"https:\/\/recal-se.tbwebsite.com\/no\/shop\/\"},{\"@type\":\"ListItem\",\"position\":3,\"name\":\"Betongskrue till stolpefot\"}]},{\"@type\":\"WebSite\",\"@id\":\"https:\/\/recal-se.tbwebsite.com\/no\/#website\",\"url\":\"https:\/\/recal-se.tbwebsite.com\/no\/\",\"name\":\"Recal Norge\",\"description\":\"Tr\u00e4dg\u00e5rdsprodukter tillverkade i aluminium fr\u00e5n Sm\u00e5land\",\"publisher\":{\"@id\":\"https:\/\/recal-se.tbwebsite.com\/no\/#organization\"},\"potentialAction\":[{\"@type\":\"SearchAction\",\"target\":{\"@type\":\"EntryPoint\",\"urlTemplate\":\"https:\/\/recal-se.tbwebsite.com\/no\/?s={search_term_string}\"},\"query-input\":\"required name=search_term_string\"}],\"inLanguage\":\"nb-NO\"},{\"@type\":\"Organization\",\"@id\":\"https:\/\/recal-se.tbwebsite.com\/no\/#organization\",\"name\":\"Recal Norge\",\"url\":\"https:\/\/recal-se.tbwebsite.com\/no\/\",\"logo\":{\"@type\":\"ImageObject\",\"inLanguage\":\"nb-NO\",\"@id\":\"https:\/\/recal-se.tbwebsite.com\/no\/#\/schema\/logo\/image\/\",\"url\":\"https:\/\/recal-se.tbwebsite.com\/no\/wp-content\/uploads\/sites\/5\/2020\/06\/recal-logotype_svart_1.png\",\"contentUrl\":\"https:\/\/recal-se.tbwebsite.com\/no\/wp-content\/uploads\/sites\/5\/2020\/06\/recal-logotype_svart_1.png\",\"width\":260,\"height\":52,\"caption\":\"Recal Norge\"},\"image\":{\"@id\":\"https:\/\/recal-se.tbwebsite.com\/no\/#\/schema\/logo\/image\/\"}}]}<\/script>\n<!-- \/ Yoast SEO plugin. -->","yoast_head_json":{"title":"Betongskrue till stolpefot - Recal Norge","description":"Multi Monti 7,5x70 Protect 4- Betongskrue 4 stkBruksomr\u00e5deMulti-Monti betongskrue brukes til montering i betong, direkte i et forboret hull uten plugg.Forbor hullet med et 6 mm betongbor f\u00f8r du fester detBeskrivelseLaget av herdet st\u00e5l, HP-belagt.Skinnetype: 6-kantet hode med flens","robots":{"index":"index","follow":"follow","max-snippet":"max-snippet:-1","max-image-preview":"max-image-preview:large","max-video-preview":"max-video-preview:-1"},"canonical":"https:\/\/recal-se.tbwebsite.com\/no\/tilbehor\/betongskrue\/","og_locale":"nb_NO","og_type":"article","og_title":"Betongskrue till stolpefot - Recal Norge","og_description":"Multi Monti 7,5x70 Protect 4- Betongskrue 4 stkBruksomr\u00e5deMulti-Monti betongskrue brukes til montering i betong, direkte i et forboret hull uten plugg.Forbor hullet med et 6 mm betongbor f\u00f8r du fester detBeskrivelseLaget av herdet st\u00e5l, HP-belagt.Skinnetype: 6-kantet hode med flens","og_url":"https:\/\/recal-se.tbwebsite.com\/no\/tilbehor\/betongskrue\/","og_site_name":"Recal Norge","article_modified_time":"2024-02-01T05:36:48+00:00","og_image":[{"width":1563,"height":1563,"url":"https:\/\/recal-se.tbwebsite.com\/no\/wp-content\/uploads\/sites\/5\/2020\/06\/107-1200x1200-1.png","type":"image\/png"}],"twitter_card":"summary_large_image","twitter_misc":{"Ansl. lesetid":"1 minutt"},"schema":{"@context":"https:\/\/schema.org","@graph":[{"@type":"WebPage","@id":"https:\/\/recal-se.tbwebsite.com\/no\/tilbehor\/betongskrue\/","url":"https:\/\/recal-se.tbwebsite.com\/no\/tilbehor\/betongskrue\/","name":"Betongskrue till stolpefot - Recal Norge","isPartOf":{"@id":"https:\/\/recal-se.tbwebsite.com\/no\/#website"},"primaryImageOfPage":{"@id":"https:\/\/recal-se.tbwebsite.com\/no\/tilbehor\/betongskrue\/#primaryimage"},"image":{"@id":"https:\/\/recal-se.tbwebsite.com\/no\/tilbehor\/betongskrue\/#primaryimage"},"thumbnailUrl":"https:\/\/recal-se.tbwebsite.com\/no\/wp-content\/uploads\/sites\/5\/2020\/06\/107-1200x1200-1.png","datePublished":"2020-06-09T10:00:37+00:00","dateModified":"2024-02-01T05:36:48+00:00","description":"Multi Monti 7,5x70 Protect 4- Betongskrue 4 stkBruksomr\u00e5deMulti-Monti betongskrue brukes til montering i betong, direkte i et forboret hull uten plugg.Forbor hullet med et 6 mm betongbor f\u00f8r du fester detBeskrivelseLaget av herdet st\u00e5l, HP-belagt.Skinnetype: 6-kantet hode med flens","breadcrumb":{"@id":"https:\/\/recal-se.tbwebsite.com\/no\/tilbehor\/betongskrue\/#breadcrumb"},"inLanguage":"nb-NO","potentialAction":[{"@type":"ReadAction","target":["https:\/\/recal-se.tbwebsite.com\/no\/tilbehor\/betongskrue\/"]}]},{"@type":"ImageObject","inLanguage":"nb-NO","@id":"https:\/\/recal-se.tbwebsite.com\/no\/tilbehor\/betongskrue\/#primaryimage","url":"https:\/\/recal-se.tbwebsite.com\/no\/wp-content\/uploads\/sites\/5\/2020\/06\/107-1200x1200-1.png","contentUrl":"https:\/\/recal-se.tbwebsite.com\/no\/wp-content\/uploads\/sites\/5\/2020\/06\/107-1200x1200-1.png","width":1563,"height":1563},{"@type":"BreadcrumbList","@id":"https:\/\/recal-se.tbwebsite.com\/no\/tilbehor\/betongskrue\/#breadcrumb","itemListElement":[{"@type":"ListItem","position":1,"name":"Home","item":"https:\/\/recal-se.tbwebsite.com\/no\/"},{"@type":"ListItem","position":2,"name":"Shop","item":"https:\/\/recal-se.tbwebsite.com\/no\/shop\/"},{"@type":"ListItem","position":3,"name":"Betongskrue till stolpefot"}]},{"@type":"WebSite","@id":"https:\/\/recal-se.tbwebsite.com\/no\/#website","url":"https:\/\/recal-se.tbwebsite.com\/no\/","name":"Recal Norge","description":"Tr\u00e4dg\u00e5rdsprodukter tillverkade i aluminium fr\u00e5n Sm\u00e5land","publisher":{"@id":"https:\/\/recal-se.tbwebsite.com\/no\/#organization"},"potentialAction":[{"@type":"SearchAction","target":{"@type":"EntryPoint","urlTemplate":"https:\/\/recal-se.tbwebsite.com\/no\/?s={search_term_string}"},"query-input":"required name=search_term_string"}],"inLanguage":"nb-NO"},{"@type":"Organization","@id":"https:\/\/recal-se.tbwebsite.com\/no\/#organization","name":"Recal Norge","url":"https:\/\/recal-se.tbwebsite.com\/no\/","logo":{"@type":"ImageObject","inLanguage":"nb-NO","@id":"https:\/\/recal-se.tbwebsite.com\/no\/#\/schema\/logo\/image\/","url":"https:\/\/recal-se.tbwebsite.com\/no\/wp-content\/uploads\/sites\/5\/2020\/06\/recal-logotype_svart_1.png","contentUrl":"https:\/\/recal-se.tbwebsite.com\/no\/wp-content\/uploads\/sites\/5\/2020\/06\/recal-logotype_svart_1.png","width":260,"height":52,"caption":"Recal Norge"},"image":{"@id":"https:\/\/recal-se.tbwebsite.com\/no\/#\/schema\/logo\/image\/"}}]}},"_links":{"self":[{"href":"https:\/\/recal-se.tbwebsite.com\/no\/wp-json\/wp\/v2\/product\/645"}],"collection":[{"href":"https:\/\/recal-se.tbwebsite.com\/no\/wp-json\/wp\/v2\/product"}],"about":[{"href":"https:\/\/recal-se.tbwebsite.com\/no\/wp-json\/wp\/v2\/types\/product"}],"replies":[{"embeddable":true,"href":"https:\/\/recal-se.tbwebsite.com\/no\/wp-json\/wp\/v2\/comments?post=645"}],"version-history":[{"count":5,"href":"https:\/\/recal-se.tbwebsite.com\/no\/wp-json\/wp\/v2\/product\/645\/revisions"}],"predecessor-version":[{"id":15026,"href":"https:\/\/recal-se.tbwebsite.com\/no\/wp-json\/wp\/v2\/product\/645\/revisions\/15026"}],"wp:featuredmedia":[{"embeddable":true,"href":"https:\/\/recal-se.tbwebsite.com\/no\/wp-json\/wp\/v2\/media\/5524"}],"wp:attachment":[{"href":"https:\/\/recal-se.tbwebsite.com\/no\/wp-json\/wp\/v2\/media?parent=645"}],"wp:term":[{"taxonomy":"product_cat","embeddable":true,"href":"https:\/\/recal-se.tbwebsite.com\/no\/wp-json\/wp\/v2\/product_cat?post=645"},{"taxonomy":"product_tag","embeddable":true,"href":"https:\/\/recal-se.tbwebsite.com\/no\/wp-json\/wp\/v2\/product_tag?post=645"}],"curies":[{"name":"wp","href":"https:\/\/api.w.org\/{rel}","templated":true}]}}