{"id":641,"date":"2020-06-09T09:08:57","date_gmt":"2020-06-09T09:08:57","guid":{"rendered":"https:\/\/recal-se.tbwebsite.com\/?post_type=product&#038;p=641"},"modified":"2024-01-31T09:12:48","modified_gmt":"2024-01-31T09:12:48","slug":"hexagon-treskrue-4-pack","status":"publish","type":"product","link":"https:\/\/recal-se.tbwebsite.com\/no\/tilbehor\/hexagon-treskrue-4-pack\/","title":{"rendered":"TRESKRUE TIL STOLPEFOT 8X75MM 4STK"},"content":{"rendered":"<div class=\"Output INFO\" dir=\"ltr\">\n<p><span id=\"[0,10]\" class=\"word\">Hexagon<\/span> <span id=\"[11,19]\" class=\"word\">treskrue<\/span> <span id=\"[20,23]\" class=\"word\">for<\/span> <span id=\"[24,33]\" class=\"word\">montering<\/span> <span id=\"[34,36]\" class=\"word\">av<\/span> <span id=\"[37,39]\" class=\"word\">en<\/span> <span id=\"[40,43]\" class=\"word\">fot<\/span> <span id=\"[44,45]\" class=\"word\">i<\/span> <span id=\"[46,48]\" class=\"word\">terasse<\/span>.<\/p>\n<p><span id=\"[61,73]\" class=\"word\">Tilgjengelig<\/span> <span id=\"[74,75]\" class=\"word\">i<\/span> <span id=\"[76,79]\" class=\"word\">tre<\/span> <span id=\"[80,92]\" class=\"word\">forskjellige<\/span> <span id=\"[93,99]\" class=\"word\">farger<\/span>. <span id=\"[101,108]\" class=\"word\">Bestill<\/span> <span id=\"[109,110]\" class=\"word\">i<\/span> <span id=\"[111,116]\" class=\"word\">samme<\/span> <span id=\"[117,122]\" class=\"word\">farge<\/span> <span id=\"[123,126]\" class=\"word\">som<\/span> <span id=\"[127,129]\" class=\"word\">du<\/span> <span id=\"[130,139]\" class=\"word\">bestiller<\/span> <span id=\"[140,147]\" class=\"word\">stangen<\/span>.<\/p>\n<p><span id=\"[150,161]\" class=\"word\">Dimensjoner<\/span> <span id=\"[162,166]\" class=\"word\">8&#215;75<\/span><\/p>\n<p><span id=\"[169,170]\" class=\"word\">4<\/span> <span id=\"[171,174]\" class=\"word\">stk<\/span>\/<span id=\"[175,179]\" class=\"word\">pose<\/span><\/p>\n<\/div>\n<p>&nbsp;<\/p>\n<p>&nbsp;<\/p>\n","protected":false},"excerpt":{"rendered":"<p><strong>Skrue til treunderlag<\/strong><\/p>\n<p>Treskrue for montering av stolpesko i treunderlag.<\/p>\n<p><strong>Teknisk informasjon<\/strong><br \/>\nAntall: 4 stk<br \/>\nM\u00e5l: 8&#215;75 mm<\/p>\n","protected":false},"featured_media":5526,"comment_status":"closed","ping_status":"closed","template":"","meta":{"_acf_changed":false},"product_cat":[32],"product_tag":[67],"composite_virtual":false,"composite_layout":"","composite_add_to_cart_form_location":"","composite_editable_in_cart":false,"composite_sold_individually_context":"","composite_shop_price_calc":"","composite_components":[],"composite_scenarios":[],"acf":[],"yoast_head":"<!-- This site is optimized with the Yoast SEO plugin v22.2 - https:\/\/yoast.com\/wordpress\/plugins\/seo\/ -->\n<title>TRESKRUE TIL STOLPEFOT 8X75MM 4STK - Recal Norge<\/title>\n<meta name=\"description\" content=\"Skrue til treunderlag.Treskrue for montering av stolpesko i treunderlag.4-pack.\" \/>\n<meta name=\"robots\" content=\"index, follow, max-snippet:-1, max-image-preview:large, max-video-preview:-1\" \/>\n<link rel=\"canonical\" href=\"https:\/\/recal-se.tbwebsite.com\/no\/tilbehor\/hexagon-treskrue-4-pack\/\" \/>\n<meta property=\"og:locale\" content=\"nb_NO\" \/>\n<meta property=\"og:type\" content=\"article\" \/>\n<meta property=\"og:title\" content=\"TRESKRUE TIL STOLPEFOT 8X75MM 4STK - Recal Norge\" \/>\n<meta property=\"og:description\" content=\"Skrue til treunderlag.Treskrue for montering av stolpesko i treunderlag.4-pack.\" \/>\n<meta property=\"og:url\" content=\"https:\/\/recal-se.tbwebsite.com\/no\/tilbehor\/hexagon-treskrue-4-pack\/\" \/>\n<meta property=\"og:site_name\" content=\"Recal Norge\" \/>\n<meta property=\"article:modified_time\" content=\"2024-01-31T09:12:48+00:00\" \/>\n<meta property=\"og:image\" content=\"https:\/\/recal-se.tbwebsite.com\/no\/wp-content\/uploads\/sites\/5\/2020\/06\/106-2048x2048-1.png\" \/>\n\t<meta property=\"og:image:width\" content=\"1400\" \/>\n\t<meta property=\"og:image:height\" content=\"1400\" \/>\n\t<meta property=\"og:image:type\" content=\"image\/png\" \/>\n<meta name=\"twitter:card\" content=\"summary_large_image\" \/>\n<meta name=\"twitter:label1\" content=\"Ansl. lesetid\" \/>\n\t<meta name=\"twitter:data1\" content=\"1 minutt\" \/>\n<script type=\"application\/ld+json\" class=\"yoast-schema-graph\">{\"@context\":\"https:\/\/schema.org\",\"@graph\":[{\"@type\":\"WebPage\",\"@id\":\"https:\/\/recal-se.tbwebsite.com\/no\/tilbehor\/hexagon-treskrue-4-pack\/\",\"url\":\"https:\/\/recal-se.tbwebsite.com\/no\/tilbehor\/hexagon-treskrue-4-pack\/\",\"name\":\"TRESKRUE TIL STOLPEFOT 8X75MM 4STK - Recal Norge\",\"isPartOf\":{\"@id\":\"https:\/\/recal-se.tbwebsite.com\/no\/#website\"},\"primaryImageOfPage\":{\"@id\":\"https:\/\/recal-se.tbwebsite.com\/no\/tilbehor\/hexagon-treskrue-4-pack\/#primaryimage\"},\"image\":{\"@id\":\"https:\/\/recal-se.tbwebsite.com\/no\/tilbehor\/hexagon-treskrue-4-pack\/#primaryimage\"},\"thumbnailUrl\":\"https:\/\/recal-se.tbwebsite.com\/no\/wp-content\/uploads\/sites\/5\/2020\/06\/106-2048x2048-1.png\",\"datePublished\":\"2020-06-09T09:08:57+00:00\",\"dateModified\":\"2024-01-31T09:12:48+00:00\",\"description\":\"Skrue til treunderlag.Treskrue for montering av stolpesko i treunderlag.4-pack.\",\"breadcrumb\":{\"@id\":\"https:\/\/recal-se.tbwebsite.com\/no\/tilbehor\/hexagon-treskrue-4-pack\/#breadcrumb\"},\"inLanguage\":\"nb-NO\",\"potentialAction\":[{\"@type\":\"ReadAction\",\"target\":[\"https:\/\/recal-se.tbwebsite.com\/no\/tilbehor\/hexagon-treskrue-4-pack\/\"]}]},{\"@type\":\"ImageObject\",\"inLanguage\":\"nb-NO\",\"@id\":\"https:\/\/recal-se.tbwebsite.com\/no\/tilbehor\/hexagon-treskrue-4-pack\/#primaryimage\",\"url\":\"https:\/\/recal-se.tbwebsite.com\/no\/wp-content\/uploads\/sites\/5\/2020\/06\/106-2048x2048-1.png\",\"contentUrl\":\"https:\/\/recal-se.tbwebsite.com\/no\/wp-content\/uploads\/sites\/5\/2020\/06\/106-2048x2048-1.png\",\"width\":1400,\"height\":1400},{\"@type\":\"BreadcrumbList\",\"@id\":\"https:\/\/recal-se.tbwebsite.com\/no\/tilbehor\/hexagon-treskrue-4-pack\/#breadcrumb\",\"itemListElement\":[{\"@type\":\"ListItem\",\"position\":1,\"name\":\"Home\",\"item\":\"https:\/\/recal-se.tbwebsite.com\/no\/\"},{\"@type\":\"ListItem\",\"position\":2,\"name\":\"Shop\",\"item\":\"https:\/\/recal-se.tbwebsite.com\/no\/shop\/\"},{\"@type\":\"ListItem\",\"position\":3,\"name\":\"TRESKRUE TIL STOLPEFOT 8X75MM 4STK\"}]},{\"@type\":\"WebSite\",\"@id\":\"https:\/\/recal-se.tbwebsite.com\/no\/#website\",\"url\":\"https:\/\/recal-se.tbwebsite.com\/no\/\",\"name\":\"Recal Norge\",\"description\":\"Tr\u00e4dg\u00e5rdsprodukter tillverkade i aluminium fr\u00e5n Sm\u00e5land\",\"publisher\":{\"@id\":\"https:\/\/recal-se.tbwebsite.com\/no\/#organization\"},\"potentialAction\":[{\"@type\":\"SearchAction\",\"target\":{\"@type\":\"EntryPoint\",\"urlTemplate\":\"https:\/\/recal-se.tbwebsite.com\/no\/?s={search_term_string}\"},\"query-input\":\"required name=search_term_string\"}],\"inLanguage\":\"nb-NO\"},{\"@type\":\"Organization\",\"@id\":\"https:\/\/recal-se.tbwebsite.com\/no\/#organization\",\"name\":\"Recal Norge\",\"url\":\"https:\/\/recal-se.tbwebsite.com\/no\/\",\"logo\":{\"@type\":\"ImageObject\",\"inLanguage\":\"nb-NO\",\"@id\":\"https:\/\/recal-se.tbwebsite.com\/no\/#\/schema\/logo\/image\/\",\"url\":\"https:\/\/recal-se.tbwebsite.com\/no\/wp-content\/uploads\/sites\/5\/2020\/06\/recal-logotype_svart_1.png\",\"contentUrl\":\"https:\/\/recal-se.tbwebsite.com\/no\/wp-content\/uploads\/sites\/5\/2020\/06\/recal-logotype_svart_1.png\",\"width\":260,\"height\":52,\"caption\":\"Recal Norge\"},\"image\":{\"@id\":\"https:\/\/recal-se.tbwebsite.com\/no\/#\/schema\/logo\/image\/\"}}]}<\/script>\n<!-- \/ Yoast SEO plugin. -->","yoast_head_json":{"title":"TRESKRUE TIL STOLPEFOT 8X75MM 4STK - Recal Norge","description":"Skrue til treunderlag.Treskrue for montering av stolpesko i treunderlag.4-pack.","robots":{"index":"index","follow":"follow","max-snippet":"max-snippet:-1","max-image-preview":"max-image-preview:large","max-video-preview":"max-video-preview:-1"},"canonical":"https:\/\/recal-se.tbwebsite.com\/no\/tilbehor\/hexagon-treskrue-4-pack\/","og_locale":"nb_NO","og_type":"article","og_title":"TRESKRUE TIL STOLPEFOT 8X75MM 4STK - Recal Norge","og_description":"Skrue til treunderlag.Treskrue for montering av stolpesko i treunderlag.4-pack.","og_url":"https:\/\/recal-se.tbwebsite.com\/no\/tilbehor\/hexagon-treskrue-4-pack\/","og_site_name":"Recal Norge","article_modified_time":"2024-01-31T09:12:48+00:00","og_image":[{"width":1400,"height":1400,"url":"https:\/\/recal-se.tbwebsite.com\/no\/wp-content\/uploads\/sites\/5\/2020\/06\/106-2048x2048-1.png","type":"image\/png"}],"twitter_card":"summary_large_image","twitter_misc":{"Ansl. lesetid":"1 minutt"},"schema":{"@context":"https:\/\/schema.org","@graph":[{"@type":"WebPage","@id":"https:\/\/recal-se.tbwebsite.com\/no\/tilbehor\/hexagon-treskrue-4-pack\/","url":"https:\/\/recal-se.tbwebsite.com\/no\/tilbehor\/hexagon-treskrue-4-pack\/","name":"TRESKRUE TIL STOLPEFOT 8X75MM 4STK - Recal Norge","isPartOf":{"@id":"https:\/\/recal-se.tbwebsite.com\/no\/#website"},"primaryImageOfPage":{"@id":"https:\/\/recal-se.tbwebsite.com\/no\/tilbehor\/hexagon-treskrue-4-pack\/#primaryimage"},"image":{"@id":"https:\/\/recal-se.tbwebsite.com\/no\/tilbehor\/hexagon-treskrue-4-pack\/#primaryimage"},"thumbnailUrl":"https:\/\/recal-se.tbwebsite.com\/no\/wp-content\/uploads\/sites\/5\/2020\/06\/106-2048x2048-1.png","datePublished":"2020-06-09T09:08:57+00:00","dateModified":"2024-01-31T09:12:48+00:00","description":"Skrue til treunderlag.Treskrue for montering av stolpesko i treunderlag.4-pack.","breadcrumb":{"@id":"https:\/\/recal-se.tbwebsite.com\/no\/tilbehor\/hexagon-treskrue-4-pack\/#breadcrumb"},"inLanguage":"nb-NO","potentialAction":[{"@type":"ReadAction","target":["https:\/\/recal-se.tbwebsite.com\/no\/tilbehor\/hexagon-treskrue-4-pack\/"]}]},{"@type":"ImageObject","inLanguage":"nb-NO","@id":"https:\/\/recal-se.tbwebsite.com\/no\/tilbehor\/hexagon-treskrue-4-pack\/#primaryimage","url":"https:\/\/recal-se.tbwebsite.com\/no\/wp-content\/uploads\/sites\/5\/2020\/06\/106-2048x2048-1.png","contentUrl":"https:\/\/recal-se.tbwebsite.com\/no\/wp-content\/uploads\/sites\/5\/2020\/06\/106-2048x2048-1.png","width":1400,"height":1400},{"@type":"BreadcrumbList","@id":"https:\/\/recal-se.tbwebsite.com\/no\/tilbehor\/hexagon-treskrue-4-pack\/#breadcrumb","itemListElement":[{"@type":"ListItem","position":1,"name":"Home","item":"https:\/\/recal-se.tbwebsite.com\/no\/"},{"@type":"ListItem","position":2,"name":"Shop","item":"https:\/\/recal-se.tbwebsite.com\/no\/shop\/"},{"@type":"ListItem","position":3,"name":"TRESKRUE TIL STOLPEFOT 8X75MM 4STK"}]},{"@type":"WebSite","@id":"https:\/\/recal-se.tbwebsite.com\/no\/#website","url":"https:\/\/recal-se.tbwebsite.com\/no\/","name":"Recal Norge","description":"Tr\u00e4dg\u00e5rdsprodukter tillverkade i aluminium fr\u00e5n Sm\u00e5land","publisher":{"@id":"https:\/\/recal-se.tbwebsite.com\/no\/#organization"},"potentialAction":[{"@type":"SearchAction","target":{"@type":"EntryPoint","urlTemplate":"https:\/\/recal-se.tbwebsite.com\/no\/?s={search_term_string}"},"query-input":"required name=search_term_string"}],"inLanguage":"nb-NO"},{"@type":"Organization","@id":"https:\/\/recal-se.tbwebsite.com\/no\/#organization","name":"Recal Norge","url":"https:\/\/recal-se.tbwebsite.com\/no\/","logo":{"@type":"ImageObject","inLanguage":"nb-NO","@id":"https:\/\/recal-se.tbwebsite.com\/no\/#\/schema\/logo\/image\/","url":"https:\/\/recal-se.tbwebsite.com\/no\/wp-content\/uploads\/sites\/5\/2020\/06\/recal-logotype_svart_1.png","contentUrl":"https:\/\/recal-se.tbwebsite.com\/no\/wp-content\/uploads\/sites\/5\/2020\/06\/recal-logotype_svart_1.png","width":260,"height":52,"caption":"Recal Norge"},"image":{"@id":"https:\/\/recal-se.tbwebsite.com\/no\/#\/schema\/logo\/image\/"}}]}},"_links":{"self":[{"href":"https:\/\/recal-se.tbwebsite.com\/no\/wp-json\/wp\/v2\/product\/641"}],"collection":[{"href":"https:\/\/recal-se.tbwebsite.com\/no\/wp-json\/wp\/v2\/product"}],"about":[{"href":"https:\/\/recal-se.tbwebsite.com\/no\/wp-json\/wp\/v2\/types\/product"}],"replies":[{"embeddable":true,"href":"https:\/\/recal-se.tbwebsite.com\/no\/wp-json\/wp\/v2\/comments?post=641"}],"version-history":[{"count":6,"href":"https:\/\/recal-se.tbwebsite.com\/no\/wp-json\/wp\/v2\/product\/641\/revisions"}],"predecessor-version":[{"id":14995,"href":"https:\/\/recal-se.tbwebsite.com\/no\/wp-json\/wp\/v2\/product\/641\/revisions\/14995"}],"wp:featuredmedia":[{"embeddable":true,"href":"https:\/\/recal-se.tbwebsite.com\/no\/wp-json\/wp\/v2\/media\/5526"}],"wp:attachment":[{"href":"https:\/\/recal-se.tbwebsite.com\/no\/wp-json\/wp\/v2\/media?parent=641"}],"wp:term":[{"taxonomy":"product_cat","embeddable":true,"href":"https:\/\/recal-se.tbwebsite.com\/no\/wp-json\/wp\/v2\/product_cat?post=641"},{"taxonomy":"product_tag","embeddable":true,"href":"https:\/\/recal-se.tbwebsite.com\/no\/wp-json\/wp\/v2\/product_tag?post=641"}],"curies":[{"name":"wp","href":"https:\/\/api.w.org\/{rel}","templated":true}]}}