{"id":623,"date":"2020-06-05T12:33:38","date_gmt":"2020-06-05T12:33:38","guid":{"rendered":"https:\/\/recal-se.tbwebsite.com\/?post_type=product&#038;p=623"},"modified":"2024-01-31T08:57:02","modified_gmt":"2024-01-31T08:57:02","slug":"stolpehatt-aluminium","status":"publish","type":"product","link":"https:\/\/recal-se.tbwebsite.com\/no\/tilbehor\/stolpehatt-aluminium\/","title":{"rendered":"Stolphatt &#8211; Aluminium"},"content":{"rendered":"<div class=\"Input\">\n<div class=\"ClearBtn\" title=\"Clear\"><\/div>\n<\/div>\n<div class=\"Output INFO\" dir=\"ltr\">\n<p><span id=\"[0,5]\" class=\"word\">Solid<\/span> <span id=\"[6,16]\" class=\"word\">stolpehatt<\/span> <span id=\"[17,18]\" class=\"word\">i<\/span> <span id=\"[19,28]\" class=\"word\">aluminium<\/span> <span id=\"[29,32]\" class=\"word\">som<\/span> <span id=\"[33,36]\" class=\"word\">gir<\/span> <span id=\"[37,44]\" class=\"word\">gjerdet<\/span> <span id=\"[45,49]\" class=\"word\">ditt<\/span> <span id=\"[50,52]\" class=\"word\">en<\/span> <span id=\"[53,57]\" class=\"word\">ekte<\/span> <span id=\"[58,74]\" class=\"word\">kvalitetsf\u00f8lelse<\/span>.<\/p>\n<p><span id=\"[77,85]\" class=\"word\">Selvsagt<\/span> <span id=\"[86,95]\" class=\"word\">produsert<\/span> <span id=\"[96,98]\" class=\"word\">p\u00e5<\/span> <span id=\"[99,102]\" class=\"word\">v\u00e5r<\/span> <span id=\"[103,107]\" class=\"word\">egen<\/span> <span id=\"[108,115]\" class=\"word\">fabrikk<\/span> <span id=\"[116,117]\" class=\"word\">i<\/span> <span id=\"[118,125]\" class=\"word\">Sm\u00e5land, Sverige<\/span>!<\/p>\n<p><span id=\"[128,139]\" class=\"word\">Dimensjoner<\/span>: <span id=\"[141,147]\" class=\"word\">Passer<\/span> <span id=\"[148,151]\" class=\"word\">til<\/span> <span id=\"[152,156]\" class=\"word\">alle<\/span> <span id=\"[157,161]\" class=\"word\">v\u00e5re<\/span> <span id=\"[162,169]\" class=\"word\">gjerder<\/span> <span id=\"[170,173]\" class=\"word\">med<\/span> <span id=\"[174,175]\" class=\"word\">2<\/span> <span id=\"[176,178]\" class=\"word\">mm<\/span> <span id=\"[179,188]\" class=\"word\">materiale<\/span>.<\/p>\n<p><span id=\"[191,203]\" class=\"word\">Tilgjengelig<\/span> <span id=\"[204,205]\" class=\"word\">i<\/span> <span id=\"[206,220]\" class=\"word\">naturanodisert<\/span> <span id=\"[221,223]\" class=\"word\">og<\/span> <span id=\"[224,232]\" class=\"word\">deretter<\/span> <span id=\"[233,240]\" class=\"word\">lakkert<\/span> <span id=\"[241,245]\" class=\"word\">hvit<\/span> (<span id=\"[247,250]\" class=\"word\">RAL<\/span> <span id=\"[251,255]\" class=\"word\">9010<\/span>) <span id=\"[257,259]\" class=\"word\">og<\/span> <span id=\"[260,264]\" class=\"word\">matt<\/span> <span id=\"[265,270]\" class=\"word\">svart<\/span> (<span id=\"[272,275]\" class=\"word\">RAL<\/span> <span id=\"[276,277]\" class=\"word\">)<\/span><\/p>\n<\/div>\n<p>&nbsp;<\/p>\n<p>&nbsp;<\/p>\n","protected":false},"excerpt":{"rendered":"<div class=\"Input\">\n<div class=\"ClearBtn\" title=\"Clear\"><\/div>\n<\/div>\n<div class=\"Output INFO\" dir=\"ltr\">\n<p><span id=\"[0,5]\" class=\"word\">Solid<\/span> <span id=\"[6,16]\" class=\"word\">stolpehatt<\/span> <span id=\"[17,18]\" class=\"word\">i<\/span> <span id=\"[19,28]\" class=\"word\">aluminium<\/span> <span id=\"[29,32]\" class=\"word\">som<\/span> <span id=\"[33,36]\" class=\"word\">gir<\/span> <span id=\"[37,44]\" class=\"word\">gjerdet<\/span> <span id=\"[45,49]\" class=\"word\">ditt<\/span> <span id=\"[50,52]\" class=\"word\">en<\/span> <span id=\"[53,57]\" class=\"word\">ekte<\/span> <span id=\"[58,74]\" class=\"word\">kvalitetsf\u00f8lelse<\/span>.<\/p>\n<p><span id=\"[128,139]\" class=\"word\">Dimensjoner<\/span>: <span id=\"[141,147]\" class=\"word\">Passer<\/span> <span id=\"[148,151]\" class=\"word\">til<\/span> <span id=\"[152,156]\" class=\"word\">alle<\/span> <span id=\"[157,161]\" class=\"word\">v\u00e5re<\/span> <span id=\"[162,169]\" class=\"word\">gjerder<\/span> <span id=\"[170,173]\" class=\"word\">med<\/span> <span id=\"[174,175]\" class=\"word\">2<\/span> <span id=\"[176,178]\" class=\"word\">mm<\/span> <span id=\"[179,188]\" class=\"word\">materiale<\/span>.<\/p>\n<p><span id=\"[191,203]\" class=\"word\">Tilgjengelig<\/span> <span id=\"[204,205]\" class=\"word\">i<\/span> <span id=\"[206,220]\" class=\"word\">naturanodisert<\/span> <span id=\"[221,223]\" class=\"word\">og<\/span> <span id=\"[224,232]\" class=\"word\">deretter<\/span> <span id=\"[233,240]\" class=\"word\">lakkert<\/span> <span id=\"[241,245]\" class=\"word\">hvit<\/span> (<span id=\"[247,250]\" class=\"word\">RAL<\/span> <span id=\"[251,255]\" class=\"word\">9010<\/span>) <span id=\"[257,259]\" class=\"word\">og<\/span> <span id=\"[260,264]\" class=\"word\">matt<\/span> <span id=\"[265,270]\" class=\"word\">svart<\/span> (<span id=\"[272,275]\" class=\"word\">RAL<\/span> <span id=\"[276,277]\" class=\"word\">)<\/span><\/p>\n<\/div>\n","protected":false},"featured_media":5533,"comment_status":"closed","ping_status":"closed","template":"","meta":{"_acf_changed":false},"product_cat":[32],"product_tag":[],"composite_virtual":false,"composite_layout":"","composite_add_to_cart_form_location":"","composite_editable_in_cart":false,"composite_sold_individually_context":"","composite_shop_price_calc":"","composite_components":[],"composite_scenarios":[],"acf":[],"yoast_head":"<!-- This site is optimized with the Yoast SEO plugin v22.2 - https:\/\/yoast.com\/wordpress\/plugins\/seo\/ -->\n<title>Stolphatt - Aluminium - Recal Norge<\/title>\n<meta name=\"description\" content=\"Solid stolpehatt i aluminium som gir gjerdet ditt en ekte kvalitetsf\u00f8lelse.Dimensjoner: Passer til alle v\u00e5re gjerder med 2 mm materiale.Tilgjengelig i naturanodisert og deretter lakkert hvit (RAL 9010) og matt svart (RAL )\" \/>\n<meta name=\"robots\" content=\"index, follow, max-snippet:-1, max-image-preview:large, max-video-preview:-1\" \/>\n<link rel=\"canonical\" href=\"https:\/\/recal-se.tbwebsite.com\/no\/tilbehor\/stolpehatt-aluminium\/\" \/>\n<meta property=\"og:locale\" content=\"nb_NO\" \/>\n<meta property=\"og:type\" content=\"article\" \/>\n<meta property=\"og:title\" content=\"Stolphatt - Aluminium - Recal Norge\" \/>\n<meta property=\"og:description\" content=\"Stolphatt i Solid Aluminium som ger ditt staket en riktigt kvalitetsk\u00e4nsla.\" \/>\n<meta property=\"og:url\" content=\"https:\/\/recal-se.tbwebsite.com\/no\/tilbehor\/stolpehatt-aluminium\/\" \/>\n<meta property=\"og:site_name\" content=\"Recal Norge\" \/>\n<meta property=\"article:modified_time\" content=\"2024-01-31T08:57:02+00:00\" \/>\n<meta property=\"og:image\" content=\"https:\/\/recal-se.tbwebsite.com\/no\/wp-content\/uploads\/sites\/5\/2020\/06\/D1A0165-1.png\" \/>\n\t<meta property=\"og:image:width\" content=\"1400\" \/>\n\t<meta property=\"og:image:height\" content=\"1400\" \/>\n\t<meta property=\"og:image:type\" content=\"image\/png\" \/>\n<meta name=\"twitter:card\" content=\"summary_large_image\" \/>\n<meta name=\"twitter:label1\" content=\"Ansl. lesetid\" \/>\n\t<meta name=\"twitter:data1\" content=\"1 minutt\" \/>\n<script type=\"application\/ld+json\" class=\"yoast-schema-graph\">{\"@context\":\"https:\/\/schema.org\",\"@graph\":[{\"@type\":\"WebPage\",\"@id\":\"https:\/\/recal-se.tbwebsite.com\/no\/tilbehor\/stolpehatt-aluminium\/\",\"url\":\"https:\/\/recal-se.tbwebsite.com\/no\/tilbehor\/stolpehatt-aluminium\/\",\"name\":\"Stolphatt - Aluminium - Recal Norge\",\"isPartOf\":{\"@id\":\"https:\/\/recal-se.tbwebsite.com\/no\/#website\"},\"primaryImageOfPage\":{\"@id\":\"https:\/\/recal-se.tbwebsite.com\/no\/tilbehor\/stolpehatt-aluminium\/#primaryimage\"},\"image\":{\"@id\":\"https:\/\/recal-se.tbwebsite.com\/no\/tilbehor\/stolpehatt-aluminium\/#primaryimage\"},\"thumbnailUrl\":\"https:\/\/recal-se.tbwebsite.com\/no\/wp-content\/uploads\/sites\/5\/2020\/06\/D1A0165-1.png\",\"datePublished\":\"2020-06-05T12:33:38+00:00\",\"dateModified\":\"2024-01-31T08:57:02+00:00\",\"description\":\"Solid stolpehatt i aluminium som gir gjerdet ditt en ekte kvalitetsf\u00f8lelse.Dimensjoner: Passer til alle v\u00e5re gjerder med 2 mm materiale.Tilgjengelig i naturanodisert og deretter lakkert hvit (RAL 9010) og matt svart (RAL )\",\"breadcrumb\":{\"@id\":\"https:\/\/recal-se.tbwebsite.com\/no\/tilbehor\/stolpehatt-aluminium\/#breadcrumb\"},\"inLanguage\":\"nb-NO\",\"potentialAction\":[{\"@type\":\"ReadAction\",\"target\":[\"https:\/\/recal-se.tbwebsite.com\/no\/tilbehor\/stolpehatt-aluminium\/\"]}]},{\"@type\":\"ImageObject\",\"inLanguage\":\"nb-NO\",\"@id\":\"https:\/\/recal-se.tbwebsite.com\/no\/tilbehor\/stolpehatt-aluminium\/#primaryimage\",\"url\":\"https:\/\/recal-se.tbwebsite.com\/no\/wp-content\/uploads\/sites\/5\/2020\/06\/D1A0165-1.png\",\"contentUrl\":\"https:\/\/recal-se.tbwebsite.com\/no\/wp-content\/uploads\/sites\/5\/2020\/06\/D1A0165-1.png\",\"width\":1400,\"height\":1400},{\"@type\":\"BreadcrumbList\",\"@id\":\"https:\/\/recal-se.tbwebsite.com\/no\/tilbehor\/stolpehatt-aluminium\/#breadcrumb\",\"itemListElement\":[{\"@type\":\"ListItem\",\"position\":1,\"name\":\"Home\",\"item\":\"https:\/\/recal-se.tbwebsite.com\/no\/\"},{\"@type\":\"ListItem\",\"position\":2,\"name\":\"Shop\",\"item\":\"https:\/\/recal-se.tbwebsite.com\/no\/shop\/\"},{\"@type\":\"ListItem\",\"position\":3,\"name\":\"Stolphatt &#8211; Aluminium\"}]},{\"@type\":\"WebSite\",\"@id\":\"https:\/\/recal-se.tbwebsite.com\/no\/#website\",\"url\":\"https:\/\/recal-se.tbwebsite.com\/no\/\",\"name\":\"Recal Norge\",\"description\":\"Tr\u00e4dg\u00e5rdsprodukter tillverkade i aluminium fr\u00e5n Sm\u00e5land\",\"publisher\":{\"@id\":\"https:\/\/recal-se.tbwebsite.com\/no\/#organization\"},\"potentialAction\":[{\"@type\":\"SearchAction\",\"target\":{\"@type\":\"EntryPoint\",\"urlTemplate\":\"https:\/\/recal-se.tbwebsite.com\/no\/?s={search_term_string}\"},\"query-input\":\"required name=search_term_string\"}],\"inLanguage\":\"nb-NO\"},{\"@type\":\"Organization\",\"@id\":\"https:\/\/recal-se.tbwebsite.com\/no\/#organization\",\"name\":\"Recal Norge\",\"url\":\"https:\/\/recal-se.tbwebsite.com\/no\/\",\"logo\":{\"@type\":\"ImageObject\",\"inLanguage\":\"nb-NO\",\"@id\":\"https:\/\/recal-se.tbwebsite.com\/no\/#\/schema\/logo\/image\/\",\"url\":\"https:\/\/recal-se.tbwebsite.com\/no\/wp-content\/uploads\/sites\/5\/2020\/06\/recal-logotype_svart_1.png\",\"contentUrl\":\"https:\/\/recal-se.tbwebsite.com\/no\/wp-content\/uploads\/sites\/5\/2020\/06\/recal-logotype_svart_1.png\",\"width\":260,\"height\":52,\"caption\":\"Recal Norge\"},\"image\":{\"@id\":\"https:\/\/recal-se.tbwebsite.com\/no\/#\/schema\/logo\/image\/\"}}]}<\/script>\n<!-- \/ Yoast SEO plugin. -->","yoast_head_json":{"title":"Stolphatt - Aluminium - Recal Norge","description":"Solid stolpehatt i aluminium som gir gjerdet ditt en ekte kvalitetsf\u00f8lelse.Dimensjoner: Passer til alle v\u00e5re gjerder med 2 mm materiale.Tilgjengelig i naturanodisert og deretter lakkert hvit (RAL 9010) og matt svart (RAL )","robots":{"index":"index","follow":"follow","max-snippet":"max-snippet:-1","max-image-preview":"max-image-preview:large","max-video-preview":"max-video-preview:-1"},"canonical":"https:\/\/recal-se.tbwebsite.com\/no\/tilbehor\/stolpehatt-aluminium\/","og_locale":"nb_NO","og_type":"article","og_title":"Stolphatt - Aluminium - Recal Norge","og_description":"Stolphatt i Solid Aluminium som ger ditt staket en riktigt kvalitetsk\u00e4nsla.","og_url":"https:\/\/recal-se.tbwebsite.com\/no\/tilbehor\/stolpehatt-aluminium\/","og_site_name":"Recal Norge","article_modified_time":"2024-01-31T08:57:02+00:00","og_image":[{"width":1400,"height":1400,"url":"https:\/\/recal-se.tbwebsite.com\/no\/wp-content\/uploads\/sites\/5\/2020\/06\/D1A0165-1.png","type":"image\/png"}],"twitter_card":"summary_large_image","twitter_misc":{"Ansl. lesetid":"1 minutt"},"schema":{"@context":"https:\/\/schema.org","@graph":[{"@type":"WebPage","@id":"https:\/\/recal-se.tbwebsite.com\/no\/tilbehor\/stolpehatt-aluminium\/","url":"https:\/\/recal-se.tbwebsite.com\/no\/tilbehor\/stolpehatt-aluminium\/","name":"Stolphatt - Aluminium - Recal Norge","isPartOf":{"@id":"https:\/\/recal-se.tbwebsite.com\/no\/#website"},"primaryImageOfPage":{"@id":"https:\/\/recal-se.tbwebsite.com\/no\/tilbehor\/stolpehatt-aluminium\/#primaryimage"},"image":{"@id":"https:\/\/recal-se.tbwebsite.com\/no\/tilbehor\/stolpehatt-aluminium\/#primaryimage"},"thumbnailUrl":"https:\/\/recal-se.tbwebsite.com\/no\/wp-content\/uploads\/sites\/5\/2020\/06\/D1A0165-1.png","datePublished":"2020-06-05T12:33:38+00:00","dateModified":"2024-01-31T08:57:02+00:00","description":"Solid stolpehatt i aluminium som gir gjerdet ditt en ekte kvalitetsf\u00f8lelse.Dimensjoner: Passer til alle v\u00e5re gjerder med 2 mm materiale.Tilgjengelig i naturanodisert og deretter lakkert hvit (RAL 9010) og matt svart (RAL )","breadcrumb":{"@id":"https:\/\/recal-se.tbwebsite.com\/no\/tilbehor\/stolpehatt-aluminium\/#breadcrumb"},"inLanguage":"nb-NO","potentialAction":[{"@type":"ReadAction","target":["https:\/\/recal-se.tbwebsite.com\/no\/tilbehor\/stolpehatt-aluminium\/"]}]},{"@type":"ImageObject","inLanguage":"nb-NO","@id":"https:\/\/recal-se.tbwebsite.com\/no\/tilbehor\/stolpehatt-aluminium\/#primaryimage","url":"https:\/\/recal-se.tbwebsite.com\/no\/wp-content\/uploads\/sites\/5\/2020\/06\/D1A0165-1.png","contentUrl":"https:\/\/recal-se.tbwebsite.com\/no\/wp-content\/uploads\/sites\/5\/2020\/06\/D1A0165-1.png","width":1400,"height":1400},{"@type":"BreadcrumbList","@id":"https:\/\/recal-se.tbwebsite.com\/no\/tilbehor\/stolpehatt-aluminium\/#breadcrumb","itemListElement":[{"@type":"ListItem","position":1,"name":"Home","item":"https:\/\/recal-se.tbwebsite.com\/no\/"},{"@type":"ListItem","position":2,"name":"Shop","item":"https:\/\/recal-se.tbwebsite.com\/no\/shop\/"},{"@type":"ListItem","position":3,"name":"Stolphatt &#8211; Aluminium"}]},{"@type":"WebSite","@id":"https:\/\/recal-se.tbwebsite.com\/no\/#website","url":"https:\/\/recal-se.tbwebsite.com\/no\/","name":"Recal Norge","description":"Tr\u00e4dg\u00e5rdsprodukter tillverkade i aluminium fr\u00e5n Sm\u00e5land","publisher":{"@id":"https:\/\/recal-se.tbwebsite.com\/no\/#organization"},"potentialAction":[{"@type":"SearchAction","target":{"@type":"EntryPoint","urlTemplate":"https:\/\/recal-se.tbwebsite.com\/no\/?s={search_term_string}"},"query-input":"required name=search_term_string"}],"inLanguage":"nb-NO"},{"@type":"Organization","@id":"https:\/\/recal-se.tbwebsite.com\/no\/#organization","name":"Recal Norge","url":"https:\/\/recal-se.tbwebsite.com\/no\/","logo":{"@type":"ImageObject","inLanguage":"nb-NO","@id":"https:\/\/recal-se.tbwebsite.com\/no\/#\/schema\/logo\/image\/","url":"https:\/\/recal-se.tbwebsite.com\/no\/wp-content\/uploads\/sites\/5\/2020\/06\/recal-logotype_svart_1.png","contentUrl":"https:\/\/recal-se.tbwebsite.com\/no\/wp-content\/uploads\/sites\/5\/2020\/06\/recal-logotype_svart_1.png","width":260,"height":52,"caption":"Recal Norge"},"image":{"@id":"https:\/\/recal-se.tbwebsite.com\/no\/#\/schema\/logo\/image\/"}}]}},"_links":{"self":[{"href":"https:\/\/recal-se.tbwebsite.com\/no\/wp-json\/wp\/v2\/product\/623"}],"collection":[{"href":"https:\/\/recal-se.tbwebsite.com\/no\/wp-json\/wp\/v2\/product"}],"about":[{"href":"https:\/\/recal-se.tbwebsite.com\/no\/wp-json\/wp\/v2\/types\/product"}],"replies":[{"embeddable":true,"href":"https:\/\/recal-se.tbwebsite.com\/no\/wp-json\/wp\/v2\/comments?post=623"}],"version-history":[{"count":5,"href":"https:\/\/recal-se.tbwebsite.com\/no\/wp-json\/wp\/v2\/product\/623\/revisions"}],"predecessor-version":[{"id":14994,"href":"https:\/\/recal-se.tbwebsite.com\/no\/wp-json\/wp\/v2\/product\/623\/revisions\/14994"}],"wp:featuredmedia":[{"embeddable":true,"href":"https:\/\/recal-se.tbwebsite.com\/no\/wp-json\/wp\/v2\/media\/5533"}],"wp:attachment":[{"href":"https:\/\/recal-se.tbwebsite.com\/no\/wp-json\/wp\/v2\/media?parent=623"}],"wp:term":[{"taxonomy":"product_cat","embeddable":true,"href":"https:\/\/recal-se.tbwebsite.com\/no\/wp-json\/wp\/v2\/product_cat?post=623"},{"taxonomy":"product_tag","embeddable":true,"href":"https:\/\/recal-se.tbwebsite.com\/no\/wp-json\/wp\/v2\/product_tag?post=623"}],"curies":[{"name":"wp","href":"https:\/\/api.w.org\/{rel}","templated":true}]}}