{"id":613,"date":"2020-06-05T11:25:07","date_gmt":"2020-06-05T11:25:07","guid":{"rendered":"https:\/\/recal-se.tbwebsite.com\/?post_type=product&#038;p=613"},"modified":"2024-01-31T08:12:30","modified_gmt":"2024-01-31T08:12:30","slug":"stolphatt","status":"publish","type":"product","link":"https:\/\/recal-se.tbwebsite.com\/no\/tilbehor\/stolphatt\/","title":{"rendered":"STOLPEHATT RECAL PLAST 70X70MM SVART"},"content":{"rendered":"<div class=\"product-details__content product-details__content--description description\" role=\"tabpanel\" data-role=\"content\" aria-labelledby=\"go-to-description\" aria-hidden=\"true\">\n<div><strong>Stolphette till Recal gjerdestolpe<\/strong><\/div>\n<div>\n<div><\/div>\n<div>Stolpehette i sort plast som passer perfekt til alle Recal gjerdestolper.<\/div>\n<div><\/div>\n<\/div>\n<div><strong>Teknisk information<\/strong><br \/>\nM\u00e5tt: 70&#215;70 mm<br \/>\nF\u00e4rg: Svart<br \/>\nMaterial: Plast<\/div>\n<\/div>\n","protected":false},"excerpt":{"rendered":"<div class=\"product-details__content product-details__content--description description\" role=\"tabpanel\" data-role=\"content\" aria-labelledby=\"go-to-description\" aria-hidden=\"true\">\n<div><strong>Stolphette till Recal gjerdestolpe<\/strong><\/div>\n<div>\n<div><\/div>\n<div>Stolpehette i sort plast som passer perfekt til alle Recal gjerdestolper.<\/div>\n<div><\/div>\n<\/div>\n<div><\/div>\n<\/div>\n","protected":false},"featured_media":5536,"comment_status":"closed","ping_status":"closed","template":"","meta":{"_acf_changed":false},"product_cat":[32],"product_tag":[],"composite_virtual":false,"composite_layout":"","composite_add_to_cart_form_location":"","composite_editable_in_cart":false,"composite_sold_individually_context":"","composite_shop_price_calc":"","composite_components":[],"composite_scenarios":[],"acf":[],"yoast_head":"<!-- This site is optimized with the Yoast SEO plugin v22.2 - https:\/\/yoast.com\/wordpress\/plugins\/seo\/ -->\n<title>STOLPEHATT RECAL PLAST 70X70MM SVART - Recal Norge<\/title>\n<meta name=\"description\" content=\"Stolphette till Recal gjerdestolpe. Stolpehette i sort plast som passer perfekt til alle Recal gjerdestolper. Teknisk informationM\u00e5tt: 70x70 mmF\u00e4rg: SvartMaterial: Plast\" \/>\n<meta name=\"robots\" content=\"index, follow, max-snippet:-1, max-image-preview:large, max-video-preview:-1\" \/>\n<link rel=\"canonical\" href=\"https:\/\/recal-se.tbwebsite.com\/no\/tilbehor\/stolphatt\/\" \/>\n<meta property=\"og:locale\" content=\"nb_NO\" \/>\n<meta property=\"og:type\" content=\"article\" \/>\n<meta property=\"og:title\" content=\"STOLPEHATT RECAL PLAST 70X70MM SVART - Recal Norge\" \/>\n<meta property=\"og:description\" content=\"Stolphette till Recal gjerdestolpe. Stolpehette i sort plast som passer perfekt til alle Recal gjerdestolper. Teknisk informationM\u00e5tt: 70x70 mmF\u00e4rg: SvartMaterial: Plast\" \/>\n<meta property=\"og:url\" content=\"https:\/\/recal-se.tbwebsite.com\/no\/tilbehor\/stolphatt\/\" \/>\n<meta property=\"og:site_name\" content=\"Recal Norge\" \/>\n<meta property=\"article:modified_time\" content=\"2024-01-31T08:12:30+00:00\" \/>\n<meta property=\"og:image\" content=\"https:\/\/recal-se.tbwebsite.com\/no\/wp-content\/uploads\/sites\/5\/2020\/06\/102-s-1.png\" \/>\n\t<meta property=\"og:image:width\" content=\"1000\" \/>\n\t<meta property=\"og:image:height\" content=\"1000\" \/>\n\t<meta property=\"og:image:type\" content=\"image\/png\" \/>\n<meta name=\"twitter:card\" content=\"summary_large_image\" \/>\n<meta name=\"twitter:label1\" content=\"Ansl. lesetid\" \/>\n\t<meta name=\"twitter:data1\" content=\"1 minutt\" \/>\n<script type=\"application\/ld+json\" class=\"yoast-schema-graph\">{\"@context\":\"https:\/\/schema.org\",\"@graph\":[{\"@type\":\"WebPage\",\"@id\":\"https:\/\/recal-se.tbwebsite.com\/no\/tilbehor\/stolphatt\/\",\"url\":\"https:\/\/recal-se.tbwebsite.com\/no\/tilbehor\/stolphatt\/\",\"name\":\"STOLPEHATT RECAL PLAST 70X70MM SVART - Recal Norge\",\"isPartOf\":{\"@id\":\"https:\/\/recal-se.tbwebsite.com\/no\/#website\"},\"primaryImageOfPage\":{\"@id\":\"https:\/\/recal-se.tbwebsite.com\/no\/tilbehor\/stolphatt\/#primaryimage\"},\"image\":{\"@id\":\"https:\/\/recal-se.tbwebsite.com\/no\/tilbehor\/stolphatt\/#primaryimage\"},\"thumbnailUrl\":\"https:\/\/recal-se.tbwebsite.com\/no\/wp-content\/uploads\/sites\/5\/2020\/06\/102-s-1.png\",\"datePublished\":\"2020-06-05T11:25:07+00:00\",\"dateModified\":\"2024-01-31T08:12:30+00:00\",\"description\":\"Stolphette till Recal gjerdestolpe. Stolpehette i sort plast som passer perfekt til alle Recal gjerdestolper. Teknisk informationM\u00e5tt: 70x70 mmF\u00e4rg: SvartMaterial: Plast\",\"breadcrumb\":{\"@id\":\"https:\/\/recal-se.tbwebsite.com\/no\/tilbehor\/stolphatt\/#breadcrumb\"},\"inLanguage\":\"nb-NO\",\"potentialAction\":[{\"@type\":\"ReadAction\",\"target\":[\"https:\/\/recal-se.tbwebsite.com\/no\/tilbehor\/stolphatt\/\"]}]},{\"@type\":\"ImageObject\",\"inLanguage\":\"nb-NO\",\"@id\":\"https:\/\/recal-se.tbwebsite.com\/no\/tilbehor\/stolphatt\/#primaryimage\",\"url\":\"https:\/\/recal-se.tbwebsite.com\/no\/wp-content\/uploads\/sites\/5\/2020\/06\/102-s-1.png\",\"contentUrl\":\"https:\/\/recal-se.tbwebsite.com\/no\/wp-content\/uploads\/sites\/5\/2020\/06\/102-s-1.png\",\"width\":1000,\"height\":1000},{\"@type\":\"BreadcrumbList\",\"@id\":\"https:\/\/recal-se.tbwebsite.com\/no\/tilbehor\/stolphatt\/#breadcrumb\",\"itemListElement\":[{\"@type\":\"ListItem\",\"position\":1,\"name\":\"Home\",\"item\":\"https:\/\/recal-se.tbwebsite.com\/no\/\"},{\"@type\":\"ListItem\",\"position\":2,\"name\":\"Shop\",\"item\":\"https:\/\/recal-se.tbwebsite.com\/no\/shop\/\"},{\"@type\":\"ListItem\",\"position\":3,\"name\":\"STOLPEHATT RECAL PLAST 70X70MM SVART\"}]},{\"@type\":\"WebSite\",\"@id\":\"https:\/\/recal-se.tbwebsite.com\/no\/#website\",\"url\":\"https:\/\/recal-se.tbwebsite.com\/no\/\",\"name\":\"Recal Norge\",\"description\":\"Tr\u00e4dg\u00e5rdsprodukter tillverkade i aluminium fr\u00e5n Sm\u00e5land\",\"publisher\":{\"@id\":\"https:\/\/recal-se.tbwebsite.com\/no\/#organization\"},\"potentialAction\":[{\"@type\":\"SearchAction\",\"target\":{\"@type\":\"EntryPoint\",\"urlTemplate\":\"https:\/\/recal-se.tbwebsite.com\/no\/?s={search_term_string}\"},\"query-input\":\"required name=search_term_string\"}],\"inLanguage\":\"nb-NO\"},{\"@type\":\"Organization\",\"@id\":\"https:\/\/recal-se.tbwebsite.com\/no\/#organization\",\"name\":\"Recal Norge\",\"url\":\"https:\/\/recal-se.tbwebsite.com\/no\/\",\"logo\":{\"@type\":\"ImageObject\",\"inLanguage\":\"nb-NO\",\"@id\":\"https:\/\/recal-se.tbwebsite.com\/no\/#\/schema\/logo\/image\/\",\"url\":\"https:\/\/recal-se.tbwebsite.com\/no\/wp-content\/uploads\/sites\/5\/2020\/06\/recal-logotype_svart_1.png\",\"contentUrl\":\"https:\/\/recal-se.tbwebsite.com\/no\/wp-content\/uploads\/sites\/5\/2020\/06\/recal-logotype_svart_1.png\",\"width\":260,\"height\":52,\"caption\":\"Recal Norge\"},\"image\":{\"@id\":\"https:\/\/recal-se.tbwebsite.com\/no\/#\/schema\/logo\/image\/\"}}]}<\/script>\n<!-- \/ Yoast SEO plugin. -->","yoast_head_json":{"title":"STOLPEHATT RECAL PLAST 70X70MM SVART - Recal Norge","description":"Stolphette till Recal gjerdestolpe. Stolpehette i sort plast som passer perfekt til alle Recal gjerdestolper. Teknisk informationM\u00e5tt: 70x70 mmF\u00e4rg: SvartMaterial: Plast","robots":{"index":"index","follow":"follow","max-snippet":"max-snippet:-1","max-image-preview":"max-image-preview:large","max-video-preview":"max-video-preview:-1"},"canonical":"https:\/\/recal-se.tbwebsite.com\/no\/tilbehor\/stolphatt\/","og_locale":"nb_NO","og_type":"article","og_title":"STOLPEHATT RECAL PLAST 70X70MM SVART - Recal Norge","og_description":"Stolphette till Recal gjerdestolpe. Stolpehette i sort plast som passer perfekt til alle Recal gjerdestolper. Teknisk informationM\u00e5tt: 70x70 mmF\u00e4rg: SvartMaterial: Plast","og_url":"https:\/\/recal-se.tbwebsite.com\/no\/tilbehor\/stolphatt\/","og_site_name":"Recal Norge","article_modified_time":"2024-01-31T08:12:30+00:00","og_image":[{"width":1000,"height":1000,"url":"https:\/\/recal-se.tbwebsite.com\/no\/wp-content\/uploads\/sites\/5\/2020\/06\/102-s-1.png","type":"image\/png"}],"twitter_card":"summary_large_image","twitter_misc":{"Ansl. lesetid":"1 minutt"},"schema":{"@context":"https:\/\/schema.org","@graph":[{"@type":"WebPage","@id":"https:\/\/recal-se.tbwebsite.com\/no\/tilbehor\/stolphatt\/","url":"https:\/\/recal-se.tbwebsite.com\/no\/tilbehor\/stolphatt\/","name":"STOLPEHATT RECAL PLAST 70X70MM SVART - Recal Norge","isPartOf":{"@id":"https:\/\/recal-se.tbwebsite.com\/no\/#website"},"primaryImageOfPage":{"@id":"https:\/\/recal-se.tbwebsite.com\/no\/tilbehor\/stolphatt\/#primaryimage"},"image":{"@id":"https:\/\/recal-se.tbwebsite.com\/no\/tilbehor\/stolphatt\/#primaryimage"},"thumbnailUrl":"https:\/\/recal-se.tbwebsite.com\/no\/wp-content\/uploads\/sites\/5\/2020\/06\/102-s-1.png","datePublished":"2020-06-05T11:25:07+00:00","dateModified":"2024-01-31T08:12:30+00:00","description":"Stolphette till Recal gjerdestolpe. Stolpehette i sort plast som passer perfekt til alle Recal gjerdestolper. Teknisk informationM\u00e5tt: 70x70 mmF\u00e4rg: SvartMaterial: Plast","breadcrumb":{"@id":"https:\/\/recal-se.tbwebsite.com\/no\/tilbehor\/stolphatt\/#breadcrumb"},"inLanguage":"nb-NO","potentialAction":[{"@type":"ReadAction","target":["https:\/\/recal-se.tbwebsite.com\/no\/tilbehor\/stolphatt\/"]}]},{"@type":"ImageObject","inLanguage":"nb-NO","@id":"https:\/\/recal-se.tbwebsite.com\/no\/tilbehor\/stolphatt\/#primaryimage","url":"https:\/\/recal-se.tbwebsite.com\/no\/wp-content\/uploads\/sites\/5\/2020\/06\/102-s-1.png","contentUrl":"https:\/\/recal-se.tbwebsite.com\/no\/wp-content\/uploads\/sites\/5\/2020\/06\/102-s-1.png","width":1000,"height":1000},{"@type":"BreadcrumbList","@id":"https:\/\/recal-se.tbwebsite.com\/no\/tilbehor\/stolphatt\/#breadcrumb","itemListElement":[{"@type":"ListItem","position":1,"name":"Home","item":"https:\/\/recal-se.tbwebsite.com\/no\/"},{"@type":"ListItem","position":2,"name":"Shop","item":"https:\/\/recal-se.tbwebsite.com\/no\/shop\/"},{"@type":"ListItem","position":3,"name":"STOLPEHATT RECAL PLAST 70X70MM SVART"}]},{"@type":"WebSite","@id":"https:\/\/recal-se.tbwebsite.com\/no\/#website","url":"https:\/\/recal-se.tbwebsite.com\/no\/","name":"Recal Norge","description":"Tr\u00e4dg\u00e5rdsprodukter tillverkade i aluminium fr\u00e5n Sm\u00e5land","publisher":{"@id":"https:\/\/recal-se.tbwebsite.com\/no\/#organization"},"potentialAction":[{"@type":"SearchAction","target":{"@type":"EntryPoint","urlTemplate":"https:\/\/recal-se.tbwebsite.com\/no\/?s={search_term_string}"},"query-input":"required name=search_term_string"}],"inLanguage":"nb-NO"},{"@type":"Organization","@id":"https:\/\/recal-se.tbwebsite.com\/no\/#organization","name":"Recal Norge","url":"https:\/\/recal-se.tbwebsite.com\/no\/","logo":{"@type":"ImageObject","inLanguage":"nb-NO","@id":"https:\/\/recal-se.tbwebsite.com\/no\/#\/schema\/logo\/image\/","url":"https:\/\/recal-se.tbwebsite.com\/no\/wp-content\/uploads\/sites\/5\/2020\/06\/recal-logotype_svart_1.png","contentUrl":"https:\/\/recal-se.tbwebsite.com\/no\/wp-content\/uploads\/sites\/5\/2020\/06\/recal-logotype_svart_1.png","width":260,"height":52,"caption":"Recal Norge"},"image":{"@id":"https:\/\/recal-se.tbwebsite.com\/no\/#\/schema\/logo\/image\/"}}]}},"_links":{"self":[{"href":"https:\/\/recal-se.tbwebsite.com\/no\/wp-json\/wp\/v2\/product\/613"}],"collection":[{"href":"https:\/\/recal-se.tbwebsite.com\/no\/wp-json\/wp\/v2\/product"}],"about":[{"href":"https:\/\/recal-se.tbwebsite.com\/no\/wp-json\/wp\/v2\/types\/product"}],"replies":[{"embeddable":true,"href":"https:\/\/recal-se.tbwebsite.com\/no\/wp-json\/wp\/v2\/comments?post=613"}],"version-history":[{"count":4,"href":"https:\/\/recal-se.tbwebsite.com\/no\/wp-json\/wp\/v2\/product\/613\/revisions"}],"predecessor-version":[{"id":14991,"href":"https:\/\/recal-se.tbwebsite.com\/no\/wp-json\/wp\/v2\/product\/613\/revisions\/14991"}],"wp:featuredmedia":[{"embeddable":true,"href":"https:\/\/recal-se.tbwebsite.com\/no\/wp-json\/wp\/v2\/media\/5536"}],"wp:attachment":[{"href":"https:\/\/recal-se.tbwebsite.com\/no\/wp-json\/wp\/v2\/media?parent=613"}],"wp:term":[{"taxonomy":"product_cat","embeddable":true,"href":"https:\/\/recal-se.tbwebsite.com\/no\/wp-json\/wp\/v2\/product_cat?post=613"},{"taxonomy":"product_tag","embeddable":true,"href":"https:\/\/recal-se.tbwebsite.com\/no\/wp-json\/wp\/v2\/product_tag?post=613"}],"curies":[{"name":"wp","href":"https:\/\/api.w.org\/{rel}","templated":true}]}}