{"id":4907,"date":"2023-10-19T12:22:38","date_gmt":"2023-10-19T12:22:38","guid":{"rendered":"https:\/\/recal-se.tbwebsite.com\/?post_type=product&#038;p=4907"},"modified":"2024-02-21T08:11:32","modified_gmt":"2024-02-21T08:11:32","slug":"markstein-30x30-grafitgra","status":"publish","type":"product","link":"https:\/\/recal-se.tbwebsite.com\/no\/bedkanter\/markstein-30x30-grafitgra\/","title":{"rendered":"Markstein &#8211; 30&#215;30 Grafitgr\u00e5"},"content":{"rendered":"<div id=\"tw-target-text-container\" class=\"tw-ta-container F0azHf tw-nfl\">\n<p id=\"tw-target-text\" class=\"tw-data-text tw-text-large tw-ta\" dir=\"ltr\" data-placeholder=\"\u00d6vers\u00e4ttning\" data-ved=\"2ahUKEwjz7-LR2LmEAxWNUXcKHTIpCHYQ3ewLegQIBRAT\"><span class=\"Y2IQFc\" lang=\"no\">Leter du etter en enkel m\u00e5te \u00e5 installere Markstein p\u00e5? Da har du funnet rett sted, belegningssteinene v\u00e5re er lette, fleksible og sv\u00e6rt slitesterke. Perfekt for \u00e5 lage koselige gangveier i hagen eller blomsterbedet og er enkle \u00e5 montere. <\/span><\/p>\n<p class=\"tw-data-text tw-text-large tw-ta\" dir=\"ltr\" data-placeholder=\"\u00d6vers\u00e4ttning\" data-ved=\"2ahUKEwjz7-LR2LmEAxWNUXcKHTIpCHYQ3ewLegQIBRAT\"><span class=\"Y2IQFc\" lang=\"no\">Dekorsteinen i gummi har lang holdbarhet i alle v\u00e6rforhold! Laget av resirkulerte bildekk, er det et perfekt milj\u00f8valg samtidig som det er enkelt \u00e5 installere. Gi hagen din et skikkelig l\u00f8ft med en annen type asfaltering for blomsterbedene og i hagen.<\/span><\/p>\n<\/div>\n<p>&nbsp;<\/p>\n<table width=\"406\">\n<tbody>\n<tr>\n<td width=\"81\">F\u00e4rg<\/td>\n<td width=\"99\">Antal<\/td>\n<td width=\"82\">Nettovikt<\/td>\n<td width=\"144\">Dimensioner(L,B,H) CM<\/td>\n<\/tr>\n<\/tbody>\n<\/table>\n<table width=\"406\">\n<tbody>\n<tr>\n<td width=\"81\">Grafitgr\u00e5<\/td>\n<td width=\"99\">1 st<\/td>\n<td width=\"82\">0,7<\/td>\n<td width=\"144\">30x30x3<\/td>\n<\/tr>\n<\/tbody>\n<\/table>\n<table width=\"406\">\n<tbody>\n<tr>\n<td width=\"81\">Grafitgr\u00e5<\/td>\n<td width=\"99\">10 st<\/td>\n<td width=\"82\">6,8<\/td>\n<td width=\"144\">30x30x30<\/td>\n<\/tr>\n<\/tbody>\n<\/table>\n<p id=\"tw-target-text\" class=\"tw-data-text tw-text-large tw-ta\" dir=\"ltr\" data-placeholder=\"\u00d6vers\u00e4ttning\" data-ved=\"2ahUKEwjz7-LR2LmEAxWNUXcKHTIpCHYQ3ewLegQIBRAT\"><span class=\"Y2IQFc\" lang=\"no\">Oppdag den eksepsjonelle kvaliteten, holdbarheten og stilige designene til v\u00e5re allsidige utend\u00f8rsprodukter, alt n\u00f8ye utformet med holdbarhet i tankene. Opplev enkel og effektiv hageavgrensning med v\u00e5r 9 cm h\u00f8ye blomsterkant lett. <\/span><\/p>\n<p class=\"tw-data-text tw-text-large tw-ta\" dir=\"ltr\" data-placeholder=\"\u00d6vers\u00e4ttning\" data-ved=\"2ahUKEwjz7-LR2LmEAxWNUXcKHTIpCHYQ3ewLegQIBRAT\"><span class=\"Y2IQFc\" lang=\"no\">Forvandle uterommene dine til innbydende helligdommer, perfekt for \u00e5 nyte naturens skj\u00f8nnhet.<\/span><\/p>\n<p>&nbsp;<\/p>\n","protected":false},"excerpt":{"rendered":"<div id=\"tw-target-text-container\" class=\"tw-ta-container F0azHf tw-nfl\">\n<p id=\"tw-target-text\" class=\"tw-data-text tw-text-large tw-ta\" dir=\"ltr\" data-placeholder=\"\u00d6vers\u00e4ttning\" data-ved=\"2ahUKEwjz7-LR2LmEAxWNUXcKHTIpCHYQ3ewLegQIBRAT\"><span class=\"Y2IQFc\" lang=\"no\">Leter du etter en enkel m\u00e5te \u00e5 installere Markstein p\u00e5? Da har du funnet rett sted, belegningssteinene v\u00e5re er lette, fleksible og sv\u00e6rt slitesterke. Perfekt for \u00e5 lage koselige gangveier i hagen eller blomsterbedet og er enkle \u00e5 montere. <\/span><\/p>\n<p class=\"tw-data-text tw-text-large tw-ta\" dir=\"ltr\" data-placeholder=\"\u00d6vers\u00e4ttning\" data-ved=\"2ahUKEwjz7-LR2LmEAxWNUXcKHTIpCHYQ3ewLegQIBRAT\"><span class=\"Y2IQFc\" lang=\"no\">Dekorsteinen i gummi har lang holdbarhet i alle v\u00e6rforhold! Laget av resirkulerte bildekk, er det et perfekt milj\u00f8valg samtidig som det er enkelt \u00e5 installere. Gi hagen din et skikkelig l\u00f8ft med en annen type asfaltering for blomsterbedene og i hagen.<\/span><\/p>\n<\/div>\n<p>&nbsp;<\/p>\n","protected":false},"featured_media":5094,"comment_status":"open","ping_status":"closed","template":"","meta":{"_acf_changed":false},"product_cat":[244,93],"product_tag":[252,253],"composite_virtual":false,"composite_layout":"","composite_add_to_cart_form_location":"","composite_editable_in_cart":false,"composite_sold_individually_context":"","composite_shop_price_calc":"","composite_components":[],"composite_scenarios":[],"acf":[],"yoast_head":"<!-- This site is optimized with the Yoast SEO plugin v22.2 - https:\/\/yoast.com\/wordpress\/plugins\/seo\/ -->\n<title>Markstein - 30x30 Grafitgr\u00e5 - Recal Norge<\/title>\n<meta name=\"description\" content=\"Letar du efter ett smidigt s\u00e4tt att montera Marksten. D\u00e5 har du hittat r\u00e4tt, v\u00e5ra markstenar \u00e4r l\u00e4tta,flexibla och v\u00e4ldigt slitstarka. Passar perfekt till att skapa mysiga g\u00e5ngv\u00e4gar i din tr\u00e4dg\u00e5rd eller rabatt och \u00e4r enkla att montera.Markstenen har en l\u00e5ng h\u00e5llbarhet i alla v\u00e4derf\u00f6rh\u00e5llande! Tillverkad av \u00e5tervunna bild\u00e4ck \u00e4r det ett perfekt milj\u00f6val samtidigt som det \u00e4r en smidig installation. Ge din tr\u00e4dg\u00e5rd ett rej\u00e4lt lyft med en annan typ av stenl\u00e4ggning till dina rabatter och i tr\u00e4dg\u00e5rden.ed en annan typ av stenl\u00e4ggning till dina rabatter och i tr\u00e4dg\u00e5rden.Leter du etter en enkel m\u00e5te \u00e5 installere Markstein p\u00e5? Da har du funnet rett sted, belegningssteinene v\u00e5re er lette, fleksible og sv\u00e6rt slitesterke. Perfekt for \u00e5 lage koselige gangveier i hagen eller blomsterbedet og er enkle \u00e5 montere.Dekorsteinen i gummi har lang holdbarhet i alle v\u00e6rforhold! Laget av resirkulerte bildekk, er det et perfekt milj\u00f8valg samtidig som det er enkelt \u00e5 installere. Gi hagen din et skikkelig l\u00f8ft med en annen type asfaltering for blomsterbedene og i hagen.\" \/>\n<meta name=\"robots\" content=\"index, follow, max-snippet:-1, max-image-preview:large, max-video-preview:-1\" \/>\n<link rel=\"canonical\" href=\"https:\/\/recal-se.tbwebsite.com\/no\/bedkanter\/markstein-30x30-grafitgra\/\" \/>\n<meta property=\"og:locale\" content=\"nb_NO\" \/>\n<meta property=\"og:type\" content=\"article\" \/>\n<meta property=\"og:title\" content=\"Markstein - 30x30 Grafitgr\u00e5 - Recal Norge\" \/>\n<meta property=\"og:description\" content=\"Letar du efter ett smidigt s\u00e4tt att montera Marksten. D\u00e5 har du hittat r\u00e4tt, v\u00e5ra markstenar \u00e4r l\u00e4tta,flexibla och v\u00e4ldigt slitstarka. Passar perfekt till att skapa mysiga g\u00e5ngv\u00e4gar i din tr\u00e4dg\u00e5rd eller rabatt och \u00e4r enkla att montera.Markstenen har en l\u00e5ng h\u00e5llbarhet i alla v\u00e4derf\u00f6rh\u00e5llande! Tillverkad av \u00e5tervunna bild\u00e4ck \u00e4r det ett perfekt milj\u00f6val samtidigt som det \u00e4r en smidig installation. Ge din tr\u00e4dg\u00e5rd ett rej\u00e4lt lyft med en annan typ av stenl\u00e4ggning till dina rabatter och i tr\u00e4dg\u00e5rden.ed en annan typ av stenl\u00e4ggning till dina rabatter och i tr\u00e4dg\u00e5rden.Leter du etter en enkel m\u00e5te \u00e5 installere Markstein p\u00e5? Da har du funnet rett sted, belegningssteinene v\u00e5re er lette, fleksible og sv\u00e6rt slitesterke. Perfekt for \u00e5 lage koselige gangveier i hagen eller blomsterbedet og er enkle \u00e5 montere.Dekorsteinen i gummi har lang holdbarhet i alle v\u00e6rforhold! Laget av resirkulerte bildekk, er det et perfekt milj\u00f8valg samtidig som det er enkelt \u00e5 installere. Gi hagen din et skikkelig l\u00f8ft med en annen type asfaltering for blomsterbedene og i hagen.\" \/>\n<meta property=\"og:url\" content=\"https:\/\/recal-se.tbwebsite.com\/no\/bedkanter\/markstein-30x30-grafitgra\/\" \/>\n<meta property=\"og:site_name\" content=\"Recal Norge\" \/>\n<meta property=\"article:modified_time\" content=\"2024-02-21T08:11:32+00:00\" \/>\n<meta property=\"og:image\" content=\"https:\/\/recal-se.tbwebsite.com\/no\/wp-content\/uploads\/sites\/5\/2023\/10\/EU5100027_stomp_stone_c2-scaled-1.png\" \/>\n\t<meta property=\"og:image:width\" content=\"1400\" \/>\n\t<meta property=\"og:image:height\" content=\"1400\" \/>\n\t<meta property=\"og:image:type\" content=\"image\/png\" \/>\n<meta name=\"twitter:card\" content=\"summary_large_image\" \/>\n<meta name=\"twitter:label1\" content=\"Ansl. lesetid\" \/>\n\t<meta name=\"twitter:data1\" content=\"1 minutt\" \/>\n<script type=\"application\/ld+json\" class=\"yoast-schema-graph\">{\"@context\":\"https:\/\/schema.org\",\"@graph\":[{\"@type\":\"WebPage\",\"@id\":\"https:\/\/recal-se.tbwebsite.com\/no\/bedkanter\/markstein-30x30-grafitgra\/\",\"url\":\"https:\/\/recal-se.tbwebsite.com\/no\/bedkanter\/markstein-30x30-grafitgra\/\",\"name\":\"Markstein - 30x30 Grafitgr\u00e5 - Recal Norge\",\"isPartOf\":{\"@id\":\"https:\/\/recal-se.tbwebsite.com\/no\/#website\"},\"primaryImageOfPage\":{\"@id\":\"https:\/\/recal-se.tbwebsite.com\/no\/bedkanter\/markstein-30x30-grafitgra\/#primaryimage\"},\"image\":{\"@id\":\"https:\/\/recal-se.tbwebsite.com\/no\/bedkanter\/markstein-30x30-grafitgra\/#primaryimage\"},\"thumbnailUrl\":\"https:\/\/recal-se.tbwebsite.com\/no\/wp-content\/uploads\/sites\/5\/2023\/10\/EU5100027_stomp_stone_c2-scaled-1.png\",\"datePublished\":\"2023-10-19T12:22:38+00:00\",\"dateModified\":\"2024-02-21T08:11:32+00:00\",\"description\":\"Letar du efter ett smidigt s\u00e4tt att montera Marksten. D\u00e5 har du hittat r\u00e4tt, v\u00e5ra markstenar \u00e4r l\u00e4tta,flexibla och v\u00e4ldigt slitstarka. Passar perfekt till att skapa mysiga g\u00e5ngv\u00e4gar i din tr\u00e4dg\u00e5rd eller rabatt och \u00e4r enkla att montera.Markstenen har en l\u00e5ng h\u00e5llbarhet i alla v\u00e4derf\u00f6rh\u00e5llande! Tillverkad av \u00e5tervunna bild\u00e4ck \u00e4r det ett perfekt milj\u00f6val samtidigt som det \u00e4r en smidig installation. Ge din tr\u00e4dg\u00e5rd ett rej\u00e4lt lyft med en annan typ av stenl\u00e4ggning till dina rabatter och i tr\u00e4dg\u00e5rden.ed en annan typ av stenl\u00e4ggning till dina rabatter och i tr\u00e4dg\u00e5rden.Leter du etter en enkel m\u00e5te \u00e5 installere Markstein p\u00e5? Da har du funnet rett sted, belegningssteinene v\u00e5re er lette, fleksible og sv\u00e6rt slitesterke. Perfekt for \u00e5 lage koselige gangveier i hagen eller blomsterbedet og er enkle \u00e5 montere.Dekorsteinen i gummi har lang holdbarhet i alle v\u00e6rforhold! Laget av resirkulerte bildekk, er det et perfekt milj\u00f8valg samtidig som det er enkelt \u00e5 installere. Gi hagen din et skikkelig l\u00f8ft med en annen type asfaltering for blomsterbedene og i hagen.\",\"breadcrumb\":{\"@id\":\"https:\/\/recal-se.tbwebsite.com\/no\/bedkanter\/markstein-30x30-grafitgra\/#breadcrumb\"},\"inLanguage\":\"nb-NO\",\"potentialAction\":[{\"@type\":\"ReadAction\",\"target\":[\"https:\/\/recal-se.tbwebsite.com\/no\/bedkanter\/markstein-30x30-grafitgra\/\"]}]},{\"@type\":\"ImageObject\",\"inLanguage\":\"nb-NO\",\"@id\":\"https:\/\/recal-se.tbwebsite.com\/no\/bedkanter\/markstein-30x30-grafitgra\/#primaryimage\",\"url\":\"https:\/\/recal-se.tbwebsite.com\/no\/wp-content\/uploads\/sites\/5\/2023\/10\/EU5100027_stomp_stone_c2-scaled-1.png\",\"contentUrl\":\"https:\/\/recal-se.tbwebsite.com\/no\/wp-content\/uploads\/sites\/5\/2023\/10\/EU5100027_stomp_stone_c2-scaled-1.png\",\"width\":1400,\"height\":1400},{\"@type\":\"BreadcrumbList\",\"@id\":\"https:\/\/recal-se.tbwebsite.com\/no\/bedkanter\/markstein-30x30-grafitgra\/#breadcrumb\",\"itemListElement\":[{\"@type\":\"ListItem\",\"position\":1,\"name\":\"Home\",\"item\":\"https:\/\/recal-se.tbwebsite.com\/no\/\"},{\"@type\":\"ListItem\",\"position\":2,\"name\":\"Shop\",\"item\":\"https:\/\/recal-se.tbwebsite.com\/no\/shop\/\"},{\"@type\":\"ListItem\",\"position\":3,\"name\":\"Markstein &#8211; 30&#215;30 Grafitgr\u00e5\"}]},{\"@type\":\"WebSite\",\"@id\":\"https:\/\/recal-se.tbwebsite.com\/no\/#website\",\"url\":\"https:\/\/recal-se.tbwebsite.com\/no\/\",\"name\":\"Recal Norge\",\"description\":\"Tr\u00e4dg\u00e5rdsprodukter tillverkade i aluminium fr\u00e5n Sm\u00e5land\",\"publisher\":{\"@id\":\"https:\/\/recal-se.tbwebsite.com\/no\/#organization\"},\"potentialAction\":[{\"@type\":\"SearchAction\",\"target\":{\"@type\":\"EntryPoint\",\"urlTemplate\":\"https:\/\/recal-se.tbwebsite.com\/no\/?s={search_term_string}\"},\"query-input\":\"required name=search_term_string\"}],\"inLanguage\":\"nb-NO\"},{\"@type\":\"Organization\",\"@id\":\"https:\/\/recal-se.tbwebsite.com\/no\/#organization\",\"name\":\"Recal Norge\",\"url\":\"https:\/\/recal-se.tbwebsite.com\/no\/\",\"logo\":{\"@type\":\"ImageObject\",\"inLanguage\":\"nb-NO\",\"@id\":\"https:\/\/recal-se.tbwebsite.com\/no\/#\/schema\/logo\/image\/\",\"url\":\"https:\/\/recal-se.tbwebsite.com\/no\/wp-content\/uploads\/sites\/5\/2020\/06\/recal-logotype_svart_1.png\",\"contentUrl\":\"https:\/\/recal-se.tbwebsite.com\/no\/wp-content\/uploads\/sites\/5\/2020\/06\/recal-logotype_svart_1.png\",\"width\":260,\"height\":52,\"caption\":\"Recal Norge\"},\"image\":{\"@id\":\"https:\/\/recal-se.tbwebsite.com\/no\/#\/schema\/logo\/image\/\"}}]}<\/script>\n<!-- \/ Yoast SEO plugin. -->","yoast_head_json":{"title":"Markstein - 30x30 Grafitgr\u00e5 - Recal Norge","description":"Letar du efter ett smidigt s\u00e4tt att montera Marksten. D\u00e5 har du hittat r\u00e4tt, v\u00e5ra markstenar \u00e4r l\u00e4tta,flexibla och v\u00e4ldigt slitstarka. Passar perfekt till att skapa mysiga g\u00e5ngv\u00e4gar i din tr\u00e4dg\u00e5rd eller rabatt och \u00e4r enkla att montera.Markstenen har en l\u00e5ng h\u00e5llbarhet i alla v\u00e4derf\u00f6rh\u00e5llande! Tillverkad av \u00e5tervunna bild\u00e4ck \u00e4r det ett perfekt milj\u00f6val samtidigt som det \u00e4r en smidig installation. Ge din tr\u00e4dg\u00e5rd ett rej\u00e4lt lyft med en annan typ av stenl\u00e4ggning till dina rabatter och i tr\u00e4dg\u00e5rden.ed en annan typ av stenl\u00e4ggning till dina rabatter och i tr\u00e4dg\u00e5rden.Leter du etter en enkel m\u00e5te \u00e5 installere Markstein p\u00e5? Da har du funnet rett sted, belegningssteinene v\u00e5re er lette, fleksible og sv\u00e6rt slitesterke. Perfekt for \u00e5 lage koselige gangveier i hagen eller blomsterbedet og er enkle \u00e5 montere.Dekorsteinen i gummi har lang holdbarhet i alle v\u00e6rforhold! Laget av resirkulerte bildekk, er det et perfekt milj\u00f8valg samtidig som det er enkelt \u00e5 installere. Gi hagen din et skikkelig l\u00f8ft med en annen type asfaltering for blomsterbedene og i hagen.","robots":{"index":"index","follow":"follow","max-snippet":"max-snippet:-1","max-image-preview":"max-image-preview:large","max-video-preview":"max-video-preview:-1"},"canonical":"https:\/\/recal-se.tbwebsite.com\/no\/bedkanter\/markstein-30x30-grafitgra\/","og_locale":"nb_NO","og_type":"article","og_title":"Markstein - 30x30 Grafitgr\u00e5 - Recal Norge","og_description":"Letar du efter ett smidigt s\u00e4tt att montera Marksten. D\u00e5 har du hittat r\u00e4tt, v\u00e5ra markstenar \u00e4r l\u00e4tta,flexibla och v\u00e4ldigt slitstarka. Passar perfekt till att skapa mysiga g\u00e5ngv\u00e4gar i din tr\u00e4dg\u00e5rd eller rabatt och \u00e4r enkla att montera.Markstenen har en l\u00e5ng h\u00e5llbarhet i alla v\u00e4derf\u00f6rh\u00e5llande! Tillverkad av \u00e5tervunna bild\u00e4ck \u00e4r det ett perfekt milj\u00f6val samtidigt som det \u00e4r en smidig installation. Ge din tr\u00e4dg\u00e5rd ett rej\u00e4lt lyft med en annan typ av stenl\u00e4ggning till dina rabatter och i tr\u00e4dg\u00e5rden.ed en annan typ av stenl\u00e4ggning till dina rabatter och i tr\u00e4dg\u00e5rden.Leter du etter en enkel m\u00e5te \u00e5 installere Markstein p\u00e5? Da har du funnet rett sted, belegningssteinene v\u00e5re er lette, fleksible og sv\u00e6rt slitesterke. Perfekt for \u00e5 lage koselige gangveier i hagen eller blomsterbedet og er enkle \u00e5 montere.Dekorsteinen i gummi har lang holdbarhet i alle v\u00e6rforhold! Laget av resirkulerte bildekk, er det et perfekt milj\u00f8valg samtidig som det er enkelt \u00e5 installere. Gi hagen din et skikkelig l\u00f8ft med en annen type asfaltering for blomsterbedene og i hagen.","og_url":"https:\/\/recal-se.tbwebsite.com\/no\/bedkanter\/markstein-30x30-grafitgra\/","og_site_name":"Recal Norge","article_modified_time":"2024-02-21T08:11:32+00:00","og_image":[{"width":1400,"height":1400,"url":"https:\/\/recal-se.tbwebsite.com\/no\/wp-content\/uploads\/sites\/5\/2023\/10\/EU5100027_stomp_stone_c2-scaled-1.png","type":"image\/png"}],"twitter_card":"summary_large_image","twitter_misc":{"Ansl. lesetid":"1 minutt"},"schema":{"@context":"https:\/\/schema.org","@graph":[{"@type":"WebPage","@id":"https:\/\/recal-se.tbwebsite.com\/no\/bedkanter\/markstein-30x30-grafitgra\/","url":"https:\/\/recal-se.tbwebsite.com\/no\/bedkanter\/markstein-30x30-grafitgra\/","name":"Markstein - 30x30 Grafitgr\u00e5 - Recal Norge","isPartOf":{"@id":"https:\/\/recal-se.tbwebsite.com\/no\/#website"},"primaryImageOfPage":{"@id":"https:\/\/recal-se.tbwebsite.com\/no\/bedkanter\/markstein-30x30-grafitgra\/#primaryimage"},"image":{"@id":"https:\/\/recal-se.tbwebsite.com\/no\/bedkanter\/markstein-30x30-grafitgra\/#primaryimage"},"thumbnailUrl":"https:\/\/recal-se.tbwebsite.com\/no\/wp-content\/uploads\/sites\/5\/2023\/10\/EU5100027_stomp_stone_c2-scaled-1.png","datePublished":"2023-10-19T12:22:38+00:00","dateModified":"2024-02-21T08:11:32+00:00","description":"Letar du efter ett smidigt s\u00e4tt att montera Marksten. D\u00e5 har du hittat r\u00e4tt, v\u00e5ra markstenar \u00e4r l\u00e4tta,flexibla och v\u00e4ldigt slitstarka. Passar perfekt till att skapa mysiga g\u00e5ngv\u00e4gar i din tr\u00e4dg\u00e5rd eller rabatt och \u00e4r enkla att montera.Markstenen har en l\u00e5ng h\u00e5llbarhet i alla v\u00e4derf\u00f6rh\u00e5llande! Tillverkad av \u00e5tervunna bild\u00e4ck \u00e4r det ett perfekt milj\u00f6val samtidigt som det \u00e4r en smidig installation. Ge din tr\u00e4dg\u00e5rd ett rej\u00e4lt lyft med en annan typ av stenl\u00e4ggning till dina rabatter och i tr\u00e4dg\u00e5rden.ed en annan typ av stenl\u00e4ggning till dina rabatter och i tr\u00e4dg\u00e5rden.Leter du etter en enkel m\u00e5te \u00e5 installere Markstein p\u00e5? Da har du funnet rett sted, belegningssteinene v\u00e5re er lette, fleksible og sv\u00e6rt slitesterke. Perfekt for \u00e5 lage koselige gangveier i hagen eller blomsterbedet og er enkle \u00e5 montere.Dekorsteinen i gummi har lang holdbarhet i alle v\u00e6rforhold! Laget av resirkulerte bildekk, er det et perfekt milj\u00f8valg samtidig som det er enkelt \u00e5 installere. Gi hagen din et skikkelig l\u00f8ft med en annen type asfaltering for blomsterbedene og i hagen.","breadcrumb":{"@id":"https:\/\/recal-se.tbwebsite.com\/no\/bedkanter\/markstein-30x30-grafitgra\/#breadcrumb"},"inLanguage":"nb-NO","potentialAction":[{"@type":"ReadAction","target":["https:\/\/recal-se.tbwebsite.com\/no\/bedkanter\/markstein-30x30-grafitgra\/"]}]},{"@type":"ImageObject","inLanguage":"nb-NO","@id":"https:\/\/recal-se.tbwebsite.com\/no\/bedkanter\/markstein-30x30-grafitgra\/#primaryimage","url":"https:\/\/recal-se.tbwebsite.com\/no\/wp-content\/uploads\/sites\/5\/2023\/10\/EU5100027_stomp_stone_c2-scaled-1.png","contentUrl":"https:\/\/recal-se.tbwebsite.com\/no\/wp-content\/uploads\/sites\/5\/2023\/10\/EU5100027_stomp_stone_c2-scaled-1.png","width":1400,"height":1400},{"@type":"BreadcrumbList","@id":"https:\/\/recal-se.tbwebsite.com\/no\/bedkanter\/markstein-30x30-grafitgra\/#breadcrumb","itemListElement":[{"@type":"ListItem","position":1,"name":"Home","item":"https:\/\/recal-se.tbwebsite.com\/no\/"},{"@type":"ListItem","position":2,"name":"Shop","item":"https:\/\/recal-se.tbwebsite.com\/no\/shop\/"},{"@type":"ListItem","position":3,"name":"Markstein &#8211; 30&#215;30 Grafitgr\u00e5"}]},{"@type":"WebSite","@id":"https:\/\/recal-se.tbwebsite.com\/no\/#website","url":"https:\/\/recal-se.tbwebsite.com\/no\/","name":"Recal Norge","description":"Tr\u00e4dg\u00e5rdsprodukter tillverkade i aluminium fr\u00e5n Sm\u00e5land","publisher":{"@id":"https:\/\/recal-se.tbwebsite.com\/no\/#organization"},"potentialAction":[{"@type":"SearchAction","target":{"@type":"EntryPoint","urlTemplate":"https:\/\/recal-se.tbwebsite.com\/no\/?s={search_term_string}"},"query-input":"required name=search_term_string"}],"inLanguage":"nb-NO"},{"@type":"Organization","@id":"https:\/\/recal-se.tbwebsite.com\/no\/#organization","name":"Recal Norge","url":"https:\/\/recal-se.tbwebsite.com\/no\/","logo":{"@type":"ImageObject","inLanguage":"nb-NO","@id":"https:\/\/recal-se.tbwebsite.com\/no\/#\/schema\/logo\/image\/","url":"https:\/\/recal-se.tbwebsite.com\/no\/wp-content\/uploads\/sites\/5\/2020\/06\/recal-logotype_svart_1.png","contentUrl":"https:\/\/recal-se.tbwebsite.com\/no\/wp-content\/uploads\/sites\/5\/2020\/06\/recal-logotype_svart_1.png","width":260,"height":52,"caption":"Recal Norge"},"image":{"@id":"https:\/\/recal-se.tbwebsite.com\/no\/#\/schema\/logo\/image\/"}}]}},"_links":{"self":[{"href":"https:\/\/recal-se.tbwebsite.com\/no\/wp-json\/wp\/v2\/product\/4907"}],"collection":[{"href":"https:\/\/recal-se.tbwebsite.com\/no\/wp-json\/wp\/v2\/product"}],"about":[{"href":"https:\/\/recal-se.tbwebsite.com\/no\/wp-json\/wp\/v2\/types\/product"}],"replies":[{"embeddable":true,"href":"https:\/\/recal-se.tbwebsite.com\/no\/wp-json\/wp\/v2\/comments?post=4907"}],"version-history":[{"count":5,"href":"https:\/\/recal-se.tbwebsite.com\/no\/wp-json\/wp\/v2\/product\/4907\/revisions"}],"predecessor-version":[{"id":15318,"href":"https:\/\/recal-se.tbwebsite.com\/no\/wp-json\/wp\/v2\/product\/4907\/revisions\/15318"}],"wp:featuredmedia":[{"embeddable":true,"href":"https:\/\/recal-se.tbwebsite.com\/no\/wp-json\/wp\/v2\/media\/5094"}],"wp:attachment":[{"href":"https:\/\/recal-se.tbwebsite.com\/no\/wp-json\/wp\/v2\/media?parent=4907"}],"wp:term":[{"taxonomy":"product_cat","embeddable":true,"href":"https:\/\/recal-se.tbwebsite.com\/no\/wp-json\/wp\/v2\/product_cat?post=4907"},{"taxonomy":"product_tag","embeddable":true,"href":"https:\/\/recal-se.tbwebsite.com\/no\/wp-json\/wp\/v2\/product_tag?post=4907"}],"curies":[{"name":"wp","href":"https:\/\/api.w.org\/{rel}","templated":true}]}}