{"id":4906,"date":"2023-10-19T12:22:37","date_gmt":"2023-10-19T12:22:37","guid":{"rendered":"https:\/\/recal-se.tbwebsite.com\/?post_type=product&#038;p=4906"},"modified":"2024-02-20T14:45:24","modified_gmt":"2024-02-20T14:45:24","slug":"parasollfot","status":"publish","type":"product","link":"https:\/\/recal-se.tbwebsite.com\/no\/uteplass\/parasollfot\/","title":{"rendered":"Parasollfot"},"content":{"rendered":"<p id=\"tw-target-text\" class=\"tw-data-text tw-text-large tw-ta\" dir=\"ltr\" data-placeholder=\"\u00d6vers\u00e4ttning\" data-ved=\"2ahUKEwjz7-LR2LmEAxWNUXcKHTIpCHYQ3ewLegQIBRAT\"><span class=\"Y2IQFc\" lang=\"no\">V\u00e5r parasollbase laget av resirkulert plast er en praktisk l\u00f8sning for \u00e5 holde parasollen p\u00e5 plass! <\/span><\/p>\n<p class=\"tw-data-text tw-text-large tw-ta\" dir=\"ltr\" data-placeholder=\"\u00d6vers\u00e4ttning\" data-ved=\"2ahUKEwjz7-LR2LmEAxWNUXcKHTIpCHYQ3ewLegQIBRAT\"><span class=\"Y2IQFc\" lang=\"no\">Laget av resirkulert gummi og passer til de fleste parasoller. Parasollfoten passer til alle parasoller med en diameter p\u00e5 26-40mm. <\/span><\/p>\n<p class=\"tw-data-text tw-text-large tw-ta\" dir=\"ltr\" data-placeholder=\"\u00d6vers\u00e4ttning\" data-ved=\"2ahUKEwjz7-LR2LmEAxWNUXcKHTIpCHYQ3ewLegQIBRAT\"><span class=\"Y2IQFc\" lang=\"no\">Med en vekt p\u00e5 17 kg er den stabil, men samtidig lett \u00e5 flytte. Dette produktet er perfekt for parasoller for bord med en sentrert plassering. Du trenger heller ikke fylle sand eller vann f\u00f8r montering, s\u00e5 det er bare \u00e5 begynne \u00e5 bruke med en gang!<\/span><\/p>\n<div class=\"Output INFO\" dir=\"ltr\"><\/div>\n<table width=\"406\">\n<tbody>\n<tr>\n<td width=\"81\">F\u00e4rg<\/td>\n<td width=\"99\">Antal<\/td>\n<td width=\"82\">Nettovikt<\/td>\n<td width=\"144\">Dimensioner(L,B,H) CM<\/td>\n<\/tr>\n<\/tbody>\n<\/table>\n<table width=\"406\">\n<tbody>\n<tr>\n<td width=\"81\">Skiffer<\/td>\n<td width=\"99\">1<\/td>\n<td width=\"82\">17<\/td>\n<td width=\"144\">40x40x14<\/td>\n<\/tr>\n<\/tbody>\n<\/table>\n<div id=\"tw-target-text-container\" class=\"tw-ta-container F0azHf tw-nfl\">\n<pre id=\"tw-target-text\" class=\"tw-data-text tw-text-large tw-ta\" dir=\"ltr\" data-placeholder=\"\u00d6vers\u00e4ttning\" data-ved=\"2ahUKEwjz7-LR2LmEAxWNUXcKHTIpCHYQ3ewLegQIBRAT\"><span class=\"Y2IQFc\" lang=\"no\">Oppdag den eksepsjonelle kvaliteten, holdbarheten og stilige designene til v\u00e5re allsidige utend\u00f8rsprodukter, alt n\u00f8ye utformet med holdbarhet i tankene. Forvandle uterommene dine til innbydende helligdommer, perfekt for \u00e5 nyte naturens skj\u00f8nnhet.<\/span><\/pre>\n<\/div>\n<div id=\"tw-target-rmn-container\" class=\"tw-target-rmn tw-ta-container F0azHf tw-nfl\">\n<pre id=\"tw-target-rmn\" class=\"tw-data-placeholder tw-text-small tw-ta\" dir=\"ltr\" data-placeholder=\"\"><\/pre>\n<\/div>\n","protected":false},"excerpt":{"rendered":"<p id=\"tw-target-text\" class=\"tw-data-text tw-text-large tw-ta\" dir=\"ltr\" data-placeholder=\"\u00d6vers\u00e4ttning\" data-ved=\"2ahUKEwjz7-LR2LmEAxWNUXcKHTIpCHYQ3ewLegQIBRAT\"><span class=\"Y2IQFc\" lang=\"no\">V\u00e5r parasollbase laget av resirkulert plast er en praktisk l\u00f8sning for \u00e5 holde parasollen p\u00e5 plass! <\/span><\/p>\n<p class=\"tw-data-text tw-text-large tw-ta\" dir=\"ltr\" data-placeholder=\"\u00d6vers\u00e4ttning\" data-ved=\"2ahUKEwjz7-LR2LmEAxWNUXcKHTIpCHYQ3ewLegQIBRAT\"><span class=\"Y2IQFc\" lang=\"no\">Laget av resirkulert gummi og passer til de fleste parasoller. Parasollfoten passer til alle parasoller med en diameter p\u00e5 26-40mm. <\/span><\/p>\n","protected":false},"featured_media":5107,"comment_status":"open","ping_status":"closed","template":"","meta":{"_acf_changed":false},"product_cat":[244],"product_tag":[249,250,251],"composite_virtual":false,"composite_layout":"","composite_add_to_cart_form_location":"","composite_editable_in_cart":false,"composite_sold_individually_context":"","composite_shop_price_calc":"","composite_components":[],"composite_scenarios":[],"acf":[],"yoast_head":"<!-- This site is optimized with the Yoast SEO plugin v22.2 - https:\/\/yoast.com\/wordpress\/plugins\/seo\/ -->\n<title>Parasollfot - Recal Norge<\/title>\n<meta name=\"description\" content=\"V\u00e5r parasollfot laget av resirkulert plast er en praktisk l\u00f8sning for \u00e5 holde parasollen p\u00e5 plass! Laget av resirkulert gummi og passer til de fleste parasoller. Parasollfoten passer til alle parasoller med en diameter p\u00e5 26-40mm.\" \/>\n<meta name=\"robots\" content=\"index, follow, max-snippet:-1, max-image-preview:large, max-video-preview:-1\" \/>\n<link rel=\"canonical\" href=\"https:\/\/recal-se.tbwebsite.com\/no\/uteplass\/parasollfot\/\" \/>\n<meta property=\"og:locale\" content=\"nb_NO\" \/>\n<meta property=\"og:type\" content=\"article\" \/>\n<meta property=\"og:title\" content=\"Parasollfot - Recal Norge\" \/>\n<meta property=\"og:description\" content=\"V\u00e5r parasollfot laget av resirkulert plast er en praktisk l\u00f8sning for \u00e5 holde parasollen p\u00e5 plass! Laget av resirkulert gummi og passer til de fleste parasoller. Parasollfoten passer til alle parasoller med en diameter p\u00e5 26-40mm.\" \/>\n<meta property=\"og:url\" content=\"https:\/\/recal-se.tbwebsite.com\/no\/uteplass\/parasollfot\/\" \/>\n<meta property=\"og:site_name\" content=\"Recal Norge\" \/>\n<meta property=\"article:modified_time\" content=\"2024-02-20T14:45:24+00:00\" \/>\n<meta property=\"og:image\" content=\"https:\/\/recal-se.tbwebsite.com\/no\/wp-content\/uploads\/sites\/5\/2023\/10\/UMBRELLA_BASE_B-scaled-1.png\" \/>\n\t<meta property=\"og:image:width\" content=\"1400\" \/>\n\t<meta property=\"og:image:height\" content=\"1400\" \/>\n\t<meta property=\"og:image:type\" content=\"image\/png\" \/>\n<meta name=\"twitter:card\" content=\"summary_large_image\" \/>\n<meta name=\"twitter:label1\" content=\"Ansl. lesetid\" \/>\n\t<meta name=\"twitter:data1\" content=\"1 minutt\" \/>\n<script type=\"application\/ld+json\" class=\"yoast-schema-graph\">{\"@context\":\"https:\/\/schema.org\",\"@graph\":[{\"@type\":\"WebPage\",\"@id\":\"https:\/\/recal-se.tbwebsite.com\/no\/uteplass\/parasollfot\/\",\"url\":\"https:\/\/recal-se.tbwebsite.com\/no\/uteplass\/parasollfot\/\",\"name\":\"Parasollfot - Recal Norge\",\"isPartOf\":{\"@id\":\"https:\/\/recal-se.tbwebsite.com\/no\/#website\"},\"primaryImageOfPage\":{\"@id\":\"https:\/\/recal-se.tbwebsite.com\/no\/uteplass\/parasollfot\/#primaryimage\"},\"image\":{\"@id\":\"https:\/\/recal-se.tbwebsite.com\/no\/uteplass\/parasollfot\/#primaryimage\"},\"thumbnailUrl\":\"https:\/\/recal-se.tbwebsite.com\/no\/wp-content\/uploads\/sites\/5\/2023\/10\/UMBRELLA_BASE_B-scaled-1.png\",\"datePublished\":\"2023-10-19T12:22:37+00:00\",\"dateModified\":\"2024-02-20T14:45:24+00:00\",\"description\":\"V\u00e5r parasollfot laget av resirkulert plast er en praktisk l\u00f8sning for \u00e5 holde parasollen p\u00e5 plass! Laget av resirkulert gummi og passer til de fleste parasoller. Parasollfoten passer til alle parasoller med en diameter p\u00e5 26-40mm.\",\"breadcrumb\":{\"@id\":\"https:\/\/recal-se.tbwebsite.com\/no\/uteplass\/parasollfot\/#breadcrumb\"},\"inLanguage\":\"nb-NO\",\"potentialAction\":[{\"@type\":\"ReadAction\",\"target\":[\"https:\/\/recal-se.tbwebsite.com\/no\/uteplass\/parasollfot\/\"]}]},{\"@type\":\"ImageObject\",\"inLanguage\":\"nb-NO\",\"@id\":\"https:\/\/recal-se.tbwebsite.com\/no\/uteplass\/parasollfot\/#primaryimage\",\"url\":\"https:\/\/recal-se.tbwebsite.com\/no\/wp-content\/uploads\/sites\/5\/2023\/10\/UMBRELLA_BASE_B-scaled-1.png\",\"contentUrl\":\"https:\/\/recal-se.tbwebsite.com\/no\/wp-content\/uploads\/sites\/5\/2023\/10\/UMBRELLA_BASE_B-scaled-1.png\",\"width\":1400,\"height\":1400},{\"@type\":\"BreadcrumbList\",\"@id\":\"https:\/\/recal-se.tbwebsite.com\/no\/uteplass\/parasollfot\/#breadcrumb\",\"itemListElement\":[{\"@type\":\"ListItem\",\"position\":1,\"name\":\"Home\",\"item\":\"https:\/\/recal-se.tbwebsite.com\/no\/\"},{\"@type\":\"ListItem\",\"position\":2,\"name\":\"Shop\",\"item\":\"https:\/\/recal-se.tbwebsite.com\/no\/shop\/\"},{\"@type\":\"ListItem\",\"position\":3,\"name\":\"Parasollfot\"}]},{\"@type\":\"WebSite\",\"@id\":\"https:\/\/recal-se.tbwebsite.com\/no\/#website\",\"url\":\"https:\/\/recal-se.tbwebsite.com\/no\/\",\"name\":\"Recal Norge\",\"description\":\"Tr\u00e4dg\u00e5rdsprodukter tillverkade i aluminium fr\u00e5n Sm\u00e5land\",\"publisher\":{\"@id\":\"https:\/\/recal-se.tbwebsite.com\/no\/#organization\"},\"potentialAction\":[{\"@type\":\"SearchAction\",\"target\":{\"@type\":\"EntryPoint\",\"urlTemplate\":\"https:\/\/recal-se.tbwebsite.com\/no\/?s={search_term_string}\"},\"query-input\":\"required name=search_term_string\"}],\"inLanguage\":\"nb-NO\"},{\"@type\":\"Organization\",\"@id\":\"https:\/\/recal-se.tbwebsite.com\/no\/#organization\",\"name\":\"Recal Norge\",\"url\":\"https:\/\/recal-se.tbwebsite.com\/no\/\",\"logo\":{\"@type\":\"ImageObject\",\"inLanguage\":\"nb-NO\",\"@id\":\"https:\/\/recal-se.tbwebsite.com\/no\/#\/schema\/logo\/image\/\",\"url\":\"https:\/\/recal-se.tbwebsite.com\/no\/wp-content\/uploads\/sites\/5\/2020\/06\/recal-logotype_svart_1.png\",\"contentUrl\":\"https:\/\/recal-se.tbwebsite.com\/no\/wp-content\/uploads\/sites\/5\/2020\/06\/recal-logotype_svart_1.png\",\"width\":260,\"height\":52,\"caption\":\"Recal Norge\"},\"image\":{\"@id\":\"https:\/\/recal-se.tbwebsite.com\/no\/#\/schema\/logo\/image\/\"}}]}<\/script>\n<!-- \/ Yoast SEO plugin. -->","yoast_head_json":{"title":"Parasollfot - Recal Norge","description":"V\u00e5r parasollfot laget av resirkulert plast er en praktisk l\u00f8sning for \u00e5 holde parasollen p\u00e5 plass! Laget av resirkulert gummi og passer til de fleste parasoller. Parasollfoten passer til alle parasoller med en diameter p\u00e5 26-40mm.","robots":{"index":"index","follow":"follow","max-snippet":"max-snippet:-1","max-image-preview":"max-image-preview:large","max-video-preview":"max-video-preview:-1"},"canonical":"https:\/\/recal-se.tbwebsite.com\/no\/uteplass\/parasollfot\/","og_locale":"nb_NO","og_type":"article","og_title":"Parasollfot - Recal Norge","og_description":"V\u00e5r parasollfot laget av resirkulert plast er en praktisk l\u00f8sning for \u00e5 holde parasollen p\u00e5 plass! Laget av resirkulert gummi og passer til de fleste parasoller. Parasollfoten passer til alle parasoller med en diameter p\u00e5 26-40mm.","og_url":"https:\/\/recal-se.tbwebsite.com\/no\/uteplass\/parasollfot\/","og_site_name":"Recal Norge","article_modified_time":"2024-02-20T14:45:24+00:00","og_image":[{"width":1400,"height":1400,"url":"https:\/\/recal-se.tbwebsite.com\/no\/wp-content\/uploads\/sites\/5\/2023\/10\/UMBRELLA_BASE_B-scaled-1.png","type":"image\/png"}],"twitter_card":"summary_large_image","twitter_misc":{"Ansl. lesetid":"1 minutt"},"schema":{"@context":"https:\/\/schema.org","@graph":[{"@type":"WebPage","@id":"https:\/\/recal-se.tbwebsite.com\/no\/uteplass\/parasollfot\/","url":"https:\/\/recal-se.tbwebsite.com\/no\/uteplass\/parasollfot\/","name":"Parasollfot - Recal Norge","isPartOf":{"@id":"https:\/\/recal-se.tbwebsite.com\/no\/#website"},"primaryImageOfPage":{"@id":"https:\/\/recal-se.tbwebsite.com\/no\/uteplass\/parasollfot\/#primaryimage"},"image":{"@id":"https:\/\/recal-se.tbwebsite.com\/no\/uteplass\/parasollfot\/#primaryimage"},"thumbnailUrl":"https:\/\/recal-se.tbwebsite.com\/no\/wp-content\/uploads\/sites\/5\/2023\/10\/UMBRELLA_BASE_B-scaled-1.png","datePublished":"2023-10-19T12:22:37+00:00","dateModified":"2024-02-20T14:45:24+00:00","description":"V\u00e5r parasollfot laget av resirkulert plast er en praktisk l\u00f8sning for \u00e5 holde parasollen p\u00e5 plass! Laget av resirkulert gummi og passer til de fleste parasoller. Parasollfoten passer til alle parasoller med en diameter p\u00e5 26-40mm.","breadcrumb":{"@id":"https:\/\/recal-se.tbwebsite.com\/no\/uteplass\/parasollfot\/#breadcrumb"},"inLanguage":"nb-NO","potentialAction":[{"@type":"ReadAction","target":["https:\/\/recal-se.tbwebsite.com\/no\/uteplass\/parasollfot\/"]}]},{"@type":"ImageObject","inLanguage":"nb-NO","@id":"https:\/\/recal-se.tbwebsite.com\/no\/uteplass\/parasollfot\/#primaryimage","url":"https:\/\/recal-se.tbwebsite.com\/no\/wp-content\/uploads\/sites\/5\/2023\/10\/UMBRELLA_BASE_B-scaled-1.png","contentUrl":"https:\/\/recal-se.tbwebsite.com\/no\/wp-content\/uploads\/sites\/5\/2023\/10\/UMBRELLA_BASE_B-scaled-1.png","width":1400,"height":1400},{"@type":"BreadcrumbList","@id":"https:\/\/recal-se.tbwebsite.com\/no\/uteplass\/parasollfot\/#breadcrumb","itemListElement":[{"@type":"ListItem","position":1,"name":"Home","item":"https:\/\/recal-se.tbwebsite.com\/no\/"},{"@type":"ListItem","position":2,"name":"Shop","item":"https:\/\/recal-se.tbwebsite.com\/no\/shop\/"},{"@type":"ListItem","position":3,"name":"Parasollfot"}]},{"@type":"WebSite","@id":"https:\/\/recal-se.tbwebsite.com\/no\/#website","url":"https:\/\/recal-se.tbwebsite.com\/no\/","name":"Recal Norge","description":"Tr\u00e4dg\u00e5rdsprodukter tillverkade i aluminium fr\u00e5n Sm\u00e5land","publisher":{"@id":"https:\/\/recal-se.tbwebsite.com\/no\/#organization"},"potentialAction":[{"@type":"SearchAction","target":{"@type":"EntryPoint","urlTemplate":"https:\/\/recal-se.tbwebsite.com\/no\/?s={search_term_string}"},"query-input":"required name=search_term_string"}],"inLanguage":"nb-NO"},{"@type":"Organization","@id":"https:\/\/recal-se.tbwebsite.com\/no\/#organization","name":"Recal Norge","url":"https:\/\/recal-se.tbwebsite.com\/no\/","logo":{"@type":"ImageObject","inLanguage":"nb-NO","@id":"https:\/\/recal-se.tbwebsite.com\/no\/#\/schema\/logo\/image\/","url":"https:\/\/recal-se.tbwebsite.com\/no\/wp-content\/uploads\/sites\/5\/2020\/06\/recal-logotype_svart_1.png","contentUrl":"https:\/\/recal-se.tbwebsite.com\/no\/wp-content\/uploads\/sites\/5\/2020\/06\/recal-logotype_svart_1.png","width":260,"height":52,"caption":"Recal Norge"},"image":{"@id":"https:\/\/recal-se.tbwebsite.com\/no\/#\/schema\/logo\/image\/"}}]}},"_links":{"self":[{"href":"https:\/\/recal-se.tbwebsite.com\/no\/wp-json\/wp\/v2\/product\/4906"}],"collection":[{"href":"https:\/\/recal-se.tbwebsite.com\/no\/wp-json\/wp\/v2\/product"}],"about":[{"href":"https:\/\/recal-se.tbwebsite.com\/no\/wp-json\/wp\/v2\/types\/product"}],"replies":[{"embeddable":true,"href":"https:\/\/recal-se.tbwebsite.com\/no\/wp-json\/wp\/v2\/comments?post=4906"}],"version-history":[{"count":4,"href":"https:\/\/recal-se.tbwebsite.com\/no\/wp-json\/wp\/v2\/product\/4906\/revisions"}],"predecessor-version":[{"id":15309,"href":"https:\/\/recal-se.tbwebsite.com\/no\/wp-json\/wp\/v2\/product\/4906\/revisions\/15309"}],"wp:featuredmedia":[{"embeddable":true,"href":"https:\/\/recal-se.tbwebsite.com\/no\/wp-json\/wp\/v2\/media\/5107"}],"wp:attachment":[{"href":"https:\/\/recal-se.tbwebsite.com\/no\/wp-json\/wp\/v2\/media?parent=4906"}],"wp:term":[{"taxonomy":"product_cat","embeddable":true,"href":"https:\/\/recal-se.tbwebsite.com\/no\/wp-json\/wp\/v2\/product_cat?post=4906"},{"taxonomy":"product_tag","embeddable":true,"href":"https:\/\/recal-se.tbwebsite.com\/no\/wp-json\/wp\/v2\/product_tag?post=4906"}],"curies":[{"name":"wp","href":"https:\/\/api.w.org\/{rel}","templated":true}]}}