{"id":4905,"date":"2023-10-19T12:22:37","date_gmt":"2023-10-19T12:22:37","guid":{"rendered":"https:\/\/recal-se.tbwebsite.com\/?post_type=product&#038;p=4905"},"modified":"2024-02-20T09:46:15","modified_gmt":"2024-02-20T09:46:15","slug":"bedkant-landscape","status":"publish","type":"product","link":"https:\/\/recal-se.tbwebsite.com\/no\/bedkanter\/bedkant-landscape\/","title":{"rendered":"Bedkant &#8211; Landscape"},"content":{"rendered":"<div id=\"tw-target-text-container\" class=\"tw-ta-container F0azHf tw-nfl\">\n<p id=\"tw-target-text\" class=\"tw-data-text tw-text-large tw-ta\" dir=\"ltr\" data-placeholder=\"\u00d6vers\u00e4ttning\" data-ved=\"2ahUKEwjgzqf2rreEAxU9IBAIHacXDWgQ3ewLegQIBRAT\"><span class=\"Y2IQFc\" lang=\"no\">Ser du etter en stabil og fleksibel bedkant?<\/span><\/p>\n<p class=\"tw-data-text tw-text-large tw-ta\" dir=\"ltr\" data-placeholder=\"\u00d6vers\u00e4ttning\" data-ved=\"2ahUKEwjgzqf2rreEAxU9IBAIHacXDWgQ3ewLegQIBRAT\"><span class=\"Y2IQFc\" lang=\"no\"> Da har vi det perfekte produktet, bedkanten Landscape er\u00a0 Fleksibel og ekstremt slitesterk, lett \u00e5 forme kanter eller tilpasse til rette eller buede omr\u00e5der. N\u00e5 kan du kj\u00f8pe bedkant til en konkurransedyktig pris og definere hva du vil ha i hagen. <\/span><\/p>\n<p class=\"tw-data-text tw-text-large tw-ta\" dir=\"ltr\" data-placeholder=\"\u00d6vers\u00e4ttning\" data-ved=\"2ahUKEwjgzqf2rreEAxU9IBAIHacXDWgQ3ewLegQIBRAT\"><span class=\"Y2IQFc\" lang=\"no\">Kan ogs\u00e5 lages til en trering og er enkel \u00e5 forme etter eget \u00f8nske. Bedkantlandskap gir lang holdbarhet i alle v\u00e6rforhold! Laget av resirkulerte bildekk, er det et perfekt milj\u00f8valg samtidig som det er en jevn installasjon. 4 spiker for montering er inkludert i pakken.<\/span><\/p>\n<\/div>\n<div id=\"tw-target-rmn-container\" class=\"tw-target-rmn tw-ta-container F0azHf tw-nfl\">\n<pre id=\"tw-target-rmn\" class=\"tw-data-placeholder tw-text-small tw-ta\" dir=\"ltr\" data-placeholder=\"\"><\/pre>\n<\/div>\n<p>&nbsp;<\/p>\n<table width=\"406\">\n<tbody>\n<tr>\n<td width=\"81\">Farge<\/td>\n<td width=\"99\">Antal<\/td>\n<td width=\"82\">Nettovikt<\/td>\n<td width=\"144\">Dimensioner(L,B,H) CM<\/td>\n<\/tr>\n<\/tbody>\n<\/table>\n<table width=\"406\">\n<tbody>\n<tr>\n<td width=\"81\">Skiffer<\/td>\n<td width=\"99\">1st<\/td>\n<td width=\"82\">1,3<\/td>\n<td width=\"144\">100x7x9<\/td>\n<\/tr>\n<\/tbody>\n<\/table>\n<p id=\"tw-target-text\" class=\"tw-data-text tw-text-large tw-ta\" dir=\"ltr\" data-placeholder=\"\u00d6vers\u00e4ttning\" data-ved=\"2ahUKEwjgzqf2rreEAxU9IBAIHacXDWgQ3ewLegQIBRAT\"><span class=\"Y2IQFc\" lang=\"no\">Oppdag den eksepsjonelle kvaliteten, holdbarheten og stilige designene til v\u00e5re allsidige utend\u00f8rsprodukter, alt n\u00f8ye utformet med holdbarhet i tankene. Opplev enkel og effektiv hageavgrensning med v\u00e5r 9 cm h\u00f8ye bedkant landscape.<br \/>\nForvandle uterommene dine til innbydende helligdommer, perfekt for \u00e5 nyte naturens skj\u00f8nnhet.<\/span><\/p>\n<p>&nbsp;<\/p>\n","protected":false},"excerpt":{"rendered":"<p><span class=\"Y2IQFc\" lang=\"no\">Oppdag den eksepsjonelle kvaliteten, holdbarheten og stilige designene til v\u00e5re allsidige utend\u00f8rsprodukter, alt n\u00f8ye utformet med holdbarhet i tankene. Opplev enkel og effektiv hageavgrensning med v\u00e5r 9 cm h\u00f8ye bedkant landscape.<br \/>\nForvandle uterommene dine til innbydende helligdommer, perfekt for \u00e5 nyte naturens skj\u00f8nnhet.<\/span><\/p>\n","protected":false},"featured_media":5115,"comment_status":"open","ping_status":"closed","template":"","meta":{"_acf_changed":false},"product_cat":[93],"product_tag":[247,248,97],"composite_virtual":false,"composite_layout":"","composite_add_to_cart_form_location":"","composite_editable_in_cart":false,"composite_sold_individually_context":"","composite_shop_price_calc":"","composite_components":[],"composite_scenarios":[],"acf":[],"yoast_head":"<!-- This site is optimized with the Yoast SEO plugin v22.2 - https:\/\/yoast.com\/wordpress\/plugins\/seo\/ -->\n<title>Bedkant - Landscape - Recal Norge<\/title>\n<meta name=\"description\" content=\"Oppdag den eksepsjonelle kvaliteten, holdbarheten og stilige designene til v\u00e5re allsidige utend\u00f8rsprodukter, alt n\u00f8ye utformet med holdbarhet i tankene. Opplev enkel og effektiv hageavgrensning med v\u00e5r 9 cm h\u00f8ye bedkant landscape.Forvandle uterommene dine til innbydende helligdommer, perfekt for \u00e5 nyte naturens skj\u00f8nnhet.\" \/>\n<meta name=\"robots\" content=\"index, follow, max-snippet:-1, max-image-preview:large, max-video-preview:-1\" \/>\n<link rel=\"canonical\" href=\"https:\/\/recal-se.tbwebsite.com\/no\/bedkanter\/bedkant-landscape\/\" \/>\n<meta property=\"og:locale\" content=\"nb_NO\" \/>\n<meta property=\"og:type\" content=\"article\" \/>\n<meta property=\"og:title\" content=\"Bedkant - Landscape - Recal Norge\" \/>\n<meta property=\"og:description\" content=\"Oppdag den eksepsjonelle kvaliteten, holdbarheten og stilige designene til v\u00e5re allsidige utend\u00f8rsprodukter, alt n\u00f8ye utformet med holdbarhet i tankene. Opplev enkel og effektiv hageavgrensning med v\u00e5r 9 cm h\u00f8ye bedkant landscape.Forvandle uterommene dine til innbydende helligdommer, perfekt for \u00e5 nyte naturens skj\u00f8nnhet.\" \/>\n<meta property=\"og:url\" content=\"https:\/\/recal-se.tbwebsite.com\/no\/bedkanter\/bedkant-landscape\/\" \/>\n<meta property=\"og:site_name\" content=\"Recal Norge\" \/>\n<meta property=\"article:modified_time\" content=\"2024-02-20T09:46:15+00:00\" \/>\n<meta property=\"og:image\" content=\"https:\/\/recal-se.tbwebsite.com\/no\/wp-content\/uploads\/sites\/5\/2023\/10\/5903104910570-2-scaled-1.png\" \/>\n\t<meta property=\"og:image:width\" content=\"1400\" \/>\n\t<meta property=\"og:image:height\" content=\"1401\" \/>\n\t<meta property=\"og:image:type\" content=\"image\/png\" \/>\n<meta name=\"twitter:card\" content=\"summary_large_image\" \/>\n<meta name=\"twitter:label1\" content=\"Ansl. lesetid\" \/>\n\t<meta name=\"twitter:data1\" content=\"1 minutt\" \/>\n<script type=\"application\/ld+json\" class=\"yoast-schema-graph\">{\"@context\":\"https:\/\/schema.org\",\"@graph\":[{\"@type\":\"WebPage\",\"@id\":\"https:\/\/recal-se.tbwebsite.com\/no\/bedkanter\/bedkant-landscape\/\",\"url\":\"https:\/\/recal-se.tbwebsite.com\/no\/bedkanter\/bedkant-landscape\/\",\"name\":\"Bedkant - Landscape - Recal Norge\",\"isPartOf\":{\"@id\":\"https:\/\/recal-se.tbwebsite.com\/no\/#website\"},\"primaryImageOfPage\":{\"@id\":\"https:\/\/recal-se.tbwebsite.com\/no\/bedkanter\/bedkant-landscape\/#primaryimage\"},\"image\":{\"@id\":\"https:\/\/recal-se.tbwebsite.com\/no\/bedkanter\/bedkant-landscape\/#primaryimage\"},\"thumbnailUrl\":\"https:\/\/recal-se.tbwebsite.com\/no\/wp-content\/uploads\/sites\/5\/2023\/10\/5903104910570-2-scaled-1.png\",\"datePublished\":\"2023-10-19T12:22:37+00:00\",\"dateModified\":\"2024-02-20T09:46:15+00:00\",\"description\":\"Oppdag den eksepsjonelle kvaliteten, holdbarheten og stilige designene til v\u00e5re allsidige utend\u00f8rsprodukter, alt n\u00f8ye utformet med holdbarhet i tankene. Opplev enkel og effektiv hageavgrensning med v\u00e5r 9 cm h\u00f8ye bedkant landscape.Forvandle uterommene dine til innbydende helligdommer, perfekt for \u00e5 nyte naturens skj\u00f8nnhet.\",\"breadcrumb\":{\"@id\":\"https:\/\/recal-se.tbwebsite.com\/no\/bedkanter\/bedkant-landscape\/#breadcrumb\"},\"inLanguage\":\"nb-NO\",\"potentialAction\":[{\"@type\":\"ReadAction\",\"target\":[\"https:\/\/recal-se.tbwebsite.com\/no\/bedkanter\/bedkant-landscape\/\"]}]},{\"@type\":\"ImageObject\",\"inLanguage\":\"nb-NO\",\"@id\":\"https:\/\/recal-se.tbwebsite.com\/no\/bedkanter\/bedkant-landscape\/#primaryimage\",\"url\":\"https:\/\/recal-se.tbwebsite.com\/no\/wp-content\/uploads\/sites\/5\/2023\/10\/5903104910570-2-scaled-1.png\",\"contentUrl\":\"https:\/\/recal-se.tbwebsite.com\/no\/wp-content\/uploads\/sites\/5\/2023\/10\/5903104910570-2-scaled-1.png\",\"width\":1400,\"height\":1401},{\"@type\":\"BreadcrumbList\",\"@id\":\"https:\/\/recal-se.tbwebsite.com\/no\/bedkanter\/bedkant-landscape\/#breadcrumb\",\"itemListElement\":[{\"@type\":\"ListItem\",\"position\":1,\"name\":\"Home\",\"item\":\"https:\/\/recal-se.tbwebsite.com\/no\/\"},{\"@type\":\"ListItem\",\"position\":2,\"name\":\"Shop\",\"item\":\"https:\/\/recal-se.tbwebsite.com\/no\/shop\/\"},{\"@type\":\"ListItem\",\"position\":3,\"name\":\"Bedkant &#8211; Landscape\"}]},{\"@type\":\"WebSite\",\"@id\":\"https:\/\/recal-se.tbwebsite.com\/no\/#website\",\"url\":\"https:\/\/recal-se.tbwebsite.com\/no\/\",\"name\":\"Recal Norge\",\"description\":\"Tr\u00e4dg\u00e5rdsprodukter tillverkade i aluminium fr\u00e5n Sm\u00e5land\",\"publisher\":{\"@id\":\"https:\/\/recal-se.tbwebsite.com\/no\/#organization\"},\"potentialAction\":[{\"@type\":\"SearchAction\",\"target\":{\"@type\":\"EntryPoint\",\"urlTemplate\":\"https:\/\/recal-se.tbwebsite.com\/no\/?s={search_term_string}\"},\"query-input\":\"required name=search_term_string\"}],\"inLanguage\":\"nb-NO\"},{\"@type\":\"Organization\",\"@id\":\"https:\/\/recal-se.tbwebsite.com\/no\/#organization\",\"name\":\"Recal Norge\",\"url\":\"https:\/\/recal-se.tbwebsite.com\/no\/\",\"logo\":{\"@type\":\"ImageObject\",\"inLanguage\":\"nb-NO\",\"@id\":\"https:\/\/recal-se.tbwebsite.com\/no\/#\/schema\/logo\/image\/\",\"url\":\"https:\/\/recal-se.tbwebsite.com\/no\/wp-content\/uploads\/sites\/5\/2020\/06\/recal-logotype_svart_1.png\",\"contentUrl\":\"https:\/\/recal-se.tbwebsite.com\/no\/wp-content\/uploads\/sites\/5\/2020\/06\/recal-logotype_svart_1.png\",\"width\":260,\"height\":52,\"caption\":\"Recal Norge\"},\"image\":{\"@id\":\"https:\/\/recal-se.tbwebsite.com\/no\/#\/schema\/logo\/image\/\"}}]}<\/script>\n<!-- \/ Yoast SEO plugin. -->","yoast_head_json":{"title":"Bedkant - Landscape - Recal Norge","description":"Oppdag den eksepsjonelle kvaliteten, holdbarheten og stilige designene til v\u00e5re allsidige utend\u00f8rsprodukter, alt n\u00f8ye utformet med holdbarhet i tankene. Opplev enkel og effektiv hageavgrensning med v\u00e5r 9 cm h\u00f8ye bedkant landscape.Forvandle uterommene dine til innbydende helligdommer, perfekt for \u00e5 nyte naturens skj\u00f8nnhet.","robots":{"index":"index","follow":"follow","max-snippet":"max-snippet:-1","max-image-preview":"max-image-preview:large","max-video-preview":"max-video-preview:-1"},"canonical":"https:\/\/recal-se.tbwebsite.com\/no\/bedkanter\/bedkant-landscape\/","og_locale":"nb_NO","og_type":"article","og_title":"Bedkant - Landscape - Recal Norge","og_description":"Oppdag den eksepsjonelle kvaliteten, holdbarheten og stilige designene til v\u00e5re allsidige utend\u00f8rsprodukter, alt n\u00f8ye utformet med holdbarhet i tankene. Opplev enkel og effektiv hageavgrensning med v\u00e5r 9 cm h\u00f8ye bedkant landscape.Forvandle uterommene dine til innbydende helligdommer, perfekt for \u00e5 nyte naturens skj\u00f8nnhet.","og_url":"https:\/\/recal-se.tbwebsite.com\/no\/bedkanter\/bedkant-landscape\/","og_site_name":"Recal Norge","article_modified_time":"2024-02-20T09:46:15+00:00","og_image":[{"width":1400,"height":1401,"url":"https:\/\/recal-se.tbwebsite.com\/no\/wp-content\/uploads\/sites\/5\/2023\/10\/5903104910570-2-scaled-1.png","type":"image\/png"}],"twitter_card":"summary_large_image","twitter_misc":{"Ansl. lesetid":"1 minutt"},"schema":{"@context":"https:\/\/schema.org","@graph":[{"@type":"WebPage","@id":"https:\/\/recal-se.tbwebsite.com\/no\/bedkanter\/bedkant-landscape\/","url":"https:\/\/recal-se.tbwebsite.com\/no\/bedkanter\/bedkant-landscape\/","name":"Bedkant - Landscape - Recal Norge","isPartOf":{"@id":"https:\/\/recal-se.tbwebsite.com\/no\/#website"},"primaryImageOfPage":{"@id":"https:\/\/recal-se.tbwebsite.com\/no\/bedkanter\/bedkant-landscape\/#primaryimage"},"image":{"@id":"https:\/\/recal-se.tbwebsite.com\/no\/bedkanter\/bedkant-landscape\/#primaryimage"},"thumbnailUrl":"https:\/\/recal-se.tbwebsite.com\/no\/wp-content\/uploads\/sites\/5\/2023\/10\/5903104910570-2-scaled-1.png","datePublished":"2023-10-19T12:22:37+00:00","dateModified":"2024-02-20T09:46:15+00:00","description":"Oppdag den eksepsjonelle kvaliteten, holdbarheten og stilige designene til v\u00e5re allsidige utend\u00f8rsprodukter, alt n\u00f8ye utformet med holdbarhet i tankene. Opplev enkel og effektiv hageavgrensning med v\u00e5r 9 cm h\u00f8ye bedkant landscape.Forvandle uterommene dine til innbydende helligdommer, perfekt for \u00e5 nyte naturens skj\u00f8nnhet.","breadcrumb":{"@id":"https:\/\/recal-se.tbwebsite.com\/no\/bedkanter\/bedkant-landscape\/#breadcrumb"},"inLanguage":"nb-NO","potentialAction":[{"@type":"ReadAction","target":["https:\/\/recal-se.tbwebsite.com\/no\/bedkanter\/bedkant-landscape\/"]}]},{"@type":"ImageObject","inLanguage":"nb-NO","@id":"https:\/\/recal-se.tbwebsite.com\/no\/bedkanter\/bedkant-landscape\/#primaryimage","url":"https:\/\/recal-se.tbwebsite.com\/no\/wp-content\/uploads\/sites\/5\/2023\/10\/5903104910570-2-scaled-1.png","contentUrl":"https:\/\/recal-se.tbwebsite.com\/no\/wp-content\/uploads\/sites\/5\/2023\/10\/5903104910570-2-scaled-1.png","width":1400,"height":1401},{"@type":"BreadcrumbList","@id":"https:\/\/recal-se.tbwebsite.com\/no\/bedkanter\/bedkant-landscape\/#breadcrumb","itemListElement":[{"@type":"ListItem","position":1,"name":"Home","item":"https:\/\/recal-se.tbwebsite.com\/no\/"},{"@type":"ListItem","position":2,"name":"Shop","item":"https:\/\/recal-se.tbwebsite.com\/no\/shop\/"},{"@type":"ListItem","position":3,"name":"Bedkant &#8211; Landscape"}]},{"@type":"WebSite","@id":"https:\/\/recal-se.tbwebsite.com\/no\/#website","url":"https:\/\/recal-se.tbwebsite.com\/no\/","name":"Recal Norge","description":"Tr\u00e4dg\u00e5rdsprodukter tillverkade i aluminium fr\u00e5n Sm\u00e5land","publisher":{"@id":"https:\/\/recal-se.tbwebsite.com\/no\/#organization"},"potentialAction":[{"@type":"SearchAction","target":{"@type":"EntryPoint","urlTemplate":"https:\/\/recal-se.tbwebsite.com\/no\/?s={search_term_string}"},"query-input":"required name=search_term_string"}],"inLanguage":"nb-NO"},{"@type":"Organization","@id":"https:\/\/recal-se.tbwebsite.com\/no\/#organization","name":"Recal Norge","url":"https:\/\/recal-se.tbwebsite.com\/no\/","logo":{"@type":"ImageObject","inLanguage":"nb-NO","@id":"https:\/\/recal-se.tbwebsite.com\/no\/#\/schema\/logo\/image\/","url":"https:\/\/recal-se.tbwebsite.com\/no\/wp-content\/uploads\/sites\/5\/2020\/06\/recal-logotype_svart_1.png","contentUrl":"https:\/\/recal-se.tbwebsite.com\/no\/wp-content\/uploads\/sites\/5\/2020\/06\/recal-logotype_svart_1.png","width":260,"height":52,"caption":"Recal Norge"},"image":{"@id":"https:\/\/recal-se.tbwebsite.com\/no\/#\/schema\/logo\/image\/"}}]}},"_links":{"self":[{"href":"https:\/\/recal-se.tbwebsite.com\/no\/wp-json\/wp\/v2\/product\/4905"}],"collection":[{"href":"https:\/\/recal-se.tbwebsite.com\/no\/wp-json\/wp\/v2\/product"}],"about":[{"href":"https:\/\/recal-se.tbwebsite.com\/no\/wp-json\/wp\/v2\/types\/product"}],"replies":[{"embeddable":true,"href":"https:\/\/recal-se.tbwebsite.com\/no\/wp-json\/wp\/v2\/comments?post=4905"}],"version-history":[{"count":5,"href":"https:\/\/recal-se.tbwebsite.com\/no\/wp-json\/wp\/v2\/product\/4905\/revisions"}],"predecessor-version":[{"id":15295,"href":"https:\/\/recal-se.tbwebsite.com\/no\/wp-json\/wp\/v2\/product\/4905\/revisions\/15295"}],"wp:featuredmedia":[{"embeddable":true,"href":"https:\/\/recal-se.tbwebsite.com\/no\/wp-json\/wp\/v2\/media\/5115"}],"wp:attachment":[{"href":"https:\/\/recal-se.tbwebsite.com\/no\/wp-json\/wp\/v2\/media?parent=4905"}],"wp:term":[{"taxonomy":"product_cat","embeddable":true,"href":"https:\/\/recal-se.tbwebsite.com\/no\/wp-json\/wp\/v2\/product_cat?post=4905"},{"taxonomy":"product_tag","embeddable":true,"href":"https:\/\/recal-se.tbwebsite.com\/no\/wp-json\/wp\/v2\/product_tag?post=4905"}],"curies":[{"name":"wp","href":"https:\/\/api.w.org\/{rel}","templated":true}]}}