{"id":4900,"date":"2023-10-19T12:22:37","date_gmt":"2023-10-19T12:22:37","guid":{"rendered":"https:\/\/recal-se.tbwebsite.com\/?post_type=product&#038;p=4900"},"modified":"2024-02-07T09:25:59","modified_gmt":"2024-02-07T09:25:59","slug":"blomsterpotte-concerto","status":"publish","type":"product","link":"https:\/\/recal-se.tbwebsite.com\/no\/planting\/blomsterpotte-concerto\/","title":{"rendered":"Blomsterpotte &#8211; Concerto"},"content":{"rendered":"<div id=\"tw-target-text-container\" class=\"tw-ta-container F0azHf tw-nfl\">\n<p id=\"tw-target-text\" class=\"tw-data-text tw-text-large tw-ta\" dir=\"ltr\" data-placeholder=\"\u00d6vers\u00e4ttning\" data-ved=\"2ahUKEwiz69nRvo-EAxXqExAIHShUApgQ3ewLegQIBRAT\"><span class=\"Y2IQFc\" lang=\"no\">Blomsterpotten Concerto med sin vakre avrundede form vil v\u00e6re et stilig tillegg til b\u00e5de innend\u00f8rs og utend\u00f8rs milj\u00f8er. <\/span><\/p>\n<p class=\"tw-data-text tw-text-large tw-ta\" dir=\"ltr\" data-placeholder=\"\u00d6vers\u00e4ttning\" data-ved=\"2ahUKEwiz69nRvo-EAxXqExAIHShUApgQ3ewLegQIBRAT\"><span class=\"Y2IQFc\" lang=\"no\">Hev ditt innend\u00f8rs og utend\u00f8rs hagearbeid med et snev av eleganse og omfavn en gr\u00f8nnere livsstil ved bruk av resirkulerte materialer. <\/span><\/p>\n<p class=\"tw-data-text tw-text-large tw-ta\" dir=\"ltr\" data-placeholder=\"\u00d6vers\u00e4ttning\" data-ved=\"2ahUKEwiz69nRvo-EAxXqExAIHShUApgQ3ewLegQIBRAT\"><span class=\"Y2IQFc\" lang=\"no\">La naturen trives mens du uttrykker stilen din. Finnes i st\u00f8rrelsene 50 og 66 cm i fargen Skifer og st\u00e5lgr\u00e5.<\/span><\/p>\n<\/div>\n<div id=\"tw-target-rmn-container\" class=\"tw-target-rmn tw-ta-container F0azHf tw-nfl\">\n<pre id=\"tw-target-rmn\" class=\"tw-data-placeholder tw-text-small tw-ta\" dir=\"ltr\" data-placeholder=\"\"><\/pre>\n<\/div>\n<p id=\"tw-target-text\" class=\"tw-data-text tw-text-large tw-ta\" dir=\"ltr\" data-placeholder=\"\u00d6vers\u00e4ttning\" data-ved=\"2ahUKEwiz69nRvo-EAxXqExAIHShUApgQ3ewLegQIBRAT\"><span class=\"Y2IQFc\" lang=\"no\">Hver blomsterpotte fra MultyHome er utstyrt med et smart innebygd vannreservoar, som sikrer et optimalt fuktighetsniv\u00e5 for plantene dine uansett hvor du plasserer dem.<\/span><\/p>\n<p class=\"tw-data-text tw-text-large tw-ta\" dir=\"ltr\" data-placeholder=\"\u00d6vers\u00e4ttning\" data-ved=\"2ahUKEwiz69nRvo-EAxXqExAIHShUApgQ3ewLegQIBRAT\"><span class=\"Y2IQFc\" lang=\"no\">I tillegg er blomsterpotten frost- og UV-bestandig, noe som gj\u00f8r at den beholder sin skj\u00f8nnhet og kvalitet selv under t\u00f8ffe forhold. <\/span><\/p>\n<p class=\"tw-data-text tw-text-large tw-ta\" dir=\"ltr\" data-placeholder=\"\u00d6vers\u00e4ttning\" data-ved=\"2ahUKEwiz69nRvo-EAxXqExAIHShUApgQ3ewLegQIBRAT\"><span class=\"Y2IQFc\" lang=\"no\">Oppgrader plantearrangementene dine med v\u00e5re stilige og p\u00e5litelige blomsterpotter <\/span><\/p>\n<p class=\"tw-data-text tw-text-large tw-ta\" dir=\"ltr\" data-placeholder=\"\u00d6vers\u00e4ttning\" data-ved=\"2ahUKEwiz69nRvo-EAxXqExAIHShUApgQ3ewLegQIBRAT\"><span class=\"Y2IQFc\" lang=\"no\">&#8211; like vakre innend\u00f8rs som utend\u00f8rs. <\/span><\/p>\n<p class=\"tw-data-text tw-text-large tw-ta\" dir=\"ltr\" data-placeholder=\"\u00d6vers\u00e4ttning\" data-ved=\"2ahUKEwiz69nRvo-EAxXqExAIHShUApgQ3ewLegQIBRAT\"><span class=\"Y2IQFc\" lang=\"no\">&#8211; Holdbarhet i all slags v\u00e6r <\/span><\/p>\n<p class=\"tw-data-text tw-text-large tw-ta\" dir=\"ltr\" data-placeholder=\"\u00d6vers\u00e4ttning\" data-ved=\"2ahUKEwiz69nRvo-EAxXqExAIHShUApgQ3ewLegQIBRAT\"><span class=\"Y2IQFc\" lang=\"no\">&#8211;<\/span><span class=\"Y2IQFc\" lang=\"no\"> Motstand mot ekstreme v\u00e6rforhold <\/span><\/p>\n<p class=\"tw-data-text tw-text-large tw-ta\" dir=\"ltr\" data-placeholder=\"\u00d6vers\u00e4ttning\" data-ved=\"2ahUKEwiz69nRvo-EAxXqExAIHShUApgQ3ewLegQIBRAT\"><span class=\"Y2IQFc\" lang=\"no\">&#8211; Milj\u00f8vennlig <\/span><\/p>\n<p class=\"tw-data-text tw-text-large tw-ta\" dir=\"ltr\" data-placeholder=\"\u00d6vers\u00e4ttning\" data-ved=\"2ahUKEwiz69nRvo-EAxXqExAIHShUApgQ3ewLegQIBRAT\"><span class=\"Y2IQFc\" lang=\"no\">&#8211; laget av resirkulerte gummidekk<\/span><\/p>\n<p class=\"tw-data-text tw-text-large tw-ta\" dir=\"ltr\" data-placeholder=\"\u00d6vers\u00e4ttning\" data-ved=\"2ahUKEwiz69nRvo-EAxXqExAIHShUApgQ3ewLegQIBRAT\"><span class=\"Y2IQFc\" lang=\"no\">&#8211; Selvvanning <\/span><\/p>\n<p class=\"tw-data-text tw-text-large tw-ta\" dir=\"ltr\" data-placeholder=\"\u00d6vers\u00e4ttning\" data-ved=\"2ahUKEwiz69nRvo-EAxXqExAIHShUApgQ3ewLegQIBRAT\"><span class=\"Y2IQFc\" lang=\"no\">&#8211; lar deg la plantene dine st\u00e5 i opptil 1 uke <\/span><\/p>\n<p class=\"tw-data-text tw-text-large tw-ta\" dir=\"ltr\" data-placeholder=\"\u00d6vers\u00e4ttning\" data-ved=\"2ahUKEwiz69nRvo-EAxXqExAIHShUApgQ3ewLegQIBRAT\"><span class=\"Y2IQFc\" lang=\"no\">&#8211; Ingen sprekker <\/span><\/p>\n<p class=\"tw-data-text tw-text-large tw-ta\" dir=\"ltr\" data-placeholder=\"\u00d6vers\u00e4ttning\" data-ved=\"2ahUKEwiz69nRvo-EAxXqExAIHShUApgQ3ewLegQIBRAT\"><span class=\"Y2IQFc\" lang=\"no\">&#8211; ikke skadet i ekstremt varme eller kalde temperaturer, kan st\u00e5 ute hele \u00e5ret<\/span><\/p>\n<p class=\"tw-data-text tw-text-large tw-ta\" dir=\"ltr\" data-placeholder=\"\u00d6vers\u00e4ttning\" data-ved=\"2ahUKEwiz69nRvo-EAxXqExAIHShUApgQ3ewLegQIBRAT\"><span class=\"Y2IQFc\" lang=\"no\">&#8211; Flekkbestandig og lett \u00e5 rengj\u00f8re<\/span><\/p>\n<p class=\"tw-data-text tw-text-large tw-ta\" dir=\"ltr\" data-placeholder=\"\u00d6vers\u00e4ttning\" data-ved=\"2ahUKEwiz69nRvo-EAxXqExAIHShUApgQ3ewLegQIBRAT\"><span class=\"Y2IQFc\" lang=\"no\">&#8211; Egnet for innend\u00f8rs og utend\u00f8rs bruk <\/span><\/p>\n<p class=\"tw-data-text tw-text-large tw-ta\" dir=\"ltr\" data-placeholder=\"\u00d6vers\u00e4ttning\" data-ved=\"2ahUKEwiz69nRvo-EAxXqExAIHShUApgQ3ewLegQIBRAT\"><span class=\"Y2IQFc\" lang=\"no\">&#8211; Tung vekt for \u00e5 hindre at den velter, men lett nok til \u00e5 l\u00f8fte og b\u00e6re <\/span><\/p>\n<p class=\"tw-data-text tw-text-large tw-ta\" dir=\"ltr\" data-placeholder=\"\u00d6vers\u00e4ttning\" data-ved=\"2ahUKEwiz69nRvo-EAxXqExAIHShUApgQ3ewLegQIBRAT\"><span class=\"Y2IQFc\" lang=\"no\">&#8211; Det brukes ingen skadelige giftstoffer i produksjonen Forvandle hagen din med stilige og praktiske blomsterkasser i 99 % resirkulert plast. Resirkulering <\/span><\/p>\n<p class=\"tw-data-text tw-text-large tw-ta\" dir=\"ltr\" data-placeholder=\"\u00d6vers\u00e4ttning\" data-ved=\"2ahUKEwiz69nRvo-EAxXqExAIHShUApgQ3ewLegQIBRAT\"><span class=\"Y2IQFc\" lang=\"no\">\u2013 \u00d8ko-smarte produkter fra Recal og Multy Home Det er avgj\u00f8rende for oss at alle produktene v\u00e5re ikke skader planeten vi \u00f8nsker \u00e5 hjelpe og ikke \u00f8delegger den. <\/span><\/p>\n<p class=\"tw-data-text tw-text-large tw-ta\" dir=\"ltr\" data-placeholder=\"\u00d6vers\u00e4ttning\" data-ved=\"2ahUKEwiz69nRvo-EAxXqExAIHShUApgQ3ewLegQIBRAT\"><span class=\"Y2IQFc\" lang=\"no\">Disse produktene er laget av resirkulert gummi og har allerede reddet millioner av dekk fra \u00e5 havne p\u00e5 s\u00f8ppelfyllinger eller s\u00f8ppelfyllinger. <\/span><\/p>\n<p class=\"tw-data-text tw-text-large tw-ta\" dir=\"ltr\" data-placeholder=\"\u00d6vers\u00e4ttning\" data-ved=\"2ahUKEwiz69nRvo-EAxXqExAIHShUApgQ3ewLegQIBRAT\"><span class=\"Y2IQFc\" lang=\"no\">Ved \u00e5 bruke v\u00e5re resirkulerte produkter bidrar du til \u00e5 redusere verdens karbonavtrykk og \u00f8ke resirkuleringen. <\/span><\/p>\n<h4 class=\"tw-data-text tw-text-large tw-ta\" dir=\"ltr\" data-placeholder=\"\u00d6vers\u00e4ttning\" data-ved=\"2ahUKEwiz69nRvo-EAxXqExAIHShUApgQ3ewLegQIBRAT\"><span class=\"Y2IQFc\" lang=\"no\">Recal er stolte av \u00e5 presentere v\u00e5r kolleksjon fra Multy Home, <\/span><\/h4>\n<p class=\"tw-data-text tw-text-large tw-ta\" dir=\"ltr\" data-placeholder=\"\u00d6vers\u00e4ttning\" data-ved=\"2ahUKEwiz69nRvo-EAxXqExAIHShUApgQ3ewLegQIBRAT\"><span class=\"Y2IQFc\" lang=\"no\">en samling hageprodukter laget av resirkulerte materialer. Stilig, slitesterk og milj\u00f8vennlig! V\u00e5re hageprodukter inkluderer produkter som blomsterkasser og blomsterpotter for trappestein, blomsterbed og kantstein. Se og nyt v\u00e5r nyeste samling av hageprodukter og bli med oss \u200b\u200bp\u00e5 reisen for \u00e5 gj\u00f8re verden til et renere og gr\u00f8nnere sted. \u00d8nsker du \u00e5 fornye hagen, balkongen eller uteplassen med vakre blomster og gr\u00f8nt? <\/span><\/p>\n<p class=\"tw-data-text tw-text-large tw-ta\" dir=\"ltr\" data-placeholder=\"\u00d6vers\u00e4ttning\" data-ved=\"2ahUKEwiz69nRvo-EAxXqExAIHShUApgQ3ewLegQIBRAT\"><span class=\"Y2IQFc\" lang=\"no\">Da er blomsterkasser fra Recal akkurat det du trenger. Med en kombinasjon av stil og funksjonalitet hjelper v\u00e5re blomsterkasser deg med \u00e5 skape en hageoase som b\u00e5de imponerer og inspirerer.<\/span><\/p>\n<p class=\"tw-data-text tw-text-large tw-ta\" dir=\"ltr\" data-placeholder=\"\u00d6vers\u00e4ttning\" data-ved=\"2ahUKEwiz69nRvo-EAxXqExAIHShUApgQ3ewLegQIBRAT\"><span class=\"Y2IQFc\" lang=\"no\">Recal-Stilig design for enhver smak!<\/span><\/p>\n<p>&nbsp;<\/p>\n<p>&nbsp;<\/p>\n<p>&nbsp;<\/p>\n","protected":false},"excerpt":{"rendered":"<div id=\"tw-target-text-container\" class=\"tw-ta-container F0azHf tw-nfl\">\n<pre id=\"tw-target-text\" class=\"tw-data-text tw-text-large tw-ta\" dir=\"ltr\" data-placeholder=\"\u00d6vers\u00e4ttning\" data-ved=\"2ahUKEwiz69nRvo-EAxXqExAIHShUApgQ3ewLegQIBRAT\"><span class=\"Y2IQFc\" lang=\"no\">Blomsterpotten Concerto med sin vakre avrundede form vil v\u00e6re et stilig tillegg til b\u00e5de innend\u00f8rs og utend\u00f8rs milj\u00f8er.\r\n\r\nHev ditt innend\u00f8rs og utend\u00f8rs hagearbeid med et snev av eleganse og omfavn en gr\u00f8nnere livsstil ved bruk av resirkulerte materialer. La naturen trives mens du uttrykker stilen din.\r\n\r\nFinnes i st\u00f8rrelsene 50 og 66 cm i fargen Skifer og st\u00e5lgr\u00e5.<\/span><\/pre>\n<\/div>\n<div id=\"tw-target-rmn-container\" class=\"tw-target-rmn tw-ta-container F0azHf tw-nfl\">\n<pre id=\"tw-target-rmn\" class=\"tw-data-placeholder tw-text-small tw-ta\" dir=\"ltr\" data-placeholder=\"\"><\/pre>\n<\/div>\n<p>&nbsp;<\/p>\n<p>&nbsp;<\/p>\n<p>&nbsp;<\/p>\n","protected":false},"featured_media":5129,"comment_status":"open","ping_status":"closed","template":"","meta":{"_acf_changed":false},"product_cat":[239,240,115],"product_tag":[98,245,246],"composite_virtual":false,"composite_layout":"","composite_add_to_cart_form_location":"","composite_editable_in_cart":false,"composite_sold_individually_context":"","composite_shop_price_calc":"","composite_components":[],"composite_scenarios":[],"acf":[],"yoast_head":"<!-- This site is optimized with the Yoast SEO plugin v22.2 - https:\/\/yoast.com\/wordpress\/plugins\/seo\/ -->\n<title>Blomsterpotte - Concerto - Recal Norge<\/title>\n<meta name=\"description\" content=\"Blomsterpotten Concerto med sin vakre avrundede form vil v\u00e6re et stilig tillegg til b\u00e5de innend\u00f8rs og utend\u00f8rs milj\u00f8er.Hev ditt innend\u00f8rs og utend\u00f8rs hagearbeid med et snev av eleganse og omfavn en gr\u00f8nnere livsstil ved bruk av resirkulerte materialer. La naturen trives mens du uttrykker stilen din.Finnes i st\u00f8rrelsene 50 og 66 cm i fargen Skifer og st\u00e5lgr\u00e5.\" \/>\n<meta name=\"robots\" content=\"index, follow, max-snippet:-1, max-image-preview:large, max-video-preview:-1\" \/>\n<link rel=\"canonical\" href=\"https:\/\/recal-se.tbwebsite.com\/no\/planting\/blomsterpotte-concerto\/\" \/>\n<meta property=\"og:locale\" content=\"nb_NO\" \/>\n<meta property=\"og:type\" content=\"article\" \/>\n<meta property=\"og:title\" content=\"Blomsterpotte - Concerto - Recal Norge\" \/>\n<meta property=\"og:description\" content=\"Blomsterpotten Concerto med sin vakre avrundede form vil v\u00e6re et stilig tillegg til b\u00e5de innend\u00f8rs og utend\u00f8rs milj\u00f8er.Hev ditt innend\u00f8rs og utend\u00f8rs hagearbeid med et snev av eleganse og omfavn en gr\u00f8nnere livsstil ved bruk av resirkulerte materialer. La naturen trives mens du uttrykker stilen din.Finnes i st\u00f8rrelsene 50 og 66 cm i fargen Skifer og st\u00e5lgr\u00e5.\" \/>\n<meta property=\"og:url\" content=\"https:\/\/recal-se.tbwebsite.com\/no\/planting\/blomsterpotte-concerto\/\" \/>\n<meta property=\"og:site_name\" content=\"Recal Norge\" \/>\n<meta property=\"article:modified_time\" content=\"2024-02-07T09:25:59+00:00\" \/>\n<meta property=\"og:image\" content=\"https:\/\/recal-se.tbwebsite.com\/no\/wp-content\/uploads\/sites\/5\/2023\/10\/EU5100128_EU5100127_concerto_slate_a-scaled-1.png\" \/>\n\t<meta property=\"og:image:width\" content=\"1400\" \/>\n\t<meta property=\"og:image:height\" content=\"1401\" \/>\n\t<meta property=\"og:image:type\" content=\"image\/png\" \/>\n<meta name=\"twitter:card\" content=\"summary_large_image\" \/>\n<meta name=\"twitter:label1\" content=\"Ansl. lesetid\" \/>\n\t<meta name=\"twitter:data1\" content=\"3 minutter\" \/>\n<script type=\"application\/ld+json\" class=\"yoast-schema-graph\">{\"@context\":\"https:\/\/schema.org\",\"@graph\":[{\"@type\":\"WebPage\",\"@id\":\"https:\/\/recal-se.tbwebsite.com\/no\/planting\/blomsterpotte-concerto\/\",\"url\":\"https:\/\/recal-se.tbwebsite.com\/no\/planting\/blomsterpotte-concerto\/\",\"name\":\"Blomsterpotte - Concerto - Recal Norge\",\"isPartOf\":{\"@id\":\"https:\/\/recal-se.tbwebsite.com\/no\/#website\"},\"primaryImageOfPage\":{\"@id\":\"https:\/\/recal-se.tbwebsite.com\/no\/planting\/blomsterpotte-concerto\/#primaryimage\"},\"image\":{\"@id\":\"https:\/\/recal-se.tbwebsite.com\/no\/planting\/blomsterpotte-concerto\/#primaryimage\"},\"thumbnailUrl\":\"https:\/\/recal-se.tbwebsite.com\/no\/wp-content\/uploads\/sites\/5\/2023\/10\/EU5100128_EU5100127_concerto_slate_a-scaled-1.png\",\"datePublished\":\"2023-10-19T12:22:37+00:00\",\"dateModified\":\"2024-02-07T09:25:59+00:00\",\"description\":\"Blomsterpotten Concerto med sin vakre avrundede form vil v\u00e6re et stilig tillegg til b\u00e5de innend\u00f8rs og utend\u00f8rs milj\u00f8er.Hev ditt innend\u00f8rs og utend\u00f8rs hagearbeid med et snev av eleganse og omfavn en gr\u00f8nnere livsstil ved bruk av resirkulerte materialer. La naturen trives mens du uttrykker stilen din.Finnes i st\u00f8rrelsene 50 og 66 cm i fargen Skifer og st\u00e5lgr\u00e5.\",\"breadcrumb\":{\"@id\":\"https:\/\/recal-se.tbwebsite.com\/no\/planting\/blomsterpotte-concerto\/#breadcrumb\"},\"inLanguage\":\"nb-NO\",\"potentialAction\":[{\"@type\":\"ReadAction\",\"target\":[\"https:\/\/recal-se.tbwebsite.com\/no\/planting\/blomsterpotte-concerto\/\"]}]},{\"@type\":\"ImageObject\",\"inLanguage\":\"nb-NO\",\"@id\":\"https:\/\/recal-se.tbwebsite.com\/no\/planting\/blomsterpotte-concerto\/#primaryimage\",\"url\":\"https:\/\/recal-se.tbwebsite.com\/no\/wp-content\/uploads\/sites\/5\/2023\/10\/EU5100128_EU5100127_concerto_slate_a-scaled-1.png\",\"contentUrl\":\"https:\/\/recal-se.tbwebsite.com\/no\/wp-content\/uploads\/sites\/5\/2023\/10\/EU5100128_EU5100127_concerto_slate_a-scaled-1.png\",\"width\":1400,\"height\":1401},{\"@type\":\"BreadcrumbList\",\"@id\":\"https:\/\/recal-se.tbwebsite.com\/no\/planting\/blomsterpotte-concerto\/#breadcrumb\",\"itemListElement\":[{\"@type\":\"ListItem\",\"position\":1,\"name\":\"Home\",\"item\":\"https:\/\/recal-se.tbwebsite.com\/no\/\"},{\"@type\":\"ListItem\",\"position\":2,\"name\":\"Shop\",\"item\":\"https:\/\/recal-se.tbwebsite.com\/no\/shop\/\"},{\"@type\":\"ListItem\",\"position\":3,\"name\":\"Blomsterpotte &#8211; Concerto\"}]},{\"@type\":\"WebSite\",\"@id\":\"https:\/\/recal-se.tbwebsite.com\/no\/#website\",\"url\":\"https:\/\/recal-se.tbwebsite.com\/no\/\",\"name\":\"Recal Norge\",\"description\":\"Tr\u00e4dg\u00e5rdsprodukter tillverkade i aluminium fr\u00e5n Sm\u00e5land\",\"publisher\":{\"@id\":\"https:\/\/recal-se.tbwebsite.com\/no\/#organization\"},\"potentialAction\":[{\"@type\":\"SearchAction\",\"target\":{\"@type\":\"EntryPoint\",\"urlTemplate\":\"https:\/\/recal-se.tbwebsite.com\/no\/?s={search_term_string}\"},\"query-input\":\"required name=search_term_string\"}],\"inLanguage\":\"nb-NO\"},{\"@type\":\"Organization\",\"@id\":\"https:\/\/recal-se.tbwebsite.com\/no\/#organization\",\"name\":\"Recal Norge\",\"url\":\"https:\/\/recal-se.tbwebsite.com\/no\/\",\"logo\":{\"@type\":\"ImageObject\",\"inLanguage\":\"nb-NO\",\"@id\":\"https:\/\/recal-se.tbwebsite.com\/no\/#\/schema\/logo\/image\/\",\"url\":\"https:\/\/recal-se.tbwebsite.com\/no\/wp-content\/uploads\/sites\/5\/2020\/06\/recal-logotype_svart_1.png\",\"contentUrl\":\"https:\/\/recal-se.tbwebsite.com\/no\/wp-content\/uploads\/sites\/5\/2020\/06\/recal-logotype_svart_1.png\",\"width\":260,\"height\":52,\"caption\":\"Recal Norge\"},\"image\":{\"@id\":\"https:\/\/recal-se.tbwebsite.com\/no\/#\/schema\/logo\/image\/\"}}]}<\/script>\n<!-- \/ Yoast SEO plugin. -->","yoast_head_json":{"title":"Blomsterpotte - Concerto - Recal Norge","description":"Blomsterpotten Concerto med sin vakre avrundede form vil v\u00e6re et stilig tillegg til b\u00e5de innend\u00f8rs og utend\u00f8rs milj\u00f8er.Hev ditt innend\u00f8rs og utend\u00f8rs hagearbeid med et snev av eleganse og omfavn en gr\u00f8nnere livsstil ved bruk av resirkulerte materialer. La naturen trives mens du uttrykker stilen din.Finnes i st\u00f8rrelsene 50 og 66 cm i fargen Skifer og st\u00e5lgr\u00e5.","robots":{"index":"index","follow":"follow","max-snippet":"max-snippet:-1","max-image-preview":"max-image-preview:large","max-video-preview":"max-video-preview:-1"},"canonical":"https:\/\/recal-se.tbwebsite.com\/no\/planting\/blomsterpotte-concerto\/","og_locale":"nb_NO","og_type":"article","og_title":"Blomsterpotte - Concerto - Recal Norge","og_description":"Blomsterpotten Concerto med sin vakre avrundede form vil v\u00e6re et stilig tillegg til b\u00e5de innend\u00f8rs og utend\u00f8rs milj\u00f8er.Hev ditt innend\u00f8rs og utend\u00f8rs hagearbeid med et snev av eleganse og omfavn en gr\u00f8nnere livsstil ved bruk av resirkulerte materialer. La naturen trives mens du uttrykker stilen din.Finnes i st\u00f8rrelsene 50 og 66 cm i fargen Skifer og st\u00e5lgr\u00e5.","og_url":"https:\/\/recal-se.tbwebsite.com\/no\/planting\/blomsterpotte-concerto\/","og_site_name":"Recal Norge","article_modified_time":"2024-02-07T09:25:59+00:00","og_image":[{"width":1400,"height":1401,"url":"https:\/\/recal-se.tbwebsite.com\/no\/wp-content\/uploads\/sites\/5\/2023\/10\/EU5100128_EU5100127_concerto_slate_a-scaled-1.png","type":"image\/png"}],"twitter_card":"summary_large_image","twitter_misc":{"Ansl. lesetid":"3 minutter"},"schema":{"@context":"https:\/\/schema.org","@graph":[{"@type":"WebPage","@id":"https:\/\/recal-se.tbwebsite.com\/no\/planting\/blomsterpotte-concerto\/","url":"https:\/\/recal-se.tbwebsite.com\/no\/planting\/blomsterpotte-concerto\/","name":"Blomsterpotte - Concerto - Recal Norge","isPartOf":{"@id":"https:\/\/recal-se.tbwebsite.com\/no\/#website"},"primaryImageOfPage":{"@id":"https:\/\/recal-se.tbwebsite.com\/no\/planting\/blomsterpotte-concerto\/#primaryimage"},"image":{"@id":"https:\/\/recal-se.tbwebsite.com\/no\/planting\/blomsterpotte-concerto\/#primaryimage"},"thumbnailUrl":"https:\/\/recal-se.tbwebsite.com\/no\/wp-content\/uploads\/sites\/5\/2023\/10\/EU5100128_EU5100127_concerto_slate_a-scaled-1.png","datePublished":"2023-10-19T12:22:37+00:00","dateModified":"2024-02-07T09:25:59+00:00","description":"Blomsterpotten Concerto med sin vakre avrundede form vil v\u00e6re et stilig tillegg til b\u00e5de innend\u00f8rs og utend\u00f8rs milj\u00f8er.Hev ditt innend\u00f8rs og utend\u00f8rs hagearbeid med et snev av eleganse og omfavn en gr\u00f8nnere livsstil ved bruk av resirkulerte materialer. La naturen trives mens du uttrykker stilen din.Finnes i st\u00f8rrelsene 50 og 66 cm i fargen Skifer og st\u00e5lgr\u00e5.","breadcrumb":{"@id":"https:\/\/recal-se.tbwebsite.com\/no\/planting\/blomsterpotte-concerto\/#breadcrumb"},"inLanguage":"nb-NO","potentialAction":[{"@type":"ReadAction","target":["https:\/\/recal-se.tbwebsite.com\/no\/planting\/blomsterpotte-concerto\/"]}]},{"@type":"ImageObject","inLanguage":"nb-NO","@id":"https:\/\/recal-se.tbwebsite.com\/no\/planting\/blomsterpotte-concerto\/#primaryimage","url":"https:\/\/recal-se.tbwebsite.com\/no\/wp-content\/uploads\/sites\/5\/2023\/10\/EU5100128_EU5100127_concerto_slate_a-scaled-1.png","contentUrl":"https:\/\/recal-se.tbwebsite.com\/no\/wp-content\/uploads\/sites\/5\/2023\/10\/EU5100128_EU5100127_concerto_slate_a-scaled-1.png","width":1400,"height":1401},{"@type":"BreadcrumbList","@id":"https:\/\/recal-se.tbwebsite.com\/no\/planting\/blomsterpotte-concerto\/#breadcrumb","itemListElement":[{"@type":"ListItem","position":1,"name":"Home","item":"https:\/\/recal-se.tbwebsite.com\/no\/"},{"@type":"ListItem","position":2,"name":"Shop","item":"https:\/\/recal-se.tbwebsite.com\/no\/shop\/"},{"@type":"ListItem","position":3,"name":"Blomsterpotte &#8211; Concerto"}]},{"@type":"WebSite","@id":"https:\/\/recal-se.tbwebsite.com\/no\/#website","url":"https:\/\/recal-se.tbwebsite.com\/no\/","name":"Recal Norge","description":"Tr\u00e4dg\u00e5rdsprodukter tillverkade i aluminium fr\u00e5n Sm\u00e5land","publisher":{"@id":"https:\/\/recal-se.tbwebsite.com\/no\/#organization"},"potentialAction":[{"@type":"SearchAction","target":{"@type":"EntryPoint","urlTemplate":"https:\/\/recal-se.tbwebsite.com\/no\/?s={search_term_string}"},"query-input":"required name=search_term_string"}],"inLanguage":"nb-NO"},{"@type":"Organization","@id":"https:\/\/recal-se.tbwebsite.com\/no\/#organization","name":"Recal Norge","url":"https:\/\/recal-se.tbwebsite.com\/no\/","logo":{"@type":"ImageObject","inLanguage":"nb-NO","@id":"https:\/\/recal-se.tbwebsite.com\/no\/#\/schema\/logo\/image\/","url":"https:\/\/recal-se.tbwebsite.com\/no\/wp-content\/uploads\/sites\/5\/2020\/06\/recal-logotype_svart_1.png","contentUrl":"https:\/\/recal-se.tbwebsite.com\/no\/wp-content\/uploads\/sites\/5\/2020\/06\/recal-logotype_svart_1.png","width":260,"height":52,"caption":"Recal Norge"},"image":{"@id":"https:\/\/recal-se.tbwebsite.com\/no\/#\/schema\/logo\/image\/"}}]}},"_links":{"self":[{"href":"https:\/\/recal-se.tbwebsite.com\/no\/wp-json\/wp\/v2\/product\/4900"}],"collection":[{"href":"https:\/\/recal-se.tbwebsite.com\/no\/wp-json\/wp\/v2\/product"}],"about":[{"href":"https:\/\/recal-se.tbwebsite.com\/no\/wp-json\/wp\/v2\/types\/product"}],"replies":[{"embeddable":true,"href":"https:\/\/recal-se.tbwebsite.com\/no\/wp-json\/wp\/v2\/comments?post=4900"}],"version-history":[{"count":6,"href":"https:\/\/recal-se.tbwebsite.com\/no\/wp-json\/wp\/v2\/product\/4900\/revisions"}],"predecessor-version":[{"id":15241,"href":"https:\/\/recal-se.tbwebsite.com\/no\/wp-json\/wp\/v2\/product\/4900\/revisions\/15241"}],"wp:featuredmedia":[{"embeddable":true,"href":"https:\/\/recal-se.tbwebsite.com\/no\/wp-json\/wp\/v2\/media\/5129"}],"wp:attachment":[{"href":"https:\/\/recal-se.tbwebsite.com\/no\/wp-json\/wp\/v2\/media?parent=4900"}],"wp:term":[{"taxonomy":"product_cat","embeddable":true,"href":"https:\/\/recal-se.tbwebsite.com\/no\/wp-json\/wp\/v2\/product_cat?post=4900"},{"taxonomy":"product_tag","embeddable":true,"href":"https:\/\/recal-se.tbwebsite.com\/no\/wp-json\/wp\/v2\/product_tag?post=4900"}],"curies":[{"name":"wp","href":"https:\/\/api.w.org\/{rel}","templated":true}]}}