{"id":4896,"date":"2023-10-19T12:22:37","date_gmt":"2023-10-19T12:22:37","guid":{"rendered":"https:\/\/recal-se.tbwebsite.com\/?post_type=product&#038;p=4896"},"modified":"2024-02-21T06:42:09","modified_gmt":"2024-02-21T06:42:09","slug":"kantsten-grafitgra","status":"publish","type":"product","link":"https:\/\/recal-se.tbwebsite.com\/no\/bedkanter\/kantsten-grafitgra\/","title":{"rendered":"Kantstein &#8211; Grafitgr\u00e5"},"content":{"rendered":"<p id=\"tw-target-text\" class=\"tw-data-text tw-text-large tw-ta\" dir=\"ltr\" data-placeholder=\"\u00d6vers\u00e4ttning\" data-ved=\"2ahUKEwjz7-LR2LmEAxWNUXcKHTIpCHYQ3ewLegQIBRAT\"><span class=\"Y2IQFc\" lang=\"no\">Leter du etter en enkel m\u00e5te \u00e5 installere kantstein p\u00e5? Da har du funnet rett sted, kantsteinene v\u00e5re er lette, fleksible og sv\u00e6rt slitesterke. De er enkle \u00e5 danne grenser eller tilpasse til rette eller buede omr\u00e5der. N\u00e5 kan du kj\u00f8pe kantstein fra resirkulerte bildekk til en konkurransedyktig pris. Hopp over de tunge l\u00f8ftene som vanlig slipestein krever og bruk et fleksibelt og milj\u00f8vennlig alternativ!<\/span><\/p>\n<p>&nbsp;<\/p>\n<table width=\"406\">\n<tbody>\n<tr>\n<td width=\"81\">F\u00e4rg<\/td>\n<td width=\"99\">Antal<\/td>\n<td width=\"82\">Nettovikt<\/td>\n<td width=\"144\">Dimensioner(L,B,H) CM<\/td>\n<\/tr>\n<\/tbody>\n<\/table>\n<table width=\"406\">\n<tbody>\n<tr>\n<td width=\"81\">Grafitgr\u00e5<\/td>\n<td width=\"99\">1 st<\/td>\n<td width=\"82\">0,92<\/td>\n<td width=\"144\">30x10x12<\/td>\n<\/tr>\n<\/tbody>\n<\/table>\n<table width=\"406\">\n<tbody>\n<tr>\n<td width=\"81\">Grafitgr\u00e5<\/td>\n<td width=\"99\">12 st<\/td>\n<td width=\"82\">9,2<\/td>\n<td width=\"144\">30x10x12<\/td>\n<\/tr>\n<\/tbody>\n<\/table>\n<pre id=\"tw-target-text\" class=\"tw-data-text tw-text-large tw-ta\" dir=\"ltr\" data-placeholder=\"\u00d6vers\u00e4ttning\" data-ved=\"2ahUKEwjz7-LR2LmEAxWNUXcKHTIpCHYQ3ewLegQIBRAT\"><span class=\"Y2IQFc\" lang=\"no\">Oppdag den eksepsjonelle kvaliteten, holdbarheten og stilige designene til v\u00e5re allsidige utend\u00f8rsprodukter, alt n\u00f8ye utformet med holdbarhet i tankene. Opplev enkel og effektiv hageavgrensning med v\u00e5r 9 cm h\u00f8ye blomsterkant lett.\r\n\r\nForvandle uterommene dine til innbydende helligdommer, perfekt for \u00e5 nyte naturens skj\u00f8nnhet.<\/span><\/pre>\n","protected":false},"excerpt":{"rendered":"<p><span class=\"Y2IQFc\" lang=\"no\">Leter du etter en enkel m\u00e5te \u00e5 installere kantstein p\u00e5? Da har du funnet rett sted, kantsteinene v\u00e5re er lette, fleksible og sv\u00e6rt slitesterke. De er enkle \u00e5 danne grenser eller tilpasse til rette eller buede omr\u00e5der. N\u00e5 kan du kj\u00f8pe kantstein fra resirkulerte bildekk til en konkurransedyktig pris. Hopp over de tunge l\u00f8ftene som vanlig slipestein krever og bruk et fleksibelt og milj\u00f8vennlig alternativ!<\/span><\/p>\n","protected":false},"featured_media":5143,"comment_status":"open","ping_status":"closed","template":"","meta":{"_acf_changed":false},"product_cat":[93],"product_tag":[],"composite_virtual":false,"composite_layout":"","composite_add_to_cart_form_location":"","composite_editable_in_cart":false,"composite_sold_individually_context":"","composite_shop_price_calc":"","composite_components":[],"composite_scenarios":[],"acf":[],"yoast_head":"<!-- This site is optimized with the Yoast SEO plugin v22.2 - https:\/\/yoast.com\/wordpress\/plugins\/seo\/ -->\n<title>Kantstein - Grafitgr\u00e5 - Recal Norge<\/title>\n<meta name=\"description\" content=\"Leter du etter en enkel m\u00e5te \u00e5 installere kantstein p\u00e5? Da har du funnet rett sted, kantsteinene v\u00e5re er lette, fleksible og sv\u00e6rt slitesterke. De er enkle \u00e5 danne grenser eller tilpasse til rette eller buede omr\u00e5der. N\u00e5 kan du kj\u00f8pe kantstein fra resirkulerte bildekk til en konkurransedyktig pris. Hopp over de tunge l\u00f8ftene som vanlig slipestein krever og bruk et fleksibelt og milj\u00f8vennlig alternativ!\" \/>\n<meta name=\"robots\" content=\"index, follow, max-snippet:-1, max-image-preview:large, max-video-preview:-1\" \/>\n<link rel=\"canonical\" href=\"https:\/\/recal-se.tbwebsite.com\/no\/bedkanter\/kantsten-grafitgra\/\" \/>\n<meta property=\"og:locale\" content=\"nb_NO\" \/>\n<meta property=\"og:type\" content=\"article\" \/>\n<meta property=\"og:title\" content=\"Kantstein - Grafitgr\u00e5 - Recal Norge\" \/>\n<meta property=\"og:description\" content=\"Leter du etter en enkel m\u00e5te \u00e5 installere kantstein p\u00e5? Da har du funnet rett sted, kantsteinene v\u00e5re er lette, fleksible og sv\u00e6rt slitesterke. De er enkle \u00e5 danne grenser eller tilpasse til rette eller buede omr\u00e5der. N\u00e5 kan du kj\u00f8pe kantstein fra resirkulerte bildekk til en konkurransedyktig pris. Hopp over de tunge l\u00f8ftene som vanlig slipestein krever og bruk et fleksibelt og milj\u00f8vennlig alternativ!\" \/>\n<meta property=\"og:url\" content=\"https:\/\/recal-se.tbwebsite.com\/no\/bedkanter\/kantsten-grafitgra\/\" \/>\n<meta property=\"og:site_name\" content=\"Recal Norge\" \/>\n<meta property=\"article:modified_time\" content=\"2024-02-21T06:42:09+00:00\" \/>\n<meta property=\"og:image\" content=\"https:\/\/recal-se.tbwebsite.com\/no\/wp-content\/uploads\/sites\/5\/2023\/10\/EU5100063_Stomp-Edge_Slate_a-scaled-1.png\" \/>\n\t<meta property=\"og:image:width\" content=\"1400\" \/>\n\t<meta property=\"og:image:height\" content=\"1400\" \/>\n\t<meta property=\"og:image:type\" content=\"image\/png\" \/>\n<meta name=\"twitter:card\" content=\"summary_large_image\" \/>\n<meta name=\"twitter:label1\" content=\"Ansl. lesetid\" \/>\n\t<meta name=\"twitter:data1\" content=\"1 minutt\" \/>\n<script type=\"application\/ld+json\" class=\"yoast-schema-graph\">{\"@context\":\"https:\/\/schema.org\",\"@graph\":[{\"@type\":\"WebPage\",\"@id\":\"https:\/\/recal-se.tbwebsite.com\/no\/bedkanter\/kantsten-grafitgra\/\",\"url\":\"https:\/\/recal-se.tbwebsite.com\/no\/bedkanter\/kantsten-grafitgra\/\",\"name\":\"Kantstein - Grafitgr\u00e5 - Recal Norge\",\"isPartOf\":{\"@id\":\"https:\/\/recal-se.tbwebsite.com\/no\/#website\"},\"primaryImageOfPage\":{\"@id\":\"https:\/\/recal-se.tbwebsite.com\/no\/bedkanter\/kantsten-grafitgra\/#primaryimage\"},\"image\":{\"@id\":\"https:\/\/recal-se.tbwebsite.com\/no\/bedkanter\/kantsten-grafitgra\/#primaryimage\"},\"thumbnailUrl\":\"https:\/\/recal-se.tbwebsite.com\/no\/wp-content\/uploads\/sites\/5\/2023\/10\/EU5100063_Stomp-Edge_Slate_a-scaled-1.png\",\"datePublished\":\"2023-10-19T12:22:37+00:00\",\"dateModified\":\"2024-02-21T06:42:09+00:00\",\"description\":\"Leter du etter en enkel m\u00e5te \u00e5 installere kantstein p\u00e5? Da har du funnet rett sted, kantsteinene v\u00e5re er lette, fleksible og sv\u00e6rt slitesterke. De er enkle \u00e5 danne grenser eller tilpasse til rette eller buede omr\u00e5der. N\u00e5 kan du kj\u00f8pe kantstein fra resirkulerte bildekk til en konkurransedyktig pris. Hopp over de tunge l\u00f8ftene som vanlig slipestein krever og bruk et fleksibelt og milj\u00f8vennlig alternativ!\",\"breadcrumb\":{\"@id\":\"https:\/\/recal-se.tbwebsite.com\/no\/bedkanter\/kantsten-grafitgra\/#breadcrumb\"},\"inLanguage\":\"nb-NO\",\"potentialAction\":[{\"@type\":\"ReadAction\",\"target\":[\"https:\/\/recal-se.tbwebsite.com\/no\/bedkanter\/kantsten-grafitgra\/\"]}]},{\"@type\":\"ImageObject\",\"inLanguage\":\"nb-NO\",\"@id\":\"https:\/\/recal-se.tbwebsite.com\/no\/bedkanter\/kantsten-grafitgra\/#primaryimage\",\"url\":\"https:\/\/recal-se.tbwebsite.com\/no\/wp-content\/uploads\/sites\/5\/2023\/10\/EU5100063_Stomp-Edge_Slate_a-scaled-1.png\",\"contentUrl\":\"https:\/\/recal-se.tbwebsite.com\/no\/wp-content\/uploads\/sites\/5\/2023\/10\/EU5100063_Stomp-Edge_Slate_a-scaled-1.png\",\"width\":1400,\"height\":1400},{\"@type\":\"BreadcrumbList\",\"@id\":\"https:\/\/recal-se.tbwebsite.com\/no\/bedkanter\/kantsten-grafitgra\/#breadcrumb\",\"itemListElement\":[{\"@type\":\"ListItem\",\"position\":1,\"name\":\"Home\",\"item\":\"https:\/\/recal-se.tbwebsite.com\/no\/\"},{\"@type\":\"ListItem\",\"position\":2,\"name\":\"Shop\",\"item\":\"https:\/\/recal-se.tbwebsite.com\/no\/shop\/\"},{\"@type\":\"ListItem\",\"position\":3,\"name\":\"Kantstein &#8211; Grafitgr\u00e5\"}]},{\"@type\":\"WebSite\",\"@id\":\"https:\/\/recal-se.tbwebsite.com\/no\/#website\",\"url\":\"https:\/\/recal-se.tbwebsite.com\/no\/\",\"name\":\"Recal Norge\",\"description\":\"Tr\u00e4dg\u00e5rdsprodukter tillverkade i aluminium fr\u00e5n Sm\u00e5land\",\"publisher\":{\"@id\":\"https:\/\/recal-se.tbwebsite.com\/no\/#organization\"},\"potentialAction\":[{\"@type\":\"SearchAction\",\"target\":{\"@type\":\"EntryPoint\",\"urlTemplate\":\"https:\/\/recal-se.tbwebsite.com\/no\/?s={search_term_string}\"},\"query-input\":\"required name=search_term_string\"}],\"inLanguage\":\"nb-NO\"},{\"@type\":\"Organization\",\"@id\":\"https:\/\/recal-se.tbwebsite.com\/no\/#organization\",\"name\":\"Recal Norge\",\"url\":\"https:\/\/recal-se.tbwebsite.com\/no\/\",\"logo\":{\"@type\":\"ImageObject\",\"inLanguage\":\"nb-NO\",\"@id\":\"https:\/\/recal-se.tbwebsite.com\/no\/#\/schema\/logo\/image\/\",\"url\":\"https:\/\/recal-se.tbwebsite.com\/no\/wp-content\/uploads\/sites\/5\/2020\/06\/recal-logotype_svart_1.png\",\"contentUrl\":\"https:\/\/recal-se.tbwebsite.com\/no\/wp-content\/uploads\/sites\/5\/2020\/06\/recal-logotype_svart_1.png\",\"width\":260,\"height\":52,\"caption\":\"Recal Norge\"},\"image\":{\"@id\":\"https:\/\/recal-se.tbwebsite.com\/no\/#\/schema\/logo\/image\/\"}}]}<\/script>\n<!-- \/ Yoast SEO plugin. -->","yoast_head_json":{"title":"Kantstein - Grafitgr\u00e5 - Recal Norge","description":"Leter du etter en enkel m\u00e5te \u00e5 installere kantstein p\u00e5? Da har du funnet rett sted, kantsteinene v\u00e5re er lette, fleksible og sv\u00e6rt slitesterke. De er enkle \u00e5 danne grenser eller tilpasse til rette eller buede omr\u00e5der. N\u00e5 kan du kj\u00f8pe kantstein fra resirkulerte bildekk til en konkurransedyktig pris. Hopp over de tunge l\u00f8ftene som vanlig slipestein krever og bruk et fleksibelt og milj\u00f8vennlig alternativ!","robots":{"index":"index","follow":"follow","max-snippet":"max-snippet:-1","max-image-preview":"max-image-preview:large","max-video-preview":"max-video-preview:-1"},"canonical":"https:\/\/recal-se.tbwebsite.com\/no\/bedkanter\/kantsten-grafitgra\/","og_locale":"nb_NO","og_type":"article","og_title":"Kantstein - Grafitgr\u00e5 - Recal Norge","og_description":"Leter du etter en enkel m\u00e5te \u00e5 installere kantstein p\u00e5? Da har du funnet rett sted, kantsteinene v\u00e5re er lette, fleksible og sv\u00e6rt slitesterke. De er enkle \u00e5 danne grenser eller tilpasse til rette eller buede omr\u00e5der. N\u00e5 kan du kj\u00f8pe kantstein fra resirkulerte bildekk til en konkurransedyktig pris. Hopp over de tunge l\u00f8ftene som vanlig slipestein krever og bruk et fleksibelt og milj\u00f8vennlig alternativ!","og_url":"https:\/\/recal-se.tbwebsite.com\/no\/bedkanter\/kantsten-grafitgra\/","og_site_name":"Recal Norge","article_modified_time":"2024-02-21T06:42:09+00:00","og_image":[{"width":1400,"height":1400,"url":"https:\/\/recal-se.tbwebsite.com\/no\/wp-content\/uploads\/sites\/5\/2023\/10\/EU5100063_Stomp-Edge_Slate_a-scaled-1.png","type":"image\/png"}],"twitter_card":"summary_large_image","twitter_misc":{"Ansl. lesetid":"1 minutt"},"schema":{"@context":"https:\/\/schema.org","@graph":[{"@type":"WebPage","@id":"https:\/\/recal-se.tbwebsite.com\/no\/bedkanter\/kantsten-grafitgra\/","url":"https:\/\/recal-se.tbwebsite.com\/no\/bedkanter\/kantsten-grafitgra\/","name":"Kantstein - Grafitgr\u00e5 - Recal Norge","isPartOf":{"@id":"https:\/\/recal-se.tbwebsite.com\/no\/#website"},"primaryImageOfPage":{"@id":"https:\/\/recal-se.tbwebsite.com\/no\/bedkanter\/kantsten-grafitgra\/#primaryimage"},"image":{"@id":"https:\/\/recal-se.tbwebsite.com\/no\/bedkanter\/kantsten-grafitgra\/#primaryimage"},"thumbnailUrl":"https:\/\/recal-se.tbwebsite.com\/no\/wp-content\/uploads\/sites\/5\/2023\/10\/EU5100063_Stomp-Edge_Slate_a-scaled-1.png","datePublished":"2023-10-19T12:22:37+00:00","dateModified":"2024-02-21T06:42:09+00:00","description":"Leter du etter en enkel m\u00e5te \u00e5 installere kantstein p\u00e5? Da har du funnet rett sted, kantsteinene v\u00e5re er lette, fleksible og sv\u00e6rt slitesterke. De er enkle \u00e5 danne grenser eller tilpasse til rette eller buede omr\u00e5der. N\u00e5 kan du kj\u00f8pe kantstein fra resirkulerte bildekk til en konkurransedyktig pris. Hopp over de tunge l\u00f8ftene som vanlig slipestein krever og bruk et fleksibelt og milj\u00f8vennlig alternativ!","breadcrumb":{"@id":"https:\/\/recal-se.tbwebsite.com\/no\/bedkanter\/kantsten-grafitgra\/#breadcrumb"},"inLanguage":"nb-NO","potentialAction":[{"@type":"ReadAction","target":["https:\/\/recal-se.tbwebsite.com\/no\/bedkanter\/kantsten-grafitgra\/"]}]},{"@type":"ImageObject","inLanguage":"nb-NO","@id":"https:\/\/recal-se.tbwebsite.com\/no\/bedkanter\/kantsten-grafitgra\/#primaryimage","url":"https:\/\/recal-se.tbwebsite.com\/no\/wp-content\/uploads\/sites\/5\/2023\/10\/EU5100063_Stomp-Edge_Slate_a-scaled-1.png","contentUrl":"https:\/\/recal-se.tbwebsite.com\/no\/wp-content\/uploads\/sites\/5\/2023\/10\/EU5100063_Stomp-Edge_Slate_a-scaled-1.png","width":1400,"height":1400},{"@type":"BreadcrumbList","@id":"https:\/\/recal-se.tbwebsite.com\/no\/bedkanter\/kantsten-grafitgra\/#breadcrumb","itemListElement":[{"@type":"ListItem","position":1,"name":"Home","item":"https:\/\/recal-se.tbwebsite.com\/no\/"},{"@type":"ListItem","position":2,"name":"Shop","item":"https:\/\/recal-se.tbwebsite.com\/no\/shop\/"},{"@type":"ListItem","position":3,"name":"Kantstein &#8211; Grafitgr\u00e5"}]},{"@type":"WebSite","@id":"https:\/\/recal-se.tbwebsite.com\/no\/#website","url":"https:\/\/recal-se.tbwebsite.com\/no\/","name":"Recal Norge","description":"Tr\u00e4dg\u00e5rdsprodukter tillverkade i aluminium fr\u00e5n Sm\u00e5land","publisher":{"@id":"https:\/\/recal-se.tbwebsite.com\/no\/#organization"},"potentialAction":[{"@type":"SearchAction","target":{"@type":"EntryPoint","urlTemplate":"https:\/\/recal-se.tbwebsite.com\/no\/?s={search_term_string}"},"query-input":"required name=search_term_string"}],"inLanguage":"nb-NO"},{"@type":"Organization","@id":"https:\/\/recal-se.tbwebsite.com\/no\/#organization","name":"Recal Norge","url":"https:\/\/recal-se.tbwebsite.com\/no\/","logo":{"@type":"ImageObject","inLanguage":"nb-NO","@id":"https:\/\/recal-se.tbwebsite.com\/no\/#\/schema\/logo\/image\/","url":"https:\/\/recal-se.tbwebsite.com\/no\/wp-content\/uploads\/sites\/5\/2020\/06\/recal-logotype_svart_1.png","contentUrl":"https:\/\/recal-se.tbwebsite.com\/no\/wp-content\/uploads\/sites\/5\/2020\/06\/recal-logotype_svart_1.png","width":260,"height":52,"caption":"Recal Norge"},"image":{"@id":"https:\/\/recal-se.tbwebsite.com\/no\/#\/schema\/logo\/image\/"}}]}},"_links":{"self":[{"href":"https:\/\/recal-se.tbwebsite.com\/no\/wp-json\/wp\/v2\/product\/4896"}],"collection":[{"href":"https:\/\/recal-se.tbwebsite.com\/no\/wp-json\/wp\/v2\/product"}],"about":[{"href":"https:\/\/recal-se.tbwebsite.com\/no\/wp-json\/wp\/v2\/types\/product"}],"replies":[{"embeddable":true,"href":"https:\/\/recal-se.tbwebsite.com\/no\/wp-json\/wp\/v2\/comments?post=4896"}],"version-history":[{"count":5,"href":"https:\/\/recal-se.tbwebsite.com\/no\/wp-json\/wp\/v2\/product\/4896\/revisions"}],"predecessor-version":[{"id":15316,"href":"https:\/\/recal-se.tbwebsite.com\/no\/wp-json\/wp\/v2\/product\/4896\/revisions\/15316"}],"wp:featuredmedia":[{"embeddable":true,"href":"https:\/\/recal-se.tbwebsite.com\/no\/wp-json\/wp\/v2\/media\/5143"}],"wp:attachment":[{"href":"https:\/\/recal-se.tbwebsite.com\/no\/wp-json\/wp\/v2\/media?parent=4896"}],"wp:term":[{"taxonomy":"product_cat","embeddable":true,"href":"https:\/\/recal-se.tbwebsite.com\/no\/wp-json\/wp\/v2\/product_cat?post=4896"},{"taxonomy":"product_tag","embeddable":true,"href":"https:\/\/recal-se.tbwebsite.com\/no\/wp-json\/wp\/v2\/product_tag?post=4896"}],"curies":[{"name":"wp","href":"https:\/\/api.w.org\/{rel}","templated":true}]}}