{"id":4895,"date":"2023-10-19T12:22:36","date_gmt":"2023-10-19T12:22:36","guid":{"rendered":"https:\/\/recal-se.tbwebsite.com\/?post_type=product&#038;p=4895"},"modified":"2024-02-04T08:10:47","modified_gmt":"2024-02-04T08:10:47","slug":"bedkant-easy-6-meter","status":"publish","type":"product","link":"https:\/\/recal-se.tbwebsite.com\/no\/bedkanter\/bedkant-easy-6-meter\/","title":{"rendered":"Bedkant &#8211; Easy 6 meter"},"content":{"rendered":"<p id=\"tw-target-text\" class=\"tw-data-text tw-text-large tw-ta\" dir=\"ltr\" data-placeholder=\"\u00d6vers\u00e4ttning\" data-ved=\"2ahUKEwiz69nRvo-EAxXqExAIHShUApgQ3ewLegQIBRAT\"><span class=\"Y2IQFc\" lang=\"no\">V\u00e5r nye bestselger, bedkant easy. Fleksibel og ekstremt slitesterk, lett \u00e5 forme kanter eller tilpasse til rette eller buede omr\u00e5der. N\u00e5 kan du kj\u00f8pe bedkant\u00a0 til en konkurransedyktig pris, kj\u00f8p 6 meter rabattkant for 479 NOK! Rabattkant Easy gir lang holdbarhet i alle v\u00e6rforhold! Laget av resirkulerte bildekk, er det et perfekt milj\u00f8valg samtidig som det er enkelt \u00e5 installere. Spiker er inkludert for enkel og komplett installasjon.<\/span><\/p>\n<p>&nbsp;<\/p>\n<table width=\"406\">\n<tbody>\n<tr>\n<td width=\"81\">F\u00e4rg<\/td>\n<td width=\"99\">Antal<\/td>\n<td width=\"82\">Nettovikt<\/td>\n<td width=\"144\">Dimensioner(L,B,H) CM<\/td>\n<\/tr>\n<\/tbody>\n<\/table>\n<table width=\"406\">\n<tbody>\n<tr>\n<td width=\"81\">Earth<\/td>\n<td width=\"99\">1 st<\/td>\n<td width=\"82\">2,9<\/td>\n<td width=\"144\">600 x 0,5 x 9<\/td>\n<\/tr>\n<\/tbody>\n<\/table>\n<div id=\"tw-target-text-container\" class=\"tw-ta-container F0azHf tw-nfl\">\n<p id=\"tw-target-text\" class=\"tw-data-text tw-text-large tw-ta\" dir=\"ltr\" data-placeholder=\"\u00d6vers\u00e4ttning\" data-ved=\"2ahUKEwiz69nRvo-EAxXqExAIHShUApgQ3ewLegQIBRAT\"><span class=\"Y2IQFc\" lang=\"no\">Oppdag den eksepsjonelle kvaliteten, holdbarheten og stilige designene til v\u00e5re allsidige utend\u00f8rsprodukter, alt n\u00f8ye utformet med holdbarhet i tankene. <\/span><\/p>\n<p class=\"tw-data-text tw-text-large tw-ta\" dir=\"ltr\" data-placeholder=\"\u00d6vers\u00e4ttning\" data-ved=\"2ahUKEwiz69nRvo-EAxXqExAIHShUApgQ3ewLegQIBRAT\"><span class=\"Y2IQFc\" lang=\"no\">Opplev enkel og effektiv hageavgrensning med v\u00e5r 9 cm h\u00f8ye bedkant lett. Forvandle uterommene dine til innbydende helligdommer, perfekt for \u00e5 nyte naturens skj\u00f8nnhet.<\/span><\/p>\n<\/div>\n<div id=\"tw-target-rmn-container\" class=\"tw-target-rmn tw-ta-container F0azHf tw-nfl\">\n<pre id=\"tw-target-rmn\" class=\"tw-data-placeholder tw-text-small tw-ta\" dir=\"ltr\" data-placeholder=\"\"><\/pre>\n<\/div>\n<p>&nbsp;<\/p>\n","protected":false},"excerpt":{"rendered":"<p><span class=\"Y2IQFc\" lang=\"no\">V\u00e5r nye bestselger, bedkant easy. Fleksibel og ekstremt slitesterk, lett \u00e5 forme kanter eller tilpasse til rette eller buede omr\u00e5der. N\u00e5 kan du kj\u00f8pe bedkant\u00a0 til en konkurransedyktig pris, kj\u00f8p 6 meter rabattkant for 479 NOK! Rabattkant Easy gir lang holdbarhet i alle v\u00e6rforhold! Laget av resirkulerte bildekk, er det et perfekt milj\u00f8valg samtidig som det er enkelt \u00e5 installere. Spiker er inkludert for enkel og komplett installasjon<\/span><\/p>\n","protected":false},"featured_media":5149,"comment_status":"open","ping_status":"closed","template":"","meta":{"_acf_changed":false},"product_cat":[93],"product_tag":[],"composite_virtual":false,"composite_layout":"","composite_add_to_cart_form_location":"","composite_editable_in_cart":false,"composite_sold_individually_context":"","composite_shop_price_calc":"","composite_components":[],"composite_scenarios":[],"acf":[],"yoast_head":"<!-- This site is optimized with the Yoast SEO plugin v22.2 - https:\/\/yoast.com\/wordpress\/plugins\/seo\/ -->\n<title>Bedkant - Easy 6 meter - Recal Norge<\/title>\n<meta name=\"description\" content=\"V\u00e5r nye bestselger, bedkant easy. Fleksibel og ekstremt slitesterk, lett \u00e5 forme kanter eller tilpasse til rette eller buede omr\u00e5der. N\u00e5 kan du kj\u00f8pe bedkant\u00a0 til en konkurransedyktig pris, kj\u00f8p 6 meter rabattkant for 479 NOK! Rabattkant Easy gir lang holdbarhet i alle v\u00e6rforhold! Laget av resirkulerte bildekk, er det et perfekt milj\u00f8valg samtidig som det er enkelt \u00e5 installere. Spiker er inkludert for enkel og komplett installasjon\" \/>\n<meta name=\"robots\" content=\"index, follow, max-snippet:-1, max-image-preview:large, max-video-preview:-1\" \/>\n<link rel=\"canonical\" href=\"https:\/\/recal-se.tbwebsite.com\/no\/bedkanter\/bedkant-easy-6-meter\/\" \/>\n<meta property=\"og:locale\" content=\"nb_NO\" \/>\n<meta property=\"og:type\" content=\"article\" \/>\n<meta property=\"og:title\" content=\"Bedkant - Easy 6 meter - Recal Norge\" \/>\n<meta property=\"og:description\" content=\"V\u00e5r nye bestselger, bedkant easy. Fleksibel og ekstremt slitesterk, lett \u00e5 forme kanter eller tilpasse til rette eller buede omr\u00e5der. N\u00e5 kan du kj\u00f8pe bedkant\u00a0 til en konkurransedyktig pris, kj\u00f8p 6 meter rabattkant for 479 NOK! Rabattkant Easy gir lang holdbarhet i alle v\u00e6rforhold! Laget av resirkulerte bildekk, er det et perfekt milj\u00f8valg samtidig som det er enkelt \u00e5 installere. Spiker er inkludert for enkel og komplett installasjon\" \/>\n<meta property=\"og:url\" content=\"https:\/\/recal-se.tbwebsite.com\/no\/bedkanter\/bedkant-easy-6-meter\/\" \/>\n<meta property=\"og:site_name\" content=\"Recal Norge\" \/>\n<meta property=\"article:modified_time\" content=\"2024-02-04T08:10:47+00:00\" \/>\n<meta property=\"og:image\" content=\"https:\/\/recal-se.tbwebsite.com\/no\/wp-content\/uploads\/sites\/5\/2023\/10\/EU4000002_thinline_earth_I-scaled-1.png\" \/>\n\t<meta property=\"og:image:width\" content=\"1400\" \/>\n\t<meta property=\"og:image:height\" content=\"1400\" \/>\n\t<meta property=\"og:image:type\" content=\"image\/png\" \/>\n<meta name=\"twitter:card\" content=\"summary_large_image\" \/>\n<meta name=\"twitter:label1\" content=\"Ansl. lesetid\" \/>\n\t<meta name=\"twitter:data1\" content=\"1 minutt\" \/>\n<script type=\"application\/ld+json\" class=\"yoast-schema-graph\">{\"@context\":\"https:\/\/schema.org\",\"@graph\":[{\"@type\":\"WebPage\",\"@id\":\"https:\/\/recal-se.tbwebsite.com\/no\/bedkanter\/bedkant-easy-6-meter\/\",\"url\":\"https:\/\/recal-se.tbwebsite.com\/no\/bedkanter\/bedkant-easy-6-meter\/\",\"name\":\"Bedkant - Easy 6 meter - Recal Norge\",\"isPartOf\":{\"@id\":\"https:\/\/recal-se.tbwebsite.com\/no\/#website\"},\"primaryImageOfPage\":{\"@id\":\"https:\/\/recal-se.tbwebsite.com\/no\/bedkanter\/bedkant-easy-6-meter\/#primaryimage\"},\"image\":{\"@id\":\"https:\/\/recal-se.tbwebsite.com\/no\/bedkanter\/bedkant-easy-6-meter\/#primaryimage\"},\"thumbnailUrl\":\"https:\/\/recal-se.tbwebsite.com\/no\/wp-content\/uploads\/sites\/5\/2023\/10\/EU4000002_thinline_earth_I-scaled-1.png\",\"datePublished\":\"2023-10-19T12:22:36+00:00\",\"dateModified\":\"2024-02-04T08:10:47+00:00\",\"description\":\"V\u00e5r nye bestselger, bedkant easy. Fleksibel og ekstremt slitesterk, lett \u00e5 forme kanter eller tilpasse til rette eller buede omr\u00e5der. N\u00e5 kan du kj\u00f8pe bedkant\u00a0 til en konkurransedyktig pris, kj\u00f8p 6 meter rabattkant for 479 NOK! Rabattkant Easy gir lang holdbarhet i alle v\u00e6rforhold! Laget av resirkulerte bildekk, er det et perfekt milj\u00f8valg samtidig som det er enkelt \u00e5 installere. Spiker er inkludert for enkel og komplett installasjon\",\"breadcrumb\":{\"@id\":\"https:\/\/recal-se.tbwebsite.com\/no\/bedkanter\/bedkant-easy-6-meter\/#breadcrumb\"},\"inLanguage\":\"nb-NO\",\"potentialAction\":[{\"@type\":\"ReadAction\",\"target\":[\"https:\/\/recal-se.tbwebsite.com\/no\/bedkanter\/bedkant-easy-6-meter\/\"]}]},{\"@type\":\"ImageObject\",\"inLanguage\":\"nb-NO\",\"@id\":\"https:\/\/recal-se.tbwebsite.com\/no\/bedkanter\/bedkant-easy-6-meter\/#primaryimage\",\"url\":\"https:\/\/recal-se.tbwebsite.com\/no\/wp-content\/uploads\/sites\/5\/2023\/10\/EU4000002_thinline_earth_I-scaled-1.png\",\"contentUrl\":\"https:\/\/recal-se.tbwebsite.com\/no\/wp-content\/uploads\/sites\/5\/2023\/10\/EU4000002_thinline_earth_I-scaled-1.png\",\"width\":1400,\"height\":1400},{\"@type\":\"BreadcrumbList\",\"@id\":\"https:\/\/recal-se.tbwebsite.com\/no\/bedkanter\/bedkant-easy-6-meter\/#breadcrumb\",\"itemListElement\":[{\"@type\":\"ListItem\",\"position\":1,\"name\":\"Home\",\"item\":\"https:\/\/recal-se.tbwebsite.com\/no\/\"},{\"@type\":\"ListItem\",\"position\":2,\"name\":\"Shop\",\"item\":\"https:\/\/recal-se.tbwebsite.com\/no\/shop\/\"},{\"@type\":\"ListItem\",\"position\":3,\"name\":\"Bedkant &#8211; Easy 6 meter\"}]},{\"@type\":\"WebSite\",\"@id\":\"https:\/\/recal-se.tbwebsite.com\/no\/#website\",\"url\":\"https:\/\/recal-se.tbwebsite.com\/no\/\",\"name\":\"Recal Norge\",\"description\":\"Tr\u00e4dg\u00e5rdsprodukter tillverkade i aluminium fr\u00e5n Sm\u00e5land\",\"publisher\":{\"@id\":\"https:\/\/recal-se.tbwebsite.com\/no\/#organization\"},\"potentialAction\":[{\"@type\":\"SearchAction\",\"target\":{\"@type\":\"EntryPoint\",\"urlTemplate\":\"https:\/\/recal-se.tbwebsite.com\/no\/?s={search_term_string}\"},\"query-input\":\"required name=search_term_string\"}],\"inLanguage\":\"nb-NO\"},{\"@type\":\"Organization\",\"@id\":\"https:\/\/recal-se.tbwebsite.com\/no\/#organization\",\"name\":\"Recal Norge\",\"url\":\"https:\/\/recal-se.tbwebsite.com\/no\/\",\"logo\":{\"@type\":\"ImageObject\",\"inLanguage\":\"nb-NO\",\"@id\":\"https:\/\/recal-se.tbwebsite.com\/no\/#\/schema\/logo\/image\/\",\"url\":\"https:\/\/recal-se.tbwebsite.com\/no\/wp-content\/uploads\/sites\/5\/2020\/06\/recal-logotype_svart_1.png\",\"contentUrl\":\"https:\/\/recal-se.tbwebsite.com\/no\/wp-content\/uploads\/sites\/5\/2020\/06\/recal-logotype_svart_1.png\",\"width\":260,\"height\":52,\"caption\":\"Recal Norge\"},\"image\":{\"@id\":\"https:\/\/recal-se.tbwebsite.com\/no\/#\/schema\/logo\/image\/\"}}]}<\/script>\n<!-- \/ Yoast SEO plugin. -->","yoast_head_json":{"title":"Bedkant - Easy 6 meter - Recal Norge","description":"V\u00e5r nye bestselger, bedkant easy. Fleksibel og ekstremt slitesterk, lett \u00e5 forme kanter eller tilpasse til rette eller buede omr\u00e5der. N\u00e5 kan du kj\u00f8pe bedkant\u00a0 til en konkurransedyktig pris, kj\u00f8p 6 meter rabattkant for 479 NOK! Rabattkant Easy gir lang holdbarhet i alle v\u00e6rforhold! Laget av resirkulerte bildekk, er det et perfekt milj\u00f8valg samtidig som det er enkelt \u00e5 installere. Spiker er inkludert for enkel og komplett installasjon","robots":{"index":"index","follow":"follow","max-snippet":"max-snippet:-1","max-image-preview":"max-image-preview:large","max-video-preview":"max-video-preview:-1"},"canonical":"https:\/\/recal-se.tbwebsite.com\/no\/bedkanter\/bedkant-easy-6-meter\/","og_locale":"nb_NO","og_type":"article","og_title":"Bedkant - Easy 6 meter - Recal Norge","og_description":"V\u00e5r nye bestselger, bedkant easy. Fleksibel og ekstremt slitesterk, lett \u00e5 forme kanter eller tilpasse til rette eller buede omr\u00e5der. N\u00e5 kan du kj\u00f8pe bedkant\u00a0 til en konkurransedyktig pris, kj\u00f8p 6 meter rabattkant for 479 NOK! Rabattkant Easy gir lang holdbarhet i alle v\u00e6rforhold! Laget av resirkulerte bildekk, er det et perfekt milj\u00f8valg samtidig som det er enkelt \u00e5 installere. Spiker er inkludert for enkel og komplett installasjon","og_url":"https:\/\/recal-se.tbwebsite.com\/no\/bedkanter\/bedkant-easy-6-meter\/","og_site_name":"Recal Norge","article_modified_time":"2024-02-04T08:10:47+00:00","og_image":[{"width":1400,"height":1400,"url":"https:\/\/recal-se.tbwebsite.com\/no\/wp-content\/uploads\/sites\/5\/2023\/10\/EU4000002_thinline_earth_I-scaled-1.png","type":"image\/png"}],"twitter_card":"summary_large_image","twitter_misc":{"Ansl. lesetid":"1 minutt"},"schema":{"@context":"https:\/\/schema.org","@graph":[{"@type":"WebPage","@id":"https:\/\/recal-se.tbwebsite.com\/no\/bedkanter\/bedkant-easy-6-meter\/","url":"https:\/\/recal-se.tbwebsite.com\/no\/bedkanter\/bedkant-easy-6-meter\/","name":"Bedkant - Easy 6 meter - Recal Norge","isPartOf":{"@id":"https:\/\/recal-se.tbwebsite.com\/no\/#website"},"primaryImageOfPage":{"@id":"https:\/\/recal-se.tbwebsite.com\/no\/bedkanter\/bedkant-easy-6-meter\/#primaryimage"},"image":{"@id":"https:\/\/recal-se.tbwebsite.com\/no\/bedkanter\/bedkant-easy-6-meter\/#primaryimage"},"thumbnailUrl":"https:\/\/recal-se.tbwebsite.com\/no\/wp-content\/uploads\/sites\/5\/2023\/10\/EU4000002_thinline_earth_I-scaled-1.png","datePublished":"2023-10-19T12:22:36+00:00","dateModified":"2024-02-04T08:10:47+00:00","description":"V\u00e5r nye bestselger, bedkant easy. Fleksibel og ekstremt slitesterk, lett \u00e5 forme kanter eller tilpasse til rette eller buede omr\u00e5der. N\u00e5 kan du kj\u00f8pe bedkant\u00a0 til en konkurransedyktig pris, kj\u00f8p 6 meter rabattkant for 479 NOK! Rabattkant Easy gir lang holdbarhet i alle v\u00e6rforhold! Laget av resirkulerte bildekk, er det et perfekt milj\u00f8valg samtidig som det er enkelt \u00e5 installere. Spiker er inkludert for enkel og komplett installasjon","breadcrumb":{"@id":"https:\/\/recal-se.tbwebsite.com\/no\/bedkanter\/bedkant-easy-6-meter\/#breadcrumb"},"inLanguage":"nb-NO","potentialAction":[{"@type":"ReadAction","target":["https:\/\/recal-se.tbwebsite.com\/no\/bedkanter\/bedkant-easy-6-meter\/"]}]},{"@type":"ImageObject","inLanguage":"nb-NO","@id":"https:\/\/recal-se.tbwebsite.com\/no\/bedkanter\/bedkant-easy-6-meter\/#primaryimage","url":"https:\/\/recal-se.tbwebsite.com\/no\/wp-content\/uploads\/sites\/5\/2023\/10\/EU4000002_thinline_earth_I-scaled-1.png","contentUrl":"https:\/\/recal-se.tbwebsite.com\/no\/wp-content\/uploads\/sites\/5\/2023\/10\/EU4000002_thinline_earth_I-scaled-1.png","width":1400,"height":1400},{"@type":"BreadcrumbList","@id":"https:\/\/recal-se.tbwebsite.com\/no\/bedkanter\/bedkant-easy-6-meter\/#breadcrumb","itemListElement":[{"@type":"ListItem","position":1,"name":"Home","item":"https:\/\/recal-se.tbwebsite.com\/no\/"},{"@type":"ListItem","position":2,"name":"Shop","item":"https:\/\/recal-se.tbwebsite.com\/no\/shop\/"},{"@type":"ListItem","position":3,"name":"Bedkant &#8211; Easy 6 meter"}]},{"@type":"WebSite","@id":"https:\/\/recal-se.tbwebsite.com\/no\/#website","url":"https:\/\/recal-se.tbwebsite.com\/no\/","name":"Recal Norge","description":"Tr\u00e4dg\u00e5rdsprodukter tillverkade i aluminium fr\u00e5n Sm\u00e5land","publisher":{"@id":"https:\/\/recal-se.tbwebsite.com\/no\/#organization"},"potentialAction":[{"@type":"SearchAction","target":{"@type":"EntryPoint","urlTemplate":"https:\/\/recal-se.tbwebsite.com\/no\/?s={search_term_string}"},"query-input":"required name=search_term_string"}],"inLanguage":"nb-NO"},{"@type":"Organization","@id":"https:\/\/recal-se.tbwebsite.com\/no\/#organization","name":"Recal Norge","url":"https:\/\/recal-se.tbwebsite.com\/no\/","logo":{"@type":"ImageObject","inLanguage":"nb-NO","@id":"https:\/\/recal-se.tbwebsite.com\/no\/#\/schema\/logo\/image\/","url":"https:\/\/recal-se.tbwebsite.com\/no\/wp-content\/uploads\/sites\/5\/2020\/06\/recal-logotype_svart_1.png","contentUrl":"https:\/\/recal-se.tbwebsite.com\/no\/wp-content\/uploads\/sites\/5\/2020\/06\/recal-logotype_svart_1.png","width":260,"height":52,"caption":"Recal Norge"},"image":{"@id":"https:\/\/recal-se.tbwebsite.com\/no\/#\/schema\/logo\/image\/"}}]}},"_links":{"self":[{"href":"https:\/\/recal-se.tbwebsite.com\/no\/wp-json\/wp\/v2\/product\/4895"}],"collection":[{"href":"https:\/\/recal-se.tbwebsite.com\/no\/wp-json\/wp\/v2\/product"}],"about":[{"href":"https:\/\/recal-se.tbwebsite.com\/no\/wp-json\/wp\/v2\/types\/product"}],"replies":[{"embeddable":true,"href":"https:\/\/recal-se.tbwebsite.com\/no\/wp-json\/wp\/v2\/comments?post=4895"}],"version-history":[{"count":4,"href":"https:\/\/recal-se.tbwebsite.com\/no\/wp-json\/wp\/v2\/product\/4895\/revisions"}],"predecessor-version":[{"id":15091,"href":"https:\/\/recal-se.tbwebsite.com\/no\/wp-json\/wp\/v2\/product\/4895\/revisions\/15091"}],"wp:featuredmedia":[{"embeddable":true,"href":"https:\/\/recal-se.tbwebsite.com\/no\/wp-json\/wp\/v2\/media\/5149"}],"wp:attachment":[{"href":"https:\/\/recal-se.tbwebsite.com\/no\/wp-json\/wp\/v2\/media?parent=4895"}],"wp:term":[{"taxonomy":"product_cat","embeddable":true,"href":"https:\/\/recal-se.tbwebsite.com\/no\/wp-json\/wp\/v2\/product_cat?post=4895"},{"taxonomy":"product_tag","embeddable":true,"href":"https:\/\/recal-se.tbwebsite.com\/no\/wp-json\/wp\/v2\/product_tag?post=4895"}],"curies":[{"name":"wp","href":"https:\/\/api.w.org\/{rel}","templated":true}]}}