{"id":4883,"date":"2023-10-19T12:22:26","date_gmt":"2023-10-19T12:22:26","guid":{"rendered":"https:\/\/recal-se.tbwebsite.com\/?post_type=product&#038;p=4883"},"modified":"2024-02-07T09:22:49","modified_gmt":"2024-02-07T09:22:49","slug":"blomsterpotte-bariton","status":"publish","type":"product","link":"https:\/\/recal-se.tbwebsite.com\/no\/planting\/blomsterpotte-bariton\/","title":{"rendered":"Blomsterpotte &#8211; Bariton"},"content":{"rendered":"<div id=\"tw-target-text-container\" class=\"tw-ta-container F0azHf tw-nfl\">\n<p id=\"tw-target-text\" class=\"tw-data-text tw-text-large tw-ta\" dir=\"ltr\" data-placeholder=\"\u00d6vers\u00e4ttning\" data-ved=\"2ahUKEwiz69nRvo-EAxXqExAIHShUApgQ3ewLegQIBRAT\"><span class=\"Y2IQFc\" lang=\"no\">Bariton blomsterpotte, en harmonisk blanding av b\u00e6rekraft, estetikk og milj\u00f8vennlighet. Blomsterpotten med sin vakre avrundede form vil v\u00e6re et stilig tillegg til b\u00e5de inne- og utend\u00f8rsmilj\u00f8er. <\/span><\/p>\n<p class=\"tw-data-text tw-text-large tw-ta\" dir=\"ltr\" data-placeholder=\"\u00d6vers\u00e4ttning\" data-ved=\"2ahUKEwiz69nRvo-EAxXqExAIHShUApgQ3ewLegQIBRAT\"><span class=\"Y2IQFc\" lang=\"no\">Hev ditt innend\u00f8rs og utend\u00f8rs hagearbeid med et snev av eleganse og omfavn en gr\u00f8nnere livsstil ved bruk av resirkulerte materialer. <\/span><\/p>\n<p class=\"tw-data-text tw-text-large tw-ta\" dir=\"ltr\" data-placeholder=\"\u00d6vers\u00e4ttning\" data-ved=\"2ahUKEwiz69nRvo-EAxXqExAIHShUApgQ3ewLegQIBRAT\"><span class=\"Y2IQFc\" lang=\"no\">La naturen trives mens du uttrykker stilen din. <\/span><\/p>\n<p class=\"tw-data-text tw-text-large tw-ta\" dir=\"ltr\" data-placeholder=\"\u00d6vers\u00e4ttning\" data-ved=\"2ahUKEwiz69nRvo-EAxXqExAIHShUApgQ3ewLegQIBRAT\"><span class=\"Y2IQFc\" lang=\"no\">Finnes i st\u00f8rrelsene 30 og 40cm i fargen Slate.<\/span><\/p>\n<\/div>\n<div id=\"tw-target-rmn-container\" class=\"tw-target-rmn tw-ta-container F0azHf tw-nfl\">\n<pre id=\"tw-target-rmn\" class=\"tw-data-placeholder tw-text-small tw-ta\" dir=\"ltr\" data-placeholder=\"\"><\/pre>\n<\/div>\n<div class=\"tw-menu\">\n<div id=\"tw-target-rmn-container\" class=\"tw-target-rmn tw-ta-container F0azHf tw-nfl\">\n<pre id=\"tw-target-rmn\" class=\"tw-data-placeholder tw-text-small tw-ta\" dir=\"ltr\" data-placeholder=\"\"><\/pre>\n<\/div>\n<\/div>\n<div class=\"oSioSc\">\n<div id=\"tw-target\">\n<div id=\"kAz1tf\" class=\"g9WsWb PZPZlf\" data-attrid=\"tw-targetArea\" data-entityname=\"Google Translate\">\n<div id=\"tw-target-text-container\" class=\"tw-ta-container F0azHf tw-nfl\">\n<p id=\"tw-target-text\" class=\"tw-data-text tw-text-large tw-ta\" dir=\"ltr\" data-placeholder=\"\u00d6vers\u00e4ttning\" data-ved=\"2ahUKEwjWmdiJ-4uEAxXscvEDHRYFBpwQ3ewLegQIBRAT\"><span class=\"Y2IQFc\" lang=\"no\"> Hver blomsterpotte fra Multy Home er utstyrt med et smart innebygd vannreservoar, som sikrer et optimalt fuktighetsniv\u00e5 for plantene dine uansett hvor du plasserer dem. I tillegg er blomsterpotten frost- og UV-bestandig, noe som gj\u00f8r at den beholder sin skj\u00f8nnhet og kvalitet selv under t\u00f8ffe forhold. <\/span><\/p>\n<p class=\"tw-data-text tw-text-large tw-ta\" dir=\"ltr\" data-placeholder=\"\u00d6vers\u00e4ttning\" data-ved=\"2ahUKEwjWmdiJ-4uEAxXscvEDHRYFBpwQ3ewLegQIBRAT\"><span class=\"Y2IQFc\" lang=\"no\">Vi er s\u00e5 sikre p\u00e5 produktet v\u00e5rt at vi tilbyr hele 5 \u00e5rs garanti, slik at du kan f\u00f8le deg trygg med kj\u00f8pet og vite at din blomsterpotte vil vare i mange \u00e5r fremover. <\/span><\/p>\n<p class=\"tw-data-text tw-text-large tw-ta\" dir=\"ltr\" data-placeholder=\"\u00d6vers\u00e4ttning\" data-ved=\"2ahUKEwjWmdiJ-4uEAxXscvEDHRYFBpwQ3ewLegQIBRAT\"><span class=\"Y2IQFc\" lang=\"no\">For oss er b\u00e6rekraft en prioritet, og derfor er blomsterpottene v\u00e5re laget av 99 % resirkulert materiale. Du kan nyte deres tidl\u00f8se skj\u00f8nnhet og vite at du bidrar til en mer milj\u00f8vennlig verden. <\/span><\/p>\n<p class=\"tw-data-text tw-text-large tw-ta\" dir=\"ltr\" data-placeholder=\"\u00d6vers\u00e4ttning\" data-ved=\"2ahUKEwjWmdiJ-4uEAxXscvEDHRYFBpwQ3ewLegQIBRAT\"><span class=\"Y2IQFc\" lang=\"no\">Oppgrader plantearrangementene dine med v\u00e5re stilige og p\u00e5litelige blomsterpotter &#8211; like vakre innend\u00f8rs som utend\u00f8rs. Forvandle hagen din med stilige og praktiske blomsterkasser laget av 99 % resirkulert plast.<\/span><\/p>\n<div id=\"tw-target-text-container\" class=\"tw-ta-container F0azHf tw-nfl\">\n<h4 id=\"tw-target-text\" class=\"tw-data-text tw-text-large tw-ta\" dir=\"ltr\" data-placeholder=\"\u00d6vers\u00e4ttning\" data-ved=\"2ahUKEwjWmdiJ-4uEAxXscvEDHRYFBpwQ3ewLegQIBRAT\"><span class=\"Y2IQFc\" lang=\"no\">Recal er stolte av \u00e5 presentere v\u00e5r kolleksjon fra Multy Home, en samling hageprodukter laget av resirkulerte materialer. <\/span><\/h4>\n<p class=\"tw-data-text tw-text-large tw-ta\" dir=\"ltr\" data-placeholder=\"\u00d6vers\u00e4ttning\" data-ved=\"2ahUKEwjWmdiJ-4uEAxXscvEDHRYFBpwQ3ewLegQIBRAT\"><span class=\"Y2IQFc\" lang=\"no\">Stilig, slitesterk og milj\u00f8vennlig! V\u00e5re hageprodukter inkluderer produkter som blomsterkasser og blomsterpotter for trappestein, blomsterbed og kantstein. Se og nyt v\u00e5r nyeste samling av hageprodukter og bli med oss \u200b\u200bp\u00e5 reisen for \u00e5 gj\u00f8re verden til et renere og gr\u00f8nnere sted. Resirkulering \u2013 \u00d8ko-smarte produkter fra Recal og Multy Home.<\/span><\/p>\n<p class=\"tw-data-text tw-text-large tw-ta\" dir=\"ltr\" data-placeholder=\"\u00d6vers\u00e4ttning\" data-ved=\"2ahUKEwjWmdiJ-4uEAxXscvEDHRYFBpwQ3ewLegQIBRAT\"><span class=\"Y2IQFc\" lang=\"no\"> Det er avgj\u00f8rende for oss at alle produktene v\u00e5re ikke skader planeten vi \u00f8nsker \u00e5 hjelpe og ikke \u00f8delegger den. Vi er stolte av \u00e5 gjenbruke skrapdekk slik at de ikke havner p\u00e5 s\u00f8ppelfyllinger og leter stadig etter nye resirkuleringsmaterialel\u00f8sninger \u00e5 produsere produkter med. <\/span><\/p>\n<p class=\"tw-data-text tw-text-large tw-ta\" dir=\"ltr\" data-placeholder=\"\u00d6vers\u00e4ttning\" data-ved=\"2ahUKEwjWmdiJ-4uEAxXscvEDHRYFBpwQ3ewLegQIBRAT\"><span class=\"Y2IQFc\" lang=\"no\">\u00d8nsker du \u00e5 fornye hagen, balkongen eller uteplassen med vakre blomster og gr\u00f8nt? Da er blomsterkasser fra Recal akkurat det du trenger. Med en kombinasjon av stil og funksjonalitet hjelper v\u00e5re blomsterkasser deg med \u00e5 skape en hageoase som b\u00e5de imponerer og inspirerer. <\/span><\/p>\n<p class=\"tw-data-text tw-text-large tw-ta\" dir=\"ltr\" data-placeholder=\"\u00d6vers\u00e4ttning\" data-ved=\"2ahUKEwjWmdiJ-4uEAxXscvEDHRYFBpwQ3ewLegQIBRAT\"><span class=\"Y2IQFc\" lang=\"no\">Recal-Stilig design for enhver smak!<\/span><\/p>\n<\/div>\n<\/div>\n<\/div>\n<\/div>\n<\/div>\n<p>&nbsp;<\/p>\n<p>&nbsp;<\/p>\n<p>&nbsp;<\/p>\n","protected":false},"excerpt":{"rendered":"<p>Bariton blomsterpotte, en harmonisk blanding av b\u00e6rekraft, estetikk og milj\u00f8vennlighet. Blomsterpotten med sin vakre avrundede form vil v\u00e6re et stilig tillegg til b\u00e5de inne- og utend\u00f8rsmilj\u00f8er.Hev ditt innend\u00f8rs og utend\u00f8rs hagearbeid med et snev av eleganse og omfavn en gr\u00f8nnere livsstil ved bruk av resirkulerte materialer.La naturen trives mens du uttrykker stilen din.Finnes i st\u00f8rrelsene 30 og 40cm i fargen Slate.<\/p>\n","protected":false},"featured_media":5181,"comment_status":"open","ping_status":"closed","template":"","meta":{"_acf_changed":false},"product_cat":[239,240,115],"product_tag":[],"composite_virtual":false,"composite_layout":"","composite_add_to_cart_form_location":"","composite_editable_in_cart":false,"composite_sold_individually_context":"","composite_shop_price_calc":"","composite_components":[],"composite_scenarios":[],"acf":[],"yoast_head":"<!-- This site is optimized with the Yoast SEO plugin v22.2 - https:\/\/yoast.com\/wordpress\/plugins\/seo\/ -->\n<title>Blomsterpotte - Bariton - Recal Norge<\/title>\n<meta name=\"description\" content=\"Bariton blomsterpotte, en harmonisk blanding av b\u00e6rekraft, estetikk og milj\u00f8vennlighet. Blomsterpotten med sin vakre avrundede form vil v\u00e6re et stilig tillegg til b\u00e5de inne- og utend\u00f8rsmilj\u00f8er.Hev ditt innend\u00f8rs og utend\u00f8rs hagearbeid med et snev av eleganse og omfavn en gr\u00f8nnere livsstil ved bruk av resirkulerte materialer.La naturen trives mens du uttrykker stilen din.Finnes i st\u00f8rrelsene 30 og 40cm i fargen Slate.\" \/>\n<meta name=\"robots\" content=\"index, follow, max-snippet:-1, max-image-preview:large, max-video-preview:-1\" \/>\n<link rel=\"canonical\" href=\"https:\/\/recal-se.tbwebsite.com\/no\/planting\/blomsterpotte-bariton\/\" \/>\n<meta property=\"og:locale\" content=\"nb_NO\" \/>\n<meta property=\"og:type\" content=\"article\" \/>\n<meta property=\"og:title\" content=\"Blomsterpotte - Bariton - Recal Norge\" \/>\n<meta property=\"og:description\" content=\"Bariton blomsterpotte, en harmonisk blanding av b\u00e6rekraft, estetikk og milj\u00f8vennlighet. Blomsterpotten med sin vakre avrundede form vil v\u00e6re et stilig tillegg til b\u00e5de inne- og utend\u00f8rsmilj\u00f8er.Hev ditt innend\u00f8rs og utend\u00f8rs hagearbeid med et snev av eleganse og omfavn en gr\u00f8nnere livsstil ved bruk av resirkulerte materialer.La naturen trives mens du uttrykker stilen din.Finnes i st\u00f8rrelsene 30 og 40cm i fargen Slate.\" \/>\n<meta property=\"og:url\" content=\"https:\/\/recal-se.tbwebsite.com\/no\/planting\/blomsterpotte-bariton\/\" \/>\n<meta property=\"og:site_name\" content=\"Recal Norge\" \/>\n<meta property=\"article:modified_time\" content=\"2024-02-07T09:22:49+00:00\" \/>\n<meta property=\"og:image\" content=\"https:\/\/recal-se.tbwebsite.com\/no\/wp-content\/uploads\/sites\/5\/2023\/10\/EU5100055_baritone_40_slate_a-scaled-1.png\" \/>\n\t<meta property=\"og:image:width\" content=\"1400\" \/>\n\t<meta property=\"og:image:height\" content=\"1400\" \/>\n\t<meta property=\"og:image:type\" content=\"image\/png\" \/>\n<meta name=\"twitter:card\" content=\"summary_large_image\" \/>\n<meta name=\"twitter:label1\" content=\"Ansl. lesetid\" \/>\n\t<meta name=\"twitter:data1\" content=\"3 minutter\" \/>\n<script type=\"application\/ld+json\" class=\"yoast-schema-graph\">{\"@context\":\"https:\/\/schema.org\",\"@graph\":[{\"@type\":\"WebPage\",\"@id\":\"https:\/\/recal-se.tbwebsite.com\/no\/planting\/blomsterpotte-bariton\/\",\"url\":\"https:\/\/recal-se.tbwebsite.com\/no\/planting\/blomsterpotte-bariton\/\",\"name\":\"Blomsterpotte - Bariton - Recal Norge\",\"isPartOf\":{\"@id\":\"https:\/\/recal-se.tbwebsite.com\/no\/#website\"},\"primaryImageOfPage\":{\"@id\":\"https:\/\/recal-se.tbwebsite.com\/no\/planting\/blomsterpotte-bariton\/#primaryimage\"},\"image\":{\"@id\":\"https:\/\/recal-se.tbwebsite.com\/no\/planting\/blomsterpotte-bariton\/#primaryimage\"},\"thumbnailUrl\":\"https:\/\/recal-se.tbwebsite.com\/no\/wp-content\/uploads\/sites\/5\/2023\/10\/EU5100055_baritone_40_slate_a-scaled-1.png\",\"datePublished\":\"2023-10-19T12:22:26+00:00\",\"dateModified\":\"2024-02-07T09:22:49+00:00\",\"description\":\"Bariton blomsterpotte, en harmonisk blanding av b\u00e6rekraft, estetikk og milj\u00f8vennlighet. Blomsterpotten med sin vakre avrundede form vil v\u00e6re et stilig tillegg til b\u00e5de inne- og utend\u00f8rsmilj\u00f8er.Hev ditt innend\u00f8rs og utend\u00f8rs hagearbeid med et snev av eleganse og omfavn en gr\u00f8nnere livsstil ved bruk av resirkulerte materialer.La naturen trives mens du uttrykker stilen din.Finnes i st\u00f8rrelsene 30 og 40cm i fargen Slate.\",\"breadcrumb\":{\"@id\":\"https:\/\/recal-se.tbwebsite.com\/no\/planting\/blomsterpotte-bariton\/#breadcrumb\"},\"inLanguage\":\"nb-NO\",\"potentialAction\":[{\"@type\":\"ReadAction\",\"target\":[\"https:\/\/recal-se.tbwebsite.com\/no\/planting\/blomsterpotte-bariton\/\"]}]},{\"@type\":\"ImageObject\",\"inLanguage\":\"nb-NO\",\"@id\":\"https:\/\/recal-se.tbwebsite.com\/no\/planting\/blomsterpotte-bariton\/#primaryimage\",\"url\":\"https:\/\/recal-se.tbwebsite.com\/no\/wp-content\/uploads\/sites\/5\/2023\/10\/EU5100055_baritone_40_slate_a-scaled-1.png\",\"contentUrl\":\"https:\/\/recal-se.tbwebsite.com\/no\/wp-content\/uploads\/sites\/5\/2023\/10\/EU5100055_baritone_40_slate_a-scaled-1.png\",\"width\":1400,\"height\":1400},{\"@type\":\"BreadcrumbList\",\"@id\":\"https:\/\/recal-se.tbwebsite.com\/no\/planting\/blomsterpotte-bariton\/#breadcrumb\",\"itemListElement\":[{\"@type\":\"ListItem\",\"position\":1,\"name\":\"Home\",\"item\":\"https:\/\/recal-se.tbwebsite.com\/no\/\"},{\"@type\":\"ListItem\",\"position\":2,\"name\":\"Shop\",\"item\":\"https:\/\/recal-se.tbwebsite.com\/no\/shop\/\"},{\"@type\":\"ListItem\",\"position\":3,\"name\":\"Blomsterpotte &#8211; Bariton\"}]},{\"@type\":\"WebSite\",\"@id\":\"https:\/\/recal-se.tbwebsite.com\/no\/#website\",\"url\":\"https:\/\/recal-se.tbwebsite.com\/no\/\",\"name\":\"Recal Norge\",\"description\":\"Tr\u00e4dg\u00e5rdsprodukter tillverkade i aluminium fr\u00e5n Sm\u00e5land\",\"publisher\":{\"@id\":\"https:\/\/recal-se.tbwebsite.com\/no\/#organization\"},\"potentialAction\":[{\"@type\":\"SearchAction\",\"target\":{\"@type\":\"EntryPoint\",\"urlTemplate\":\"https:\/\/recal-se.tbwebsite.com\/no\/?s={search_term_string}\"},\"query-input\":\"required name=search_term_string\"}],\"inLanguage\":\"nb-NO\"},{\"@type\":\"Organization\",\"@id\":\"https:\/\/recal-se.tbwebsite.com\/no\/#organization\",\"name\":\"Recal Norge\",\"url\":\"https:\/\/recal-se.tbwebsite.com\/no\/\",\"logo\":{\"@type\":\"ImageObject\",\"inLanguage\":\"nb-NO\",\"@id\":\"https:\/\/recal-se.tbwebsite.com\/no\/#\/schema\/logo\/image\/\",\"url\":\"https:\/\/recal-se.tbwebsite.com\/no\/wp-content\/uploads\/sites\/5\/2020\/06\/recal-logotype_svart_1.png\",\"contentUrl\":\"https:\/\/recal-se.tbwebsite.com\/no\/wp-content\/uploads\/sites\/5\/2020\/06\/recal-logotype_svart_1.png\",\"width\":260,\"height\":52,\"caption\":\"Recal Norge\"},\"image\":{\"@id\":\"https:\/\/recal-se.tbwebsite.com\/no\/#\/schema\/logo\/image\/\"}}]}<\/script>\n<!-- \/ Yoast SEO plugin. -->","yoast_head_json":{"title":"Blomsterpotte - Bariton - Recal Norge","description":"Bariton blomsterpotte, en harmonisk blanding av b\u00e6rekraft, estetikk og milj\u00f8vennlighet. Blomsterpotten med sin vakre avrundede form vil v\u00e6re et stilig tillegg til b\u00e5de inne- og utend\u00f8rsmilj\u00f8er.Hev ditt innend\u00f8rs og utend\u00f8rs hagearbeid med et snev av eleganse og omfavn en gr\u00f8nnere livsstil ved bruk av resirkulerte materialer.La naturen trives mens du uttrykker stilen din.Finnes i st\u00f8rrelsene 30 og 40cm i fargen Slate.","robots":{"index":"index","follow":"follow","max-snippet":"max-snippet:-1","max-image-preview":"max-image-preview:large","max-video-preview":"max-video-preview:-1"},"canonical":"https:\/\/recal-se.tbwebsite.com\/no\/planting\/blomsterpotte-bariton\/","og_locale":"nb_NO","og_type":"article","og_title":"Blomsterpotte - Bariton - Recal Norge","og_description":"Bariton blomsterpotte, en harmonisk blanding av b\u00e6rekraft, estetikk og milj\u00f8vennlighet. Blomsterpotten med sin vakre avrundede form vil v\u00e6re et stilig tillegg til b\u00e5de inne- og utend\u00f8rsmilj\u00f8er.Hev ditt innend\u00f8rs og utend\u00f8rs hagearbeid med et snev av eleganse og omfavn en gr\u00f8nnere livsstil ved bruk av resirkulerte materialer.La naturen trives mens du uttrykker stilen din.Finnes i st\u00f8rrelsene 30 og 40cm i fargen Slate.","og_url":"https:\/\/recal-se.tbwebsite.com\/no\/planting\/blomsterpotte-bariton\/","og_site_name":"Recal Norge","article_modified_time":"2024-02-07T09:22:49+00:00","og_image":[{"width":1400,"height":1400,"url":"https:\/\/recal-se.tbwebsite.com\/no\/wp-content\/uploads\/sites\/5\/2023\/10\/EU5100055_baritone_40_slate_a-scaled-1.png","type":"image\/png"}],"twitter_card":"summary_large_image","twitter_misc":{"Ansl. lesetid":"3 minutter"},"schema":{"@context":"https:\/\/schema.org","@graph":[{"@type":"WebPage","@id":"https:\/\/recal-se.tbwebsite.com\/no\/planting\/blomsterpotte-bariton\/","url":"https:\/\/recal-se.tbwebsite.com\/no\/planting\/blomsterpotte-bariton\/","name":"Blomsterpotte - Bariton - Recal Norge","isPartOf":{"@id":"https:\/\/recal-se.tbwebsite.com\/no\/#website"},"primaryImageOfPage":{"@id":"https:\/\/recal-se.tbwebsite.com\/no\/planting\/blomsterpotte-bariton\/#primaryimage"},"image":{"@id":"https:\/\/recal-se.tbwebsite.com\/no\/planting\/blomsterpotte-bariton\/#primaryimage"},"thumbnailUrl":"https:\/\/recal-se.tbwebsite.com\/no\/wp-content\/uploads\/sites\/5\/2023\/10\/EU5100055_baritone_40_slate_a-scaled-1.png","datePublished":"2023-10-19T12:22:26+00:00","dateModified":"2024-02-07T09:22:49+00:00","description":"Bariton blomsterpotte, en harmonisk blanding av b\u00e6rekraft, estetikk og milj\u00f8vennlighet. Blomsterpotten med sin vakre avrundede form vil v\u00e6re et stilig tillegg til b\u00e5de inne- og utend\u00f8rsmilj\u00f8er.Hev ditt innend\u00f8rs og utend\u00f8rs hagearbeid med et snev av eleganse og omfavn en gr\u00f8nnere livsstil ved bruk av resirkulerte materialer.La naturen trives mens du uttrykker stilen din.Finnes i st\u00f8rrelsene 30 og 40cm i fargen Slate.","breadcrumb":{"@id":"https:\/\/recal-se.tbwebsite.com\/no\/planting\/blomsterpotte-bariton\/#breadcrumb"},"inLanguage":"nb-NO","potentialAction":[{"@type":"ReadAction","target":["https:\/\/recal-se.tbwebsite.com\/no\/planting\/blomsterpotte-bariton\/"]}]},{"@type":"ImageObject","inLanguage":"nb-NO","@id":"https:\/\/recal-se.tbwebsite.com\/no\/planting\/blomsterpotte-bariton\/#primaryimage","url":"https:\/\/recal-se.tbwebsite.com\/no\/wp-content\/uploads\/sites\/5\/2023\/10\/EU5100055_baritone_40_slate_a-scaled-1.png","contentUrl":"https:\/\/recal-se.tbwebsite.com\/no\/wp-content\/uploads\/sites\/5\/2023\/10\/EU5100055_baritone_40_slate_a-scaled-1.png","width":1400,"height":1400},{"@type":"BreadcrumbList","@id":"https:\/\/recal-se.tbwebsite.com\/no\/planting\/blomsterpotte-bariton\/#breadcrumb","itemListElement":[{"@type":"ListItem","position":1,"name":"Home","item":"https:\/\/recal-se.tbwebsite.com\/no\/"},{"@type":"ListItem","position":2,"name":"Shop","item":"https:\/\/recal-se.tbwebsite.com\/no\/shop\/"},{"@type":"ListItem","position":3,"name":"Blomsterpotte &#8211; Bariton"}]},{"@type":"WebSite","@id":"https:\/\/recal-se.tbwebsite.com\/no\/#website","url":"https:\/\/recal-se.tbwebsite.com\/no\/","name":"Recal Norge","description":"Tr\u00e4dg\u00e5rdsprodukter tillverkade i aluminium fr\u00e5n Sm\u00e5land","publisher":{"@id":"https:\/\/recal-se.tbwebsite.com\/no\/#organization"},"potentialAction":[{"@type":"SearchAction","target":{"@type":"EntryPoint","urlTemplate":"https:\/\/recal-se.tbwebsite.com\/no\/?s={search_term_string}"},"query-input":"required name=search_term_string"}],"inLanguage":"nb-NO"},{"@type":"Organization","@id":"https:\/\/recal-se.tbwebsite.com\/no\/#organization","name":"Recal Norge","url":"https:\/\/recal-se.tbwebsite.com\/no\/","logo":{"@type":"ImageObject","inLanguage":"nb-NO","@id":"https:\/\/recal-se.tbwebsite.com\/no\/#\/schema\/logo\/image\/","url":"https:\/\/recal-se.tbwebsite.com\/no\/wp-content\/uploads\/sites\/5\/2020\/06\/recal-logotype_svart_1.png","contentUrl":"https:\/\/recal-se.tbwebsite.com\/no\/wp-content\/uploads\/sites\/5\/2020\/06\/recal-logotype_svart_1.png","width":260,"height":52,"caption":"Recal Norge"},"image":{"@id":"https:\/\/recal-se.tbwebsite.com\/no\/#\/schema\/logo\/image\/"}}]}},"_links":{"self":[{"href":"https:\/\/recal-se.tbwebsite.com\/no\/wp-json\/wp\/v2\/product\/4883"}],"collection":[{"href":"https:\/\/recal-se.tbwebsite.com\/no\/wp-json\/wp\/v2\/product"}],"about":[{"href":"https:\/\/recal-se.tbwebsite.com\/no\/wp-json\/wp\/v2\/types\/product"}],"replies":[{"embeddable":true,"href":"https:\/\/recal-se.tbwebsite.com\/no\/wp-json\/wp\/v2\/comments?post=4883"}],"version-history":[{"count":6,"href":"https:\/\/recal-se.tbwebsite.com\/no\/wp-json\/wp\/v2\/product\/4883\/revisions"}],"predecessor-version":[{"id":15084,"href":"https:\/\/recal-se.tbwebsite.com\/no\/wp-json\/wp\/v2\/product\/4883\/revisions\/15084"}],"wp:featuredmedia":[{"embeddable":true,"href":"https:\/\/recal-se.tbwebsite.com\/no\/wp-json\/wp\/v2\/media\/5181"}],"wp:attachment":[{"href":"https:\/\/recal-se.tbwebsite.com\/no\/wp-json\/wp\/v2\/media?parent=4883"}],"wp:term":[{"taxonomy":"product_cat","embeddable":true,"href":"https:\/\/recal-se.tbwebsite.com\/no\/wp-json\/wp\/v2\/product_cat?post=4883"},{"taxonomy":"product_tag","embeddable":true,"href":"https:\/\/recal-se.tbwebsite.com\/no\/wp-json\/wp\/v2\/product_tag?post=4883"}],"curies":[{"name":"wp","href":"https:\/\/api.w.org\/{rel}","templated":true}]}}