{"id":4007,"date":"2023-06-30T05:27:42","date_gmt":"2023-06-30T05:27:42","guid":{"rendered":"https:\/\/recal-se.tbwebsite.com\/?post_type=product&#038;p=4007"},"modified":"2024-02-21T10:04:19","modified_gmt":"2024-02-21T10:04:19","slug":"blomsterkasser-planting-corten","status":"publish","type":"product","link":"https:\/\/recal-se.tbwebsite.com\/no\/planting\/blomsterkasser-planting-corten\/","title":{"rendered":"Blomsterkasser &#8211; Corten"},"content":{"rendered":"<h4 id=\"tw-target-text\" class=\"tw-data-text tw-text-large tw-ta\" dir=\"ltr\" data-placeholder=\"\u00d6vers\u00e4ttning\" data-ved=\"2ahUKEwjz7-LR2LmEAxWNUXcKHTIpCHYQ3ewLegQIBRAT\"><span class=\"Y2IQFc\" lang=\"no\">Blomsterkasser i Corten- Laget i Sverige.<\/span><\/h4>\n<p class=\"tw-data-text tw-text-large tw-ta\" dir=\"ltr\" data-placeholder=\"\u00d6vers\u00e4ttning\" data-ved=\"2ahUKEwjz7-LR2LmEAxWNUXcKHTIpCHYQ3ewLegQIBRAT\"><span class=\"Y2IQFc\" lang=\"no\">Oppdag Recals blomsterkasser i corten, perfekt for \u00e5 gi din hage eller offentlige milj\u00f8 et elegant og designet preg. <\/span><\/p>\n<p class=\"tw-data-text tw-text-large tw-ta\" dir=\"ltr\" data-placeholder=\"\u00d6vers\u00e4ttning\" data-ved=\"2ahUKEwjz7-LR2LmEAxWNUXcKHTIpCHYQ3ewLegQIBRAT\"><span class=\"Y2IQFc\" lang=\"no\">Disse blomsterkassene er laget med en imponerende tykkelse p\u00e5 1,5 mm Corten, og garanterer holdbarhet og stabilitet i lang tid fremover. Hver blomsterkasse leveres komplett og best\u00e5r av moduler, en bunnplate og skruer og muttere for enkel montering. <\/span><\/p>\n<p class=\"tw-data-text tw-text-large tw-ta\" dir=\"ltr\" data-placeholder=\"\u00d6vers\u00e4ttning\" data-ved=\"2ahUKEwjz7-LR2LmEAxWNUXcKHTIpCHYQ3ewLegQIBRAT\"><span class=\"Y2IQFc\" lang=\"no\">Ved kj\u00f8p av lengre modeller f\u00f8lger det ogs\u00e5 med bukseseler for ekstra stabilisering, som s\u00f8rger for at blomsterkassen beholder form og struktur ogs\u00e5 under stress. Recals blomsterkasser er tilgjengelig i et bredt spekter av st\u00f8rrelser, slik at du kan finne den perfekte passformen for dine behov. <\/span><\/p>\n<p class=\"tw-data-text tw-text-large tw-ta\" dir=\"ltr\" data-placeholder=\"\u00d6vers\u00e4ttning\" data-ved=\"2ahUKEwjz7-LR2LmEAxWNUXcKHTIpCHYQ3ewLegQIBRAT\"><span class=\"Y2IQFc\" lang=\"no\">Enten du vil lage et lite blomsterhj\u00f8rne eller en imponerende blomsterutstilling, har vi en blomsterkasse som passer akkurat for deg.<\/span><\/p>\n<p>&nbsp;<\/p>\n<p id=\"tw-target-text\" class=\"tw-data-text tw-text-large tw-ta\" dir=\"ltr\" data-placeholder=\"\u00d6vers\u00e4ttning\" data-ved=\"2ahUKEwjz7-LR2LmEAxWNUXcKHTIpCHYQ3ewLegQIBRAT\"><span class=\"Y2IQFc\" lang=\"no\">For \u00e5 sikre at plantene dine trives i blomsterkassen, gir vi deg noen nyttige tips f\u00f8r planting:<\/span><\/p>\n<ol>\n<li>\n<p id=\"tw-target-text\" class=\"tw-data-text tw-text-large tw-ta\" dir=\"ltr\" data-placeholder=\"\u00d6vers\u00e4ttning\" data-ved=\"2ahUKEwjz7-LR2LmEAxWNUXcKHTIpCHYQ3ewLegQIBRAT\"><span class=\"Y2IQFc\" lang=\"no\">Fyll blomsterkassen med jord helt opp til kanten for \u00e5 gi plantene dine nok plass til \u00e5 vokse og sl\u00e5 rot.<\/span><\/p>\n<\/li>\n<li>\n<p id=\"tw-target-text\" class=\"tw-data-text tw-text-large tw-ta\" dir=\"ltr\" data-placeholder=\"\u00d6vers\u00e4ttning\" data-ved=\"2ahUKEwjz7-LR2LmEAxWNUXcKHTIpCHYQ3ewLegQIBRAT\"><span class=\"Y2IQFc\" lang=\"no\">S\u00f8rg for at blomsterkassen har skikkelig drenering for \u00e5 unng\u00e5 vannansamling og overvanning. Dette kan du gj\u00f8re ved \u00e5 lage dreneringshull i bunnen eller bruke dreneringsmateriale som sm\u00e5 steiner eller leire i bunnen av blomsterkassen.<\/span><\/p>\n<\/li>\n<li>\n<p id=\"tw-target-text\" class=\"tw-data-text tw-text-large tw-ta\" dir=\"ltr\" data-placeholder=\"\u00d6vers\u00e4ttning\" data-ved=\"2ahUKEwjz7-LR2LmEAxWNUXcKHTIpCHYQ3ewLegQIBRAT\"><span class=\"Y2IQFc\" lang=\"no\">Bruk naturlig gj\u00f8dsel, som matjord eller kompost, for \u00e5 gi plantene dine et n\u00e6ringsrikt og sunt milj\u00f8 \u00e5 vokse i.<\/span><\/p>\n<\/li>\n<\/ol>\n<p>&nbsp;<\/p>\n<p id=\"tw-target-text\" class=\"tw-data-text tw-text-large tw-ta\" dir=\"ltr\" data-placeholder=\"\u00d6vers\u00e4ttning\" data-ved=\"2ahUKEwjz7-LR2LmEAxWNUXcKHTIpCHYQ3ewLegQIBRAT\"><span class=\"Y2IQFc\" lang=\"no\">Med Recals blomsterkasser kan du skape en vakker og velholdt hage eller offentlig rom. Utforsk v\u00e5rt utvalg i dag og la plantene dine blomstre med stil!<\/span><\/p>\n","protected":false},"excerpt":{"rendered":"<p id=\"tw-target-text\" class=\"tw-data-text tw-text-large tw-ta\" dir=\"ltr\" data-placeholder=\"\u00d6vers\u00e4ttning\" data-ved=\"2ahUKEwjz7-LR2LmEAxWNUXcKHTIpCHYQ3ewLegQIBRAT\"><span class=\"Y2IQFc\" lang=\"no\">Recals blomsterkasser er tilgjengelig i et bredt spekter av st\u00f8rrelser, slik at du kan finne den perfekte passformen for dine behov. Enten du vil lage et lite blomsterhj\u00f8rne eller en imponerende blomsterutstilling, har vi en blomsterkasse som passer akkurat for deg.<\/span><\/p>\n","protected":false},"featured_media":5285,"comment_status":"closed","ping_status":"closed","template":"","meta":{"_acf_changed":false},"product_cat":[239,115],"product_tag":[99,101,102],"composite_virtual":false,"composite_layout":"","composite_add_to_cart_form_location":"","composite_editable_in_cart":false,"composite_sold_individually_context":"","composite_shop_price_calc":"","composite_components":[],"composite_scenarios":[],"acf":[],"yoast_head":"<!-- This site is optimized with the Yoast SEO plugin v22.2 - https:\/\/yoast.com\/wordpress\/plugins\/seo\/ -->\n<title>Blomsterkasser - Corten - Recal Norge<\/title>\n<meta name=\"description\" content=\"Disse blomsterkassene er laget med en imponerende tykkelse p\u00e5 1,5 mm Corten, og garanterer holdbarhet og stabilitet i lang tid fremover. Hver blomsterkasse leveres komplett og best\u00e5r av moduler, en bunnplate og skruer og muttere for enkel montering.Ved kj\u00f8p av lengre modeller f\u00f8lger det ogs\u00e5 med bukseseler for ekstra stabilisering, som s\u00f8rger for at blomsterkassen beholder form og struktur ogs\u00e5 under stress. Recals blomsterkasser er tilgjengelig i et bredt spekter av st\u00f8rrelser, slik at du kan finne den perfekte passformen for dine behov.\" \/>\n<meta name=\"robots\" content=\"index, follow, max-snippet:-1, max-image-preview:large, max-video-preview:-1\" \/>\n<link rel=\"canonical\" href=\"https:\/\/recal-se.tbwebsite.com\/no\/planting\/blomsterkasser-planting-corten\/\" \/>\n<meta property=\"og:locale\" content=\"nb_NO\" \/>\n<meta property=\"og:type\" content=\"article\" \/>\n<meta property=\"og:title\" content=\"Blomsterkasser - Corten - Recal Norge\" \/>\n<meta property=\"og:description\" content=\"Disse blomsterkassene er laget med en imponerende tykkelse p\u00e5 1,5 mm Corten, og garanterer holdbarhet og stabilitet i lang tid fremover. Hver blomsterkasse leveres komplett og best\u00e5r av moduler, en bunnplate og skruer og muttere for enkel montering.Ved kj\u00f8p av lengre modeller f\u00f8lger det ogs\u00e5 med bukseseler for ekstra stabilisering, som s\u00f8rger for at blomsterkassen beholder form og struktur ogs\u00e5 under stress. Recals blomsterkasser er tilgjengelig i et bredt spekter av st\u00f8rrelser, slik at du kan finne den perfekte passformen for dine behov.\" \/>\n<meta property=\"og:url\" content=\"https:\/\/recal-se.tbwebsite.com\/no\/planting\/blomsterkasser-planting-corten\/\" \/>\n<meta property=\"og:site_name\" content=\"Recal Norge\" \/>\n<meta property=\"article:modified_time\" content=\"2024-02-21T10:04:19+00:00\" \/>\n<meta property=\"og:image\" content=\"https:\/\/recal-se.tbwebsite.com\/no\/wp-content\/uploads\/sites\/5\/2023\/06\/2406060.png\" \/>\n\t<meta property=\"og:image:width\" content=\"1400\" \/>\n\t<meta property=\"og:image:height\" content=\"1400\" \/>\n\t<meta property=\"og:image:type\" content=\"image\/png\" \/>\n<meta name=\"twitter:card\" content=\"summary_large_image\" \/>\n<meta name=\"twitter:label1\" content=\"Ansl. lesetid\" \/>\n\t<meta name=\"twitter:data1\" content=\"2 minutter\" \/>\n<script type=\"application\/ld+json\" class=\"yoast-schema-graph\">{\"@context\":\"https:\/\/schema.org\",\"@graph\":[{\"@type\":\"WebPage\",\"@id\":\"https:\/\/recal-se.tbwebsite.com\/no\/planting\/blomsterkasser-planting-corten\/\",\"url\":\"https:\/\/recal-se.tbwebsite.com\/no\/planting\/blomsterkasser-planting-corten\/\",\"name\":\"Blomsterkasser - Corten - Recal Norge\",\"isPartOf\":{\"@id\":\"https:\/\/recal-se.tbwebsite.com\/no\/#website\"},\"primaryImageOfPage\":{\"@id\":\"https:\/\/recal-se.tbwebsite.com\/no\/planting\/blomsterkasser-planting-corten\/#primaryimage\"},\"image\":{\"@id\":\"https:\/\/recal-se.tbwebsite.com\/no\/planting\/blomsterkasser-planting-corten\/#primaryimage\"},\"thumbnailUrl\":\"https:\/\/recal-se.tbwebsite.com\/no\/wp-content\/uploads\/sites\/5\/2023\/06\/2406060.png\",\"datePublished\":\"2023-06-30T05:27:42+00:00\",\"dateModified\":\"2024-02-21T10:04:19+00:00\",\"description\":\"Disse blomsterkassene er laget med en imponerende tykkelse p\u00e5 1,5 mm Corten, og garanterer holdbarhet og stabilitet i lang tid fremover. Hver blomsterkasse leveres komplett og best\u00e5r av moduler, en bunnplate og skruer og muttere for enkel montering.Ved kj\u00f8p av lengre modeller f\u00f8lger det ogs\u00e5 med bukseseler for ekstra stabilisering, som s\u00f8rger for at blomsterkassen beholder form og struktur ogs\u00e5 under stress. Recals blomsterkasser er tilgjengelig i et bredt spekter av st\u00f8rrelser, slik at du kan finne den perfekte passformen for dine behov.\",\"breadcrumb\":{\"@id\":\"https:\/\/recal-se.tbwebsite.com\/no\/planting\/blomsterkasser-planting-corten\/#breadcrumb\"},\"inLanguage\":\"nb-NO\",\"potentialAction\":[{\"@type\":\"ReadAction\",\"target\":[\"https:\/\/recal-se.tbwebsite.com\/no\/planting\/blomsterkasser-planting-corten\/\"]}]},{\"@type\":\"ImageObject\",\"inLanguage\":\"nb-NO\",\"@id\":\"https:\/\/recal-se.tbwebsite.com\/no\/planting\/blomsterkasser-planting-corten\/#primaryimage\",\"url\":\"https:\/\/recal-se.tbwebsite.com\/no\/wp-content\/uploads\/sites\/5\/2023\/06\/2406060.png\",\"contentUrl\":\"https:\/\/recal-se.tbwebsite.com\/no\/wp-content\/uploads\/sites\/5\/2023\/06\/2406060.png\",\"width\":1400,\"height\":1400},{\"@type\":\"BreadcrumbList\",\"@id\":\"https:\/\/recal-se.tbwebsite.com\/no\/planting\/blomsterkasser-planting-corten\/#breadcrumb\",\"itemListElement\":[{\"@type\":\"ListItem\",\"position\":1,\"name\":\"Home\",\"item\":\"https:\/\/recal-se.tbwebsite.com\/no\/\"},{\"@type\":\"ListItem\",\"position\":2,\"name\":\"Shop\",\"item\":\"https:\/\/recal-se.tbwebsite.com\/no\/shop\/\"},{\"@type\":\"ListItem\",\"position\":3,\"name\":\"Blomsterkasser &#8211; Corten\"}]},{\"@type\":\"WebSite\",\"@id\":\"https:\/\/recal-se.tbwebsite.com\/no\/#website\",\"url\":\"https:\/\/recal-se.tbwebsite.com\/no\/\",\"name\":\"Recal Norge\",\"description\":\"Tr\u00e4dg\u00e5rdsprodukter tillverkade i aluminium fr\u00e5n Sm\u00e5land\",\"publisher\":{\"@id\":\"https:\/\/recal-se.tbwebsite.com\/no\/#organization\"},\"potentialAction\":[{\"@type\":\"SearchAction\",\"target\":{\"@type\":\"EntryPoint\",\"urlTemplate\":\"https:\/\/recal-se.tbwebsite.com\/no\/?s={search_term_string}\"},\"query-input\":\"required name=search_term_string\"}],\"inLanguage\":\"nb-NO\"},{\"@type\":\"Organization\",\"@id\":\"https:\/\/recal-se.tbwebsite.com\/no\/#organization\",\"name\":\"Recal Norge\",\"url\":\"https:\/\/recal-se.tbwebsite.com\/no\/\",\"logo\":{\"@type\":\"ImageObject\",\"inLanguage\":\"nb-NO\",\"@id\":\"https:\/\/recal-se.tbwebsite.com\/no\/#\/schema\/logo\/image\/\",\"url\":\"https:\/\/recal-se.tbwebsite.com\/no\/wp-content\/uploads\/sites\/5\/2020\/06\/recal-logotype_svart_1.png\",\"contentUrl\":\"https:\/\/recal-se.tbwebsite.com\/no\/wp-content\/uploads\/sites\/5\/2020\/06\/recal-logotype_svart_1.png\",\"width\":260,\"height\":52,\"caption\":\"Recal Norge\"},\"image\":{\"@id\":\"https:\/\/recal-se.tbwebsite.com\/no\/#\/schema\/logo\/image\/\"}}]}<\/script>\n<!-- \/ Yoast SEO plugin. -->","yoast_head_json":{"title":"Blomsterkasser - Corten - Recal Norge","description":"Disse blomsterkassene er laget med en imponerende tykkelse p\u00e5 1,5 mm Corten, og garanterer holdbarhet og stabilitet i lang tid fremover. Hver blomsterkasse leveres komplett og best\u00e5r av moduler, en bunnplate og skruer og muttere for enkel montering.Ved kj\u00f8p av lengre modeller f\u00f8lger det ogs\u00e5 med bukseseler for ekstra stabilisering, som s\u00f8rger for at blomsterkassen beholder form og struktur ogs\u00e5 under stress. Recals blomsterkasser er tilgjengelig i et bredt spekter av st\u00f8rrelser, slik at du kan finne den perfekte passformen for dine behov.","robots":{"index":"index","follow":"follow","max-snippet":"max-snippet:-1","max-image-preview":"max-image-preview:large","max-video-preview":"max-video-preview:-1"},"canonical":"https:\/\/recal-se.tbwebsite.com\/no\/planting\/blomsterkasser-planting-corten\/","og_locale":"nb_NO","og_type":"article","og_title":"Blomsterkasser - Corten - Recal Norge","og_description":"Disse blomsterkassene er laget med en imponerende tykkelse p\u00e5 1,5 mm Corten, og garanterer holdbarhet og stabilitet i lang tid fremover. Hver blomsterkasse leveres komplett og best\u00e5r av moduler, en bunnplate og skruer og muttere for enkel montering.Ved kj\u00f8p av lengre modeller f\u00f8lger det ogs\u00e5 med bukseseler for ekstra stabilisering, som s\u00f8rger for at blomsterkassen beholder form og struktur ogs\u00e5 under stress. Recals blomsterkasser er tilgjengelig i et bredt spekter av st\u00f8rrelser, slik at du kan finne den perfekte passformen for dine behov.","og_url":"https:\/\/recal-se.tbwebsite.com\/no\/planting\/blomsterkasser-planting-corten\/","og_site_name":"Recal Norge","article_modified_time":"2024-02-21T10:04:19+00:00","og_image":[{"width":1400,"height":1400,"url":"https:\/\/recal-se.tbwebsite.com\/no\/wp-content\/uploads\/sites\/5\/2023\/06\/2406060.png","type":"image\/png"}],"twitter_card":"summary_large_image","twitter_misc":{"Ansl. lesetid":"2 minutter"},"schema":{"@context":"https:\/\/schema.org","@graph":[{"@type":"WebPage","@id":"https:\/\/recal-se.tbwebsite.com\/no\/planting\/blomsterkasser-planting-corten\/","url":"https:\/\/recal-se.tbwebsite.com\/no\/planting\/blomsterkasser-planting-corten\/","name":"Blomsterkasser - Corten - Recal Norge","isPartOf":{"@id":"https:\/\/recal-se.tbwebsite.com\/no\/#website"},"primaryImageOfPage":{"@id":"https:\/\/recal-se.tbwebsite.com\/no\/planting\/blomsterkasser-planting-corten\/#primaryimage"},"image":{"@id":"https:\/\/recal-se.tbwebsite.com\/no\/planting\/blomsterkasser-planting-corten\/#primaryimage"},"thumbnailUrl":"https:\/\/recal-se.tbwebsite.com\/no\/wp-content\/uploads\/sites\/5\/2023\/06\/2406060.png","datePublished":"2023-06-30T05:27:42+00:00","dateModified":"2024-02-21T10:04:19+00:00","description":"Disse blomsterkassene er laget med en imponerende tykkelse p\u00e5 1,5 mm Corten, og garanterer holdbarhet og stabilitet i lang tid fremover. Hver blomsterkasse leveres komplett og best\u00e5r av moduler, en bunnplate og skruer og muttere for enkel montering.Ved kj\u00f8p av lengre modeller f\u00f8lger det ogs\u00e5 med bukseseler for ekstra stabilisering, som s\u00f8rger for at blomsterkassen beholder form og struktur ogs\u00e5 under stress. Recals blomsterkasser er tilgjengelig i et bredt spekter av st\u00f8rrelser, slik at du kan finne den perfekte passformen for dine behov.","breadcrumb":{"@id":"https:\/\/recal-se.tbwebsite.com\/no\/planting\/blomsterkasser-planting-corten\/#breadcrumb"},"inLanguage":"nb-NO","potentialAction":[{"@type":"ReadAction","target":["https:\/\/recal-se.tbwebsite.com\/no\/planting\/blomsterkasser-planting-corten\/"]}]},{"@type":"ImageObject","inLanguage":"nb-NO","@id":"https:\/\/recal-se.tbwebsite.com\/no\/planting\/blomsterkasser-planting-corten\/#primaryimage","url":"https:\/\/recal-se.tbwebsite.com\/no\/wp-content\/uploads\/sites\/5\/2023\/06\/2406060.png","contentUrl":"https:\/\/recal-se.tbwebsite.com\/no\/wp-content\/uploads\/sites\/5\/2023\/06\/2406060.png","width":1400,"height":1400},{"@type":"BreadcrumbList","@id":"https:\/\/recal-se.tbwebsite.com\/no\/planting\/blomsterkasser-planting-corten\/#breadcrumb","itemListElement":[{"@type":"ListItem","position":1,"name":"Home","item":"https:\/\/recal-se.tbwebsite.com\/no\/"},{"@type":"ListItem","position":2,"name":"Shop","item":"https:\/\/recal-se.tbwebsite.com\/no\/shop\/"},{"@type":"ListItem","position":3,"name":"Blomsterkasser &#8211; Corten"}]},{"@type":"WebSite","@id":"https:\/\/recal-se.tbwebsite.com\/no\/#website","url":"https:\/\/recal-se.tbwebsite.com\/no\/","name":"Recal Norge","description":"Tr\u00e4dg\u00e5rdsprodukter tillverkade i aluminium fr\u00e5n Sm\u00e5land","publisher":{"@id":"https:\/\/recal-se.tbwebsite.com\/no\/#organization"},"potentialAction":[{"@type":"SearchAction","target":{"@type":"EntryPoint","urlTemplate":"https:\/\/recal-se.tbwebsite.com\/no\/?s={search_term_string}"},"query-input":"required name=search_term_string"}],"inLanguage":"nb-NO"},{"@type":"Organization","@id":"https:\/\/recal-se.tbwebsite.com\/no\/#organization","name":"Recal Norge","url":"https:\/\/recal-se.tbwebsite.com\/no\/","logo":{"@type":"ImageObject","inLanguage":"nb-NO","@id":"https:\/\/recal-se.tbwebsite.com\/no\/#\/schema\/logo\/image\/","url":"https:\/\/recal-se.tbwebsite.com\/no\/wp-content\/uploads\/sites\/5\/2020\/06\/recal-logotype_svart_1.png","contentUrl":"https:\/\/recal-se.tbwebsite.com\/no\/wp-content\/uploads\/sites\/5\/2020\/06\/recal-logotype_svart_1.png","width":260,"height":52,"caption":"Recal Norge"},"image":{"@id":"https:\/\/recal-se.tbwebsite.com\/no\/#\/schema\/logo\/image\/"}}]}},"_links":{"self":[{"href":"https:\/\/recal-se.tbwebsite.com\/no\/wp-json\/wp\/v2\/product\/4007"}],"collection":[{"href":"https:\/\/recal-se.tbwebsite.com\/no\/wp-json\/wp\/v2\/product"}],"about":[{"href":"https:\/\/recal-se.tbwebsite.com\/no\/wp-json\/wp\/v2\/types\/product"}],"replies":[{"embeddable":true,"href":"https:\/\/recal-se.tbwebsite.com\/no\/wp-json\/wp\/v2\/comments?post=4007"}],"version-history":[{"count":7,"href":"https:\/\/recal-se.tbwebsite.com\/no\/wp-json\/wp\/v2\/product\/4007\/revisions"}],"predecessor-version":[{"id":15319,"href":"https:\/\/recal-se.tbwebsite.com\/no\/wp-json\/wp\/v2\/product\/4007\/revisions\/15319"}],"wp:featuredmedia":[{"embeddable":true,"href":"https:\/\/recal-se.tbwebsite.com\/no\/wp-json\/wp\/v2\/media\/5285"}],"wp:attachment":[{"href":"https:\/\/recal-se.tbwebsite.com\/no\/wp-json\/wp\/v2\/media?parent=4007"}],"wp:term":[{"taxonomy":"product_cat","embeddable":true,"href":"https:\/\/recal-se.tbwebsite.com\/no\/wp-json\/wp\/v2\/product_cat?post=4007"},{"taxonomy":"product_tag","embeddable":true,"href":"https:\/\/recal-se.tbwebsite.com\/no\/wp-json\/wp\/v2\/product_tag?post=4007"}],"curies":[{"name":"wp","href":"https:\/\/api.w.org\/{rel}","templated":true}]}}