{"id":3122,"date":"2023-01-11T11:50:44","date_gmt":"2023-01-11T11:50:44","guid":{"rendered":"https:\/\/recal-se.tbwebsite.com\/?post_type=product&#038;p=3122"},"modified":"2024-02-13T08:25:13","modified_gmt":"2024-02-13T08:25:13","slug":"staketstolpe-salen","status":"publish","type":"product","link":"https:\/\/recal-se.tbwebsite.com\/no\/gjerdeogrekkverk\/staketstolpe-salen\/","title":{"rendered":"Salen"},"content":{"rendered":"<h6>Salen staketstolpe- Durasense<\/h6>\n<p><strong><span style=\"text-decoration: underline;\">Denna modellen \u00e4r enbart f\u00f6r virke fr\u00e5n Durasense.<\/span><\/strong><\/p>\n<p>Salen staketstolpe \u00e4r fin som avgr\u00e4nsning i tr\u00e4dg\u00e5rden och eftersom den \u00e4r tillverkad i <a href=\"https:\/\/recal.se\/om-oss\/#aluminium\">aluminium<\/a>\u00a0som ger en l\u00e5ng livsl\u00e4ngd tack vare att materialet \u00e4r\u00a0<a href=\"https:\/\/recal.se\/om-oss\/#aluminium\">rostfritt<\/a>. <span style=\"text-decoration: underline;\">Denna modellen \u00e4r enbart f\u00f6r virke fr\u00e5n Durasense.<\/span><\/p>\n<p>Staketstolpe Salen i aluminium som passar b\u00e5de som altanr\u00e4cke och regelr\u00e4tt staket. Denna modell \u00e4r anpassat f\u00f6r underh\u00e5llsfritt Virke fr\u00e5n Durasense.<\/p>\n<p>Best\u00e4ll virkespaketet 24*120mm fr\u00e5n Durasense f\u00f6r att skapa dig ett helt underh\u00e5llsfritt staket som erbjuder en l\u00e5ng livsl\u00e4ngd och v\u00e4ldigt vacker design med de behandlade virket i tre olika kul\u00f6rer!<\/p>\n<p>De kvalitativa stolparna har en dimension om 70 x 70 mm, med en godstjocklek som \u00e4r hela 2 mm. Det g\u00f6r det till en stabil och gedigen staketstolpe som du ocks\u00e5 kan v\u00e4lja f\u00e4rg p\u00e5. Stolparna finns i tre f\u00e4rger: naturanodiserad eller vitlackerad (RAL 9010) eller mattsvart (RAL 9005).<\/p>\n<p>Salen staketstolpe \u00e4r perfekt som en inramning av din tr\u00e4dg\u00e5rd. Med h\u00f6jder efter dina behov h\u00e5ller den tr\u00e4dg\u00e5rden \u00f6ppen och ramar in huset samtidigt som den s\u00e4tter tydliga gr\u00e4nser f\u00f6r din tomt. Anv\u00e4nd h\u00f6rn-, mellan- och \u00e4ndstolpar f\u00f6r att bygga det staket som passar just din situation och f\u00f6r att f\u00e5 en lite gemytligare tr\u00e4dg\u00e5rd.<\/p>\n<p><strong>Reglar<br \/>\n<\/strong>Antalet reglar varierar beroende p\u00e5 stolph\u00f6jden:<\/p>\n<p>745 mm\u00a0 \u00a0 \u00a0 \u00a0 \u00a0 \u00a0 \u00a0 \u00a0 \u00a0 \u00a0 \u00a05 H\u00e5l<\/p>\n<p>1000 mm\u00a0 \u00a0 \u00a0 \u00a0 \u00a0 \u00a0 \u00a0 \u00a0 \u00a0 \u00a0 7 H\u00e5l<\/p>\n<p>1395 mm\u00a0\u00a0\u00a0\u00a0\u00a0\u00a0\u00a0\u00a0\u00a0\u00a0\u00a0\u00a0\u00a0\u00a0\u00a0\u00a0\u00a0 10 H\u00e5l<\/p>\n<p>1655 mm\u00a0\u00a0\u00a0\u00a0\u00a0\u00a0\u00a0\u00a0\u00a0\u00a0\u00a0\u00a0\u00a0\u00a0\u00a0\u00a0\u00a0 12 h\u00e5l<\/p>\n<p>&nbsp;<\/p>\n<p>Avst\u00e5ndet mellan marken och f\u00f6rsta regeln \u00e4r 12 cm. Avst\u00e5ndet mellan reglarna \u00e4r 2,1 cm. H\u00e5len \u00e4r 24 x 122 mm.<\/p>\n<p><strong>Staketstolpe<br \/>\n<\/strong>T\u00e4nk p\u00e5 att best\u00e4lla r\u00e4tt stolptyper f\u00f6r ditt \u00e4ndam\u00e5l (mellanstolpar, h\u00f6rnstolpar, \u00e4ndstolpar).<\/p>\n<p><strong>Stolphatt<br \/>\n<\/strong>Stolphatt g\u00e5r att f\u00e5 i svart plast eller av aluminium i valfri kul\u00f6r.<\/p>\n<p>https:\/\/recal.se\/produkt\/stolphatt-aluminium\/<\/p>\n<p><strong>Stolpfot<\/strong><br \/>\nKom ih\u00e5g att best\u00e4lla en stolpfot till varje stolpe.<\/p>\n<p>https:\/\/recal.se\/produkt\/stolpfot\/<\/p>\n<p><strong>Montageskruv f\u00f6r montering av virke<\/strong><\/p>\n<p>https:\/\/recal.se\/produkt\/montageskruv-4-x-40-rf-for-montering-i-trareglar-100st\/<\/p>\n<p><strong>Durasense virkespaket Staketstolpe Salen<\/strong><\/p>\n<p>https:\/\/recal.se\/produkt\/virkespaket-dura\u2026ionslangd-1600mm\/<\/p>\n<p><strong>Montering<br \/>\n<\/strong>K\u00f6p virkespaket Durasense som \u00e4r f\u00f6r en sektion p\u00e5\u00a0 1600 mm.<\/p>\n<p>&nbsp;<\/p>\n<ul>\n<li>M\u00e5ttband<\/li>\n<li>Skruvdragare med bits och borr<\/li>\n<li>Gummiklubba (f\u00f6r att montera foten p\u00e5 stolpen)<\/li>\n<\/ul>\n<p>Montera reglarna med hj\u00e4lp av f\u00e4stet p\u00e5 baksidan av stolparna och montera alltid staketet s\u00e5 att det blir stabilt \u2013 rekommendation \u00e4r max 150 cm mellan stolparna samt att du alltid placerar ut stolparna innan du skruvar fast virket f\u00f6r att s\u00e4kerst\u00e4lla att din best\u00e4llning blev korrekt.<\/p>\n<p><a href=\"https:\/\/recal.se\/wp-content\/uploads\/2021\/06\/recal-forklaring_stolpvarianter-scaled.jpg\" target=\"_blank\" rel=\"noopener\">Monteringsprincip<\/a><\/p>\n<p>&nbsp;<\/p>\n<p>DuraSense \u00e4r ett samlingsnamn f\u00f6r de produkter som \u00e4r framst\u00e4llda av en solid tr\u00e4k\u00e4rna i kombination med ytskikt i tr\u00e4fiberkomposit. Produkterna \u00e4r framtagna f\u00f6r att kunna ers\u00e4tta olika typer av material s\u00e5 som till exempel impregnerat virke, plastprofiler och vanligt tr\u00e4virke.<\/p>\n<p>Den solida tr\u00e4k\u00e4rnan best\u00e5r av gran eller tall fr\u00e5n ansvarsfullt f\u00f6rvaltade skogar. Virket har sedan v\u00e4rmebehandlats f\u00f6r att kunna motst\u00e5 r\u00f6ta. Sj\u00e4lva processen med att v\u00e4rmebehandla tr\u00e4et sker med hetta och \u00e5nga. Inga kemikalier anv\u00e4nds och s\u00e5ledes best\u00e5r materialet endast av f\u00f6rnybar r\u00e5vara.<br \/>\nTr\u00e4et hettas upp till 180-240 grader under ett flertal timmar, och i upphettningsprocessen \u00e4ndras tr\u00e4ets kemiska struktur vilket medf\u00f6r motst\u00e5nd mot r\u00f6tsvamp.<\/p>\n<p>Ett v\u00e4rmebehandlat tr\u00e4 best\u00e5r av ca 4,65% fukthalt (+\/-1,1%), vilket kan j\u00e4mf\u00f6ras med vanligt tr\u00e4 som kan ligga uppemot 19-22% mitt i virket, vilket g\u00f6r det mer formstabilt. I de flesta fall best\u00e5r virket av Thermowood fr\u00e5n Stora Enso och detta \u00e4r producerat enligt ITWA.<\/p>\n<p>Tr\u00e4k\u00e4rnan bel\u00e4ggs sedan med tr\u00e4fiberkomposit som produceras i Stora Ensos fabrik i Hylte. Kompositen best\u00e5r av \u00e5tervunnet tr\u00e4 och en plastpolymer. Bland annat anv\u00e4nds endast vanliga plaster utan phtalater. Att anv\u00e4nda sig av tr\u00e4fiberkomposit minskar plastanv\u00e4ndandet j\u00e4mf\u00f6rt med 100% plast och ger dessutom profilen en mer naturlig tr\u00e4k\u00e4nsla. Genom att bel\u00e4gga tr\u00e4k\u00e4rnan med tr\u00e4fiberkomposit ger det produkten styrka och styvhet. Dessutom m\u00f6jligg\u00f6r det f\u00e4rgs\u00e4ttningen av produkten.<\/p>\n<p>Och f\u00f6r att inte missa n\u00e4mna s\u00e5 g\u00e5r Durasense produkter utm\u00e4rkt att tv\u00e4tta med h\u00f6gtryckstv\u00e4tt utan att materialet kommer till skada.<\/p>\n","protected":false},"excerpt":{"rendered":"<p class=\"p1\"><span class=\"s1\">Staketstolpe Salen i aluminium som passar b\u00e5de som altanr\u00e4cke och regelr\u00e4tt staket. Denna modell \u00e4r anpassat f\u00f6r underh\u00e5llsfritt Virke fr\u00e5n Durasense. <\/span><\/p>\n<p>Best\u00e4ll virkespaketet 24*120mm fr\u00e5n Durasense f\u00f6r att skapa dig ett helt underh\u00e5llsfritt staket som erbjuder en l\u00e5ng livsl\u00e4ngd och v\u00e4ldigt vacker design med de behandlade virket i tre olika kul\u00f6rer!<\/p>\n<p>&nbsp;<\/p>\n","protected":false},"featured_media":5359,"comment_status":"open","ping_status":"closed","template":"","meta":{"_acf_changed":false},"product_cat":[349,16],"product_tag":[92,191,90,87,73],"composite_virtual":false,"composite_layout":"","composite_add_to_cart_form_location":"","composite_editable_in_cart":false,"composite_sold_individually_context":"","composite_shop_price_calc":"","composite_components":[],"composite_scenarios":[],"acf":[],"yoast_head":"<!-- This site is optimized with the Yoast SEO plugin v22.2 - https:\/\/yoast.com\/wordpress\/plugins\/seo\/ -->\n<title>Staketstolpe Salen - Recal Norge<\/title>\n<meta name=\"description\" content=\"Staketstolpe Salen i aluminium som passar b\u00e5de som altanr\u00e4cke och regelr\u00e4tt staket. Denna modell \u00e4r anpassat f\u00f6r underh\u00e5llsfritt Virke fr\u00e5n Durasense.\" \/>\n<meta name=\"robots\" content=\"index, follow, max-snippet:-1, max-image-preview:large, max-video-preview:-1\" \/>\n<link rel=\"canonical\" href=\"https:\/\/recal-se.tbwebsite.com\/no\/gjerdeogrekkverk\/staketstolpe-salen\/\" \/>\n<meta property=\"og:locale\" content=\"nb_NO\" \/>\n<meta property=\"og:type\" content=\"article\" \/>\n<meta property=\"og:title\" content=\"Staketstolpe Salen - Recal Norge\" \/>\n<meta property=\"og:description\" content=\"Staketstolpe Salen i aluminium som passar b\u00e5de som altanr\u00e4cke och regelr\u00e4tt staket. Denna modell \u00e4r anpassat f\u00f6r underh\u00e5llsfritt Virke fr\u00e5n Durasense.\" \/>\n<meta property=\"og:url\" content=\"https:\/\/recal-se.tbwebsite.com\/no\/gjerdeogrekkverk\/staketstolpe-salen\/\" \/>\n<meta property=\"og:site_name\" content=\"Recal Norge\" \/>\n<meta property=\"article:modified_time\" content=\"2024-02-13T08:25:13+00:00\" \/>\n<meta property=\"og:image\" content=\"https:\/\/recal-se.tbwebsite.com\/no\/wp-content\/uploads\/sites\/5\/2023\/01\/D1A0096-1.png\" \/>\n\t<meta property=\"og:image:width\" content=\"1436\" \/>\n\t<meta property=\"og:image:height\" content=\"1437\" \/>\n\t<meta property=\"og:image:type\" content=\"image\/png\" \/>\n<meta name=\"twitter:card\" content=\"summary_large_image\" \/>\n<meta name=\"twitter:label1\" content=\"Ansl. lesetid\" \/>\n\t<meta name=\"twitter:data1\" content=\"4 minutter\" \/>\n<script type=\"application\/ld+json\" class=\"yoast-schema-graph\">{\"@context\":\"https:\/\/schema.org\",\"@graph\":[{\"@type\":\"WebPage\",\"@id\":\"https:\/\/recal-se.tbwebsite.com\/no\/gjerdeogrekkverk\/staketstolpe-salen\/\",\"url\":\"https:\/\/recal-se.tbwebsite.com\/no\/gjerdeogrekkverk\/staketstolpe-salen\/\",\"name\":\"Staketstolpe Salen - Recal Norge\",\"isPartOf\":{\"@id\":\"https:\/\/recal-se.tbwebsite.com\/no\/#website\"},\"primaryImageOfPage\":{\"@id\":\"https:\/\/recal-se.tbwebsite.com\/no\/gjerdeogrekkverk\/staketstolpe-salen\/#primaryimage\"},\"image\":{\"@id\":\"https:\/\/recal-se.tbwebsite.com\/no\/gjerdeogrekkverk\/staketstolpe-salen\/#primaryimage\"},\"thumbnailUrl\":\"https:\/\/recal-se.tbwebsite.com\/no\/wp-content\/uploads\/sites\/5\/2023\/01\/D1A0096-1.png\",\"datePublished\":\"2023-01-11T11:50:44+00:00\",\"dateModified\":\"2024-02-13T08:25:13+00:00\",\"description\":\"Staketstolpe Salen i aluminium som passar b\u00e5de som altanr\u00e4cke och regelr\u00e4tt staket. Denna modell \u00e4r anpassat f\u00f6r underh\u00e5llsfritt Virke fr\u00e5n Durasense.\",\"breadcrumb\":{\"@id\":\"https:\/\/recal-se.tbwebsite.com\/no\/gjerdeogrekkverk\/staketstolpe-salen\/#breadcrumb\"},\"inLanguage\":\"nb-NO\",\"potentialAction\":[{\"@type\":\"ReadAction\",\"target\":[\"https:\/\/recal-se.tbwebsite.com\/no\/gjerdeogrekkverk\/staketstolpe-salen\/\"]}]},{\"@type\":\"ImageObject\",\"inLanguage\":\"nb-NO\",\"@id\":\"https:\/\/recal-se.tbwebsite.com\/no\/gjerdeogrekkverk\/staketstolpe-salen\/#primaryimage\",\"url\":\"https:\/\/recal-se.tbwebsite.com\/no\/wp-content\/uploads\/sites\/5\/2023\/01\/D1A0096-1.png\",\"contentUrl\":\"https:\/\/recal-se.tbwebsite.com\/no\/wp-content\/uploads\/sites\/5\/2023\/01\/D1A0096-1.png\",\"width\":1436,\"height\":1437},{\"@type\":\"BreadcrumbList\",\"@id\":\"https:\/\/recal-se.tbwebsite.com\/no\/gjerdeogrekkverk\/staketstolpe-salen\/#breadcrumb\",\"itemListElement\":[{\"@type\":\"ListItem\",\"position\":1,\"name\":\"Home\",\"item\":\"https:\/\/recal-se.tbwebsite.com\/no\/\"},{\"@type\":\"ListItem\",\"position\":2,\"name\":\"Shop\",\"item\":\"https:\/\/recal-se.tbwebsite.com\/no\/shop\/\"},{\"@type\":\"ListItem\",\"position\":3,\"name\":\"Salen\"}]},{\"@type\":\"WebSite\",\"@id\":\"https:\/\/recal-se.tbwebsite.com\/no\/#website\",\"url\":\"https:\/\/recal-se.tbwebsite.com\/no\/\",\"name\":\"Recal Norge\",\"description\":\"Tr\u00e4dg\u00e5rdsprodukter tillverkade i aluminium fr\u00e5n Sm\u00e5land\",\"publisher\":{\"@id\":\"https:\/\/recal-se.tbwebsite.com\/no\/#organization\"},\"potentialAction\":[{\"@type\":\"SearchAction\",\"target\":{\"@type\":\"EntryPoint\",\"urlTemplate\":\"https:\/\/recal-se.tbwebsite.com\/no\/?s={search_term_string}\"},\"query-input\":\"required name=search_term_string\"}],\"inLanguage\":\"nb-NO\"},{\"@type\":\"Organization\",\"@id\":\"https:\/\/recal-se.tbwebsite.com\/no\/#organization\",\"name\":\"Recal Norge\",\"url\":\"https:\/\/recal-se.tbwebsite.com\/no\/\",\"logo\":{\"@type\":\"ImageObject\",\"inLanguage\":\"nb-NO\",\"@id\":\"https:\/\/recal-se.tbwebsite.com\/no\/#\/schema\/logo\/image\/\",\"url\":\"https:\/\/recal-se.tbwebsite.com\/no\/wp-content\/uploads\/sites\/5\/2020\/06\/recal-logotype_svart_1.png\",\"contentUrl\":\"https:\/\/recal-se.tbwebsite.com\/no\/wp-content\/uploads\/sites\/5\/2020\/06\/recal-logotype_svart_1.png\",\"width\":260,\"height\":52,\"caption\":\"Recal Norge\"},\"image\":{\"@id\":\"https:\/\/recal-se.tbwebsite.com\/no\/#\/schema\/logo\/image\/\"}}]}<\/script>\n<!-- \/ Yoast SEO plugin. -->","yoast_head_json":{"title":"Staketstolpe Salen - Recal Norge","description":"Staketstolpe Salen i aluminium som passar b\u00e5de som altanr\u00e4cke och regelr\u00e4tt staket. Denna modell \u00e4r anpassat f\u00f6r underh\u00e5llsfritt Virke fr\u00e5n Durasense.","robots":{"index":"index","follow":"follow","max-snippet":"max-snippet:-1","max-image-preview":"max-image-preview:large","max-video-preview":"max-video-preview:-1"},"canonical":"https:\/\/recal-se.tbwebsite.com\/no\/gjerdeogrekkverk\/staketstolpe-salen\/","og_locale":"nb_NO","og_type":"article","og_title":"Staketstolpe Salen - Recal Norge","og_description":"Staketstolpe Salen i aluminium som passar b\u00e5de som altanr\u00e4cke och regelr\u00e4tt staket. Denna modell \u00e4r anpassat f\u00f6r underh\u00e5llsfritt Virke fr\u00e5n Durasense.","og_url":"https:\/\/recal-se.tbwebsite.com\/no\/gjerdeogrekkverk\/staketstolpe-salen\/","og_site_name":"Recal Norge","article_modified_time":"2024-02-13T08:25:13+00:00","og_image":[{"width":1436,"height":1437,"url":"https:\/\/recal-se.tbwebsite.com\/no\/wp-content\/uploads\/sites\/5\/2023\/01\/D1A0096-1.png","type":"image\/png"}],"twitter_card":"summary_large_image","twitter_misc":{"Ansl. lesetid":"4 minutter"},"schema":{"@context":"https:\/\/schema.org","@graph":[{"@type":"WebPage","@id":"https:\/\/recal-se.tbwebsite.com\/no\/gjerdeogrekkverk\/staketstolpe-salen\/","url":"https:\/\/recal-se.tbwebsite.com\/no\/gjerdeogrekkverk\/staketstolpe-salen\/","name":"Staketstolpe Salen - Recal Norge","isPartOf":{"@id":"https:\/\/recal-se.tbwebsite.com\/no\/#website"},"primaryImageOfPage":{"@id":"https:\/\/recal-se.tbwebsite.com\/no\/gjerdeogrekkverk\/staketstolpe-salen\/#primaryimage"},"image":{"@id":"https:\/\/recal-se.tbwebsite.com\/no\/gjerdeogrekkverk\/staketstolpe-salen\/#primaryimage"},"thumbnailUrl":"https:\/\/recal-se.tbwebsite.com\/no\/wp-content\/uploads\/sites\/5\/2023\/01\/D1A0096-1.png","datePublished":"2023-01-11T11:50:44+00:00","dateModified":"2024-02-13T08:25:13+00:00","description":"Staketstolpe Salen i aluminium som passar b\u00e5de som altanr\u00e4cke och regelr\u00e4tt staket. Denna modell \u00e4r anpassat f\u00f6r underh\u00e5llsfritt Virke fr\u00e5n Durasense.","breadcrumb":{"@id":"https:\/\/recal-se.tbwebsite.com\/no\/gjerdeogrekkverk\/staketstolpe-salen\/#breadcrumb"},"inLanguage":"nb-NO","potentialAction":[{"@type":"ReadAction","target":["https:\/\/recal-se.tbwebsite.com\/no\/gjerdeogrekkverk\/staketstolpe-salen\/"]}]},{"@type":"ImageObject","inLanguage":"nb-NO","@id":"https:\/\/recal-se.tbwebsite.com\/no\/gjerdeogrekkverk\/staketstolpe-salen\/#primaryimage","url":"https:\/\/recal-se.tbwebsite.com\/no\/wp-content\/uploads\/sites\/5\/2023\/01\/D1A0096-1.png","contentUrl":"https:\/\/recal-se.tbwebsite.com\/no\/wp-content\/uploads\/sites\/5\/2023\/01\/D1A0096-1.png","width":1436,"height":1437},{"@type":"BreadcrumbList","@id":"https:\/\/recal-se.tbwebsite.com\/no\/gjerdeogrekkverk\/staketstolpe-salen\/#breadcrumb","itemListElement":[{"@type":"ListItem","position":1,"name":"Home","item":"https:\/\/recal-se.tbwebsite.com\/no\/"},{"@type":"ListItem","position":2,"name":"Shop","item":"https:\/\/recal-se.tbwebsite.com\/no\/shop\/"},{"@type":"ListItem","position":3,"name":"Salen"}]},{"@type":"WebSite","@id":"https:\/\/recal-se.tbwebsite.com\/no\/#website","url":"https:\/\/recal-se.tbwebsite.com\/no\/","name":"Recal Norge","description":"Tr\u00e4dg\u00e5rdsprodukter tillverkade i aluminium fr\u00e5n Sm\u00e5land","publisher":{"@id":"https:\/\/recal-se.tbwebsite.com\/no\/#organization"},"potentialAction":[{"@type":"SearchAction","target":{"@type":"EntryPoint","urlTemplate":"https:\/\/recal-se.tbwebsite.com\/no\/?s={search_term_string}"},"query-input":"required name=search_term_string"}],"inLanguage":"nb-NO"},{"@type":"Organization","@id":"https:\/\/recal-se.tbwebsite.com\/no\/#organization","name":"Recal Norge","url":"https:\/\/recal-se.tbwebsite.com\/no\/","logo":{"@type":"ImageObject","inLanguage":"nb-NO","@id":"https:\/\/recal-se.tbwebsite.com\/no\/#\/schema\/logo\/image\/","url":"https:\/\/recal-se.tbwebsite.com\/no\/wp-content\/uploads\/sites\/5\/2020\/06\/recal-logotype_svart_1.png","contentUrl":"https:\/\/recal-se.tbwebsite.com\/no\/wp-content\/uploads\/sites\/5\/2020\/06\/recal-logotype_svart_1.png","width":260,"height":52,"caption":"Recal Norge"},"image":{"@id":"https:\/\/recal-se.tbwebsite.com\/no\/#\/schema\/logo\/image\/"}}]}},"_links":{"self":[{"href":"https:\/\/recal-se.tbwebsite.com\/no\/wp-json\/wp\/v2\/product\/3122"}],"collection":[{"href":"https:\/\/recal-se.tbwebsite.com\/no\/wp-json\/wp\/v2\/product"}],"about":[{"href":"https:\/\/recal-se.tbwebsite.com\/no\/wp-json\/wp\/v2\/types\/product"}],"replies":[{"embeddable":true,"href":"https:\/\/recal-se.tbwebsite.com\/no\/wp-json\/wp\/v2\/comments?post=3122"}],"version-history":[{"count":2,"href":"https:\/\/recal-se.tbwebsite.com\/no\/wp-json\/wp\/v2\/product\/3122\/revisions"}],"predecessor-version":[{"id":4779,"href":"https:\/\/recal-se.tbwebsite.com\/no\/wp-json\/wp\/v2\/product\/3122\/revisions\/4779"}],"wp:featuredmedia":[{"embeddable":true,"href":"https:\/\/recal-se.tbwebsite.com\/no\/wp-json\/wp\/v2\/media\/5359"}],"wp:attachment":[{"href":"https:\/\/recal-se.tbwebsite.com\/no\/wp-json\/wp\/v2\/media?parent=3122"}],"wp:term":[{"taxonomy":"product_cat","embeddable":true,"href":"https:\/\/recal-se.tbwebsite.com\/no\/wp-json\/wp\/v2\/product_cat?post=3122"},{"taxonomy":"product_tag","embeddable":true,"href":"https:\/\/recal-se.tbwebsite.com\/no\/wp-json\/wp\/v2\/product_tag?post=3122"}],"curies":[{"name":"wp","href":"https:\/\/api.w.org\/{rel}","templated":true}]}}