{"id":3079,"date":"2023-01-20T13:27:28","date_gmt":"2023-01-20T13:27:28","guid":{"rendered":"https:\/\/recal-se.tbwebsite.com\/?post_type=product&#038;p=3079"},"modified":"2024-02-13T09:31:01","modified_gmt":"2024-02-13T09:31:01","slug":"tommerpakke-durasense-bolmen-sektsjonlengde-1600mm","status":"publish","type":"product","link":"https:\/\/recal-se.tbwebsite.com\/no\/tilbehor\/tommerpakke-durasense-bolmen-sektsjonlengde-1600mm\/","title":{"rendered":"T\u00f8mmerpakke Durasense &#8211; Bolmen &#8211; Seksjonslengde 1600mm"},"content":{"rendered":"<p id=\"tw-target-text\" class=\"tw-data-text tw-text-large tw-ta\" dir=\"ltr\" data-placeholder=\"\u00d6vers\u00e4ttning\" data-ved=\"2ahUKEwiJ6fmM_qeEAxXGLBAIHWL6DPUQ3ewLegQIBRAT\"><span class=\"Y2IQFc\" lang=\"no\">V\u00e5r 45&#215;45 regel fra Durasense er perfekt for de som \u00f8nsker \u00e5 bygge et stilig gjerde med horisontale lameller. Selges i pakker med en lengde p\u00e5 1600mm for de ulike h\u00f8ydene som gjerdestolpe M\u00f6ckeln tilbyr. <\/span><\/p>\n<p class=\"tw-data-text tw-text-large tw-ta\" dir=\"ltr\" data-placeholder=\"\u00d6vers\u00e4ttning\" data-ved=\"2ahUKEwiJ6fmM_qeEAxXGLBAIHWL6DPUQ3ewLegQIBRAT\"><span class=\"Y2IQFc\" lang=\"no\">Sammenlignet med rent tre er ribbene formstabile og t\u00e5ler derfor litt lengre spenn uten \u00e5 svikte. Gjerdelisten fra Durasense er av h\u00f8y kvalitet. <\/span><\/p>\n<p class=\"tw-data-text tw-text-large tw-ta\" dir=\"ltr\" data-placeholder=\"\u00d6vers\u00e4ttning\" data-ved=\"2ahUKEwiJ6fmM_qeEAxXGLBAIHWL6DPUQ3ewLegQIBRAT\"><span class=\"Y2IQFc\" lang=\"no\">Den er laget av en trefiberkompositthud og en trekjerne som er termisk behandlet for \u00e5 motst\u00e5 r\u00e5te. Det fargede skinnet lar deg f\u00e5 vakre farger p\u00e5 gjerdet ditt, men hvor du ikke trenger \u00e5 male og vedlikeholde. Takket v\u00e6re den termisk behandlede trekjernen kan vi gi en r\u00e5tebeskyttelsesgaranti p\u00e5 20 \u00e5r. Du kan lese mer om v\u00e5r r\u00e5tesikringsgaranti her. <\/span><\/p>\n<p class=\"tw-data-text tw-text-large tw-ta\" dir=\"ltr\" data-placeholder=\"\u00d6vers\u00e4ttning\" data-ved=\"2ahUKEwiJ6fmM_qeEAxXGLBAIHWL6DPUQ3ewLegQIBRAT\"><span class=\"Y2IQFc\" lang=\"no\">Vi leverer produktet sammen med en forsegling for endene som du kan p\u00e5f\u00f8re selv. Forsegling av endene gir produktet lang holdbarhet. Produktet er tilgjengelig i to forskjellige farger: <\/span><\/p>\n<p class=\"tw-data-text tw-text-large tw-ta\" dir=\"ltr\" data-placeholder=\"\u00d6vers\u00e4ttning\" data-ved=\"2ahUKEwiJ6fmM_qeEAxXGLBAIHWL6DPUQ3ewLegQIBRAT\"><span class=\"Y2IQFc\" lang=\"no\">V\u00e5r m\u00f8rke skifer er et levende og moderne fargevalg. I denne livlige m\u00f8rkegr\u00e5 fargen er det naturlige variasjoner som skimrer i sollys. En lysegr\u00e5 og levende profil som skaper en luksuri\u00f8s og eksklusiv f\u00f8lelse. Passer godt med fargekode RAL Classic 7037.<br \/>\n<\/span><\/p>\n<h4 dir=\"ltr\" data-placeholder=\"\u00d6vers\u00e4ttning\" data-ved=\"2ahUKEwiJ6fmM_qeEAxXGLBAIHWL6DPUQ3ewLegQIBRAT\"><\/h4>\n<h4 class=\"tw-data-text tw-text-large tw-ta\" dir=\"ltr\" data-placeholder=\"\u00d6vers\u00e4ttning\" data-ved=\"2ahUKEwiJ6fmM_qeEAxXGLBAIHWL6DPUQ3ewLegQIBRAT\"><span class=\"Y2IQFc\" lang=\"no\">Teknisk informasjon Materialer: <\/span><\/h4>\n<p class=\"tw-data-text tw-text-large tw-ta\" dir=\"ltr\" data-placeholder=\"\u00d6vers\u00e4ttning\" data-ved=\"2ahUKEwiJ6fmM_qeEAxXGLBAIHWL6DPUQ3ewLegQIBRAT\"><span class=\"Y2IQFc\" lang=\"no\">Termisk behandlet tre, trefiberkompositt <\/span><\/p>\n<p class=\"tw-data-text tw-text-large tw-ta\" dir=\"ltr\" data-placeholder=\"\u00d6vers\u00e4ttning\" data-ved=\"2ahUKEwiJ6fmM_qeEAxXGLBAIHWL6DPUQ3ewLegQIBRAT\"><span class=\"Y2IQFc\" lang=\"no\">H\u00f8yde: 4,5 cm<\/span><\/p>\n<p class=\"tw-data-text tw-text-large tw-ta\" dir=\"ltr\" data-placeholder=\"\u00d6vers\u00e4ttning\" data-ved=\"2ahUKEwiJ6fmM_qeEAxXGLBAIHWL6DPUQ3ewLegQIBRAT\"><span class=\"Y2IQFc\" lang=\"no\">Bredde: 4,5 cm <\/span><\/p>\n<p class=\"tw-data-text tw-text-large tw-ta\" dir=\"ltr\" data-placeholder=\"\u00d6vers\u00e4ttning\" data-ved=\"2ahUKEwiJ6fmM_qeEAxXGLBAIHWL6DPUQ3ewLegQIBRAT\"><span class=\"Y2IQFc\" lang=\"no\">Lengde: 160 cm<\/span><\/p>\n<p>&nbsp;<\/p>\n<p>&nbsp;<\/p>\n<p id=\"tw-target-text\" class=\"tw-data-text tw-text-large tw-ta\" dir=\"ltr\" data-placeholder=\"\u00d6vers\u00e4ttning\" data-ved=\"2ahUKEwiJ6fmM_qeEAxXGLBAIHWL6DPUQ3ewLegQIBRAT\"><span class=\"Y2IQFc\" lang=\"no\">DuraSense er et samlenavn for produktene som er laget av en massiv trekjerne i kombinasjon med et trefiberkompositt overflatelag. <\/span><\/p>\n<p class=\"tw-data-text tw-text-large tw-ta\" dir=\"ltr\" data-placeholder=\"\u00d6vers\u00e4ttning\" data-ved=\"2ahUKEwiJ6fmM_qeEAxXGLBAIHWL6DPUQ3ewLegQIBRAT\"><span class=\"Y2IQFc\" lang=\"no\">Produktene er designet for \u00e5 kunne erstatte ulike typer materialer som impregnert tre, plastprofiler og vanlig tre. Den massive trekjernen best\u00e5r av gran eller furu fra ansvarlig drevet skog. Treet har deretter blitt varmebehandlet for \u00e5 motst\u00e5 r\u00e5tne. Selve prosessen med \u00e5 varmebehandle veden foreg\u00e5r med varme og damp. Det brukes ingen kjemikalier og dermed best\u00e5r materialet kun av fornybare r\u00e5varer. <\/span><\/p>\n<p class=\"tw-data-text tw-text-large tw-ta\" dir=\"ltr\" data-placeholder=\"\u00d6vers\u00e4ttning\" data-ved=\"2ahUKEwiJ6fmM_qeEAxXGLBAIHWL6DPUQ3ewLegQIBRAT\"><span class=\"Y2IQFc\" lang=\"no\">Traet varmes opp til 180-240 grader i flere timer, og i oppvarmingsprosessen endres treverkets kjemiske struktur, noe som gir motstand mot r\u00e5tesopp. <\/span><\/p>\n<p class=\"tw-data-text tw-text-large tw-ta\" dir=\"ltr\" data-placeholder=\"\u00d6vers\u00e4ttning\" data-ved=\"2ahUKEwiJ6fmM_qeEAxXGLBAIHWL6DPUQ3ewLegQIBRAT\"><span class=\"Y2IQFc\" lang=\"no\">Et varmebehandlet trevirke best\u00e5r av ca 4,65 % fuktinnhold (+\/-1,1 %), som kan sammenlignes med vanlig trevirke som kan ligge opptil 19-22 % i midten av treverket, noe som gj\u00f8r det mer formstabilt.<\/span><\/p>\n<p class=\"tw-data-text tw-text-large tw-ta\" dir=\"ltr\" data-placeholder=\"\u00d6vers\u00e4ttning\" data-ved=\"2ahUKEwiJ6fmM_qeEAxXGLBAIHWL6DPUQ3ewLegQIBRAT\"><span class=\"Y2IQFc\" lang=\"no\"> I de fleste tilfeller best\u00e5r treverket av Thermowood fra Stora Enso og dette er produsert etter ITWA. Trekjernen blir deretter belagt med trefiberkompositt produsert i Stora Ensos fabrikk i Hylte. <\/span><\/p>\n<p class=\"tw-data-text tw-text-large tw-ta\" dir=\"ltr\" data-placeholder=\"\u00d6vers\u00e4ttning\" data-ved=\"2ahUKEwiJ6fmM_qeEAxXGLBAIHWL6DPUQ3ewLegQIBRAT\"><span class=\"Y2IQFc\" lang=\"no\">Kompositten best\u00e5r av resirkulert tre og en plastpolymer. Blant annet brukes det kun vanlig plast uten ftalater. Bruk av trefiberkompositt reduserer bruken av plast sammenlignet med 100 % plast og gir ogs\u00e5 profilen en mer naturlig tref\u00f8lelse. Ved \u00e5 belegge trekjernen med trefiberkompositt gir det produktet styrke og stivhet. I tillegg muliggj\u00f8r det fargelegging av produktet. Og for ikke \u00e5 glemme \u00e5 nevne at Durasense-produkter kan vaskes perfekt med h\u00f8ytrykksspyling uten at materialet blir skadet.<\/span><\/p>\n","protected":false},"excerpt":{"rendered":"<p id=\"tw-target-text\" class=\"tw-data-text tw-text-large tw-ta\" dir=\"ltr\" data-placeholder=\"\u00d6vers\u00e4ttning\" data-ved=\"2ahUKEwiJ6fmM_qeEAxXGLBAIHWL6DPUQ3ewLegQIBRAT\"><span class=\"Y2IQFc\" lang=\"no\">V\u00e5r 45&#215;45 regel fra Durasense er perfekt for de som \u00f8nsker \u00e5 bygge et stilig gjerde med horisontale lameller. Selges i pakker med en lengde p\u00e5 1600mm for de ulike h\u00f8ydene som gjerdestolpe M\u00f6ckeln tilbyr. <\/span><\/p>\n<p class=\"tw-data-text tw-text-large tw-ta\" dir=\"ltr\" data-placeholder=\"\u00d6vers\u00e4ttning\" data-ved=\"2ahUKEwiJ6fmM_qeEAxXGLBAIHWL6DPUQ3ewLegQIBRAT\"><span class=\"Y2IQFc\" lang=\"no\">Sammenlignet med rent tre er ribbene formstabile og t\u00e5ler derfor litt lengre spenn uten \u00e5 svikte. Gjerdelisten fra Durasense er av h\u00f8y kvalitet. <\/span><\/p>\n<p class=\"tw-data-text tw-text-large tw-ta\" dir=\"ltr\" data-placeholder=\"\u00d6vers\u00e4ttning\" data-ved=\"2ahUKEwiJ6fmM_qeEAxXGLBAIHWL6DPUQ3ewLegQIBRAT\"><span class=\"Y2IQFc\" lang=\"no\">Den er laget av en trefiberkompositthud og en trekjerne som er termisk behandlet for \u00e5 motst\u00e5 r\u00e5te. Det fargede skinnet lar deg f\u00e5 vakre farger p\u00e5 gjerdet ditt, men hvor du ikke trenger \u00e5 male og vedlikeholde. Takket v\u00e6re den termisk behandlede trekjernen kan vi gi en r\u00e5tebeskyttelsesgaranti p\u00e5 20 \u00e5r.<\/span><\/p>\n","protected":false},"featured_media":5351,"comment_status":"closed","ping_status":"closed","template":"","meta":{"_acf_changed":false},"product_cat":[32,199],"product_tag":[],"composite_virtual":false,"composite_layout":"","composite_add_to_cart_form_location":"","composite_editable_in_cart":false,"composite_sold_individually_context":"","composite_shop_price_calc":"","composite_components":[],"composite_scenarios":[],"acf":[],"yoast_head":"<!-- This site is optimized with the Yoast SEO plugin v22.2 - https:\/\/yoast.com\/wordpress\/plugins\/seo\/ -->\n<title>T\u00f8mmerpakke Durasense - Bolmen - Seksjonslengde 1600mm - Recal Norge<\/title>\n<meta name=\"description\" content=\"V\u00e5r 45x45 regel fra Durasense er perfekt for de som \u00f8nsker \u00e5 bygge et stilig gjerde med horisontale lameller. Selges i pakker med en lengde p\u00e5 1600mm for de ulike h\u00f8ydene som gjerdestolpe M\u00f6ckeln tilbyr.Sammenlignet med rent tre er ribbene formstabile og t\u00e5ler derfor litt lengre spenn uten \u00e5 svikte. Gjerdelisten fra Durasense er av h\u00f8y kvalitet.Den er laget av en trefiberkompositthud og en trekjerne som er termisk behandlet for \u00e5 motst\u00e5 r\u00e5te. Det fargede skinnet lar deg f\u00e5 vakre farger p\u00e5 gjerdet ditt, men hvor du ikke trenger \u00e5 male og vedlikeholde. Takket v\u00e6re den termisk behandlede trekjernen kan vi gi en r\u00e5tebeskyttelsesgaranti p\u00e5 20 \u00e5r.\" \/>\n<meta name=\"robots\" content=\"index, follow, max-snippet:-1, max-image-preview:large, max-video-preview:-1\" \/>\n<link rel=\"canonical\" href=\"https:\/\/recal-se.tbwebsite.com\/no\/tilbehor\/tommerpakke-durasense-bolmen-sektsjonlengde-1600mm\/\" \/>\n<meta property=\"og:locale\" content=\"nb_NO\" \/>\n<meta property=\"og:type\" content=\"article\" \/>\n<meta property=\"og:title\" content=\"T\u00f8mmerpakke Durasense - Bolmen - Seksjonslengde 1600mm - Recal Norge\" \/>\n<meta property=\"og:description\" content=\"V\u00e5r 45x45 regel fra Durasense er perfekt for de som \u00f8nsker \u00e5 bygge et stilig gjerde med horisontale lameller. Selges i pakker med en lengde p\u00e5 1600mm for de ulike h\u00f8ydene som gjerdestolpe M\u00f6ckeln tilbyr.Sammenlignet med rent tre er ribbene formstabile og t\u00e5ler derfor litt lengre spenn uten \u00e5 svikte. Gjerdelisten fra Durasense er av h\u00f8y kvalitet.Den er laget av en trefiberkompositthud og en trekjerne som er termisk behandlet for \u00e5 motst\u00e5 r\u00e5te. Det fargede skinnet lar deg f\u00e5 vakre farger p\u00e5 gjerdet ditt, men hvor du ikke trenger \u00e5 male og vedlikeholde. Takket v\u00e6re den termisk behandlede trekjernen kan vi gi en r\u00e5tebeskyttelsesgaranti p\u00e5 20 \u00e5r.\" \/>\n<meta property=\"og:url\" content=\"https:\/\/recal-se.tbwebsite.com\/no\/tilbehor\/tommerpakke-durasense-bolmen-sektsjonlengde-1600mm\/\" \/>\n<meta property=\"og:site_name\" content=\"Recal Norge\" \/>\n<meta property=\"article:modified_time\" content=\"2024-02-13T09:31:01+00:00\" \/>\n<meta property=\"og:image\" content=\"https:\/\/recal-se.tbwebsite.com\/no\/wp-content\/uploads\/sites\/5\/2023\/01\/D1A0142-1.png\" \/>\n\t<meta property=\"og:image:width\" content=\"1400\" \/>\n\t<meta property=\"og:image:height\" content=\"1400\" \/>\n\t<meta property=\"og:image:type\" content=\"image\/png\" \/>\n<meta name=\"twitter:card\" content=\"summary_large_image\" \/>\n<meta name=\"twitter:label1\" content=\"Ansl. lesetid\" \/>\n\t<meta name=\"twitter:data1\" content=\"3 minutter\" \/>\n<script type=\"application\/ld+json\" class=\"yoast-schema-graph\">{\"@context\":\"https:\/\/schema.org\",\"@graph\":[{\"@type\":\"WebPage\",\"@id\":\"https:\/\/recal-se.tbwebsite.com\/no\/tilbehor\/tommerpakke-durasense-bolmen-sektsjonlengde-1600mm\/\",\"url\":\"https:\/\/recal-se.tbwebsite.com\/no\/tilbehor\/tommerpakke-durasense-bolmen-sektsjonlengde-1600mm\/\",\"name\":\"T\u00f8mmerpakke Durasense - Bolmen - Seksjonslengde 1600mm - Recal Norge\",\"isPartOf\":{\"@id\":\"https:\/\/recal-se.tbwebsite.com\/no\/#website\"},\"primaryImageOfPage\":{\"@id\":\"https:\/\/recal-se.tbwebsite.com\/no\/tilbehor\/tommerpakke-durasense-bolmen-sektsjonlengde-1600mm\/#primaryimage\"},\"image\":{\"@id\":\"https:\/\/recal-se.tbwebsite.com\/no\/tilbehor\/tommerpakke-durasense-bolmen-sektsjonlengde-1600mm\/#primaryimage\"},\"thumbnailUrl\":\"https:\/\/recal-se.tbwebsite.com\/no\/wp-content\/uploads\/sites\/5\/2023\/01\/D1A0142-1.png\",\"datePublished\":\"2023-01-20T13:27:28+00:00\",\"dateModified\":\"2024-02-13T09:31:01+00:00\",\"description\":\"V\u00e5r 45x45 regel fra Durasense er perfekt for de som \u00f8nsker \u00e5 bygge et stilig gjerde med horisontale lameller. Selges i pakker med en lengde p\u00e5 1600mm for de ulike h\u00f8ydene som gjerdestolpe M\u00f6ckeln tilbyr.Sammenlignet med rent tre er ribbene formstabile og t\u00e5ler derfor litt lengre spenn uten \u00e5 svikte. Gjerdelisten fra Durasense er av h\u00f8y kvalitet.Den er laget av en trefiberkompositthud og en trekjerne som er termisk behandlet for \u00e5 motst\u00e5 r\u00e5te. Det fargede skinnet lar deg f\u00e5 vakre farger p\u00e5 gjerdet ditt, men hvor du ikke trenger \u00e5 male og vedlikeholde. Takket v\u00e6re den termisk behandlede trekjernen kan vi gi en r\u00e5tebeskyttelsesgaranti p\u00e5 20 \u00e5r.\",\"breadcrumb\":{\"@id\":\"https:\/\/recal-se.tbwebsite.com\/no\/tilbehor\/tommerpakke-durasense-bolmen-sektsjonlengde-1600mm\/#breadcrumb\"},\"inLanguage\":\"nb-NO\",\"potentialAction\":[{\"@type\":\"ReadAction\",\"target\":[\"https:\/\/recal-se.tbwebsite.com\/no\/tilbehor\/tommerpakke-durasense-bolmen-sektsjonlengde-1600mm\/\"]}]},{\"@type\":\"ImageObject\",\"inLanguage\":\"nb-NO\",\"@id\":\"https:\/\/recal-se.tbwebsite.com\/no\/tilbehor\/tommerpakke-durasense-bolmen-sektsjonlengde-1600mm\/#primaryimage\",\"url\":\"https:\/\/recal-se.tbwebsite.com\/no\/wp-content\/uploads\/sites\/5\/2023\/01\/D1A0142-1.png\",\"contentUrl\":\"https:\/\/recal-se.tbwebsite.com\/no\/wp-content\/uploads\/sites\/5\/2023\/01\/D1A0142-1.png\",\"width\":1400,\"height\":1400},{\"@type\":\"BreadcrumbList\",\"@id\":\"https:\/\/recal-se.tbwebsite.com\/no\/tilbehor\/tommerpakke-durasense-bolmen-sektsjonlengde-1600mm\/#breadcrumb\",\"itemListElement\":[{\"@type\":\"ListItem\",\"position\":1,\"name\":\"Home\",\"item\":\"https:\/\/recal-se.tbwebsite.com\/no\/\"},{\"@type\":\"ListItem\",\"position\":2,\"name\":\"Shop\",\"item\":\"https:\/\/recal-se.tbwebsite.com\/no\/shop\/\"},{\"@type\":\"ListItem\",\"position\":3,\"name\":\"T\u00f8mmerpakke Durasense &#8211; Bolmen &#8211; Seksjonslengde 1600mm\"}]},{\"@type\":\"WebSite\",\"@id\":\"https:\/\/recal-se.tbwebsite.com\/no\/#website\",\"url\":\"https:\/\/recal-se.tbwebsite.com\/no\/\",\"name\":\"Recal Norge\",\"description\":\"Tr\u00e4dg\u00e5rdsprodukter tillverkade i aluminium fr\u00e5n Sm\u00e5land\",\"publisher\":{\"@id\":\"https:\/\/recal-se.tbwebsite.com\/no\/#organization\"},\"potentialAction\":[{\"@type\":\"SearchAction\",\"target\":{\"@type\":\"EntryPoint\",\"urlTemplate\":\"https:\/\/recal-se.tbwebsite.com\/no\/?s={search_term_string}\"},\"query-input\":\"required name=search_term_string\"}],\"inLanguage\":\"nb-NO\"},{\"@type\":\"Organization\",\"@id\":\"https:\/\/recal-se.tbwebsite.com\/no\/#organization\",\"name\":\"Recal Norge\",\"url\":\"https:\/\/recal-se.tbwebsite.com\/no\/\",\"logo\":{\"@type\":\"ImageObject\",\"inLanguage\":\"nb-NO\",\"@id\":\"https:\/\/recal-se.tbwebsite.com\/no\/#\/schema\/logo\/image\/\",\"url\":\"https:\/\/recal-se.tbwebsite.com\/no\/wp-content\/uploads\/sites\/5\/2020\/06\/recal-logotype_svart_1.png\",\"contentUrl\":\"https:\/\/recal-se.tbwebsite.com\/no\/wp-content\/uploads\/sites\/5\/2020\/06\/recal-logotype_svart_1.png\",\"width\":260,\"height\":52,\"caption\":\"Recal Norge\"},\"image\":{\"@id\":\"https:\/\/recal-se.tbwebsite.com\/no\/#\/schema\/logo\/image\/\"}}]}<\/script>\n<!-- \/ Yoast SEO plugin. -->","yoast_head_json":{"title":"T\u00f8mmerpakke Durasense - Bolmen - Seksjonslengde 1600mm - Recal Norge","description":"V\u00e5r 45x45 regel fra Durasense er perfekt for de som \u00f8nsker \u00e5 bygge et stilig gjerde med horisontale lameller. Selges i pakker med en lengde p\u00e5 1600mm for de ulike h\u00f8ydene som gjerdestolpe M\u00f6ckeln tilbyr.Sammenlignet med rent tre er ribbene formstabile og t\u00e5ler derfor litt lengre spenn uten \u00e5 svikte. Gjerdelisten fra Durasense er av h\u00f8y kvalitet.Den er laget av en trefiberkompositthud og en trekjerne som er termisk behandlet for \u00e5 motst\u00e5 r\u00e5te. Det fargede skinnet lar deg f\u00e5 vakre farger p\u00e5 gjerdet ditt, men hvor du ikke trenger \u00e5 male og vedlikeholde. Takket v\u00e6re den termisk behandlede trekjernen kan vi gi en r\u00e5tebeskyttelsesgaranti p\u00e5 20 \u00e5r.","robots":{"index":"index","follow":"follow","max-snippet":"max-snippet:-1","max-image-preview":"max-image-preview:large","max-video-preview":"max-video-preview:-1"},"canonical":"https:\/\/recal-se.tbwebsite.com\/no\/tilbehor\/tommerpakke-durasense-bolmen-sektsjonlengde-1600mm\/","og_locale":"nb_NO","og_type":"article","og_title":"T\u00f8mmerpakke Durasense - Bolmen - Seksjonslengde 1600mm - Recal Norge","og_description":"V\u00e5r 45x45 regel fra Durasense er perfekt for de som \u00f8nsker \u00e5 bygge et stilig gjerde med horisontale lameller. Selges i pakker med en lengde p\u00e5 1600mm for de ulike h\u00f8ydene som gjerdestolpe M\u00f6ckeln tilbyr.Sammenlignet med rent tre er ribbene formstabile og t\u00e5ler derfor litt lengre spenn uten \u00e5 svikte. Gjerdelisten fra Durasense er av h\u00f8y kvalitet.Den er laget av en trefiberkompositthud og en trekjerne som er termisk behandlet for \u00e5 motst\u00e5 r\u00e5te. Det fargede skinnet lar deg f\u00e5 vakre farger p\u00e5 gjerdet ditt, men hvor du ikke trenger \u00e5 male og vedlikeholde. Takket v\u00e6re den termisk behandlede trekjernen kan vi gi en r\u00e5tebeskyttelsesgaranti p\u00e5 20 \u00e5r.","og_url":"https:\/\/recal-se.tbwebsite.com\/no\/tilbehor\/tommerpakke-durasense-bolmen-sektsjonlengde-1600mm\/","og_site_name":"Recal Norge","article_modified_time":"2024-02-13T09:31:01+00:00","og_image":[{"width":1400,"height":1400,"url":"https:\/\/recal-se.tbwebsite.com\/no\/wp-content\/uploads\/sites\/5\/2023\/01\/D1A0142-1.png","type":"image\/png"}],"twitter_card":"summary_large_image","twitter_misc":{"Ansl. lesetid":"3 minutter"},"schema":{"@context":"https:\/\/schema.org","@graph":[{"@type":"WebPage","@id":"https:\/\/recal-se.tbwebsite.com\/no\/tilbehor\/tommerpakke-durasense-bolmen-sektsjonlengde-1600mm\/","url":"https:\/\/recal-se.tbwebsite.com\/no\/tilbehor\/tommerpakke-durasense-bolmen-sektsjonlengde-1600mm\/","name":"T\u00f8mmerpakke Durasense - Bolmen - Seksjonslengde 1600mm - Recal Norge","isPartOf":{"@id":"https:\/\/recal-se.tbwebsite.com\/no\/#website"},"primaryImageOfPage":{"@id":"https:\/\/recal-se.tbwebsite.com\/no\/tilbehor\/tommerpakke-durasense-bolmen-sektsjonlengde-1600mm\/#primaryimage"},"image":{"@id":"https:\/\/recal-se.tbwebsite.com\/no\/tilbehor\/tommerpakke-durasense-bolmen-sektsjonlengde-1600mm\/#primaryimage"},"thumbnailUrl":"https:\/\/recal-se.tbwebsite.com\/no\/wp-content\/uploads\/sites\/5\/2023\/01\/D1A0142-1.png","datePublished":"2023-01-20T13:27:28+00:00","dateModified":"2024-02-13T09:31:01+00:00","description":"V\u00e5r 45x45 regel fra Durasense er perfekt for de som \u00f8nsker \u00e5 bygge et stilig gjerde med horisontale lameller. Selges i pakker med en lengde p\u00e5 1600mm for de ulike h\u00f8ydene som gjerdestolpe M\u00f6ckeln tilbyr.Sammenlignet med rent tre er ribbene formstabile og t\u00e5ler derfor litt lengre spenn uten \u00e5 svikte. Gjerdelisten fra Durasense er av h\u00f8y kvalitet.Den er laget av en trefiberkompositthud og en trekjerne som er termisk behandlet for \u00e5 motst\u00e5 r\u00e5te. Det fargede skinnet lar deg f\u00e5 vakre farger p\u00e5 gjerdet ditt, men hvor du ikke trenger \u00e5 male og vedlikeholde. Takket v\u00e6re den termisk behandlede trekjernen kan vi gi en r\u00e5tebeskyttelsesgaranti p\u00e5 20 \u00e5r.","breadcrumb":{"@id":"https:\/\/recal-se.tbwebsite.com\/no\/tilbehor\/tommerpakke-durasense-bolmen-sektsjonlengde-1600mm\/#breadcrumb"},"inLanguage":"nb-NO","potentialAction":[{"@type":"ReadAction","target":["https:\/\/recal-se.tbwebsite.com\/no\/tilbehor\/tommerpakke-durasense-bolmen-sektsjonlengde-1600mm\/"]}]},{"@type":"ImageObject","inLanguage":"nb-NO","@id":"https:\/\/recal-se.tbwebsite.com\/no\/tilbehor\/tommerpakke-durasense-bolmen-sektsjonlengde-1600mm\/#primaryimage","url":"https:\/\/recal-se.tbwebsite.com\/no\/wp-content\/uploads\/sites\/5\/2023\/01\/D1A0142-1.png","contentUrl":"https:\/\/recal-se.tbwebsite.com\/no\/wp-content\/uploads\/sites\/5\/2023\/01\/D1A0142-1.png","width":1400,"height":1400},{"@type":"BreadcrumbList","@id":"https:\/\/recal-se.tbwebsite.com\/no\/tilbehor\/tommerpakke-durasense-bolmen-sektsjonlengde-1600mm\/#breadcrumb","itemListElement":[{"@type":"ListItem","position":1,"name":"Home","item":"https:\/\/recal-se.tbwebsite.com\/no\/"},{"@type":"ListItem","position":2,"name":"Shop","item":"https:\/\/recal-se.tbwebsite.com\/no\/shop\/"},{"@type":"ListItem","position":3,"name":"T\u00f8mmerpakke Durasense &#8211; Bolmen &#8211; Seksjonslengde 1600mm"}]},{"@type":"WebSite","@id":"https:\/\/recal-se.tbwebsite.com\/no\/#website","url":"https:\/\/recal-se.tbwebsite.com\/no\/","name":"Recal Norge","description":"Tr\u00e4dg\u00e5rdsprodukter tillverkade i aluminium fr\u00e5n Sm\u00e5land","publisher":{"@id":"https:\/\/recal-se.tbwebsite.com\/no\/#organization"},"potentialAction":[{"@type":"SearchAction","target":{"@type":"EntryPoint","urlTemplate":"https:\/\/recal-se.tbwebsite.com\/no\/?s={search_term_string}"},"query-input":"required name=search_term_string"}],"inLanguage":"nb-NO"},{"@type":"Organization","@id":"https:\/\/recal-se.tbwebsite.com\/no\/#organization","name":"Recal Norge","url":"https:\/\/recal-se.tbwebsite.com\/no\/","logo":{"@type":"ImageObject","inLanguage":"nb-NO","@id":"https:\/\/recal-se.tbwebsite.com\/no\/#\/schema\/logo\/image\/","url":"https:\/\/recal-se.tbwebsite.com\/no\/wp-content\/uploads\/sites\/5\/2020\/06\/recal-logotype_svart_1.png","contentUrl":"https:\/\/recal-se.tbwebsite.com\/no\/wp-content\/uploads\/sites\/5\/2020\/06\/recal-logotype_svart_1.png","width":260,"height":52,"caption":"Recal Norge"},"image":{"@id":"https:\/\/recal-se.tbwebsite.com\/no\/#\/schema\/logo\/image\/"}}]}},"_links":{"self":[{"href":"https:\/\/recal-se.tbwebsite.com\/no\/wp-json\/wp\/v2\/product\/3079"}],"collection":[{"href":"https:\/\/recal-se.tbwebsite.com\/no\/wp-json\/wp\/v2\/product"}],"about":[{"href":"https:\/\/recal-se.tbwebsite.com\/no\/wp-json\/wp\/v2\/types\/product"}],"replies":[{"embeddable":true,"href":"https:\/\/recal-se.tbwebsite.com\/no\/wp-json\/wp\/v2\/comments?post=3079"}],"version-history":[{"count":6,"href":"https:\/\/recal-se.tbwebsite.com\/no\/wp-json\/wp\/v2\/product\/3079\/revisions"}],"predecessor-version":[{"id":15264,"href":"https:\/\/recal-se.tbwebsite.com\/no\/wp-json\/wp\/v2\/product\/3079\/revisions\/15264"}],"wp:featuredmedia":[{"embeddable":true,"href":"https:\/\/recal-se.tbwebsite.com\/no\/wp-json\/wp\/v2\/media\/5351"}],"wp:attachment":[{"href":"https:\/\/recal-se.tbwebsite.com\/no\/wp-json\/wp\/v2\/media?parent=3079"}],"wp:term":[{"taxonomy":"product_cat","embeddable":true,"href":"https:\/\/recal-se.tbwebsite.com\/no\/wp-json\/wp\/v2\/product_cat?post=3079"},{"taxonomy":"product_tag","embeddable":true,"href":"https:\/\/recal-se.tbwebsite.com\/no\/wp-json\/wp\/v2\/product_tag?post=3079"}],"curies":[{"name":"wp","href":"https:\/\/api.w.org\/{rel}","templated":true}]}}