{"id":2445,"date":"2022-06-21T10:09:42","date_gmt":"2022-06-21T10:09:42","guid":{"rendered":"https:\/\/recal-se.tbwebsite.com\/?post_type=product&#038;p=2445"},"modified":"2024-02-20T09:27:18","modified_gmt":"2024-02-20T09:27:18","slug":"jordanker-recal","status":"publish","type":"product","link":"https:\/\/recal-se.tbwebsite.com\/no\/tilbehor\/jordanker-recal\/","title":{"rendered":"Jordanker &#8211; till gjerdestolper"},"content":{"rendered":"<div><strong>Jordanker anpasset for Recal Stolpefot<\/strong><\/div>\n<div><\/div>\n<div>St\u00f8pt jordanker for montering av gjerdestolper i jord. Dette jordankeret passer til alle gjerdestolper fra Recal. H\u00f8yden p\u00e5 stangen m\u00e5 imidlertid ikke overstige 110 cm. Skrue og mutter for montering p\u00e5 stolpefot medf\u00f8lger (M8x20).<\/div>\n<div>Bestill<\/div>\n<p>&nbsp;<\/p>\n<p>&nbsp;<\/p>\n","protected":false},"excerpt":{"rendered":"<div><strong>Jordanker anpasset for Recal Stolpefot<\/strong><\/div>\n<div><\/div>\n<div>St\u00f8pt jordanker for montering av gjerdestolper i jord. Dette jordankeret passer til alle gjerdestolper fra Recal. H\u00f8yden p\u00e5 stangen m\u00e5 imidlertid ikke overstige 110 cm. Skrue og mutter for montering p\u00e5 stolpefot medf\u00f8lger (M8x20).<\/div>\n<div>Bestill stolpefot artikelnummer 101 f\u00f6r komplett produkt.<\/div>\n<p>&nbsp;<\/p>\n","protected":false},"featured_media":5382,"comment_status":"closed","ping_status":"closed","template":"","meta":{"_acf_changed":false},"product_cat":[32],"product_tag":[353,336],"composite_virtual":false,"composite_layout":"","composite_add_to_cart_form_location":"","composite_editable_in_cart":false,"composite_sold_individually_context":"","composite_shop_price_calc":"","composite_components":[],"composite_scenarios":[],"acf":[],"yoast_head":"<!-- This site is optimized with the Yoast SEO plugin v22.2 - https:\/\/yoast.com\/wordpress\/plugins\/seo\/ -->\n<title>Jordanker - till gjerdestolper - Recal Norge<\/title>\n<meta name=\"description\" content=\"Jordanker anpasset for Recal Stolpefot St\u00f8pt jordanker for montering av gjerdestolper i jord. Dette jordankeret passer til alle gjerdestolper fra Recal. H\u00f8yden p\u00e5 stangen m\u00e5 imidlertid ikke overstige 110 cm. Skrue og mutter for montering p\u00e5 stolpefot medf\u00f8lger (M8x20).\" \/>\n<meta name=\"robots\" content=\"index, follow, max-snippet:-1, max-image-preview:large, max-video-preview:-1\" \/>\n<link rel=\"canonical\" href=\"https:\/\/recal-se.tbwebsite.com\/no\/tilbehor\/jordanker-recal\/\" \/>\n<meta property=\"og:locale\" content=\"nb_NO\" \/>\n<meta property=\"og:type\" content=\"article\" \/>\n<meta property=\"og:title\" content=\"Jordanker - till gjerdestolper - Recal Norge\" \/>\n<meta property=\"og:description\" content=\"Jordanker anpasset for Recal Stolpefot St\u00f8pt jordanker for montering av gjerdestolper i jord. Dette jordankeret passer til alle gjerdestolper fra Recal. H\u00f8yden p\u00e5 stangen m\u00e5 imidlertid ikke overstige 110 cm. Skrue og mutter for montering p\u00e5 stolpefot medf\u00f8lger (M8x20).\" \/>\n<meta property=\"og:url\" content=\"https:\/\/recal-se.tbwebsite.com\/no\/tilbehor\/jordanker-recal\/\" \/>\n<meta property=\"og:site_name\" content=\"Recal Norge\" \/>\n<meta property=\"article:modified_time\" content=\"2024-02-20T09:27:18+00:00\" \/>\n<meta property=\"og:image\" content=\"https:\/\/recal-se.tbwebsite.com\/no\/wp-content\/uploads\/sites\/5\/2022\/06\/Jordankare-1.png\" \/>\n\t<meta property=\"og:image:width\" content=\"1161\" \/>\n\t<meta property=\"og:image:height\" content=\"1161\" \/>\n\t<meta property=\"og:image:type\" content=\"image\/png\" \/>\n<meta name=\"twitter:card\" content=\"summary_large_image\" \/>\n<meta name=\"twitter:label1\" content=\"Ansl. lesetid\" \/>\n\t<meta name=\"twitter:data1\" content=\"1 minutt\" \/>\n<script type=\"application\/ld+json\" class=\"yoast-schema-graph\">{\"@context\":\"https:\/\/schema.org\",\"@graph\":[{\"@type\":\"WebPage\",\"@id\":\"https:\/\/recal-se.tbwebsite.com\/no\/tilbehor\/jordanker-recal\/\",\"url\":\"https:\/\/recal-se.tbwebsite.com\/no\/tilbehor\/jordanker-recal\/\",\"name\":\"Jordanker - till gjerdestolper - Recal Norge\",\"isPartOf\":{\"@id\":\"https:\/\/recal-se.tbwebsite.com\/no\/#website\"},\"primaryImageOfPage\":{\"@id\":\"https:\/\/recal-se.tbwebsite.com\/no\/tilbehor\/jordanker-recal\/#primaryimage\"},\"image\":{\"@id\":\"https:\/\/recal-se.tbwebsite.com\/no\/tilbehor\/jordanker-recal\/#primaryimage\"},\"thumbnailUrl\":\"https:\/\/recal-se.tbwebsite.com\/no\/wp-content\/uploads\/sites\/5\/2022\/06\/Jordankare-1.png\",\"datePublished\":\"2022-06-21T10:09:42+00:00\",\"dateModified\":\"2024-02-20T09:27:18+00:00\",\"description\":\"Jordanker anpasset for Recal Stolpefot St\u00f8pt jordanker for montering av gjerdestolper i jord. Dette jordankeret passer til alle gjerdestolper fra Recal. H\u00f8yden p\u00e5 stangen m\u00e5 imidlertid ikke overstige 110 cm. Skrue og mutter for montering p\u00e5 stolpefot medf\u00f8lger (M8x20).\",\"breadcrumb\":{\"@id\":\"https:\/\/recal-se.tbwebsite.com\/no\/tilbehor\/jordanker-recal\/#breadcrumb\"},\"inLanguage\":\"nb-NO\",\"potentialAction\":[{\"@type\":\"ReadAction\",\"target\":[\"https:\/\/recal-se.tbwebsite.com\/no\/tilbehor\/jordanker-recal\/\"]}]},{\"@type\":\"ImageObject\",\"inLanguage\":\"nb-NO\",\"@id\":\"https:\/\/recal-se.tbwebsite.com\/no\/tilbehor\/jordanker-recal\/#primaryimage\",\"url\":\"https:\/\/recal-se.tbwebsite.com\/no\/wp-content\/uploads\/sites\/5\/2022\/06\/Jordankare-1.png\",\"contentUrl\":\"https:\/\/recal-se.tbwebsite.com\/no\/wp-content\/uploads\/sites\/5\/2022\/06\/Jordankare-1.png\",\"width\":1161,\"height\":1161},{\"@type\":\"BreadcrumbList\",\"@id\":\"https:\/\/recal-se.tbwebsite.com\/no\/tilbehor\/jordanker-recal\/#breadcrumb\",\"itemListElement\":[{\"@type\":\"ListItem\",\"position\":1,\"name\":\"Home\",\"item\":\"https:\/\/recal-se.tbwebsite.com\/no\/\"},{\"@type\":\"ListItem\",\"position\":2,\"name\":\"Shop\",\"item\":\"https:\/\/recal-se.tbwebsite.com\/no\/shop\/\"},{\"@type\":\"ListItem\",\"position\":3,\"name\":\"Jordanker &#8211; till gjerdestolper\"}]},{\"@type\":\"WebSite\",\"@id\":\"https:\/\/recal-se.tbwebsite.com\/no\/#website\",\"url\":\"https:\/\/recal-se.tbwebsite.com\/no\/\",\"name\":\"Recal Norge\",\"description\":\"Tr\u00e4dg\u00e5rdsprodukter tillverkade i aluminium fr\u00e5n Sm\u00e5land\",\"publisher\":{\"@id\":\"https:\/\/recal-se.tbwebsite.com\/no\/#organization\"},\"potentialAction\":[{\"@type\":\"SearchAction\",\"target\":{\"@type\":\"EntryPoint\",\"urlTemplate\":\"https:\/\/recal-se.tbwebsite.com\/no\/?s={search_term_string}\"},\"query-input\":\"required name=search_term_string\"}],\"inLanguage\":\"nb-NO\"},{\"@type\":\"Organization\",\"@id\":\"https:\/\/recal-se.tbwebsite.com\/no\/#organization\",\"name\":\"Recal Norge\",\"url\":\"https:\/\/recal-se.tbwebsite.com\/no\/\",\"logo\":{\"@type\":\"ImageObject\",\"inLanguage\":\"nb-NO\",\"@id\":\"https:\/\/recal-se.tbwebsite.com\/no\/#\/schema\/logo\/image\/\",\"url\":\"https:\/\/recal-se.tbwebsite.com\/no\/wp-content\/uploads\/sites\/5\/2020\/06\/recal-logotype_svart_1.png\",\"contentUrl\":\"https:\/\/recal-se.tbwebsite.com\/no\/wp-content\/uploads\/sites\/5\/2020\/06\/recal-logotype_svart_1.png\",\"width\":260,\"height\":52,\"caption\":\"Recal Norge\"},\"image\":{\"@id\":\"https:\/\/recal-se.tbwebsite.com\/no\/#\/schema\/logo\/image\/\"}}]}<\/script>\n<!-- \/ Yoast SEO plugin. -->","yoast_head_json":{"title":"Jordanker - till gjerdestolper - Recal Norge","description":"Jordanker anpasset for Recal Stolpefot St\u00f8pt jordanker for montering av gjerdestolper i jord. Dette jordankeret passer til alle gjerdestolper fra Recal. H\u00f8yden p\u00e5 stangen m\u00e5 imidlertid ikke overstige 110 cm. Skrue og mutter for montering p\u00e5 stolpefot medf\u00f8lger (M8x20).","robots":{"index":"index","follow":"follow","max-snippet":"max-snippet:-1","max-image-preview":"max-image-preview:large","max-video-preview":"max-video-preview:-1"},"canonical":"https:\/\/recal-se.tbwebsite.com\/no\/tilbehor\/jordanker-recal\/","og_locale":"nb_NO","og_type":"article","og_title":"Jordanker - till gjerdestolper - Recal Norge","og_description":"Jordanker anpasset for Recal Stolpefot St\u00f8pt jordanker for montering av gjerdestolper i jord. Dette jordankeret passer til alle gjerdestolper fra Recal. H\u00f8yden p\u00e5 stangen m\u00e5 imidlertid ikke overstige 110 cm. Skrue og mutter for montering p\u00e5 stolpefot medf\u00f8lger (M8x20).","og_url":"https:\/\/recal-se.tbwebsite.com\/no\/tilbehor\/jordanker-recal\/","og_site_name":"Recal Norge","article_modified_time":"2024-02-20T09:27:18+00:00","og_image":[{"width":1161,"height":1161,"url":"https:\/\/recal-se.tbwebsite.com\/no\/wp-content\/uploads\/sites\/5\/2022\/06\/Jordankare-1.png","type":"image\/png"}],"twitter_card":"summary_large_image","twitter_misc":{"Ansl. lesetid":"1 minutt"},"schema":{"@context":"https:\/\/schema.org","@graph":[{"@type":"WebPage","@id":"https:\/\/recal-se.tbwebsite.com\/no\/tilbehor\/jordanker-recal\/","url":"https:\/\/recal-se.tbwebsite.com\/no\/tilbehor\/jordanker-recal\/","name":"Jordanker - till gjerdestolper - Recal Norge","isPartOf":{"@id":"https:\/\/recal-se.tbwebsite.com\/no\/#website"},"primaryImageOfPage":{"@id":"https:\/\/recal-se.tbwebsite.com\/no\/tilbehor\/jordanker-recal\/#primaryimage"},"image":{"@id":"https:\/\/recal-se.tbwebsite.com\/no\/tilbehor\/jordanker-recal\/#primaryimage"},"thumbnailUrl":"https:\/\/recal-se.tbwebsite.com\/no\/wp-content\/uploads\/sites\/5\/2022\/06\/Jordankare-1.png","datePublished":"2022-06-21T10:09:42+00:00","dateModified":"2024-02-20T09:27:18+00:00","description":"Jordanker anpasset for Recal Stolpefot St\u00f8pt jordanker for montering av gjerdestolper i jord. Dette jordankeret passer til alle gjerdestolper fra Recal. H\u00f8yden p\u00e5 stangen m\u00e5 imidlertid ikke overstige 110 cm. Skrue og mutter for montering p\u00e5 stolpefot medf\u00f8lger (M8x20).","breadcrumb":{"@id":"https:\/\/recal-se.tbwebsite.com\/no\/tilbehor\/jordanker-recal\/#breadcrumb"},"inLanguage":"nb-NO","potentialAction":[{"@type":"ReadAction","target":["https:\/\/recal-se.tbwebsite.com\/no\/tilbehor\/jordanker-recal\/"]}]},{"@type":"ImageObject","inLanguage":"nb-NO","@id":"https:\/\/recal-se.tbwebsite.com\/no\/tilbehor\/jordanker-recal\/#primaryimage","url":"https:\/\/recal-se.tbwebsite.com\/no\/wp-content\/uploads\/sites\/5\/2022\/06\/Jordankare-1.png","contentUrl":"https:\/\/recal-se.tbwebsite.com\/no\/wp-content\/uploads\/sites\/5\/2022\/06\/Jordankare-1.png","width":1161,"height":1161},{"@type":"BreadcrumbList","@id":"https:\/\/recal-se.tbwebsite.com\/no\/tilbehor\/jordanker-recal\/#breadcrumb","itemListElement":[{"@type":"ListItem","position":1,"name":"Home","item":"https:\/\/recal-se.tbwebsite.com\/no\/"},{"@type":"ListItem","position":2,"name":"Shop","item":"https:\/\/recal-se.tbwebsite.com\/no\/shop\/"},{"@type":"ListItem","position":3,"name":"Jordanker &#8211; till gjerdestolper"}]},{"@type":"WebSite","@id":"https:\/\/recal-se.tbwebsite.com\/no\/#website","url":"https:\/\/recal-se.tbwebsite.com\/no\/","name":"Recal Norge","description":"Tr\u00e4dg\u00e5rdsprodukter tillverkade i aluminium fr\u00e5n Sm\u00e5land","publisher":{"@id":"https:\/\/recal-se.tbwebsite.com\/no\/#organization"},"potentialAction":[{"@type":"SearchAction","target":{"@type":"EntryPoint","urlTemplate":"https:\/\/recal-se.tbwebsite.com\/no\/?s={search_term_string}"},"query-input":"required name=search_term_string"}],"inLanguage":"nb-NO"},{"@type":"Organization","@id":"https:\/\/recal-se.tbwebsite.com\/no\/#organization","name":"Recal Norge","url":"https:\/\/recal-se.tbwebsite.com\/no\/","logo":{"@type":"ImageObject","inLanguage":"nb-NO","@id":"https:\/\/recal-se.tbwebsite.com\/no\/#\/schema\/logo\/image\/","url":"https:\/\/recal-se.tbwebsite.com\/no\/wp-content\/uploads\/sites\/5\/2020\/06\/recal-logotype_svart_1.png","contentUrl":"https:\/\/recal-se.tbwebsite.com\/no\/wp-content\/uploads\/sites\/5\/2020\/06\/recal-logotype_svart_1.png","width":260,"height":52,"caption":"Recal Norge"},"image":{"@id":"https:\/\/recal-se.tbwebsite.com\/no\/#\/schema\/logo\/image\/"}}]}},"_links":{"self":[{"href":"https:\/\/recal-se.tbwebsite.com\/no\/wp-json\/wp\/v2\/product\/2445"}],"collection":[{"href":"https:\/\/recal-se.tbwebsite.com\/no\/wp-json\/wp\/v2\/product"}],"about":[{"href":"https:\/\/recal-se.tbwebsite.com\/no\/wp-json\/wp\/v2\/types\/product"}],"replies":[{"embeddable":true,"href":"https:\/\/recal-se.tbwebsite.com\/no\/wp-json\/wp\/v2\/comments?post=2445"}],"version-history":[{"count":7,"href":"https:\/\/recal-se.tbwebsite.com\/no\/wp-json\/wp\/v2\/product\/2445\/revisions"}],"predecessor-version":[{"id":15293,"href":"https:\/\/recal-se.tbwebsite.com\/no\/wp-json\/wp\/v2\/product\/2445\/revisions\/15293"}],"wp:featuredmedia":[{"embeddable":true,"href":"https:\/\/recal-se.tbwebsite.com\/no\/wp-json\/wp\/v2\/media\/5382"}],"wp:attachment":[{"href":"https:\/\/recal-se.tbwebsite.com\/no\/wp-json\/wp\/v2\/media?parent=2445"}],"wp:term":[{"taxonomy":"product_cat","embeddable":true,"href":"https:\/\/recal-se.tbwebsite.com\/no\/wp-json\/wp\/v2\/product_cat?post=2445"},{"taxonomy":"product_tag","embeddable":true,"href":"https:\/\/recal-se.tbwebsite.com\/no\/wp-json\/wp\/v2\/product_tag?post=2445"}],"curies":[{"name":"wp","href":"https:\/\/api.w.org\/{rel}","templated":true}]}}