{"id":228,"date":"2020-06-01T11:50:59","date_gmt":"2020-06-01T11:50:59","guid":{"rendered":"https:\/\/recal-se.tbwebsite.com\/?post_type=product&#038;p=228"},"modified":"2024-02-19T13:40:06","modified_gmt":"2024-02-19T13:40:06","slug":"vidostern","status":"publish","type":"product","link":"https:\/\/recal-se.tbwebsite.com\/no\/gjerdeogrekkverk\/vidostern\/","title":{"rendered":"Vid\u00f6stern"},"content":{"rendered":"<h6>Vid\u00f6stern Gjerdestolpe<\/h6>\n<p><span class=\"Y2IQFc\" lang=\"no\">Gjerdestolpen er flott som avgrensning i hagen og fordi den er laget av aluminium gir den lang levetid takket v\u00e6re at materialet er rustfritt. <\/span><\/p>\n<p><span class=\"Y2IQFc\" lang=\"no\">De kvalitative stolpene har en dimensjon p\u00e5 70 x 70 mm, med en materialtykkelse p\u00e5 hele 2 mm. Dette gj\u00f8r den til en stabil og solid gjerdestolpe som du ogs\u00e5 kan velge farge p\u00e5. Stolpene er tilgjengelige i tre farger: naturanodisert eller hvitlakkert (RAL 9010) eller matt sort (RAL 9005). Far Eastern gjerdestolpen er perfekt som ramme for hagen din. <\/span><\/p>\n<p><span class=\"Y2IQFc\" lang=\"no\">Med h\u00f8yder som passer dine behov holder den hagen \u00e5pen og rammer inn huset samtidig som den setter klare grenser for tomten din. Bruk hj\u00f8rne-, midt- og endestolper for \u00e5 bygge gjerdet som passer din situasjon og for \u00e5 f\u00e5 en litt koseligere hage. <\/span><\/p>\n<h4><span class=\"Y2IQFc\" lang=\"no\">Regler <\/span><\/h4>\n<p><span class=\"Y2IQFc\" lang=\"no\">Antall stender varierer avhengig av stolpeh\u00f8yden:<\/span><\/p>\n<p><span class=\"Y2IQFc\" lang=\"no\">745 mm\u00a0 \u00a0 \u00a0 \u00a0 \u00a0 \u00a0 \u00a0 \u00a0 \u00a0 \u00a0 \u00a04 hull <\/span><\/p>\n<p><span class=\"Y2IQFc\" lang=\"no\">1040 mm\u00a0 \u00a0 \u00a0 \u00a0 \u00a0 \u00a0 \u00a0 \u00a0 \u00a0 \u00a06 hull <\/span><\/p>\n<p><span class=\"Y2IQFc\" lang=\"no\">1490 mm\u00a0 \u00a0 \u00a0 \u00a0 \u00a0 \u00a0 \u00a0 \u00a0 \u00a0 \u00a09 hull <\/span><\/p>\n<p><span class=\"Y2IQFc\" lang=\"no\">Avstand fra gulv til f\u00f8rste regel: 11,6 cm. <\/span><\/p>\n<p><span class=\"Y2IQFc\" lang=\"no\">Standard avstand mellom t\u00f8mmer: 2,8 cm. Hullst\u00f8rrelse: 30 X 122 mm.<\/span><\/p>\n<p>&nbsp;<\/p>\n<p><strong>Gjerdestolpe<br \/>\n<\/strong><\/p>\n<p id=\"tw-target-text\" class=\"tw-data-text tw-text-large tw-ta\" dir=\"ltr\" data-placeholder=\"\u00d6vers\u00e4ttning\" data-ved=\"2ahUKEwjgzqf2rreEAxU9IBAIHacXDWgQ3ewLegQIBRAT\"><span class=\"Y2IQFc\" lang=\"no\">Husk \u00e5 bestille riktige stolpetyper for ditt form\u00e5l (mellomstolper, hj\u00f8rnestolper, endestolper).<\/span><\/p>\n<p><strong>Stolpehatt<br \/>\n<\/strong><\/p>\n<p id=\"tw-target-text\" class=\"tw-data-text tw-text-large tw-ta\" dir=\"ltr\" data-placeholder=\"\u00d6vers\u00e4ttning\" data-ved=\"2ahUKEwjgzqf2rreEAxU9IBAIHacXDWgQ3ewLegQIBRAT\"><span class=\"Y2IQFc\" lang=\"no\">Stolpehatt er tilgjengelig i sort plast eller aluminium i hvilken som helst farge<\/span><\/p>\n<h4 id=\"tw-target-text\" class=\"tw-data-text tw-text-large tw-ta\" dir=\"ltr\" data-placeholder=\"\u00d6vers\u00e4ttning\" data-ved=\"2ahUKEwjgzqf2rreEAxU9IBAIHacXDWgQ3ewLegQIBRAT\"><span class=\"Y2IQFc\" lang=\"no\">Stolpefot<\/span><\/h4>\n<p class=\"tw-data-text tw-text-large tw-ta\" dir=\"ltr\" data-placeholder=\"\u00d6vers\u00e4ttning\" data-ved=\"2ahUKEwjgzqf2rreEAxU9IBAIHacXDWgQ3ewLegQIBRAT\"><span class=\"Y2IQFc\" lang=\"no\">Husk \u00e5 bestille en stavfot til hver stav.<\/span><\/p>\n<p><strong>Montering<\/strong><\/p>\n<p id=\"tw-target-text\" class=\"tw-data-text tw-text-large tw-ta\" dir=\"ltr\" data-placeholder=\"\u00d6vers\u00e4ttning\" data-ved=\"2ahUKEwjgzqf2rreEAxU9IBAIHacXDWgQ3ewLegQIBRAT\"><span class=\"Y2IQFc\" lang=\"no\">Kj\u00f8p eventuelt impregnert t\u00f8mmer p\u00e5 28 X 120 mm hos din lokale byggeforhandler. Mal deretter i hvilken som helst farge. Pass p\u00e5 at treverket ikke har svellet for mye (det gj\u00f8r monteringen vanskeligere). Da trenger du ogs\u00e5 f\u00f8lgende verkt\u00f8y: M\u00e5leb\u00e5nd Skrutrekker med bit og bor Gummihammer (for \u00e5 montere foten p\u00e5 stangen) Monter stenderne ved hjelp av braketten p\u00e5 baksiden av stolpene og monter alltid gjerdet slik at det st\u00e5r st\u00f8dig &#8211; anbefalingen er maks 150 cm mellom stolpene og at du alltid plasserer stolpene f\u00f8r du skru t\u00f8mmeret for \u00e5 sikre at din rekkef\u00f8lgen var riktig.<\/span><\/p>\n<p><a href=\"https:\/\/recal.se\/wp-content\/uploads\/2021\/06\/recal-forklaring_stolpvarianter-scaled.jpg\" target=\"_blank\" rel=\"noopener\">Monteringsprincip<\/a><\/p>\n","protected":false},"excerpt":{"rendered":"<p><span class=\"Y2IQFc\" lang=\"no\">Gjerdestolpen er flott som avgrensning i hagen og fordi den er laget av aluminium gir den lang levetid takket v\u00e6re at materialet er rustfritt. <\/span><\/p>\n<p><span class=\"Y2IQFc\" lang=\"no\">De kvalitative stolpene har en dimensjon p\u00e5 70 x 70 mm, med en materialtykkelse p\u00e5 hele 2 mm. Dette gj\u00f8r den til en stabil og solid gjerdestolpe som du ogs\u00e5 kan velge farge p\u00e5. Stolpene er tilgjengelige i tre farger: naturanodisert eller hvitlakkert (RAL 9010) eller matt sort (RAL 9005). Far Eastern gjerdestolpen er perfekt som ramme for hagen din.\u00a0<\/span><\/p>\n","protected":false},"featured_media":5680,"comment_status":"open","ping_status":"closed","template":"","meta":{"_acf_changed":false},"product_cat":[16],"product_tag":[352,351,336,350],"composite_virtual":false,"composite_layout":"","composite_add_to_cart_form_location":"","composite_editable_in_cart":false,"composite_sold_individually_context":"","composite_shop_price_calc":"","composite_components":[],"composite_scenarios":[],"acf":[],"yoast_head":"<!-- This site is optimized with the Yoast SEO plugin v22.2 - https:\/\/yoast.com\/wordpress\/plugins\/seo\/ -->\n<title>Staketstolpe Vid\u00f6stern - Recal Norge<\/title>\n<meta name=\"description\" content=\"Staketstolpen Vid\u00f6stern \u00e4r tillverkat i gedigna stolpar i aluminium som passar b\u00e5de som altanr\u00e4cke och regelr\u00e4tt staket.\" \/>\n<meta name=\"robots\" content=\"index, follow, max-snippet:-1, max-image-preview:large, max-video-preview:-1\" \/>\n<link rel=\"canonical\" href=\"https:\/\/recal-se.tbwebsite.com\/no\/gjerdeogrekkverk\/vidostern\/\" \/>\n<meta property=\"og:locale\" content=\"nb_NO\" \/>\n<meta property=\"og:type\" content=\"article\" \/>\n<meta property=\"og:title\" content=\"Staketstolpe Vid\u00f6stern - Recal Norge\" \/>\n<meta property=\"og:description\" content=\"Staketstolpen Vid\u00f6stern \u00e4r tillverkat i gedigna stolpar i aluminium som passar b\u00e5de som altanr\u00e4cke och regelr\u00e4tt staket.\" \/>\n<meta property=\"og:url\" content=\"https:\/\/recal-se.tbwebsite.com\/no\/gjerdeogrekkverk\/vidostern\/\" \/>\n<meta property=\"og:site_name\" content=\"Recal Norge\" \/>\n<meta property=\"article:modified_time\" content=\"2024-02-19T13:40:06+00:00\" \/>\n<meta property=\"og:image\" content=\"https:\/\/recal-se.tbwebsite.com\/no\/wp-content\/uploads\/sites\/5\/2020\/06\/28x120-1.png\" \/>\n\t<meta property=\"og:image:width\" content=\"1376\" \/>\n\t<meta property=\"og:image:height\" content=\"1376\" \/>\n\t<meta property=\"og:image:type\" content=\"image\/png\" \/>\n<meta name=\"twitter:card\" content=\"summary_large_image\" \/>\n<meta name=\"twitter:label1\" content=\"Ansl. lesetid\" \/>\n\t<meta name=\"twitter:data1\" content=\"2 minutter\" \/>\n<script type=\"application\/ld+json\" class=\"yoast-schema-graph\">{\"@context\":\"https:\/\/schema.org\",\"@graph\":[{\"@type\":\"WebPage\",\"@id\":\"https:\/\/recal-se.tbwebsite.com\/no\/gjerdeogrekkverk\/vidostern\/\",\"url\":\"https:\/\/recal-se.tbwebsite.com\/no\/gjerdeogrekkverk\/vidostern\/\",\"name\":\"Staketstolpe Vid\u00f6stern - Recal Norge\",\"isPartOf\":{\"@id\":\"https:\/\/recal-se.tbwebsite.com\/no\/#website\"},\"primaryImageOfPage\":{\"@id\":\"https:\/\/recal-se.tbwebsite.com\/no\/gjerdeogrekkverk\/vidostern\/#primaryimage\"},\"image\":{\"@id\":\"https:\/\/recal-se.tbwebsite.com\/no\/gjerdeogrekkverk\/vidostern\/#primaryimage\"},\"thumbnailUrl\":\"https:\/\/recal-se.tbwebsite.com\/no\/wp-content\/uploads\/sites\/5\/2020\/06\/28x120-1.png\",\"datePublished\":\"2020-06-01T11:50:59+00:00\",\"dateModified\":\"2024-02-19T13:40:06+00:00\",\"description\":\"Staketstolpen Vid\u00f6stern \u00e4r tillverkat i gedigna stolpar i aluminium som passar b\u00e5de som altanr\u00e4cke och regelr\u00e4tt staket.\",\"breadcrumb\":{\"@id\":\"https:\/\/recal-se.tbwebsite.com\/no\/gjerdeogrekkverk\/vidostern\/#breadcrumb\"},\"inLanguage\":\"nb-NO\",\"potentialAction\":[{\"@type\":\"ReadAction\",\"target\":[\"https:\/\/recal-se.tbwebsite.com\/no\/gjerdeogrekkverk\/vidostern\/\"]}]},{\"@type\":\"ImageObject\",\"inLanguage\":\"nb-NO\",\"@id\":\"https:\/\/recal-se.tbwebsite.com\/no\/gjerdeogrekkverk\/vidostern\/#primaryimage\",\"url\":\"https:\/\/recal-se.tbwebsite.com\/no\/wp-content\/uploads\/sites\/5\/2020\/06\/28x120-1.png\",\"contentUrl\":\"https:\/\/recal-se.tbwebsite.com\/no\/wp-content\/uploads\/sites\/5\/2020\/06\/28x120-1.png\",\"width\":1376,\"height\":1376},{\"@type\":\"BreadcrumbList\",\"@id\":\"https:\/\/recal-se.tbwebsite.com\/no\/gjerdeogrekkverk\/vidostern\/#breadcrumb\",\"itemListElement\":[{\"@type\":\"ListItem\",\"position\":1,\"name\":\"Home\",\"item\":\"https:\/\/recal-se.tbwebsite.com\/no\/\"},{\"@type\":\"ListItem\",\"position\":2,\"name\":\"Shop\",\"item\":\"https:\/\/recal-se.tbwebsite.com\/no\/shop\/\"},{\"@type\":\"ListItem\",\"position\":3,\"name\":\"Vid\u00f6stern\"}]},{\"@type\":\"WebSite\",\"@id\":\"https:\/\/recal-se.tbwebsite.com\/no\/#website\",\"url\":\"https:\/\/recal-se.tbwebsite.com\/no\/\",\"name\":\"Recal Norge\",\"description\":\"Tr\u00e4dg\u00e5rdsprodukter tillverkade i aluminium fr\u00e5n Sm\u00e5land\",\"publisher\":{\"@id\":\"https:\/\/recal-se.tbwebsite.com\/no\/#organization\"},\"potentialAction\":[{\"@type\":\"SearchAction\",\"target\":{\"@type\":\"EntryPoint\",\"urlTemplate\":\"https:\/\/recal-se.tbwebsite.com\/no\/?s={search_term_string}\"},\"query-input\":\"required name=search_term_string\"}],\"inLanguage\":\"nb-NO\"},{\"@type\":\"Organization\",\"@id\":\"https:\/\/recal-se.tbwebsite.com\/no\/#organization\",\"name\":\"Recal Norge\",\"url\":\"https:\/\/recal-se.tbwebsite.com\/no\/\",\"logo\":{\"@type\":\"ImageObject\",\"inLanguage\":\"nb-NO\",\"@id\":\"https:\/\/recal-se.tbwebsite.com\/no\/#\/schema\/logo\/image\/\",\"url\":\"https:\/\/recal-se.tbwebsite.com\/no\/wp-content\/uploads\/sites\/5\/2020\/06\/recal-logotype_svart_1.png\",\"contentUrl\":\"https:\/\/recal-se.tbwebsite.com\/no\/wp-content\/uploads\/sites\/5\/2020\/06\/recal-logotype_svart_1.png\",\"width\":260,\"height\":52,\"caption\":\"Recal Norge\"},\"image\":{\"@id\":\"https:\/\/recal-se.tbwebsite.com\/no\/#\/schema\/logo\/image\/\"}}]}<\/script>\n<!-- \/ Yoast SEO plugin. -->","yoast_head_json":{"title":"Staketstolpe Vid\u00f6stern - Recal Norge","description":"Staketstolpen Vid\u00f6stern \u00e4r tillverkat i gedigna stolpar i aluminium som passar b\u00e5de som altanr\u00e4cke och regelr\u00e4tt staket.","robots":{"index":"index","follow":"follow","max-snippet":"max-snippet:-1","max-image-preview":"max-image-preview:large","max-video-preview":"max-video-preview:-1"},"canonical":"https:\/\/recal-se.tbwebsite.com\/no\/gjerdeogrekkverk\/vidostern\/","og_locale":"nb_NO","og_type":"article","og_title":"Staketstolpe Vid\u00f6stern - Recal Norge","og_description":"Staketstolpen Vid\u00f6stern \u00e4r tillverkat i gedigna stolpar i aluminium som passar b\u00e5de som altanr\u00e4cke och regelr\u00e4tt staket.","og_url":"https:\/\/recal-se.tbwebsite.com\/no\/gjerdeogrekkverk\/vidostern\/","og_site_name":"Recal Norge","article_modified_time":"2024-02-19T13:40:06+00:00","og_image":[{"width":1376,"height":1376,"url":"https:\/\/recal-se.tbwebsite.com\/no\/wp-content\/uploads\/sites\/5\/2020\/06\/28x120-1.png","type":"image\/png"}],"twitter_card":"summary_large_image","twitter_misc":{"Ansl. lesetid":"2 minutter"},"schema":{"@context":"https:\/\/schema.org","@graph":[{"@type":"WebPage","@id":"https:\/\/recal-se.tbwebsite.com\/no\/gjerdeogrekkverk\/vidostern\/","url":"https:\/\/recal-se.tbwebsite.com\/no\/gjerdeogrekkverk\/vidostern\/","name":"Staketstolpe Vid\u00f6stern - Recal Norge","isPartOf":{"@id":"https:\/\/recal-se.tbwebsite.com\/no\/#website"},"primaryImageOfPage":{"@id":"https:\/\/recal-se.tbwebsite.com\/no\/gjerdeogrekkverk\/vidostern\/#primaryimage"},"image":{"@id":"https:\/\/recal-se.tbwebsite.com\/no\/gjerdeogrekkverk\/vidostern\/#primaryimage"},"thumbnailUrl":"https:\/\/recal-se.tbwebsite.com\/no\/wp-content\/uploads\/sites\/5\/2020\/06\/28x120-1.png","datePublished":"2020-06-01T11:50:59+00:00","dateModified":"2024-02-19T13:40:06+00:00","description":"Staketstolpen Vid\u00f6stern \u00e4r tillverkat i gedigna stolpar i aluminium som passar b\u00e5de som altanr\u00e4cke och regelr\u00e4tt staket.","breadcrumb":{"@id":"https:\/\/recal-se.tbwebsite.com\/no\/gjerdeogrekkverk\/vidostern\/#breadcrumb"},"inLanguage":"nb-NO","potentialAction":[{"@type":"ReadAction","target":["https:\/\/recal-se.tbwebsite.com\/no\/gjerdeogrekkverk\/vidostern\/"]}]},{"@type":"ImageObject","inLanguage":"nb-NO","@id":"https:\/\/recal-se.tbwebsite.com\/no\/gjerdeogrekkverk\/vidostern\/#primaryimage","url":"https:\/\/recal-se.tbwebsite.com\/no\/wp-content\/uploads\/sites\/5\/2020\/06\/28x120-1.png","contentUrl":"https:\/\/recal-se.tbwebsite.com\/no\/wp-content\/uploads\/sites\/5\/2020\/06\/28x120-1.png","width":1376,"height":1376},{"@type":"BreadcrumbList","@id":"https:\/\/recal-se.tbwebsite.com\/no\/gjerdeogrekkverk\/vidostern\/#breadcrumb","itemListElement":[{"@type":"ListItem","position":1,"name":"Home","item":"https:\/\/recal-se.tbwebsite.com\/no\/"},{"@type":"ListItem","position":2,"name":"Shop","item":"https:\/\/recal-se.tbwebsite.com\/no\/shop\/"},{"@type":"ListItem","position":3,"name":"Vid\u00f6stern"}]},{"@type":"WebSite","@id":"https:\/\/recal-se.tbwebsite.com\/no\/#website","url":"https:\/\/recal-se.tbwebsite.com\/no\/","name":"Recal Norge","description":"Tr\u00e4dg\u00e5rdsprodukter tillverkade i aluminium fr\u00e5n Sm\u00e5land","publisher":{"@id":"https:\/\/recal-se.tbwebsite.com\/no\/#organization"},"potentialAction":[{"@type":"SearchAction","target":{"@type":"EntryPoint","urlTemplate":"https:\/\/recal-se.tbwebsite.com\/no\/?s={search_term_string}"},"query-input":"required name=search_term_string"}],"inLanguage":"nb-NO"},{"@type":"Organization","@id":"https:\/\/recal-se.tbwebsite.com\/no\/#organization","name":"Recal Norge","url":"https:\/\/recal-se.tbwebsite.com\/no\/","logo":{"@type":"ImageObject","inLanguage":"nb-NO","@id":"https:\/\/recal-se.tbwebsite.com\/no\/#\/schema\/logo\/image\/","url":"https:\/\/recal-se.tbwebsite.com\/no\/wp-content\/uploads\/sites\/5\/2020\/06\/recal-logotype_svart_1.png","contentUrl":"https:\/\/recal-se.tbwebsite.com\/no\/wp-content\/uploads\/sites\/5\/2020\/06\/recal-logotype_svart_1.png","width":260,"height":52,"caption":"Recal Norge"},"image":{"@id":"https:\/\/recal-se.tbwebsite.com\/no\/#\/schema\/logo\/image\/"}}]}},"_links":{"self":[{"href":"https:\/\/recal-se.tbwebsite.com\/no\/wp-json\/wp\/v2\/product\/228"}],"collection":[{"href":"https:\/\/recal-se.tbwebsite.com\/no\/wp-json\/wp\/v2\/product"}],"about":[{"href":"https:\/\/recal-se.tbwebsite.com\/no\/wp-json\/wp\/v2\/types\/product"}],"replies":[{"embeddable":true,"href":"https:\/\/recal-se.tbwebsite.com\/no\/wp-json\/wp\/v2\/comments?post=228"}],"version-history":[{"count":6,"href":"https:\/\/recal-se.tbwebsite.com\/no\/wp-json\/wp\/v2\/product\/228\/revisions"}],"predecessor-version":[{"id":15287,"href":"https:\/\/recal-se.tbwebsite.com\/no\/wp-json\/wp\/v2\/product\/228\/revisions\/15287"}],"wp:featuredmedia":[{"embeddable":true,"href":"https:\/\/recal-se.tbwebsite.com\/no\/wp-json\/wp\/v2\/media\/5680"}],"wp:attachment":[{"href":"https:\/\/recal-se.tbwebsite.com\/no\/wp-json\/wp\/v2\/media?parent=228"}],"wp:term":[{"taxonomy":"product_cat","embeddable":true,"href":"https:\/\/recal-se.tbwebsite.com\/no\/wp-json\/wp\/v2\/product_cat?post=228"},{"taxonomy":"product_tag","embeddable":true,"href":"https:\/\/recal-se.tbwebsite.com\/no\/wp-json\/wp\/v2\/product_tag?post=228"}],"curies":[{"name":"wp","href":"https:\/\/api.w.org\/{rel}","templated":true}]}}