{"id":2222,"date":"2022-05-11T13:02:13","date_gmt":"2022-05-11T13:02:13","guid":{"rendered":"https:\/\/recal-se.tbwebsite.com\/?post_type=product&#038;p=2222"},"modified":"2024-02-13T08:25:16","modified_gmt":"2024-02-13T08:25:16","slug":"avfallsskydd-soptunneskydd-bolmen","status":"publish","type":"product","link":"https:\/\/recal-se.tbwebsite.com\/no\/gjerdeogrekkverk\/avfallsskydd-soptunneskydd-bolmen\/","title":{"rendered":"Avfallsskydd \/ Soptunneskydd &#8211; Staketstolpe Bolmen"},"content":{"rendered":"<p>Med Staketstolpe Bolmen kan ni enkelt och snyggt rama in era soptunnor och ger era sopk\u00e4rl ett rej\u00e4lt lyft!<\/p>\n<p>Produkten \u00e4r anpassad f\u00f6r dubbla sopk\u00e4rl.<\/p>\n<p><strong>I paketet ing\u00e5r f\u00f6ljande:<\/strong><\/p>\n<p>2st \u00e4ndstolpar 995 eller 1255 mm i h\u00f6jd<\/p>\n<p>2st h\u00f6rnstolpar\u00a0995 eller 1255 mm i h\u00f6jd<\/p>\n<p>1st mellanstolpe\u00a0995 eller 1255 mm i h\u00f6jd<\/p>\n<p>5st f\u00f6tter f\u00f6r montering p\u00e5 tr\u00e4 eller betong.<\/p>\n<p>5 st aluminiumhattar i vald kul\u00f6r.<\/p>\n<p>&nbsp;<\/p>\n<p>Avst\u00e5ndet mellan marken och f\u00f6rsta regeln \u00e4r 12 cm.<\/p>\n<p>Avst\u00e5ndet mellan reglarna \u00e4r 2,1 cm.<\/p>\n<p>H\u00e5lens storlek: 47*47mm<\/p>\n<p>995mm 10 H\u00e5l<\/p>\n<p>1255 mm 13 H\u00e5l<\/p>\n<p>Monteringen sker med en vanlig tr\u00e4trall i valfri kul\u00f6r som \u00e4r m\u00e5tten 45*45 mm och g\u00f6r att staketet blir stabilt.<\/p>\n<p><strong><u>I denna produkt ing\u00e5r stolpf\u00f6tter!<br \/>\n<\/u><\/strong><\/p>\n<p>T\u00e4nk p\u00e5 f\u00f6ljande innan du best\u00e4ller:<\/p>\n<p>-Best\u00e4ll r\u00e4tt stolptyp: Mellanstolpe, h\u00f6rnstolpe, \u00c4ndstolpe V\u00e4nster eller \u00e4ndstolpe h\u00f6ger. OBS! Med \u00e4ndstolpe ska du alltid se p\u00e5 staketet utifr\u00e5n sett och d\u00e5 v\u00e4lja h\u00f6ger eller v\u00e4nster. \u00a0Har ni fr\u00e5gor \u00e4r ni varmt v\u00e4lkomna att ringa eller maila oss!<\/p>\n<ul>\n<li>Staket finns i Naturanodiserat och sedan lackerad Vit (RAL 9010 och Mattsvart, (RAL )<\/li>\n<li>Vill ni ha stolphatt kan ni v\u00e4lja att k\u00f6pa den i svart plast eller aluminium hatt i valfri kul\u00f6r som passar ert staket.<\/li>\n<li>K\u00f6p reglar f\u00f6r staketet p\u00e5 din lokala bygghandel. S\u00e4kerst\u00e4ll att virket inte har sv\u00e4llt f\u00f6r mycket f\u00f6r att inte f\u00f6rsv\u00e5ra montaget.<\/li>\n<li><\/li>\n<\/ul>\n<p><strong>Att t\u00e4nka p\u00e5 n\u00e4r du ska montera ditt staket:<\/strong><\/p>\n<ul>\n<li>Montera alltid ditt staket s\u00e5 att det blir stabilt, vi rekommenderar max regelavst\u00e5nd p\u00e5 150cm.<\/li>\n<li>Du beh\u00f6ver f\u00f6ljande vid montage: M\u00e5ttband, skruvdragare med bits och borr, gummiklubba f\u00f6r att montera foten p\u00e5 stolpen.<\/li>\n<li>Placera alltid ut stolparna innan du skruvar fast virket f\u00f6r att se att din best\u00e4llning blev r\u00e4tt.<\/li>\n<li>L\u00e4s mer i v\u00e5r monteringsanvisning.<\/li>\n<li><a href=\"https:\/\/recal.se\/wp-content\/uploads\/2020\/08\/Monteringsanvisning-Staket.pdf\">Monteringsanvisning Staket<\/a><\/li>\n<\/ul>\n","protected":false},"excerpt":{"rendered":"<p>Perfekt f\u00f6r att snyggt rama in era soptunnor\/sopk\u00e4rl!<\/p>\n","protected":false},"featured_media":5384,"comment_status":"closed","ping_status":"closed","template":"","meta":{"_acf_changed":false},"product_cat":[349,16],"product_tag":[69,78,70,75],"composite_virtual":false,"composite_layout":"","composite_add_to_cart_form_location":"","composite_editable_in_cart":false,"composite_sold_individually_context":"","composite_shop_price_calc":"","composite_components":[],"composite_scenarios":[],"acf":[],"yoast_head":"<!-- This site is optimized with the Yoast SEO plugin v22.2 - https:\/\/yoast.com\/wordpress\/plugins\/seo\/ -->\n<title>Avfallsskydd \/ Soptunneskydd - Staketstolpe Bolmen - Recal Norge<\/title>\n<meta name=\"description\" content=\"Perfekt avfallsskydd f\u00f6r att snyggt rama in era soptunnor och s\u00e4kerst\u00e4ller ocks\u00e5 att locken inte bl\u00e5ser upp p\u00e5 grund av det h\u00f6ga bakpartiet. Soptunneskydd finns i flera f\u00e4rger.\" \/>\n<meta name=\"robots\" content=\"index, follow, max-snippet:-1, max-image-preview:large, max-video-preview:-1\" \/>\n<link rel=\"canonical\" href=\"https:\/\/recal-se.tbwebsite.com\/no\/gjerdeogrekkverk\/avfallsskydd-soptunneskydd-bolmen\/\" \/>\n<meta property=\"og:locale\" content=\"nb_NO\" \/>\n<meta property=\"og:type\" content=\"article\" \/>\n<meta property=\"og:title\" content=\"Avfallsskydd \/ Soptunneskydd - Staketstolpe Bolmen - Recal Norge\" \/>\n<meta property=\"og:description\" content=\"Perfekt avfallsskydd f\u00f6r att snyggt rama in era soptunnor och s\u00e4kerst\u00e4ller ocks\u00e5 att locken inte bl\u00e5ser upp p\u00e5 grund av det h\u00f6ga bakpartiet. Soptunneskydd finns i flera f\u00e4rger.\" \/>\n<meta property=\"og:url\" content=\"https:\/\/recal-se.tbwebsite.com\/no\/gjerdeogrekkverk\/avfallsskydd-soptunneskydd-bolmen\/\" \/>\n<meta property=\"og:site_name\" content=\"Recal Norge\" \/>\n<meta property=\"article:modified_time\" content=\"2024-02-13T08:25:16+00:00\" \/>\n<meta property=\"og:image\" content=\"https:\/\/recal-se.tbwebsite.com\/no\/wp-content\/uploads\/sites\/5\/2022\/05\/Bolmen-avfallsskyddad-1-2048x2048-1.png\" \/>\n\t<meta property=\"og:image:width\" content=\"1400\" \/>\n\t<meta property=\"og:image:height\" content=\"1400\" \/>\n\t<meta property=\"og:image:type\" content=\"image\/png\" \/>\n<meta name=\"twitter:card\" content=\"summary_large_image\" \/>\n<meta name=\"twitter:label1\" content=\"Ansl. lesetid\" \/>\n\t<meta name=\"twitter:data1\" content=\"2 minutter\" \/>\n<script type=\"application\/ld+json\" class=\"yoast-schema-graph\">{\"@context\":\"https:\/\/schema.org\",\"@graph\":[{\"@type\":\"WebPage\",\"@id\":\"https:\/\/recal-se.tbwebsite.com\/no\/gjerdeogrekkverk\/avfallsskydd-soptunneskydd-bolmen\/\",\"url\":\"https:\/\/recal-se.tbwebsite.com\/no\/gjerdeogrekkverk\/avfallsskydd-soptunneskydd-bolmen\/\",\"name\":\"Avfallsskydd \/ Soptunneskydd - Staketstolpe Bolmen - Recal Norge\",\"isPartOf\":{\"@id\":\"https:\/\/recal-se.tbwebsite.com\/no\/#website\"},\"primaryImageOfPage\":{\"@id\":\"https:\/\/recal-se.tbwebsite.com\/no\/gjerdeogrekkverk\/avfallsskydd-soptunneskydd-bolmen\/#primaryimage\"},\"image\":{\"@id\":\"https:\/\/recal-se.tbwebsite.com\/no\/gjerdeogrekkverk\/avfallsskydd-soptunneskydd-bolmen\/#primaryimage\"},\"thumbnailUrl\":\"https:\/\/recal-se.tbwebsite.com\/no\/wp-content\/uploads\/sites\/5\/2022\/05\/Bolmen-avfallsskyddad-1-2048x2048-1.png\",\"datePublished\":\"2022-05-11T13:02:13+00:00\",\"dateModified\":\"2024-02-13T08:25:16+00:00\",\"description\":\"Perfekt avfallsskydd f\u00f6r att snyggt rama in era soptunnor och s\u00e4kerst\u00e4ller ocks\u00e5 att locken inte bl\u00e5ser upp p\u00e5 grund av det h\u00f6ga bakpartiet. Soptunneskydd finns i flera f\u00e4rger.\",\"breadcrumb\":{\"@id\":\"https:\/\/recal-se.tbwebsite.com\/no\/gjerdeogrekkverk\/avfallsskydd-soptunneskydd-bolmen\/#breadcrumb\"},\"inLanguage\":\"nb-NO\",\"potentialAction\":[{\"@type\":\"ReadAction\",\"target\":[\"https:\/\/recal-se.tbwebsite.com\/no\/gjerdeogrekkverk\/avfallsskydd-soptunneskydd-bolmen\/\"]}]},{\"@type\":\"ImageObject\",\"inLanguage\":\"nb-NO\",\"@id\":\"https:\/\/recal-se.tbwebsite.com\/no\/gjerdeogrekkverk\/avfallsskydd-soptunneskydd-bolmen\/#primaryimage\",\"url\":\"https:\/\/recal-se.tbwebsite.com\/no\/wp-content\/uploads\/sites\/5\/2022\/05\/Bolmen-avfallsskyddad-1-2048x2048-1.png\",\"contentUrl\":\"https:\/\/recal-se.tbwebsite.com\/no\/wp-content\/uploads\/sites\/5\/2022\/05\/Bolmen-avfallsskyddad-1-2048x2048-1.png\",\"width\":1400,\"height\":1400},{\"@type\":\"BreadcrumbList\",\"@id\":\"https:\/\/recal-se.tbwebsite.com\/no\/gjerdeogrekkverk\/avfallsskydd-soptunneskydd-bolmen\/#breadcrumb\",\"itemListElement\":[{\"@type\":\"ListItem\",\"position\":1,\"name\":\"Home\",\"item\":\"https:\/\/recal-se.tbwebsite.com\/no\/\"},{\"@type\":\"ListItem\",\"position\":2,\"name\":\"Shop\",\"item\":\"https:\/\/recal-se.tbwebsite.com\/no\/shop\/\"},{\"@type\":\"ListItem\",\"position\":3,\"name\":\"Avfallsskydd \/ Soptunneskydd &#8211; Staketstolpe Bolmen\"}]},{\"@type\":\"WebSite\",\"@id\":\"https:\/\/recal-se.tbwebsite.com\/no\/#website\",\"url\":\"https:\/\/recal-se.tbwebsite.com\/no\/\",\"name\":\"Recal Norge\",\"description\":\"Tr\u00e4dg\u00e5rdsprodukter tillverkade i aluminium fr\u00e5n Sm\u00e5land\",\"publisher\":{\"@id\":\"https:\/\/recal-se.tbwebsite.com\/no\/#organization\"},\"potentialAction\":[{\"@type\":\"SearchAction\",\"target\":{\"@type\":\"EntryPoint\",\"urlTemplate\":\"https:\/\/recal-se.tbwebsite.com\/no\/?s={search_term_string}\"},\"query-input\":\"required name=search_term_string\"}],\"inLanguage\":\"nb-NO\"},{\"@type\":\"Organization\",\"@id\":\"https:\/\/recal-se.tbwebsite.com\/no\/#organization\",\"name\":\"Recal Norge\",\"url\":\"https:\/\/recal-se.tbwebsite.com\/no\/\",\"logo\":{\"@type\":\"ImageObject\",\"inLanguage\":\"nb-NO\",\"@id\":\"https:\/\/recal-se.tbwebsite.com\/no\/#\/schema\/logo\/image\/\",\"url\":\"https:\/\/recal-se.tbwebsite.com\/no\/wp-content\/uploads\/sites\/5\/2020\/06\/recal-logotype_svart_1.png\",\"contentUrl\":\"https:\/\/recal-se.tbwebsite.com\/no\/wp-content\/uploads\/sites\/5\/2020\/06\/recal-logotype_svart_1.png\",\"width\":260,\"height\":52,\"caption\":\"Recal Norge\"},\"image\":{\"@id\":\"https:\/\/recal-se.tbwebsite.com\/no\/#\/schema\/logo\/image\/\"}}]}<\/script>\n<!-- \/ Yoast SEO plugin. -->","yoast_head_json":{"title":"Avfallsskydd \/ Soptunneskydd - Staketstolpe Bolmen - Recal Norge","description":"Perfekt avfallsskydd f\u00f6r att snyggt rama in era soptunnor och s\u00e4kerst\u00e4ller ocks\u00e5 att locken inte bl\u00e5ser upp p\u00e5 grund av det h\u00f6ga bakpartiet. Soptunneskydd finns i flera f\u00e4rger.","robots":{"index":"index","follow":"follow","max-snippet":"max-snippet:-1","max-image-preview":"max-image-preview:large","max-video-preview":"max-video-preview:-1"},"canonical":"https:\/\/recal-se.tbwebsite.com\/no\/gjerdeogrekkverk\/avfallsskydd-soptunneskydd-bolmen\/","og_locale":"nb_NO","og_type":"article","og_title":"Avfallsskydd \/ Soptunneskydd - Staketstolpe Bolmen - Recal Norge","og_description":"Perfekt avfallsskydd f\u00f6r att snyggt rama in era soptunnor och s\u00e4kerst\u00e4ller ocks\u00e5 att locken inte bl\u00e5ser upp p\u00e5 grund av det h\u00f6ga bakpartiet. Soptunneskydd finns i flera f\u00e4rger.","og_url":"https:\/\/recal-se.tbwebsite.com\/no\/gjerdeogrekkverk\/avfallsskydd-soptunneskydd-bolmen\/","og_site_name":"Recal Norge","article_modified_time":"2024-02-13T08:25:16+00:00","og_image":[{"width":1400,"height":1400,"url":"https:\/\/recal-se.tbwebsite.com\/no\/wp-content\/uploads\/sites\/5\/2022\/05\/Bolmen-avfallsskyddad-1-2048x2048-1.png","type":"image\/png"}],"twitter_card":"summary_large_image","twitter_misc":{"Ansl. lesetid":"2 minutter"},"schema":{"@context":"https:\/\/schema.org","@graph":[{"@type":"WebPage","@id":"https:\/\/recal-se.tbwebsite.com\/no\/gjerdeogrekkverk\/avfallsskydd-soptunneskydd-bolmen\/","url":"https:\/\/recal-se.tbwebsite.com\/no\/gjerdeogrekkverk\/avfallsskydd-soptunneskydd-bolmen\/","name":"Avfallsskydd \/ Soptunneskydd - Staketstolpe Bolmen - Recal Norge","isPartOf":{"@id":"https:\/\/recal-se.tbwebsite.com\/no\/#website"},"primaryImageOfPage":{"@id":"https:\/\/recal-se.tbwebsite.com\/no\/gjerdeogrekkverk\/avfallsskydd-soptunneskydd-bolmen\/#primaryimage"},"image":{"@id":"https:\/\/recal-se.tbwebsite.com\/no\/gjerdeogrekkverk\/avfallsskydd-soptunneskydd-bolmen\/#primaryimage"},"thumbnailUrl":"https:\/\/recal-se.tbwebsite.com\/no\/wp-content\/uploads\/sites\/5\/2022\/05\/Bolmen-avfallsskyddad-1-2048x2048-1.png","datePublished":"2022-05-11T13:02:13+00:00","dateModified":"2024-02-13T08:25:16+00:00","description":"Perfekt avfallsskydd f\u00f6r att snyggt rama in era soptunnor och s\u00e4kerst\u00e4ller ocks\u00e5 att locken inte bl\u00e5ser upp p\u00e5 grund av det h\u00f6ga bakpartiet. Soptunneskydd finns i flera f\u00e4rger.","breadcrumb":{"@id":"https:\/\/recal-se.tbwebsite.com\/no\/gjerdeogrekkverk\/avfallsskydd-soptunneskydd-bolmen\/#breadcrumb"},"inLanguage":"nb-NO","potentialAction":[{"@type":"ReadAction","target":["https:\/\/recal-se.tbwebsite.com\/no\/gjerdeogrekkverk\/avfallsskydd-soptunneskydd-bolmen\/"]}]},{"@type":"ImageObject","inLanguage":"nb-NO","@id":"https:\/\/recal-se.tbwebsite.com\/no\/gjerdeogrekkverk\/avfallsskydd-soptunneskydd-bolmen\/#primaryimage","url":"https:\/\/recal-se.tbwebsite.com\/no\/wp-content\/uploads\/sites\/5\/2022\/05\/Bolmen-avfallsskyddad-1-2048x2048-1.png","contentUrl":"https:\/\/recal-se.tbwebsite.com\/no\/wp-content\/uploads\/sites\/5\/2022\/05\/Bolmen-avfallsskyddad-1-2048x2048-1.png","width":1400,"height":1400},{"@type":"BreadcrumbList","@id":"https:\/\/recal-se.tbwebsite.com\/no\/gjerdeogrekkverk\/avfallsskydd-soptunneskydd-bolmen\/#breadcrumb","itemListElement":[{"@type":"ListItem","position":1,"name":"Home","item":"https:\/\/recal-se.tbwebsite.com\/no\/"},{"@type":"ListItem","position":2,"name":"Shop","item":"https:\/\/recal-se.tbwebsite.com\/no\/shop\/"},{"@type":"ListItem","position":3,"name":"Avfallsskydd \/ Soptunneskydd &#8211; Staketstolpe Bolmen"}]},{"@type":"WebSite","@id":"https:\/\/recal-se.tbwebsite.com\/no\/#website","url":"https:\/\/recal-se.tbwebsite.com\/no\/","name":"Recal Norge","description":"Tr\u00e4dg\u00e5rdsprodukter tillverkade i aluminium fr\u00e5n Sm\u00e5land","publisher":{"@id":"https:\/\/recal-se.tbwebsite.com\/no\/#organization"},"potentialAction":[{"@type":"SearchAction","target":{"@type":"EntryPoint","urlTemplate":"https:\/\/recal-se.tbwebsite.com\/no\/?s={search_term_string}"},"query-input":"required name=search_term_string"}],"inLanguage":"nb-NO"},{"@type":"Organization","@id":"https:\/\/recal-se.tbwebsite.com\/no\/#organization","name":"Recal Norge","url":"https:\/\/recal-se.tbwebsite.com\/no\/","logo":{"@type":"ImageObject","inLanguage":"nb-NO","@id":"https:\/\/recal-se.tbwebsite.com\/no\/#\/schema\/logo\/image\/","url":"https:\/\/recal-se.tbwebsite.com\/no\/wp-content\/uploads\/sites\/5\/2020\/06\/recal-logotype_svart_1.png","contentUrl":"https:\/\/recal-se.tbwebsite.com\/no\/wp-content\/uploads\/sites\/5\/2020\/06\/recal-logotype_svart_1.png","width":260,"height":52,"caption":"Recal Norge"},"image":{"@id":"https:\/\/recal-se.tbwebsite.com\/no\/#\/schema\/logo\/image\/"}}]}},"_links":{"self":[{"href":"https:\/\/recal-se.tbwebsite.com\/no\/wp-json\/wp\/v2\/product\/2222"}],"collection":[{"href":"https:\/\/recal-se.tbwebsite.com\/no\/wp-json\/wp\/v2\/product"}],"about":[{"href":"https:\/\/recal-se.tbwebsite.com\/no\/wp-json\/wp\/v2\/types\/product"}],"replies":[{"embeddable":true,"href":"https:\/\/recal-se.tbwebsite.com\/no\/wp-json\/wp\/v2\/comments?post=2222"}],"version-history":[{"count":4,"href":"https:\/\/recal-se.tbwebsite.com\/no\/wp-json\/wp\/v2\/product\/2222\/revisions"}],"predecessor-version":[{"id":5389,"href":"https:\/\/recal-se.tbwebsite.com\/no\/wp-json\/wp\/v2\/product\/2222\/revisions\/5389"}],"wp:featuredmedia":[{"embeddable":true,"href":"https:\/\/recal-se.tbwebsite.com\/no\/wp-json\/wp\/v2\/media\/5384"}],"wp:attachment":[{"href":"https:\/\/recal-se.tbwebsite.com\/no\/wp-json\/wp\/v2\/media?parent=2222"}],"wp:term":[{"taxonomy":"product_cat","embeddable":true,"href":"https:\/\/recal-se.tbwebsite.com\/no\/wp-json\/wp\/v2\/product_cat?post=2222"},{"taxonomy":"product_tag","embeddable":true,"href":"https:\/\/recal-se.tbwebsite.com\/no\/wp-json\/wp\/v2\/product_tag?post=2222"}],"curies":[{"name":"wp","href":"https:\/\/api.w.org\/{rel}","templated":true}]}}