{"id":2141,"date":"2022-05-06T03:27:49","date_gmt":"2022-05-06T03:27:49","guid":{"rendered":"https:\/\/recal-se.tbwebsite.com\/?post_type=product&#038;p=2141"},"modified":"2024-02-13T08:25:18","modified_gmt":"2024-02-13T08:25:18","slug":"diskret-skjerming","status":"publish","type":"product","link":"https:\/\/recal-se.tbwebsite.com\/no\/gjerdeogrekkverk\/diskret-skjerming\/","title":{"rendered":"Diskret &#8211; Skjerming"},"content":{"rendered":"<h4><span id=\"[0,10]\" class=\"word\">Rekkverk<\/span>\/<span id=\"[11,20]\" class=\"word\">skjerming<\/span><br \/>\n<span id=\"[21,24]\" class=\"word\"><\/span><\/h4>\n<p><span id=\"[21,24]\" class=\"word\">V\u00e5r<\/span> gjerdetstolpe gir god <span id=\"[25,38]\" class=\"word\">innsynsskjerm<\/span> <span id=\"[39,41]\" class=\"word\">er<\/span> <span id=\"[42,45]\" class=\"word\">den<\/span> <span id=\"[46,54]\" class=\"word\">perfekte<\/span> <span id=\"[55,60]\" class=\"word\">m\u00e5ten<\/span> <span id=\"[61,62]\" class=\"word\">\u00e5<\/span> <span id=\"[63,70]\" class=\"word\">skjerme<\/span> <span id=\"[71,76]\" class=\"word\">hagen<\/span> <span id=\"[77,82]\" class=\"word\">eller<\/span> <span id=\"[83,92]\" class=\"word\">terrassen<\/span> <span id=\"[93,96]\" class=\"word\">mot<\/span> <span id=\"[97,103]\" class=\"word\">innsyn<\/span>. <span id=\"[105,118]\" class=\"word\">Gjerdestolpen<\/span> <span id=\"[119,121]\" class=\"word\">er<\/span> <span id=\"[122,127]\" class=\"word\">laget<\/span> <span id=\"[128,130]\" class=\"word\">av<\/span> <span id=\"[131,140]\" class=\"word\">aluminium<\/span>, <span id=\"[142,145]\" class=\"word\">noe<\/span> <span id=\"[146,149]\" class=\"word\">som<\/span> <span id=\"[150,153]\" class=\"word\">gir<\/span> <span id=\"[154,158]\" class=\"word\">lang<\/span> <span id=\"[159,166]\" class=\"word\">levetid<\/span> <span id=\"[167,173]\" class=\"word\">takket<\/span> <span id=\"[174,178]\" class=\"word\">v\u00e6re<\/span> <span id=\"[179,182]\" class=\"word\">det<\/span> <span id=\"[183,191]\" class=\"word\">rustfrie<\/span> <span id=\"[192,206]\" class=\"word\">st\u00e5lmaterialet<\/span>. <span id=\"[208,216]\" class=\"word\">Stolpene<\/span> <span id=\"[217,220]\" class=\"word\">har<\/span> <span id=\"[221,223]\" class=\"word\">en<\/span> <span id=\"[224,233]\" class=\"word\">dimensjon<\/span> <span id=\"[234,236]\" class=\"word\">p\u00e5<\/span> <span id=\"[237,239]\" class=\"word\">70<\/span> <span id=\"[240,241]\" class=\"word\">x<\/span> <span id=\"[242,244]\" class=\"word\">70<\/span> <span id=\"[245,247]\" class=\"word\">mm<\/span>, <span id=\"[249,252]\" class=\"word\">med<\/span> <span id=\"[253,255]\" class=\"word\">en<\/span> <span id=\"[256,272]\" class=\"word\">materialtykkelse<\/span> <span id=\"[273,275]\" class=\"word\">p\u00e5<\/span> <span id=\"[276,277]\" class=\"word\">2<\/span> <span id=\"[278,280]\" class=\"word\">mm<\/span>. <span id=\"[282,287]\" class=\"word\">Dette<\/span> <span id=\"[288,292]\" class=\"word\">gj\u00f8r<\/span> <span id=\"[293,296]\" class=\"word\">den<\/span> <span id=\"[297,300]\" class=\"word\">til<\/span> <span id=\"[301,303]\" class=\"word\">en<\/span> <span id=\"[304,310]\" class=\"word\">stabil<\/span> <span id=\"[311,313]\" class=\"word\">og<\/span> <span id=\"[314,319]\" class=\"word\">solid<\/span> <span id=\"[320,332]\" class=\"word\">gjerdestolpe<\/span> <span id=\"[333,336]\" class=\"word\">som<\/span> <span id=\"[337,339]\" class=\"word\">du<\/span> <span id=\"[340,344]\" class=\"word\">ogs\u00e5<\/span> <span id=\"[345,348]\" class=\"word\">kan<\/span> <span id=\"[349,354]\" class=\"word\">velge<\/span> <span id=\"[355,360]\" class=\"word\">farge<\/span> <span id=\"[361,363]\" class=\"word\">p\u00e5<\/span>. <span id=\"[365,373]\" class=\"word\">Stolpene<\/span> <span id=\"[374,376]\" class=\"word\">er<\/span> <span id=\"[377,390]\" class=\"word\">tilgjengelige<\/span> <span id=\"[391,392]\" class=\"word\">i<\/span> <span id=\"[393,396]\" class=\"word\">tre<\/span> <span id=\"[397,403]\" class=\"word\">farger<\/span>: <span id=\"[405,419]\" class=\"word\">naturanodisert<\/span>, <span id=\"[421,432]\" class=\"word\">hvitlakkert<\/span> (<span id=\"[434,437]\" class=\"word\">RAL<\/span> <span id=\"[438,442]\" class=\"word\">9010<\/span>) <span id=\"[444,449]\" class=\"word\">eller<\/span> <span id=\"[450,454]\" class=\"word\">matt<\/span> <span id=\"[455,460]\" class=\"word\">svart<\/span> (<span id=\"[462,465]\" class=\"word\">RAL<\/span> <span id=\"[466,470]\" class=\"word\">9005<\/span>).<\/p>\n<p><span id=\"[474,478]\" class=\"word\">Bygg<\/span> <span id=\"[479,482]\" class=\"word\">kun<\/span> <span id=\"[483,486]\" class=\"word\">for<\/span> <span id=\"[487,488]\" class=\"word\">\u00e5<\/span> <span id=\"[489,497]\" class=\"word\">beskytte<\/span> <span id=\"[498,501]\" class=\"word\">mot<\/span> <span id=\"[502,506]\" class=\"word\">vind<\/span> <span id=\"[507,512]\" class=\"word\">eller<\/span> <span id=\"[513,520]\" class=\"word\">skjerme<\/span> <span id=\"[521,524]\" class=\"word\">mot<\/span> <span id=\"[525,531]\" class=\"word\">naboer<\/span>.<\/p>\n<p><span id=\"[534,537]\" class=\"word\">Med<\/span> <span id=\"[538,546]\" class=\"word\">valgfrie<\/span> <span id=\"[547,553]\" class=\"word\">h\u00f8yder<\/span> <span id=\"[554,560]\" class=\"word\">s\u00f8rger<\/span> <span id=\"[561,573]\" class=\"word\">skjermveggen<\/span> <span id=\"[574,577]\" class=\"word\">v\u00e5r<\/span> <span id=\"[578,581]\" class=\"word\">for<\/span> <span id=\"[582,584]\" class=\"word\">at<\/span> <span id=\"[585,595]\" class=\"word\">uteplassen<\/span> <span id=\"[596,598]\" class=\"word\">er<\/span> <span id=\"[599,608]\" class=\"word\">innrammet<\/span> <span id=\"[609,611]\" class=\"word\">og<\/span> <span id=\"[612,620]\" class=\"word\">skjermet<\/span> <span id=\"[621,624]\" class=\"word\">fra<\/span> <span id=\"[625,631]\" class=\"word\">naboer<\/span>, <span id=\"[633,641]\" class=\"word\">samtidig<\/span> <span id=\"[642,645]\" class=\"word\">som<\/span> <span id=\"[646,649]\" class=\"word\">den<\/span> <span id=\"[650,656]\" class=\"word\">rammer<\/span> <span id=\"[657,660]\" class=\"word\">inn<\/span> <span id=\"[661,666]\" class=\"word\">huset<\/span> <span id=\"[667,669]\" class=\"word\">og<\/span> <span id=\"[670,676]\" class=\"word\">setter<\/span> <span id=\"[677,685]\" class=\"word\">tydelige<\/span> <span id=\"[686,693]\" class=\"word\">grenser<\/span> <span id=\"[694,697]\" class=\"word\">for<\/span> <span id=\"[698,708]\" class=\"word\">eiendommen<\/span>. <span id=\"[710,714]\" class=\"word\">Bruk<\/span> <span id=\"[715,728]\" class=\"word\">hj\u00f8rnestolper<\/span>, <span id=\"[730,741]\" class=\"word\">midtstolper<\/span> <span id=\"[742,744]\" class=\"word\">og<\/span> <span id=\"[745,756]\" class=\"word\">endestolper<\/span> <span id=\"[757,760]\" class=\"word\">for<\/span> <span id=\"[761,762]\" class=\"word\">\u00e5<\/span> <span id=\"[763,768]\" class=\"word\">bygge<\/span> <span id=\"[769,771]\" class=\"word\">et<\/span> <span id=\"[772,778]\" class=\"word\">gjerde<\/span> <span id=\"[779,782]\" class=\"word\">som<\/span> <span id=\"[783,789]\" class=\"word\">passer<\/span> <span id=\"[790,793]\" class=\"word\">din<\/span> <span id=\"[794,803]\" class=\"word\">situasjon<\/span>. <span id=\"[805,818]\" class=\"word\">Gjerdestolpen<\/span> <span id=\"[819,822]\" class=\"word\">fra<\/span> <span id=\"[823,828]\" class=\"word\">H\u00e4ren<\/span> <span id=\"[829,831]\" class=\"word\">er<\/span> <span id=\"[832,834]\" class=\"word\">et<\/span> <span id=\"[835,840]\" class=\"word\">solid<\/span> <span id=\"[841,847]\" class=\"word\">gjerde<\/span> <span id=\"[848,851]\" class=\"word\">som<\/span> <span id=\"[852,860]\" class=\"word\">virkelig<\/span> <span id=\"[861,864]\" class=\"word\">vil<\/span> <span id=\"[865,873]\" class=\"word\">fremheve<\/span> <span id=\"[874,879]\" class=\"word\">hagen<\/span> <span id=\"[880,883]\" class=\"word\">din<\/span> <span id=\"[884,886]\" class=\"word\">og<\/span> <span id=\"[887,892]\" class=\"word\">gj\u00f8re<\/span> <span id=\"[893,903]\" class=\"word\">uteplassen<\/span> <span id=\"[904,907]\" class=\"word\">mer<\/span> <span id=\"[908,915]\" class=\"word\">koselig<\/span> <span id=\"[916,918]\" class=\"word\">og<\/span> <span id=\"[919,925]\" class=\"word\">privat<\/span> <span id=\"[926,929]\" class=\"word\">med<\/span> <span id=\"[930,936]\" class=\"word\">\u00f8nsket<\/span> <span id=\"[937,948]\" class=\"word\">avskjerming<\/span>.<\/p>\n<p>&nbsp;<\/p>\n<p><span id=\"[0,6]\" class=\"word\">Regler<\/span><br \/>\n<span id=\"[7,11]\" class=\"word\">1460<\/span> <span id=\"[12,14]\" class=\"word\">mm<\/span> <span id=\"[15,17]\" class=\"word\">14<\/span> <span id=\"[18,22]\" class=\"word\">hull<\/span><\/p>\n<p><span id=\"[24,28]\" class=\"word\">1840<\/span> <span id=\"[29,31]\" class=\"word\">mm<\/span> <span id=\"[32,34]\" class=\"word\">18<\/span> <span id=\"[35,39]\" class=\"word\">hull<\/span><\/p>\n<p><span id=\"[41,50]\" class=\"word\">Avstanden<\/span> <span id=\"[51,57]\" class=\"word\">mellom<\/span> <span id=\"[58,64]\" class=\"word\">bakken<\/span> <span id=\"[65,67]\" class=\"word\">og<\/span> <span id=\"[68,71]\" class=\"word\">den<\/span> <span id=\"[72,78]\" class=\"word\">f\u00f8rste<\/span> <span id=\"[79,86]\" class=\"word\">regelen<\/span> <span id=\"[87,89]\" class=\"word\">er<\/span> <span id=\"[90,92]\" class=\"word\">10<\/span> <span id=\"[93,95]\" class=\"word\">cm<\/span>. <span id=\"[97,106]\" class=\"word\">Avstanden<\/span> <span id=\"[107,113]\" class=\"word\">mellom<\/span> <span id=\"[114,122]\" class=\"word\">bjelkene<\/span> <span id=\"[123,125]\" class=\"word\">er<\/span> <span id=\"[126,129]\" class=\"word\">0,5<\/span> <span id=\"[130,132]\" class=\"word\">cm<\/span>. <span id=\"[134,141]\" class=\"word\">Hullene<\/span> <span id=\"[142,144]\" class=\"word\">er<\/span> <span id=\"[145,147]\" class=\"word\">23<\/span> <span id=\"[148,149]\" class=\"word\">x<\/span> <span id=\"[150,152]\" class=\"word\">97<\/span> <span id=\"[153,155]\" class=\"word\">mm<\/span>.<\/p>\n<p>Gjerdestolpe<br \/>\nHusk \u00e5 bestille riktig type stolpe til form\u00e5let (midtstolpe, hj\u00f8rnestolpe, endestolpe).<\/p>\n<p>Stolpehatt<br \/>\nStolpehettene er tilgjengelige i svart plast eller aluminium i valgfri farge.<\/p>\n<p>Stolpefot<br \/>\nHusk \u00e5 bestille en stolpefot til hver stolpe.<\/p>\n<p>Installasjon<br \/>\nKj\u00f8p 21&#215;95 mm impregnert trevirke i ditt lokale byggvarehus. Pass p\u00e5 at t\u00f8mmeret ikke har svellet for mye (det gj\u00f8r monteringen vanskelig), s\u00e5 trenger du ogs\u00e5 f\u00f8lgende verkt\u00f8y:<\/p>\n<p>M\u00e5leb\u00e5nd<br \/>\nSkrutrekker med bits og bor<br \/>\nGummihammer (for \u00e5 montere foten p\u00e5 stangen)<\/p>\n<p>Monter skinnene ved hjelp av braketten p\u00e5 baksiden av stolpene, og monter alltid gjerdet slik at det st\u00e5r stabilt &#8211; vi anbefaler maks. 130- 150 cm mellom stolpene og at du alltid plasserer stolpene f\u00f8r du skrur fast t\u00f8mmeret for \u00e5 sikre at bestillingen blir riktig.<\/p>\n<p>&nbsp;<\/p>\n<p><a href=\"https:\/\/recal.se\/wp-content\/uploads\/2021\/06\/recal-forklaring_stolpvarianter-scaled.jpg\" target=\"_blank\" rel=\"noopener\">Monteringsprincip<\/a><\/p>\n","protected":false},"excerpt":{"rendered":"<h4><span id=\"[0,10]\" class=\"word\">Rekkverk<\/span>\/<span id=\"[11,20]\" class=\"word\">skjerming<\/span><br \/>\n<span id=\"[21,24]\" class=\"word\"><\/span><\/h4>\n<p><span id=\"[21,24]\" class=\"word\">V\u00e5r<\/span> gjerdetstolpe gir god <span id=\"[25,38]\" class=\"word\">innsynsskjerm<\/span> <span id=\"[39,41]\" class=\"word\">er<\/span> <span id=\"[42,45]\" class=\"word\">den<\/span> <span id=\"[46,54]\" class=\"word\">perfekte<\/span> <span id=\"[55,60]\" class=\"word\">m\u00e5ten<\/span> <span id=\"[61,62]\" class=\"word\">\u00e5<\/span> <span id=\"[63,70]\" class=\"word\">skjerme<\/span> <span id=\"[71,76]\" class=\"word\">hagen<\/span> <span id=\"[77,82]\" class=\"word\">eller<\/span> <span id=\"[83,92]\" class=\"word\">terrassen<\/span> <span id=\"[93,96]\" class=\"word\">mot<\/span> <span id=\"[97,103]\" class=\"word\">innsyn<\/span>. <span id=\"[105,118]\" class=\"word\">Gjerdestolpen<\/span> <span id=\"[119,121]\" class=\"word\">er<\/span> <span id=\"[122,127]\" class=\"word\">laget<\/span> <span id=\"[128,130]\" class=\"word\">av<\/span> <span id=\"[131,140]\" class=\"word\">aluminium<\/span>, <span id=\"[142,145]\" class=\"word\">noe<\/span> <span id=\"[146,149]\" class=\"word\">som<\/span> <span id=\"[150,153]\" class=\"word\">gir<\/span> <span id=\"[154,158]\" class=\"word\">lang<\/span> <span id=\"[159,166]\" class=\"word\">levetid<\/span> <span id=\"[167,173]\" class=\"word\">takket<\/span> <span id=\"[174,178]\" class=\"word\">v\u00e6re<\/span> <span id=\"[179,182]\" class=\"word\">det<\/span> <span id=\"[183,191]\" class=\"word\">rustfrie<\/span> <span id=\"[192,206]\" class=\"word\">st\u00e5lmaterialet<\/span>. <span id=\"[208,216]\" class=\"word\">Stolpene<\/span> <span id=\"[217,220]\" class=\"word\">har<\/span> <span id=\"[221,223]\" class=\"word\">en<\/span> <span id=\"[224,233]\" class=\"word\">dimensjon<\/span> <span id=\"[234,236]\" class=\"word\">p\u00e5<\/span> <span id=\"[237,239]\" class=\"word\">70<\/span> <span id=\"[240,241]\" class=\"word\">x<\/span> <span id=\"[242,244]\" class=\"word\">70<\/span> <span id=\"[245,247]\" class=\"word\">mm<\/span>, <span id=\"[249,252]\" class=\"word\">med<\/span> <span id=\"[253,255]\" class=\"word\">en<\/span> <span id=\"[256,272]\" class=\"word\">materialtykkelse<\/span> <span id=\"[273,275]\" class=\"word\">p\u00e5<\/span> <span id=\"[276,277]\" class=\"word\">2<\/span> <span id=\"[278,280]\" class=\"word\">mm<\/span>. <span id=\"[282,287]\" class=\"word\">Dette<\/span> <span id=\"[288,292]\" class=\"word\">gj\u00f8r<\/span> <span id=\"[293,296]\" class=\"word\">den<\/span> <span id=\"[297,300]\" class=\"word\">til<\/span> <span id=\"[301,303]\" class=\"word\">en<\/span> <span id=\"[304,310]\" class=\"word\">stabil<\/span> <span id=\"[311,313]\" class=\"word\">og<\/span> <span id=\"[314,319]\" class=\"word\">solid<\/span> <span id=\"[320,332]\" class=\"word\">gjerdestolpe<\/span> <span id=\"[333,336]\" class=\"word\">som<\/span> <span id=\"[337,339]\" class=\"word\">du<\/span> <span id=\"[340,344]\" class=\"word\">ogs\u00e5<\/span> <span id=\"[345,348]\" class=\"word\">kan<\/span> <span id=\"[349,354]\" class=\"word\">velge<\/span> <span id=\"[355,360]\" class=\"word\">farge<\/span> <span id=\"[361,363]\" class=\"word\">p\u00e5<\/span>. <span id=\"[365,373]\" class=\"word\">Stolpene<\/span> <span id=\"[374,376]\" class=\"word\">er<\/span> <span id=\"[377,390]\" class=\"word\">tilgjengelige<\/span> <span id=\"[391,392]\" class=\"word\">i<\/span> <span id=\"[393,396]\" class=\"word\">tre<\/span> <span id=\"[397,403]\" class=\"word\">farger<\/span>: <span id=\"[405,419]\" class=\"word\">naturanodisert<\/span>, <span id=\"[421,432]\" class=\"word\">hvitlakkert<\/span> (<span id=\"[434,437]\" class=\"word\">RAL<\/span> <span id=\"[438,442]\" class=\"word\">9010<\/span>) <span id=\"[444,449]\" class=\"word\">eller<\/span> <span id=\"[450,454]\" class=\"word\">matt<\/span> <span id=\"[455,460]\" class=\"word\">svart<\/span> (<span id=\"[462,465]\" class=\"word\">RAL<\/span> <span id=\"[466,470]\" class=\"word\">9005<\/span>)<\/p>\n","protected":false},"featured_media":5403,"comment_status":"open","ping_status":"closed","template":"","meta":{"_acf_changed":false},"product_cat":[349,16],"product_tag":[335],"composite_virtual":false,"composite_layout":"","composite_add_to_cart_form_location":"","composite_editable_in_cart":false,"composite_sold_individually_context":"","composite_shop_price_calc":"","composite_components":[],"composite_scenarios":[],"acf":[],"yoast_head":"<!-- This site is optimized with the Yoast SEO plugin v22.2 - https:\/\/yoast.com\/wordpress\/plugins\/seo\/ -->\n<title>Staketstolpe Diskret - Skjerming - Recal Norge<\/title>\n<meta name=\"description\" content=\"V\u00e5r gjerdetstolpe gir god innsynsskjerm er den perfekte m\u00e5ten \u00e5 skjerme hagen eller terrassen mot innsyn. Gjerdestolpen er laget av aluminium, noe som gir lang levetid takket v\u00e6re det rustfrie st\u00e5lmaterialet.\" \/>\n<meta name=\"robots\" content=\"index, follow, max-snippet:-1, max-image-preview:large, max-video-preview:-1\" \/>\n<link rel=\"canonical\" href=\"https:\/\/recal-se.tbwebsite.com\/no\/gjerdeogrekkverk\/diskret-skjerming\/\" \/>\n<meta property=\"og:locale\" content=\"nb_NO\" \/>\n<meta property=\"og:type\" content=\"article\" \/>\n<meta property=\"og:title\" content=\"Staketstolpe Diskret - Skjerming - Recal Norge\" \/>\n<meta property=\"og:description\" content=\"V\u00e5r gjerdetstolpe gir god innsynsskjerm er den perfekte m\u00e5ten \u00e5 skjerme hagen eller terrassen mot innsyn. Gjerdestolpen er laget av aluminium, noe som gir lang levetid takket v\u00e6re det rustfrie st\u00e5lmaterialet.\" \/>\n<meta property=\"og:url\" content=\"https:\/\/recal-se.tbwebsite.com\/no\/gjerdeogrekkverk\/diskret-skjerming\/\" \/>\n<meta property=\"og:site_name\" content=\"Recal Norge\" \/>\n<meta property=\"article:modified_time\" content=\"2024-02-13T08:25:18+00:00\" \/>\n<meta property=\"og:image\" content=\"https:\/\/recal-se.tbwebsite.com\/no\/wp-content\/uploads\/sites\/5\/2022\/05\/Avskarmning-2048x1365-1-1.png\" \/>\n\t<meta property=\"og:image:width\" content=\"1730\" \/>\n\t<meta property=\"og:image:height\" content=\"1729\" \/>\n\t<meta property=\"og:image:type\" content=\"image\/png\" \/>\n<meta name=\"twitter:card\" content=\"summary_large_image\" \/>\n<meta name=\"twitter:label1\" content=\"Ansl. lesetid\" \/>\n\t<meta name=\"twitter:data1\" content=\"2 minutter\" \/>\n<script type=\"application\/ld+json\" class=\"yoast-schema-graph\">{\"@context\":\"https:\/\/schema.org\",\"@graph\":[{\"@type\":\"WebPage\",\"@id\":\"https:\/\/recal-se.tbwebsite.com\/no\/gjerdeogrekkverk\/diskret-skjerming\/\",\"url\":\"https:\/\/recal-se.tbwebsite.com\/no\/gjerdeogrekkverk\/diskret-skjerming\/\",\"name\":\"Staketstolpe Diskret - Skjerming - Recal Norge\",\"isPartOf\":{\"@id\":\"https:\/\/recal-se.tbwebsite.com\/no\/#website\"},\"primaryImageOfPage\":{\"@id\":\"https:\/\/recal-se.tbwebsite.com\/no\/gjerdeogrekkverk\/diskret-skjerming\/#primaryimage\"},\"image\":{\"@id\":\"https:\/\/recal-se.tbwebsite.com\/no\/gjerdeogrekkverk\/diskret-skjerming\/#primaryimage\"},\"thumbnailUrl\":\"https:\/\/recal-se.tbwebsite.com\/no\/wp-content\/uploads\/sites\/5\/2022\/05\/Avskarmning-2048x1365-1-1.png\",\"datePublished\":\"2022-05-06T03:27:49+00:00\",\"dateModified\":\"2024-02-13T08:25:18+00:00\",\"description\":\"V\u00e5r gjerdetstolpe gir god innsynsskjerm er den perfekte m\u00e5ten \u00e5 skjerme hagen eller terrassen mot innsyn. Gjerdestolpen er laget av aluminium, noe som gir lang levetid takket v\u00e6re det rustfrie st\u00e5lmaterialet.\",\"breadcrumb\":{\"@id\":\"https:\/\/recal-se.tbwebsite.com\/no\/gjerdeogrekkverk\/diskret-skjerming\/#breadcrumb\"},\"inLanguage\":\"nb-NO\",\"potentialAction\":[{\"@type\":\"ReadAction\",\"target\":[\"https:\/\/recal-se.tbwebsite.com\/no\/gjerdeogrekkverk\/diskret-skjerming\/\"]}]},{\"@type\":\"ImageObject\",\"inLanguage\":\"nb-NO\",\"@id\":\"https:\/\/recal-se.tbwebsite.com\/no\/gjerdeogrekkverk\/diskret-skjerming\/#primaryimage\",\"url\":\"https:\/\/recal-se.tbwebsite.com\/no\/wp-content\/uploads\/sites\/5\/2022\/05\/Avskarmning-2048x1365-1-1.png\",\"contentUrl\":\"https:\/\/recal-se.tbwebsite.com\/no\/wp-content\/uploads\/sites\/5\/2022\/05\/Avskarmning-2048x1365-1-1.png\",\"width\":1730,\"height\":1729},{\"@type\":\"BreadcrumbList\",\"@id\":\"https:\/\/recal-se.tbwebsite.com\/no\/gjerdeogrekkverk\/diskret-skjerming\/#breadcrumb\",\"itemListElement\":[{\"@type\":\"ListItem\",\"position\":1,\"name\":\"Home\",\"item\":\"https:\/\/recal-se.tbwebsite.com\/no\/\"},{\"@type\":\"ListItem\",\"position\":2,\"name\":\"Shop\",\"item\":\"https:\/\/recal-se.tbwebsite.com\/no\/shop\/\"},{\"@type\":\"ListItem\",\"position\":3,\"name\":\"Diskret &#8211; Skjerming\"}]},{\"@type\":\"WebSite\",\"@id\":\"https:\/\/recal-se.tbwebsite.com\/no\/#website\",\"url\":\"https:\/\/recal-se.tbwebsite.com\/no\/\",\"name\":\"Recal Norge\",\"description\":\"Tr\u00e4dg\u00e5rdsprodukter tillverkade i aluminium fr\u00e5n Sm\u00e5land\",\"publisher\":{\"@id\":\"https:\/\/recal-se.tbwebsite.com\/no\/#organization\"},\"potentialAction\":[{\"@type\":\"SearchAction\",\"target\":{\"@type\":\"EntryPoint\",\"urlTemplate\":\"https:\/\/recal-se.tbwebsite.com\/no\/?s={search_term_string}\"},\"query-input\":\"required name=search_term_string\"}],\"inLanguage\":\"nb-NO\"},{\"@type\":\"Organization\",\"@id\":\"https:\/\/recal-se.tbwebsite.com\/no\/#organization\",\"name\":\"Recal Norge\",\"url\":\"https:\/\/recal-se.tbwebsite.com\/no\/\",\"logo\":{\"@type\":\"ImageObject\",\"inLanguage\":\"nb-NO\",\"@id\":\"https:\/\/recal-se.tbwebsite.com\/no\/#\/schema\/logo\/image\/\",\"url\":\"https:\/\/recal-se.tbwebsite.com\/no\/wp-content\/uploads\/sites\/5\/2020\/06\/recal-logotype_svart_1.png\",\"contentUrl\":\"https:\/\/recal-se.tbwebsite.com\/no\/wp-content\/uploads\/sites\/5\/2020\/06\/recal-logotype_svart_1.png\",\"width\":260,\"height\":52,\"caption\":\"Recal Norge\"},\"image\":{\"@id\":\"https:\/\/recal-se.tbwebsite.com\/no\/#\/schema\/logo\/image\/\"}}]}<\/script>\n<!-- \/ Yoast SEO plugin. -->","yoast_head_json":{"title":"Staketstolpe Diskret - Skjerming - Recal Norge","description":"V\u00e5r gjerdetstolpe gir god innsynsskjerm er den perfekte m\u00e5ten \u00e5 skjerme hagen eller terrassen mot innsyn. Gjerdestolpen er laget av aluminium, noe som gir lang levetid takket v\u00e6re det rustfrie st\u00e5lmaterialet.","robots":{"index":"index","follow":"follow","max-snippet":"max-snippet:-1","max-image-preview":"max-image-preview:large","max-video-preview":"max-video-preview:-1"},"canonical":"https:\/\/recal-se.tbwebsite.com\/no\/gjerdeogrekkverk\/diskret-skjerming\/","og_locale":"nb_NO","og_type":"article","og_title":"Staketstolpe Diskret - Skjerming - Recal Norge","og_description":"V\u00e5r gjerdetstolpe gir god innsynsskjerm er den perfekte m\u00e5ten \u00e5 skjerme hagen eller terrassen mot innsyn. Gjerdestolpen er laget av aluminium, noe som gir lang levetid takket v\u00e6re det rustfrie st\u00e5lmaterialet.","og_url":"https:\/\/recal-se.tbwebsite.com\/no\/gjerdeogrekkverk\/diskret-skjerming\/","og_site_name":"Recal Norge","article_modified_time":"2024-02-13T08:25:18+00:00","og_image":[{"width":1730,"height":1729,"url":"https:\/\/recal-se.tbwebsite.com\/no\/wp-content\/uploads\/sites\/5\/2022\/05\/Avskarmning-2048x1365-1-1.png","type":"image\/png"}],"twitter_card":"summary_large_image","twitter_misc":{"Ansl. lesetid":"2 minutter"},"schema":{"@context":"https:\/\/schema.org","@graph":[{"@type":"WebPage","@id":"https:\/\/recal-se.tbwebsite.com\/no\/gjerdeogrekkverk\/diskret-skjerming\/","url":"https:\/\/recal-se.tbwebsite.com\/no\/gjerdeogrekkverk\/diskret-skjerming\/","name":"Staketstolpe Diskret - Skjerming - Recal Norge","isPartOf":{"@id":"https:\/\/recal-se.tbwebsite.com\/no\/#website"},"primaryImageOfPage":{"@id":"https:\/\/recal-se.tbwebsite.com\/no\/gjerdeogrekkverk\/diskret-skjerming\/#primaryimage"},"image":{"@id":"https:\/\/recal-se.tbwebsite.com\/no\/gjerdeogrekkverk\/diskret-skjerming\/#primaryimage"},"thumbnailUrl":"https:\/\/recal-se.tbwebsite.com\/no\/wp-content\/uploads\/sites\/5\/2022\/05\/Avskarmning-2048x1365-1-1.png","datePublished":"2022-05-06T03:27:49+00:00","dateModified":"2024-02-13T08:25:18+00:00","description":"V\u00e5r gjerdetstolpe gir god innsynsskjerm er den perfekte m\u00e5ten \u00e5 skjerme hagen eller terrassen mot innsyn. Gjerdestolpen er laget av aluminium, noe som gir lang levetid takket v\u00e6re det rustfrie st\u00e5lmaterialet.","breadcrumb":{"@id":"https:\/\/recal-se.tbwebsite.com\/no\/gjerdeogrekkverk\/diskret-skjerming\/#breadcrumb"},"inLanguage":"nb-NO","potentialAction":[{"@type":"ReadAction","target":["https:\/\/recal-se.tbwebsite.com\/no\/gjerdeogrekkverk\/diskret-skjerming\/"]}]},{"@type":"ImageObject","inLanguage":"nb-NO","@id":"https:\/\/recal-se.tbwebsite.com\/no\/gjerdeogrekkverk\/diskret-skjerming\/#primaryimage","url":"https:\/\/recal-se.tbwebsite.com\/no\/wp-content\/uploads\/sites\/5\/2022\/05\/Avskarmning-2048x1365-1-1.png","contentUrl":"https:\/\/recal-se.tbwebsite.com\/no\/wp-content\/uploads\/sites\/5\/2022\/05\/Avskarmning-2048x1365-1-1.png","width":1730,"height":1729},{"@type":"BreadcrumbList","@id":"https:\/\/recal-se.tbwebsite.com\/no\/gjerdeogrekkverk\/diskret-skjerming\/#breadcrumb","itemListElement":[{"@type":"ListItem","position":1,"name":"Home","item":"https:\/\/recal-se.tbwebsite.com\/no\/"},{"@type":"ListItem","position":2,"name":"Shop","item":"https:\/\/recal-se.tbwebsite.com\/no\/shop\/"},{"@type":"ListItem","position":3,"name":"Diskret &#8211; Skjerming"}]},{"@type":"WebSite","@id":"https:\/\/recal-se.tbwebsite.com\/no\/#website","url":"https:\/\/recal-se.tbwebsite.com\/no\/","name":"Recal Norge","description":"Tr\u00e4dg\u00e5rdsprodukter tillverkade i aluminium fr\u00e5n Sm\u00e5land","publisher":{"@id":"https:\/\/recal-se.tbwebsite.com\/no\/#organization"},"potentialAction":[{"@type":"SearchAction","target":{"@type":"EntryPoint","urlTemplate":"https:\/\/recal-se.tbwebsite.com\/no\/?s={search_term_string}"},"query-input":"required name=search_term_string"}],"inLanguage":"nb-NO"},{"@type":"Organization","@id":"https:\/\/recal-se.tbwebsite.com\/no\/#organization","name":"Recal Norge","url":"https:\/\/recal-se.tbwebsite.com\/no\/","logo":{"@type":"ImageObject","inLanguage":"nb-NO","@id":"https:\/\/recal-se.tbwebsite.com\/no\/#\/schema\/logo\/image\/","url":"https:\/\/recal-se.tbwebsite.com\/no\/wp-content\/uploads\/sites\/5\/2020\/06\/recal-logotype_svart_1.png","contentUrl":"https:\/\/recal-se.tbwebsite.com\/no\/wp-content\/uploads\/sites\/5\/2020\/06\/recal-logotype_svart_1.png","width":260,"height":52,"caption":"Recal Norge"},"image":{"@id":"https:\/\/recal-se.tbwebsite.com\/no\/#\/schema\/logo\/image\/"}}]}},"_links":{"self":[{"href":"https:\/\/recal-se.tbwebsite.com\/no\/wp-json\/wp\/v2\/product\/2141"}],"collection":[{"href":"https:\/\/recal-se.tbwebsite.com\/no\/wp-json\/wp\/v2\/product"}],"about":[{"href":"https:\/\/recal-se.tbwebsite.com\/no\/wp-json\/wp\/v2\/types\/product"}],"replies":[{"embeddable":true,"href":"https:\/\/recal-se.tbwebsite.com\/no\/wp-json\/wp\/v2\/comments?post=2141"}],"version-history":[{"count":6,"href":"https:\/\/recal-se.tbwebsite.com\/no\/wp-json\/wp\/v2\/product\/2141\/revisions"}],"predecessor-version":[{"id":15044,"href":"https:\/\/recal-se.tbwebsite.com\/no\/wp-json\/wp\/v2\/product\/2141\/revisions\/15044"}],"wp:featuredmedia":[{"embeddable":true,"href":"https:\/\/recal-se.tbwebsite.com\/no\/wp-json\/wp\/v2\/media\/5403"}],"wp:attachment":[{"href":"https:\/\/recal-se.tbwebsite.com\/no\/wp-json\/wp\/v2\/media?parent=2141"}],"wp:term":[{"taxonomy":"product_cat","embeddable":true,"href":"https:\/\/recal-se.tbwebsite.com\/no\/wp-json\/wp\/v2\/product_cat?post=2141"},{"taxonomy":"product_tag","embeddable":true,"href":"https:\/\/recal-se.tbwebsite.com\/no\/wp-json\/wp\/v2\/product_tag?post=2141"}],"curies":[{"name":"wp","href":"https:\/\/api.w.org\/{rel}","templated":true}]}}