{"id":197,"date":"2020-05-14T14:00:19","date_gmt":"2020-05-14T14:00:19","guid":{"rendered":"https:\/\/recal-se.tbwebsite.com\/?post_type=product&#038;p=197"},"modified":"2024-02-13T08:25:24","modified_gmt":"2024-02-13T08:25:24","slug":"hindsen","status":"publish","type":"product","link":"https:\/\/recal-se.tbwebsite.com\/no\/gjerdeogrekkverk\/hindsen\/","title":{"rendered":"Hindsen"},"content":{"rendered":"<p><span id=\"[0,7]\" class=\"word\">Hindsen<\/span> <span id=\"[8,20]\" class=\"word\">gjerdestolpe<\/span><\/p>\n<p><span id=\"[22,29]\" class=\"word\">Hindsen<\/span> <span id=\"[30,46]\" class=\"word\">aluminiumsgjerde<\/span> <span id=\"[47,49]\" class=\"word\">er<\/span> <span id=\"[50,55]\" class=\"word\">laget<\/span> <span id=\"[56,58]\" class=\"word\">av<\/span> <span id=\"[59,62]\" class=\"word\">100<\/span> <span id=\"[63,64]\" class=\"word\">%<\/span> <span id=\"[65,74]\" class=\"word\">aluminium<\/span> <span id=\"[75,77]\" class=\"word\">og<\/span> <span id=\"[78,81]\" class=\"word\">gir<\/span> <span id=\"[82,87]\" class=\"word\">hagen<\/span> <span id=\"[88,91]\" class=\"word\">din<\/span> <span id=\"[92,94]\" class=\"word\">et<\/span> <span id=\"[95,105]\" class=\"word\">luksuri\u00f8st<\/span> <span id=\"[106,110]\" class=\"word\">inntrykk<\/span>. <span id=\"[112,119]\" class=\"word\">Gjerdet<\/span> <span id=\"[120,128]\" class=\"word\">monteres<\/span> <span id=\"[129,132]\" class=\"word\">med<\/span> <span id=\"[133,138]\" class=\"word\">runde<\/span> <span id=\"[139,152]\" class=\"word\">aluminiumsr\u00f8r<\/span> <span id=\"[153,156]\" class=\"word\">som<\/span> <span id=\"[157,164]\" class=\"word\">trekkes<\/span> <span id=\"[165,172]\" class=\"word\">gjennom<\/span> <span id=\"[173,180]\" class=\"word\">stolpen<\/span>. <span id=\"[182,190]\" class=\"word\">Modellen<\/span> <span id=\"[191,197]\" class=\"word\">passer<\/span> <span id=\"[198,205]\" class=\"word\">perfekt<\/span> <span id=\"[206,209]\" class=\"word\">som<\/span> <span id=\"[210,216]\" class=\"word\">gjerde<\/span>!<\/p>\n<p><span id=\"[219,227]\" class=\"word\">Stolpene<\/span> <span id=\"[228,230]\" class=\"word\">er<\/span> <span id=\"[231,236]\" class=\"word\">laget<\/span> <span id=\"[237,239]\" class=\"word\">av<\/span> <span id=\"[240,249]\" class=\"word\">aluminium<\/span> <span id=\"[250,252]\" class=\"word\">og<\/span> <span id=\"[253,256]\" class=\"word\">har<\/span> <span id=\"[257,259]\" class=\"word\">en<\/span> <span id=\"[260,269]\" class=\"word\">dimensjon<\/span> <span id=\"[270,272]\" class=\"word\">p\u00e5<\/span> <span id=\"[273,275]\" class=\"word\">70<\/span> <span id=\"[276,277]\" class=\"word\">x<\/span> <span id=\"[278,280]\" class=\"word\">70<\/span> <span id=\"[281,283]\" class=\"word\">mm<\/span>. <span id=\"[285,294]\" class=\"word\">Tykkelsen<\/span> <span id=\"[295,297]\" class=\"word\">p\u00e5<\/span> <span id=\"[298,308]\" class=\"word\">materialet<\/span> <span id=\"[309,311]\" class=\"word\">er<\/span> <span id=\"[312,313]\" class=\"word\">2<\/span> <span id=\"[314,316]\" class=\"word\">mm<\/span>, <span id=\"[318,321]\" class=\"word\">noe<\/span> <span id=\"[322,325]\" class=\"word\">som<\/span> <span id=\"[326,330]\" class=\"word\">gj\u00f8r<\/span> <span id=\"[331,339]\" class=\"word\">stolpene<\/span> <span id=\"[340,344]\" class=\"word\">b\u00e5de<\/span> <span id=\"[345,352]\" class=\"word\">stabile<\/span> <span id=\"[353,355]\" class=\"word\">og<\/span> <span id=\"[356,362]\" class=\"word\">solide<\/span>. <span id=\"[364,372]\" class=\"word\">Stolpene<\/span> <span id=\"[373,376]\" class=\"word\">kan<\/span> <span id=\"[377,384]\" class=\"word\">leveres<\/span> <span id=\"[385,398]\" class=\"word\">natureloksert<\/span> <span id=\"[399,404]\" class=\"word\">eller<\/span> <span id=\"[405,412]\" class=\"word\">lakkert<\/span> <span id=\"[413,414]\" class=\"word\">i<\/span> <span id=\"[415,420]\" class=\"word\">enten<\/span> <span id=\"[421,426]\" class=\"word\">hvitt<\/span> (<span id=\"[428,431]\" class=\"word\">RAL<\/span> <span id=\"[432,436]\" class=\"word\">9010<\/span>) <span id=\"[438,443]\" class=\"word\">eller<\/span> <span id=\"[444,448]\" class=\"word\">matt<\/span> <span id=\"[449,454]\" class=\"word\">svart<\/span> (<span id=\"[456,459]\" class=\"word\">RAL<\/span> <span id=\"[460,464]\" class=\"word\">9005<\/span>). <span id=\"[467,481]\" class=\"word\">Installasjonen<\/span> <span id=\"[482,488]\" class=\"word\">gj\u00f8res<\/span> <span id=\"[489,492]\" class=\"word\">med<\/span> <span id=\"[493,502]\" class=\"word\">40&#215;40-r\u00f8r<\/span> <span id=\"[503,506]\" class=\"word\">som<\/span> <span id=\"[507,509]\" class=\"word\">du<\/span> <span id=\"[510,519]\" class=\"word\">bestiller<\/span> <span id=\"[520,523]\" class=\"word\">fra<\/span> <span id=\"[524,527]\" class=\"word\">oss<\/span>. <span id=\"[529,536]\" class=\"word\">Hindsen<\/span> <span id=\"[537,553]\" class=\"word\">aluminiumsgjerde<\/span> <span id=\"[554,557]\" class=\"word\">gir<\/span> <span id=\"[558,563]\" class=\"word\">hagen<\/span>, <span id=\"[565,574]\" class=\"word\">terrassen<\/span> <span id=\"[575,580]\" class=\"word\">eller<\/span> <span id=\"[581,586]\" class=\"word\">andre<\/span> <span id=\"[587,594]\" class=\"word\">omr\u00e5der<\/span> <span id=\"[595,597]\" class=\"word\">en<\/span> <span id=\"[598,601]\" class=\"word\">mer<\/span> <span id=\"[602,609]\" class=\"word\">elegant<\/span> <span id=\"[610,621]\" class=\"word\">avskjerming<\/span> <span id=\"[622,624]\" class=\"word\">og<\/span> <span id=\"[625,631]\" class=\"word\">finish<\/span>.<\/p>\n<p><span id=\"[634,640]\" class=\"word\">Regler<\/span><br \/>\n<span id=\"[641,647]\" class=\"word\">Antall<\/span> <span id=\"[648,657]\" class=\"word\">bjelkelag<\/span> <span id=\"[658,666]\" class=\"word\">varierer<\/span> <span id=\"[667,675]\" class=\"word\">avhengig<\/span> <span id=\"[676,678]\" class=\"word\">av<\/span> <span id=\"[679,685]\" class=\"word\">h\u00f8yden<\/span> <span id=\"[686,688]\" class=\"word\">p\u00e5<\/span> <span id=\"[689,696]\" class=\"word\">stolpen<\/span>:<\/p>\n<p><span id=\"[699,702]\" class=\"word\">745<\/span> <span id=\"[703,705]\" class=\"word\">mm<\/span> <span id=\"[706,707]\" class=\"word\">3<\/span> <span id=\"[708,721]\" class=\"word\">aluminiumsr\u00f8r<\/span><br \/>\n<span id=\"[722,725]\" class=\"word\">995<\/span> <span id=\"[726,728]\" class=\"word\">mm<\/span> <span id=\"[729,730]\" class=\"word\">4<\/span> <span id=\"[731,744]\" class=\"word\">aluminiumsr\u00f8r<\/span><\/p>\n<p><span id=\"[746,755]\" class=\"word\">Avstanden<\/span> <span id=\"[756,762]\" class=\"word\">mellom<\/span> <span id=\"[763,769]\" class=\"word\">bakken<\/span> <span id=\"[770,772]\" class=\"word\">og<\/span> <span id=\"[773,776]\" class=\"word\">den<\/span> <span id=\"[777,783]\" class=\"word\">f\u00f8rste<\/span> <span id=\"[784,791]\" class=\"word\">stangen<\/span> <span id=\"[792,794]\" class=\"word\">er<\/span> <span id=\"[795,797]\" class=\"word\">24<\/span> <span id=\"[798,800]\" class=\"word\">cm<\/span>. <span id=\"[802,811]\" class=\"word\">Avstanden<\/span> <span id=\"[812,818]\" class=\"word\">mellom<\/span> <span id=\"[819,827]\" class=\"word\">bjelkene<\/span> <span id=\"[828,830]\" class=\"word\">er<\/span> <span id=\"[831,833]\" class=\"word\">12<\/span> <span id=\"[834,836]\" class=\"word\">cm<\/span>. <span id=\"[838,845]\" class=\"word\">Hullene<\/span> <span id=\"[846,848]\" class=\"word\">er<\/span> <span id=\"[849,854]\" class=\"word\">41&#215;41<\/span> <span id=\"[855,857]\" class=\"word\">mm<\/span>.<\/p>\n<p><span id=\"[0,12]\" class=\"word\">Gjerdestolpe<\/span><br \/>\n<span id=\"[13,17]\" class=\"word\">Husk<\/span> <span id=\"[18,19]\" class=\"word\">\u00e5<\/span> <span id=\"[20,28]\" class=\"word\">bestille<\/span> <span id=\"[29,35]\" class=\"word\">riktig<\/span> <span id=\"[36,40]\" class=\"word\">type<\/span> <span id=\"[41,47]\" class=\"word\">stolpe<\/span> <span id=\"[48,51]\" class=\"word\">til<\/span> <span id=\"[52,60]\" class=\"word\">form\u00e5let<\/span> (<span id=\"[62,72]\" class=\"word\">midtstolpe<\/span>, <span id=\"[74,86]\" class=\"word\">hj\u00f8rnestolpe<\/span>, <span id=\"[88,98]\" class=\"word\">endestolpe<\/span>).<\/p>\n<p><span id=\"[102,113]\" class=\"word\">Snublestein<\/span><br \/>\n<span id=\"[114,127]\" class=\"word\">Stolpehettene<\/span> <span id=\"[128,130]\" class=\"word\">er<\/span> <span id=\"[131,144]\" class=\"word\">tilgjengelige<\/span> <span id=\"[145,146]\" class=\"word\">i<\/span> <span id=\"[147,152]\" class=\"word\">svart<\/span> <span id=\"[153,158]\" class=\"word\">plast<\/span> <span id=\"[159,164]\" class=\"word\">eller<\/span> <span id=\"[165,174]\" class=\"word\">aluminium<\/span> <span id=\"[175,176]\" class=\"word\">i<\/span> <span id=\"[177,184]\" class=\"word\">valgfri<\/span> <span id=\"[185,190]\" class=\"word\">farge<\/span>.<\/p>\n<p><span id=\"[193,199]\" class=\"word\">Stativ<\/span><br \/>\n<span id=\"[200,204]\" class=\"word\">Husk<\/span> <span id=\"[205,206]\" class=\"word\">\u00e5<\/span> <span id=\"[207,215]\" class=\"word\">bestille<\/span> <span id=\"[216,218]\" class=\"word\">en<\/span> <span id=\"[219,228]\" class=\"word\">stolpefot<\/span> <span id=\"[229,232]\" class=\"word\">til<\/span> <span id=\"[233,237]\" class=\"word\">hver<\/span> <span id=\"[238,244]\" class=\"word\">stolpe<\/span>.<\/p>\n<p><span id=\"[247,259]\" class=\"word\">Installasjon<\/span><br \/>\n<span id=\"[260,267]\" class=\"word\">Bestill<\/span> <span id=\"[268,281]\" class=\"word\">aluminiumsr\u00f8r<\/span> <span id=\"[282,283]\" class=\"word\">i<\/span> <span id=\"[284,292]\" class=\"word\">butikken<\/span> <span id=\"[293,296]\" class=\"word\">v\u00e5r<\/span> <span id=\"[297,298]\" class=\"word\">i<\/span> <span id=\"[299,305]\" class=\"word\">riktig<\/span> <span id=\"[306,312]\" class=\"word\">lengde<\/span> <span id=\"[313,316]\" class=\"word\">for<\/span> <span id=\"[317,324]\" class=\"word\">gjerdet<\/span>. <span id=\"[326,330]\" class=\"word\">Kutt<\/span> <span id=\"[331,339]\" class=\"word\">deretter<\/span> <span id=\"[340,352]\" class=\"word\">endestykkene<\/span> <span id=\"[353,356]\" class=\"word\">med<\/span> <span id=\"[357,359]\" class=\"word\">en<\/span> <span id=\"[360,369]\" class=\"word\">fintannet<\/span> <span id=\"[370,373]\" class=\"word\">sag<\/span>. <span id=\"[375,377]\" class=\"word\">Da<\/span> <span id=\"[378,385]\" class=\"word\">trenger<\/span> <span id=\"[386,388]\" class=\"word\">du<\/span> <span id=\"[389,393]\" class=\"word\">ogs\u00e5<\/span> <span id=\"[394,402]\" class=\"word\">f\u00f8lgende<\/span> <span id=\"[403,410]\" class=\"word\">verkt\u00f8y<\/span>:<\/p>\n<p><span id=\"[413,421]\" class=\"word\">M\u00e5leb\u00e5nd<\/span><br \/>\n<span id=\"[422,433]\" class=\"word\">Skrutrekker<\/span> <span id=\"[434,437]\" class=\"word\">med<\/span> <span id=\"[438,442]\" class=\"word\">bits<\/span> <span id=\"[443,445]\" class=\"word\">og<\/span> <span id=\"[446,449]\" class=\"word\">bor<\/span><br \/>\n<span id=\"[450,461]\" class=\"word\">Gummihammer<\/span> (<span id=\"[463,466]\" class=\"word\">for<\/span> <span id=\"[467,468]\" class=\"word\">\u00e5<\/span> <span id=\"[469,476]\" class=\"word\">montere<\/span> <span id=\"[477,482]\" class=\"word\">foten<\/span> <span id=\"[483,485]\" class=\"word\">p\u00e5<\/span> <span id=\"[486,493]\" class=\"word\">stangen<\/span>)<\/p>\n<p><span id=\"[496,502]\" class=\"word\">Monter<\/span> <span id=\"[503,511]\" class=\"word\">bjelkene<\/span> <span id=\"[512,515]\" class=\"word\">ved<\/span> <span id=\"[516,521]\" class=\"word\">hjelp<\/span> <span id=\"[522,524]\" class=\"word\">av<\/span> <span id=\"[525,534]\" class=\"word\">braketten<\/span> <span id=\"[535,537]\" class=\"word\">p\u00e5<\/span> <span id=\"[538,546]\" class=\"word\">baksiden<\/span> <span id=\"[547,549]\" class=\"word\">av<\/span> <span id=\"[550,558]\" class=\"word\">stolpene<\/span>. <span id=\"[560,566]\" class=\"word\">Monter<\/span> <span id=\"[567,573]\" class=\"word\">alltid<\/span> <span id=\"[574,581]\" class=\"word\">gjerdet<\/span> <span id=\"[582,586]\" class=\"word\">slik<\/span> <span id=\"[587,589]\" class=\"word\">at<\/span> <span id=\"[590,593]\" class=\"word\">det<\/span> <span id=\"[594,598]\" class=\"word\">st\u00e5r<\/span> <span id=\"[599,606]\" class=\"word\">stabilt<\/span>, <span id=\"[608,612]\" class=\"word\">maks<\/span>. <span id=\"[614,617]\" class=\"word\">150<\/span> <span id=\"[618,620]\" class=\"word\">cm<\/span> <span id=\"[621,627]\" class=\"word\">mellom<\/span> <span id=\"[628,636]\" class=\"word\">stolpene<\/span> <span id=\"[637,646]\" class=\"word\">anbefales<\/span>. <span id=\"[648,655]\" class=\"word\">Plasser<\/span> <span id=\"[656,660]\" class=\"word\">ogs\u00e5<\/span> <span id=\"[661,667]\" class=\"word\">alltid<\/span> <span id=\"[668,676]\" class=\"word\">stolpene<\/span> <span id=\"[677,680]\" class=\"word\">f\u00f8r<\/span> <span id=\"[681,683]\" class=\"word\">du<\/span> <span id=\"[684,689]\" class=\"word\">skrur<\/span> <span id=\"[690,694]\" class=\"word\">fast<\/span> <span id=\"[695,703]\" class=\"word\">t\u00f8mmeret<\/span> <span id=\"[704,707]\" class=\"word\">for<\/span> <span id=\"[708,709]\" class=\"word\">\u00e5<\/span> <span id=\"[710,715]\" class=\"word\">sikre<\/span> <span id=\"[716,718]\" class=\"word\">at<\/span> <span id=\"[719,730]\" class=\"word\">rekkef\u00f8lgen<\/span> <span id=\"[731,735]\" class=\"word\">blir<\/span> <span id=\"[736,742]\" class=\"word\">riktig<\/span>.<\/p>\n<p>&nbsp;<\/p>\n<p><a href=\"https:\/\/recal.se\/wp-content\/uploads\/2021\/06\/recal-forklaring_stolpvarianter-scaled.jpg\" target=\"_blank\" rel=\"noopener\">Monteringsprincip<\/a><\/p>\n<p>&nbsp;<\/p>\n","protected":false},"excerpt":{"rendered":"<p><span id=\"[0,7]\" class=\"word\">Hindsen<\/span> <span id=\"[8,20]\" class=\"word\">gjerdestolpe<\/span><\/p>\n<p><span id=\"[22,29]\" class=\"word\">Hindsen<\/span> <span id=\"[30,46]\" class=\"word\">aluminiumsgjerde<\/span> <span id=\"[47,49]\" class=\"word\">er<\/span> <span id=\"[50,55]\" class=\"word\">laget<\/span> <span id=\"[56,58]\" class=\"word\">av<\/span> <span id=\"[59,62]\" class=\"word\">100<\/span> <span id=\"[63,64]\" class=\"word\">%<\/span> <span id=\"[65,74]\" class=\"word\">aluminium<\/span> <span id=\"[75,77]\" class=\"word\">og<\/span> <span id=\"[78,81]\" class=\"word\">gir<\/span> <span id=\"[82,87]\" class=\"word\">hagen<\/span> <span id=\"[88,91]\" class=\"word\">din<\/span> <span id=\"[92,94]\" class=\"word\">et<\/span> <span id=\"[95,105]\" class=\"word\">luksuri\u00f8st<\/span> <span id=\"[106,110]\" class=\"word\">inntrykk<\/span>. <span id=\"[112,119]\" class=\"word\">Gjerdet<\/span> <span id=\"[120,128]\" class=\"word\">monteres<\/span> <span id=\"[129,132]\" class=\"word\">med<\/span> <span id=\"[133,138]\" class=\"word\">runde<\/span> <span id=\"[139,152]\" class=\"word\">aluminiumsr\u00f8r<\/span> <span id=\"[153,156]\" class=\"word\">som<\/span> <span id=\"[157,164]\" class=\"word\">trekkes<\/span> <span id=\"[165,172]\" class=\"word\">gjennom<\/span> <span id=\"[173,180]\" class=\"word\">stolpen<\/span>. <span id=\"[182,190]\" class=\"word\">Modellen<\/span> <span id=\"[191,197]\" class=\"word\">passer<\/span> <span id=\"[198,205]\" class=\"word\">perfekt<\/span> <span id=\"[206,209]\" class=\"word\">som<\/span> <span id=\"[210,216]\" class=\"word\">gjerde<\/span>!<\/p>\n<p>&nbsp;<\/p>\n","protected":false},"featured_media":5773,"comment_status":"open","ping_status":"closed","template":"","meta":{"_acf_changed":false},"product_cat":[349,16],"product_tag":[],"composite_virtual":false,"composite_layout":"","composite_add_to_cart_form_location":"","composite_editable_in_cart":false,"composite_sold_individually_context":"","composite_shop_price_calc":"","composite_components":[],"composite_scenarios":[],"acf":[],"yoast_head":"<!-- This site is optimized with the Yoast SEO plugin v22.2 - https:\/\/yoast.com\/wordpress\/plugins\/seo\/ -->\n<title>Aluminiumstaket Hindsen - Recal Norge<\/title>\n<meta name=\"description\" content=\"Hindsen gjerdestolpe Hindsen aluminiumsgjerde er laget av 100 % aluminium og gir hagen din et luksuri\u00f8st inntrykk. Gjerdet monteres med runde aluminiumsr\u00f8r som trekkes gjennom stolpen. Modellen passer perfekt som gjerde!\" \/>\n<meta name=\"robots\" content=\"index, follow, max-snippet:-1, max-image-preview:large, max-video-preview:-1\" \/>\n<link rel=\"canonical\" href=\"https:\/\/recal-se.tbwebsite.com\/no\/gjerdeogrekkverk\/hindsen\/\" \/>\n<meta property=\"og:locale\" content=\"nb_NO\" \/>\n<meta property=\"og:type\" content=\"article\" \/>\n<meta property=\"og:title\" content=\"Aluminiumstaket Hindsen - Recal Norge\" \/>\n<meta property=\"og:description\" content=\"Hindsen gjerdestolpe Hindsen aluminiumsgjerde er laget av 100 % aluminium og gir hagen din et luksuri\u00f8st inntrykk. Gjerdet monteres med runde aluminiumsr\u00f8r som trekkes gjennom stolpen. Modellen passer perfekt som gjerde!\" \/>\n<meta property=\"og:url\" content=\"https:\/\/recal-se.tbwebsite.com\/no\/gjerdeogrekkverk\/hindsen\/\" \/>\n<meta property=\"og:site_name\" content=\"Recal Norge\" \/>\n<meta property=\"article:modified_time\" content=\"2024-02-13T08:25:24+00:00\" \/>\n<meta property=\"og:image\" content=\"https:\/\/recal-se.tbwebsite.com\/no\/wp-content\/uploads\/sites\/5\/2020\/05\/40x40_ror-1-1.png\" \/>\n\t<meta property=\"og:image:width\" content=\"1400\" \/>\n\t<meta property=\"og:image:height\" content=\"1400\" \/>\n\t<meta property=\"og:image:type\" content=\"image\/png\" \/>\n<meta name=\"twitter:card\" content=\"summary_large_image\" \/>\n<meta name=\"twitter:label1\" content=\"Ansl. lesetid\" \/>\n\t<meta name=\"twitter:data1\" content=\"2 minutter\" \/>\n<script type=\"application\/ld+json\" class=\"yoast-schema-graph\">{\"@context\":\"https:\/\/schema.org\",\"@graph\":[{\"@type\":\"WebPage\",\"@id\":\"https:\/\/recal-se.tbwebsite.com\/no\/gjerdeogrekkverk\/hindsen\/\",\"url\":\"https:\/\/recal-se.tbwebsite.com\/no\/gjerdeogrekkverk\/hindsen\/\",\"name\":\"Aluminiumstaket Hindsen - Recal Norge\",\"isPartOf\":{\"@id\":\"https:\/\/recal-se.tbwebsite.com\/no\/#website\"},\"primaryImageOfPage\":{\"@id\":\"https:\/\/recal-se.tbwebsite.com\/no\/gjerdeogrekkverk\/hindsen\/#primaryimage\"},\"image\":{\"@id\":\"https:\/\/recal-se.tbwebsite.com\/no\/gjerdeogrekkverk\/hindsen\/#primaryimage\"},\"thumbnailUrl\":\"https:\/\/recal-se.tbwebsite.com\/no\/wp-content\/uploads\/sites\/5\/2020\/05\/40x40_ror-1-1.png\",\"datePublished\":\"2020-05-14T14:00:19+00:00\",\"dateModified\":\"2024-02-13T08:25:24+00:00\",\"description\":\"Hindsen gjerdestolpe Hindsen aluminiumsgjerde er laget av 100 % aluminium og gir hagen din et luksuri\u00f8st inntrykk. Gjerdet monteres med runde aluminiumsr\u00f8r som trekkes gjennom stolpen. Modellen passer perfekt som gjerde!\",\"breadcrumb\":{\"@id\":\"https:\/\/recal-se.tbwebsite.com\/no\/gjerdeogrekkverk\/hindsen\/#breadcrumb\"},\"inLanguage\":\"nb-NO\",\"potentialAction\":[{\"@type\":\"ReadAction\",\"target\":[\"https:\/\/recal-se.tbwebsite.com\/no\/gjerdeogrekkverk\/hindsen\/\"]}]},{\"@type\":\"ImageObject\",\"inLanguage\":\"nb-NO\",\"@id\":\"https:\/\/recal-se.tbwebsite.com\/no\/gjerdeogrekkverk\/hindsen\/#primaryimage\",\"url\":\"https:\/\/recal-se.tbwebsite.com\/no\/wp-content\/uploads\/sites\/5\/2020\/05\/40x40_ror-1-1.png\",\"contentUrl\":\"https:\/\/recal-se.tbwebsite.com\/no\/wp-content\/uploads\/sites\/5\/2020\/05\/40x40_ror-1-1.png\",\"width\":1400,\"height\":1400},{\"@type\":\"BreadcrumbList\",\"@id\":\"https:\/\/recal-se.tbwebsite.com\/no\/gjerdeogrekkverk\/hindsen\/#breadcrumb\",\"itemListElement\":[{\"@type\":\"ListItem\",\"position\":1,\"name\":\"Home\",\"item\":\"https:\/\/recal-se.tbwebsite.com\/no\/\"},{\"@type\":\"ListItem\",\"position\":2,\"name\":\"Shop\",\"item\":\"https:\/\/recal-se.tbwebsite.com\/no\/shop\/\"},{\"@type\":\"ListItem\",\"position\":3,\"name\":\"Hindsen\"}]},{\"@type\":\"WebSite\",\"@id\":\"https:\/\/recal-se.tbwebsite.com\/no\/#website\",\"url\":\"https:\/\/recal-se.tbwebsite.com\/no\/\",\"name\":\"Recal Norge\",\"description\":\"Tr\u00e4dg\u00e5rdsprodukter tillverkade i aluminium fr\u00e5n Sm\u00e5land\",\"publisher\":{\"@id\":\"https:\/\/recal-se.tbwebsite.com\/no\/#organization\"},\"potentialAction\":[{\"@type\":\"SearchAction\",\"target\":{\"@type\":\"EntryPoint\",\"urlTemplate\":\"https:\/\/recal-se.tbwebsite.com\/no\/?s={search_term_string}\"},\"query-input\":\"required name=search_term_string\"}],\"inLanguage\":\"nb-NO\"},{\"@type\":\"Organization\",\"@id\":\"https:\/\/recal-se.tbwebsite.com\/no\/#organization\",\"name\":\"Recal Norge\",\"url\":\"https:\/\/recal-se.tbwebsite.com\/no\/\",\"logo\":{\"@type\":\"ImageObject\",\"inLanguage\":\"nb-NO\",\"@id\":\"https:\/\/recal-se.tbwebsite.com\/no\/#\/schema\/logo\/image\/\",\"url\":\"https:\/\/recal-se.tbwebsite.com\/no\/wp-content\/uploads\/sites\/5\/2020\/06\/recal-logotype_svart_1.png\",\"contentUrl\":\"https:\/\/recal-se.tbwebsite.com\/no\/wp-content\/uploads\/sites\/5\/2020\/06\/recal-logotype_svart_1.png\",\"width\":260,\"height\":52,\"caption\":\"Recal Norge\"},\"image\":{\"@id\":\"https:\/\/recal-se.tbwebsite.com\/no\/#\/schema\/logo\/image\/\"}}]}<\/script>\n<!-- \/ Yoast SEO plugin. -->","yoast_head_json":{"title":"Aluminiumstaket Hindsen - Recal Norge","description":"Hindsen gjerdestolpe Hindsen aluminiumsgjerde er laget av 100 % aluminium og gir hagen din et luksuri\u00f8st inntrykk. Gjerdet monteres med runde aluminiumsr\u00f8r som trekkes gjennom stolpen. Modellen passer perfekt som gjerde!","robots":{"index":"index","follow":"follow","max-snippet":"max-snippet:-1","max-image-preview":"max-image-preview:large","max-video-preview":"max-video-preview:-1"},"canonical":"https:\/\/recal-se.tbwebsite.com\/no\/gjerdeogrekkverk\/hindsen\/","og_locale":"nb_NO","og_type":"article","og_title":"Aluminiumstaket Hindsen - Recal Norge","og_description":"Hindsen gjerdestolpe Hindsen aluminiumsgjerde er laget av 100 % aluminium og gir hagen din et luksuri\u00f8st inntrykk. Gjerdet monteres med runde aluminiumsr\u00f8r som trekkes gjennom stolpen. Modellen passer perfekt som gjerde!","og_url":"https:\/\/recal-se.tbwebsite.com\/no\/gjerdeogrekkverk\/hindsen\/","og_site_name":"Recal Norge","article_modified_time":"2024-02-13T08:25:24+00:00","og_image":[{"width":1400,"height":1400,"url":"https:\/\/recal-se.tbwebsite.com\/no\/wp-content\/uploads\/sites\/5\/2020\/05\/40x40_ror-1-1.png","type":"image\/png"}],"twitter_card":"summary_large_image","twitter_misc":{"Ansl. lesetid":"2 minutter"},"schema":{"@context":"https:\/\/schema.org","@graph":[{"@type":"WebPage","@id":"https:\/\/recal-se.tbwebsite.com\/no\/gjerdeogrekkverk\/hindsen\/","url":"https:\/\/recal-se.tbwebsite.com\/no\/gjerdeogrekkverk\/hindsen\/","name":"Aluminiumstaket Hindsen - Recal Norge","isPartOf":{"@id":"https:\/\/recal-se.tbwebsite.com\/no\/#website"},"primaryImageOfPage":{"@id":"https:\/\/recal-se.tbwebsite.com\/no\/gjerdeogrekkverk\/hindsen\/#primaryimage"},"image":{"@id":"https:\/\/recal-se.tbwebsite.com\/no\/gjerdeogrekkverk\/hindsen\/#primaryimage"},"thumbnailUrl":"https:\/\/recal-se.tbwebsite.com\/no\/wp-content\/uploads\/sites\/5\/2020\/05\/40x40_ror-1-1.png","datePublished":"2020-05-14T14:00:19+00:00","dateModified":"2024-02-13T08:25:24+00:00","description":"Hindsen gjerdestolpe Hindsen aluminiumsgjerde er laget av 100 % aluminium og gir hagen din et luksuri\u00f8st inntrykk. Gjerdet monteres med runde aluminiumsr\u00f8r som trekkes gjennom stolpen. Modellen passer perfekt som gjerde!","breadcrumb":{"@id":"https:\/\/recal-se.tbwebsite.com\/no\/gjerdeogrekkverk\/hindsen\/#breadcrumb"},"inLanguage":"nb-NO","potentialAction":[{"@type":"ReadAction","target":["https:\/\/recal-se.tbwebsite.com\/no\/gjerdeogrekkverk\/hindsen\/"]}]},{"@type":"ImageObject","inLanguage":"nb-NO","@id":"https:\/\/recal-se.tbwebsite.com\/no\/gjerdeogrekkverk\/hindsen\/#primaryimage","url":"https:\/\/recal-se.tbwebsite.com\/no\/wp-content\/uploads\/sites\/5\/2020\/05\/40x40_ror-1-1.png","contentUrl":"https:\/\/recal-se.tbwebsite.com\/no\/wp-content\/uploads\/sites\/5\/2020\/05\/40x40_ror-1-1.png","width":1400,"height":1400},{"@type":"BreadcrumbList","@id":"https:\/\/recal-se.tbwebsite.com\/no\/gjerdeogrekkverk\/hindsen\/#breadcrumb","itemListElement":[{"@type":"ListItem","position":1,"name":"Home","item":"https:\/\/recal-se.tbwebsite.com\/no\/"},{"@type":"ListItem","position":2,"name":"Shop","item":"https:\/\/recal-se.tbwebsite.com\/no\/shop\/"},{"@type":"ListItem","position":3,"name":"Hindsen"}]},{"@type":"WebSite","@id":"https:\/\/recal-se.tbwebsite.com\/no\/#website","url":"https:\/\/recal-se.tbwebsite.com\/no\/","name":"Recal Norge","description":"Tr\u00e4dg\u00e5rdsprodukter tillverkade i aluminium fr\u00e5n Sm\u00e5land","publisher":{"@id":"https:\/\/recal-se.tbwebsite.com\/no\/#organization"},"potentialAction":[{"@type":"SearchAction","target":{"@type":"EntryPoint","urlTemplate":"https:\/\/recal-se.tbwebsite.com\/no\/?s={search_term_string}"},"query-input":"required name=search_term_string"}],"inLanguage":"nb-NO"},{"@type":"Organization","@id":"https:\/\/recal-se.tbwebsite.com\/no\/#organization","name":"Recal Norge","url":"https:\/\/recal-se.tbwebsite.com\/no\/","logo":{"@type":"ImageObject","inLanguage":"nb-NO","@id":"https:\/\/recal-se.tbwebsite.com\/no\/#\/schema\/logo\/image\/","url":"https:\/\/recal-se.tbwebsite.com\/no\/wp-content\/uploads\/sites\/5\/2020\/06\/recal-logotype_svart_1.png","contentUrl":"https:\/\/recal-se.tbwebsite.com\/no\/wp-content\/uploads\/sites\/5\/2020\/06\/recal-logotype_svart_1.png","width":260,"height":52,"caption":"Recal Norge"},"image":{"@id":"https:\/\/recal-se.tbwebsite.com\/no\/#\/schema\/logo\/image\/"}}]}},"_links":{"self":[{"href":"https:\/\/recal-se.tbwebsite.com\/no\/wp-json\/wp\/v2\/product\/197"}],"collection":[{"href":"https:\/\/recal-se.tbwebsite.com\/no\/wp-json\/wp\/v2\/product"}],"about":[{"href":"https:\/\/recal-se.tbwebsite.com\/no\/wp-json\/wp\/v2\/types\/product"}],"replies":[{"embeddable":true,"href":"https:\/\/recal-se.tbwebsite.com\/no\/wp-json\/wp\/v2\/comments?post=197"}],"version-history":[{"count":7,"href":"https:\/\/recal-se.tbwebsite.com\/no\/wp-json\/wp\/v2\/product\/197\/revisions"}],"predecessor-version":[{"id":14988,"href":"https:\/\/recal-se.tbwebsite.com\/no\/wp-json\/wp\/v2\/product\/197\/revisions\/14988"}],"wp:featuredmedia":[{"embeddable":true,"href":"https:\/\/recal-se.tbwebsite.com\/no\/wp-json\/wp\/v2\/media\/5773"}],"wp:attachment":[{"href":"https:\/\/recal-se.tbwebsite.com\/no\/wp-json\/wp\/v2\/media?parent=197"}],"wp:term":[{"taxonomy":"product_cat","embeddable":true,"href":"https:\/\/recal-se.tbwebsite.com\/no\/wp-json\/wp\/v2\/product_cat?post=197"},{"taxonomy":"product_tag","embeddable":true,"href":"https:\/\/recal-se.tbwebsite.com\/no\/wp-json\/wp\/v2\/product_tag?post=197"}],"curies":[{"name":"wp","href":"https:\/\/api.w.org\/{rel}","templated":true}]}}