{"id":14094,"date":"2023-12-13T13:02:40","date_gmt":"2023-12-13T13:02:40","guid":{"rendered":"https:\/\/recal-se.tbwebsite.com\/?post_type=product&#038;p=14094"},"modified":"2024-02-13T08:24:50","modified_gmt":"2024-02-13T08:24:50","slug":"gjerdeport-furen","status":"publish","type":"product","link":"https:\/\/recal-se.tbwebsite.com\/no\/gjerdeogrekkverk\/gjerdeport-furen\/","title":{"rendered":"Gjerdeport &#8211; Furen"},"content":{"rendered":"<p>Porten er tilpasset til gjerdestolpen Furen med h\u00f8yde 745 mm og 995 mm.<\/p>\n<p>Porten monteres mot 2 endestolper (ikke inkludert, kj\u00f8pes separat). Porten leveres komplett med portl\u00e5s fra Truclose og 2 selvstengende hengsler, samt tilh\u00f8rende skruer og stolpehatt. (Trevirke er ikke inkludert).<\/p>\n<p>Maksimal senter-til-senter avstand p\u00e5 porten er 70-80 cm.<\/p>\n<p>&nbsp;<\/p>\n<p>I pakken inng\u00e5r f\u00f8lgende:<\/p>\n<ul>\n<li>Portl\u00e5s fra Truclose (ikke hengel\u00e5s)<\/li>\n<li>2 selvstengende hengsler<\/li>\n<li>Tilh\u00f8rende skruer og stolpehatt<\/li>\n<li>2 stolper i bestilt h\u00f8yde<\/li>\n<\/ul>\n<p>Hullst\u00f8rrelse: 50 x 50 mm<\/p>\n<p>Monteringen gj\u00f8res med vanlig tretrall i \u00f8nsket farge, med m\u00e5lene 48 x 48 mm, og dette gir gjerdet stabilitet.<\/p>\n<p>Tenk p\u00e5 f\u00f8lgende f\u00f8r du bestiller:<\/p>\n<ul>\n<li>Bestill riktig stolpetype: Mellomstolpe, hj\u00f8rnestolpe, Endestolpe. Hvis du har sp\u00f8rsm\u00e5l, er du hjertelig velkommen til \u00e5 ringe eller sende oss en e-post!<\/li>\n<li>Gjerdet finnes i Naturanodisert og deretter lakkert Hvit (RAL 9010) og Svart (RAL 9005).<\/li>\n<li>Hvis du \u00f8nsker stolpehatt, kan du velge \u00e5 kj\u00f8pe den i svart plast eller aluminiumhatt i \u00f8nsket farge som passer til gjerdet ditt.<\/li>\n<li>Kj\u00f8p regler for gjerdet p\u00e5 din lokale byggevarehandel. Forsikre deg om at treet ikke har svulmet for mye for \u00e5 unng\u00e5 vanskeligheter under monteringen.<\/li>\n<\/ul>\n<ul>\n<li>N\u00e5r du skal montere gjerdet ditt, b\u00f8r du ta hensyn til f\u00f8lgende:\n<ul>\n<li>Monter alltid gjerdet ditt slik at det blir stabilt. Vi anbefaler maksimal avstand mellom reglene p\u00e5 75-80 cm for porten!<\/li>\n<li>Du trenger f\u00f8lgende ved montering: M\u00e5leb\u00e5nd, skrutrekker med bits og bor, gummiklubbe for \u00e5 montere foten p\u00e5 stolpen.<\/li>\n<li>Plasser alltid ut stolpene f\u00f8r du skrur fast trevirket for \u00e5 forsikre deg om at bestillingen din er korrekt.<\/li>\n<li>Les mer i v\u00e5r monteringsanvisning.<\/li>\n<li>Monteringsanvisning for gjerdet.<\/li>\n<\/ul>\n<\/li>\n<\/ul>\n","protected":false},"excerpt":{"rendered":"<p>Porten er tilpasset til gjerdestolpen Furen med h\u00f8yde 745 mm og 995 mm.<\/p>\n<p>Porten monteres mot 2 endestolper (ikke inkludert, kj\u00f8pes separat). Porten leveres komplett med portl\u00e5s fra Truclose og 2 selvstengende hengsler, samt tilh\u00f8rende skruer og stolpehatt. (Trevirke er ikke inkludert).<\/p>\n<p>Maksimal senter-til-senter avstand p\u00e5 porten er 70-80 cm.<\/p>\n","protected":false},"featured_media":5312,"comment_status":"open","ping_status":"closed","template":"","meta":{"_acf_changed":false},"product_cat":[349,16],"product_tag":[78,121],"composite_virtual":false,"composite_layout":"","composite_add_to_cart_form_location":"","composite_editable_in_cart":false,"composite_sold_individually_context":"","composite_shop_price_calc":"","composite_components":[],"composite_scenarios":[],"acf":[],"yoast_head":"<!-- This site is optimized with the Yoast SEO plugin v22.2 - https:\/\/yoast.com\/wordpress\/plugins\/seo\/ -->\n<title>Gjerdeport - Furen - Recal Norge<\/title>\n<meta name=\"description\" content=\"Porten er tilpasset til gjerdestolpen Furen med h\u00f8yde 745 mm og 995 mm.Porten monteres mot 2 endestolper (ikke inkludert, kj\u00f8pes separat). Porten leveres komplett med portl\u00e5s fra Truclose og 2 selvstengende hengsler, samt tilh\u00f8rende skruer og stolpehatt. (Trevirke er ikke inkludert).Maksimal senter-til-senter avstand p\u00e5 porten er 70-80 cm.\" \/>\n<meta name=\"robots\" content=\"index, follow, max-snippet:-1, max-image-preview:large, max-video-preview:-1\" \/>\n<link rel=\"canonical\" href=\"https:\/\/recal-se.tbwebsite.com\/no\/gjerdeogrekkverk\/gjerdeport-furen\/\" \/>\n<meta property=\"og:locale\" content=\"nb_NO\" \/>\n<meta property=\"og:type\" content=\"article\" \/>\n<meta property=\"og:title\" content=\"Gjerdeport - Furen - Recal Norge\" \/>\n<meta property=\"og:description\" content=\"Porten er tilpasset til gjerdestolpen Furen med h\u00f8yde 745 mm og 995 mm.Porten monteres mot 2 endestolper (ikke inkludert, kj\u00f8pes separat). Porten leveres komplett med portl\u00e5s fra Truclose og 2 selvstengende hengsler, samt tilh\u00f8rende skruer og stolpehatt. (Trevirke er ikke inkludert).Maksimal senter-til-senter avstand p\u00e5 porten er 70-80 cm.\" \/>\n<meta property=\"og:url\" content=\"https:\/\/recal-se.tbwebsite.com\/no\/gjerdeogrekkverk\/gjerdeport-furen\/\" \/>\n<meta property=\"og:site_name\" content=\"Recal Norge\" \/>\n<meta property=\"article:modified_time\" content=\"2024-02-13T08:24:50+00:00\" \/>\n<meta property=\"og:image\" content=\"https:\/\/recal-se.tbwebsite.com\/no\/wp-content\/uploads\/sites\/5\/2023\/03\/Furen_and_svart_detalj-huvud.png\" \/>\n\t<meta property=\"og:image:width\" content=\"1400\" \/>\n\t<meta property=\"og:image:height\" content=\"1399\" \/>\n\t<meta property=\"og:image:type\" content=\"image\/png\" \/>\n<meta name=\"twitter:card\" content=\"summary_large_image\" \/>\n<meta name=\"twitter:label1\" content=\"Ansl. lesetid\" \/>\n\t<meta name=\"twitter:data1\" content=\"2 minutter\" \/>\n<script type=\"application\/ld+json\" class=\"yoast-schema-graph\">{\"@context\":\"https:\/\/schema.org\",\"@graph\":[{\"@type\":\"WebPage\",\"@id\":\"https:\/\/recal-se.tbwebsite.com\/no\/gjerdeogrekkverk\/gjerdeport-furen\/\",\"url\":\"https:\/\/recal-se.tbwebsite.com\/no\/gjerdeogrekkverk\/gjerdeport-furen\/\",\"name\":\"Gjerdeport - Furen - Recal Norge\",\"isPartOf\":{\"@id\":\"https:\/\/recal-se.tbwebsite.com\/no\/#website\"},\"primaryImageOfPage\":{\"@id\":\"https:\/\/recal-se.tbwebsite.com\/no\/gjerdeogrekkverk\/gjerdeport-furen\/#primaryimage\"},\"image\":{\"@id\":\"https:\/\/recal-se.tbwebsite.com\/no\/gjerdeogrekkverk\/gjerdeport-furen\/#primaryimage\"},\"thumbnailUrl\":\"https:\/\/recal-se.tbwebsite.com\/no\/wp-content\/uploads\/sites\/5\/2023\/03\/Furen_and_svart_detalj-huvud.png\",\"datePublished\":\"2023-12-13T13:02:40+00:00\",\"dateModified\":\"2024-02-13T08:24:50+00:00\",\"description\":\"Porten er tilpasset til gjerdestolpen Furen med h\u00f8yde 745 mm og 995 mm.Porten monteres mot 2 endestolper (ikke inkludert, kj\u00f8pes separat). Porten leveres komplett med portl\u00e5s fra Truclose og 2 selvstengende hengsler, samt tilh\u00f8rende skruer og stolpehatt. (Trevirke er ikke inkludert).Maksimal senter-til-senter avstand p\u00e5 porten er 70-80 cm.\",\"breadcrumb\":{\"@id\":\"https:\/\/recal-se.tbwebsite.com\/no\/gjerdeogrekkverk\/gjerdeport-furen\/#breadcrumb\"},\"inLanguage\":\"nb-NO\",\"potentialAction\":[{\"@type\":\"ReadAction\",\"target\":[\"https:\/\/recal-se.tbwebsite.com\/no\/gjerdeogrekkverk\/gjerdeport-furen\/\"]}]},{\"@type\":\"ImageObject\",\"inLanguage\":\"nb-NO\",\"@id\":\"https:\/\/recal-se.tbwebsite.com\/no\/gjerdeogrekkverk\/gjerdeport-furen\/#primaryimage\",\"url\":\"https:\/\/recal-se.tbwebsite.com\/no\/wp-content\/uploads\/sites\/5\/2023\/03\/Furen_and_svart_detalj-huvud.png\",\"contentUrl\":\"https:\/\/recal-se.tbwebsite.com\/no\/wp-content\/uploads\/sites\/5\/2023\/03\/Furen_and_svart_detalj-huvud.png\",\"width\":1400,\"height\":1399},{\"@type\":\"BreadcrumbList\",\"@id\":\"https:\/\/recal-se.tbwebsite.com\/no\/gjerdeogrekkverk\/gjerdeport-furen\/#breadcrumb\",\"itemListElement\":[{\"@type\":\"ListItem\",\"position\":1,\"name\":\"Home\",\"item\":\"https:\/\/recal-se.tbwebsite.com\/no\/\"},{\"@type\":\"ListItem\",\"position\":2,\"name\":\"Shop\",\"item\":\"https:\/\/recal-se.tbwebsite.com\/no\/shop\/\"},{\"@type\":\"ListItem\",\"position\":3,\"name\":\"Gjerdeport &#8211; Furen\"}]},{\"@type\":\"WebSite\",\"@id\":\"https:\/\/recal-se.tbwebsite.com\/no\/#website\",\"url\":\"https:\/\/recal-se.tbwebsite.com\/no\/\",\"name\":\"Recal Norge\",\"description\":\"Tr\u00e4dg\u00e5rdsprodukter tillverkade i aluminium fr\u00e5n Sm\u00e5land\",\"publisher\":{\"@id\":\"https:\/\/recal-se.tbwebsite.com\/no\/#organization\"},\"potentialAction\":[{\"@type\":\"SearchAction\",\"target\":{\"@type\":\"EntryPoint\",\"urlTemplate\":\"https:\/\/recal-se.tbwebsite.com\/no\/?s={search_term_string}\"},\"query-input\":\"required name=search_term_string\"}],\"inLanguage\":\"nb-NO\"},{\"@type\":\"Organization\",\"@id\":\"https:\/\/recal-se.tbwebsite.com\/no\/#organization\",\"name\":\"Recal Norge\",\"url\":\"https:\/\/recal-se.tbwebsite.com\/no\/\",\"logo\":{\"@type\":\"ImageObject\",\"inLanguage\":\"nb-NO\",\"@id\":\"https:\/\/recal-se.tbwebsite.com\/no\/#\/schema\/logo\/image\/\",\"url\":\"https:\/\/recal-se.tbwebsite.com\/no\/wp-content\/uploads\/sites\/5\/2020\/06\/recal-logotype_svart_1.png\",\"contentUrl\":\"https:\/\/recal-se.tbwebsite.com\/no\/wp-content\/uploads\/sites\/5\/2020\/06\/recal-logotype_svart_1.png\",\"width\":260,\"height\":52,\"caption\":\"Recal Norge\"},\"image\":{\"@id\":\"https:\/\/recal-se.tbwebsite.com\/no\/#\/schema\/logo\/image\/\"}}]}<\/script>\n<!-- \/ Yoast SEO plugin. -->","yoast_head_json":{"title":"Gjerdeport - Furen - Recal Norge","description":"Porten er tilpasset til gjerdestolpen Furen med h\u00f8yde 745 mm og 995 mm.Porten monteres mot 2 endestolper (ikke inkludert, kj\u00f8pes separat). Porten leveres komplett med portl\u00e5s fra Truclose og 2 selvstengende hengsler, samt tilh\u00f8rende skruer og stolpehatt. (Trevirke er ikke inkludert).Maksimal senter-til-senter avstand p\u00e5 porten er 70-80 cm.","robots":{"index":"index","follow":"follow","max-snippet":"max-snippet:-1","max-image-preview":"max-image-preview:large","max-video-preview":"max-video-preview:-1"},"canonical":"https:\/\/recal-se.tbwebsite.com\/no\/gjerdeogrekkverk\/gjerdeport-furen\/","og_locale":"nb_NO","og_type":"article","og_title":"Gjerdeport - Furen - Recal Norge","og_description":"Porten er tilpasset til gjerdestolpen Furen med h\u00f8yde 745 mm og 995 mm.Porten monteres mot 2 endestolper (ikke inkludert, kj\u00f8pes separat). Porten leveres komplett med portl\u00e5s fra Truclose og 2 selvstengende hengsler, samt tilh\u00f8rende skruer og stolpehatt. (Trevirke er ikke inkludert).Maksimal senter-til-senter avstand p\u00e5 porten er 70-80 cm.","og_url":"https:\/\/recal-se.tbwebsite.com\/no\/gjerdeogrekkverk\/gjerdeport-furen\/","og_site_name":"Recal Norge","article_modified_time":"2024-02-13T08:24:50+00:00","og_image":[{"width":1400,"height":1399,"url":"https:\/\/recal-se.tbwebsite.com\/no\/wp-content\/uploads\/sites\/5\/2023\/03\/Furen_and_svart_detalj-huvud.png","type":"image\/png"}],"twitter_card":"summary_large_image","twitter_misc":{"Ansl. lesetid":"2 minutter"},"schema":{"@context":"https:\/\/schema.org","@graph":[{"@type":"WebPage","@id":"https:\/\/recal-se.tbwebsite.com\/no\/gjerdeogrekkverk\/gjerdeport-furen\/","url":"https:\/\/recal-se.tbwebsite.com\/no\/gjerdeogrekkverk\/gjerdeport-furen\/","name":"Gjerdeport - Furen - Recal Norge","isPartOf":{"@id":"https:\/\/recal-se.tbwebsite.com\/no\/#website"},"primaryImageOfPage":{"@id":"https:\/\/recal-se.tbwebsite.com\/no\/gjerdeogrekkverk\/gjerdeport-furen\/#primaryimage"},"image":{"@id":"https:\/\/recal-se.tbwebsite.com\/no\/gjerdeogrekkverk\/gjerdeport-furen\/#primaryimage"},"thumbnailUrl":"https:\/\/recal-se.tbwebsite.com\/no\/wp-content\/uploads\/sites\/5\/2023\/03\/Furen_and_svart_detalj-huvud.png","datePublished":"2023-12-13T13:02:40+00:00","dateModified":"2024-02-13T08:24:50+00:00","description":"Porten er tilpasset til gjerdestolpen Furen med h\u00f8yde 745 mm og 995 mm.Porten monteres mot 2 endestolper (ikke inkludert, kj\u00f8pes separat). Porten leveres komplett med portl\u00e5s fra Truclose og 2 selvstengende hengsler, samt tilh\u00f8rende skruer og stolpehatt. (Trevirke er ikke inkludert).Maksimal senter-til-senter avstand p\u00e5 porten er 70-80 cm.","breadcrumb":{"@id":"https:\/\/recal-se.tbwebsite.com\/no\/gjerdeogrekkverk\/gjerdeport-furen\/#breadcrumb"},"inLanguage":"nb-NO","potentialAction":[{"@type":"ReadAction","target":["https:\/\/recal-se.tbwebsite.com\/no\/gjerdeogrekkverk\/gjerdeport-furen\/"]}]},{"@type":"ImageObject","inLanguage":"nb-NO","@id":"https:\/\/recal-se.tbwebsite.com\/no\/gjerdeogrekkverk\/gjerdeport-furen\/#primaryimage","url":"https:\/\/recal-se.tbwebsite.com\/no\/wp-content\/uploads\/sites\/5\/2023\/03\/Furen_and_svart_detalj-huvud.png","contentUrl":"https:\/\/recal-se.tbwebsite.com\/no\/wp-content\/uploads\/sites\/5\/2023\/03\/Furen_and_svart_detalj-huvud.png","width":1400,"height":1399},{"@type":"BreadcrumbList","@id":"https:\/\/recal-se.tbwebsite.com\/no\/gjerdeogrekkverk\/gjerdeport-furen\/#breadcrumb","itemListElement":[{"@type":"ListItem","position":1,"name":"Home","item":"https:\/\/recal-se.tbwebsite.com\/no\/"},{"@type":"ListItem","position":2,"name":"Shop","item":"https:\/\/recal-se.tbwebsite.com\/no\/shop\/"},{"@type":"ListItem","position":3,"name":"Gjerdeport &#8211; Furen"}]},{"@type":"WebSite","@id":"https:\/\/recal-se.tbwebsite.com\/no\/#website","url":"https:\/\/recal-se.tbwebsite.com\/no\/","name":"Recal Norge","description":"Tr\u00e4dg\u00e5rdsprodukter tillverkade i aluminium fr\u00e5n Sm\u00e5land","publisher":{"@id":"https:\/\/recal-se.tbwebsite.com\/no\/#organization"},"potentialAction":[{"@type":"SearchAction","target":{"@type":"EntryPoint","urlTemplate":"https:\/\/recal-se.tbwebsite.com\/no\/?s={search_term_string}"},"query-input":"required name=search_term_string"}],"inLanguage":"nb-NO"},{"@type":"Organization","@id":"https:\/\/recal-se.tbwebsite.com\/no\/#organization","name":"Recal Norge","url":"https:\/\/recal-se.tbwebsite.com\/no\/","logo":{"@type":"ImageObject","inLanguage":"nb-NO","@id":"https:\/\/recal-se.tbwebsite.com\/no\/#\/schema\/logo\/image\/","url":"https:\/\/recal-se.tbwebsite.com\/no\/wp-content\/uploads\/sites\/5\/2020\/06\/recal-logotype_svart_1.png","contentUrl":"https:\/\/recal-se.tbwebsite.com\/no\/wp-content\/uploads\/sites\/5\/2020\/06\/recal-logotype_svart_1.png","width":260,"height":52,"caption":"Recal Norge"},"image":{"@id":"https:\/\/recal-se.tbwebsite.com\/no\/#\/schema\/logo\/image\/"}}]}},"_links":{"self":[{"href":"https:\/\/recal-se.tbwebsite.com\/no\/wp-json\/wp\/v2\/product\/14094"}],"collection":[{"href":"https:\/\/recal-se.tbwebsite.com\/no\/wp-json\/wp\/v2\/product"}],"about":[{"href":"https:\/\/recal-se.tbwebsite.com\/no\/wp-json\/wp\/v2\/types\/product"}],"replies":[{"embeddable":true,"href":"https:\/\/recal-se.tbwebsite.com\/no\/wp-json\/wp\/v2\/comments?post=14094"}],"version-history":[{"count":4,"href":"https:\/\/recal-se.tbwebsite.com\/no\/wp-json\/wp\/v2\/product\/14094\/revisions"}],"predecessor-version":[{"id":14987,"href":"https:\/\/recal-se.tbwebsite.com\/no\/wp-json\/wp\/v2\/product\/14094\/revisions\/14987"}],"wp:featuredmedia":[{"embeddable":true,"href":"https:\/\/recal-se.tbwebsite.com\/no\/wp-json\/wp\/v2\/media\/5312"}],"wp:attachment":[{"href":"https:\/\/recal-se.tbwebsite.com\/no\/wp-json\/wp\/v2\/media?parent=14094"}],"wp:term":[{"taxonomy":"product_cat","embeddable":true,"href":"https:\/\/recal-se.tbwebsite.com\/no\/wp-json\/wp\/v2\/product_cat?post=14094"},{"taxonomy":"product_tag","embeddable":true,"href":"https:\/\/recal-se.tbwebsite.com\/no\/wp-json\/wp\/v2\/product_tag?post=14094"}],"curies":[{"name":"wp","href":"https:\/\/api.w.org\/{rel}","templated":true}]}}