{"id":13718,"date":"2023-12-13T11:52:59","date_gmt":"2023-12-13T11:52:59","guid":{"rendered":"https:\/\/recal-se.tbwebsite.com\/?post_type=product&#038;p=13718"},"modified":"2024-02-13T08:24:56","modified_gmt":"2024-02-13T08:24:56","slug":"hegn-sommen","status":"publish","type":"product","link":"https:\/\/recal-se.tbwebsite.com\/no\/gjerdeogrekkverk\/hegn-sommen\/","title":{"rendered":"Hegnstolpe Sommen"},"content":{"rendered":"<p>Sommen er en hegnstolpe der egner sig til hegn rundt i haven. Velegnet til tr\u00e6reglar 19 \u00d7 100, impr\u00e6gneret og reglar \u00e6r st\u00e5ende.<\/p>\n<p><strong>Beskrivelse<\/strong><\/p>\n<p>Sommen hegnsstolpe fungerer godt som afgr\u00e6nsning i haven og er udf\u00f8rt i aluminium, hvilket giver en lang levetid takket v\u00e6re, at materialet er rustfrit. Stolperne har en dimension p\u00e5 70 x 70 mm, med en tykkelse p\u00e5 2 mm. Det g\u00f8r det til en stabil og solid hegnsstolpe, som du ogs\u00e5 kan v\u00e6lge farve p\u00e5. Stolperne f\u00e5s i tre farver: naturanodiseret, hvidlakeret (RAL 9010) eller mat sort (RAL 9005).<\/p>\n<p>&nbsp;<\/p>\n<p>Sommen er perfekt som indramme til haven. Luftig og alligevel fast. Med en fast h\u00f8jde p\u00e5 74,5 cm holder den haven \u00e5ben og indrammer huset samtidig med at den s\u00e6tter klare gr\u00e6nser for din grund. Brug hj\u00f8rne-, midter- og endestolper til at bygge det hegn, der passer til din situation. Hegnsstolpen Sommen er et solidt hegn, der virkelig vil forbedre din have og g\u00f8re terrassen mere hyggelig.<\/p>\n<p>&nbsp;<\/p>\n<p><strong>Reglar<\/strong><\/p>\n<p>Antallet af reglar varierer afh\u00e6ngigt af stolpeh\u00f8jden:<\/p>\n<ul>\n<li>74,5 cm: 2 st. reglar<\/li>\n<\/ul>\n<p>Afstanden mellem jorden og den f\u00f8rste reglaren er 24,5 cm. Afstanden mellem reglarne er 21 cm. Hullerne er 21&#215;120 mm.<\/p>\n<p><strong>Montering<\/strong><\/p>\n<p>K\u00f8b valgfrit impr\u00e6gneret tr\u00e6 i 19&#215;100 osv. hos din lokale byggeforhandler. S\u00f8rg for at tr\u00e6et ikke har svulmet for meget (det besv\u00e6rligg\u00f8r montering) S\u00e5 skal du ogs\u00e5 bruge f\u00f8lgende v\u00e6rkt\u00f8jer:<\/p>\n<ul>\n<li>M\u00e5leb\u00e5nd<\/li>\n<li>Skruemaskine med bit og bor<\/li>\n<\/ul>\n<h6>\u2022 Gummihammer (til at montere foden p\u00e5 stolpen)<\/h6>\n","protected":false},"excerpt":{"rendered":"<p>Sommen er en hegnstolpe der egner sig til hegn rundt i haven. Velegnet til tr\u00e6reglar 19 \u00d7 100, impr\u00e6gneret og reglar \u00e6r st\u00e5ende.<\/p>\n<p>&nbsp;<\/p>\n","protected":false},"featured_media":5515,"comment_status":"open","ping_status":"closed","template":"","meta":{"_acf_changed":false},"product_cat":[349,16],"product_tag":[109,72,87],"composite_virtual":false,"composite_layout":"","composite_add_to_cart_form_location":"","composite_editable_in_cart":false,"composite_sold_individually_context":"","composite_shop_price_calc":"","composite_components":[],"composite_scenarios":[],"acf":[],"yoast_head":"<!-- This site is optimized with the Yoast SEO plugin v22.2 - https:\/\/yoast.com\/wordpress\/plugins\/seo\/ -->\n<title>Hegnstolpe Sommen - Recal Norge<\/title>\n<meta name=\"description\" content=\"Sommen er en hegnstolpe der egner sig til hegn rundt i haven. Velegnet til tr\u00e6reglar 19 \u00d7 100, impr\u00e6gneret og reglar \u00e6r st\u00e5ende.\" \/>\n<meta name=\"robots\" content=\"index, follow, max-snippet:-1, max-image-preview:large, max-video-preview:-1\" \/>\n<link rel=\"canonical\" href=\"https:\/\/recal-se.tbwebsite.com\/no\/gjerdeogrekkverk\/hegn-sommen\/\" \/>\n<meta property=\"og:locale\" content=\"nb_NO\" \/>\n<meta property=\"og:type\" content=\"article\" \/>\n<meta property=\"og:title\" content=\"Hegnstolpe Sommen - Recal Norge\" \/>\n<meta property=\"og:description\" content=\"Sommen er en hegnstolpe der egner sig til hegn rundt i haven. Velegnet til tr\u00e6reglar 19 \u00d7 100, impr\u00e6gneret og reglar \u00e6r st\u00e5ende.\" \/>\n<meta property=\"og:url\" content=\"https:\/\/recal-se.tbwebsite.com\/no\/gjerdeogrekkverk\/hegn-sommen\/\" \/>\n<meta property=\"og:site_name\" content=\"Recal Norge\" \/>\n<meta property=\"article:modified_time\" content=\"2024-02-13T08:24:56+00:00\" \/>\n<meta property=\"og:image\" content=\"https:\/\/recal-se.tbwebsite.com\/no\/wp-content\/uploads\/sites\/5\/2020\/09\/staket-21x95-1-1-1.png\" \/>\n\t<meta property=\"og:image:width\" content=\"1736\" \/>\n\t<meta property=\"og:image:height\" content=\"1736\" \/>\n\t<meta property=\"og:image:type\" content=\"image\/png\" \/>\n<meta name=\"twitter:card\" content=\"summary_large_image\" \/>\n<meta name=\"twitter:label1\" content=\"Ansl. lesetid\" \/>\n\t<meta name=\"twitter:data1\" content=\"2 minutter\" \/>\n<script type=\"application\/ld+json\" class=\"yoast-schema-graph\">{\"@context\":\"https:\/\/schema.org\",\"@graph\":[{\"@type\":\"WebPage\",\"@id\":\"https:\/\/recal-se.tbwebsite.com\/no\/gjerdeogrekkverk\/hegn-sommen\/\",\"url\":\"https:\/\/recal-se.tbwebsite.com\/no\/gjerdeogrekkverk\/hegn-sommen\/\",\"name\":\"Hegnstolpe Sommen - Recal Norge\",\"isPartOf\":{\"@id\":\"https:\/\/recal-se.tbwebsite.com\/no\/#website\"},\"primaryImageOfPage\":{\"@id\":\"https:\/\/recal-se.tbwebsite.com\/no\/gjerdeogrekkverk\/hegn-sommen\/#primaryimage\"},\"image\":{\"@id\":\"https:\/\/recal-se.tbwebsite.com\/no\/gjerdeogrekkverk\/hegn-sommen\/#primaryimage\"},\"thumbnailUrl\":\"https:\/\/recal-se.tbwebsite.com\/no\/wp-content\/uploads\/sites\/5\/2020\/09\/staket-21x95-1-1-1.png\",\"datePublished\":\"2023-12-13T11:52:59+00:00\",\"dateModified\":\"2024-02-13T08:24:56+00:00\",\"description\":\"Sommen er en hegnstolpe der egner sig til hegn rundt i haven. Velegnet til tr\u00e6reglar 19 \u00d7 100, impr\u00e6gneret og reglar \u00e6r st\u00e5ende.\",\"breadcrumb\":{\"@id\":\"https:\/\/recal-se.tbwebsite.com\/no\/gjerdeogrekkverk\/hegn-sommen\/#breadcrumb\"},\"inLanguage\":\"nb-NO\",\"potentialAction\":[{\"@type\":\"ReadAction\",\"target\":[\"https:\/\/recal-se.tbwebsite.com\/no\/gjerdeogrekkverk\/hegn-sommen\/\"]}]},{\"@type\":\"ImageObject\",\"inLanguage\":\"nb-NO\",\"@id\":\"https:\/\/recal-se.tbwebsite.com\/no\/gjerdeogrekkverk\/hegn-sommen\/#primaryimage\",\"url\":\"https:\/\/recal-se.tbwebsite.com\/no\/wp-content\/uploads\/sites\/5\/2020\/09\/staket-21x95-1-1-1.png\",\"contentUrl\":\"https:\/\/recal-se.tbwebsite.com\/no\/wp-content\/uploads\/sites\/5\/2020\/09\/staket-21x95-1-1-1.png\",\"width\":1736,\"height\":1736},{\"@type\":\"BreadcrumbList\",\"@id\":\"https:\/\/recal-se.tbwebsite.com\/no\/gjerdeogrekkverk\/hegn-sommen\/#breadcrumb\",\"itemListElement\":[{\"@type\":\"ListItem\",\"position\":1,\"name\":\"Home\",\"item\":\"https:\/\/recal-se.tbwebsite.com\/no\/\"},{\"@type\":\"ListItem\",\"position\":2,\"name\":\"Shop\",\"item\":\"https:\/\/recal-se.tbwebsite.com\/no\/shop\/\"},{\"@type\":\"ListItem\",\"position\":3,\"name\":\"Hegnstolpe Sommen\"}]},{\"@type\":\"WebSite\",\"@id\":\"https:\/\/recal-se.tbwebsite.com\/no\/#website\",\"url\":\"https:\/\/recal-se.tbwebsite.com\/no\/\",\"name\":\"Recal Norge\",\"description\":\"Tr\u00e4dg\u00e5rdsprodukter tillverkade i aluminium fr\u00e5n Sm\u00e5land\",\"publisher\":{\"@id\":\"https:\/\/recal-se.tbwebsite.com\/no\/#organization\"},\"potentialAction\":[{\"@type\":\"SearchAction\",\"target\":{\"@type\":\"EntryPoint\",\"urlTemplate\":\"https:\/\/recal-se.tbwebsite.com\/no\/?s={search_term_string}\"},\"query-input\":\"required name=search_term_string\"}],\"inLanguage\":\"nb-NO\"},{\"@type\":\"Organization\",\"@id\":\"https:\/\/recal-se.tbwebsite.com\/no\/#organization\",\"name\":\"Recal Norge\",\"url\":\"https:\/\/recal-se.tbwebsite.com\/no\/\",\"logo\":{\"@type\":\"ImageObject\",\"inLanguage\":\"nb-NO\",\"@id\":\"https:\/\/recal-se.tbwebsite.com\/no\/#\/schema\/logo\/image\/\",\"url\":\"https:\/\/recal-se.tbwebsite.com\/no\/wp-content\/uploads\/sites\/5\/2020\/06\/recal-logotype_svart_1.png\",\"contentUrl\":\"https:\/\/recal-se.tbwebsite.com\/no\/wp-content\/uploads\/sites\/5\/2020\/06\/recal-logotype_svart_1.png\",\"width\":260,\"height\":52,\"caption\":\"Recal Norge\"},\"image\":{\"@id\":\"https:\/\/recal-se.tbwebsite.com\/no\/#\/schema\/logo\/image\/\"}}]}<\/script>\n<!-- \/ Yoast SEO plugin. -->","yoast_head_json":{"title":"Hegnstolpe Sommen - Recal Norge","description":"Sommen er en hegnstolpe der egner sig til hegn rundt i haven. Velegnet til tr\u00e6reglar 19 \u00d7 100, impr\u00e6gneret og reglar \u00e6r st\u00e5ende.","robots":{"index":"index","follow":"follow","max-snippet":"max-snippet:-1","max-image-preview":"max-image-preview:large","max-video-preview":"max-video-preview:-1"},"canonical":"https:\/\/recal-se.tbwebsite.com\/no\/gjerdeogrekkverk\/hegn-sommen\/","og_locale":"nb_NO","og_type":"article","og_title":"Hegnstolpe Sommen - Recal Norge","og_description":"Sommen er en hegnstolpe der egner sig til hegn rundt i haven. Velegnet til tr\u00e6reglar 19 \u00d7 100, impr\u00e6gneret og reglar \u00e6r st\u00e5ende.","og_url":"https:\/\/recal-se.tbwebsite.com\/no\/gjerdeogrekkverk\/hegn-sommen\/","og_site_name":"Recal Norge","article_modified_time":"2024-02-13T08:24:56+00:00","og_image":[{"width":1736,"height":1736,"url":"https:\/\/recal-se.tbwebsite.com\/no\/wp-content\/uploads\/sites\/5\/2020\/09\/staket-21x95-1-1-1.png","type":"image\/png"}],"twitter_card":"summary_large_image","twitter_misc":{"Ansl. lesetid":"2 minutter"},"schema":{"@context":"https:\/\/schema.org","@graph":[{"@type":"WebPage","@id":"https:\/\/recal-se.tbwebsite.com\/no\/gjerdeogrekkverk\/hegn-sommen\/","url":"https:\/\/recal-se.tbwebsite.com\/no\/gjerdeogrekkverk\/hegn-sommen\/","name":"Hegnstolpe Sommen - Recal Norge","isPartOf":{"@id":"https:\/\/recal-se.tbwebsite.com\/no\/#website"},"primaryImageOfPage":{"@id":"https:\/\/recal-se.tbwebsite.com\/no\/gjerdeogrekkverk\/hegn-sommen\/#primaryimage"},"image":{"@id":"https:\/\/recal-se.tbwebsite.com\/no\/gjerdeogrekkverk\/hegn-sommen\/#primaryimage"},"thumbnailUrl":"https:\/\/recal-se.tbwebsite.com\/no\/wp-content\/uploads\/sites\/5\/2020\/09\/staket-21x95-1-1-1.png","datePublished":"2023-12-13T11:52:59+00:00","dateModified":"2024-02-13T08:24:56+00:00","description":"Sommen er en hegnstolpe der egner sig til hegn rundt i haven. Velegnet til tr\u00e6reglar 19 \u00d7 100, impr\u00e6gneret og reglar \u00e6r st\u00e5ende.","breadcrumb":{"@id":"https:\/\/recal-se.tbwebsite.com\/no\/gjerdeogrekkverk\/hegn-sommen\/#breadcrumb"},"inLanguage":"nb-NO","potentialAction":[{"@type":"ReadAction","target":["https:\/\/recal-se.tbwebsite.com\/no\/gjerdeogrekkverk\/hegn-sommen\/"]}]},{"@type":"ImageObject","inLanguage":"nb-NO","@id":"https:\/\/recal-se.tbwebsite.com\/no\/gjerdeogrekkverk\/hegn-sommen\/#primaryimage","url":"https:\/\/recal-se.tbwebsite.com\/no\/wp-content\/uploads\/sites\/5\/2020\/09\/staket-21x95-1-1-1.png","contentUrl":"https:\/\/recal-se.tbwebsite.com\/no\/wp-content\/uploads\/sites\/5\/2020\/09\/staket-21x95-1-1-1.png","width":1736,"height":1736},{"@type":"BreadcrumbList","@id":"https:\/\/recal-se.tbwebsite.com\/no\/gjerdeogrekkverk\/hegn-sommen\/#breadcrumb","itemListElement":[{"@type":"ListItem","position":1,"name":"Home","item":"https:\/\/recal-se.tbwebsite.com\/no\/"},{"@type":"ListItem","position":2,"name":"Shop","item":"https:\/\/recal-se.tbwebsite.com\/no\/shop\/"},{"@type":"ListItem","position":3,"name":"Hegnstolpe Sommen"}]},{"@type":"WebSite","@id":"https:\/\/recal-se.tbwebsite.com\/no\/#website","url":"https:\/\/recal-se.tbwebsite.com\/no\/","name":"Recal Norge","description":"Tr\u00e4dg\u00e5rdsprodukter tillverkade i aluminium fr\u00e5n Sm\u00e5land","publisher":{"@id":"https:\/\/recal-se.tbwebsite.com\/no\/#organization"},"potentialAction":[{"@type":"SearchAction","target":{"@type":"EntryPoint","urlTemplate":"https:\/\/recal-se.tbwebsite.com\/no\/?s={search_term_string}"},"query-input":"required name=search_term_string"}],"inLanguage":"nb-NO"},{"@type":"Organization","@id":"https:\/\/recal-se.tbwebsite.com\/no\/#organization","name":"Recal Norge","url":"https:\/\/recal-se.tbwebsite.com\/no\/","logo":{"@type":"ImageObject","inLanguage":"nb-NO","@id":"https:\/\/recal-se.tbwebsite.com\/no\/#\/schema\/logo\/image\/","url":"https:\/\/recal-se.tbwebsite.com\/no\/wp-content\/uploads\/sites\/5\/2020\/06\/recal-logotype_svart_1.png","contentUrl":"https:\/\/recal-se.tbwebsite.com\/no\/wp-content\/uploads\/sites\/5\/2020\/06\/recal-logotype_svart_1.png","width":260,"height":52,"caption":"Recal Norge"},"image":{"@id":"https:\/\/recal-se.tbwebsite.com\/no\/#\/schema\/logo\/image\/"}}]}},"_links":{"self":[{"href":"https:\/\/recal-se.tbwebsite.com\/no\/wp-json\/wp\/v2\/product\/13718"}],"collection":[{"href":"https:\/\/recal-se.tbwebsite.com\/no\/wp-json\/wp\/v2\/product"}],"about":[{"href":"https:\/\/recal-se.tbwebsite.com\/no\/wp-json\/wp\/v2\/types\/product"}],"replies":[{"embeddable":true,"href":"https:\/\/recal-se.tbwebsite.com\/no\/wp-json\/wp\/v2\/comments?post=13718"}],"version-history":[{"count":3,"href":"https:\/\/recal-se.tbwebsite.com\/no\/wp-json\/wp\/v2\/product\/13718\/revisions"}],"predecessor-version":[{"id":15244,"href":"https:\/\/recal-se.tbwebsite.com\/no\/wp-json\/wp\/v2\/product\/13718\/revisions\/15244"}],"wp:featuredmedia":[{"embeddable":true,"href":"https:\/\/recal-se.tbwebsite.com\/no\/wp-json\/wp\/v2\/media\/5515"}],"wp:attachment":[{"href":"https:\/\/recal-se.tbwebsite.com\/no\/wp-json\/wp\/v2\/media?parent=13718"}],"wp:term":[{"taxonomy":"product_cat","embeddable":true,"href":"https:\/\/recal-se.tbwebsite.com\/no\/wp-json\/wp\/v2\/product_cat?post=13718"},{"taxonomy":"product_tag","embeddable":true,"href":"https:\/\/recal-se.tbwebsite.com\/no\/wp-json\/wp\/v2\/product_tag?post=13718"}],"curies":[{"name":"wp","href":"https:\/\/api.w.org\/{rel}","templated":true}]}}