{"id":13641,"date":"2023-12-13T11:31:00","date_gmt":"2023-12-13T11:31:00","guid":{"rendered":"https:\/\/recal-se.tbwebsite.com\/?post_type=product&#038;p=13641"},"modified":"2024-02-13T08:24:59","modified_gmt":"2024-02-13T08:24:59","slug":"haren","status":"publish","type":"product","link":"https:\/\/recal-se.tbwebsite.com\/no\/gjerdeogrekkverk\/haren\/","title":{"rendered":"H\u00e4ren"},"content":{"rendered":"<div class=\"SonMi\">\n<div class=\"SonMi\">H\u00e4ren er en gjerdestolpe som fungerer like godt som balkongrekkverk eller skjerming i hagen din. H\u00e4ren er en gjerdestolpe laget av aluminium og gir lang levetid takket v\u00e6re at materialet er rustfritt. Stolpene har dimensjon p\u00e5 70 x 70 mm, med en tykkelse p\u00e5 2 mm. Stolpene er tilgjengelige i tre farger: naturanodisert eller hvitlakkert (RAL 9010) eller matt sort (RAL 9005). Passer for 22 X 95 impregnerte bord som monteres vinklet for god innsynsbeskyttelse.<\/div>\n<\/div>\n<div><\/div>\n<div>H\u00e4ren gjerdestolpe gir god innsynsbeskyttelse fra naboer<span class=\"base\" data-ui-id=\"page-title-wrapper\">!<\/span><\/div>\n<div><\/div>\n<div class=\"EtVcZ Ap93o Aw4Wz UI6MA\">\n<div class=\"tztjY\"><b>Antall bord varierer avhengig av stolpeh\u00f8yden:<\/b><br \/>\n74,5 cm: 6 stk bord<br \/>\n106 cm: 9 stk bord<br \/>\n147,5 cm: 13 stk bord<\/div>\n<div class=\"tztjY\">\n<p>179,5cm: 16 stk bord<\/p>\n<p>Avstanden mellom bakken og f\u00f8rste bord er 10 cm. Avstanden mellom bordene er 1,5 cm. Hullene er 23 X 97mm. Husk \u00e5 bestille riktige stolpetyper for ditt form\u00e5l (mellomstolper, hj\u00f8rnestolper, endestolper). For endestolpe s\u00e5 kikk alltid innenfra og ut p\u00e5 gjerdet for \u00e5 velge h\u00f8yre eller venstre. Stolpehatt finnes i svart eller aluminium i valgfri farge. Glem ikke \u00e5 bestille stolpefot til hver stolpe.<\/p>\n<p>Kj\u00f8p valgfrie impregnerte bord 21 x 95 mm hos din lokale byggevarehandel. Pass p\u00e5 at treverket ikke har svellet for mye (det gj\u00f8r monteringen vanskeligere).<\/p>\n<p><b>Du trenger f\u00f8lgende verkt\u00f8y:<\/b><br \/>\n1 x m\u00e5leb\u00e5nd<br \/>\n1 x Skrutrekker med bits og bor<br \/>\n1 x gummihammer (for \u00e5 montere foten p\u00e5 stolpen)<\/p>\n<p>Monter bordene ved hjelp av festet p\u00e5 baksiden av stolpene. Monter alltid gjerdet slik at det blir stabilt, det er maks anbefalt 150 cm mellom stolpene. Plasser alltid ut stolpene f\u00f8r du skrur fast slik at du vet at din bestilling er korrekt.<\/p>\n<\/div>\n<\/div>\n<p>&nbsp;<\/p>\n<p><a href=\"https:\/\/www.bauhaus.no\/terrassebord-moelven-impregnert-furu-21x95x4200\">TERRASSEBORD MOELVEN IMPREGNERT FURU 21X95X4200 | BAUHAUS<\/a><\/p>\n","protected":false},"excerpt":{"rendered":"<p>H\u00e4ren er en gjerdestolpe som fungerer like bra som terrasse rekkverk eller gjerdetstolp som avgrensning i hagen din. &#8220;H\u00e4ren&#8221; er en gjerdestolpe laget av aluminium, noe som gir lang levetid p\u00e5 grunn av materialets rustfrie egenskaper.<\/p>\n","protected":false},"featured_media":5601,"comment_status":"open","ping_status":"closed","template":"","meta":{"_acf_changed":false},"product_cat":[349,16],"product_tag":[335,337,336,338],"composite_virtual":false,"composite_layout":"","composite_add_to_cart_form_location":"","composite_editable_in_cart":false,"composite_sold_individually_context":"","composite_shop_price_calc":"","composite_components":[],"composite_scenarios":[],"acf":[],"yoast_head":"<!-- This site is optimized with the Yoast SEO plugin v22.2 - https:\/\/yoast.com\/wordpress\/plugins\/seo\/ -->\n<title>Gjerdestolpe H\u00e4ren - Recal Norge<\/title>\n<meta name=\"description\" content=\"H\u00e4ren er en gjerdestolpe som fungerer like bra som terrasse rekkverk eller gjerdetstolp som avgrensning i hagen din. &quot;H\u00e4ren&quot; er en gjerdestolpe laget av aluminium, noe som gir lang levetid p\u00e5 grunn av materialets rustfrie egenskaper.\" \/>\n<meta name=\"robots\" content=\"index, follow, max-snippet:-1, max-image-preview:large, max-video-preview:-1\" \/>\n<link rel=\"canonical\" href=\"https:\/\/recal-se.tbwebsite.com\/no\/gjerdeogrekkverk\/haren\/\" \/>\n<meta property=\"og:locale\" content=\"nb_NO\" \/>\n<meta property=\"og:type\" content=\"article\" \/>\n<meta property=\"og:title\" content=\"Gjerdestolpe H\u00e4ren - Recal Norge\" \/>\n<meta property=\"og:description\" content=\"H\u00e4ren er en gjerdestolpe som fungerer like bra som terrasse rekkverk eller gjerdetstolp som avgrensning i hagen din. &quot;H\u00e4ren&quot; er en gjerdestolpe laget av aluminium, noe som gir lang levetid p\u00e5 grunn av materialets rustfrie egenskaper.\" \/>\n<meta property=\"og:url\" content=\"https:\/\/recal-se.tbwebsite.com\/no\/gjerdeogrekkverk\/haren\/\" \/>\n<meta property=\"og:site_name\" content=\"Recal Norge\" \/>\n<meta property=\"article:modified_time\" content=\"2024-02-13T08:24:59+00:00\" \/>\n<meta property=\"og:image\" content=\"https:\/\/recal-se.tbwebsite.com\/no\/wp-content\/uploads\/sites\/5\/2020\/06\/21x95-1.png\" \/>\n\t<meta property=\"og:image:width\" content=\"1500\" \/>\n\t<meta property=\"og:image:height\" content=\"1500\" \/>\n\t<meta property=\"og:image:type\" content=\"image\/png\" \/>\n<meta name=\"twitter:card\" content=\"summary_large_image\" \/>\n<meta name=\"twitter:label1\" content=\"Ansl. lesetid\" \/>\n\t<meta name=\"twitter:data1\" content=\"2 minutter\" \/>\n<script type=\"application\/ld+json\" class=\"yoast-schema-graph\">{\"@context\":\"https:\/\/schema.org\",\"@graph\":[{\"@type\":\"WebPage\",\"@id\":\"https:\/\/recal-se.tbwebsite.com\/no\/gjerdeogrekkverk\/haren\/\",\"url\":\"https:\/\/recal-se.tbwebsite.com\/no\/gjerdeogrekkverk\/haren\/\",\"name\":\"Gjerdestolpe H\u00e4ren - Recal Norge\",\"isPartOf\":{\"@id\":\"https:\/\/recal-se.tbwebsite.com\/no\/#website\"},\"primaryImageOfPage\":{\"@id\":\"https:\/\/recal-se.tbwebsite.com\/no\/gjerdeogrekkverk\/haren\/#primaryimage\"},\"image\":{\"@id\":\"https:\/\/recal-se.tbwebsite.com\/no\/gjerdeogrekkverk\/haren\/#primaryimage\"},\"thumbnailUrl\":\"https:\/\/recal-se.tbwebsite.com\/no\/wp-content\/uploads\/sites\/5\/2020\/06\/21x95-1.png\",\"datePublished\":\"2023-12-13T11:31:00+00:00\",\"dateModified\":\"2024-02-13T08:24:59+00:00\",\"description\":\"H\u00e4ren er en gjerdestolpe som fungerer like bra som terrasse rekkverk eller gjerdetstolp som avgrensning i hagen din. \\\"H\u00e4ren\\\" er en gjerdestolpe laget av aluminium, noe som gir lang levetid p\u00e5 grunn av materialets rustfrie egenskaper.\",\"breadcrumb\":{\"@id\":\"https:\/\/recal-se.tbwebsite.com\/no\/gjerdeogrekkverk\/haren\/#breadcrumb\"},\"inLanguage\":\"nb-NO\",\"potentialAction\":[{\"@type\":\"ReadAction\",\"target\":[\"https:\/\/recal-se.tbwebsite.com\/no\/gjerdeogrekkverk\/haren\/\"]}]},{\"@type\":\"ImageObject\",\"inLanguage\":\"nb-NO\",\"@id\":\"https:\/\/recal-se.tbwebsite.com\/no\/gjerdeogrekkverk\/haren\/#primaryimage\",\"url\":\"https:\/\/recal-se.tbwebsite.com\/no\/wp-content\/uploads\/sites\/5\/2020\/06\/21x95-1.png\",\"contentUrl\":\"https:\/\/recal-se.tbwebsite.com\/no\/wp-content\/uploads\/sites\/5\/2020\/06\/21x95-1.png\",\"width\":1500,\"height\":1500},{\"@type\":\"BreadcrumbList\",\"@id\":\"https:\/\/recal-se.tbwebsite.com\/no\/gjerdeogrekkverk\/haren\/#breadcrumb\",\"itemListElement\":[{\"@type\":\"ListItem\",\"position\":1,\"name\":\"Home\",\"item\":\"https:\/\/recal-se.tbwebsite.com\/no\/\"},{\"@type\":\"ListItem\",\"position\":2,\"name\":\"Shop\",\"item\":\"https:\/\/recal-se.tbwebsite.com\/no\/shop\/\"},{\"@type\":\"ListItem\",\"position\":3,\"name\":\"H\u00e4ren\"}]},{\"@type\":\"WebSite\",\"@id\":\"https:\/\/recal-se.tbwebsite.com\/no\/#website\",\"url\":\"https:\/\/recal-se.tbwebsite.com\/no\/\",\"name\":\"Recal Norge\",\"description\":\"Tr\u00e4dg\u00e5rdsprodukter tillverkade i aluminium fr\u00e5n Sm\u00e5land\",\"publisher\":{\"@id\":\"https:\/\/recal-se.tbwebsite.com\/no\/#organization\"},\"potentialAction\":[{\"@type\":\"SearchAction\",\"target\":{\"@type\":\"EntryPoint\",\"urlTemplate\":\"https:\/\/recal-se.tbwebsite.com\/no\/?s={search_term_string}\"},\"query-input\":\"required name=search_term_string\"}],\"inLanguage\":\"nb-NO\"},{\"@type\":\"Organization\",\"@id\":\"https:\/\/recal-se.tbwebsite.com\/no\/#organization\",\"name\":\"Recal Norge\",\"url\":\"https:\/\/recal-se.tbwebsite.com\/no\/\",\"logo\":{\"@type\":\"ImageObject\",\"inLanguage\":\"nb-NO\",\"@id\":\"https:\/\/recal-se.tbwebsite.com\/no\/#\/schema\/logo\/image\/\",\"url\":\"https:\/\/recal-se.tbwebsite.com\/no\/wp-content\/uploads\/sites\/5\/2020\/06\/recal-logotype_svart_1.png\",\"contentUrl\":\"https:\/\/recal-se.tbwebsite.com\/no\/wp-content\/uploads\/sites\/5\/2020\/06\/recal-logotype_svart_1.png\",\"width\":260,\"height\":52,\"caption\":\"Recal Norge\"},\"image\":{\"@id\":\"https:\/\/recal-se.tbwebsite.com\/no\/#\/schema\/logo\/image\/\"}}]}<\/script>\n<!-- \/ Yoast SEO plugin. -->","yoast_head_json":{"title":"Gjerdestolpe H\u00e4ren - Recal Norge","description":"H\u00e4ren er en gjerdestolpe som fungerer like bra som terrasse rekkverk eller gjerdetstolp som avgrensning i hagen din. \"H\u00e4ren\" er en gjerdestolpe laget av aluminium, noe som gir lang levetid p\u00e5 grunn av materialets rustfrie egenskaper.","robots":{"index":"index","follow":"follow","max-snippet":"max-snippet:-1","max-image-preview":"max-image-preview:large","max-video-preview":"max-video-preview:-1"},"canonical":"https:\/\/recal-se.tbwebsite.com\/no\/gjerdeogrekkverk\/haren\/","og_locale":"nb_NO","og_type":"article","og_title":"Gjerdestolpe H\u00e4ren - Recal Norge","og_description":"H\u00e4ren er en gjerdestolpe som fungerer like bra som terrasse rekkverk eller gjerdetstolp som avgrensning i hagen din. \"H\u00e4ren\" er en gjerdestolpe laget av aluminium, noe som gir lang levetid p\u00e5 grunn av materialets rustfrie egenskaper.","og_url":"https:\/\/recal-se.tbwebsite.com\/no\/gjerdeogrekkverk\/haren\/","og_site_name":"Recal Norge","article_modified_time":"2024-02-13T08:24:59+00:00","og_image":[{"width":1500,"height":1500,"url":"https:\/\/recal-se.tbwebsite.com\/no\/wp-content\/uploads\/sites\/5\/2020\/06\/21x95-1.png","type":"image\/png"}],"twitter_card":"summary_large_image","twitter_misc":{"Ansl. lesetid":"2 minutter"},"schema":{"@context":"https:\/\/schema.org","@graph":[{"@type":"WebPage","@id":"https:\/\/recal-se.tbwebsite.com\/no\/gjerdeogrekkverk\/haren\/","url":"https:\/\/recal-se.tbwebsite.com\/no\/gjerdeogrekkverk\/haren\/","name":"Gjerdestolpe H\u00e4ren - Recal Norge","isPartOf":{"@id":"https:\/\/recal-se.tbwebsite.com\/no\/#website"},"primaryImageOfPage":{"@id":"https:\/\/recal-se.tbwebsite.com\/no\/gjerdeogrekkverk\/haren\/#primaryimage"},"image":{"@id":"https:\/\/recal-se.tbwebsite.com\/no\/gjerdeogrekkverk\/haren\/#primaryimage"},"thumbnailUrl":"https:\/\/recal-se.tbwebsite.com\/no\/wp-content\/uploads\/sites\/5\/2020\/06\/21x95-1.png","datePublished":"2023-12-13T11:31:00+00:00","dateModified":"2024-02-13T08:24:59+00:00","description":"H\u00e4ren er en gjerdestolpe som fungerer like bra som terrasse rekkverk eller gjerdetstolp som avgrensning i hagen din. \"H\u00e4ren\" er en gjerdestolpe laget av aluminium, noe som gir lang levetid p\u00e5 grunn av materialets rustfrie egenskaper.","breadcrumb":{"@id":"https:\/\/recal-se.tbwebsite.com\/no\/gjerdeogrekkverk\/haren\/#breadcrumb"},"inLanguage":"nb-NO","potentialAction":[{"@type":"ReadAction","target":["https:\/\/recal-se.tbwebsite.com\/no\/gjerdeogrekkverk\/haren\/"]}]},{"@type":"ImageObject","inLanguage":"nb-NO","@id":"https:\/\/recal-se.tbwebsite.com\/no\/gjerdeogrekkverk\/haren\/#primaryimage","url":"https:\/\/recal-se.tbwebsite.com\/no\/wp-content\/uploads\/sites\/5\/2020\/06\/21x95-1.png","contentUrl":"https:\/\/recal-se.tbwebsite.com\/no\/wp-content\/uploads\/sites\/5\/2020\/06\/21x95-1.png","width":1500,"height":1500},{"@type":"BreadcrumbList","@id":"https:\/\/recal-se.tbwebsite.com\/no\/gjerdeogrekkverk\/haren\/#breadcrumb","itemListElement":[{"@type":"ListItem","position":1,"name":"Home","item":"https:\/\/recal-se.tbwebsite.com\/no\/"},{"@type":"ListItem","position":2,"name":"Shop","item":"https:\/\/recal-se.tbwebsite.com\/no\/shop\/"},{"@type":"ListItem","position":3,"name":"H\u00e4ren"}]},{"@type":"WebSite","@id":"https:\/\/recal-se.tbwebsite.com\/no\/#website","url":"https:\/\/recal-se.tbwebsite.com\/no\/","name":"Recal Norge","description":"Tr\u00e4dg\u00e5rdsprodukter tillverkade i aluminium fr\u00e5n Sm\u00e5land","publisher":{"@id":"https:\/\/recal-se.tbwebsite.com\/no\/#organization"},"potentialAction":[{"@type":"SearchAction","target":{"@type":"EntryPoint","urlTemplate":"https:\/\/recal-se.tbwebsite.com\/no\/?s={search_term_string}"},"query-input":"required name=search_term_string"}],"inLanguage":"nb-NO"},{"@type":"Organization","@id":"https:\/\/recal-se.tbwebsite.com\/no\/#organization","name":"Recal Norge","url":"https:\/\/recal-se.tbwebsite.com\/no\/","logo":{"@type":"ImageObject","inLanguage":"nb-NO","@id":"https:\/\/recal-se.tbwebsite.com\/no\/#\/schema\/logo\/image\/","url":"https:\/\/recal-se.tbwebsite.com\/no\/wp-content\/uploads\/sites\/5\/2020\/06\/recal-logotype_svart_1.png","contentUrl":"https:\/\/recal-se.tbwebsite.com\/no\/wp-content\/uploads\/sites\/5\/2020\/06\/recal-logotype_svart_1.png","width":260,"height":52,"caption":"Recal Norge"},"image":{"@id":"https:\/\/recal-se.tbwebsite.com\/no\/#\/schema\/logo\/image\/"}}]}},"_links":{"self":[{"href":"https:\/\/recal-se.tbwebsite.com\/no\/wp-json\/wp\/v2\/product\/13641"}],"collection":[{"href":"https:\/\/recal-se.tbwebsite.com\/no\/wp-json\/wp\/v2\/product"}],"about":[{"href":"https:\/\/recal-se.tbwebsite.com\/no\/wp-json\/wp\/v2\/types\/product"}],"replies":[{"embeddable":true,"href":"https:\/\/recal-se.tbwebsite.com\/no\/wp-json\/wp\/v2\/comments?post=13641"}],"version-history":[{"count":6,"href":"https:\/\/recal-se.tbwebsite.com\/no\/wp-json\/wp\/v2\/product\/13641\/revisions"}],"predecessor-version":[{"id":15243,"href":"https:\/\/recal-se.tbwebsite.com\/no\/wp-json\/wp\/v2\/product\/13641\/revisions\/15243"}],"wp:featuredmedia":[{"embeddable":true,"href":"https:\/\/recal-se.tbwebsite.com\/no\/wp-json\/wp\/v2\/media\/5601"}],"wp:attachment":[{"href":"https:\/\/recal-se.tbwebsite.com\/no\/wp-json\/wp\/v2\/media?parent=13641"}],"wp:term":[{"taxonomy":"product_cat","embeddable":true,"href":"https:\/\/recal-se.tbwebsite.com\/no\/wp-json\/wp\/v2\/product_cat?post=13641"},{"taxonomy":"product_tag","embeddable":true,"href":"https:\/\/recal-se.tbwebsite.com\/no\/wp-json\/wp\/v2\/product_tag?post=13641"}],"curies":[{"name":"wp","href":"https:\/\/api.w.org\/{rel}","templated":true}]}}