{"id":13319,"date":"2023-12-13T10:03:39","date_gmt":"2023-12-13T10:03:39","guid":{"rendered":"https:\/\/recal-se.tbwebsite.com\/?post_type=product&#038;p=13319"},"modified":"2024-02-28T07:27:06","modified_gmt":"2024-02-28T07:27:06","slug":"bolmen","status":"publish","type":"product","link":"https:\/\/recal-se.tbwebsite.com\/no\/gjerdeogrekkverk\/bolmen\/","title":{"rendered":"Bolmen"},"content":{"rendered":"<p><strong>Moderne og stabil gjerdestolpe i aluminium<\/strong><\/p>\n<div class=\"product-details__content product-details__content--description description\" role=\"tabpanel\" data-role=\"content\" aria-labelledby=\"go-to-description\" aria-hidden=\"true\">\n<div><\/div>\n<div>Bolmen er en gjerdestolpe som fungerer like godt som rekkverk p\u00e5 balkongen eller gjerde i hagen din mot innsyn, i tillegg er den med \u00e5 gi uteplassen ett vakkert utseende! Gjerdestolpen er laget av aluminium og gir lang levetid takket v\u00e6re at materialet er rustfritt. Stolpene har en dimensjon p\u00e5 70&#215;70 mm, med en tykkelse p\u00e5 2 mm. De har utsk\u00e5rne hull som er tilpasset 48&#215;48 planker, norsk standard. Avstanden mellom bakken og den f\u00f8rste lekte er 12 cm. Avstanden mellom bjelkene er 2,1 cm. Hullene er 50 x 50 mm.<\/div>\n<\/div>\n<div>\n<p>Bolmen gjerdestolpe er flott som avgrensing i hagen, og siden den er laget av aluminium, gir den lang levetid p\u00e5 grunn av materialets rustfrie egenskaper. De kvalitetsrike stolpene har dimensjoner p\u00e5 70 x 70 mm, med en materialetykkelse p\u00e5 hele 2 mm. Dette gj\u00f8r den til en solid og p\u00e5litelig gjerdestolpe som du ogs\u00e5 kan velge farge p\u00e5. Stolpene er tilgjengelige i tre farger: naturlig anodisert, hvitlakkert (RAL 9010) eller mattsvart (RAL 9005).<\/p>\n<p>Bolmen gjerdestolpe er perfekt som en ramme rundt hagen din. Med h\u00f8yder etter dine behov holder den hagen \u00e5pen, rammes inn rundt huset samtidig som den setter tydelige grenser for eiendommen din. Bruk hj\u00f8rne-, mellom- og endestolper for \u00e5 bygge gjerdet som passer akkurat din situasjon og tomt.<\/p>\n<\/div>\n<div class=\"product-details__content product-details__content--description description\" role=\"tabpanel\" data-role=\"content\" aria-labelledby=\"go-to-description\" aria-hidden=\"true\">\n<p><strong>Annen informasjon<\/strong><br \/>\nOm \u00f8nskelig kan trelektene beises til \u00f8nsket nyanse av brukeren selv. Antall lekt varierer avhengig av stolpeh\u00f8yden.<\/p>\n<p>745 mm = 7 hull<br \/>\n<strong>995 mm = 10 hull<\/strong><br \/>\n1255 mm = 13 hull<br \/>\n1510 mm = 16 hull<\/p>\n<p>1680mm = 18 hull<br \/>\n1765 mm = 19 hull<\/p>\n<p>&nbsp;<\/p>\n<p>&nbsp;<\/p>\n<p>Gjerdestolpe<br \/>\nHusk \u00e5 bestille riktig type stolpe til form\u00e5let (midtstolpe, hj\u00f8rnestolpe, endestolpe).<\/p>\n<p>Stolpehatt<br \/>\nStolpehettene er tilgjengelige i svart plast eller aluminium i valgfri farge.<\/p>\n<p>Stolpefot<br \/>\nHusk \u00e5 bestille en stolpefot til hver stolpe.<\/p>\n<p>Installasjon<br \/>\nKj\u00f8p 48 x 48 mm impregnert trevirke i ditt lokale byggvarehus. Pass p\u00e5 at t\u00f8mmeret ikke har svellet for mye (det gj\u00f8r monteringen vanskelig), s\u00e5 trenger du ogs\u00e5 f\u00f8lgende verkt\u00f8y:<\/p>\n<p>M\u00e5leb\u00e5nd<br \/>\nSkrutrekker med bits og bor<br \/>\nGummihammer (for \u00e5 montere foten p\u00e5 stangen)<\/p>\n<p>Monter skinnene ved hjelp av braketten p\u00e5 baksiden av stolpene, og monter alltid gjerdet slik at det st\u00e5r stabilt &#8211; vi anbefaler maks. 150 cm mellom stolpene og at du alltid plasserer stolpene f\u00f8r du skrur fast t\u00f8mmeret for \u00e5 sikre at bestillingen blir riktig.<\/p>\n<div><\/div>\n<div><\/div>\n<\/div>\n","protected":false},"excerpt":{"rendered":"<p>Solid aluminiumstolpe som passer b\u00e5de som terrasse rekkverk og vanlig gjerde. Den er ogs\u00e5 enkel \u00e5 montere \u2013 du trenger bare impregnert trevirke med standardm\u00e5let 48&#215;48.<\/p>\n<p>Bolmen kan leveres i \u00f8nsket h\u00f8yde og med 45 graders hj\u00f8rner.<\/p>\n<p>For en komplett produkt, bestill stolpefot, stolpehatt og monteringsskruer for trae samtidig!<\/p>\n<p>Ta kontakt med oss for mer informasjon.<\/p>\n","protected":false},"featured_media":5538,"comment_status":"open","ping_status":"closed","template":"","meta":{"_acf_changed":false},"product_cat":[349,16],"product_tag":[335,336],"composite_virtual":false,"composite_layout":"","composite_add_to_cart_form_location":"","composite_editable_in_cart":false,"composite_sold_individually_context":"","composite_shop_price_calc":"","composite_components":[],"composite_scenarios":[],"acf":[],"yoast_head":"<!-- This site is optimized with the Yoast SEO plugin v22.2 - https:\/\/yoast.com\/wordpress\/plugins\/seo\/ -->\n<title>Gjerdestolpe Bolmen - Recal Norge<\/title>\n<meta name=\"description\" content=\"Bolmen gjerdestolpe er perfekt som en ramme rundt hagen din. Med h\u00f8yder etter dine behov holder den hagen \u00e5pen, rammes inn rundt huset samtidig som den setter tydelige grenser for eiendommen din. Bruk hj\u00f8rne-, mellom- og endestolper for \u00e5 bygge gjerdet som passer akkurat din situasjon og tomt.\" \/>\n<meta name=\"robots\" content=\"index, follow, max-snippet:-1, max-image-preview:large, max-video-preview:-1\" \/>\n<link rel=\"canonical\" href=\"https:\/\/recal-se.tbwebsite.com\/no\/gjerdeogrekkverk\/bolmen\/\" \/>\n<meta property=\"og:locale\" content=\"nb_NO\" \/>\n<meta property=\"og:type\" content=\"article\" \/>\n<meta property=\"og:title\" content=\"Gjerdestolpe Bolmen - Recal Norge\" \/>\n<meta property=\"og:description\" content=\"Bolmen gjerdestolpe er perfekt som en ramme rundt hagen din. Med h\u00f8yder etter dine behov holder den hagen \u00e5pen, rammes inn rundt huset samtidig som den setter tydelige grenser for eiendommen din. Bruk hj\u00f8rne-, mellom- og endestolper for \u00e5 bygge gjerdet som passer akkurat din situasjon og tomt.\" \/>\n<meta property=\"og:url\" content=\"https:\/\/recal-se.tbwebsite.com\/no\/gjerdeogrekkverk\/bolmen\/\" \/>\n<meta property=\"og:site_name\" content=\"Recal Norge\" \/>\n<meta property=\"article:modified_time\" content=\"2024-02-28T07:27:06+00:00\" \/>\n<meta property=\"og:image\" content=\"https:\/\/recal-se.tbwebsite.com\/no\/wp-content\/uploads\/sites\/5\/2020\/06\/45x45-1.png\" \/>\n\t<meta property=\"og:image:width\" content=\"1386\" \/>\n\t<meta property=\"og:image:height\" content=\"1386\" \/>\n\t<meta property=\"og:image:type\" content=\"image\/png\" \/>\n<meta name=\"twitter:card\" content=\"summary_large_image\" \/>\n<meta name=\"twitter:label1\" content=\"Ansl. lesetid\" \/>\n\t<meta name=\"twitter:data1\" content=\"3 minutter\" \/>\n<script type=\"application\/ld+json\" class=\"yoast-schema-graph\">{\"@context\":\"https:\/\/schema.org\",\"@graph\":[{\"@type\":\"WebPage\",\"@id\":\"https:\/\/recal-se.tbwebsite.com\/no\/gjerdeogrekkverk\/bolmen\/\",\"url\":\"https:\/\/recal-se.tbwebsite.com\/no\/gjerdeogrekkverk\/bolmen\/\",\"name\":\"Gjerdestolpe Bolmen - Recal Norge\",\"isPartOf\":{\"@id\":\"https:\/\/recal-se.tbwebsite.com\/no\/#website\"},\"primaryImageOfPage\":{\"@id\":\"https:\/\/recal-se.tbwebsite.com\/no\/gjerdeogrekkverk\/bolmen\/#primaryimage\"},\"image\":{\"@id\":\"https:\/\/recal-se.tbwebsite.com\/no\/gjerdeogrekkverk\/bolmen\/#primaryimage\"},\"thumbnailUrl\":\"https:\/\/recal-se.tbwebsite.com\/no\/wp-content\/uploads\/sites\/5\/2020\/06\/45x45-1.png\",\"datePublished\":\"2023-12-13T10:03:39+00:00\",\"dateModified\":\"2024-02-28T07:27:06+00:00\",\"description\":\"Bolmen gjerdestolpe er perfekt som en ramme rundt hagen din. Med h\u00f8yder etter dine behov holder den hagen \u00e5pen, rammes inn rundt huset samtidig som den setter tydelige grenser for eiendommen din. Bruk hj\u00f8rne-, mellom- og endestolper for \u00e5 bygge gjerdet som passer akkurat din situasjon og tomt.\",\"breadcrumb\":{\"@id\":\"https:\/\/recal-se.tbwebsite.com\/no\/gjerdeogrekkverk\/bolmen\/#breadcrumb\"},\"inLanguage\":\"nb-NO\",\"potentialAction\":[{\"@type\":\"ReadAction\",\"target\":[\"https:\/\/recal-se.tbwebsite.com\/no\/gjerdeogrekkverk\/bolmen\/\"]}]},{\"@type\":\"ImageObject\",\"inLanguage\":\"nb-NO\",\"@id\":\"https:\/\/recal-se.tbwebsite.com\/no\/gjerdeogrekkverk\/bolmen\/#primaryimage\",\"url\":\"https:\/\/recal-se.tbwebsite.com\/no\/wp-content\/uploads\/sites\/5\/2020\/06\/45x45-1.png\",\"contentUrl\":\"https:\/\/recal-se.tbwebsite.com\/no\/wp-content\/uploads\/sites\/5\/2020\/06\/45x45-1.png\",\"width\":1386,\"height\":1386},{\"@type\":\"BreadcrumbList\",\"@id\":\"https:\/\/recal-se.tbwebsite.com\/no\/gjerdeogrekkverk\/bolmen\/#breadcrumb\",\"itemListElement\":[{\"@type\":\"ListItem\",\"position\":1,\"name\":\"Home\",\"item\":\"https:\/\/recal-se.tbwebsite.com\/no\/\"},{\"@type\":\"ListItem\",\"position\":2,\"name\":\"Shop\",\"item\":\"https:\/\/recal-se.tbwebsite.com\/no\/shop\/\"},{\"@type\":\"ListItem\",\"position\":3,\"name\":\"Bolmen\"}]},{\"@type\":\"WebSite\",\"@id\":\"https:\/\/recal-se.tbwebsite.com\/no\/#website\",\"url\":\"https:\/\/recal-se.tbwebsite.com\/no\/\",\"name\":\"Recal Norge\",\"description\":\"Tr\u00e4dg\u00e5rdsprodukter tillverkade i aluminium fr\u00e5n Sm\u00e5land\",\"publisher\":{\"@id\":\"https:\/\/recal-se.tbwebsite.com\/no\/#organization\"},\"potentialAction\":[{\"@type\":\"SearchAction\",\"target\":{\"@type\":\"EntryPoint\",\"urlTemplate\":\"https:\/\/recal-se.tbwebsite.com\/no\/?s={search_term_string}\"},\"query-input\":\"required name=search_term_string\"}],\"inLanguage\":\"nb-NO\"},{\"@type\":\"Organization\",\"@id\":\"https:\/\/recal-se.tbwebsite.com\/no\/#organization\",\"name\":\"Recal Norge\",\"url\":\"https:\/\/recal-se.tbwebsite.com\/no\/\",\"logo\":{\"@type\":\"ImageObject\",\"inLanguage\":\"nb-NO\",\"@id\":\"https:\/\/recal-se.tbwebsite.com\/no\/#\/schema\/logo\/image\/\",\"url\":\"https:\/\/recal-se.tbwebsite.com\/no\/wp-content\/uploads\/sites\/5\/2020\/06\/recal-logotype_svart_1.png\",\"contentUrl\":\"https:\/\/recal-se.tbwebsite.com\/no\/wp-content\/uploads\/sites\/5\/2020\/06\/recal-logotype_svart_1.png\",\"width\":260,\"height\":52,\"caption\":\"Recal Norge\"},\"image\":{\"@id\":\"https:\/\/recal-se.tbwebsite.com\/no\/#\/schema\/logo\/image\/\"}}]}<\/script>\n<!-- \/ Yoast SEO plugin. -->","yoast_head_json":{"title":"Gjerdestolpe Bolmen - Recal Norge","description":"Bolmen gjerdestolpe er perfekt som en ramme rundt hagen din. Med h\u00f8yder etter dine behov holder den hagen \u00e5pen, rammes inn rundt huset samtidig som den setter tydelige grenser for eiendommen din. Bruk hj\u00f8rne-, mellom- og endestolper for \u00e5 bygge gjerdet som passer akkurat din situasjon og tomt.","robots":{"index":"index","follow":"follow","max-snippet":"max-snippet:-1","max-image-preview":"max-image-preview:large","max-video-preview":"max-video-preview:-1"},"canonical":"https:\/\/recal-se.tbwebsite.com\/no\/gjerdeogrekkverk\/bolmen\/","og_locale":"nb_NO","og_type":"article","og_title":"Gjerdestolpe Bolmen - Recal Norge","og_description":"Bolmen gjerdestolpe er perfekt som en ramme rundt hagen din. Med h\u00f8yder etter dine behov holder den hagen \u00e5pen, rammes inn rundt huset samtidig som den setter tydelige grenser for eiendommen din. Bruk hj\u00f8rne-, mellom- og endestolper for \u00e5 bygge gjerdet som passer akkurat din situasjon og tomt.","og_url":"https:\/\/recal-se.tbwebsite.com\/no\/gjerdeogrekkverk\/bolmen\/","og_site_name":"Recal Norge","article_modified_time":"2024-02-28T07:27:06+00:00","og_image":[{"width":1386,"height":1386,"url":"https:\/\/recal-se.tbwebsite.com\/no\/wp-content\/uploads\/sites\/5\/2020\/06\/45x45-1.png","type":"image\/png"}],"twitter_card":"summary_large_image","twitter_misc":{"Ansl. lesetid":"3 minutter"},"schema":{"@context":"https:\/\/schema.org","@graph":[{"@type":"WebPage","@id":"https:\/\/recal-se.tbwebsite.com\/no\/gjerdeogrekkverk\/bolmen\/","url":"https:\/\/recal-se.tbwebsite.com\/no\/gjerdeogrekkverk\/bolmen\/","name":"Gjerdestolpe Bolmen - Recal Norge","isPartOf":{"@id":"https:\/\/recal-se.tbwebsite.com\/no\/#website"},"primaryImageOfPage":{"@id":"https:\/\/recal-se.tbwebsite.com\/no\/gjerdeogrekkverk\/bolmen\/#primaryimage"},"image":{"@id":"https:\/\/recal-se.tbwebsite.com\/no\/gjerdeogrekkverk\/bolmen\/#primaryimage"},"thumbnailUrl":"https:\/\/recal-se.tbwebsite.com\/no\/wp-content\/uploads\/sites\/5\/2020\/06\/45x45-1.png","datePublished":"2023-12-13T10:03:39+00:00","dateModified":"2024-02-28T07:27:06+00:00","description":"Bolmen gjerdestolpe er perfekt som en ramme rundt hagen din. Med h\u00f8yder etter dine behov holder den hagen \u00e5pen, rammes inn rundt huset samtidig som den setter tydelige grenser for eiendommen din. Bruk hj\u00f8rne-, mellom- og endestolper for \u00e5 bygge gjerdet som passer akkurat din situasjon og tomt.","breadcrumb":{"@id":"https:\/\/recal-se.tbwebsite.com\/no\/gjerdeogrekkverk\/bolmen\/#breadcrumb"},"inLanguage":"nb-NO","potentialAction":[{"@type":"ReadAction","target":["https:\/\/recal-se.tbwebsite.com\/no\/gjerdeogrekkverk\/bolmen\/"]}]},{"@type":"ImageObject","inLanguage":"nb-NO","@id":"https:\/\/recal-se.tbwebsite.com\/no\/gjerdeogrekkverk\/bolmen\/#primaryimage","url":"https:\/\/recal-se.tbwebsite.com\/no\/wp-content\/uploads\/sites\/5\/2020\/06\/45x45-1.png","contentUrl":"https:\/\/recal-se.tbwebsite.com\/no\/wp-content\/uploads\/sites\/5\/2020\/06\/45x45-1.png","width":1386,"height":1386},{"@type":"BreadcrumbList","@id":"https:\/\/recal-se.tbwebsite.com\/no\/gjerdeogrekkverk\/bolmen\/#breadcrumb","itemListElement":[{"@type":"ListItem","position":1,"name":"Home","item":"https:\/\/recal-se.tbwebsite.com\/no\/"},{"@type":"ListItem","position":2,"name":"Shop","item":"https:\/\/recal-se.tbwebsite.com\/no\/shop\/"},{"@type":"ListItem","position":3,"name":"Bolmen"}]},{"@type":"WebSite","@id":"https:\/\/recal-se.tbwebsite.com\/no\/#website","url":"https:\/\/recal-se.tbwebsite.com\/no\/","name":"Recal Norge","description":"Tr\u00e4dg\u00e5rdsprodukter tillverkade i aluminium fr\u00e5n Sm\u00e5land","publisher":{"@id":"https:\/\/recal-se.tbwebsite.com\/no\/#organization"},"potentialAction":[{"@type":"SearchAction","target":{"@type":"EntryPoint","urlTemplate":"https:\/\/recal-se.tbwebsite.com\/no\/?s={search_term_string}"},"query-input":"required name=search_term_string"}],"inLanguage":"nb-NO"},{"@type":"Organization","@id":"https:\/\/recal-se.tbwebsite.com\/no\/#organization","name":"Recal Norge","url":"https:\/\/recal-se.tbwebsite.com\/no\/","logo":{"@type":"ImageObject","inLanguage":"nb-NO","@id":"https:\/\/recal-se.tbwebsite.com\/no\/#\/schema\/logo\/image\/","url":"https:\/\/recal-se.tbwebsite.com\/no\/wp-content\/uploads\/sites\/5\/2020\/06\/recal-logotype_svart_1.png","contentUrl":"https:\/\/recal-se.tbwebsite.com\/no\/wp-content\/uploads\/sites\/5\/2020\/06\/recal-logotype_svart_1.png","width":260,"height":52,"caption":"Recal Norge"},"image":{"@id":"https:\/\/recal-se.tbwebsite.com\/no\/#\/schema\/logo\/image\/"}}]}},"_links":{"self":[{"href":"https:\/\/recal-se.tbwebsite.com\/no\/wp-json\/wp\/v2\/product\/13319"}],"collection":[{"href":"https:\/\/recal-se.tbwebsite.com\/no\/wp-json\/wp\/v2\/product"}],"about":[{"href":"https:\/\/recal-se.tbwebsite.com\/no\/wp-json\/wp\/v2\/types\/product"}],"replies":[{"embeddable":true,"href":"https:\/\/recal-se.tbwebsite.com\/no\/wp-json\/wp\/v2\/comments?post=13319"}],"version-history":[{"count":4,"href":"https:\/\/recal-se.tbwebsite.com\/no\/wp-json\/wp\/v2\/product\/13319\/revisions"}],"predecessor-version":[{"id":15248,"href":"https:\/\/recal-se.tbwebsite.com\/no\/wp-json\/wp\/v2\/product\/13319\/revisions\/15248"}],"wp:featuredmedia":[{"embeddable":true,"href":"https:\/\/recal-se.tbwebsite.com\/no\/wp-json\/wp\/v2\/media\/5538"}],"wp:attachment":[{"href":"https:\/\/recal-se.tbwebsite.com\/no\/wp-json\/wp\/v2\/media?parent=13319"}],"wp:term":[{"taxonomy":"product_cat","embeddable":true,"href":"https:\/\/recal-se.tbwebsite.com\/no\/wp-json\/wp\/v2\/product_cat?post=13319"},{"taxonomy":"product_tag","embeddable":true,"href":"https:\/\/recal-se.tbwebsite.com\/no\/wp-json\/wp\/v2\/product_tag?post=13319"}],"curies":[{"name":"wp","href":"https:\/\/api.w.org\/{rel}","templated":true}]}}