{"id":13040,"date":"2023-12-13T09:36:21","date_gmt":"2023-12-13T09:36:21","guid":{"rendered":"https:\/\/recal-se.tbwebsite.com\/?post_type=product&#038;p=13040"},"modified":"2024-02-13T08:25:09","modified_gmt":"2024-02-13T08:25:09","slug":"femlingen","status":"publish","type":"product","link":"https:\/\/recal-se.tbwebsite.com\/no\/gjerdeogrekkverk\/femlingen\/","title":{"rendered":"Femlingen"},"content":{"rendered":"<p><strong>Femlingen Staketstolpe<\/strong><\/p>\n<p>Femlingen staketstolpe erbjuder inte bara en grund f\u00f6r din avgr\u00e4nsning, avsk\u00e4rmning eller altan, den ger dig ocks\u00e5 m\u00f6jligheten att forma din utemilj\u00f6 precis som du vill. Tillverkad i aluminium och en dimension p\u00e5 70 x 70 mm, ger dessa stolpar en stabil grund f\u00f6r ditt staketprojekt. Med en imponerande godstjocklek p\u00e5 2 mm garanteras h\u00e5llbarhet och p\u00e5litlighet \u00f6ver tid.<\/p>\n<p>Femlingen staketstolpar kommer i en rad f\u00e4rgalternativ f\u00f6r att passa din personliga smak och stil. V\u00e4lj mellan naturlig anodiserad, vitlackerad (RAL 9010), eller mattsvart (RAL 9005) f\u00f6r att skapa det perfekta visuella intrycket f\u00f6r din utomhusmilj\u00f6.<\/p>\n<p>Denna flexibla stolpe ger dig m\u00f6jlighet att skapa en inramning f\u00f6r din tr\u00e4dg\u00e5rd som inte bara \u00e4r funktionell utan ocks\u00e5 estetiskt tilltalande. Oavsett om du vill markera gr\u00e4nserna f\u00f6r din tomt, skapa avskildhet eller helt enkelt f\u00f6rh\u00f6ja utseendet p\u00e5 din uteplats, s\u00e5 \u00e4r Femlingen det idealiska valet.<\/p>\n<p>Avst\u00e5ndet mellan marken och den f\u00f6rsta regeln \u00e4r 9 cm.<\/p>\n<p>Komplettera din Femlingen Staketstolpe f\u00f6r att full\u00e4nda ditt staketprojekt, se till att best\u00e4lla r\u00e4tt stolptyper beroende p\u00e5 ditt \u00e4ndam\u00e5l \u2013 vare sig det \u00e4r mellanstolpar, h\u00f6rnstolpar eller \u00e4ndstolpar. F\u00f6r ytterligare anpassning finns m\u00f6jlighet att v\u00e4lja stolphatt i svart plast eller aluminium i valfri kul\u00f6r, samt att inkludera stolpf\u00f6tter f\u00f6r varje stolpe.<\/p>\n<p><strong>Montering<\/strong><\/p>\n<p>F\u00f6r en smidig montering rekommenderas att k\u00f6pa valfritt tryckimpregnerat virke med dimensionen 45 x 70 mm fr\u00e5n din lokala bygghandlare. Se till att virket inte har sv\u00e4llt f\u00f6r mycket, vilket underl\u00e4ttar monteringen.<\/p>\n<p>F\u00f6r monteringen beh\u00f6ver du:<\/p>\n<ul>\n<li>M\u00e5ttband<\/li>\n<li>Skruvdragare med bits och borr<\/li>\n<li>Gummiklubba (f\u00f6r att montera foten p\u00e5 stolpen)<\/li>\n<\/ul>\n<p>Med Femlingen Staketstolpe skapar du inte bara en funktionell avsk\u00e4rmning utan ocks\u00e5 en personlig utemilj\u00f6 som speglar din smak och stil.<\/p>\n","protected":false},"excerpt":{"rendered":"<p>Femlingen Staketstolpe ger dig friheten att skapa ett personligt och unikt utseende f\u00f6r din altan eller avsk\u00e4rmning. Med staketstolpen Femlingen har du m\u00f6jligheten att sj\u00e4lv v\u00e4lja det perfekta utseendet f\u00f6r ditt staket eller altanr\u00e4cke som passar din stil och smak.<\/p>\n<p>Staketstolpen ger dig m\u00f6jligheten att designa olika l\u00f6sningar p\u00e5 ditt staket, v\u00e4lj st\u00e5ende br\u00e4dor f\u00f6r mindre insyn eller korslagt virke f\u00f6r avgr\u00e4nsning.<\/p>\n","protected":false},"featured_media":14897,"comment_status":"open","ping_status":"closed","template":"","meta":{"_acf_changed":false},"product_cat":[349,16],"product_tag":[],"composite_virtual":false,"composite_layout":"","composite_add_to_cart_form_location":"","composite_editable_in_cart":false,"composite_sold_individually_context":"","composite_shop_price_calc":"","composite_components":[],"composite_scenarios":[],"acf":[],"yoast_head":"<!-- This site is optimized with the Yoast SEO plugin v22.2 - https:\/\/yoast.com\/wordpress\/plugins\/seo\/ -->\n<title>Staketstolpe Femlingen - Recal Norge<\/title>\n<meta name=\"description\" content=\"Femlingen Staketstolpe ger dig friheten att skapa ett personligt och unikt utseende f\u00f6r din altan eller avsk\u00e4rmning. Med Femlingen som bas har du m\u00f6jligheten att sj\u00e4lv v\u00e4lja det perfekta utseendet som passar din stil och smak.\" \/>\n<meta name=\"robots\" content=\"index, follow, max-snippet:-1, max-image-preview:large, max-video-preview:-1\" \/>\n<link rel=\"canonical\" href=\"https:\/\/recal-se.tbwebsite.com\/no\/gjerdeogrekkverk\/femlingen\/\" \/>\n<meta property=\"og:locale\" content=\"nb_NO\" \/>\n<meta property=\"og:type\" content=\"article\" \/>\n<meta property=\"og:title\" content=\"Staketstolpe Femlingen - Recal Norge\" \/>\n<meta property=\"og:description\" content=\"Femlingen Staketstolpe ger dig friheten att skapa ett personligt och unikt utseende f\u00f6r din altan eller avsk\u00e4rmning. Med Femlingen som bas har du m\u00f6jligheten att sj\u00e4lv v\u00e4lja det perfekta utseendet som passar din stil och smak.\" \/>\n<meta property=\"og:url\" content=\"https:\/\/recal-se.tbwebsite.com\/no\/gjerdeogrekkverk\/femlingen\/\" \/>\n<meta property=\"og:site_name\" content=\"Recal Norge\" \/>\n<meta property=\"article:modified_time\" content=\"2024-02-13T08:25:09+00:00\" \/>\n<meta property=\"og:image\" content=\"https:\/\/recal-se.tbwebsite.com\/no\/wp-content\/uploads\/sites\/5\/2023\/12\/Femlingen_995_mellan_aluminium_kropp.png\" \/>\n\t<meta property=\"og:image:width\" content=\"1400\" \/>\n\t<meta property=\"og:image:height\" content=\"1400\" \/>\n\t<meta property=\"og:image:type\" content=\"image\/png\" \/>\n<meta name=\"twitter:card\" content=\"summary_large_image\" \/>\n<meta name=\"twitter:label1\" content=\"Ansl. lesetid\" \/>\n\t<meta name=\"twitter:data1\" content=\"2 minutter\" \/>\n<script type=\"application\/ld+json\" class=\"yoast-schema-graph\">{\"@context\":\"https:\/\/schema.org\",\"@graph\":[{\"@type\":\"WebPage\",\"@id\":\"https:\/\/recal-se.tbwebsite.com\/no\/gjerdeogrekkverk\/femlingen\/\",\"url\":\"https:\/\/recal-se.tbwebsite.com\/no\/gjerdeogrekkverk\/femlingen\/\",\"name\":\"Staketstolpe Femlingen - Recal Norge\",\"isPartOf\":{\"@id\":\"https:\/\/recal-se.tbwebsite.com\/no\/#website\"},\"primaryImageOfPage\":{\"@id\":\"https:\/\/recal-se.tbwebsite.com\/no\/gjerdeogrekkverk\/femlingen\/#primaryimage\"},\"image\":{\"@id\":\"https:\/\/recal-se.tbwebsite.com\/no\/gjerdeogrekkverk\/femlingen\/#primaryimage\"},\"thumbnailUrl\":\"https:\/\/recal-se.tbwebsite.com\/no\/wp-content\/uploads\/sites\/5\/2023\/12\/Femlingen_995_mellan_aluminium_kropp.png\",\"datePublished\":\"2023-12-13T09:36:21+00:00\",\"dateModified\":\"2024-02-13T08:25:09+00:00\",\"description\":\"Femlingen Staketstolpe ger dig friheten att skapa ett personligt och unikt utseende f\u00f6r din altan eller avsk\u00e4rmning. Med Femlingen som bas har du m\u00f6jligheten att sj\u00e4lv v\u00e4lja det perfekta utseendet som passar din stil och smak.\",\"breadcrumb\":{\"@id\":\"https:\/\/recal-se.tbwebsite.com\/no\/gjerdeogrekkverk\/femlingen\/#breadcrumb\"},\"inLanguage\":\"nb-NO\",\"potentialAction\":[{\"@type\":\"ReadAction\",\"target\":[\"https:\/\/recal-se.tbwebsite.com\/no\/gjerdeogrekkverk\/femlingen\/\"]}]},{\"@type\":\"ImageObject\",\"inLanguage\":\"nb-NO\",\"@id\":\"https:\/\/recal-se.tbwebsite.com\/no\/gjerdeogrekkverk\/femlingen\/#primaryimage\",\"url\":\"https:\/\/recal-se.tbwebsite.com\/no\/wp-content\/uploads\/sites\/5\/2023\/12\/Femlingen_995_mellan_aluminium_kropp.png\",\"contentUrl\":\"https:\/\/recal-se.tbwebsite.com\/no\/wp-content\/uploads\/sites\/5\/2023\/12\/Femlingen_995_mellan_aluminium_kropp.png\",\"width\":1400,\"height\":1400},{\"@type\":\"BreadcrumbList\",\"@id\":\"https:\/\/recal-se.tbwebsite.com\/no\/gjerdeogrekkverk\/femlingen\/#breadcrumb\",\"itemListElement\":[{\"@type\":\"ListItem\",\"position\":1,\"name\":\"Home\",\"item\":\"https:\/\/recal-se.tbwebsite.com\/no\/\"},{\"@type\":\"ListItem\",\"position\":2,\"name\":\"Shop\",\"item\":\"https:\/\/recal-se.tbwebsite.com\/no\/shop\/\"},{\"@type\":\"ListItem\",\"position\":3,\"name\":\"Femlingen\"}]},{\"@type\":\"WebSite\",\"@id\":\"https:\/\/recal-se.tbwebsite.com\/no\/#website\",\"url\":\"https:\/\/recal-se.tbwebsite.com\/no\/\",\"name\":\"Recal Norge\",\"description\":\"Tr\u00e4dg\u00e5rdsprodukter tillverkade i aluminium fr\u00e5n Sm\u00e5land\",\"publisher\":{\"@id\":\"https:\/\/recal-se.tbwebsite.com\/no\/#organization\"},\"potentialAction\":[{\"@type\":\"SearchAction\",\"target\":{\"@type\":\"EntryPoint\",\"urlTemplate\":\"https:\/\/recal-se.tbwebsite.com\/no\/?s={search_term_string}\"},\"query-input\":\"required name=search_term_string\"}],\"inLanguage\":\"nb-NO\"},{\"@type\":\"Organization\",\"@id\":\"https:\/\/recal-se.tbwebsite.com\/no\/#organization\",\"name\":\"Recal Norge\",\"url\":\"https:\/\/recal-se.tbwebsite.com\/no\/\",\"logo\":{\"@type\":\"ImageObject\",\"inLanguage\":\"nb-NO\",\"@id\":\"https:\/\/recal-se.tbwebsite.com\/no\/#\/schema\/logo\/image\/\",\"url\":\"https:\/\/recal-se.tbwebsite.com\/no\/wp-content\/uploads\/sites\/5\/2020\/06\/recal-logotype_svart_1.png\",\"contentUrl\":\"https:\/\/recal-se.tbwebsite.com\/no\/wp-content\/uploads\/sites\/5\/2020\/06\/recal-logotype_svart_1.png\",\"width\":260,\"height\":52,\"caption\":\"Recal Norge\"},\"image\":{\"@id\":\"https:\/\/recal-se.tbwebsite.com\/no\/#\/schema\/logo\/image\/\"}}]}<\/script>\n<!-- \/ Yoast SEO plugin. -->","yoast_head_json":{"title":"Staketstolpe Femlingen - Recal Norge","description":"Femlingen Staketstolpe ger dig friheten att skapa ett personligt och unikt utseende f\u00f6r din altan eller avsk\u00e4rmning. Med Femlingen som bas har du m\u00f6jligheten att sj\u00e4lv v\u00e4lja det perfekta utseendet som passar din stil och smak.","robots":{"index":"index","follow":"follow","max-snippet":"max-snippet:-1","max-image-preview":"max-image-preview:large","max-video-preview":"max-video-preview:-1"},"canonical":"https:\/\/recal-se.tbwebsite.com\/no\/gjerdeogrekkverk\/femlingen\/","og_locale":"nb_NO","og_type":"article","og_title":"Staketstolpe Femlingen - Recal Norge","og_description":"Femlingen Staketstolpe ger dig friheten att skapa ett personligt och unikt utseende f\u00f6r din altan eller avsk\u00e4rmning. Med Femlingen som bas har du m\u00f6jligheten att sj\u00e4lv v\u00e4lja det perfekta utseendet som passar din stil och smak.","og_url":"https:\/\/recal-se.tbwebsite.com\/no\/gjerdeogrekkverk\/femlingen\/","og_site_name":"Recal Norge","article_modified_time":"2024-02-13T08:25:09+00:00","og_image":[{"width":1400,"height":1400,"url":"https:\/\/recal-se.tbwebsite.com\/no\/wp-content\/uploads\/sites\/5\/2023\/12\/Femlingen_995_mellan_aluminium_kropp.png","type":"image\/png"}],"twitter_card":"summary_large_image","twitter_misc":{"Ansl. lesetid":"2 minutter"},"schema":{"@context":"https:\/\/schema.org","@graph":[{"@type":"WebPage","@id":"https:\/\/recal-se.tbwebsite.com\/no\/gjerdeogrekkverk\/femlingen\/","url":"https:\/\/recal-se.tbwebsite.com\/no\/gjerdeogrekkverk\/femlingen\/","name":"Staketstolpe Femlingen - Recal Norge","isPartOf":{"@id":"https:\/\/recal-se.tbwebsite.com\/no\/#website"},"primaryImageOfPage":{"@id":"https:\/\/recal-se.tbwebsite.com\/no\/gjerdeogrekkverk\/femlingen\/#primaryimage"},"image":{"@id":"https:\/\/recal-se.tbwebsite.com\/no\/gjerdeogrekkverk\/femlingen\/#primaryimage"},"thumbnailUrl":"https:\/\/recal-se.tbwebsite.com\/no\/wp-content\/uploads\/sites\/5\/2023\/12\/Femlingen_995_mellan_aluminium_kropp.png","datePublished":"2023-12-13T09:36:21+00:00","dateModified":"2024-02-13T08:25:09+00:00","description":"Femlingen Staketstolpe ger dig friheten att skapa ett personligt och unikt utseende f\u00f6r din altan eller avsk\u00e4rmning. Med Femlingen som bas har du m\u00f6jligheten att sj\u00e4lv v\u00e4lja det perfekta utseendet som passar din stil och smak.","breadcrumb":{"@id":"https:\/\/recal-se.tbwebsite.com\/no\/gjerdeogrekkverk\/femlingen\/#breadcrumb"},"inLanguage":"nb-NO","potentialAction":[{"@type":"ReadAction","target":["https:\/\/recal-se.tbwebsite.com\/no\/gjerdeogrekkverk\/femlingen\/"]}]},{"@type":"ImageObject","inLanguage":"nb-NO","@id":"https:\/\/recal-se.tbwebsite.com\/no\/gjerdeogrekkverk\/femlingen\/#primaryimage","url":"https:\/\/recal-se.tbwebsite.com\/no\/wp-content\/uploads\/sites\/5\/2023\/12\/Femlingen_995_mellan_aluminium_kropp.png","contentUrl":"https:\/\/recal-se.tbwebsite.com\/no\/wp-content\/uploads\/sites\/5\/2023\/12\/Femlingen_995_mellan_aluminium_kropp.png","width":1400,"height":1400},{"@type":"BreadcrumbList","@id":"https:\/\/recal-se.tbwebsite.com\/no\/gjerdeogrekkverk\/femlingen\/#breadcrumb","itemListElement":[{"@type":"ListItem","position":1,"name":"Home","item":"https:\/\/recal-se.tbwebsite.com\/no\/"},{"@type":"ListItem","position":2,"name":"Shop","item":"https:\/\/recal-se.tbwebsite.com\/no\/shop\/"},{"@type":"ListItem","position":3,"name":"Femlingen"}]},{"@type":"WebSite","@id":"https:\/\/recal-se.tbwebsite.com\/no\/#website","url":"https:\/\/recal-se.tbwebsite.com\/no\/","name":"Recal Norge","description":"Tr\u00e4dg\u00e5rdsprodukter tillverkade i aluminium fr\u00e5n Sm\u00e5land","publisher":{"@id":"https:\/\/recal-se.tbwebsite.com\/no\/#organization"},"potentialAction":[{"@type":"SearchAction","target":{"@type":"EntryPoint","urlTemplate":"https:\/\/recal-se.tbwebsite.com\/no\/?s={search_term_string}"},"query-input":"required name=search_term_string"}],"inLanguage":"nb-NO"},{"@type":"Organization","@id":"https:\/\/recal-se.tbwebsite.com\/no\/#organization","name":"Recal Norge","url":"https:\/\/recal-se.tbwebsite.com\/no\/","logo":{"@type":"ImageObject","inLanguage":"nb-NO","@id":"https:\/\/recal-se.tbwebsite.com\/no\/#\/schema\/logo\/image\/","url":"https:\/\/recal-se.tbwebsite.com\/no\/wp-content\/uploads\/sites\/5\/2020\/06\/recal-logotype_svart_1.png","contentUrl":"https:\/\/recal-se.tbwebsite.com\/no\/wp-content\/uploads\/sites\/5\/2020\/06\/recal-logotype_svart_1.png","width":260,"height":52,"caption":"Recal Norge"},"image":{"@id":"https:\/\/recal-se.tbwebsite.com\/no\/#\/schema\/logo\/image\/"}}]}},"_links":{"self":[{"href":"https:\/\/recal-se.tbwebsite.com\/no\/wp-json\/wp\/v2\/product\/13040"}],"collection":[{"href":"https:\/\/recal-se.tbwebsite.com\/no\/wp-json\/wp\/v2\/product"}],"about":[{"href":"https:\/\/recal-se.tbwebsite.com\/no\/wp-json\/wp\/v2\/types\/product"}],"replies":[{"embeddable":true,"href":"https:\/\/recal-se.tbwebsite.com\/no\/wp-json\/wp\/v2\/comments?post=13040"}],"version-history":[{"count":2,"href":"https:\/\/recal-se.tbwebsite.com\/no\/wp-json\/wp\/v2\/product\/13040\/revisions"}],"predecessor-version":[{"id":14857,"href":"https:\/\/recal-se.tbwebsite.com\/no\/wp-json\/wp\/v2\/product\/13040\/revisions\/14857"}],"wp:featuredmedia":[{"embeddable":true,"href":"https:\/\/recal-se.tbwebsite.com\/no\/wp-json\/wp\/v2\/media\/14897"}],"wp:attachment":[{"href":"https:\/\/recal-se.tbwebsite.com\/no\/wp-json\/wp\/v2\/media?parent=13040"}],"wp:term":[{"taxonomy":"product_cat","embeddable":true,"href":"https:\/\/recal-se.tbwebsite.com\/no\/wp-json\/wp\/v2\/product_cat?post=13040"},{"taxonomy":"product_tag","embeddable":true,"href":"https:\/\/recal-se.tbwebsite.com\/no\/wp-json\/wp\/v2\/product_tag?post=13040"}],"curies":[{"name":"wp","href":"https:\/\/api.w.org\/{rel}","templated":true}]}}