{"id":13034,"date":"2023-12-13T09:36:15","date_gmt":"2023-12-13T09:36:15","guid":{"rendered":"https:\/\/recal-se.tbwebsite.com\/?post_type=product&#038;p=13034"},"modified":"2024-03-05T10:14:45","modified_gmt":"2024-03-05T10:14:45","slug":"monteringsskrue-trelekter-4x40mm-200st","status":"publish","type":"product","link":"https:\/\/recal-se.tbwebsite.com\/no\/tilbehor\/monteringsskrue-trelekter-4x40mm-200st\/","title":{"rendered":"Monteringsskrue Trelekter 4x40mm &#8211; 200st"},"content":{"rendered":"<p>Monteringsskruer trelekter\u00a0 HECO PROTECT4 TFT 4,0 x 40<\/p>\n<p><span id=\"[0,5]\" class=\"word\">Denne<\/span> <span id=\"[6,12]\" class=\"word\">skruen<\/span> <span id=\"[13,19]\" class=\"word\">brukes<\/span> <span id=\"[20,23]\" class=\"word\">til<\/span> <span id=\"[24,25]\" class=\"word\">\u00e5<\/span> <span id=\"[26,33]\" class=\"word\">montere<\/span> <span id=\"[34,45]\" class=\"word\">trelekter <\/span><span id=\"[46,47]\" class=\"word\">i<\/span> <span id=\"[48,57]\" class=\"word\">braketten<\/span> <span id=\"[58,60]\" class=\"word\">p\u00e5<\/span> <span id=\"[61,65]\" class=\"word\">alle<\/span> <span id=\"[66,70]\" class=\"word\">v\u00e5re<\/span> <span id=\"[71,85]\" class=\"word\">stolpemodeller<\/span><\/p>\n<div class=\"Output INFO\" dir=\"ltr\">\n<p><span id=\"[88,91]\" class=\"word\">200<\/span> <span id=\"[92,95]\" class=\"word\">stk<\/span>\/<span id=\"[96,101]\" class=\"word\">pakke<\/span><\/p>\n<p><span id=\"[103,114]\" class=\"word\">Beskrivelse<\/span><br \/>\n<span id=\"[115,123]\" class=\"word\">Treskrue<\/span>, <span id=\"[125,134]\" class=\"word\">forsenket<\/span>. <span id=\"[136,141]\" class=\"word\">Laget<\/span> <span id=\"[142,144]\" class=\"word\">av<\/span> <span id=\"[145,158]\" class=\"word\">spesiallegert<\/span> <span id=\"[159,163]\" class=\"word\">st\u00e5l<\/span>, <span id=\"[165,171]\" class=\"word\">belagt<\/span> <span id=\"[172,175]\" class=\"word\">med<\/span> <span id=\"[176,204]\" class=\"word\">Protect4-overflatebehandling<\/span> (<span id=\"[206,218]\" class=\"word\">typegodkjent<\/span> <span id=\"[219,240]\" class=\"word\">korrosjonsbeskyttelse<\/span> <span id=\"[241,242]\" class=\"word\">i<\/span> <span id=\"[243,259]\" class=\"word\">korrosjonsklasse<\/span> <span id=\"[260,262]\" class=\"word\">C4<\/span>).<br \/>\n<span id=\"[265,269]\" class=\"word\">Type<\/span> <span id=\"[270,274]\" class=\"word\">spor<\/span>: <span id=\"[276,280]\" class=\"word\">Torx<\/span> <span id=\"[281,284]\" class=\"word\">T20<\/span><br \/>\n<span id=\"[285,286]\" class=\"word\">&#8211;<\/span> <span id=\"[287,296]\" class=\"word\">Forboring<\/span> <span id=\"[297,299]\" class=\"word\">av<\/span> <span id=\"[300,309]\" class=\"word\">fresespor<\/span> <span id=\"[310,311]\" class=\"word\">i<\/span> <span id=\"[312,319]\" class=\"word\">spissen<\/span><br \/>\n<span id=\"[320,321]\" class=\"word\">&#8211;<\/span> <span id=\"[322,331]\" class=\"word\">Sagtenner<\/span> <span id=\"[332,334]\" class=\"word\">p\u00e5<\/span> <span id=\"[335,343]\" class=\"word\">gjengene<\/span> <span id=\"[344,347]\" class=\"word\">for<\/span> <span id=\"[348,349]\" class=\"word\">\u00e5<\/span> <span id=\"[350,358]\" class=\"word\">redusere<\/span> <span id=\"[359,372]\" class=\"word\">dreiemomentet<\/span><br \/>\n<span id=\"[373,374]\" class=\"word\">&#8211;<\/span> <span id=\"[375,381]\" class=\"word\">Testet<\/span> <span id=\"[382,385]\" class=\"word\">for<\/span> <span id=\"[386,387]\" class=\"word\">\u00e5<\/span> <span id=\"[388,392]\" class=\"word\">t\u00e5le<\/span> <span id=\"[393,395]\" class=\"word\">en<\/span> <span id=\"[396,406]\" class=\"word\">b\u00f8yevinkel<\/span> <span id=\"[407,409]\" class=\"word\">p\u00e5<\/span> <span id=\"[410,412]\" class=\"word\">80<\/span>\u00b0 (<span id=\"[415,423]\" class=\"word\">standard<\/span>: <span id=\"[425,427]\" class=\"word\">25<\/span>\u00b0)<\/p>\n<\/div>\n<div class=\"BottomBar\">\n<div class=\"Icon disabled \" title=\"Listen\"><\/div>\n<div class=\"Icon Copy\" title=\"Copy translation\"><\/div>\n<\/div>\n<div id=\"tw-target-text-container\" class=\"tw-ta-container F0azHf tw-nfl\">\n<h4 id=\"tw-target-text\" class=\"tw-data-text tw-text-large tw-ta\" dir=\"ltr\" data-placeholder=\"\u00d6vers\u00e4ttning\" data-ved=\"2ahUKEwjz7-LR2LmEAxWNUXcKHTIpCHYQ3ewLegQIBRAT\"><span class=\"Y2IQFc\" lang=\"no\">Hvorfor velge PROTECT4 TFT 4,0 x 40 skrue?<\/span><\/h4>\n<p class=\"tw-data-text tw-text-large tw-ta\" dir=\"ltr\" data-placeholder=\"\u00d6vers\u00e4ttning\" data-ved=\"2ahUKEwjz7-LR2LmEAxWNUXcKHTIpCHYQ3ewLegQIBRAT\"><span class=\"Y2IQFc\" lang=\"no\">Denne skruen tilbyr en kombinasjon av h\u00f8y kvalitet, enkel installasjon og p\u00e5litelig ytelse. Den er perfekt for en rekke prosjekter og applikasjoner. Enten du er en profesjonell altmuligmann eller en ambisi\u00f8s gj\u00f8r-det-selv-er, kan du stole p\u00e5 PROTECT4 TFT 4.0 x 40 skrue for dine festebehov.<\/span><\/p>\n<\/div>\n<div id=\"tw-target-rmn-container\" class=\"tw-target-rmn tw-ta-container F0azHf tw-nfl\">\n<pre id=\"tw-target-rmn\" class=\"tw-data-placeholder tw-text-small tw-ta\" dir=\"ltr\" data-placeholder=\"\"><\/pre>\n<\/div>\n","protected":false},"excerpt":{"rendered":"<p>Montageskruv 4&#215;40 RF f\u00f6r montering i tr\u00e4reglar av v\u00e5ra staketstolpar-200st<\/p>\n","protected":false},"featured_media":14915,"comment_status":"closed","ping_status":"closed","template":"","meta":{"_acf_changed":false},"product_cat":[358,32],"product_tag":[],"composite_virtual":false,"composite_layout":"","composite_add_to_cart_form_location":"","composite_editable_in_cart":false,"composite_sold_individually_context":"","composite_shop_price_calc":"","composite_components":[],"composite_scenarios":[],"acf":[],"yoast_head":"<!-- This site is optimized with the Yoast SEO plugin v22.2 - https:\/\/yoast.com\/wordpress\/plugins\/seo\/ -->\n<title>Monteringsskrue Trelekter 4x40mm - 200st - Recal Norge<\/title>\n<meta name=\"description\" content=\"Hvorfor velge PROTECT4 TFT 4,0 x 40 skrue?Denne skruen tilbyr en kombinasjon av h\u00f8y kvalitet, enkel installasjon og p\u00e5litelig ytelse. Den er perfekt for en rekke prosjekter og applikasjoner. Enten du er en profesjonell altmuligmann eller en ambisi\u00f8s gj\u00f8r-det-selv-er, kan du stole p\u00e5 PROTECT4 TFT 4.0 x 40 skrue for dine festebehov.\" \/>\n<meta name=\"robots\" content=\"index, follow, max-snippet:-1, max-image-preview:large, max-video-preview:-1\" \/>\n<link rel=\"canonical\" href=\"https:\/\/recal-se.tbwebsite.com\/no\/tilbehor\/monteringsskrue-trelekter-4x40mm-200st\/\" \/>\n<meta property=\"og:locale\" content=\"nb_NO\" \/>\n<meta property=\"og:type\" content=\"article\" \/>\n<meta property=\"og:title\" content=\"Monteringsskrue Trelekter 4x40mm - 200st - Recal Norge\" \/>\n<meta property=\"og:description\" content=\"Hvorfor velge PROTECT4 TFT 4,0 x 40 skrue?Denne skruen tilbyr en kombinasjon av h\u00f8y kvalitet, enkel installasjon og p\u00e5litelig ytelse. Den er perfekt for en rekke prosjekter og applikasjoner. Enten du er en profesjonell altmuligmann eller en ambisi\u00f8s gj\u00f8r-det-selv-er, kan du stole p\u00e5 PROTECT4 TFT 4.0 x 40 skrue for dine festebehov.\" \/>\n<meta property=\"og:url\" content=\"https:\/\/recal-se.tbwebsite.com\/no\/tilbehor\/monteringsskrue-trelekter-4x40mm-200st\/\" \/>\n<meta property=\"og:site_name\" content=\"Recal Norge\" \/>\n<meta property=\"article:modified_time\" content=\"2024-03-05T10:14:45+00:00\" \/>\n<meta property=\"og:image\" content=\"https:\/\/recal-se.tbwebsite.com\/no\/wp-content\/uploads\/sites\/5\/2023\/12\/108-2-1536x2048-1.png\" \/>\n\t<meta property=\"og:image:width\" content=\"1536\" \/>\n\t<meta property=\"og:image:height\" content=\"1536\" \/>\n\t<meta property=\"og:image:type\" content=\"image\/png\" \/>\n<meta name=\"twitter:card\" content=\"summary_large_image\" \/>\n<meta name=\"twitter:label1\" content=\"Ansl. lesetid\" \/>\n\t<meta name=\"twitter:data1\" content=\"1 minutt\" \/>\n<script type=\"application\/ld+json\" class=\"yoast-schema-graph\">{\"@context\":\"https:\/\/schema.org\",\"@graph\":[{\"@type\":\"WebPage\",\"@id\":\"https:\/\/recal-se.tbwebsite.com\/no\/tilbehor\/monteringsskrue-trelekter-4x40mm-200st\/\",\"url\":\"https:\/\/recal-se.tbwebsite.com\/no\/tilbehor\/monteringsskrue-trelekter-4x40mm-200st\/\",\"name\":\"Monteringsskrue Trelekter 4x40mm - 200st - Recal Norge\",\"isPartOf\":{\"@id\":\"https:\/\/recal-se.tbwebsite.com\/no\/#website\"},\"primaryImageOfPage\":{\"@id\":\"https:\/\/recal-se.tbwebsite.com\/no\/tilbehor\/monteringsskrue-trelekter-4x40mm-200st\/#primaryimage\"},\"image\":{\"@id\":\"https:\/\/recal-se.tbwebsite.com\/no\/tilbehor\/monteringsskrue-trelekter-4x40mm-200st\/#primaryimage\"},\"thumbnailUrl\":\"https:\/\/recal-se.tbwebsite.com\/no\/wp-content\/uploads\/sites\/5\/2023\/12\/108-2-1536x2048-1.png\",\"datePublished\":\"2023-12-13T09:36:15+00:00\",\"dateModified\":\"2024-03-05T10:14:45+00:00\",\"description\":\"Hvorfor velge PROTECT4 TFT 4,0 x 40 skrue?Denne skruen tilbyr en kombinasjon av h\u00f8y kvalitet, enkel installasjon og p\u00e5litelig ytelse. Den er perfekt for en rekke prosjekter og applikasjoner. Enten du er en profesjonell altmuligmann eller en ambisi\u00f8s gj\u00f8r-det-selv-er, kan du stole p\u00e5 PROTECT4 TFT 4.0 x 40 skrue for dine festebehov.\",\"breadcrumb\":{\"@id\":\"https:\/\/recal-se.tbwebsite.com\/no\/tilbehor\/monteringsskrue-trelekter-4x40mm-200st\/#breadcrumb\"},\"inLanguage\":\"nb-NO\",\"potentialAction\":[{\"@type\":\"ReadAction\",\"target\":[\"https:\/\/recal-se.tbwebsite.com\/no\/tilbehor\/monteringsskrue-trelekter-4x40mm-200st\/\"]}]},{\"@type\":\"ImageObject\",\"inLanguage\":\"nb-NO\",\"@id\":\"https:\/\/recal-se.tbwebsite.com\/no\/tilbehor\/monteringsskrue-trelekter-4x40mm-200st\/#primaryimage\",\"url\":\"https:\/\/recal-se.tbwebsite.com\/no\/wp-content\/uploads\/sites\/5\/2023\/12\/108-2-1536x2048-1.png\",\"contentUrl\":\"https:\/\/recal-se.tbwebsite.com\/no\/wp-content\/uploads\/sites\/5\/2023\/12\/108-2-1536x2048-1.png\",\"width\":1536,\"height\":1536},{\"@type\":\"BreadcrumbList\",\"@id\":\"https:\/\/recal-se.tbwebsite.com\/no\/tilbehor\/monteringsskrue-trelekter-4x40mm-200st\/#breadcrumb\",\"itemListElement\":[{\"@type\":\"ListItem\",\"position\":1,\"name\":\"Home\",\"item\":\"https:\/\/recal-se.tbwebsite.com\/no\/\"},{\"@type\":\"ListItem\",\"position\":2,\"name\":\"Shop\",\"item\":\"https:\/\/recal-se.tbwebsite.com\/no\/shop\/\"},{\"@type\":\"ListItem\",\"position\":3,\"name\":\"Monteringsskrue Trelekter 4x40mm &#8211; 200st\"}]},{\"@type\":\"WebSite\",\"@id\":\"https:\/\/recal-se.tbwebsite.com\/no\/#website\",\"url\":\"https:\/\/recal-se.tbwebsite.com\/no\/\",\"name\":\"Recal Norge\",\"description\":\"Tr\u00e4dg\u00e5rdsprodukter tillverkade i aluminium fr\u00e5n Sm\u00e5land\",\"publisher\":{\"@id\":\"https:\/\/recal-se.tbwebsite.com\/no\/#organization\"},\"potentialAction\":[{\"@type\":\"SearchAction\",\"target\":{\"@type\":\"EntryPoint\",\"urlTemplate\":\"https:\/\/recal-se.tbwebsite.com\/no\/?s={search_term_string}\"},\"query-input\":\"required name=search_term_string\"}],\"inLanguage\":\"nb-NO\"},{\"@type\":\"Organization\",\"@id\":\"https:\/\/recal-se.tbwebsite.com\/no\/#organization\",\"name\":\"Recal Norge\",\"url\":\"https:\/\/recal-se.tbwebsite.com\/no\/\",\"logo\":{\"@type\":\"ImageObject\",\"inLanguage\":\"nb-NO\",\"@id\":\"https:\/\/recal-se.tbwebsite.com\/no\/#\/schema\/logo\/image\/\",\"url\":\"https:\/\/recal-se.tbwebsite.com\/no\/wp-content\/uploads\/sites\/5\/2020\/06\/recal-logotype_svart_1.png\",\"contentUrl\":\"https:\/\/recal-se.tbwebsite.com\/no\/wp-content\/uploads\/sites\/5\/2020\/06\/recal-logotype_svart_1.png\",\"width\":260,\"height\":52,\"caption\":\"Recal Norge\"},\"image\":{\"@id\":\"https:\/\/recal-se.tbwebsite.com\/no\/#\/schema\/logo\/image\/\"}}]}<\/script>\n<!-- \/ Yoast SEO plugin. -->","yoast_head_json":{"title":"Monteringsskrue Trelekter 4x40mm - 200st - Recal Norge","description":"Hvorfor velge PROTECT4 TFT 4,0 x 40 skrue?Denne skruen tilbyr en kombinasjon av h\u00f8y kvalitet, enkel installasjon og p\u00e5litelig ytelse. Den er perfekt for en rekke prosjekter og applikasjoner. Enten du er en profesjonell altmuligmann eller en ambisi\u00f8s gj\u00f8r-det-selv-er, kan du stole p\u00e5 PROTECT4 TFT 4.0 x 40 skrue for dine festebehov.","robots":{"index":"index","follow":"follow","max-snippet":"max-snippet:-1","max-image-preview":"max-image-preview:large","max-video-preview":"max-video-preview:-1"},"canonical":"https:\/\/recal-se.tbwebsite.com\/no\/tilbehor\/monteringsskrue-trelekter-4x40mm-200st\/","og_locale":"nb_NO","og_type":"article","og_title":"Monteringsskrue Trelekter 4x40mm - 200st - Recal Norge","og_description":"Hvorfor velge PROTECT4 TFT 4,0 x 40 skrue?Denne skruen tilbyr en kombinasjon av h\u00f8y kvalitet, enkel installasjon og p\u00e5litelig ytelse. Den er perfekt for en rekke prosjekter og applikasjoner. Enten du er en profesjonell altmuligmann eller en ambisi\u00f8s gj\u00f8r-det-selv-er, kan du stole p\u00e5 PROTECT4 TFT 4.0 x 40 skrue for dine festebehov.","og_url":"https:\/\/recal-se.tbwebsite.com\/no\/tilbehor\/monteringsskrue-trelekter-4x40mm-200st\/","og_site_name":"Recal Norge","article_modified_time":"2024-03-05T10:14:45+00:00","og_image":[{"width":1536,"height":1536,"url":"https:\/\/recal-se.tbwebsite.com\/no\/wp-content\/uploads\/sites\/5\/2023\/12\/108-2-1536x2048-1.png","type":"image\/png"}],"twitter_card":"summary_large_image","twitter_misc":{"Ansl. lesetid":"1 minutt"},"schema":{"@context":"https:\/\/schema.org","@graph":[{"@type":"WebPage","@id":"https:\/\/recal-se.tbwebsite.com\/no\/tilbehor\/monteringsskrue-trelekter-4x40mm-200st\/","url":"https:\/\/recal-se.tbwebsite.com\/no\/tilbehor\/monteringsskrue-trelekter-4x40mm-200st\/","name":"Monteringsskrue Trelekter 4x40mm - 200st - Recal Norge","isPartOf":{"@id":"https:\/\/recal-se.tbwebsite.com\/no\/#website"},"primaryImageOfPage":{"@id":"https:\/\/recal-se.tbwebsite.com\/no\/tilbehor\/monteringsskrue-trelekter-4x40mm-200st\/#primaryimage"},"image":{"@id":"https:\/\/recal-se.tbwebsite.com\/no\/tilbehor\/monteringsskrue-trelekter-4x40mm-200st\/#primaryimage"},"thumbnailUrl":"https:\/\/recal-se.tbwebsite.com\/no\/wp-content\/uploads\/sites\/5\/2023\/12\/108-2-1536x2048-1.png","datePublished":"2023-12-13T09:36:15+00:00","dateModified":"2024-03-05T10:14:45+00:00","description":"Hvorfor velge PROTECT4 TFT 4,0 x 40 skrue?Denne skruen tilbyr en kombinasjon av h\u00f8y kvalitet, enkel installasjon og p\u00e5litelig ytelse. Den er perfekt for en rekke prosjekter og applikasjoner. Enten du er en profesjonell altmuligmann eller en ambisi\u00f8s gj\u00f8r-det-selv-er, kan du stole p\u00e5 PROTECT4 TFT 4.0 x 40 skrue for dine festebehov.","breadcrumb":{"@id":"https:\/\/recal-se.tbwebsite.com\/no\/tilbehor\/monteringsskrue-trelekter-4x40mm-200st\/#breadcrumb"},"inLanguage":"nb-NO","potentialAction":[{"@type":"ReadAction","target":["https:\/\/recal-se.tbwebsite.com\/no\/tilbehor\/monteringsskrue-trelekter-4x40mm-200st\/"]}]},{"@type":"ImageObject","inLanguage":"nb-NO","@id":"https:\/\/recal-se.tbwebsite.com\/no\/tilbehor\/monteringsskrue-trelekter-4x40mm-200st\/#primaryimage","url":"https:\/\/recal-se.tbwebsite.com\/no\/wp-content\/uploads\/sites\/5\/2023\/12\/108-2-1536x2048-1.png","contentUrl":"https:\/\/recal-se.tbwebsite.com\/no\/wp-content\/uploads\/sites\/5\/2023\/12\/108-2-1536x2048-1.png","width":1536,"height":1536},{"@type":"BreadcrumbList","@id":"https:\/\/recal-se.tbwebsite.com\/no\/tilbehor\/monteringsskrue-trelekter-4x40mm-200st\/#breadcrumb","itemListElement":[{"@type":"ListItem","position":1,"name":"Home","item":"https:\/\/recal-se.tbwebsite.com\/no\/"},{"@type":"ListItem","position":2,"name":"Shop","item":"https:\/\/recal-se.tbwebsite.com\/no\/shop\/"},{"@type":"ListItem","position":3,"name":"Monteringsskrue Trelekter 4x40mm &#8211; 200st"}]},{"@type":"WebSite","@id":"https:\/\/recal-se.tbwebsite.com\/no\/#website","url":"https:\/\/recal-se.tbwebsite.com\/no\/","name":"Recal Norge","description":"Tr\u00e4dg\u00e5rdsprodukter tillverkade i aluminium fr\u00e5n Sm\u00e5land","publisher":{"@id":"https:\/\/recal-se.tbwebsite.com\/no\/#organization"},"potentialAction":[{"@type":"SearchAction","target":{"@type":"EntryPoint","urlTemplate":"https:\/\/recal-se.tbwebsite.com\/no\/?s={search_term_string}"},"query-input":"required name=search_term_string"}],"inLanguage":"nb-NO"},{"@type":"Organization","@id":"https:\/\/recal-se.tbwebsite.com\/no\/#organization","name":"Recal Norge","url":"https:\/\/recal-se.tbwebsite.com\/no\/","logo":{"@type":"ImageObject","inLanguage":"nb-NO","@id":"https:\/\/recal-se.tbwebsite.com\/no\/#\/schema\/logo\/image\/","url":"https:\/\/recal-se.tbwebsite.com\/no\/wp-content\/uploads\/sites\/5\/2020\/06\/recal-logotype_svart_1.png","contentUrl":"https:\/\/recal-se.tbwebsite.com\/no\/wp-content\/uploads\/sites\/5\/2020\/06\/recal-logotype_svart_1.png","width":260,"height":52,"caption":"Recal Norge"},"image":{"@id":"https:\/\/recal-se.tbwebsite.com\/no\/#\/schema\/logo\/image\/"}}]}},"_links":{"self":[{"href":"https:\/\/recal-se.tbwebsite.com\/no\/wp-json\/wp\/v2\/product\/13034"}],"collection":[{"href":"https:\/\/recal-se.tbwebsite.com\/no\/wp-json\/wp\/v2\/product"}],"about":[{"href":"https:\/\/recal-se.tbwebsite.com\/no\/wp-json\/wp\/v2\/types\/product"}],"replies":[{"embeddable":true,"href":"https:\/\/recal-se.tbwebsite.com\/no\/wp-json\/wp\/v2\/comments?post=13034"}],"version-history":[{"count":5,"href":"https:\/\/recal-se.tbwebsite.com\/no\/wp-json\/wp\/v2\/product\/13034\/revisions"}],"predecessor-version":[{"id":15312,"href":"https:\/\/recal-se.tbwebsite.com\/no\/wp-json\/wp\/v2\/product\/13034\/revisions\/15312"}],"wp:featuredmedia":[{"embeddable":true,"href":"https:\/\/recal-se.tbwebsite.com\/no\/wp-json\/wp\/v2\/media\/14915"}],"wp:attachment":[{"href":"https:\/\/recal-se.tbwebsite.com\/no\/wp-json\/wp\/v2\/media?parent=13034"}],"wp:term":[{"taxonomy":"product_cat","embeddable":true,"href":"https:\/\/recal-se.tbwebsite.com\/no\/wp-json\/wp\/v2\/product_cat?post=13034"},{"taxonomy":"product_tag","embeddable":true,"href":"https:\/\/recal-se.tbwebsite.com\/no\/wp-json\/wp\/v2\/product_tag?post=13034"}],"curies":[{"name":"wp","href":"https:\/\/api.w.org\/{rel}","templated":true}]}}