{"id":650,"date":"2020-06-09T20:53:37","date_gmt":"2020-06-09T20:53:37","guid":{"rendered":"https:\/\/recal-se.tbwebsite.com\/?page_id=650"},"modified":"2024-03-08T06:42:23","modified_gmt":"2024-03-08T06:42:23","slug":"kontakt","status":"publish","type":"page","link":"https:\/\/recal-se.tbwebsite.com\/no\/kontakt\/","title":{"rendered":"Kontakt"},"content":{"rendered":"\t\t<div data-elementor-type=\"wp-page\" data-elementor-id=\"650\" class=\"elementor elementor-650\" data-elementor-post-type=\"page\">\n\t\t\t\t<div class=\"elementor-element elementor-element-6587a54 e-flex e-con-boxed e-con e-parent\" data-id=\"6587a54\" data-element_type=\"container\" data-settings=\"{&quot;background_background&quot;:&quot;classic&quot;,&quot;container_type&quot;:&quot;flex&quot;,&quot;content_width&quot;:&quot;boxed&quot;}\" data-core-v316-plus=\"true\">\n\t\t\t\t\t<div class=\"e-con-inner\">\n\t\t\t\t<div class=\"elementor-element elementor-element-1877480 elementor-widget elementor-widget-heading\" data-id=\"1877480\" data-element_type=\"widget\" data-widget_type=\"heading.default\">\n\t\t\t\t<div class=\"elementor-widget-container\">\n\t\t\t<style>\/*! elementor - v3.19.0 - 28-02-2024 *\/\n.elementor-heading-title{padding:0;margin:0;line-height:1}.elementor-widget-heading .elementor-heading-title[class*=elementor-size-]>a{color:inherit;font-size:inherit;line-height:inherit}.elementor-widget-heading .elementor-heading-title.elementor-size-small{font-size:15px}.elementor-widget-heading .elementor-heading-title.elementor-size-medium{font-size:19px}.elementor-widget-heading .elementor-heading-title.elementor-size-large{font-size:29px}.elementor-widget-heading .elementor-heading-title.elementor-size-xl{font-size:39px}.elementor-widget-heading .elementor-heading-title.elementor-size-xxl{font-size:59px}<\/style><h2 class=\"elementor-heading-title elementor-size-default\">Kontakt<\/h2>\t\t<\/div>\n\t\t\t\t<\/div>\n\t\t\t\t\t<\/div>\n\t\t\t\t<\/div>\n\t\t<div class=\"elementor-element elementor-element-7362063 e-flex e-con-boxed e-con e-parent\" data-id=\"7362063\" data-element_type=\"container\" data-settings=\"{&quot;background_background&quot;:&quot;classic&quot;,&quot;container_type&quot;:&quot;flex&quot;,&quot;content_width&quot;:&quot;boxed&quot;}\" data-core-v316-plus=\"true\">\n\t\t\t\t\t<div class=\"e-con-inner\">\n\t\t\t\t<div class=\"elementor-element elementor-element-2f8032f elementor-widget__width-initial elementor-widget elementor-widget-text-editor\" data-id=\"2f8032f\" data-element_type=\"widget\" data-widget_type=\"text-editor.default\">\n\t\t\t\t<div class=\"elementor-widget-container\">\n\t\t\t<style>\/*! elementor - v3.19.0 - 28-02-2024 *\/\n.elementor-widget-text-editor.elementor-drop-cap-view-stacked .elementor-drop-cap{background-color:#69727d;color:#fff}.elementor-widget-text-editor.elementor-drop-cap-view-framed .elementor-drop-cap{color:#69727d;border:3px solid;background-color:transparent}.elementor-widget-text-editor:not(.elementor-drop-cap-view-default) .elementor-drop-cap{margin-top:8px}.elementor-widget-text-editor:not(.elementor-drop-cap-view-default) .elementor-drop-cap-letter{width:1em;height:1em}.elementor-widget-text-editor .elementor-drop-cap{float:left;text-align:center;line-height:1;font-size:50px}.elementor-widget-text-editor .elementor-drop-cap-letter{display:inline-block}<\/style>\t\t\t\t<h2>Showroom &amp; bes\u00f8ksadresse<\/h2><p>Showroom: Bok\u00e5krav\u00e4gen 1, 331 53, V\u00e4rnamo<\/p><p>Fabrikk\/logistikk: Nybygget, 331 91 V\u00e4rnamo (\u00c5minne)<\/p><p>Bestill time p\u00e5 telefon: +46 <a href=\"tel:0370 \u2013 129 00\"><strong>(0) 370 \u2013 129 00<\/strong><\/a> eller via mail: <a href=\"mailto:hej@recal.se\"><strong>hej@recal.se<\/strong><\/a><\/p><h2>Generelle henvendelser<\/h2><p><a href=\"mailto:hej@recal.se\">hej@recal.se<\/a><\/p><p><a href=\"tel:0370 \u2013 129 00\">+46 (0) 370 \u2013 129 00<\/a><\/p><h2>Hvis du har sp\u00f8rsm\u00e5l om v\u00e5re produkter, vennligst kontakt oss<\/h2><h2><strong>VD \/ Salg<\/strong><\/h2><p><img fetchpriority=\"high\" decoding=\"async\" class=\"alignnone wp-image-7628 size-medium\" src=\"https:\/\/recal-se.tbwebsite.com\/wp-content\/uploads\/2022\/02\/recal-team_member_philip_hurtig-e1709639269323-300x300.jpg\" alt=\"\" width=\"300\" height=\"300\" \/><\/p><p><strong>Philip Andersen<\/strong><\/p><p><a href=\"mailto:philip@recal.se\">philip@recal.se<\/a><\/p><p><a href=\"tel:0760 \u2013 01 29 02\">+46 (0) 760 \u2013 01 29 02<\/a><\/p><h2>Salg<\/h2><p><img decoding=\"async\" class=\"alignnone size-medium wp-image-15783\" src=\"https:\/\/recal-se.tbwebsite.com\/wp-content\/uploads\/2024\/03\/IMG_0646-e1709639452367-300x300.jpg\" alt=\"\" width=\"300\" height=\"300\" \/><\/p><p><strong>Amanda Ericsson<\/strong><\/p><p><a href=\"mailto:philip@recal.se\">amanda@recal.se<\/a><\/p><p><a href=\"tel:0760 \u2013 01 29 02\">+46 (0) 760 \u2013 01 29 01<\/a><\/p><h2>Forhandler<\/h2><p><strong><br \/>Sverige<\/strong><\/p><p><a href=\"https:\/\/www.bauhaus.se\/recal\" target=\"_blank\" rel=\"noopener\">Recal \u2013 Rama in tr\u00e4dg\u00e5rden (bauhaus.se)<\/a><\/p><p><a href=\"https:\/\/www.byggmax.se\/recal\" target=\"_blank\" rel=\"noopener\">Recal \u2013 K\u00f6p till bra pris hos Byggmax<\/a><\/p><p><a href=\"https:\/\/www.bygghemma.se\/varumarken\/recal\/\" target=\"_blank\" rel=\"noopener\">Recal \u00c5terf\u00f6rs\u00e4ljare \u2013 H\u00e5llbar inh\u00e4ngning| Bygghemma.se<\/a><\/p><p><strong><br \/>Norge<\/strong><\/p><p><a href=\"https:\/\/www.bauhaus.no\/varemerker\/recal\" target=\"_blank\" rel=\"noopener\">Recal \u2013 Varemerker (bauhaus.no)<\/a><\/p><p><a href=\"https:\/\/www.bygghjemme.no\/merker\/recal\/\" target=\"_blank\" rel=\"noopener\">Recal p\u00e5 Tilbud \u2013 Billige Byggevarer p\u00e5 nett | Bygghjemme.no<\/a><\/p>\t\t\t\t\t\t<\/div>\n\t\t\t\t<\/div>\n\t\t\t\t\t<\/div>\n\t\t\t\t<\/div>\n\t\t\t\t<\/div>\n\t\t","protected":false},"excerpt":{"rendered":"<p>Kontakt Showroom &amp; bes\u00f8ksadresse Showroom: Bok\u00e5krav\u00e4gen 1, 331 53, V\u00e4rnamo Fabrikk\/logistikk: Nybygget, 331 91 V\u00e4rnamo (\u00c5minne) Bestill time p\u00e5 telefon: +46 (0) 370 \u2013 129 00 eller via mail: hej@recal.se Generelle henvendelser hej@recal.se +46 (0) 370 \u2013 129 00 Hvis du har sp\u00f8rsm\u00e5l om v\u00e5re produkter, vennligst kontakt oss VD \/ Salg Philip Andersen philip@recal.se [&hellip;]<\/p>\n","protected":false},"author":2,"featured_media":0,"parent":0,"menu_order":0,"comment_status":"closed","ping_status":"closed","template":"","meta":{"_acf_changed":false,"footnotes":""},"acf":[],"yoast_head":"<!-- This site is optimized with the Yoast SEO plugin v22.2 - https:\/\/yoast.com\/wordpress\/plugins\/seo\/ -->\n<title>Kontakt - Recal Norge<\/title>\n<meta name=\"description\" content=\"S\u00f6ka kontakt? Vi finns alltid tillg\u00e4ngliga p\u00e5 telefon. Du kan \u00e4ven h\u00f6ra av dig p\u00e5 n\u00e5gon utav v\u00e5ra sociala medier.\" \/>\n<meta name=\"robots\" content=\"index, follow, max-snippet:-1, max-image-preview:large, max-video-preview:-1\" \/>\n<link rel=\"canonical\" href=\"https:\/\/recal-se.tbwebsite.com\/no\/kontakt\/\" \/>\n<meta property=\"og:locale\" content=\"nb_NO\" \/>\n<meta property=\"og:type\" content=\"article\" \/>\n<meta property=\"og:title\" content=\"Kontakt - Recal Norge\" \/>\n<meta property=\"og:description\" content=\"S\u00f6ka kontakt? Vi finns alltid tillg\u00e4ngliga p\u00e5 telefon. Du kan \u00e4ven h\u00f6ra av dig p\u00e5 n\u00e5gon utav v\u00e5ra sociala medier.\" \/>\n<meta property=\"og:url\" content=\"https:\/\/recal-se.tbwebsite.com\/no\/kontakt\/\" \/>\n<meta property=\"og:site_name\" content=\"Recal Norge\" \/>\n<meta property=\"article:modified_time\" content=\"2024-03-08T06:42:23+00:00\" \/>\n<meta property=\"og:image\" content=\"https:\/\/recal-se.tbwebsite.com\/wp-content\/uploads\/2022\/02\/recal-team_member_philip_hurtig-e1709639269323-300x300.jpg\" \/>\n<meta name=\"twitter:card\" content=\"summary_large_image\" \/>\n<meta name=\"twitter:label1\" content=\"Ansl. lesetid\" \/>\n\t<meta name=\"twitter:data1\" content=\"1 minutt\" \/>\n<script type=\"application\/ld+json\" class=\"yoast-schema-graph\">{\"@context\":\"https:\/\/schema.org\",\"@graph\":[{\"@type\":\"WebPage\",\"@id\":\"https:\/\/recal-se.tbwebsite.com\/no\/kontakt\/\",\"url\":\"https:\/\/recal-se.tbwebsite.com\/no\/kontakt\/\",\"name\":\"Kontakt - Recal Norge\",\"isPartOf\":{\"@id\":\"https:\/\/recal-se.tbwebsite.com\/no\/#website\"},\"primaryImageOfPage\":{\"@id\":\"https:\/\/recal-se.tbwebsite.com\/no\/kontakt\/#primaryimage\"},\"image\":{\"@id\":\"https:\/\/recal-se.tbwebsite.com\/no\/kontakt\/#primaryimage\"},\"thumbnailUrl\":\"https:\/\/recal-se.tbwebsite.com\/wp-content\/uploads\/2022\/02\/recal-team_member_philip_hurtig-e1709639269323-300x300.jpg\",\"datePublished\":\"2020-06-09T20:53:37+00:00\",\"dateModified\":\"2024-03-08T06:42:23+00:00\",\"description\":\"S\u00f6ka kontakt? Vi finns alltid tillg\u00e4ngliga p\u00e5 telefon. Du kan \u00e4ven h\u00f6ra av dig p\u00e5 n\u00e5gon utav v\u00e5ra sociala medier.\",\"breadcrumb\":{\"@id\":\"https:\/\/recal-se.tbwebsite.com\/no\/kontakt\/#breadcrumb\"},\"inLanguage\":\"nb-NO\",\"potentialAction\":[{\"@type\":\"ReadAction\",\"target\":[\"https:\/\/recal-se.tbwebsite.com\/no\/kontakt\/\"]}]},{\"@type\":\"ImageObject\",\"inLanguage\":\"nb-NO\",\"@id\":\"https:\/\/recal-se.tbwebsite.com\/no\/kontakt\/#primaryimage\",\"url\":\"https:\/\/recal-se.tbwebsite.com\/wp-content\/uploads\/2022\/02\/recal-team_member_philip_hurtig-e1709639269323-300x300.jpg\",\"contentUrl\":\"https:\/\/recal-se.tbwebsite.com\/wp-content\/uploads\/2022\/02\/recal-team_member_philip_hurtig-e1709639269323-300x300.jpg\"},{\"@type\":\"BreadcrumbList\",\"@id\":\"https:\/\/recal-se.tbwebsite.com\/no\/kontakt\/#breadcrumb\",\"itemListElement\":[{\"@type\":\"ListItem\",\"position\":1,\"name\":\"Home\",\"item\":\"https:\/\/recal-se.tbwebsite.com\/no\/\"},{\"@type\":\"ListItem\",\"position\":2,\"name\":\"Kontakt\"}]},{\"@type\":\"WebSite\",\"@id\":\"https:\/\/recal-se.tbwebsite.com\/no\/#website\",\"url\":\"https:\/\/recal-se.tbwebsite.com\/no\/\",\"name\":\"Recal Norge\",\"description\":\"Tr\u00e4dg\u00e5rdsprodukter tillverkade i aluminium fr\u00e5n Sm\u00e5land\",\"publisher\":{\"@id\":\"https:\/\/recal-se.tbwebsite.com\/no\/#organization\"},\"potentialAction\":[{\"@type\":\"SearchAction\",\"target\":{\"@type\":\"EntryPoint\",\"urlTemplate\":\"https:\/\/recal-se.tbwebsite.com\/no\/?s={search_term_string}\"},\"query-input\":\"required name=search_term_string\"}],\"inLanguage\":\"nb-NO\"},{\"@type\":\"Organization\",\"@id\":\"https:\/\/recal-se.tbwebsite.com\/no\/#organization\",\"name\":\"Recal Norge\",\"url\":\"https:\/\/recal-se.tbwebsite.com\/no\/\",\"logo\":{\"@type\":\"ImageObject\",\"inLanguage\":\"nb-NO\",\"@id\":\"https:\/\/recal-se.tbwebsite.com\/no\/#\/schema\/logo\/image\/\",\"url\":\"https:\/\/recal-se.tbwebsite.com\/no\/wp-content\/uploads\/sites\/5\/2020\/06\/recal-logotype_svart_1.png\",\"contentUrl\":\"https:\/\/recal-se.tbwebsite.com\/no\/wp-content\/uploads\/sites\/5\/2020\/06\/recal-logotype_svart_1.png\",\"width\":260,\"height\":52,\"caption\":\"Recal Norge\"},\"image\":{\"@id\":\"https:\/\/recal-se.tbwebsite.com\/no\/#\/schema\/logo\/image\/\"}}]}<\/script>\n<!-- \/ Yoast SEO plugin. -->","yoast_head_json":{"title":"Kontakt - Recal Norge","description":"S\u00f6ka kontakt? Vi finns alltid tillg\u00e4ngliga p\u00e5 telefon. Du kan \u00e4ven h\u00f6ra av dig p\u00e5 n\u00e5gon utav v\u00e5ra sociala medier.","robots":{"index":"index","follow":"follow","max-snippet":"max-snippet:-1","max-image-preview":"max-image-preview:large","max-video-preview":"max-video-preview:-1"},"canonical":"https:\/\/recal-se.tbwebsite.com\/no\/kontakt\/","og_locale":"nb_NO","og_type":"article","og_title":"Kontakt - Recal Norge","og_description":"S\u00f6ka kontakt? Vi finns alltid tillg\u00e4ngliga p\u00e5 telefon. Du kan \u00e4ven h\u00f6ra av dig p\u00e5 n\u00e5gon utav v\u00e5ra sociala medier.","og_url":"https:\/\/recal-se.tbwebsite.com\/no\/kontakt\/","og_site_name":"Recal Norge","article_modified_time":"2024-03-08T06:42:23+00:00","og_image":[{"url":"https:\/\/recal-se.tbwebsite.com\/wp-content\/uploads\/2022\/02\/recal-team_member_philip_hurtig-e1709639269323-300x300.jpg"}],"twitter_card":"summary_large_image","twitter_misc":{"Ansl. lesetid":"1 minutt"},"schema":{"@context":"https:\/\/schema.org","@graph":[{"@type":"WebPage","@id":"https:\/\/recal-se.tbwebsite.com\/no\/kontakt\/","url":"https:\/\/recal-se.tbwebsite.com\/no\/kontakt\/","name":"Kontakt - Recal Norge","isPartOf":{"@id":"https:\/\/recal-se.tbwebsite.com\/no\/#website"},"primaryImageOfPage":{"@id":"https:\/\/recal-se.tbwebsite.com\/no\/kontakt\/#primaryimage"},"image":{"@id":"https:\/\/recal-se.tbwebsite.com\/no\/kontakt\/#primaryimage"},"thumbnailUrl":"https:\/\/recal-se.tbwebsite.com\/wp-content\/uploads\/2022\/02\/recal-team_member_philip_hurtig-e1709639269323-300x300.jpg","datePublished":"2020-06-09T20:53:37+00:00","dateModified":"2024-03-08T06:42:23+00:00","description":"S\u00f6ka kontakt? Vi finns alltid tillg\u00e4ngliga p\u00e5 telefon. Du kan \u00e4ven h\u00f6ra av dig p\u00e5 n\u00e5gon utav v\u00e5ra sociala medier.","breadcrumb":{"@id":"https:\/\/recal-se.tbwebsite.com\/no\/kontakt\/#breadcrumb"},"inLanguage":"nb-NO","potentialAction":[{"@type":"ReadAction","target":["https:\/\/recal-se.tbwebsite.com\/no\/kontakt\/"]}]},{"@type":"ImageObject","inLanguage":"nb-NO","@id":"https:\/\/recal-se.tbwebsite.com\/no\/kontakt\/#primaryimage","url":"https:\/\/recal-se.tbwebsite.com\/wp-content\/uploads\/2022\/02\/recal-team_member_philip_hurtig-e1709639269323-300x300.jpg","contentUrl":"https:\/\/recal-se.tbwebsite.com\/wp-content\/uploads\/2022\/02\/recal-team_member_philip_hurtig-e1709639269323-300x300.jpg"},{"@type":"BreadcrumbList","@id":"https:\/\/recal-se.tbwebsite.com\/no\/kontakt\/#breadcrumb","itemListElement":[{"@type":"ListItem","position":1,"name":"Home","item":"https:\/\/recal-se.tbwebsite.com\/no\/"},{"@type":"ListItem","position":2,"name":"Kontakt"}]},{"@type":"WebSite","@id":"https:\/\/recal-se.tbwebsite.com\/no\/#website","url":"https:\/\/recal-se.tbwebsite.com\/no\/","name":"Recal Norge","description":"Tr\u00e4dg\u00e5rdsprodukter tillverkade i aluminium fr\u00e5n Sm\u00e5land","publisher":{"@id":"https:\/\/recal-se.tbwebsite.com\/no\/#organization"},"potentialAction":[{"@type":"SearchAction","target":{"@type":"EntryPoint","urlTemplate":"https:\/\/recal-se.tbwebsite.com\/no\/?s={search_term_string}"},"query-input":"required name=search_term_string"}],"inLanguage":"nb-NO"},{"@type":"Organization","@id":"https:\/\/recal-se.tbwebsite.com\/no\/#organization","name":"Recal Norge","url":"https:\/\/recal-se.tbwebsite.com\/no\/","logo":{"@type":"ImageObject","inLanguage":"nb-NO","@id":"https:\/\/recal-se.tbwebsite.com\/no\/#\/schema\/logo\/image\/","url":"https:\/\/recal-se.tbwebsite.com\/no\/wp-content\/uploads\/sites\/5\/2020\/06\/recal-logotype_svart_1.png","contentUrl":"https:\/\/recal-se.tbwebsite.com\/no\/wp-content\/uploads\/sites\/5\/2020\/06\/recal-logotype_svart_1.png","width":260,"height":52,"caption":"Recal Norge"},"image":{"@id":"https:\/\/recal-se.tbwebsite.com\/no\/#\/schema\/logo\/image\/"}}]}},"_links":{"self":[{"href":"https:\/\/recal-se.tbwebsite.com\/no\/wp-json\/wp\/v2\/pages\/650"}],"collection":[{"href":"https:\/\/recal-se.tbwebsite.com\/no\/wp-json\/wp\/v2\/pages"}],"about":[{"href":"https:\/\/recal-se.tbwebsite.com\/no\/wp-json\/wp\/v2\/types\/page"}],"author":[{"embeddable":true,"href":"https:\/\/recal-se.tbwebsite.com\/no\/wp-json\/wp\/v2\/users\/2"}],"replies":[{"embeddable":true,"href":"https:\/\/recal-se.tbwebsite.com\/no\/wp-json\/wp\/v2\/comments?post=650"}],"version-history":[{"count":71,"href":"https:\/\/recal-se.tbwebsite.com\/no\/wp-json\/wp\/v2\/pages\/650\/revisions"}],"predecessor-version":[{"id":15363,"href":"https:\/\/recal-se.tbwebsite.com\/no\/wp-json\/wp\/v2\/pages\/650\/revisions\/15363"}],"wp:attachment":[{"href":"https:\/\/recal-se.tbwebsite.com\/no\/wp-json\/wp\/v2\/media?parent=650"}],"curies":[{"name":"wp","href":"https:\/\/api.w.org\/{rel}","templated":true}]}}