{"id":935,"date":"2021-04-18T17:30:57","date_gmt":"2021-04-18T17:30:57","guid":{"rendered":"https:\/\/recal-se.tbwebsite.com\/?post_type=product&#038;p=935"},"modified":"2024-02-05T13:45:00","modified_gmt":"2024-02-05T13:45:00","slug":"dyrkning-plantningramme-cortenark","status":"publish","type":"product","link":"https:\/\/recal-se.tbwebsite.com\/dk\/cortenplat\/dyrkning-plantningramme-cortenark\/","title":{"rendered":"Dyrkning\/Plantningramme Cortenark"},"content":{"rendered":"<p>Recals planteramme i cortenplade er lavet af 1,5 mm tyk cortenplade. Planterammen passer perfekt i haven til dyrkning af planter eller til din urtedyrkning!<\/p>\n<p>Cortenrammer giver mulighed for flere forskellige fordele i en have. Det er meget almindeligt at bruge barkflis til at holde jorden og planterne p\u00e6ne, men det kan ogs\u00e5 v\u00e6re sv\u00e6rt at holde rent. Med en planteramme kan du nemt holde gr\u00e6sset og mulch adskilt. De kan ogs\u00e5 bruges som almindelige pallerammer, hvilket g\u00f8r opdelingen af planter og gr\u00f8ntsager lettere, samtidig med at haven lyser op.<\/p>\n<p>Vores planteramme i et rektangul\u00e6rt design med dimensioner p\u00e5 120X75X19 leveres komplet med skruer og foldede kanter for at skabe en bl\u00f8d form p\u00e5 produktet. Produktet er et godt supplement til den klassiske palleramme til dyrkning af dine planter.<\/p>\n<p>Efter et par uger udend\u00f8rs vises den rustne overflade af cortenoverfladen p\u00e5 dyrkningsrammen. Da planterammen behandles ved levering, anbefaler vi, at du vasker cortenproduktet med s\u00e6be og vand for at fremskynde processen med at f\u00e5 cortenpladens rustne overflade.<\/p>\n<p>&nbsp;<\/p>\n<p><strong>Produkt Beskrivelse:<\/strong><\/p>\n<p>St\u00f8rrelse: 120X75X19 (LXBXH)<\/p>\n<p>Tykkelse af cortenark: 1,5 mm<\/p>\n<p>Leveres komplet med skruer.<\/p>\n<p>&nbsp;<\/p>\n<p><strong>Tips til din plantning:<\/strong><\/p>\n<p>1. Fyld med jord helt op til kanten af planterammen<\/p>\n<p>2. S\u00f8rg for korrekt dr\u00e6ning<\/p>\n<p>3. Brug naturlig g\u00f8dning, s\u00e5som h\u00e6vet jord, kompost.<\/p>\n<p>Denne planteramme f\u00e5s ogs\u00e5 som en kasse med en h\u00f8jere kant. <a href=\"https:\/\/recal.se\/product\/blomlada-planteringskarl-corten-60x60x60-kopia\/\">.Planter Corten<\/a><\/p>\n","protected":false},"excerpt":{"rendered":"<p>Vores planteramme i et firkantet design leveres komplet med bundplade og skruer samt foldede kanter uden samlinger og giver et solidt indtryk.<\/p>\n<p><strong>H\u00f8jde<\/strong>: 190 mm<\/p>\n<p><strong>L\u00e6ngde<\/strong>: 1200 mm eller 750 mm<\/p>\n<p><strong>Bredde<\/strong>: 750 mm<\/p>\n","protected":false},"featured_media":5476,"comment_status":"closed","ping_status":"closed","template":"","meta":{"_acf_changed":false},"product_cat":[108,196,115],"product_tag":[101,102,100],"composite_virtual":false,"composite_layout":"","composite_add_to_cart_form_location":"","composite_editable_in_cart":false,"composite_sold_individually_context":"","composite_shop_price_calc":"","composite_components":[],"composite_scenarios":[],"acf":[],"yoast_head":"<!-- This site is optimized with the Yoast SEO plugin v22.2 - https:\/\/yoast.com\/wordpress\/plugins\/seo\/ -->\n<title>Dyrkning\/Plantningramme Cortenark - Recal Danmark<\/title>\n<meta name=\"description\" content=\"Recals planteramme i cortenplade er lavet af 1,5 mm tyk cortenplade. Planterammen passer perfekt i haven til dyrkning af planter eller til din urtedyrkning!\" \/>\n<meta name=\"robots\" content=\"index, follow, max-snippet:-1, max-image-preview:large, max-video-preview:-1\" \/>\n<link rel=\"canonical\" href=\"https:\/\/recal-se.tbwebsite.com\/dk\/cortenplat\/dyrkning-plantningramme-cortenark\/\" \/>\n<meta property=\"og:locale\" content=\"da_DK\" \/>\n<meta property=\"og:type\" content=\"article\" \/>\n<meta property=\"og:title\" content=\"Dyrkning\/Plantningramme Cortenark - Recal Danmark\" \/>\n<meta property=\"og:description\" content=\"Recals planteramme i cortenplade er lavet af 1,5 mm tyk cortenplade. Planterammen passer perfekt i haven til dyrkning af planter eller til din urtedyrkning!\" \/>\n<meta property=\"og:url\" content=\"https:\/\/recal-se.tbwebsite.com\/dk\/cortenplat\/dyrkning-plantningramme-cortenark\/\" \/>\n<meta property=\"og:site_name\" content=\"Recal Danmark\" \/>\n<meta property=\"article:modified_time\" content=\"2024-02-05T13:45:00+00:00\" \/>\n<meta property=\"og:image\" content=\"https:\/\/recal-se.tbwebsite.com\/dk\/wp-content\/uploads\/sites\/2\/2021\/04\/recal-blomlada_corten_75x125x19-1.png\" \/>\n\t<meta property=\"og:image:width\" content=\"1400\" \/>\n\t<meta property=\"og:image:height\" content=\"1401\" \/>\n\t<meta property=\"og:image:type\" content=\"image\/png\" \/>\n<meta name=\"twitter:card\" content=\"summary_large_image\" \/>\n<meta name=\"twitter:label1\" content=\"Estimeret l\u00e6setid\" \/>\n\t<meta name=\"twitter:data1\" content=\"2 minutter\" \/>\n<script type=\"application\/ld+json\" class=\"yoast-schema-graph\">{\"@context\":\"https:\/\/schema.org\",\"@graph\":[{\"@type\":\"WebPage\",\"@id\":\"https:\/\/recal-se.tbwebsite.com\/dk\/cortenplat\/dyrkning-plantningramme-cortenark\/\",\"url\":\"https:\/\/recal-se.tbwebsite.com\/dk\/cortenplat\/dyrkning-plantningramme-cortenark\/\",\"name\":\"Dyrkning\/Plantningramme Cortenark - Recal Danmark\",\"isPartOf\":{\"@id\":\"https:\/\/recal-se.tbwebsite.com\/dk\/#website\"},\"primaryImageOfPage\":{\"@id\":\"https:\/\/recal-se.tbwebsite.com\/dk\/cortenplat\/dyrkning-plantningramme-cortenark\/#primaryimage\"},\"image\":{\"@id\":\"https:\/\/recal-se.tbwebsite.com\/dk\/cortenplat\/dyrkning-plantningramme-cortenark\/#primaryimage\"},\"thumbnailUrl\":\"https:\/\/recal-se.tbwebsite.com\/dk\/wp-content\/uploads\/sites\/2\/2021\/04\/recal-blomlada_corten_75x125x19-1.png\",\"datePublished\":\"2021-04-18T17:30:57+00:00\",\"dateModified\":\"2024-02-05T13:45:00+00:00\",\"description\":\"Recals planteramme i cortenplade er lavet af 1,5 mm tyk cortenplade. Planterammen passer perfekt i haven til dyrkning af planter eller til din urtedyrkning!\",\"breadcrumb\":{\"@id\":\"https:\/\/recal-se.tbwebsite.com\/dk\/cortenplat\/dyrkning-plantningramme-cortenark\/#breadcrumb\"},\"inLanguage\":\"da-DK\",\"potentialAction\":[{\"@type\":\"ReadAction\",\"target\":[\"https:\/\/recal-se.tbwebsite.com\/dk\/cortenplat\/dyrkning-plantningramme-cortenark\/\"]}]},{\"@type\":\"ImageObject\",\"inLanguage\":\"da-DK\",\"@id\":\"https:\/\/recal-se.tbwebsite.com\/dk\/cortenplat\/dyrkning-plantningramme-cortenark\/#primaryimage\",\"url\":\"https:\/\/recal-se.tbwebsite.com\/dk\/wp-content\/uploads\/sites\/2\/2021\/04\/recal-blomlada_corten_75x125x19-1.png\",\"contentUrl\":\"https:\/\/recal-se.tbwebsite.com\/dk\/wp-content\/uploads\/sites\/2\/2021\/04\/recal-blomlada_corten_75x125x19-1.png\",\"width\":1400,\"height\":1401},{\"@type\":\"BreadcrumbList\",\"@id\":\"https:\/\/recal-se.tbwebsite.com\/dk\/cortenplat\/dyrkning-plantningramme-cortenark\/#breadcrumb\",\"itemListElement\":[{\"@type\":\"ListItem\",\"position\":1,\"name\":\"Home\",\"item\":\"https:\/\/recal-se.tbwebsite.com\/dk\/\"},{\"@type\":\"ListItem\",\"position\":2,\"name\":\"Shop\",\"item\":\"https:\/\/recal-se.tbwebsite.com\/dk\/shop\/\"},{\"@type\":\"ListItem\",\"position\":3,\"name\":\"Dyrkning\/Plantningramme Cortenark\"}]},{\"@type\":\"WebSite\",\"@id\":\"https:\/\/recal-se.tbwebsite.com\/dk\/#website\",\"url\":\"https:\/\/recal-se.tbwebsite.com\/dk\/\",\"name\":\"Recal Danmark\",\"description\":\"Tr\u00e4dg\u00e5rdsprodukter tillverkade i aluminium fr\u00e5n Sm\u00e5land\",\"publisher\":{\"@id\":\"https:\/\/recal-se.tbwebsite.com\/dk\/#organization\"},\"potentialAction\":[{\"@type\":\"SearchAction\",\"target\":{\"@type\":\"EntryPoint\",\"urlTemplate\":\"https:\/\/recal-se.tbwebsite.com\/dk\/?s={search_term_string}\"},\"query-input\":\"required name=search_term_string\"}],\"inLanguage\":\"da-DK\"},{\"@type\":\"Organization\",\"@id\":\"https:\/\/recal-se.tbwebsite.com\/dk\/#organization\",\"name\":\"Recal Danmark\",\"url\":\"https:\/\/recal-se.tbwebsite.com\/dk\/\",\"logo\":{\"@type\":\"ImageObject\",\"inLanguage\":\"da-DK\",\"@id\":\"https:\/\/recal-se.tbwebsite.com\/dk\/#\/schema\/logo\/image\/\",\"url\":\"https:\/\/recal-se.tbwebsite.com\/dk\/wp-content\/uploads\/sites\/2\/2020\/06\/recal-logotype_svart_1.png\",\"contentUrl\":\"https:\/\/recal-se.tbwebsite.com\/dk\/wp-content\/uploads\/sites\/2\/2020\/06\/recal-logotype_svart_1.png\",\"width\":260,\"height\":52,\"caption\":\"Recal Danmark\"},\"image\":{\"@id\":\"https:\/\/recal-se.tbwebsite.com\/dk\/#\/schema\/logo\/image\/\"}}]}<\/script>\n<!-- \/ Yoast SEO plugin. -->","yoast_head_json":{"title":"Dyrkning\/Plantningramme Cortenark - Recal Danmark","description":"Recals planteramme i cortenplade er lavet af 1,5 mm tyk cortenplade. Planterammen passer perfekt i haven til dyrkning af planter eller til din urtedyrkning!","robots":{"index":"index","follow":"follow","max-snippet":"max-snippet:-1","max-image-preview":"max-image-preview:large","max-video-preview":"max-video-preview:-1"},"canonical":"https:\/\/recal-se.tbwebsite.com\/dk\/cortenplat\/dyrkning-plantningramme-cortenark\/","og_locale":"da_DK","og_type":"article","og_title":"Dyrkning\/Plantningramme Cortenark - Recal Danmark","og_description":"Recals planteramme i cortenplade er lavet af 1,5 mm tyk cortenplade. Planterammen passer perfekt i haven til dyrkning af planter eller til din urtedyrkning!","og_url":"https:\/\/recal-se.tbwebsite.com\/dk\/cortenplat\/dyrkning-plantningramme-cortenark\/","og_site_name":"Recal Danmark","article_modified_time":"2024-02-05T13:45:00+00:00","og_image":[{"width":1400,"height":1401,"url":"https:\/\/recal-se.tbwebsite.com\/dk\/wp-content\/uploads\/sites\/2\/2021\/04\/recal-blomlada_corten_75x125x19-1.png","type":"image\/png"}],"twitter_card":"summary_large_image","twitter_misc":{"Estimeret l\u00e6setid":"2 minutter"},"schema":{"@context":"https:\/\/schema.org","@graph":[{"@type":"WebPage","@id":"https:\/\/recal-se.tbwebsite.com\/dk\/cortenplat\/dyrkning-plantningramme-cortenark\/","url":"https:\/\/recal-se.tbwebsite.com\/dk\/cortenplat\/dyrkning-plantningramme-cortenark\/","name":"Dyrkning\/Plantningramme Cortenark - Recal Danmark","isPartOf":{"@id":"https:\/\/recal-se.tbwebsite.com\/dk\/#website"},"primaryImageOfPage":{"@id":"https:\/\/recal-se.tbwebsite.com\/dk\/cortenplat\/dyrkning-plantningramme-cortenark\/#primaryimage"},"image":{"@id":"https:\/\/recal-se.tbwebsite.com\/dk\/cortenplat\/dyrkning-plantningramme-cortenark\/#primaryimage"},"thumbnailUrl":"https:\/\/recal-se.tbwebsite.com\/dk\/wp-content\/uploads\/sites\/2\/2021\/04\/recal-blomlada_corten_75x125x19-1.png","datePublished":"2021-04-18T17:30:57+00:00","dateModified":"2024-02-05T13:45:00+00:00","description":"Recals planteramme i cortenplade er lavet af 1,5 mm tyk cortenplade. Planterammen passer perfekt i haven til dyrkning af planter eller til din urtedyrkning!","breadcrumb":{"@id":"https:\/\/recal-se.tbwebsite.com\/dk\/cortenplat\/dyrkning-plantningramme-cortenark\/#breadcrumb"},"inLanguage":"da-DK","potentialAction":[{"@type":"ReadAction","target":["https:\/\/recal-se.tbwebsite.com\/dk\/cortenplat\/dyrkning-plantningramme-cortenark\/"]}]},{"@type":"ImageObject","inLanguage":"da-DK","@id":"https:\/\/recal-se.tbwebsite.com\/dk\/cortenplat\/dyrkning-plantningramme-cortenark\/#primaryimage","url":"https:\/\/recal-se.tbwebsite.com\/dk\/wp-content\/uploads\/sites\/2\/2021\/04\/recal-blomlada_corten_75x125x19-1.png","contentUrl":"https:\/\/recal-se.tbwebsite.com\/dk\/wp-content\/uploads\/sites\/2\/2021\/04\/recal-blomlada_corten_75x125x19-1.png","width":1400,"height":1401},{"@type":"BreadcrumbList","@id":"https:\/\/recal-se.tbwebsite.com\/dk\/cortenplat\/dyrkning-plantningramme-cortenark\/#breadcrumb","itemListElement":[{"@type":"ListItem","position":1,"name":"Home","item":"https:\/\/recal-se.tbwebsite.com\/dk\/"},{"@type":"ListItem","position":2,"name":"Shop","item":"https:\/\/recal-se.tbwebsite.com\/dk\/shop\/"},{"@type":"ListItem","position":3,"name":"Dyrkning\/Plantningramme Cortenark"}]},{"@type":"WebSite","@id":"https:\/\/recal-se.tbwebsite.com\/dk\/#website","url":"https:\/\/recal-se.tbwebsite.com\/dk\/","name":"Recal Danmark","description":"Tr\u00e4dg\u00e5rdsprodukter tillverkade i aluminium fr\u00e5n Sm\u00e5land","publisher":{"@id":"https:\/\/recal-se.tbwebsite.com\/dk\/#organization"},"potentialAction":[{"@type":"SearchAction","target":{"@type":"EntryPoint","urlTemplate":"https:\/\/recal-se.tbwebsite.com\/dk\/?s={search_term_string}"},"query-input":"required name=search_term_string"}],"inLanguage":"da-DK"},{"@type":"Organization","@id":"https:\/\/recal-se.tbwebsite.com\/dk\/#organization","name":"Recal Danmark","url":"https:\/\/recal-se.tbwebsite.com\/dk\/","logo":{"@type":"ImageObject","inLanguage":"da-DK","@id":"https:\/\/recal-se.tbwebsite.com\/dk\/#\/schema\/logo\/image\/","url":"https:\/\/recal-se.tbwebsite.com\/dk\/wp-content\/uploads\/sites\/2\/2020\/06\/recal-logotype_svart_1.png","contentUrl":"https:\/\/recal-se.tbwebsite.com\/dk\/wp-content\/uploads\/sites\/2\/2020\/06\/recal-logotype_svart_1.png","width":260,"height":52,"caption":"Recal Danmark"},"image":{"@id":"https:\/\/recal-se.tbwebsite.com\/dk\/#\/schema\/logo\/image\/"}}]}},"_links":{"self":[{"href":"https:\/\/recal-se.tbwebsite.com\/dk\/wp-json\/wp\/v2\/product\/935"}],"collection":[{"href":"https:\/\/recal-se.tbwebsite.com\/dk\/wp-json\/wp\/v2\/product"}],"about":[{"href":"https:\/\/recal-se.tbwebsite.com\/dk\/wp-json\/wp\/v2\/types\/product"}],"replies":[{"embeddable":true,"href":"https:\/\/recal-se.tbwebsite.com\/dk\/wp-json\/wp\/v2\/comments?post=935"}],"version-history":[{"count":6,"href":"https:\/\/recal-se.tbwebsite.com\/dk\/wp-json\/wp\/v2\/product\/935\/revisions"}],"predecessor-version":[{"id":15148,"href":"https:\/\/recal-se.tbwebsite.com\/dk\/wp-json\/wp\/v2\/product\/935\/revisions\/15148"}],"wp:featuredmedia":[{"embeddable":true,"href":"https:\/\/recal-se.tbwebsite.com\/dk\/wp-json\/wp\/v2\/media\/5476"}],"wp:attachment":[{"href":"https:\/\/recal-se.tbwebsite.com\/dk\/wp-json\/wp\/v2\/media?parent=935"}],"wp:term":[{"taxonomy":"product_cat","embeddable":true,"href":"https:\/\/recal-se.tbwebsite.com\/dk\/wp-json\/wp\/v2\/product_cat?post=935"},{"taxonomy":"product_tag","embeddable":true,"href":"https:\/\/recal-se.tbwebsite.com\/dk\/wp-json\/wp\/v2\/product_tag?post=935"}],"curies":[{"name":"wp","href":"https:\/\/api.w.org\/{rel}","templated":true}]}}