{"id":920,"date":"2021-04-12T11:44:21","date_gmt":"2021-04-12T11:44:21","guid":{"rendered":"https:\/\/recal-se.tbwebsite.com\/?post_type=product&#038;p=920"},"modified":"2024-02-05T13:36:35","modified_gmt":"2024-02-05T13:36:35","slug":"rabattkant-aluminium-hog-160mm","status":"publish","type":"product","link":"https:\/\/recal-se.tbwebsite.com\/dk\/bedafgraensning\/rabattkant-aluminium-hog-160mm\/","title":{"rendered":"Pl\u00e6nekanter i aluminium"},"content":{"rendered":"<p>Vores annodiserede pl\u00e6nekanter i aluminium udstr\u00e5ler en elegant fornemmelse i hele haven. Produktet er helt vedligeholdelsesfrit og ruster ikke og er et godt supplement til jer, der leder efter noget andet end Corten!<\/p>\n<p>Pl\u00e6nekanter er en fremragende barriere mellem gr\u00e6spl\u00e6nen og blomsterbed eller stier. Kanterne er lavet af 1,6 mm. L\u00e6ngde 1120mm og en h\u00f8jde p\u00e5 160mm.<\/p>\n<p>Aluminiumsprofilen er afrundet, s\u00e5 den ikke er skarp at tr\u00e6de p\u00e5. Profilen er helt vedligeholdelsesfri og samles let sammen med de m\u00f8trikker og bolte, der f\u00f8lger med i pakken.<\/p>\n<p>Hvis du har brug for specielle m\u00e5linger, s\u00e5 send os en e-mail, s\u00e5 l\u00f8ser vi det.<\/p>\n<p>&nbsp;<\/p>\n","protected":false},"excerpt":{"rendered":"<p>Pl\u00e6nekanter i anodiseret aluminium, der er vedligeholdelses- og rustfri. Pl\u00e6nekanten fungerer som en gr\u00e6nse mellem gr\u00e6spl\u00e6nen og beplantninger eller stier. Leveres med afrundet kant for at undg\u00e5 skader. Profilen er helt vedligeholdelsesfri og samles let sammen med de m\u00f8trikker og bolte, der f\u00f8lger med i pakken.<\/p>\n<ul>\n<li><strong>H\u00f8jde: <\/strong><em>100 mm och 160 mm<\/em><\/li>\n<li><strong>L\u00e6ngde: <\/strong><em>1100 mm<\/em><\/li>\n<li><strong>V\u00e6gt:<\/strong><em>\u00a01,5 kg<\/em><\/li>\n<\/ul>\n<p>L\u00e6ngden p\u00e5 1100 mm g\u00e6lder, n\u00e5r den er monteret. Den samlede l\u00e6ngde er 1120 mm umonteret. N\u00e5r aluminiumsprofilen er monteret, overlapper den hinanden med 20 mm.<\/p>\n","protected":false},"featured_media":5479,"comment_status":"closed","ping_status":"closed","template":"","meta":{"_acf_changed":false},"product_cat":[115,93],"product_tag":[96],"composite_virtual":false,"composite_layout":"","composite_add_to_cart_form_location":"","composite_editable_in_cart":false,"composite_sold_individually_context":"","composite_shop_price_calc":"","composite_components":[],"composite_scenarios":[],"acf":[],"yoast_head":"<!-- This site is optimized with the Yoast SEO plugin v22.2 - https:\/\/yoast.com\/wordpress\/plugins\/seo\/ -->\n<title>Pl\u00e6nekanter i aluminium Rak - Recal Danmark<\/title>\n<meta name=\"description\" content=\"Rabattkanten fungerar som avgr\u00e4nsning mellan gr\u00e4smatta och planteringar eller g\u00e5ngar och f\u00f6rh\u00f6jer din tr\u00e4dg\u00e5rd.Vores annodiserede pl\u00e6nekanter i aluminium udstr\u00e5ler en elegant fornemmelse i hele haven. Produktet er helt vedligeholdelsesfrit og ruster ikke og er et godt supplement til jer, der leder efter noget andet end Corten!Pl\u00e6nekanter er en fremragende barriere mellem gr\u00e6spl\u00e6nen og blomsterbed eller stier. Kanterne er lavet af 1,6 mm. L\u00e6ngde 1120mm og en h\u00f8jde p\u00e5 160mm.\" \/>\n<meta name=\"robots\" content=\"index, follow, max-snippet:-1, max-image-preview:large, max-video-preview:-1\" \/>\n<link rel=\"canonical\" href=\"https:\/\/recal-se.tbwebsite.com\/dk\/bedafgraensning\/rabattkant-aluminium-hog-160mm\/\" \/>\n<meta property=\"og:locale\" content=\"da_DK\" \/>\n<meta property=\"og:type\" content=\"article\" \/>\n<meta property=\"og:title\" content=\"Pl\u00e6nekanter i aluminium Rak - Recal Danmark\" \/>\n<meta property=\"og:description\" content=\"Rabattkanten fungerar som avgr\u00e4nsning mellan gr\u00e4smatta och planteringar eller g\u00e5ngar och f\u00f6rh\u00f6jer din tr\u00e4dg\u00e5rd.Vores annodiserede pl\u00e6nekanter i aluminium udstr\u00e5ler en elegant fornemmelse i hele haven. Produktet er helt vedligeholdelsesfrit og ruster ikke og er et godt supplement til jer, der leder efter noget andet end Corten!Pl\u00e6nekanter er en fremragende barriere mellem gr\u00e6spl\u00e6nen og blomsterbed eller stier. Kanterne er lavet af 1,6 mm. L\u00e6ngde 1120mm og en h\u00f8jde p\u00e5 160mm.\" \/>\n<meta property=\"og:url\" content=\"https:\/\/recal-se.tbwebsite.com\/dk\/bedafgraensning\/rabattkant-aluminium-hog-160mm\/\" \/>\n<meta property=\"og:site_name\" content=\"Recal Danmark\" \/>\n<meta property=\"article:modified_time\" content=\"2024-02-05T13:36:35+00:00\" \/>\n<meta property=\"og:image\" content=\"https:\/\/recal-se.tbwebsite.com\/dk\/wp-content\/uploads\/sites\/2\/2021\/04\/rabattkant_1-1.png\" \/>\n\t<meta property=\"og:image:width\" content=\"1400\" \/>\n\t<meta property=\"og:image:height\" content=\"1400\" \/>\n\t<meta property=\"og:image:type\" content=\"image\/png\" \/>\n<meta name=\"twitter:card\" content=\"summary_large_image\" \/>\n<meta name=\"twitter:label1\" content=\"Estimeret l\u00e6setid\" \/>\n\t<meta name=\"twitter:data1\" content=\"1 minut\" \/>\n<script type=\"application\/ld+json\" class=\"yoast-schema-graph\">{\"@context\":\"https:\/\/schema.org\",\"@graph\":[{\"@type\":\"WebPage\",\"@id\":\"https:\/\/recal-se.tbwebsite.com\/dk\/bedafgraensning\/rabattkant-aluminium-hog-160mm\/\",\"url\":\"https:\/\/recal-se.tbwebsite.com\/dk\/bedafgraensning\/rabattkant-aluminium-hog-160mm\/\",\"name\":\"Pl\u00e6nekanter i aluminium Rak - Recal Danmark\",\"isPartOf\":{\"@id\":\"https:\/\/recal-se.tbwebsite.com\/dk\/#website\"},\"primaryImageOfPage\":{\"@id\":\"https:\/\/recal-se.tbwebsite.com\/dk\/bedafgraensning\/rabattkant-aluminium-hog-160mm\/#primaryimage\"},\"image\":{\"@id\":\"https:\/\/recal-se.tbwebsite.com\/dk\/bedafgraensning\/rabattkant-aluminium-hog-160mm\/#primaryimage\"},\"thumbnailUrl\":\"https:\/\/recal-se.tbwebsite.com\/dk\/wp-content\/uploads\/sites\/2\/2021\/04\/rabattkant_1-1.png\",\"datePublished\":\"2021-04-12T11:44:21+00:00\",\"dateModified\":\"2024-02-05T13:36:35+00:00\",\"description\":\"Rabattkanten fungerar som avgr\u00e4nsning mellan gr\u00e4smatta och planteringar eller g\u00e5ngar och f\u00f6rh\u00f6jer din tr\u00e4dg\u00e5rd.Vores annodiserede pl\u00e6nekanter i aluminium udstr\u00e5ler en elegant fornemmelse i hele haven. Produktet er helt vedligeholdelsesfrit og ruster ikke og er et godt supplement til jer, der leder efter noget andet end Corten!Pl\u00e6nekanter er en fremragende barriere mellem gr\u00e6spl\u00e6nen og blomsterbed eller stier. Kanterne er lavet af 1,6 mm. L\u00e6ngde 1120mm og en h\u00f8jde p\u00e5 160mm.\",\"breadcrumb\":{\"@id\":\"https:\/\/recal-se.tbwebsite.com\/dk\/bedafgraensning\/rabattkant-aluminium-hog-160mm\/#breadcrumb\"},\"inLanguage\":\"da-DK\",\"potentialAction\":[{\"@type\":\"ReadAction\",\"target\":[\"https:\/\/recal-se.tbwebsite.com\/dk\/bedafgraensning\/rabattkant-aluminium-hog-160mm\/\"]}]},{\"@type\":\"ImageObject\",\"inLanguage\":\"da-DK\",\"@id\":\"https:\/\/recal-se.tbwebsite.com\/dk\/bedafgraensning\/rabattkant-aluminium-hog-160mm\/#primaryimage\",\"url\":\"https:\/\/recal-se.tbwebsite.com\/dk\/wp-content\/uploads\/sites\/2\/2021\/04\/rabattkant_1-1.png\",\"contentUrl\":\"https:\/\/recal-se.tbwebsite.com\/dk\/wp-content\/uploads\/sites\/2\/2021\/04\/rabattkant_1-1.png\",\"width\":1400,\"height\":1400},{\"@type\":\"BreadcrumbList\",\"@id\":\"https:\/\/recal-se.tbwebsite.com\/dk\/bedafgraensning\/rabattkant-aluminium-hog-160mm\/#breadcrumb\",\"itemListElement\":[{\"@type\":\"ListItem\",\"position\":1,\"name\":\"Home\",\"item\":\"https:\/\/recal-se.tbwebsite.com\/dk\/\"},{\"@type\":\"ListItem\",\"position\":2,\"name\":\"Shop\",\"item\":\"https:\/\/recal-se.tbwebsite.com\/dk\/shop\/\"},{\"@type\":\"ListItem\",\"position\":3,\"name\":\"Pl\u00e6nekanter i aluminium\"}]},{\"@type\":\"WebSite\",\"@id\":\"https:\/\/recal-se.tbwebsite.com\/dk\/#website\",\"url\":\"https:\/\/recal-se.tbwebsite.com\/dk\/\",\"name\":\"Recal Danmark\",\"description\":\"Tr\u00e4dg\u00e5rdsprodukter tillverkade i aluminium fr\u00e5n Sm\u00e5land\",\"publisher\":{\"@id\":\"https:\/\/recal-se.tbwebsite.com\/dk\/#organization\"},\"potentialAction\":[{\"@type\":\"SearchAction\",\"target\":{\"@type\":\"EntryPoint\",\"urlTemplate\":\"https:\/\/recal-se.tbwebsite.com\/dk\/?s={search_term_string}\"},\"query-input\":\"required name=search_term_string\"}],\"inLanguage\":\"da-DK\"},{\"@type\":\"Organization\",\"@id\":\"https:\/\/recal-se.tbwebsite.com\/dk\/#organization\",\"name\":\"Recal Danmark\",\"url\":\"https:\/\/recal-se.tbwebsite.com\/dk\/\",\"logo\":{\"@type\":\"ImageObject\",\"inLanguage\":\"da-DK\",\"@id\":\"https:\/\/recal-se.tbwebsite.com\/dk\/#\/schema\/logo\/image\/\",\"url\":\"https:\/\/recal-se.tbwebsite.com\/dk\/wp-content\/uploads\/sites\/2\/2020\/06\/recal-logotype_svart_1.png\",\"contentUrl\":\"https:\/\/recal-se.tbwebsite.com\/dk\/wp-content\/uploads\/sites\/2\/2020\/06\/recal-logotype_svart_1.png\",\"width\":260,\"height\":52,\"caption\":\"Recal Danmark\"},\"image\":{\"@id\":\"https:\/\/recal-se.tbwebsite.com\/dk\/#\/schema\/logo\/image\/\"}}]}<\/script>\n<!-- \/ Yoast SEO plugin. -->","yoast_head_json":{"title":"Pl\u00e6nekanter i aluminium Rak - Recal Danmark","description":"Rabattkanten fungerar som avgr\u00e4nsning mellan gr\u00e4smatta och planteringar eller g\u00e5ngar och f\u00f6rh\u00f6jer din tr\u00e4dg\u00e5rd.Vores annodiserede pl\u00e6nekanter i aluminium udstr\u00e5ler en elegant fornemmelse i hele haven. Produktet er helt vedligeholdelsesfrit og ruster ikke og er et godt supplement til jer, der leder efter noget andet end Corten!Pl\u00e6nekanter er en fremragende barriere mellem gr\u00e6spl\u00e6nen og blomsterbed eller stier. Kanterne er lavet af 1,6 mm. L\u00e6ngde 1120mm og en h\u00f8jde p\u00e5 160mm.","robots":{"index":"index","follow":"follow","max-snippet":"max-snippet:-1","max-image-preview":"max-image-preview:large","max-video-preview":"max-video-preview:-1"},"canonical":"https:\/\/recal-se.tbwebsite.com\/dk\/bedafgraensning\/rabattkant-aluminium-hog-160mm\/","og_locale":"da_DK","og_type":"article","og_title":"Pl\u00e6nekanter i aluminium Rak - Recal Danmark","og_description":"Rabattkanten fungerar som avgr\u00e4nsning mellan gr\u00e4smatta och planteringar eller g\u00e5ngar och f\u00f6rh\u00f6jer din tr\u00e4dg\u00e5rd.Vores annodiserede pl\u00e6nekanter i aluminium udstr\u00e5ler en elegant fornemmelse i hele haven. Produktet er helt vedligeholdelsesfrit og ruster ikke og er et godt supplement til jer, der leder efter noget andet end Corten!Pl\u00e6nekanter er en fremragende barriere mellem gr\u00e6spl\u00e6nen og blomsterbed eller stier. Kanterne er lavet af 1,6 mm. L\u00e6ngde 1120mm og en h\u00f8jde p\u00e5 160mm.","og_url":"https:\/\/recal-se.tbwebsite.com\/dk\/bedafgraensning\/rabattkant-aluminium-hog-160mm\/","og_site_name":"Recal Danmark","article_modified_time":"2024-02-05T13:36:35+00:00","og_image":[{"width":1400,"height":1400,"url":"https:\/\/recal-se.tbwebsite.com\/dk\/wp-content\/uploads\/sites\/2\/2021\/04\/rabattkant_1-1.png","type":"image\/png"}],"twitter_card":"summary_large_image","twitter_misc":{"Estimeret l\u00e6setid":"1 minut"},"schema":{"@context":"https:\/\/schema.org","@graph":[{"@type":"WebPage","@id":"https:\/\/recal-se.tbwebsite.com\/dk\/bedafgraensning\/rabattkant-aluminium-hog-160mm\/","url":"https:\/\/recal-se.tbwebsite.com\/dk\/bedafgraensning\/rabattkant-aluminium-hog-160mm\/","name":"Pl\u00e6nekanter i aluminium Rak - Recal Danmark","isPartOf":{"@id":"https:\/\/recal-se.tbwebsite.com\/dk\/#website"},"primaryImageOfPage":{"@id":"https:\/\/recal-se.tbwebsite.com\/dk\/bedafgraensning\/rabattkant-aluminium-hog-160mm\/#primaryimage"},"image":{"@id":"https:\/\/recal-se.tbwebsite.com\/dk\/bedafgraensning\/rabattkant-aluminium-hog-160mm\/#primaryimage"},"thumbnailUrl":"https:\/\/recal-se.tbwebsite.com\/dk\/wp-content\/uploads\/sites\/2\/2021\/04\/rabattkant_1-1.png","datePublished":"2021-04-12T11:44:21+00:00","dateModified":"2024-02-05T13:36:35+00:00","description":"Rabattkanten fungerar som avgr\u00e4nsning mellan gr\u00e4smatta och planteringar eller g\u00e5ngar och f\u00f6rh\u00f6jer din tr\u00e4dg\u00e5rd.Vores annodiserede pl\u00e6nekanter i aluminium udstr\u00e5ler en elegant fornemmelse i hele haven. Produktet er helt vedligeholdelsesfrit og ruster ikke og er et godt supplement til jer, der leder efter noget andet end Corten!Pl\u00e6nekanter er en fremragende barriere mellem gr\u00e6spl\u00e6nen og blomsterbed eller stier. Kanterne er lavet af 1,6 mm. L\u00e6ngde 1120mm og en h\u00f8jde p\u00e5 160mm.","breadcrumb":{"@id":"https:\/\/recal-se.tbwebsite.com\/dk\/bedafgraensning\/rabattkant-aluminium-hog-160mm\/#breadcrumb"},"inLanguage":"da-DK","potentialAction":[{"@type":"ReadAction","target":["https:\/\/recal-se.tbwebsite.com\/dk\/bedafgraensning\/rabattkant-aluminium-hog-160mm\/"]}]},{"@type":"ImageObject","inLanguage":"da-DK","@id":"https:\/\/recal-se.tbwebsite.com\/dk\/bedafgraensning\/rabattkant-aluminium-hog-160mm\/#primaryimage","url":"https:\/\/recal-se.tbwebsite.com\/dk\/wp-content\/uploads\/sites\/2\/2021\/04\/rabattkant_1-1.png","contentUrl":"https:\/\/recal-se.tbwebsite.com\/dk\/wp-content\/uploads\/sites\/2\/2021\/04\/rabattkant_1-1.png","width":1400,"height":1400},{"@type":"BreadcrumbList","@id":"https:\/\/recal-se.tbwebsite.com\/dk\/bedafgraensning\/rabattkant-aluminium-hog-160mm\/#breadcrumb","itemListElement":[{"@type":"ListItem","position":1,"name":"Home","item":"https:\/\/recal-se.tbwebsite.com\/dk\/"},{"@type":"ListItem","position":2,"name":"Shop","item":"https:\/\/recal-se.tbwebsite.com\/dk\/shop\/"},{"@type":"ListItem","position":3,"name":"Pl\u00e6nekanter i aluminium"}]},{"@type":"WebSite","@id":"https:\/\/recal-se.tbwebsite.com\/dk\/#website","url":"https:\/\/recal-se.tbwebsite.com\/dk\/","name":"Recal Danmark","description":"Tr\u00e4dg\u00e5rdsprodukter tillverkade i aluminium fr\u00e5n Sm\u00e5land","publisher":{"@id":"https:\/\/recal-se.tbwebsite.com\/dk\/#organization"},"potentialAction":[{"@type":"SearchAction","target":{"@type":"EntryPoint","urlTemplate":"https:\/\/recal-se.tbwebsite.com\/dk\/?s={search_term_string}"},"query-input":"required name=search_term_string"}],"inLanguage":"da-DK"},{"@type":"Organization","@id":"https:\/\/recal-se.tbwebsite.com\/dk\/#organization","name":"Recal Danmark","url":"https:\/\/recal-se.tbwebsite.com\/dk\/","logo":{"@type":"ImageObject","inLanguage":"da-DK","@id":"https:\/\/recal-se.tbwebsite.com\/dk\/#\/schema\/logo\/image\/","url":"https:\/\/recal-se.tbwebsite.com\/dk\/wp-content\/uploads\/sites\/2\/2020\/06\/recal-logotype_svart_1.png","contentUrl":"https:\/\/recal-se.tbwebsite.com\/dk\/wp-content\/uploads\/sites\/2\/2020\/06\/recal-logotype_svart_1.png","width":260,"height":52,"caption":"Recal Danmark"},"image":{"@id":"https:\/\/recal-se.tbwebsite.com\/dk\/#\/schema\/logo\/image\/"}}]}},"_links":{"self":[{"href":"https:\/\/recal-se.tbwebsite.com\/dk\/wp-json\/wp\/v2\/product\/920"}],"collection":[{"href":"https:\/\/recal-se.tbwebsite.com\/dk\/wp-json\/wp\/v2\/product"}],"about":[{"href":"https:\/\/recal-se.tbwebsite.com\/dk\/wp-json\/wp\/v2\/types\/product"}],"replies":[{"embeddable":true,"href":"https:\/\/recal-se.tbwebsite.com\/dk\/wp-json\/wp\/v2\/comments?post=920"}],"version-history":[{"count":4,"href":"https:\/\/recal-se.tbwebsite.com\/dk\/wp-json\/wp\/v2\/product\/920\/revisions"}],"predecessor-version":[{"id":15147,"href":"https:\/\/recal-se.tbwebsite.com\/dk\/wp-json\/wp\/v2\/product\/920\/revisions\/15147"}],"wp:featuredmedia":[{"embeddable":true,"href":"https:\/\/recal-se.tbwebsite.com\/dk\/wp-json\/wp\/v2\/media\/5479"}],"wp:attachment":[{"href":"https:\/\/recal-se.tbwebsite.com\/dk\/wp-json\/wp\/v2\/media?parent=920"}],"wp:term":[{"taxonomy":"product_cat","embeddable":true,"href":"https:\/\/recal-se.tbwebsite.com\/dk\/wp-json\/wp\/v2\/product_cat?post=920"},{"taxonomy":"product_tag","embeddable":true,"href":"https:\/\/recal-se.tbwebsite.com\/dk\/wp-json\/wp\/v2\/product_tag?post=920"}],"curies":[{"name":"wp","href":"https:\/\/api.w.org\/{rel}","templated":true}]}}