{"id":917,"date":"2021-04-12T11:40:21","date_gmt":"2021-04-12T11:40:21","guid":{"rendered":"https:\/\/recal-se.tbwebsite.com\/?post_type=product&#038;p=917"},"modified":"2024-02-05T13:31:37","modified_gmt":"2024-02-05T13:31:37","slug":"aluminium-traering","status":"publish","type":"product","link":"https:\/\/recal-se.tbwebsite.com\/dk\/trae-ring\/aluminium-traering\/","title":{"rendered":"Aluminium tr\u00e6ring &#8211; 100cm diameter"},"content":{"rendered":"<p>Vores elegante tr\u00e6ring i anodiseret aluminium indrammer dine tr\u00e6er i haven p\u00e6nt.<\/p>\n<p>Tr\u00e6ringen er lavet af 1,6 mm aluminium med en h\u00f8jde p\u00e5 160 mm og en diameter p\u00e5 100 cm.<\/p>\n<p>Inkluderet med m\u00f8trikker og bolte for en j\u00e6vn installation.<\/p>\n<p>Hvis du er tr\u00e6t af corten som den eneste mulighed, s\u00e5 har du et perfekt supplement her.<\/p>\n","protected":false},"excerpt":{"rendered":"<p>Tr\u00e6ringen er lavet af 1,6 mm naturanodiseret aluminium med en h\u00f8jde p\u00e5 160 mm og en diameter p\u00e5 100 cm.<\/p>\n","protected":false},"featured_media":5481,"comment_status":"closed","ping_status":"closed","template":"","meta":{"_acf_changed":false},"product_cat":[115,94],"product_tag":[98,96,97],"composite_virtual":false,"composite_layout":"","composite_add_to_cart_form_location":"","composite_editable_in_cart":false,"composite_sold_individually_context":"","composite_shop_price_calc":"","composite_components":[],"composite_scenarios":[],"acf":[],"yoast_head":"<!-- This site is optimized with the Yoast SEO plugin v22.2 - https:\/\/yoast.com\/wordpress\/plugins\/seo\/ -->\n<title>Aluminium tr\u00e6ring - 100cm diameter - Recal Danmark<\/title>\n<meta name=\"description\" content=\"Vores elegante tr\u00e6ring i anodiseret aluminium indrammer dine tr\u00e6er i haven p\u00e6nt.Tr\u00e6ringen er lavet af 1,6 mm aluminium med en h\u00f8jde p\u00e5 160 mm og en diameter p\u00e5 100 cm.Inkluderet med m\u00f8trikker og bolte for en j\u00e6vn installation.Hvis du er tr\u00e6t af corten som den eneste mulighed, s\u00e5 har du et perfekt supplement her.\" \/>\n<meta name=\"robots\" content=\"index, follow, max-snippet:-1, max-image-preview:large, max-video-preview:-1\" \/>\n<link rel=\"canonical\" href=\"https:\/\/recal-se.tbwebsite.com\/dk\/trae-ring\/aluminium-traering\/\" \/>\n<meta property=\"og:locale\" content=\"da_DK\" \/>\n<meta property=\"og:type\" content=\"article\" \/>\n<meta property=\"og:title\" content=\"Aluminium tr\u00e6ring - 100cm diameter - Recal Danmark\" \/>\n<meta property=\"og:description\" content=\"Vores elegante tr\u00e6ring i anodiseret aluminium indrammer dine tr\u00e6er i haven p\u00e6nt.Tr\u00e6ringen er lavet af 1,6 mm aluminium med en h\u00f8jde p\u00e5 160 mm og en diameter p\u00e5 100 cm.Inkluderet med m\u00f8trikker og bolte for en j\u00e6vn installation.Hvis du er tr\u00e6t af corten som den eneste mulighed, s\u00e5 har du et perfekt supplement her.\" \/>\n<meta property=\"og:url\" content=\"https:\/\/recal-se.tbwebsite.com\/dk\/trae-ring\/aluminium-traering\/\" \/>\n<meta property=\"og:site_name\" content=\"Recal Danmark\" \/>\n<meta property=\"article:modified_time\" content=\"2024-02-05T13:31:37+00:00\" \/>\n<meta property=\"og:image\" content=\"https:\/\/recal-se.tbwebsite.com\/dk\/wp-content\/uploads\/sites\/2\/2021\/04\/recal-tradring_aluminiu_100x16-1.png\" \/>\n\t<meta property=\"og:image:width\" content=\"1400\" \/>\n\t<meta property=\"og:image:height\" content=\"1400\" \/>\n\t<meta property=\"og:image:type\" content=\"image\/png\" \/>\n<meta name=\"twitter:card\" content=\"summary_large_image\" \/>\n<meta name=\"twitter:label1\" content=\"Estimeret l\u00e6setid\" \/>\n\t<meta name=\"twitter:data1\" content=\"1 minut\" \/>\n<script type=\"application\/ld+json\" class=\"yoast-schema-graph\">{\"@context\":\"https:\/\/schema.org\",\"@graph\":[{\"@type\":\"WebPage\",\"@id\":\"https:\/\/recal-se.tbwebsite.com\/dk\/trae-ring\/aluminium-traering\/\",\"url\":\"https:\/\/recal-se.tbwebsite.com\/dk\/trae-ring\/aluminium-traering\/\",\"name\":\"Aluminium tr\u00e6ring - 100cm diameter - Recal Danmark\",\"isPartOf\":{\"@id\":\"https:\/\/recal-se.tbwebsite.com\/dk\/#website\"},\"primaryImageOfPage\":{\"@id\":\"https:\/\/recal-se.tbwebsite.com\/dk\/trae-ring\/aluminium-traering\/#primaryimage\"},\"image\":{\"@id\":\"https:\/\/recal-se.tbwebsite.com\/dk\/trae-ring\/aluminium-traering\/#primaryimage\"},\"thumbnailUrl\":\"https:\/\/recal-se.tbwebsite.com\/dk\/wp-content\/uploads\/sites\/2\/2021\/04\/recal-tradring_aluminiu_100x16-1.png\",\"datePublished\":\"2021-04-12T11:40:21+00:00\",\"dateModified\":\"2024-02-05T13:31:37+00:00\",\"description\":\"Vores elegante tr\u00e6ring i anodiseret aluminium indrammer dine tr\u00e6er i haven p\u00e6nt.Tr\u00e6ringen er lavet af 1,6 mm aluminium med en h\u00f8jde p\u00e5 160 mm og en diameter p\u00e5 100 cm.Inkluderet med m\u00f8trikker og bolte for en j\u00e6vn installation.Hvis du er tr\u00e6t af corten som den eneste mulighed, s\u00e5 har du et perfekt supplement her.\",\"breadcrumb\":{\"@id\":\"https:\/\/recal-se.tbwebsite.com\/dk\/trae-ring\/aluminium-traering\/#breadcrumb\"},\"inLanguage\":\"da-DK\",\"potentialAction\":[{\"@type\":\"ReadAction\",\"target\":[\"https:\/\/recal-se.tbwebsite.com\/dk\/trae-ring\/aluminium-traering\/\"]}]},{\"@type\":\"ImageObject\",\"inLanguage\":\"da-DK\",\"@id\":\"https:\/\/recal-se.tbwebsite.com\/dk\/trae-ring\/aluminium-traering\/#primaryimage\",\"url\":\"https:\/\/recal-se.tbwebsite.com\/dk\/wp-content\/uploads\/sites\/2\/2021\/04\/recal-tradring_aluminiu_100x16-1.png\",\"contentUrl\":\"https:\/\/recal-se.tbwebsite.com\/dk\/wp-content\/uploads\/sites\/2\/2021\/04\/recal-tradring_aluminiu_100x16-1.png\",\"width\":1400,\"height\":1400},{\"@type\":\"BreadcrumbList\",\"@id\":\"https:\/\/recal-se.tbwebsite.com\/dk\/trae-ring\/aluminium-traering\/#breadcrumb\",\"itemListElement\":[{\"@type\":\"ListItem\",\"position\":1,\"name\":\"Home\",\"item\":\"https:\/\/recal-se.tbwebsite.com\/dk\/\"},{\"@type\":\"ListItem\",\"position\":2,\"name\":\"Shop\",\"item\":\"https:\/\/recal-se.tbwebsite.com\/dk\/shop\/\"},{\"@type\":\"ListItem\",\"position\":3,\"name\":\"Aluminium tr\u00e6ring &#8211; 100cm diameter\"}]},{\"@type\":\"WebSite\",\"@id\":\"https:\/\/recal-se.tbwebsite.com\/dk\/#website\",\"url\":\"https:\/\/recal-se.tbwebsite.com\/dk\/\",\"name\":\"Recal Danmark\",\"description\":\"Tr\u00e4dg\u00e5rdsprodukter tillverkade i aluminium fr\u00e5n Sm\u00e5land\",\"publisher\":{\"@id\":\"https:\/\/recal-se.tbwebsite.com\/dk\/#organization\"},\"potentialAction\":[{\"@type\":\"SearchAction\",\"target\":{\"@type\":\"EntryPoint\",\"urlTemplate\":\"https:\/\/recal-se.tbwebsite.com\/dk\/?s={search_term_string}\"},\"query-input\":\"required name=search_term_string\"}],\"inLanguage\":\"da-DK\"},{\"@type\":\"Organization\",\"@id\":\"https:\/\/recal-se.tbwebsite.com\/dk\/#organization\",\"name\":\"Recal Danmark\",\"url\":\"https:\/\/recal-se.tbwebsite.com\/dk\/\",\"logo\":{\"@type\":\"ImageObject\",\"inLanguage\":\"da-DK\",\"@id\":\"https:\/\/recal-se.tbwebsite.com\/dk\/#\/schema\/logo\/image\/\",\"url\":\"https:\/\/recal-se.tbwebsite.com\/dk\/wp-content\/uploads\/sites\/2\/2020\/06\/recal-logotype_svart_1.png\",\"contentUrl\":\"https:\/\/recal-se.tbwebsite.com\/dk\/wp-content\/uploads\/sites\/2\/2020\/06\/recal-logotype_svart_1.png\",\"width\":260,\"height\":52,\"caption\":\"Recal Danmark\"},\"image\":{\"@id\":\"https:\/\/recal-se.tbwebsite.com\/dk\/#\/schema\/logo\/image\/\"}}]}<\/script>\n<!-- \/ Yoast SEO plugin. -->","yoast_head_json":{"title":"Aluminium tr\u00e6ring - 100cm diameter - Recal Danmark","description":"Vores elegante tr\u00e6ring i anodiseret aluminium indrammer dine tr\u00e6er i haven p\u00e6nt.Tr\u00e6ringen er lavet af 1,6 mm aluminium med en h\u00f8jde p\u00e5 160 mm og en diameter p\u00e5 100 cm.Inkluderet med m\u00f8trikker og bolte for en j\u00e6vn installation.Hvis du er tr\u00e6t af corten som den eneste mulighed, s\u00e5 har du et perfekt supplement her.","robots":{"index":"index","follow":"follow","max-snippet":"max-snippet:-1","max-image-preview":"max-image-preview:large","max-video-preview":"max-video-preview:-1"},"canonical":"https:\/\/recal-se.tbwebsite.com\/dk\/trae-ring\/aluminium-traering\/","og_locale":"da_DK","og_type":"article","og_title":"Aluminium tr\u00e6ring - 100cm diameter - Recal Danmark","og_description":"Vores elegante tr\u00e6ring i anodiseret aluminium indrammer dine tr\u00e6er i haven p\u00e6nt.Tr\u00e6ringen er lavet af 1,6 mm aluminium med en h\u00f8jde p\u00e5 160 mm og en diameter p\u00e5 100 cm.Inkluderet med m\u00f8trikker og bolte for en j\u00e6vn installation.Hvis du er tr\u00e6t af corten som den eneste mulighed, s\u00e5 har du et perfekt supplement her.","og_url":"https:\/\/recal-se.tbwebsite.com\/dk\/trae-ring\/aluminium-traering\/","og_site_name":"Recal Danmark","article_modified_time":"2024-02-05T13:31:37+00:00","og_image":[{"width":1400,"height":1400,"url":"https:\/\/recal-se.tbwebsite.com\/dk\/wp-content\/uploads\/sites\/2\/2021\/04\/recal-tradring_aluminiu_100x16-1.png","type":"image\/png"}],"twitter_card":"summary_large_image","twitter_misc":{"Estimeret l\u00e6setid":"1 minut"},"schema":{"@context":"https:\/\/schema.org","@graph":[{"@type":"WebPage","@id":"https:\/\/recal-se.tbwebsite.com\/dk\/trae-ring\/aluminium-traering\/","url":"https:\/\/recal-se.tbwebsite.com\/dk\/trae-ring\/aluminium-traering\/","name":"Aluminium tr\u00e6ring - 100cm diameter - Recal Danmark","isPartOf":{"@id":"https:\/\/recal-se.tbwebsite.com\/dk\/#website"},"primaryImageOfPage":{"@id":"https:\/\/recal-se.tbwebsite.com\/dk\/trae-ring\/aluminium-traering\/#primaryimage"},"image":{"@id":"https:\/\/recal-se.tbwebsite.com\/dk\/trae-ring\/aluminium-traering\/#primaryimage"},"thumbnailUrl":"https:\/\/recal-se.tbwebsite.com\/dk\/wp-content\/uploads\/sites\/2\/2021\/04\/recal-tradring_aluminiu_100x16-1.png","datePublished":"2021-04-12T11:40:21+00:00","dateModified":"2024-02-05T13:31:37+00:00","description":"Vores elegante tr\u00e6ring i anodiseret aluminium indrammer dine tr\u00e6er i haven p\u00e6nt.Tr\u00e6ringen er lavet af 1,6 mm aluminium med en h\u00f8jde p\u00e5 160 mm og en diameter p\u00e5 100 cm.Inkluderet med m\u00f8trikker og bolte for en j\u00e6vn installation.Hvis du er tr\u00e6t af corten som den eneste mulighed, s\u00e5 har du et perfekt supplement her.","breadcrumb":{"@id":"https:\/\/recal-se.tbwebsite.com\/dk\/trae-ring\/aluminium-traering\/#breadcrumb"},"inLanguage":"da-DK","potentialAction":[{"@type":"ReadAction","target":["https:\/\/recal-se.tbwebsite.com\/dk\/trae-ring\/aluminium-traering\/"]}]},{"@type":"ImageObject","inLanguage":"da-DK","@id":"https:\/\/recal-se.tbwebsite.com\/dk\/trae-ring\/aluminium-traering\/#primaryimage","url":"https:\/\/recal-se.tbwebsite.com\/dk\/wp-content\/uploads\/sites\/2\/2021\/04\/recal-tradring_aluminiu_100x16-1.png","contentUrl":"https:\/\/recal-se.tbwebsite.com\/dk\/wp-content\/uploads\/sites\/2\/2021\/04\/recal-tradring_aluminiu_100x16-1.png","width":1400,"height":1400},{"@type":"BreadcrumbList","@id":"https:\/\/recal-se.tbwebsite.com\/dk\/trae-ring\/aluminium-traering\/#breadcrumb","itemListElement":[{"@type":"ListItem","position":1,"name":"Home","item":"https:\/\/recal-se.tbwebsite.com\/dk\/"},{"@type":"ListItem","position":2,"name":"Shop","item":"https:\/\/recal-se.tbwebsite.com\/dk\/shop\/"},{"@type":"ListItem","position":3,"name":"Aluminium tr\u00e6ring &#8211; 100cm diameter"}]},{"@type":"WebSite","@id":"https:\/\/recal-se.tbwebsite.com\/dk\/#website","url":"https:\/\/recal-se.tbwebsite.com\/dk\/","name":"Recal Danmark","description":"Tr\u00e4dg\u00e5rdsprodukter tillverkade i aluminium fr\u00e5n Sm\u00e5land","publisher":{"@id":"https:\/\/recal-se.tbwebsite.com\/dk\/#organization"},"potentialAction":[{"@type":"SearchAction","target":{"@type":"EntryPoint","urlTemplate":"https:\/\/recal-se.tbwebsite.com\/dk\/?s={search_term_string}"},"query-input":"required name=search_term_string"}],"inLanguage":"da-DK"},{"@type":"Organization","@id":"https:\/\/recal-se.tbwebsite.com\/dk\/#organization","name":"Recal Danmark","url":"https:\/\/recal-se.tbwebsite.com\/dk\/","logo":{"@type":"ImageObject","inLanguage":"da-DK","@id":"https:\/\/recal-se.tbwebsite.com\/dk\/#\/schema\/logo\/image\/","url":"https:\/\/recal-se.tbwebsite.com\/dk\/wp-content\/uploads\/sites\/2\/2020\/06\/recal-logotype_svart_1.png","contentUrl":"https:\/\/recal-se.tbwebsite.com\/dk\/wp-content\/uploads\/sites\/2\/2020\/06\/recal-logotype_svart_1.png","width":260,"height":52,"caption":"Recal Danmark"},"image":{"@id":"https:\/\/recal-se.tbwebsite.com\/dk\/#\/schema\/logo\/image\/"}}]}},"_links":{"self":[{"href":"https:\/\/recal-se.tbwebsite.com\/dk\/wp-json\/wp\/v2\/product\/917"}],"collection":[{"href":"https:\/\/recal-se.tbwebsite.com\/dk\/wp-json\/wp\/v2\/product"}],"about":[{"href":"https:\/\/recal-se.tbwebsite.com\/dk\/wp-json\/wp\/v2\/types\/product"}],"replies":[{"embeddable":true,"href":"https:\/\/recal-se.tbwebsite.com\/dk\/wp-json\/wp\/v2\/comments?post=917"}],"version-history":[{"count":5,"href":"https:\/\/recal-se.tbwebsite.com\/dk\/wp-json\/wp\/v2\/product\/917\/revisions"}],"predecessor-version":[{"id":15145,"href":"https:\/\/recal-se.tbwebsite.com\/dk\/wp-json\/wp\/v2\/product\/917\/revisions\/15145"}],"wp:featuredmedia":[{"embeddable":true,"href":"https:\/\/recal-se.tbwebsite.com\/dk\/wp-json\/wp\/v2\/media\/5481"}],"wp:attachment":[{"href":"https:\/\/recal-se.tbwebsite.com\/dk\/wp-json\/wp\/v2\/media?parent=917"}],"wp:term":[{"taxonomy":"product_cat","embeddable":true,"href":"https:\/\/recal-se.tbwebsite.com\/dk\/wp-json\/wp\/v2\/product_cat?post=917"},{"taxonomy":"product_tag","embeddable":true,"href":"https:\/\/recal-se.tbwebsite.com\/dk\/wp-json\/wp\/v2\/product_tag?post=917"}],"curies":[{"name":"wp","href":"https:\/\/api.w.org\/{rel}","templated":true}]}}