{"id":645,"date":"2020-06-09T10:00:37","date_gmt":"2020-06-09T10:00:37","guid":{"rendered":"https:\/\/recal-se.tbwebsite.com\/?post_type=product&#038;p=645"},"modified":"2024-02-05T13:05:23","modified_gmt":"2024-02-05T13:05:23","slug":"betongskruv","status":"publish","type":"product","link":"https:\/\/recal-se.tbwebsite.com\/dk\/tillbehor\/betongskruv\/","title":{"rendered":"Betonskruer til Stolpefod"},"content":{"rendered":"<p>Multi Monti 7,5&#215;70 Protect 4- Betonskruer 4stk<\/p>\n<p>Brug<br \/>\nMulti-Monti betonskruer anvendes til montering i beton, direkte i forborede huller uden propper.<br \/>\nForbor hullet med et 6 mm betonbor inden fastg\u00f8relse<br \/>\nBeskrivelse<br \/>\nFremstillet af h\u00e6rdet st\u00e5l, HP-belagt.<br \/>\nRilletype: 6-kantet hoved med flange<\/p>\n","protected":false},"excerpt":{"rendered":"<p>Multi-Monti-plus flange- Beton skruer 4stk<\/p>\n<p>&nbsp;<\/p>\n","protected":false},"featured_media":5524,"comment_status":"closed","ping_status":"closed","template":"","meta":{"_acf_changed":false},"product_cat":[32],"product_tag":[],"composite_virtual":false,"composite_layout":"","composite_add_to_cart_form_location":"","composite_editable_in_cart":false,"composite_sold_individually_context":"","composite_shop_price_calc":"","composite_components":[],"composite_scenarios":[],"acf":[],"yoast_head":"<!-- This site is optimized with the Yoast SEO plugin v22.2 - https:\/\/yoast.com\/wordpress\/plugins\/seo\/ -->\n<title>Betonskruer til Stolpefod - Recal Danmark<\/title>\n<meta name=\"description\" content=\"Multi Monti 7,5x70 Protect 4- Betonskruer 4stkBrugMulti-Monti betonskruer anvendes til montering i beton, direkte i forborede huller uden propper.Forbor hullet med et 6 mm betonbor inden fastg\u00f8relseBeskrivelseFremstillet af h\u00e6rdet st\u00e5l, HP-belagt.Rilletype: 6-kantet hoved med flange\" \/>\n<meta name=\"robots\" content=\"index, follow, max-snippet:-1, max-image-preview:large, max-video-preview:-1\" \/>\n<link rel=\"canonical\" href=\"https:\/\/recal-se.tbwebsite.com\/dk\/tillbehor\/betongskruv\/\" \/>\n<meta property=\"og:locale\" content=\"da_DK\" \/>\n<meta property=\"og:type\" content=\"article\" \/>\n<meta property=\"og:title\" content=\"Betonskruer til Stolpefod - Recal Danmark\" \/>\n<meta property=\"og:description\" content=\"Multi Monti 7,5x70 Protect 4- Betonskruer 4stkBrugMulti-Monti betonskruer anvendes til montering i beton, direkte i forborede huller uden propper.Forbor hullet med et 6 mm betonbor inden fastg\u00f8relseBeskrivelseFremstillet af h\u00e6rdet st\u00e5l, HP-belagt.Rilletype: 6-kantet hoved med flange\" \/>\n<meta property=\"og:url\" content=\"https:\/\/recal-se.tbwebsite.com\/dk\/tillbehor\/betongskruv\/\" \/>\n<meta property=\"og:site_name\" content=\"Recal Danmark\" \/>\n<meta property=\"article:modified_time\" content=\"2024-02-05T13:05:23+00:00\" \/>\n<meta property=\"og:image\" content=\"https:\/\/recal-se.tbwebsite.com\/dk\/wp-content\/uploads\/sites\/2\/2020\/06\/107-1200x1200-1.png\" \/>\n\t<meta property=\"og:image:width\" content=\"1563\" \/>\n\t<meta property=\"og:image:height\" content=\"1563\" \/>\n\t<meta property=\"og:image:type\" content=\"image\/png\" \/>\n<meta name=\"twitter:card\" content=\"summary_large_image\" \/>\n<meta name=\"twitter:label1\" content=\"Estimeret l\u00e6setid\" \/>\n\t<meta name=\"twitter:data1\" content=\"1 minut\" \/>\n<script type=\"application\/ld+json\" class=\"yoast-schema-graph\">{\"@context\":\"https:\/\/schema.org\",\"@graph\":[{\"@type\":\"WebPage\",\"@id\":\"https:\/\/recal-se.tbwebsite.com\/dk\/tillbehor\/betongskruv\/\",\"url\":\"https:\/\/recal-se.tbwebsite.com\/dk\/tillbehor\/betongskruv\/\",\"name\":\"Betonskruer til Stolpefod - Recal Danmark\",\"isPartOf\":{\"@id\":\"https:\/\/recal-se.tbwebsite.com\/dk\/#website\"},\"primaryImageOfPage\":{\"@id\":\"https:\/\/recal-se.tbwebsite.com\/dk\/tillbehor\/betongskruv\/#primaryimage\"},\"image\":{\"@id\":\"https:\/\/recal-se.tbwebsite.com\/dk\/tillbehor\/betongskruv\/#primaryimage\"},\"thumbnailUrl\":\"https:\/\/recal-se.tbwebsite.com\/dk\/wp-content\/uploads\/sites\/2\/2020\/06\/107-1200x1200-1.png\",\"datePublished\":\"2020-06-09T10:00:37+00:00\",\"dateModified\":\"2024-02-05T13:05:23+00:00\",\"description\":\"Multi Monti 7,5x70 Protect 4- Betonskruer 4stkBrugMulti-Monti betonskruer anvendes til montering i beton, direkte i forborede huller uden propper.Forbor hullet med et 6 mm betonbor inden fastg\u00f8relseBeskrivelseFremstillet af h\u00e6rdet st\u00e5l, HP-belagt.Rilletype: 6-kantet hoved med flange\",\"breadcrumb\":{\"@id\":\"https:\/\/recal-se.tbwebsite.com\/dk\/tillbehor\/betongskruv\/#breadcrumb\"},\"inLanguage\":\"da-DK\",\"potentialAction\":[{\"@type\":\"ReadAction\",\"target\":[\"https:\/\/recal-se.tbwebsite.com\/dk\/tillbehor\/betongskruv\/\"]}]},{\"@type\":\"ImageObject\",\"inLanguage\":\"da-DK\",\"@id\":\"https:\/\/recal-se.tbwebsite.com\/dk\/tillbehor\/betongskruv\/#primaryimage\",\"url\":\"https:\/\/recal-se.tbwebsite.com\/dk\/wp-content\/uploads\/sites\/2\/2020\/06\/107-1200x1200-1.png\",\"contentUrl\":\"https:\/\/recal-se.tbwebsite.com\/dk\/wp-content\/uploads\/sites\/2\/2020\/06\/107-1200x1200-1.png\",\"width\":1563,\"height\":1563},{\"@type\":\"BreadcrumbList\",\"@id\":\"https:\/\/recal-se.tbwebsite.com\/dk\/tillbehor\/betongskruv\/#breadcrumb\",\"itemListElement\":[{\"@type\":\"ListItem\",\"position\":1,\"name\":\"Home\",\"item\":\"https:\/\/recal-se.tbwebsite.com\/dk\/\"},{\"@type\":\"ListItem\",\"position\":2,\"name\":\"Shop\",\"item\":\"https:\/\/recal-se.tbwebsite.com\/dk\/shop\/\"},{\"@type\":\"ListItem\",\"position\":3,\"name\":\"Betonskruer til Stolpefod\"}]},{\"@type\":\"WebSite\",\"@id\":\"https:\/\/recal-se.tbwebsite.com\/dk\/#website\",\"url\":\"https:\/\/recal-se.tbwebsite.com\/dk\/\",\"name\":\"Recal Danmark\",\"description\":\"Tr\u00e4dg\u00e5rdsprodukter tillverkade i aluminium fr\u00e5n Sm\u00e5land\",\"publisher\":{\"@id\":\"https:\/\/recal-se.tbwebsite.com\/dk\/#organization\"},\"potentialAction\":[{\"@type\":\"SearchAction\",\"target\":{\"@type\":\"EntryPoint\",\"urlTemplate\":\"https:\/\/recal-se.tbwebsite.com\/dk\/?s={search_term_string}\"},\"query-input\":\"required name=search_term_string\"}],\"inLanguage\":\"da-DK\"},{\"@type\":\"Organization\",\"@id\":\"https:\/\/recal-se.tbwebsite.com\/dk\/#organization\",\"name\":\"Recal Danmark\",\"url\":\"https:\/\/recal-se.tbwebsite.com\/dk\/\",\"logo\":{\"@type\":\"ImageObject\",\"inLanguage\":\"da-DK\",\"@id\":\"https:\/\/recal-se.tbwebsite.com\/dk\/#\/schema\/logo\/image\/\",\"url\":\"https:\/\/recal-se.tbwebsite.com\/dk\/wp-content\/uploads\/sites\/2\/2020\/06\/recal-logotype_svart_1.png\",\"contentUrl\":\"https:\/\/recal-se.tbwebsite.com\/dk\/wp-content\/uploads\/sites\/2\/2020\/06\/recal-logotype_svart_1.png\",\"width\":260,\"height\":52,\"caption\":\"Recal Danmark\"},\"image\":{\"@id\":\"https:\/\/recal-se.tbwebsite.com\/dk\/#\/schema\/logo\/image\/\"}}]}<\/script>\n<!-- \/ Yoast SEO plugin. -->","yoast_head_json":{"title":"Betonskruer til Stolpefod - Recal Danmark","description":"Multi Monti 7,5x70 Protect 4- Betonskruer 4stkBrugMulti-Monti betonskruer anvendes til montering i beton, direkte i forborede huller uden propper.Forbor hullet med et 6 mm betonbor inden fastg\u00f8relseBeskrivelseFremstillet af h\u00e6rdet st\u00e5l, HP-belagt.Rilletype: 6-kantet hoved med flange","robots":{"index":"index","follow":"follow","max-snippet":"max-snippet:-1","max-image-preview":"max-image-preview:large","max-video-preview":"max-video-preview:-1"},"canonical":"https:\/\/recal-se.tbwebsite.com\/dk\/tillbehor\/betongskruv\/","og_locale":"da_DK","og_type":"article","og_title":"Betonskruer til Stolpefod - Recal Danmark","og_description":"Multi Monti 7,5x70 Protect 4- Betonskruer 4stkBrugMulti-Monti betonskruer anvendes til montering i beton, direkte i forborede huller uden propper.Forbor hullet med et 6 mm betonbor inden fastg\u00f8relseBeskrivelseFremstillet af h\u00e6rdet st\u00e5l, HP-belagt.Rilletype: 6-kantet hoved med flange","og_url":"https:\/\/recal-se.tbwebsite.com\/dk\/tillbehor\/betongskruv\/","og_site_name":"Recal Danmark","article_modified_time":"2024-02-05T13:05:23+00:00","og_image":[{"width":1563,"height":1563,"url":"https:\/\/recal-se.tbwebsite.com\/dk\/wp-content\/uploads\/sites\/2\/2020\/06\/107-1200x1200-1.png","type":"image\/png"}],"twitter_card":"summary_large_image","twitter_misc":{"Estimeret l\u00e6setid":"1 minut"},"schema":{"@context":"https:\/\/schema.org","@graph":[{"@type":"WebPage","@id":"https:\/\/recal-se.tbwebsite.com\/dk\/tillbehor\/betongskruv\/","url":"https:\/\/recal-se.tbwebsite.com\/dk\/tillbehor\/betongskruv\/","name":"Betonskruer til Stolpefod - Recal Danmark","isPartOf":{"@id":"https:\/\/recal-se.tbwebsite.com\/dk\/#website"},"primaryImageOfPage":{"@id":"https:\/\/recal-se.tbwebsite.com\/dk\/tillbehor\/betongskruv\/#primaryimage"},"image":{"@id":"https:\/\/recal-se.tbwebsite.com\/dk\/tillbehor\/betongskruv\/#primaryimage"},"thumbnailUrl":"https:\/\/recal-se.tbwebsite.com\/dk\/wp-content\/uploads\/sites\/2\/2020\/06\/107-1200x1200-1.png","datePublished":"2020-06-09T10:00:37+00:00","dateModified":"2024-02-05T13:05:23+00:00","description":"Multi Monti 7,5x70 Protect 4- Betonskruer 4stkBrugMulti-Monti betonskruer anvendes til montering i beton, direkte i forborede huller uden propper.Forbor hullet med et 6 mm betonbor inden fastg\u00f8relseBeskrivelseFremstillet af h\u00e6rdet st\u00e5l, HP-belagt.Rilletype: 6-kantet hoved med flange","breadcrumb":{"@id":"https:\/\/recal-se.tbwebsite.com\/dk\/tillbehor\/betongskruv\/#breadcrumb"},"inLanguage":"da-DK","potentialAction":[{"@type":"ReadAction","target":["https:\/\/recal-se.tbwebsite.com\/dk\/tillbehor\/betongskruv\/"]}]},{"@type":"ImageObject","inLanguage":"da-DK","@id":"https:\/\/recal-se.tbwebsite.com\/dk\/tillbehor\/betongskruv\/#primaryimage","url":"https:\/\/recal-se.tbwebsite.com\/dk\/wp-content\/uploads\/sites\/2\/2020\/06\/107-1200x1200-1.png","contentUrl":"https:\/\/recal-se.tbwebsite.com\/dk\/wp-content\/uploads\/sites\/2\/2020\/06\/107-1200x1200-1.png","width":1563,"height":1563},{"@type":"BreadcrumbList","@id":"https:\/\/recal-se.tbwebsite.com\/dk\/tillbehor\/betongskruv\/#breadcrumb","itemListElement":[{"@type":"ListItem","position":1,"name":"Home","item":"https:\/\/recal-se.tbwebsite.com\/dk\/"},{"@type":"ListItem","position":2,"name":"Shop","item":"https:\/\/recal-se.tbwebsite.com\/dk\/shop\/"},{"@type":"ListItem","position":3,"name":"Betonskruer til Stolpefod"}]},{"@type":"WebSite","@id":"https:\/\/recal-se.tbwebsite.com\/dk\/#website","url":"https:\/\/recal-se.tbwebsite.com\/dk\/","name":"Recal Danmark","description":"Tr\u00e4dg\u00e5rdsprodukter tillverkade i aluminium fr\u00e5n Sm\u00e5land","publisher":{"@id":"https:\/\/recal-se.tbwebsite.com\/dk\/#organization"},"potentialAction":[{"@type":"SearchAction","target":{"@type":"EntryPoint","urlTemplate":"https:\/\/recal-se.tbwebsite.com\/dk\/?s={search_term_string}"},"query-input":"required name=search_term_string"}],"inLanguage":"da-DK"},{"@type":"Organization","@id":"https:\/\/recal-se.tbwebsite.com\/dk\/#organization","name":"Recal Danmark","url":"https:\/\/recal-se.tbwebsite.com\/dk\/","logo":{"@type":"ImageObject","inLanguage":"da-DK","@id":"https:\/\/recal-se.tbwebsite.com\/dk\/#\/schema\/logo\/image\/","url":"https:\/\/recal-se.tbwebsite.com\/dk\/wp-content\/uploads\/sites\/2\/2020\/06\/recal-logotype_svart_1.png","contentUrl":"https:\/\/recal-se.tbwebsite.com\/dk\/wp-content\/uploads\/sites\/2\/2020\/06\/recal-logotype_svart_1.png","width":260,"height":52,"caption":"Recal Danmark"},"image":{"@id":"https:\/\/recal-se.tbwebsite.com\/dk\/#\/schema\/logo\/image\/"}}]}},"_links":{"self":[{"href":"https:\/\/recal-se.tbwebsite.com\/dk\/wp-json\/wp\/v2\/product\/645"}],"collection":[{"href":"https:\/\/recal-se.tbwebsite.com\/dk\/wp-json\/wp\/v2\/product"}],"about":[{"href":"https:\/\/recal-se.tbwebsite.com\/dk\/wp-json\/wp\/v2\/types\/product"}],"replies":[{"embeddable":true,"href":"https:\/\/recal-se.tbwebsite.com\/dk\/wp-json\/wp\/v2\/comments?post=645"}],"version-history":[{"count":5,"href":"https:\/\/recal-se.tbwebsite.com\/dk\/wp-json\/wp\/v2\/product\/645\/revisions"}],"predecessor-version":[{"id":15137,"href":"https:\/\/recal-se.tbwebsite.com\/dk\/wp-json\/wp\/v2\/product\/645\/revisions\/15137"}],"wp:featuredmedia":[{"embeddable":true,"href":"https:\/\/recal-se.tbwebsite.com\/dk\/wp-json\/wp\/v2\/media\/5524"}],"wp:attachment":[{"href":"https:\/\/recal-se.tbwebsite.com\/dk\/wp-json\/wp\/v2\/media?parent=645"}],"wp:term":[{"taxonomy":"product_cat","embeddable":true,"href":"https:\/\/recal-se.tbwebsite.com\/dk\/wp-json\/wp\/v2\/product_cat?post=645"},{"taxonomy":"product_tag","embeddable":true,"href":"https:\/\/recal-se.tbwebsite.com\/dk\/wp-json\/wp\/v2\/product_tag?post=645"}],"curies":[{"name":"wp","href":"https:\/\/api.w.org\/{rel}","templated":true}]}}