{"id":641,"date":"2020-06-09T09:08:57","date_gmt":"2020-06-09T09:08:57","guid":{"rendered":"https:\/\/recal-se.tbwebsite.com\/?post_type=product&#038;p=641"},"modified":"2024-02-05T12:31:47","modified_gmt":"2024-02-05T12:31:47","slug":"hexagon-traskruv-ex-8x75-for-fot-4-pack","status":"publish","type":"product","link":"https:\/\/recal-se.tbwebsite.com\/dk\/tillbehor\/hexagon-traskruv-ex-8x75-for-fot-4-pack\/","title":{"rendered":"Tr\u00e6skruer til hegnsp\u00e6l"},"content":{"rendered":"<p>Sekskant, tr\u00e6skrue til montering af en fod i en tr\u00e6base.<\/p>\n<p>F\u00e5s i tre forskellige farver. Bestil i samme farve, som du bestiller din stang.<\/p>\n<p>Ex 8&#215;75, 8&#215;40<\/p>\n<p>4stk\/taske<\/p>\n<p>&nbsp;<\/p>\n","protected":false},"excerpt":{"rendered":"<p>Sekskant, tr\u00e6skrue til montering af en fod i en tr\u00e6base.<\/p>\n<p>F\u00e5s i tre forskellige farver. Bestil i samme farve, som du bestiller din stang.<\/p>\n<p>4stk\/taske<\/p>\n","protected":false},"featured_media":5526,"comment_status":"closed","ping_status":"closed","template":"","meta":{"_acf_changed":false},"product_cat":[32],"product_tag":[67],"composite_virtual":false,"composite_layout":"","composite_add_to_cart_form_location":"","composite_editable_in_cart":false,"composite_sold_individually_context":"","composite_shop_price_calc":"","composite_components":[],"composite_scenarios":[],"acf":[],"yoast_head":"<!-- This site is optimized with the Yoast SEO plugin v22.2 - https:\/\/yoast.com\/wordpress\/plugins\/seo\/ -->\n<title>Tr\u00e6skruer til hegnsp\u00e6l - Recal Danmark<\/title>\n<meta name=\"description\" content=\"Sekskant, tr\u00e6skrue til montering af en fod i en tr\u00e6base.F\u00e5s i tre forskellige farver. Bestil i samme farve, som du bestiller din stang.Ex 8x75, 8x404stk\/taske\" \/>\n<meta name=\"robots\" content=\"index, follow, max-snippet:-1, max-image-preview:large, max-video-preview:-1\" \/>\n<link rel=\"canonical\" href=\"https:\/\/recal-se.tbwebsite.com\/dk\/tillbehor\/hexagon-traskruv-ex-8x75-for-fot-4-pack\/\" \/>\n<meta property=\"og:locale\" content=\"da_DK\" \/>\n<meta property=\"og:type\" content=\"article\" \/>\n<meta property=\"og:title\" content=\"Tr\u00e6skruer til hegnsp\u00e6l - Recal Danmark\" \/>\n<meta property=\"og:description\" content=\"Sekskant, tr\u00e6skrue til montering af en fod i en tr\u00e6base.F\u00e5s i tre forskellige farver. Bestil i samme farve, som du bestiller din stang.Ex 8x75, 8x404stk\/taske\" \/>\n<meta property=\"og:url\" content=\"https:\/\/recal-se.tbwebsite.com\/dk\/tillbehor\/hexagon-traskruv-ex-8x75-for-fot-4-pack\/\" \/>\n<meta property=\"og:site_name\" content=\"Recal Danmark\" \/>\n<meta property=\"article:modified_time\" content=\"2024-02-05T12:31:47+00:00\" \/>\n<meta property=\"og:image\" content=\"https:\/\/recal-se.tbwebsite.com\/dk\/wp-content\/uploads\/sites\/2\/2020\/06\/106-2048x2048-1.png\" \/>\n\t<meta property=\"og:image:width\" content=\"1400\" \/>\n\t<meta property=\"og:image:height\" content=\"1400\" \/>\n\t<meta property=\"og:image:type\" content=\"image\/png\" \/>\n<meta name=\"twitter:card\" content=\"summary_large_image\" \/>\n<meta name=\"twitter:label1\" content=\"Estimeret l\u00e6setid\" \/>\n\t<meta name=\"twitter:data1\" content=\"1 minut\" \/>\n<script type=\"application\/ld+json\" class=\"yoast-schema-graph\">{\"@context\":\"https:\/\/schema.org\",\"@graph\":[{\"@type\":\"WebPage\",\"@id\":\"https:\/\/recal-se.tbwebsite.com\/dk\/tillbehor\/hexagon-traskruv-ex-8x75-for-fot-4-pack\/\",\"url\":\"https:\/\/recal-se.tbwebsite.com\/dk\/tillbehor\/hexagon-traskruv-ex-8x75-for-fot-4-pack\/\",\"name\":\"Tr\u00e6skruer til hegnsp\u00e6l - Recal Danmark\",\"isPartOf\":{\"@id\":\"https:\/\/recal-se.tbwebsite.com\/dk\/#website\"},\"primaryImageOfPage\":{\"@id\":\"https:\/\/recal-se.tbwebsite.com\/dk\/tillbehor\/hexagon-traskruv-ex-8x75-for-fot-4-pack\/#primaryimage\"},\"image\":{\"@id\":\"https:\/\/recal-se.tbwebsite.com\/dk\/tillbehor\/hexagon-traskruv-ex-8x75-for-fot-4-pack\/#primaryimage\"},\"thumbnailUrl\":\"https:\/\/recal-se.tbwebsite.com\/dk\/wp-content\/uploads\/sites\/2\/2020\/06\/106-2048x2048-1.png\",\"datePublished\":\"2020-06-09T09:08:57+00:00\",\"dateModified\":\"2024-02-05T12:31:47+00:00\",\"description\":\"Sekskant, tr\u00e6skrue til montering af en fod i en tr\u00e6base.F\u00e5s i tre forskellige farver. Bestil i samme farve, som du bestiller din stang.Ex 8x75, 8x404stk\/taske\",\"breadcrumb\":{\"@id\":\"https:\/\/recal-se.tbwebsite.com\/dk\/tillbehor\/hexagon-traskruv-ex-8x75-for-fot-4-pack\/#breadcrumb\"},\"inLanguage\":\"da-DK\",\"potentialAction\":[{\"@type\":\"ReadAction\",\"target\":[\"https:\/\/recal-se.tbwebsite.com\/dk\/tillbehor\/hexagon-traskruv-ex-8x75-for-fot-4-pack\/\"]}]},{\"@type\":\"ImageObject\",\"inLanguage\":\"da-DK\",\"@id\":\"https:\/\/recal-se.tbwebsite.com\/dk\/tillbehor\/hexagon-traskruv-ex-8x75-for-fot-4-pack\/#primaryimage\",\"url\":\"https:\/\/recal-se.tbwebsite.com\/dk\/wp-content\/uploads\/sites\/2\/2020\/06\/106-2048x2048-1.png\",\"contentUrl\":\"https:\/\/recal-se.tbwebsite.com\/dk\/wp-content\/uploads\/sites\/2\/2020\/06\/106-2048x2048-1.png\",\"width\":1400,\"height\":1400},{\"@type\":\"BreadcrumbList\",\"@id\":\"https:\/\/recal-se.tbwebsite.com\/dk\/tillbehor\/hexagon-traskruv-ex-8x75-for-fot-4-pack\/#breadcrumb\",\"itemListElement\":[{\"@type\":\"ListItem\",\"position\":1,\"name\":\"Home\",\"item\":\"https:\/\/recal-se.tbwebsite.com\/dk\/\"},{\"@type\":\"ListItem\",\"position\":2,\"name\":\"Shop\",\"item\":\"https:\/\/recal-se.tbwebsite.com\/dk\/shop\/\"},{\"@type\":\"ListItem\",\"position\":3,\"name\":\"Tr\u00e6skruer til hegnsp\u00e6l\"}]},{\"@type\":\"WebSite\",\"@id\":\"https:\/\/recal-se.tbwebsite.com\/dk\/#website\",\"url\":\"https:\/\/recal-se.tbwebsite.com\/dk\/\",\"name\":\"Recal Danmark\",\"description\":\"Tr\u00e4dg\u00e5rdsprodukter tillverkade i aluminium fr\u00e5n Sm\u00e5land\",\"publisher\":{\"@id\":\"https:\/\/recal-se.tbwebsite.com\/dk\/#organization\"},\"potentialAction\":[{\"@type\":\"SearchAction\",\"target\":{\"@type\":\"EntryPoint\",\"urlTemplate\":\"https:\/\/recal-se.tbwebsite.com\/dk\/?s={search_term_string}\"},\"query-input\":\"required name=search_term_string\"}],\"inLanguage\":\"da-DK\"},{\"@type\":\"Organization\",\"@id\":\"https:\/\/recal-se.tbwebsite.com\/dk\/#organization\",\"name\":\"Recal Danmark\",\"url\":\"https:\/\/recal-se.tbwebsite.com\/dk\/\",\"logo\":{\"@type\":\"ImageObject\",\"inLanguage\":\"da-DK\",\"@id\":\"https:\/\/recal-se.tbwebsite.com\/dk\/#\/schema\/logo\/image\/\",\"url\":\"https:\/\/recal-se.tbwebsite.com\/dk\/wp-content\/uploads\/sites\/2\/2020\/06\/recal-logotype_svart_1.png\",\"contentUrl\":\"https:\/\/recal-se.tbwebsite.com\/dk\/wp-content\/uploads\/sites\/2\/2020\/06\/recal-logotype_svart_1.png\",\"width\":260,\"height\":52,\"caption\":\"Recal Danmark\"},\"image\":{\"@id\":\"https:\/\/recal-se.tbwebsite.com\/dk\/#\/schema\/logo\/image\/\"}}]}<\/script>\n<!-- \/ Yoast SEO plugin. -->","yoast_head_json":{"title":"Tr\u00e6skruer til hegnsp\u00e6l - Recal Danmark","description":"Sekskant, tr\u00e6skrue til montering af en fod i en tr\u00e6base.F\u00e5s i tre forskellige farver. Bestil i samme farve, som du bestiller din stang.Ex 8x75, 8x404stk\/taske","robots":{"index":"index","follow":"follow","max-snippet":"max-snippet:-1","max-image-preview":"max-image-preview:large","max-video-preview":"max-video-preview:-1"},"canonical":"https:\/\/recal-se.tbwebsite.com\/dk\/tillbehor\/hexagon-traskruv-ex-8x75-for-fot-4-pack\/","og_locale":"da_DK","og_type":"article","og_title":"Tr\u00e6skruer til hegnsp\u00e6l - Recal Danmark","og_description":"Sekskant, tr\u00e6skrue til montering af en fod i en tr\u00e6base.F\u00e5s i tre forskellige farver. Bestil i samme farve, som du bestiller din stang.Ex 8x75, 8x404stk\/taske","og_url":"https:\/\/recal-se.tbwebsite.com\/dk\/tillbehor\/hexagon-traskruv-ex-8x75-for-fot-4-pack\/","og_site_name":"Recal Danmark","article_modified_time":"2024-02-05T12:31:47+00:00","og_image":[{"width":1400,"height":1400,"url":"https:\/\/recal-se.tbwebsite.com\/dk\/wp-content\/uploads\/sites\/2\/2020\/06\/106-2048x2048-1.png","type":"image\/png"}],"twitter_card":"summary_large_image","twitter_misc":{"Estimeret l\u00e6setid":"1 minut"},"schema":{"@context":"https:\/\/schema.org","@graph":[{"@type":"WebPage","@id":"https:\/\/recal-se.tbwebsite.com\/dk\/tillbehor\/hexagon-traskruv-ex-8x75-for-fot-4-pack\/","url":"https:\/\/recal-se.tbwebsite.com\/dk\/tillbehor\/hexagon-traskruv-ex-8x75-for-fot-4-pack\/","name":"Tr\u00e6skruer til hegnsp\u00e6l - Recal Danmark","isPartOf":{"@id":"https:\/\/recal-se.tbwebsite.com\/dk\/#website"},"primaryImageOfPage":{"@id":"https:\/\/recal-se.tbwebsite.com\/dk\/tillbehor\/hexagon-traskruv-ex-8x75-for-fot-4-pack\/#primaryimage"},"image":{"@id":"https:\/\/recal-se.tbwebsite.com\/dk\/tillbehor\/hexagon-traskruv-ex-8x75-for-fot-4-pack\/#primaryimage"},"thumbnailUrl":"https:\/\/recal-se.tbwebsite.com\/dk\/wp-content\/uploads\/sites\/2\/2020\/06\/106-2048x2048-1.png","datePublished":"2020-06-09T09:08:57+00:00","dateModified":"2024-02-05T12:31:47+00:00","description":"Sekskant, tr\u00e6skrue til montering af en fod i en tr\u00e6base.F\u00e5s i tre forskellige farver. Bestil i samme farve, som du bestiller din stang.Ex 8x75, 8x404stk\/taske","breadcrumb":{"@id":"https:\/\/recal-se.tbwebsite.com\/dk\/tillbehor\/hexagon-traskruv-ex-8x75-for-fot-4-pack\/#breadcrumb"},"inLanguage":"da-DK","potentialAction":[{"@type":"ReadAction","target":["https:\/\/recal-se.tbwebsite.com\/dk\/tillbehor\/hexagon-traskruv-ex-8x75-for-fot-4-pack\/"]}]},{"@type":"ImageObject","inLanguage":"da-DK","@id":"https:\/\/recal-se.tbwebsite.com\/dk\/tillbehor\/hexagon-traskruv-ex-8x75-for-fot-4-pack\/#primaryimage","url":"https:\/\/recal-se.tbwebsite.com\/dk\/wp-content\/uploads\/sites\/2\/2020\/06\/106-2048x2048-1.png","contentUrl":"https:\/\/recal-se.tbwebsite.com\/dk\/wp-content\/uploads\/sites\/2\/2020\/06\/106-2048x2048-1.png","width":1400,"height":1400},{"@type":"BreadcrumbList","@id":"https:\/\/recal-se.tbwebsite.com\/dk\/tillbehor\/hexagon-traskruv-ex-8x75-for-fot-4-pack\/#breadcrumb","itemListElement":[{"@type":"ListItem","position":1,"name":"Home","item":"https:\/\/recal-se.tbwebsite.com\/dk\/"},{"@type":"ListItem","position":2,"name":"Shop","item":"https:\/\/recal-se.tbwebsite.com\/dk\/shop\/"},{"@type":"ListItem","position":3,"name":"Tr\u00e6skruer til hegnsp\u00e6l"}]},{"@type":"WebSite","@id":"https:\/\/recal-se.tbwebsite.com\/dk\/#website","url":"https:\/\/recal-se.tbwebsite.com\/dk\/","name":"Recal Danmark","description":"Tr\u00e4dg\u00e5rdsprodukter tillverkade i aluminium fr\u00e5n Sm\u00e5land","publisher":{"@id":"https:\/\/recal-se.tbwebsite.com\/dk\/#organization"},"potentialAction":[{"@type":"SearchAction","target":{"@type":"EntryPoint","urlTemplate":"https:\/\/recal-se.tbwebsite.com\/dk\/?s={search_term_string}"},"query-input":"required name=search_term_string"}],"inLanguage":"da-DK"},{"@type":"Organization","@id":"https:\/\/recal-se.tbwebsite.com\/dk\/#organization","name":"Recal Danmark","url":"https:\/\/recal-se.tbwebsite.com\/dk\/","logo":{"@type":"ImageObject","inLanguage":"da-DK","@id":"https:\/\/recal-se.tbwebsite.com\/dk\/#\/schema\/logo\/image\/","url":"https:\/\/recal-se.tbwebsite.com\/dk\/wp-content\/uploads\/sites\/2\/2020\/06\/recal-logotype_svart_1.png","contentUrl":"https:\/\/recal-se.tbwebsite.com\/dk\/wp-content\/uploads\/sites\/2\/2020\/06\/recal-logotype_svart_1.png","width":260,"height":52,"caption":"Recal Danmark"},"image":{"@id":"https:\/\/recal-se.tbwebsite.com\/dk\/#\/schema\/logo\/image\/"}}]}},"_links":{"self":[{"href":"https:\/\/recal-se.tbwebsite.com\/dk\/wp-json\/wp\/v2\/product\/641"}],"collection":[{"href":"https:\/\/recal-se.tbwebsite.com\/dk\/wp-json\/wp\/v2\/product"}],"about":[{"href":"https:\/\/recal-se.tbwebsite.com\/dk\/wp-json\/wp\/v2\/types\/product"}],"replies":[{"embeddable":true,"href":"https:\/\/recal-se.tbwebsite.com\/dk\/wp-json\/wp\/v2\/comments?post=641"}],"version-history":[{"count":4,"href":"https:\/\/recal-se.tbwebsite.com\/dk\/wp-json\/wp\/v2\/product\/641\/revisions"}],"predecessor-version":[{"id":15128,"href":"https:\/\/recal-se.tbwebsite.com\/dk\/wp-json\/wp\/v2\/product\/641\/revisions\/15128"}],"wp:featuredmedia":[{"embeddable":true,"href":"https:\/\/recal-se.tbwebsite.com\/dk\/wp-json\/wp\/v2\/media\/5526"}],"wp:attachment":[{"href":"https:\/\/recal-se.tbwebsite.com\/dk\/wp-json\/wp\/v2\/media?parent=641"}],"wp:term":[{"taxonomy":"product_cat","embeddable":true,"href":"https:\/\/recal-se.tbwebsite.com\/dk\/wp-json\/wp\/v2\/product_cat?post=641"},{"taxonomy":"product_tag","embeddable":true,"href":"https:\/\/recal-se.tbwebsite.com\/dk\/wp-json\/wp\/v2\/product_tag?post=641"}],"curies":[{"name":"wp","href":"https:\/\/api.w.org\/{rel}","templated":true}]}}