{"id":4914,"date":"2023-10-19T12:22:38","date_gmt":"2023-10-19T12:22:38","guid":{"rendered":"https:\/\/recal-se.tbwebsite.com\/?post_type=product&#038;p=4914"},"modified":"2024-03-05T14:25:58","modified_gmt":"2024-03-05T14:25:58","slug":"blomlador-planteringskarl-galvad","status":"publish","type":"product","link":"https:\/\/recal-se.tbwebsite.com\/dk\/plantekasser\/blomlador-planteringskarl-galvad\/","title":{"rendered":"Plantekasser &#8211; galvaniseret"},"content":{"rendered":"<p>Giv din have et opl\u00f8ftende touch med Recals plantekasser lavet af galvaniseret metalplade!<\/p>\n<p>Oplev Recals plantekasser i varmgalvaniseret metalplade, hvis stilfulde design og overlegne holdbarhed vil forvandle din have eller offentlige rum. Hver plantekasse har en imponerende tykkelse p\u00e5 1,5 mm og garanterer langsigtet stabilitet.<\/p>\n<p>Vores plantekasser omfatter:<\/p>\n<ul>\n<li>Fire moduler<\/li>\n<li>En bundplade<\/li>\n<li>M\u00f8trikker og bolte for nem montering<\/li>\n<\/ul>\n<p>For st\u00f8rre modeller tilf\u00f8jes flere moduler for at sikre stabilitet under belastning.<\/p>\n<p>Forskellige st\u00f8rrelser til dine behov:<\/p>\n<p>Vi tilbyder en bred vifte af st\u00f8rrelser, s\u00e5 uanset om du opretter et lille blomsterhj\u00f8rne eller en imponerende blomsterudstilling, har vi en plantekasse, der passer lige til dig.<\/p>\n<p>Tips til en vellykket plantning:<\/p>\n<ul>\n<li>Fyld plantemaskinen til randen for at give dine planter plads nok til at vokse.<\/li>\n<li>S\u00f8rg for, at der er god dr\u00e6ning for at undg\u00e5 overvanding. Opret dr\u00e6nhuller eller brug dr\u00e6ningsmateriale i bunden.<\/li>\n<li>Brug naturlig g\u00f8dning til at give dine planter et n\u00e6rende og sundt milj\u00f8 at vokse i.<\/li>\n<\/ul>\n<p>Med Recals plantekasser i varmgalvaniseret metalplade kan du skabe en smuk og velholdt have eller et offentligt rum. Udforsk vores sortiment i dag, og lad dine planter blomstre med stil!<\/p>\n","protected":false},"excerpt":{"rendered":"<p>Giv din have et opl\u00f8ftende touch med Recals plantekasser lavet af galvaniseret metalplade!<\/p>\n<p>Oplev Recals plantekasser i varmgalvaniseret metalplade, hvis stilfulde design og overlegne holdbarhed vil forvandle din have eller offentlige rum. Hver plantekasse har en imponerende tykkelse p\u00e5 1,5 mm og garanterer langsigtet stabilitet.<\/p>\n","protected":false},"featured_media":15304,"comment_status":"open","ping_status":"closed","template":"","meta":{"_acf_changed":false},"product_cat":[115],"product_tag":[279],"composite_virtual":false,"composite_layout":"","composite_add_to_cart_form_location":"","composite_editable_in_cart":false,"composite_sold_individually_context":"","composite_shop_price_calc":"","composite_components":[],"composite_scenarios":[],"acf":[],"yoast_head":"<!-- This site is optimized with the Yoast SEO plugin v22.2 - https:\/\/yoast.com\/wordpress\/plugins\/seo\/ -->\n<title>Plantekasser - galvaniseret - Recal Danmark<\/title>\n<meta name=\"description\" content=\"Oplev Recals plantekasser i varmgalvaniseret metalplade, som derefter males i pulverlakering, perfekt til at give din have eller dit offentlige milj\u00f8 et elegant og designet touch.\" \/>\n<meta name=\"robots\" content=\"index, follow, max-snippet:-1, max-image-preview:large, max-video-preview:-1\" \/>\n<link rel=\"canonical\" href=\"https:\/\/recal-se.tbwebsite.com\/dk\/plantekasser\/blomlador-planteringskarl-galvad\/\" \/>\n<meta property=\"og:locale\" content=\"da_DK\" \/>\n<meta property=\"og:type\" content=\"article\" \/>\n<meta property=\"og:title\" content=\"Plantekasser - galvaniseret - Recal Danmark\" \/>\n<meta property=\"og:description\" content=\"Oplev Recals plantekasser i varmgalvaniseret metalplade, som derefter males i pulverlakering, perfekt til at give din have eller dit offentlige milj\u00f8 et elegant og designet touch.\" \/>\n<meta property=\"og:url\" content=\"https:\/\/recal-se.tbwebsite.com\/dk\/plantekasser\/blomlador-planteringskarl-galvad\/\" \/>\n<meta property=\"og:site_name\" content=\"Recal Danmark\" \/>\n<meta property=\"article:modified_time\" content=\"2024-03-05T14:25:58+00:00\" \/>\n<meta property=\"og:image\" content=\"https:\/\/recal-se.tbwebsite.com\/dk\/wp-content\/uploads\/sites\/2\/2023\/10\/Namnlos-9.png\" \/>\n\t<meta property=\"og:image:width\" content=\"1027\" \/>\n\t<meta property=\"og:image:height\" content=\"770\" \/>\n\t<meta property=\"og:image:type\" content=\"image\/png\" \/>\n<meta name=\"twitter:card\" content=\"summary_large_image\" \/>\n<meta name=\"twitter:label1\" content=\"Estimeret l\u00e6setid\" \/>\n\t<meta name=\"twitter:data1\" content=\"2 minutter\" \/>\n<script type=\"application\/ld+json\" class=\"yoast-schema-graph\">{\"@context\":\"https:\/\/schema.org\",\"@graph\":[{\"@type\":\"WebPage\",\"@id\":\"https:\/\/recal-se.tbwebsite.com\/dk\/plantekasser\/blomlador-planteringskarl-galvad\/\",\"url\":\"https:\/\/recal-se.tbwebsite.com\/dk\/plantekasser\/blomlador-planteringskarl-galvad\/\",\"name\":\"Plantekasser - galvaniseret - Recal Danmark\",\"isPartOf\":{\"@id\":\"https:\/\/recal-se.tbwebsite.com\/dk\/#website\"},\"primaryImageOfPage\":{\"@id\":\"https:\/\/recal-se.tbwebsite.com\/dk\/plantekasser\/blomlador-planteringskarl-galvad\/#primaryimage\"},\"image\":{\"@id\":\"https:\/\/recal-se.tbwebsite.com\/dk\/plantekasser\/blomlador-planteringskarl-galvad\/#primaryimage\"},\"thumbnailUrl\":\"https:\/\/recal-se.tbwebsite.com\/dk\/wp-content\/uploads\/sites\/2\/2023\/10\/Namnlos-9.png\",\"datePublished\":\"2023-10-19T12:22:38+00:00\",\"dateModified\":\"2024-03-05T14:25:58+00:00\",\"description\":\"Oplev Recals plantekasser i varmgalvaniseret metalplade, som derefter males i pulverlakering, perfekt til at give din have eller dit offentlige milj\u00f8 et elegant og designet touch.\",\"breadcrumb\":{\"@id\":\"https:\/\/recal-se.tbwebsite.com\/dk\/plantekasser\/blomlador-planteringskarl-galvad\/#breadcrumb\"},\"inLanguage\":\"da-DK\",\"potentialAction\":[{\"@type\":\"ReadAction\",\"target\":[\"https:\/\/recal-se.tbwebsite.com\/dk\/plantekasser\/blomlador-planteringskarl-galvad\/\"]}]},{\"@type\":\"ImageObject\",\"inLanguage\":\"da-DK\",\"@id\":\"https:\/\/recal-se.tbwebsite.com\/dk\/plantekasser\/blomlador-planteringskarl-galvad\/#primaryimage\",\"url\":\"https:\/\/recal-se.tbwebsite.com\/dk\/wp-content\/uploads\/sites\/2\/2023\/10\/Namnlos-9.png\",\"contentUrl\":\"https:\/\/recal-se.tbwebsite.com\/dk\/wp-content\/uploads\/sites\/2\/2023\/10\/Namnlos-9.png\",\"width\":1027,\"height\":770},{\"@type\":\"BreadcrumbList\",\"@id\":\"https:\/\/recal-se.tbwebsite.com\/dk\/plantekasser\/blomlador-planteringskarl-galvad\/#breadcrumb\",\"itemListElement\":[{\"@type\":\"ListItem\",\"position\":1,\"name\":\"Home\",\"item\":\"https:\/\/recal-se.tbwebsite.com\/dk\/\"},{\"@type\":\"ListItem\",\"position\":2,\"name\":\"Shop\",\"item\":\"https:\/\/recal-se.tbwebsite.com\/dk\/shop\/\"},{\"@type\":\"ListItem\",\"position\":3,\"name\":\"Plantekasser &#8211; galvaniseret\"}]},{\"@type\":\"WebSite\",\"@id\":\"https:\/\/recal-se.tbwebsite.com\/dk\/#website\",\"url\":\"https:\/\/recal-se.tbwebsite.com\/dk\/\",\"name\":\"Recal Danmark\",\"description\":\"Tr\u00e4dg\u00e5rdsprodukter tillverkade i aluminium fr\u00e5n Sm\u00e5land\",\"publisher\":{\"@id\":\"https:\/\/recal-se.tbwebsite.com\/dk\/#organization\"},\"potentialAction\":[{\"@type\":\"SearchAction\",\"target\":{\"@type\":\"EntryPoint\",\"urlTemplate\":\"https:\/\/recal-se.tbwebsite.com\/dk\/?s={search_term_string}\"},\"query-input\":\"required name=search_term_string\"}],\"inLanguage\":\"da-DK\"},{\"@type\":\"Organization\",\"@id\":\"https:\/\/recal-se.tbwebsite.com\/dk\/#organization\",\"name\":\"Recal Danmark\",\"url\":\"https:\/\/recal-se.tbwebsite.com\/dk\/\",\"logo\":{\"@type\":\"ImageObject\",\"inLanguage\":\"da-DK\",\"@id\":\"https:\/\/recal-se.tbwebsite.com\/dk\/#\/schema\/logo\/image\/\",\"url\":\"https:\/\/recal-se.tbwebsite.com\/dk\/wp-content\/uploads\/sites\/2\/2020\/06\/recal-logotype_svart_1.png\",\"contentUrl\":\"https:\/\/recal-se.tbwebsite.com\/dk\/wp-content\/uploads\/sites\/2\/2020\/06\/recal-logotype_svart_1.png\",\"width\":260,\"height\":52,\"caption\":\"Recal Danmark\"},\"image\":{\"@id\":\"https:\/\/recal-se.tbwebsite.com\/dk\/#\/schema\/logo\/image\/\"}}]}<\/script>\n<!-- \/ Yoast SEO plugin. -->","yoast_head_json":{"title":"Plantekasser - galvaniseret - Recal Danmark","description":"Oplev Recals plantekasser i varmgalvaniseret metalplade, som derefter males i pulverlakering, perfekt til at give din have eller dit offentlige milj\u00f8 et elegant og designet touch.","robots":{"index":"index","follow":"follow","max-snippet":"max-snippet:-1","max-image-preview":"max-image-preview:large","max-video-preview":"max-video-preview:-1"},"canonical":"https:\/\/recal-se.tbwebsite.com\/dk\/plantekasser\/blomlador-planteringskarl-galvad\/","og_locale":"da_DK","og_type":"article","og_title":"Plantekasser - galvaniseret - Recal Danmark","og_description":"Oplev Recals plantekasser i varmgalvaniseret metalplade, som derefter males i pulverlakering, perfekt til at give din have eller dit offentlige milj\u00f8 et elegant og designet touch.","og_url":"https:\/\/recal-se.tbwebsite.com\/dk\/plantekasser\/blomlador-planteringskarl-galvad\/","og_site_name":"Recal Danmark","article_modified_time":"2024-03-05T14:25:58+00:00","og_image":[{"width":1027,"height":770,"url":"https:\/\/recal-se.tbwebsite.com\/dk\/wp-content\/uploads\/sites\/2\/2023\/10\/Namnlos-9.png","type":"image\/png"}],"twitter_card":"summary_large_image","twitter_misc":{"Estimeret l\u00e6setid":"2 minutter"},"schema":{"@context":"https:\/\/schema.org","@graph":[{"@type":"WebPage","@id":"https:\/\/recal-se.tbwebsite.com\/dk\/plantekasser\/blomlador-planteringskarl-galvad\/","url":"https:\/\/recal-se.tbwebsite.com\/dk\/plantekasser\/blomlador-planteringskarl-galvad\/","name":"Plantekasser - galvaniseret - Recal Danmark","isPartOf":{"@id":"https:\/\/recal-se.tbwebsite.com\/dk\/#website"},"primaryImageOfPage":{"@id":"https:\/\/recal-se.tbwebsite.com\/dk\/plantekasser\/blomlador-planteringskarl-galvad\/#primaryimage"},"image":{"@id":"https:\/\/recal-se.tbwebsite.com\/dk\/plantekasser\/blomlador-planteringskarl-galvad\/#primaryimage"},"thumbnailUrl":"https:\/\/recal-se.tbwebsite.com\/dk\/wp-content\/uploads\/sites\/2\/2023\/10\/Namnlos-9.png","datePublished":"2023-10-19T12:22:38+00:00","dateModified":"2024-03-05T14:25:58+00:00","description":"Oplev Recals plantekasser i varmgalvaniseret metalplade, som derefter males i pulverlakering, perfekt til at give din have eller dit offentlige milj\u00f8 et elegant og designet touch.","breadcrumb":{"@id":"https:\/\/recal-se.tbwebsite.com\/dk\/plantekasser\/blomlador-planteringskarl-galvad\/#breadcrumb"},"inLanguage":"da-DK","potentialAction":[{"@type":"ReadAction","target":["https:\/\/recal-se.tbwebsite.com\/dk\/plantekasser\/blomlador-planteringskarl-galvad\/"]}]},{"@type":"ImageObject","inLanguage":"da-DK","@id":"https:\/\/recal-se.tbwebsite.com\/dk\/plantekasser\/blomlador-planteringskarl-galvad\/#primaryimage","url":"https:\/\/recal-se.tbwebsite.com\/dk\/wp-content\/uploads\/sites\/2\/2023\/10\/Namnlos-9.png","contentUrl":"https:\/\/recal-se.tbwebsite.com\/dk\/wp-content\/uploads\/sites\/2\/2023\/10\/Namnlos-9.png","width":1027,"height":770},{"@type":"BreadcrumbList","@id":"https:\/\/recal-se.tbwebsite.com\/dk\/plantekasser\/blomlador-planteringskarl-galvad\/#breadcrumb","itemListElement":[{"@type":"ListItem","position":1,"name":"Home","item":"https:\/\/recal-se.tbwebsite.com\/dk\/"},{"@type":"ListItem","position":2,"name":"Shop","item":"https:\/\/recal-se.tbwebsite.com\/dk\/shop\/"},{"@type":"ListItem","position":3,"name":"Plantekasser &#8211; galvaniseret"}]},{"@type":"WebSite","@id":"https:\/\/recal-se.tbwebsite.com\/dk\/#website","url":"https:\/\/recal-se.tbwebsite.com\/dk\/","name":"Recal Danmark","description":"Tr\u00e4dg\u00e5rdsprodukter tillverkade i aluminium fr\u00e5n Sm\u00e5land","publisher":{"@id":"https:\/\/recal-se.tbwebsite.com\/dk\/#organization"},"potentialAction":[{"@type":"SearchAction","target":{"@type":"EntryPoint","urlTemplate":"https:\/\/recal-se.tbwebsite.com\/dk\/?s={search_term_string}"},"query-input":"required name=search_term_string"}],"inLanguage":"da-DK"},{"@type":"Organization","@id":"https:\/\/recal-se.tbwebsite.com\/dk\/#organization","name":"Recal Danmark","url":"https:\/\/recal-se.tbwebsite.com\/dk\/","logo":{"@type":"ImageObject","inLanguage":"da-DK","@id":"https:\/\/recal-se.tbwebsite.com\/dk\/#\/schema\/logo\/image\/","url":"https:\/\/recal-se.tbwebsite.com\/dk\/wp-content\/uploads\/sites\/2\/2020\/06\/recal-logotype_svart_1.png","contentUrl":"https:\/\/recal-se.tbwebsite.com\/dk\/wp-content\/uploads\/sites\/2\/2020\/06\/recal-logotype_svart_1.png","width":260,"height":52,"caption":"Recal Danmark"},"image":{"@id":"https:\/\/recal-se.tbwebsite.com\/dk\/#\/schema\/logo\/image\/"}}]}},"_links":{"self":[{"href":"https:\/\/recal-se.tbwebsite.com\/dk\/wp-json\/wp\/v2\/product\/4914"}],"collection":[{"href":"https:\/\/recal-se.tbwebsite.com\/dk\/wp-json\/wp\/v2\/product"}],"about":[{"href":"https:\/\/recal-se.tbwebsite.com\/dk\/wp-json\/wp\/v2\/types\/product"}],"replies":[{"embeddable":true,"href":"https:\/\/recal-se.tbwebsite.com\/dk\/wp-json\/wp\/v2\/comments?post=4914"}],"version-history":[{"count":4,"href":"https:\/\/recal-se.tbwebsite.com\/dk\/wp-json\/wp\/v2\/product\/4914\/revisions"}],"predecessor-version":[{"id":15292,"href":"https:\/\/recal-se.tbwebsite.com\/dk\/wp-json\/wp\/v2\/product\/4914\/revisions\/15292"}],"wp:featuredmedia":[{"embeddable":true,"href":"https:\/\/recal-se.tbwebsite.com\/dk\/wp-json\/wp\/v2\/media\/15304"}],"wp:attachment":[{"href":"https:\/\/recal-se.tbwebsite.com\/dk\/wp-json\/wp\/v2\/media?parent=4914"}],"wp:term":[{"taxonomy":"product_cat","embeddable":true,"href":"https:\/\/recal-se.tbwebsite.com\/dk\/wp-json\/wp\/v2\/product_cat?post=4914"},{"taxonomy":"product_tag","embeddable":true,"href":"https:\/\/recal-se.tbwebsite.com\/dk\/wp-json\/wp\/v2\/product_tag?post=4914"}],"curies":[{"name":"wp","href":"https:\/\/api.w.org\/{rel}","templated":true}]}}