{"id":4907,"date":"2023-10-19T12:22:38","date_gmt":"2023-10-19T12:22:38","guid":{"rendered":"https:\/\/recal-se.tbwebsite.com\/?post_type=product&#038;p=4907"},"modified":"2024-02-13T10:25:47","modified_gmt":"2024-02-13T10:25:47","slug":"belaegningssten-30x30-grafitgra","status":"publish","type":"product","link":"https:\/\/recal-se.tbwebsite.com\/dk\/bedafgraensning\/belaegningssten-30x30-grafitgra\/","title":{"rendered":"Bel\u00e6gningssten &#8211; 30&#215;30 Grafitgr\u00e5"},"content":{"rendered":"<p>Leder du efter en nem m\u00e5de at installere marksten p\u00e5. S\u00e5 er du kommet til det rette sted, vores bel\u00e6gningssten er lette, fleksible og meget holdbare. Perfekt til at skabe hyggelige stier i din have eller blomsterbed og er nemme at samle.<\/p>\n<p>Bel\u00e6gningsstenen har en lang holdbarhed under alle vejrforhold! Lavet af genbrugte bild\u00e6k, det er et perfekt milj\u00f8valg, samtidig med at det er en problemfri installation. Giv din have et rigtigt l\u00f8ft med en anden type bel\u00e6gning til dine blomsterbed og i haven.<\/p>\n<table width=\"406\">\n<tbody>\n<tr>\n<td width=\"81\">Farve<\/td>\n<td width=\"99\">Tal<\/td>\n<td width=\"82\">Nettov\u00e6gt<\/td>\n<td width=\"144\">M\u00e5l(L, B, H) CM<\/td>\n<\/tr>\n<\/tbody>\n<\/table>\n<table width=\"406\">\n<tbody>\n<tr>\n<td width=\"81\">Grafitgr\u00e5<\/td>\n<td width=\"99\">1 st<\/td>\n<td width=\"82\">0,7<\/td>\n<td width=\"144\">30x30x3<\/td>\n<\/tr>\n<\/tbody>\n<\/table>\n<table width=\"406\">\n<tbody>\n<tr>\n<td width=\"81\">Grafitgr\u00e5<\/td>\n<td width=\"99\">10 st<\/td>\n<td width=\"82\">6,8<\/td>\n<td width=\"144\">30x30x30<\/td>\n<\/tr>\n<\/tbody>\n<\/table>\n<p>Oplev den enest\u00e5ende kvalitet, holdbarhed og stilfulde design af vores alsidige udend\u00f8rs produkter, alle omhyggeligt designet med b\u00e6redygtighed i tankerne. Oplev enkel og effektiv haveafgr\u00e6nsning med vores 9 cm h\u00f8je pl\u00e6nekanter nemt.<\/p>\n<p>G\u00f8r dine udend\u00f8rs rum til indbydende helligdomme, perfekt til at nyde naturens sk\u00f8nhed.<\/p>\n","protected":false},"excerpt":{"rendered":"<p>Leder du efter en nem m\u00e5de at installere belaegningssten p\u00e5. S\u00e5 er du kommet til det rette sted, vores bel\u00e6gningssten er lette, fleksible og meget holdbare. Perfekt til at skabe hyggelige stier i din have eller blomsterbed og er nemme at samle.<\/p>\n<p>Bel\u00e6gningsstenen har en lang holdbarhed under alle vejrforhold! Lavet af genbrugte bild\u00e6k, det er et perfekt milj\u00f8valg, samtidig med at det er en problemfri installation. Giv din have et rigtigt l\u00f8ft med en anden type bel\u00e6gning til dine blomsterbed og i haven.<\/p>\n","protected":false},"featured_media":5094,"comment_status":"open","ping_status":"closed","template":"","meta":{"_acf_changed":false},"product_cat":[244,93],"product_tag":[252,253],"composite_virtual":false,"composite_layout":"","composite_add_to_cart_form_location":"","composite_editable_in_cart":false,"composite_sold_individually_context":"","composite_shop_price_calc":"","composite_components":[],"composite_scenarios":[],"acf":[],"yoast_head":"<!-- This site is optimized with the Yoast SEO plugin v22.2 - https:\/\/yoast.com\/wordpress\/plugins\/seo\/ -->\n<title>Bel\u00e6gningssten - 30x30 Grafitgr\u00e5 - Recal Danmark<\/title>\n<meta name=\"description\" content=\"Leder du efter en nem m\u00e5de at installere marksten p\u00e5. S\u00e5 er du kommet til det rette sted, vores bel\u00e6gningssten er lette, fleksible og meget holdbare. Perfekt til at skabe hyggelige stier i din have eller blomsterbed og er nemme at samle.\" \/>\n<meta name=\"robots\" content=\"index, follow, max-snippet:-1, max-image-preview:large, max-video-preview:-1\" \/>\n<link rel=\"canonical\" href=\"https:\/\/recal-se.tbwebsite.com\/dk\/bedafgraensning\/belaegningssten-30x30-grafitgra\/\" \/>\n<meta property=\"og:locale\" content=\"da_DK\" \/>\n<meta property=\"og:type\" content=\"article\" \/>\n<meta property=\"og:title\" content=\"Bel\u00e6gningssten - 30x30 Grafitgr\u00e5 - Recal Danmark\" \/>\n<meta property=\"og:description\" content=\"Leder du efter en nem m\u00e5de at installere marksten p\u00e5. S\u00e5 er du kommet til det rette sted, vores bel\u00e6gningssten er lette, fleksible og meget holdbare. Perfekt til at skabe hyggelige stier i din have eller blomsterbed og er nemme at samle.\" \/>\n<meta property=\"og:url\" content=\"https:\/\/recal-se.tbwebsite.com\/dk\/bedafgraensning\/belaegningssten-30x30-grafitgra\/\" \/>\n<meta property=\"og:site_name\" content=\"Recal Danmark\" \/>\n<meta property=\"article:modified_time\" content=\"2024-02-13T10:25:47+00:00\" \/>\n<meta property=\"og:image\" content=\"https:\/\/recal-se.tbwebsite.com\/dk\/wp-content\/uploads\/sites\/2\/2023\/10\/EU5100027_stomp_stone_c2-scaled-1.png\" \/>\n\t<meta property=\"og:image:width\" content=\"1400\" \/>\n\t<meta property=\"og:image:height\" content=\"1400\" \/>\n\t<meta property=\"og:image:type\" content=\"image\/png\" \/>\n<meta name=\"twitter:card\" content=\"summary_large_image\" \/>\n<meta name=\"twitter:label1\" content=\"Estimeret l\u00e6setid\" \/>\n\t<meta name=\"twitter:data1\" content=\"1 minut\" \/>\n<script type=\"application\/ld+json\" class=\"yoast-schema-graph\">{\"@context\":\"https:\/\/schema.org\",\"@graph\":[{\"@type\":\"WebPage\",\"@id\":\"https:\/\/recal-se.tbwebsite.com\/dk\/bedafgraensning\/belaegningssten-30x30-grafitgra\/\",\"url\":\"https:\/\/recal-se.tbwebsite.com\/dk\/bedafgraensning\/belaegningssten-30x30-grafitgra\/\",\"name\":\"Bel\u00e6gningssten - 30x30 Grafitgr\u00e5 - Recal Danmark\",\"isPartOf\":{\"@id\":\"https:\/\/recal-se.tbwebsite.com\/dk\/#website\"},\"primaryImageOfPage\":{\"@id\":\"https:\/\/recal-se.tbwebsite.com\/dk\/bedafgraensning\/belaegningssten-30x30-grafitgra\/#primaryimage\"},\"image\":{\"@id\":\"https:\/\/recal-se.tbwebsite.com\/dk\/bedafgraensning\/belaegningssten-30x30-grafitgra\/#primaryimage\"},\"thumbnailUrl\":\"https:\/\/recal-se.tbwebsite.com\/dk\/wp-content\/uploads\/sites\/2\/2023\/10\/EU5100027_stomp_stone_c2-scaled-1.png\",\"datePublished\":\"2023-10-19T12:22:38+00:00\",\"dateModified\":\"2024-02-13T10:25:47+00:00\",\"description\":\"Leder du efter en nem m\u00e5de at installere marksten p\u00e5. S\u00e5 er du kommet til det rette sted, vores bel\u00e6gningssten er lette, fleksible og meget holdbare. Perfekt til at skabe hyggelige stier i din have eller blomsterbed og er nemme at samle.\",\"breadcrumb\":{\"@id\":\"https:\/\/recal-se.tbwebsite.com\/dk\/bedafgraensning\/belaegningssten-30x30-grafitgra\/#breadcrumb\"},\"inLanguage\":\"da-DK\",\"potentialAction\":[{\"@type\":\"ReadAction\",\"target\":[\"https:\/\/recal-se.tbwebsite.com\/dk\/bedafgraensning\/belaegningssten-30x30-grafitgra\/\"]}]},{\"@type\":\"ImageObject\",\"inLanguage\":\"da-DK\",\"@id\":\"https:\/\/recal-se.tbwebsite.com\/dk\/bedafgraensning\/belaegningssten-30x30-grafitgra\/#primaryimage\",\"url\":\"https:\/\/recal-se.tbwebsite.com\/dk\/wp-content\/uploads\/sites\/2\/2023\/10\/EU5100027_stomp_stone_c2-scaled-1.png\",\"contentUrl\":\"https:\/\/recal-se.tbwebsite.com\/dk\/wp-content\/uploads\/sites\/2\/2023\/10\/EU5100027_stomp_stone_c2-scaled-1.png\",\"width\":1400,\"height\":1400},{\"@type\":\"BreadcrumbList\",\"@id\":\"https:\/\/recal-se.tbwebsite.com\/dk\/bedafgraensning\/belaegningssten-30x30-grafitgra\/#breadcrumb\",\"itemListElement\":[{\"@type\":\"ListItem\",\"position\":1,\"name\":\"Home\",\"item\":\"https:\/\/recal-se.tbwebsite.com\/dk\/\"},{\"@type\":\"ListItem\",\"position\":2,\"name\":\"Shop\",\"item\":\"https:\/\/recal-se.tbwebsite.com\/dk\/shop\/\"},{\"@type\":\"ListItem\",\"position\":3,\"name\":\"Bel\u00e6gningssten &#8211; 30&#215;30 Grafitgr\u00e5\"}]},{\"@type\":\"WebSite\",\"@id\":\"https:\/\/recal-se.tbwebsite.com\/dk\/#website\",\"url\":\"https:\/\/recal-se.tbwebsite.com\/dk\/\",\"name\":\"Recal Danmark\",\"description\":\"Tr\u00e4dg\u00e5rdsprodukter tillverkade i aluminium fr\u00e5n Sm\u00e5land\",\"publisher\":{\"@id\":\"https:\/\/recal-se.tbwebsite.com\/dk\/#organization\"},\"potentialAction\":[{\"@type\":\"SearchAction\",\"target\":{\"@type\":\"EntryPoint\",\"urlTemplate\":\"https:\/\/recal-se.tbwebsite.com\/dk\/?s={search_term_string}\"},\"query-input\":\"required name=search_term_string\"}],\"inLanguage\":\"da-DK\"},{\"@type\":\"Organization\",\"@id\":\"https:\/\/recal-se.tbwebsite.com\/dk\/#organization\",\"name\":\"Recal Danmark\",\"url\":\"https:\/\/recal-se.tbwebsite.com\/dk\/\",\"logo\":{\"@type\":\"ImageObject\",\"inLanguage\":\"da-DK\",\"@id\":\"https:\/\/recal-se.tbwebsite.com\/dk\/#\/schema\/logo\/image\/\",\"url\":\"https:\/\/recal-se.tbwebsite.com\/dk\/wp-content\/uploads\/sites\/2\/2020\/06\/recal-logotype_svart_1.png\",\"contentUrl\":\"https:\/\/recal-se.tbwebsite.com\/dk\/wp-content\/uploads\/sites\/2\/2020\/06\/recal-logotype_svart_1.png\",\"width\":260,\"height\":52,\"caption\":\"Recal Danmark\"},\"image\":{\"@id\":\"https:\/\/recal-se.tbwebsite.com\/dk\/#\/schema\/logo\/image\/\"}}]}<\/script>\n<!-- \/ Yoast SEO plugin. -->","yoast_head_json":{"title":"Bel\u00e6gningssten - 30x30 Grafitgr\u00e5 - Recal Danmark","description":"Leder du efter en nem m\u00e5de at installere marksten p\u00e5. S\u00e5 er du kommet til det rette sted, vores bel\u00e6gningssten er lette, fleksible og meget holdbare. Perfekt til at skabe hyggelige stier i din have eller blomsterbed og er nemme at samle.","robots":{"index":"index","follow":"follow","max-snippet":"max-snippet:-1","max-image-preview":"max-image-preview:large","max-video-preview":"max-video-preview:-1"},"canonical":"https:\/\/recal-se.tbwebsite.com\/dk\/bedafgraensning\/belaegningssten-30x30-grafitgra\/","og_locale":"da_DK","og_type":"article","og_title":"Bel\u00e6gningssten - 30x30 Grafitgr\u00e5 - Recal Danmark","og_description":"Leder du efter en nem m\u00e5de at installere marksten p\u00e5. S\u00e5 er du kommet til det rette sted, vores bel\u00e6gningssten er lette, fleksible og meget holdbare. Perfekt til at skabe hyggelige stier i din have eller blomsterbed og er nemme at samle.","og_url":"https:\/\/recal-se.tbwebsite.com\/dk\/bedafgraensning\/belaegningssten-30x30-grafitgra\/","og_site_name":"Recal Danmark","article_modified_time":"2024-02-13T10:25:47+00:00","og_image":[{"width":1400,"height":1400,"url":"https:\/\/recal-se.tbwebsite.com\/dk\/wp-content\/uploads\/sites\/2\/2023\/10\/EU5100027_stomp_stone_c2-scaled-1.png","type":"image\/png"}],"twitter_card":"summary_large_image","twitter_misc":{"Estimeret l\u00e6setid":"1 minut"},"schema":{"@context":"https:\/\/schema.org","@graph":[{"@type":"WebPage","@id":"https:\/\/recal-se.tbwebsite.com\/dk\/bedafgraensning\/belaegningssten-30x30-grafitgra\/","url":"https:\/\/recal-se.tbwebsite.com\/dk\/bedafgraensning\/belaegningssten-30x30-grafitgra\/","name":"Bel\u00e6gningssten - 30x30 Grafitgr\u00e5 - Recal Danmark","isPartOf":{"@id":"https:\/\/recal-se.tbwebsite.com\/dk\/#website"},"primaryImageOfPage":{"@id":"https:\/\/recal-se.tbwebsite.com\/dk\/bedafgraensning\/belaegningssten-30x30-grafitgra\/#primaryimage"},"image":{"@id":"https:\/\/recal-se.tbwebsite.com\/dk\/bedafgraensning\/belaegningssten-30x30-grafitgra\/#primaryimage"},"thumbnailUrl":"https:\/\/recal-se.tbwebsite.com\/dk\/wp-content\/uploads\/sites\/2\/2023\/10\/EU5100027_stomp_stone_c2-scaled-1.png","datePublished":"2023-10-19T12:22:38+00:00","dateModified":"2024-02-13T10:25:47+00:00","description":"Leder du efter en nem m\u00e5de at installere marksten p\u00e5. S\u00e5 er du kommet til det rette sted, vores bel\u00e6gningssten er lette, fleksible og meget holdbare. Perfekt til at skabe hyggelige stier i din have eller blomsterbed og er nemme at samle.","breadcrumb":{"@id":"https:\/\/recal-se.tbwebsite.com\/dk\/bedafgraensning\/belaegningssten-30x30-grafitgra\/#breadcrumb"},"inLanguage":"da-DK","potentialAction":[{"@type":"ReadAction","target":["https:\/\/recal-se.tbwebsite.com\/dk\/bedafgraensning\/belaegningssten-30x30-grafitgra\/"]}]},{"@type":"ImageObject","inLanguage":"da-DK","@id":"https:\/\/recal-se.tbwebsite.com\/dk\/bedafgraensning\/belaegningssten-30x30-grafitgra\/#primaryimage","url":"https:\/\/recal-se.tbwebsite.com\/dk\/wp-content\/uploads\/sites\/2\/2023\/10\/EU5100027_stomp_stone_c2-scaled-1.png","contentUrl":"https:\/\/recal-se.tbwebsite.com\/dk\/wp-content\/uploads\/sites\/2\/2023\/10\/EU5100027_stomp_stone_c2-scaled-1.png","width":1400,"height":1400},{"@type":"BreadcrumbList","@id":"https:\/\/recal-se.tbwebsite.com\/dk\/bedafgraensning\/belaegningssten-30x30-grafitgra\/#breadcrumb","itemListElement":[{"@type":"ListItem","position":1,"name":"Home","item":"https:\/\/recal-se.tbwebsite.com\/dk\/"},{"@type":"ListItem","position":2,"name":"Shop","item":"https:\/\/recal-se.tbwebsite.com\/dk\/shop\/"},{"@type":"ListItem","position":3,"name":"Bel\u00e6gningssten &#8211; 30&#215;30 Grafitgr\u00e5"}]},{"@type":"WebSite","@id":"https:\/\/recal-se.tbwebsite.com\/dk\/#website","url":"https:\/\/recal-se.tbwebsite.com\/dk\/","name":"Recal Danmark","description":"Tr\u00e4dg\u00e5rdsprodukter tillverkade i aluminium fr\u00e5n Sm\u00e5land","publisher":{"@id":"https:\/\/recal-se.tbwebsite.com\/dk\/#organization"},"potentialAction":[{"@type":"SearchAction","target":{"@type":"EntryPoint","urlTemplate":"https:\/\/recal-se.tbwebsite.com\/dk\/?s={search_term_string}"},"query-input":"required name=search_term_string"}],"inLanguage":"da-DK"},{"@type":"Organization","@id":"https:\/\/recal-se.tbwebsite.com\/dk\/#organization","name":"Recal Danmark","url":"https:\/\/recal-se.tbwebsite.com\/dk\/","logo":{"@type":"ImageObject","inLanguage":"da-DK","@id":"https:\/\/recal-se.tbwebsite.com\/dk\/#\/schema\/logo\/image\/","url":"https:\/\/recal-se.tbwebsite.com\/dk\/wp-content\/uploads\/sites\/2\/2020\/06\/recal-logotype_svart_1.png","contentUrl":"https:\/\/recal-se.tbwebsite.com\/dk\/wp-content\/uploads\/sites\/2\/2020\/06\/recal-logotype_svart_1.png","width":260,"height":52,"caption":"Recal Danmark"},"image":{"@id":"https:\/\/recal-se.tbwebsite.com\/dk\/#\/schema\/logo\/image\/"}}]}},"_links":{"self":[{"href":"https:\/\/recal-se.tbwebsite.com\/dk\/wp-json\/wp\/v2\/product\/4907"}],"collection":[{"href":"https:\/\/recal-se.tbwebsite.com\/dk\/wp-json\/wp\/v2\/product"}],"about":[{"href":"https:\/\/recal-se.tbwebsite.com\/dk\/wp-json\/wp\/v2\/types\/product"}],"replies":[{"embeddable":true,"href":"https:\/\/recal-se.tbwebsite.com\/dk\/wp-json\/wp\/v2\/comments?post=4907"}],"version-history":[{"count":7,"href":"https:\/\/recal-se.tbwebsite.com\/dk\/wp-json\/wp\/v2\/product\/4907\/revisions"}],"predecessor-version":[{"id":15294,"href":"https:\/\/recal-se.tbwebsite.com\/dk\/wp-json\/wp\/v2\/product\/4907\/revisions\/15294"}],"wp:featuredmedia":[{"embeddable":true,"href":"https:\/\/recal-se.tbwebsite.com\/dk\/wp-json\/wp\/v2\/media\/5094"}],"wp:attachment":[{"href":"https:\/\/recal-se.tbwebsite.com\/dk\/wp-json\/wp\/v2\/media?parent=4907"}],"wp:term":[{"taxonomy":"product_cat","embeddable":true,"href":"https:\/\/recal-se.tbwebsite.com\/dk\/wp-json\/wp\/v2\/product_cat?post=4907"},{"taxonomy":"product_tag","embeddable":true,"href":"https:\/\/recal-se.tbwebsite.com\/dk\/wp-json\/wp\/v2\/product_tag?post=4907"}],"curies":[{"name":"wp","href":"https:\/\/api.w.org\/{rel}","templated":true}]}}