{"id":4906,"date":"2023-10-19T12:22:37","date_gmt":"2023-10-19T12:22:37","guid":{"rendered":"https:\/\/recal-se.tbwebsite.com\/?post_type=product&#038;p=4906"},"modified":"2024-02-13T09:48:20","modified_gmt":"2024-02-13T09:48:20","slug":"parasolfod","status":"publish","type":"product","link":"https:\/\/recal-se.tbwebsite.com\/dk\/terrasse\/parasolfod\/","title":{"rendered":"Parasolfod"},"content":{"rendered":"<p>Vores parasolfod i genbrugsplast er en bekvem l\u00f8sning til at holde din parasol p\u00e5 plads! Lavet af genanvendt gummi og velegnet til de fleste parasoller. Parasolfoden passer til alle parasoller med en diameter p\u00e5 26-40mm.<\/p>\n<p>Med en v\u00e6gt p\u00e5 17 kg er den stabil, men samtidig nem at flytte. Dette produkt er perfekt til parasoller til borde med en centreret placering.<\/p>\n<p>Du beh\u00f8ver heller ikke at fylde sand eller vand f\u00f8r installationen, s\u00e5 bare begynd at bruge med det samme!<\/p>\n<div class=\"Output INFO\" dir=\"ltr\"><\/div>\n<table width=\"406\">\n<tbody>\n<tr>\n<td width=\"81\">Farve<\/td>\n<td width=\"99\">Tal<\/td>\n<td width=\"82\">Nettov\u00e6gt<\/td>\n<td width=\"144\">M\u00e5l(L, B, H) CM<\/td>\n<\/tr>\n<\/tbody>\n<\/table>\n<table width=\"406\">\n<tbody>\n<tr>\n<td width=\"81\">Skiffer<\/td>\n<td width=\"99\">1<\/td>\n<td width=\"82\">17<\/td>\n<td width=\"144\">40x40x14<\/td>\n<\/tr>\n<\/tbody>\n<\/table>\n<p>Oplev den enest\u00e5ende kvalitet, holdbarhed og stilfulde design af vores alsidige udend\u00f8rs produkter, alle omhyggeligt designet med b\u00e6redygtighed i tankerne. G\u00f8r dine udend\u00f8rs rum til indbydende helligdomme, perfekt til at nyde naturens sk\u00f8nhed<\/p>\n","protected":false},"excerpt":{"rendered":"<p>Vores parasolfod i genbrugsplast er en bekvem l\u00f8sning til at holde din parasol p\u00e5 plads! Lavet af genanvendt gummi og velegnet til de fleste parasoller. Parasolfoden passer til alle parasoller med en diameter p\u00e5 26-40mm.<\/p>\n<p>Med en v\u00e6gt p\u00e5 17 kg er den stabil, men samtidig nem at flytte. Dette produkt er perfekt til parasoller til borde med en centreret placering.<\/p>\n<p>Du beh\u00f8ver heller ikke at fylde sand eller vand f\u00f8r installationen, s\u00e5 bare begynd at bruge med det samme!<\/p>\n<p>&nbsp;<\/p>\n","protected":false},"featured_media":5107,"comment_status":"open","ping_status":"closed","template":"","meta":{"_acf_changed":false},"product_cat":[244],"product_tag":[249,250,251],"composite_virtual":false,"composite_layout":"","composite_add_to_cart_form_location":"","composite_editable_in_cart":false,"composite_sold_individually_context":"","composite_shop_price_calc":"","composite_components":[],"composite_scenarios":[],"acf":[],"yoast_head":"<!-- This site is optimized with the Yoast SEO plugin v22.2 - https:\/\/yoast.com\/wordpress\/plugins\/seo\/ -->\n<title>Parasolfod - Recal Danmark<\/title>\n<meta name=\"description\" content=\"Vores parasolfod i genbrugsplast er en bekvem l\u00f8sning til at holde din parasol p\u00e5 plads! Lavet af genanvendt gummi og velegnet til de fleste parasoller. Parasolfoden passer til alle parasoller med en diameter p\u00e5 26-40mm.Med en v\u00e6gt p\u00e5 17 kg er den stabil, men samtidig nem at flytte. Dette produkt er perfekt til parasoller til borde med en centreret placering.Du beh\u00f8ver heller ikke at fylde sand eller vand f\u00f8r installationen, s\u00e5 bare begynd at bruge med det samme!\" \/>\n<meta name=\"robots\" content=\"index, follow, max-snippet:-1, max-image-preview:large, max-video-preview:-1\" \/>\n<link rel=\"canonical\" href=\"https:\/\/recal-se.tbwebsite.com\/dk\/terrasse\/parasolfod\/\" \/>\n<meta property=\"og:locale\" content=\"da_DK\" \/>\n<meta property=\"og:type\" content=\"article\" \/>\n<meta property=\"og:title\" content=\"Parasolfod - Recal Danmark\" \/>\n<meta property=\"og:description\" content=\"Vores parasolfod i genbrugsplast er en bekvem l\u00f8sning til at holde din parasol p\u00e5 plads! Lavet af genanvendt gummi og velegnet til de fleste parasoller. Parasolfoden passer til alle parasoller med en diameter p\u00e5 26-40mm.Med en v\u00e6gt p\u00e5 17 kg er den stabil, men samtidig nem at flytte. Dette produkt er perfekt til parasoller til borde med en centreret placering.Du beh\u00f8ver heller ikke at fylde sand eller vand f\u00f8r installationen, s\u00e5 bare begynd at bruge med det samme!\" \/>\n<meta property=\"og:url\" content=\"https:\/\/recal-se.tbwebsite.com\/dk\/terrasse\/parasolfod\/\" \/>\n<meta property=\"og:site_name\" content=\"Recal Danmark\" \/>\n<meta property=\"article:modified_time\" content=\"2024-02-13T09:48:20+00:00\" \/>\n<meta property=\"og:image\" content=\"https:\/\/recal-se.tbwebsite.com\/dk\/wp-content\/uploads\/sites\/2\/2023\/10\/UMBRELLA_BASE_B-scaled-1.png\" \/>\n\t<meta property=\"og:image:width\" content=\"1400\" \/>\n\t<meta property=\"og:image:height\" content=\"1400\" \/>\n\t<meta property=\"og:image:type\" content=\"image\/png\" \/>\n<meta name=\"twitter:card\" content=\"summary_large_image\" \/>\n<meta name=\"twitter:label1\" content=\"Estimeret l\u00e6setid\" \/>\n\t<meta name=\"twitter:data1\" content=\"1 minut\" \/>\n<script type=\"application\/ld+json\" class=\"yoast-schema-graph\">{\"@context\":\"https:\/\/schema.org\",\"@graph\":[{\"@type\":\"WebPage\",\"@id\":\"https:\/\/recal-se.tbwebsite.com\/dk\/terrasse\/parasolfod\/\",\"url\":\"https:\/\/recal-se.tbwebsite.com\/dk\/terrasse\/parasolfod\/\",\"name\":\"Parasolfod - Recal Danmark\",\"isPartOf\":{\"@id\":\"https:\/\/recal-se.tbwebsite.com\/dk\/#website\"},\"primaryImageOfPage\":{\"@id\":\"https:\/\/recal-se.tbwebsite.com\/dk\/terrasse\/parasolfod\/#primaryimage\"},\"image\":{\"@id\":\"https:\/\/recal-se.tbwebsite.com\/dk\/terrasse\/parasolfod\/#primaryimage\"},\"thumbnailUrl\":\"https:\/\/recal-se.tbwebsite.com\/dk\/wp-content\/uploads\/sites\/2\/2023\/10\/UMBRELLA_BASE_B-scaled-1.png\",\"datePublished\":\"2023-10-19T12:22:37+00:00\",\"dateModified\":\"2024-02-13T09:48:20+00:00\",\"description\":\"Vores parasolfod i genbrugsplast er en bekvem l\u00f8sning til at holde din parasol p\u00e5 plads! Lavet af genanvendt gummi og velegnet til de fleste parasoller. Parasolfoden passer til alle parasoller med en diameter p\u00e5 26-40mm.Med en v\u00e6gt p\u00e5 17 kg er den stabil, men samtidig nem at flytte. Dette produkt er perfekt til parasoller til borde med en centreret placering.Du beh\u00f8ver heller ikke at fylde sand eller vand f\u00f8r installationen, s\u00e5 bare begynd at bruge med det samme!\",\"breadcrumb\":{\"@id\":\"https:\/\/recal-se.tbwebsite.com\/dk\/terrasse\/parasolfod\/#breadcrumb\"},\"inLanguage\":\"da-DK\",\"potentialAction\":[{\"@type\":\"ReadAction\",\"target\":[\"https:\/\/recal-se.tbwebsite.com\/dk\/terrasse\/parasolfod\/\"]}]},{\"@type\":\"ImageObject\",\"inLanguage\":\"da-DK\",\"@id\":\"https:\/\/recal-se.tbwebsite.com\/dk\/terrasse\/parasolfod\/#primaryimage\",\"url\":\"https:\/\/recal-se.tbwebsite.com\/dk\/wp-content\/uploads\/sites\/2\/2023\/10\/UMBRELLA_BASE_B-scaled-1.png\",\"contentUrl\":\"https:\/\/recal-se.tbwebsite.com\/dk\/wp-content\/uploads\/sites\/2\/2023\/10\/UMBRELLA_BASE_B-scaled-1.png\",\"width\":1400,\"height\":1400},{\"@type\":\"BreadcrumbList\",\"@id\":\"https:\/\/recal-se.tbwebsite.com\/dk\/terrasse\/parasolfod\/#breadcrumb\",\"itemListElement\":[{\"@type\":\"ListItem\",\"position\":1,\"name\":\"Home\",\"item\":\"https:\/\/recal-se.tbwebsite.com\/dk\/\"},{\"@type\":\"ListItem\",\"position\":2,\"name\":\"Shop\",\"item\":\"https:\/\/recal-se.tbwebsite.com\/dk\/shop\/\"},{\"@type\":\"ListItem\",\"position\":3,\"name\":\"Parasolfod\"}]},{\"@type\":\"WebSite\",\"@id\":\"https:\/\/recal-se.tbwebsite.com\/dk\/#website\",\"url\":\"https:\/\/recal-se.tbwebsite.com\/dk\/\",\"name\":\"Recal Danmark\",\"description\":\"Tr\u00e4dg\u00e5rdsprodukter tillverkade i aluminium fr\u00e5n Sm\u00e5land\",\"publisher\":{\"@id\":\"https:\/\/recal-se.tbwebsite.com\/dk\/#organization\"},\"potentialAction\":[{\"@type\":\"SearchAction\",\"target\":{\"@type\":\"EntryPoint\",\"urlTemplate\":\"https:\/\/recal-se.tbwebsite.com\/dk\/?s={search_term_string}\"},\"query-input\":\"required name=search_term_string\"}],\"inLanguage\":\"da-DK\"},{\"@type\":\"Organization\",\"@id\":\"https:\/\/recal-se.tbwebsite.com\/dk\/#organization\",\"name\":\"Recal Danmark\",\"url\":\"https:\/\/recal-se.tbwebsite.com\/dk\/\",\"logo\":{\"@type\":\"ImageObject\",\"inLanguage\":\"da-DK\",\"@id\":\"https:\/\/recal-se.tbwebsite.com\/dk\/#\/schema\/logo\/image\/\",\"url\":\"https:\/\/recal-se.tbwebsite.com\/dk\/wp-content\/uploads\/sites\/2\/2020\/06\/recal-logotype_svart_1.png\",\"contentUrl\":\"https:\/\/recal-se.tbwebsite.com\/dk\/wp-content\/uploads\/sites\/2\/2020\/06\/recal-logotype_svart_1.png\",\"width\":260,\"height\":52,\"caption\":\"Recal Danmark\"},\"image\":{\"@id\":\"https:\/\/recal-se.tbwebsite.com\/dk\/#\/schema\/logo\/image\/\"}}]}<\/script>\n<!-- \/ Yoast SEO plugin. -->","yoast_head_json":{"title":"Parasolfod - Recal Danmark","description":"Vores parasolfod i genbrugsplast er en bekvem l\u00f8sning til at holde din parasol p\u00e5 plads! Lavet af genanvendt gummi og velegnet til de fleste parasoller. Parasolfoden passer til alle parasoller med en diameter p\u00e5 26-40mm.Med en v\u00e6gt p\u00e5 17 kg er den stabil, men samtidig nem at flytte. Dette produkt er perfekt til parasoller til borde med en centreret placering.Du beh\u00f8ver heller ikke at fylde sand eller vand f\u00f8r installationen, s\u00e5 bare begynd at bruge med det samme!","robots":{"index":"index","follow":"follow","max-snippet":"max-snippet:-1","max-image-preview":"max-image-preview:large","max-video-preview":"max-video-preview:-1"},"canonical":"https:\/\/recal-se.tbwebsite.com\/dk\/terrasse\/parasolfod\/","og_locale":"da_DK","og_type":"article","og_title":"Parasolfod - Recal Danmark","og_description":"Vores parasolfod i genbrugsplast er en bekvem l\u00f8sning til at holde din parasol p\u00e5 plads! Lavet af genanvendt gummi og velegnet til de fleste parasoller. Parasolfoden passer til alle parasoller med en diameter p\u00e5 26-40mm.Med en v\u00e6gt p\u00e5 17 kg er den stabil, men samtidig nem at flytte. Dette produkt er perfekt til parasoller til borde med en centreret placering.Du beh\u00f8ver heller ikke at fylde sand eller vand f\u00f8r installationen, s\u00e5 bare begynd at bruge med det samme!","og_url":"https:\/\/recal-se.tbwebsite.com\/dk\/terrasse\/parasolfod\/","og_site_name":"Recal Danmark","article_modified_time":"2024-02-13T09:48:20+00:00","og_image":[{"width":1400,"height":1400,"url":"https:\/\/recal-se.tbwebsite.com\/dk\/wp-content\/uploads\/sites\/2\/2023\/10\/UMBRELLA_BASE_B-scaled-1.png","type":"image\/png"}],"twitter_card":"summary_large_image","twitter_misc":{"Estimeret l\u00e6setid":"1 minut"},"schema":{"@context":"https:\/\/schema.org","@graph":[{"@type":"WebPage","@id":"https:\/\/recal-se.tbwebsite.com\/dk\/terrasse\/parasolfod\/","url":"https:\/\/recal-se.tbwebsite.com\/dk\/terrasse\/parasolfod\/","name":"Parasolfod - Recal Danmark","isPartOf":{"@id":"https:\/\/recal-se.tbwebsite.com\/dk\/#website"},"primaryImageOfPage":{"@id":"https:\/\/recal-se.tbwebsite.com\/dk\/terrasse\/parasolfod\/#primaryimage"},"image":{"@id":"https:\/\/recal-se.tbwebsite.com\/dk\/terrasse\/parasolfod\/#primaryimage"},"thumbnailUrl":"https:\/\/recal-se.tbwebsite.com\/dk\/wp-content\/uploads\/sites\/2\/2023\/10\/UMBRELLA_BASE_B-scaled-1.png","datePublished":"2023-10-19T12:22:37+00:00","dateModified":"2024-02-13T09:48:20+00:00","description":"Vores parasolfod i genbrugsplast er en bekvem l\u00f8sning til at holde din parasol p\u00e5 plads! Lavet af genanvendt gummi og velegnet til de fleste parasoller. Parasolfoden passer til alle parasoller med en diameter p\u00e5 26-40mm.Med en v\u00e6gt p\u00e5 17 kg er den stabil, men samtidig nem at flytte. Dette produkt er perfekt til parasoller til borde med en centreret placering.Du beh\u00f8ver heller ikke at fylde sand eller vand f\u00f8r installationen, s\u00e5 bare begynd at bruge med det samme!","breadcrumb":{"@id":"https:\/\/recal-se.tbwebsite.com\/dk\/terrasse\/parasolfod\/#breadcrumb"},"inLanguage":"da-DK","potentialAction":[{"@type":"ReadAction","target":["https:\/\/recal-se.tbwebsite.com\/dk\/terrasse\/parasolfod\/"]}]},{"@type":"ImageObject","inLanguage":"da-DK","@id":"https:\/\/recal-se.tbwebsite.com\/dk\/terrasse\/parasolfod\/#primaryimage","url":"https:\/\/recal-se.tbwebsite.com\/dk\/wp-content\/uploads\/sites\/2\/2023\/10\/UMBRELLA_BASE_B-scaled-1.png","contentUrl":"https:\/\/recal-se.tbwebsite.com\/dk\/wp-content\/uploads\/sites\/2\/2023\/10\/UMBRELLA_BASE_B-scaled-1.png","width":1400,"height":1400},{"@type":"BreadcrumbList","@id":"https:\/\/recal-se.tbwebsite.com\/dk\/terrasse\/parasolfod\/#breadcrumb","itemListElement":[{"@type":"ListItem","position":1,"name":"Home","item":"https:\/\/recal-se.tbwebsite.com\/dk\/"},{"@type":"ListItem","position":2,"name":"Shop","item":"https:\/\/recal-se.tbwebsite.com\/dk\/shop\/"},{"@type":"ListItem","position":3,"name":"Parasolfod"}]},{"@type":"WebSite","@id":"https:\/\/recal-se.tbwebsite.com\/dk\/#website","url":"https:\/\/recal-se.tbwebsite.com\/dk\/","name":"Recal Danmark","description":"Tr\u00e4dg\u00e5rdsprodukter tillverkade i aluminium fr\u00e5n Sm\u00e5land","publisher":{"@id":"https:\/\/recal-se.tbwebsite.com\/dk\/#organization"},"potentialAction":[{"@type":"SearchAction","target":{"@type":"EntryPoint","urlTemplate":"https:\/\/recal-se.tbwebsite.com\/dk\/?s={search_term_string}"},"query-input":"required name=search_term_string"}],"inLanguage":"da-DK"},{"@type":"Organization","@id":"https:\/\/recal-se.tbwebsite.com\/dk\/#organization","name":"Recal Danmark","url":"https:\/\/recal-se.tbwebsite.com\/dk\/","logo":{"@type":"ImageObject","inLanguage":"da-DK","@id":"https:\/\/recal-se.tbwebsite.com\/dk\/#\/schema\/logo\/image\/","url":"https:\/\/recal-se.tbwebsite.com\/dk\/wp-content\/uploads\/sites\/2\/2020\/06\/recal-logotype_svart_1.png","contentUrl":"https:\/\/recal-se.tbwebsite.com\/dk\/wp-content\/uploads\/sites\/2\/2020\/06\/recal-logotype_svart_1.png","width":260,"height":52,"caption":"Recal Danmark"},"image":{"@id":"https:\/\/recal-se.tbwebsite.com\/dk\/#\/schema\/logo\/image\/"}}]}},"_links":{"self":[{"href":"https:\/\/recal-se.tbwebsite.com\/dk\/wp-json\/wp\/v2\/product\/4906"}],"collection":[{"href":"https:\/\/recal-se.tbwebsite.com\/dk\/wp-json\/wp\/v2\/product"}],"about":[{"href":"https:\/\/recal-se.tbwebsite.com\/dk\/wp-json\/wp\/v2\/types\/product"}],"replies":[{"embeddable":true,"href":"https:\/\/recal-se.tbwebsite.com\/dk\/wp-json\/wp\/v2\/comments?post=4906"}],"version-history":[{"count":4,"href":"https:\/\/recal-se.tbwebsite.com\/dk\/wp-json\/wp\/v2\/product\/4906\/revisions"}],"predecessor-version":[{"id":15289,"href":"https:\/\/recal-se.tbwebsite.com\/dk\/wp-json\/wp\/v2\/product\/4906\/revisions\/15289"}],"wp:featuredmedia":[{"embeddable":true,"href":"https:\/\/recal-se.tbwebsite.com\/dk\/wp-json\/wp\/v2\/media\/5107"}],"wp:attachment":[{"href":"https:\/\/recal-se.tbwebsite.com\/dk\/wp-json\/wp\/v2\/media?parent=4906"}],"wp:term":[{"taxonomy":"product_cat","embeddable":true,"href":"https:\/\/recal-se.tbwebsite.com\/dk\/wp-json\/wp\/v2\/product_cat?post=4906"},{"taxonomy":"product_tag","embeddable":true,"href":"https:\/\/recal-se.tbwebsite.com\/dk\/wp-json\/wp\/v2\/product_tag?post=4906"}],"curies":[{"name":"wp","href":"https:\/\/api.w.org\/{rel}","templated":true}]}}