{"id":4899,"date":"2023-10-19T12:22:37","date_gmt":"2023-10-19T12:22:37","guid":{"rendered":"https:\/\/recal-se.tbwebsite.com\/?post_type=product&#038;p=4899"},"modified":"2024-02-13T09:32:30","modified_gmt":"2024-02-13T09:32:30","slug":"grillmaatte-stankskydd","status":"publish","type":"product","link":"https:\/\/recal-se.tbwebsite.com\/dk\/tillbehor\/grillmaatte-stankskydd\/","title":{"rendered":"Grillm\u00e5tte &#8211; Sk\u00e6rme"},"content":{"rendered":"<p>Vores grillm\u00e5tte i genbrugsplast giver dig den perfekte beskyttelse til rummet omkring grillen! Oplev den enest\u00e5ende kvalitet, holdbarhed og stilfulde design af vores alsidige udend\u00f8rs produkter, alle omhyggeligt designet med b\u00e6redygtighed i tankerne. Beskyt din terrasse med vores 80 cm x 120 cm grillt\u00e6ppe i en elegant skiferskygge. Dens 3 mm tykkelse beskytter mod spild og pletter, hvilket g\u00f8r udend\u00f8rs madlavning bekymringsfri. G\u00f8r dine udend\u00f8rs rum til indbydende helligdomme, perfekt til at nyde naturens sk\u00f8nhed.<\/p>\n<p>&nbsp;<\/p>\n<table width=\"406\">\n<tbody>\n<tr>\n<td width=\"81\">Farve<\/td>\n<td width=\"99\">Tal<\/td>\n<td width=\"82\">Nettov\u00e6gt<\/td>\n<td width=\"144\">M\u00e5l(L, B, H) CM<\/td>\n<\/tr>\n<\/tbody>\n<\/table>\n<table width=\"406\">\n<tbody>\n<tr>\n<td width=\"81\">Skiffer<\/td>\n<td width=\"99\">1<\/td>\n<td width=\"82\">2,4<\/td>\n<td width=\"144\">80x120x0,3<\/td>\n<\/tr>\n<\/tbody>\n<\/table>\n<p>Oplev den enest\u00e5ende kvalitet, holdbarhed og stilfulde design af vores alsidige udend\u00f8rs produkter, alle omhyggeligt designet med b\u00e6redygtighed i tankerne. Oplev enkel og effektiv haveafgr\u00e6nsning med vores 9 cm h\u00f8je pl\u00e6nekanter nemt.<\/p>\n<p>G\u00f8r dine udend\u00f8rs rum til indbydende helligdomme, perfekt til at nyde naturens sk\u00f8nhed.<\/p>\n","protected":false},"excerpt":{"rendered":"<p>Vores grillm\u00e5tte i genbrugsplast giver dig den perfekte beskyttelse til rummet omkring grillen! Oplev den enest\u00e5ende kvalitet, holdbarhed og stilfulde design af vores alsidige udend\u00f8rs produkter, alle omhyggeligt designet med b\u00e6redygtighed i tankerne. Beskyt din terrasse med vores 80 cm x 120 cm grillt\u00e6ppe i en elegant skiferskygge. Dens 3 mm tykkelse beskytter mod spild og pletter, hvilket g\u00f8r udend\u00f8rs madlavning bekymringsfri. G\u00f8r dine udend\u00f8rs rum til indbydende helligdomme, perfekt til at nyde naturens sk\u00f8nhed.<\/p>\n<p>&nbsp;<\/p>\n","protected":false},"featured_media":5134,"comment_status":"open","ping_status":"closed","template":"","meta":{"_acf_changed":false},"product_cat":[244,32],"product_tag":[],"composite_virtual":false,"composite_layout":"","composite_add_to_cart_form_location":"","composite_editable_in_cart":false,"composite_sold_individually_context":"","composite_shop_price_calc":"","composite_components":[],"composite_scenarios":[],"acf":[],"yoast_head":"<!-- This site is optimized with the Yoast SEO plugin v22.2 - https:\/\/yoast.com\/wordpress\/plugins\/seo\/ -->\n<title>Grillm\u00e5tte - Sk\u00e6rme - Recal Danmark<\/title>\n<meta name=\"description\" content=\"Vores grillm\u00e5tte i genbrugsplast giver dig den perfekte beskyttelse til rummet omkring grillen! Oplev den enest\u00e5ende kvalitet, holdbarhed og stilfulde design af vores alsidige udend\u00f8rs produkter, alle omhyggeligt designet med b\u00e6redygtighed i tankerne. Beskyt din terrasse med vores 80 cm x 120 cm grillt\u00e6ppe i en elegant skiferskygge. Dens 3 mm tykkelse beskytter mod spild og pletter, hvilket g\u00f8r udend\u00f8rs madlavning bekymringsfri. G\u00f8r dine udend\u00f8rs rum til indbydende helligdomme, perfekt til at nyde naturens sk\u00f8nhed.\" \/>\n<meta name=\"robots\" content=\"index, follow, max-snippet:-1, max-image-preview:large, max-video-preview:-1\" \/>\n<link rel=\"canonical\" href=\"https:\/\/recal-se.tbwebsite.com\/dk\/tillbehor\/grillmaatte-stankskydd\/\" \/>\n<meta property=\"og:locale\" content=\"da_DK\" \/>\n<meta property=\"og:type\" content=\"article\" \/>\n<meta property=\"og:title\" content=\"Grillm\u00e5tte - Sk\u00e6rme - Recal Danmark\" \/>\n<meta property=\"og:description\" content=\"Vores grillm\u00e5tte i genbrugsplast giver dig den perfekte beskyttelse til rummet omkring grillen! Oplev den enest\u00e5ende kvalitet, holdbarhed og stilfulde design af vores alsidige udend\u00f8rs produkter, alle omhyggeligt designet med b\u00e6redygtighed i tankerne. Beskyt din terrasse med vores 80 cm x 120 cm grillt\u00e6ppe i en elegant skiferskygge. Dens 3 mm tykkelse beskytter mod spild og pletter, hvilket g\u00f8r udend\u00f8rs madlavning bekymringsfri. G\u00f8r dine udend\u00f8rs rum til indbydende helligdomme, perfekt til at nyde naturens sk\u00f8nhed.\" \/>\n<meta property=\"og:url\" content=\"https:\/\/recal-se.tbwebsite.com\/dk\/tillbehor\/grillmaatte-stankskydd\/\" \/>\n<meta property=\"og:site_name\" content=\"Recal Danmark\" \/>\n<meta property=\"article:modified_time\" content=\"2024-02-13T09:32:30+00:00\" \/>\n<meta property=\"og:image\" content=\"https:\/\/recal-se.tbwebsite.com\/dk\/wp-content\/uploads\/sites\/2\/2023\/10\/bbq_mat_deckplate_f-scaled-1.png\" \/>\n\t<meta property=\"og:image:width\" content=\"1400\" \/>\n\t<meta property=\"og:image:height\" content=\"1400\" \/>\n\t<meta property=\"og:image:type\" content=\"image\/png\" \/>\n<meta name=\"twitter:card\" content=\"summary_large_image\" \/>\n<meta name=\"twitter:label1\" content=\"Estimeret l\u00e6setid\" \/>\n\t<meta name=\"twitter:data1\" content=\"1 minut\" \/>\n<script type=\"application\/ld+json\" class=\"yoast-schema-graph\">{\"@context\":\"https:\/\/schema.org\",\"@graph\":[{\"@type\":\"WebPage\",\"@id\":\"https:\/\/recal-se.tbwebsite.com\/dk\/tillbehor\/grillmaatte-stankskydd\/\",\"url\":\"https:\/\/recal-se.tbwebsite.com\/dk\/tillbehor\/grillmaatte-stankskydd\/\",\"name\":\"Grillm\u00e5tte - Sk\u00e6rme - Recal Danmark\",\"isPartOf\":{\"@id\":\"https:\/\/recal-se.tbwebsite.com\/dk\/#website\"},\"primaryImageOfPage\":{\"@id\":\"https:\/\/recal-se.tbwebsite.com\/dk\/tillbehor\/grillmaatte-stankskydd\/#primaryimage\"},\"image\":{\"@id\":\"https:\/\/recal-se.tbwebsite.com\/dk\/tillbehor\/grillmaatte-stankskydd\/#primaryimage\"},\"thumbnailUrl\":\"https:\/\/recal-se.tbwebsite.com\/dk\/wp-content\/uploads\/sites\/2\/2023\/10\/bbq_mat_deckplate_f-scaled-1.png\",\"datePublished\":\"2023-10-19T12:22:37+00:00\",\"dateModified\":\"2024-02-13T09:32:30+00:00\",\"description\":\"Vores grillm\u00e5tte i genbrugsplast giver dig den perfekte beskyttelse til rummet omkring grillen! Oplev den enest\u00e5ende kvalitet, holdbarhed og stilfulde design af vores alsidige udend\u00f8rs produkter, alle omhyggeligt designet med b\u00e6redygtighed i tankerne. Beskyt din terrasse med vores 80 cm x 120 cm grillt\u00e6ppe i en elegant skiferskygge. Dens 3 mm tykkelse beskytter mod spild og pletter, hvilket g\u00f8r udend\u00f8rs madlavning bekymringsfri. G\u00f8r dine udend\u00f8rs rum til indbydende helligdomme, perfekt til at nyde naturens sk\u00f8nhed.\",\"breadcrumb\":{\"@id\":\"https:\/\/recal-se.tbwebsite.com\/dk\/tillbehor\/grillmaatte-stankskydd\/#breadcrumb\"},\"inLanguage\":\"da-DK\",\"potentialAction\":[{\"@type\":\"ReadAction\",\"target\":[\"https:\/\/recal-se.tbwebsite.com\/dk\/tillbehor\/grillmaatte-stankskydd\/\"]}]},{\"@type\":\"ImageObject\",\"inLanguage\":\"da-DK\",\"@id\":\"https:\/\/recal-se.tbwebsite.com\/dk\/tillbehor\/grillmaatte-stankskydd\/#primaryimage\",\"url\":\"https:\/\/recal-se.tbwebsite.com\/dk\/wp-content\/uploads\/sites\/2\/2023\/10\/bbq_mat_deckplate_f-scaled-1.png\",\"contentUrl\":\"https:\/\/recal-se.tbwebsite.com\/dk\/wp-content\/uploads\/sites\/2\/2023\/10\/bbq_mat_deckplate_f-scaled-1.png\",\"width\":1400,\"height\":1400},{\"@type\":\"BreadcrumbList\",\"@id\":\"https:\/\/recal-se.tbwebsite.com\/dk\/tillbehor\/grillmaatte-stankskydd\/#breadcrumb\",\"itemListElement\":[{\"@type\":\"ListItem\",\"position\":1,\"name\":\"Home\",\"item\":\"https:\/\/recal-se.tbwebsite.com\/dk\/\"},{\"@type\":\"ListItem\",\"position\":2,\"name\":\"Shop\",\"item\":\"https:\/\/recal-se.tbwebsite.com\/dk\/shop\/\"},{\"@type\":\"ListItem\",\"position\":3,\"name\":\"Grillm\u00e5tte &#8211; Sk\u00e6rme\"}]},{\"@type\":\"WebSite\",\"@id\":\"https:\/\/recal-se.tbwebsite.com\/dk\/#website\",\"url\":\"https:\/\/recal-se.tbwebsite.com\/dk\/\",\"name\":\"Recal Danmark\",\"description\":\"Tr\u00e4dg\u00e5rdsprodukter tillverkade i aluminium fr\u00e5n Sm\u00e5land\",\"publisher\":{\"@id\":\"https:\/\/recal-se.tbwebsite.com\/dk\/#organization\"},\"potentialAction\":[{\"@type\":\"SearchAction\",\"target\":{\"@type\":\"EntryPoint\",\"urlTemplate\":\"https:\/\/recal-se.tbwebsite.com\/dk\/?s={search_term_string}\"},\"query-input\":\"required name=search_term_string\"}],\"inLanguage\":\"da-DK\"},{\"@type\":\"Organization\",\"@id\":\"https:\/\/recal-se.tbwebsite.com\/dk\/#organization\",\"name\":\"Recal Danmark\",\"url\":\"https:\/\/recal-se.tbwebsite.com\/dk\/\",\"logo\":{\"@type\":\"ImageObject\",\"inLanguage\":\"da-DK\",\"@id\":\"https:\/\/recal-se.tbwebsite.com\/dk\/#\/schema\/logo\/image\/\",\"url\":\"https:\/\/recal-se.tbwebsite.com\/dk\/wp-content\/uploads\/sites\/2\/2020\/06\/recal-logotype_svart_1.png\",\"contentUrl\":\"https:\/\/recal-se.tbwebsite.com\/dk\/wp-content\/uploads\/sites\/2\/2020\/06\/recal-logotype_svart_1.png\",\"width\":260,\"height\":52,\"caption\":\"Recal Danmark\"},\"image\":{\"@id\":\"https:\/\/recal-se.tbwebsite.com\/dk\/#\/schema\/logo\/image\/\"}}]}<\/script>\n<!-- \/ Yoast SEO plugin. -->","yoast_head_json":{"title":"Grillm\u00e5tte - Sk\u00e6rme - Recal Danmark","description":"Vores grillm\u00e5tte i genbrugsplast giver dig den perfekte beskyttelse til rummet omkring grillen! Oplev den enest\u00e5ende kvalitet, holdbarhed og stilfulde design af vores alsidige udend\u00f8rs produkter, alle omhyggeligt designet med b\u00e6redygtighed i tankerne. Beskyt din terrasse med vores 80 cm x 120 cm grillt\u00e6ppe i en elegant skiferskygge. Dens 3 mm tykkelse beskytter mod spild og pletter, hvilket g\u00f8r udend\u00f8rs madlavning bekymringsfri. G\u00f8r dine udend\u00f8rs rum til indbydende helligdomme, perfekt til at nyde naturens sk\u00f8nhed.","robots":{"index":"index","follow":"follow","max-snippet":"max-snippet:-1","max-image-preview":"max-image-preview:large","max-video-preview":"max-video-preview:-1"},"canonical":"https:\/\/recal-se.tbwebsite.com\/dk\/tillbehor\/grillmaatte-stankskydd\/","og_locale":"da_DK","og_type":"article","og_title":"Grillm\u00e5tte - Sk\u00e6rme - Recal Danmark","og_description":"Vores grillm\u00e5tte i genbrugsplast giver dig den perfekte beskyttelse til rummet omkring grillen! Oplev den enest\u00e5ende kvalitet, holdbarhed og stilfulde design af vores alsidige udend\u00f8rs produkter, alle omhyggeligt designet med b\u00e6redygtighed i tankerne. Beskyt din terrasse med vores 80 cm x 120 cm grillt\u00e6ppe i en elegant skiferskygge. Dens 3 mm tykkelse beskytter mod spild og pletter, hvilket g\u00f8r udend\u00f8rs madlavning bekymringsfri. G\u00f8r dine udend\u00f8rs rum til indbydende helligdomme, perfekt til at nyde naturens sk\u00f8nhed.","og_url":"https:\/\/recal-se.tbwebsite.com\/dk\/tillbehor\/grillmaatte-stankskydd\/","og_site_name":"Recal Danmark","article_modified_time":"2024-02-13T09:32:30+00:00","og_image":[{"width":1400,"height":1400,"url":"https:\/\/recal-se.tbwebsite.com\/dk\/wp-content\/uploads\/sites\/2\/2023\/10\/bbq_mat_deckplate_f-scaled-1.png","type":"image\/png"}],"twitter_card":"summary_large_image","twitter_misc":{"Estimeret l\u00e6setid":"1 minut"},"schema":{"@context":"https:\/\/schema.org","@graph":[{"@type":"WebPage","@id":"https:\/\/recal-se.tbwebsite.com\/dk\/tillbehor\/grillmaatte-stankskydd\/","url":"https:\/\/recal-se.tbwebsite.com\/dk\/tillbehor\/grillmaatte-stankskydd\/","name":"Grillm\u00e5tte - Sk\u00e6rme - Recal Danmark","isPartOf":{"@id":"https:\/\/recal-se.tbwebsite.com\/dk\/#website"},"primaryImageOfPage":{"@id":"https:\/\/recal-se.tbwebsite.com\/dk\/tillbehor\/grillmaatte-stankskydd\/#primaryimage"},"image":{"@id":"https:\/\/recal-se.tbwebsite.com\/dk\/tillbehor\/grillmaatte-stankskydd\/#primaryimage"},"thumbnailUrl":"https:\/\/recal-se.tbwebsite.com\/dk\/wp-content\/uploads\/sites\/2\/2023\/10\/bbq_mat_deckplate_f-scaled-1.png","datePublished":"2023-10-19T12:22:37+00:00","dateModified":"2024-02-13T09:32:30+00:00","description":"Vores grillm\u00e5tte i genbrugsplast giver dig den perfekte beskyttelse til rummet omkring grillen! Oplev den enest\u00e5ende kvalitet, holdbarhed og stilfulde design af vores alsidige udend\u00f8rs produkter, alle omhyggeligt designet med b\u00e6redygtighed i tankerne. Beskyt din terrasse med vores 80 cm x 120 cm grillt\u00e6ppe i en elegant skiferskygge. Dens 3 mm tykkelse beskytter mod spild og pletter, hvilket g\u00f8r udend\u00f8rs madlavning bekymringsfri. G\u00f8r dine udend\u00f8rs rum til indbydende helligdomme, perfekt til at nyde naturens sk\u00f8nhed.","breadcrumb":{"@id":"https:\/\/recal-se.tbwebsite.com\/dk\/tillbehor\/grillmaatte-stankskydd\/#breadcrumb"},"inLanguage":"da-DK","potentialAction":[{"@type":"ReadAction","target":["https:\/\/recal-se.tbwebsite.com\/dk\/tillbehor\/grillmaatte-stankskydd\/"]}]},{"@type":"ImageObject","inLanguage":"da-DK","@id":"https:\/\/recal-se.tbwebsite.com\/dk\/tillbehor\/grillmaatte-stankskydd\/#primaryimage","url":"https:\/\/recal-se.tbwebsite.com\/dk\/wp-content\/uploads\/sites\/2\/2023\/10\/bbq_mat_deckplate_f-scaled-1.png","contentUrl":"https:\/\/recal-se.tbwebsite.com\/dk\/wp-content\/uploads\/sites\/2\/2023\/10\/bbq_mat_deckplate_f-scaled-1.png","width":1400,"height":1400},{"@type":"BreadcrumbList","@id":"https:\/\/recal-se.tbwebsite.com\/dk\/tillbehor\/grillmaatte-stankskydd\/#breadcrumb","itemListElement":[{"@type":"ListItem","position":1,"name":"Home","item":"https:\/\/recal-se.tbwebsite.com\/dk\/"},{"@type":"ListItem","position":2,"name":"Shop","item":"https:\/\/recal-se.tbwebsite.com\/dk\/shop\/"},{"@type":"ListItem","position":3,"name":"Grillm\u00e5tte &#8211; Sk\u00e6rme"}]},{"@type":"WebSite","@id":"https:\/\/recal-se.tbwebsite.com\/dk\/#website","url":"https:\/\/recal-se.tbwebsite.com\/dk\/","name":"Recal Danmark","description":"Tr\u00e4dg\u00e5rdsprodukter tillverkade i aluminium fr\u00e5n Sm\u00e5land","publisher":{"@id":"https:\/\/recal-se.tbwebsite.com\/dk\/#organization"},"potentialAction":[{"@type":"SearchAction","target":{"@type":"EntryPoint","urlTemplate":"https:\/\/recal-se.tbwebsite.com\/dk\/?s={search_term_string}"},"query-input":"required name=search_term_string"}],"inLanguage":"da-DK"},{"@type":"Organization","@id":"https:\/\/recal-se.tbwebsite.com\/dk\/#organization","name":"Recal Danmark","url":"https:\/\/recal-se.tbwebsite.com\/dk\/","logo":{"@type":"ImageObject","inLanguage":"da-DK","@id":"https:\/\/recal-se.tbwebsite.com\/dk\/#\/schema\/logo\/image\/","url":"https:\/\/recal-se.tbwebsite.com\/dk\/wp-content\/uploads\/sites\/2\/2020\/06\/recal-logotype_svart_1.png","contentUrl":"https:\/\/recal-se.tbwebsite.com\/dk\/wp-content\/uploads\/sites\/2\/2020\/06\/recal-logotype_svart_1.png","width":260,"height":52,"caption":"Recal Danmark"},"image":{"@id":"https:\/\/recal-se.tbwebsite.com\/dk\/#\/schema\/logo\/image\/"}}]}},"_links":{"self":[{"href":"https:\/\/recal-se.tbwebsite.com\/dk\/wp-json\/wp\/v2\/product\/4899"}],"collection":[{"href":"https:\/\/recal-se.tbwebsite.com\/dk\/wp-json\/wp\/v2\/product"}],"about":[{"href":"https:\/\/recal-se.tbwebsite.com\/dk\/wp-json\/wp\/v2\/types\/product"}],"replies":[{"embeddable":true,"href":"https:\/\/recal-se.tbwebsite.com\/dk\/wp-json\/wp\/v2\/comments?post=4899"}],"version-history":[{"count":4,"href":"https:\/\/recal-se.tbwebsite.com\/dk\/wp-json\/wp\/v2\/product\/4899\/revisions"}],"predecessor-version":[{"id":15284,"href":"https:\/\/recal-se.tbwebsite.com\/dk\/wp-json\/wp\/v2\/product\/4899\/revisions\/15284"}],"wp:featuredmedia":[{"embeddable":true,"href":"https:\/\/recal-se.tbwebsite.com\/dk\/wp-json\/wp\/v2\/media\/5134"}],"wp:attachment":[{"href":"https:\/\/recal-se.tbwebsite.com\/dk\/wp-json\/wp\/v2\/media?parent=4899"}],"wp:term":[{"taxonomy":"product_cat","embeddable":true,"href":"https:\/\/recal-se.tbwebsite.com\/dk\/wp-json\/wp\/v2\/product_cat?post=4899"},{"taxonomy":"product_tag","embeddable":true,"href":"https:\/\/recal-se.tbwebsite.com\/dk\/wp-json\/wp\/v2\/product_tag?post=4899"}],"curies":[{"name":"wp","href":"https:\/\/api.w.org\/{rel}","templated":true}]}}