{"id":4895,"date":"2023-10-19T12:22:36","date_gmt":"2023-10-19T12:22:36","guid":{"rendered":"https:\/\/recal-se.tbwebsite.com\/?post_type=product&#038;p=4895"},"modified":"2024-02-13T09:23:56","modified_gmt":"2024-02-13T09:23:56","slug":"plaenekanter-easy-6-meter","status":"publish","type":"product","link":"https:\/\/recal-se.tbwebsite.com\/dk\/bedafgraensning\/plaenekanter-easy-6-meter\/","title":{"rendered":"Pl\u00e6nekanter &#8211; Easy 6 meter"},"content":{"rendered":"<p>Vores nye bestseller, pl\u00e6nekant Easy. Fleksibel og ultraholdbar, let at forme kanter eller tilpasse sig lige eller buede omr\u00e5der. Nu kan du k\u00f8be pl\u00e6nekanter til en konkurrencedygtig pris, k\u00f8b 6 meter pl\u00e6nekanter til 259 kr!<\/p>\n<p>Pl\u00e6nekanter Easy tilbyder en lang holdbarhed under alle vejrforhold! Lavet af genbrugte bild\u00e6k, det er et perfekt milj\u00f8valg, samtidig med at det er en problemfri installation. Negle inkluderet<br \/>\nfor nem og komplet installation.<\/p>\n<table width=\"406\">\n<tbody>\n<tr>\n<td width=\"81\">Farve<\/td>\n<td width=\"99\">Tal<\/td>\n<td width=\"82\">Nettov\u00e6gt<\/td>\n<td width=\"144\">M\u00e5l(L, B, H) CM<\/td>\n<\/tr>\n<\/tbody>\n<\/table>\n<table width=\"406\">\n<tbody>\n<tr>\n<td width=\"81\">Earth<\/td>\n<td width=\"99\">1<\/td>\n<td width=\"82\">2,9<\/td>\n<td width=\"144\">600 x 0,5 x 9<\/td>\n<\/tr>\n<\/tbody>\n<\/table>\n<p>Oplev den enest\u00e5ende kvalitet, holdbarhed og stilfulde design af vores alsidige udend\u00f8rs produkter, alle omhyggeligt designet med b\u00e6redygtighed i tankerne. Oplev enkel og effektiv haveafgr\u00e6nsning med vores 9 cm h\u00f8je pl\u00e6nekanter nemt.<\/p>\n<p>G\u00f8r dine udend\u00f8rs rum til indbydende helligdomme, perfekt til at nyde naturens sk\u00f8nhed.<\/p>\n","protected":false},"excerpt":{"rendered":"<p>Vores nye bestseller, pl\u00e6nekant Easy. Fleksibel og ultraholdbar, let at forme kanter eller tilpasse sig lige eller buede omr\u00e5der. Nu kan du k\u00f8be pl\u00e6nekanter til en konkurrencedygtig pris, k\u00f8b 6 meter pl\u00e6nekanter til 329 kr!<\/p>\n","protected":false},"featured_media":5149,"comment_status":"open","ping_status":"closed","template":"","meta":{"_acf_changed":false},"product_cat":[93],"product_tag":[],"composite_virtual":false,"composite_layout":"","composite_add_to_cart_form_location":"","composite_editable_in_cart":false,"composite_sold_individually_context":"","composite_shop_price_calc":"","composite_components":[],"composite_scenarios":[],"acf":[],"yoast_head":"<!-- This site is optimized with the Yoast SEO plugin v22.2 - https:\/\/yoast.com\/wordpress\/plugins\/seo\/ -->\n<title>Pl\u00e6nekanter - Easy 6 meter - Recal Danmark<\/title>\n<meta name=\"description\" content=\"Vores nye bestseller, pl\u00e6nekant Easy. Fleksibel og ultraholdbar, let at forme kanter eller tilpasse sig lige eller buede omr\u00e5der. Nu kan du k\u00f8be pl\u00e6nekanter til en konkurrencedygtig pris, k\u00f8b 6 meter pl\u00e6nekanter til 259 kr!\" \/>\n<meta name=\"robots\" content=\"index, follow, max-snippet:-1, max-image-preview:large, max-video-preview:-1\" \/>\n<link rel=\"canonical\" href=\"https:\/\/recal-se.tbwebsite.com\/dk\/bedafgraensning\/plaenekanter-easy-6-meter\/\" \/>\n<meta property=\"og:locale\" content=\"da_DK\" \/>\n<meta property=\"og:type\" content=\"article\" \/>\n<meta property=\"og:title\" content=\"Pl\u00e6nekanter - Easy 6 meter - Recal Danmark\" \/>\n<meta property=\"og:description\" content=\"Vores nye bestseller, pl\u00e6nekant Easy. Fleksibel og ultraholdbar, let at forme kanter eller tilpasse sig lige eller buede omr\u00e5der. Nu kan du k\u00f8be pl\u00e6nekanter til en konkurrencedygtig pris, k\u00f8b 6 meter pl\u00e6nekanter til 259 kr!\" \/>\n<meta property=\"og:url\" content=\"https:\/\/recal-se.tbwebsite.com\/dk\/bedafgraensning\/plaenekanter-easy-6-meter\/\" \/>\n<meta property=\"og:site_name\" content=\"Recal Danmark\" \/>\n<meta property=\"article:modified_time\" content=\"2024-02-13T09:23:56+00:00\" \/>\n<meta property=\"og:image\" content=\"https:\/\/recal-se.tbwebsite.com\/dk\/wp-content\/uploads\/sites\/2\/2023\/10\/EU4000002_thinline_earth_I-scaled-1.png\" \/>\n\t<meta property=\"og:image:width\" content=\"1400\" \/>\n\t<meta property=\"og:image:height\" content=\"1400\" \/>\n\t<meta property=\"og:image:type\" content=\"image\/png\" \/>\n<meta name=\"twitter:card\" content=\"summary_large_image\" \/>\n<meta name=\"twitter:label1\" content=\"Estimeret l\u00e6setid\" \/>\n\t<meta name=\"twitter:data1\" content=\"1 minut\" \/>\n<script type=\"application\/ld+json\" class=\"yoast-schema-graph\">{\"@context\":\"https:\/\/schema.org\",\"@graph\":[{\"@type\":\"WebPage\",\"@id\":\"https:\/\/recal-se.tbwebsite.com\/dk\/bedafgraensning\/plaenekanter-easy-6-meter\/\",\"url\":\"https:\/\/recal-se.tbwebsite.com\/dk\/bedafgraensning\/plaenekanter-easy-6-meter\/\",\"name\":\"Pl\u00e6nekanter - Easy 6 meter - Recal Danmark\",\"isPartOf\":{\"@id\":\"https:\/\/recal-se.tbwebsite.com\/dk\/#website\"},\"primaryImageOfPage\":{\"@id\":\"https:\/\/recal-se.tbwebsite.com\/dk\/bedafgraensning\/plaenekanter-easy-6-meter\/#primaryimage\"},\"image\":{\"@id\":\"https:\/\/recal-se.tbwebsite.com\/dk\/bedafgraensning\/plaenekanter-easy-6-meter\/#primaryimage\"},\"thumbnailUrl\":\"https:\/\/recal-se.tbwebsite.com\/dk\/wp-content\/uploads\/sites\/2\/2023\/10\/EU4000002_thinline_earth_I-scaled-1.png\",\"datePublished\":\"2023-10-19T12:22:36+00:00\",\"dateModified\":\"2024-02-13T09:23:56+00:00\",\"description\":\"Vores nye bestseller, pl\u00e6nekant Easy. Fleksibel og ultraholdbar, let at forme kanter eller tilpasse sig lige eller buede omr\u00e5der. Nu kan du k\u00f8be pl\u00e6nekanter til en konkurrencedygtig pris, k\u00f8b 6 meter pl\u00e6nekanter til 259 kr!\",\"breadcrumb\":{\"@id\":\"https:\/\/recal-se.tbwebsite.com\/dk\/bedafgraensning\/plaenekanter-easy-6-meter\/#breadcrumb\"},\"inLanguage\":\"da-DK\",\"potentialAction\":[{\"@type\":\"ReadAction\",\"target\":[\"https:\/\/recal-se.tbwebsite.com\/dk\/bedafgraensning\/plaenekanter-easy-6-meter\/\"]}]},{\"@type\":\"ImageObject\",\"inLanguage\":\"da-DK\",\"@id\":\"https:\/\/recal-se.tbwebsite.com\/dk\/bedafgraensning\/plaenekanter-easy-6-meter\/#primaryimage\",\"url\":\"https:\/\/recal-se.tbwebsite.com\/dk\/wp-content\/uploads\/sites\/2\/2023\/10\/EU4000002_thinline_earth_I-scaled-1.png\",\"contentUrl\":\"https:\/\/recal-se.tbwebsite.com\/dk\/wp-content\/uploads\/sites\/2\/2023\/10\/EU4000002_thinline_earth_I-scaled-1.png\",\"width\":1400,\"height\":1400},{\"@type\":\"BreadcrumbList\",\"@id\":\"https:\/\/recal-se.tbwebsite.com\/dk\/bedafgraensning\/plaenekanter-easy-6-meter\/#breadcrumb\",\"itemListElement\":[{\"@type\":\"ListItem\",\"position\":1,\"name\":\"Home\",\"item\":\"https:\/\/recal-se.tbwebsite.com\/dk\/\"},{\"@type\":\"ListItem\",\"position\":2,\"name\":\"Shop\",\"item\":\"https:\/\/recal-se.tbwebsite.com\/dk\/shop\/\"},{\"@type\":\"ListItem\",\"position\":3,\"name\":\"Pl\u00e6nekanter &#8211; Easy 6 meter\"}]},{\"@type\":\"WebSite\",\"@id\":\"https:\/\/recal-se.tbwebsite.com\/dk\/#website\",\"url\":\"https:\/\/recal-se.tbwebsite.com\/dk\/\",\"name\":\"Recal Danmark\",\"description\":\"Tr\u00e4dg\u00e5rdsprodukter tillverkade i aluminium fr\u00e5n Sm\u00e5land\",\"publisher\":{\"@id\":\"https:\/\/recal-se.tbwebsite.com\/dk\/#organization\"},\"potentialAction\":[{\"@type\":\"SearchAction\",\"target\":{\"@type\":\"EntryPoint\",\"urlTemplate\":\"https:\/\/recal-se.tbwebsite.com\/dk\/?s={search_term_string}\"},\"query-input\":\"required name=search_term_string\"}],\"inLanguage\":\"da-DK\"},{\"@type\":\"Organization\",\"@id\":\"https:\/\/recal-se.tbwebsite.com\/dk\/#organization\",\"name\":\"Recal Danmark\",\"url\":\"https:\/\/recal-se.tbwebsite.com\/dk\/\",\"logo\":{\"@type\":\"ImageObject\",\"inLanguage\":\"da-DK\",\"@id\":\"https:\/\/recal-se.tbwebsite.com\/dk\/#\/schema\/logo\/image\/\",\"url\":\"https:\/\/recal-se.tbwebsite.com\/dk\/wp-content\/uploads\/sites\/2\/2020\/06\/recal-logotype_svart_1.png\",\"contentUrl\":\"https:\/\/recal-se.tbwebsite.com\/dk\/wp-content\/uploads\/sites\/2\/2020\/06\/recal-logotype_svart_1.png\",\"width\":260,\"height\":52,\"caption\":\"Recal Danmark\"},\"image\":{\"@id\":\"https:\/\/recal-se.tbwebsite.com\/dk\/#\/schema\/logo\/image\/\"}}]}<\/script>\n<!-- \/ Yoast SEO plugin. -->","yoast_head_json":{"title":"Pl\u00e6nekanter - Easy 6 meter - Recal Danmark","description":"Vores nye bestseller, pl\u00e6nekant Easy. Fleksibel og ultraholdbar, let at forme kanter eller tilpasse sig lige eller buede omr\u00e5der. Nu kan du k\u00f8be pl\u00e6nekanter til en konkurrencedygtig pris, k\u00f8b 6 meter pl\u00e6nekanter til 259 kr!","robots":{"index":"index","follow":"follow","max-snippet":"max-snippet:-1","max-image-preview":"max-image-preview:large","max-video-preview":"max-video-preview:-1"},"canonical":"https:\/\/recal-se.tbwebsite.com\/dk\/bedafgraensning\/plaenekanter-easy-6-meter\/","og_locale":"da_DK","og_type":"article","og_title":"Pl\u00e6nekanter - Easy 6 meter - Recal Danmark","og_description":"Vores nye bestseller, pl\u00e6nekant Easy. Fleksibel og ultraholdbar, let at forme kanter eller tilpasse sig lige eller buede omr\u00e5der. Nu kan du k\u00f8be pl\u00e6nekanter til en konkurrencedygtig pris, k\u00f8b 6 meter pl\u00e6nekanter til 259 kr!","og_url":"https:\/\/recal-se.tbwebsite.com\/dk\/bedafgraensning\/plaenekanter-easy-6-meter\/","og_site_name":"Recal Danmark","article_modified_time":"2024-02-13T09:23:56+00:00","og_image":[{"width":1400,"height":1400,"url":"https:\/\/recal-se.tbwebsite.com\/dk\/wp-content\/uploads\/sites\/2\/2023\/10\/EU4000002_thinline_earth_I-scaled-1.png","type":"image\/png"}],"twitter_card":"summary_large_image","twitter_misc":{"Estimeret l\u00e6setid":"1 minut"},"schema":{"@context":"https:\/\/schema.org","@graph":[{"@type":"WebPage","@id":"https:\/\/recal-se.tbwebsite.com\/dk\/bedafgraensning\/plaenekanter-easy-6-meter\/","url":"https:\/\/recal-se.tbwebsite.com\/dk\/bedafgraensning\/plaenekanter-easy-6-meter\/","name":"Pl\u00e6nekanter - Easy 6 meter - Recal Danmark","isPartOf":{"@id":"https:\/\/recal-se.tbwebsite.com\/dk\/#website"},"primaryImageOfPage":{"@id":"https:\/\/recal-se.tbwebsite.com\/dk\/bedafgraensning\/plaenekanter-easy-6-meter\/#primaryimage"},"image":{"@id":"https:\/\/recal-se.tbwebsite.com\/dk\/bedafgraensning\/plaenekanter-easy-6-meter\/#primaryimage"},"thumbnailUrl":"https:\/\/recal-se.tbwebsite.com\/dk\/wp-content\/uploads\/sites\/2\/2023\/10\/EU4000002_thinline_earth_I-scaled-1.png","datePublished":"2023-10-19T12:22:36+00:00","dateModified":"2024-02-13T09:23:56+00:00","description":"Vores nye bestseller, pl\u00e6nekant Easy. Fleksibel og ultraholdbar, let at forme kanter eller tilpasse sig lige eller buede omr\u00e5der. Nu kan du k\u00f8be pl\u00e6nekanter til en konkurrencedygtig pris, k\u00f8b 6 meter pl\u00e6nekanter til 259 kr!","breadcrumb":{"@id":"https:\/\/recal-se.tbwebsite.com\/dk\/bedafgraensning\/plaenekanter-easy-6-meter\/#breadcrumb"},"inLanguage":"da-DK","potentialAction":[{"@type":"ReadAction","target":["https:\/\/recal-se.tbwebsite.com\/dk\/bedafgraensning\/plaenekanter-easy-6-meter\/"]}]},{"@type":"ImageObject","inLanguage":"da-DK","@id":"https:\/\/recal-se.tbwebsite.com\/dk\/bedafgraensning\/plaenekanter-easy-6-meter\/#primaryimage","url":"https:\/\/recal-se.tbwebsite.com\/dk\/wp-content\/uploads\/sites\/2\/2023\/10\/EU4000002_thinline_earth_I-scaled-1.png","contentUrl":"https:\/\/recal-se.tbwebsite.com\/dk\/wp-content\/uploads\/sites\/2\/2023\/10\/EU4000002_thinline_earth_I-scaled-1.png","width":1400,"height":1400},{"@type":"BreadcrumbList","@id":"https:\/\/recal-se.tbwebsite.com\/dk\/bedafgraensning\/plaenekanter-easy-6-meter\/#breadcrumb","itemListElement":[{"@type":"ListItem","position":1,"name":"Home","item":"https:\/\/recal-se.tbwebsite.com\/dk\/"},{"@type":"ListItem","position":2,"name":"Shop","item":"https:\/\/recal-se.tbwebsite.com\/dk\/shop\/"},{"@type":"ListItem","position":3,"name":"Pl\u00e6nekanter &#8211; Easy 6 meter"}]},{"@type":"WebSite","@id":"https:\/\/recal-se.tbwebsite.com\/dk\/#website","url":"https:\/\/recal-se.tbwebsite.com\/dk\/","name":"Recal Danmark","description":"Tr\u00e4dg\u00e5rdsprodukter tillverkade i aluminium fr\u00e5n Sm\u00e5land","publisher":{"@id":"https:\/\/recal-se.tbwebsite.com\/dk\/#organization"},"potentialAction":[{"@type":"SearchAction","target":{"@type":"EntryPoint","urlTemplate":"https:\/\/recal-se.tbwebsite.com\/dk\/?s={search_term_string}"},"query-input":"required name=search_term_string"}],"inLanguage":"da-DK"},{"@type":"Organization","@id":"https:\/\/recal-se.tbwebsite.com\/dk\/#organization","name":"Recal Danmark","url":"https:\/\/recal-se.tbwebsite.com\/dk\/","logo":{"@type":"ImageObject","inLanguage":"da-DK","@id":"https:\/\/recal-se.tbwebsite.com\/dk\/#\/schema\/logo\/image\/","url":"https:\/\/recal-se.tbwebsite.com\/dk\/wp-content\/uploads\/sites\/2\/2020\/06\/recal-logotype_svart_1.png","contentUrl":"https:\/\/recal-se.tbwebsite.com\/dk\/wp-content\/uploads\/sites\/2\/2020\/06\/recal-logotype_svart_1.png","width":260,"height":52,"caption":"Recal Danmark"},"image":{"@id":"https:\/\/recal-se.tbwebsite.com\/dk\/#\/schema\/logo\/image\/"}}]}},"_links":{"self":[{"href":"https:\/\/recal-se.tbwebsite.com\/dk\/wp-json\/wp\/v2\/product\/4895"}],"collection":[{"href":"https:\/\/recal-se.tbwebsite.com\/dk\/wp-json\/wp\/v2\/product"}],"about":[{"href":"https:\/\/recal-se.tbwebsite.com\/dk\/wp-json\/wp\/v2\/types\/product"}],"replies":[{"embeddable":true,"href":"https:\/\/recal-se.tbwebsite.com\/dk\/wp-json\/wp\/v2\/comments?post=4895"}],"version-history":[{"count":4,"href":"https:\/\/recal-se.tbwebsite.com\/dk\/wp-json\/wp\/v2\/product\/4895\/revisions"}],"predecessor-version":[{"id":15279,"href":"https:\/\/recal-se.tbwebsite.com\/dk\/wp-json\/wp\/v2\/product\/4895\/revisions\/15279"}],"wp:featuredmedia":[{"embeddable":true,"href":"https:\/\/recal-se.tbwebsite.com\/dk\/wp-json\/wp\/v2\/media\/5149"}],"wp:attachment":[{"href":"https:\/\/recal-se.tbwebsite.com\/dk\/wp-json\/wp\/v2\/media?parent=4895"}],"wp:term":[{"taxonomy":"product_cat","embeddable":true,"href":"https:\/\/recal-se.tbwebsite.com\/dk\/wp-json\/wp\/v2\/product_cat?post=4895"},{"taxonomy":"product_tag","embeddable":true,"href":"https:\/\/recal-se.tbwebsite.com\/dk\/wp-json\/wp\/v2\/product_tag?post=4895"}],"curies":[{"name":"wp","href":"https:\/\/api.w.org\/{rel}","templated":true}]}}