{"id":4883,"date":"2023-10-19T12:22:26","date_gmt":"2023-10-19T12:22:26","guid":{"rendered":"https:\/\/recal-se.tbwebsite.com\/?post_type=product&#038;p=4883"},"modified":"2024-02-13T09:18:32","modified_gmt":"2024-02-13T09:18:32","slug":"urtepotte-bariton","status":"publish","type":"product","link":"https:\/\/recal-se.tbwebsite.com\/dk\/plantekasser\/urtepotte-bariton\/","title":{"rendered":"Urtepotte &#8211; Bariton"},"content":{"rendered":"<p>Bariton Urtepotter, en harmonisk fusion af b\u00e6redygtighed, \u00e6stetik og milj\u00f8venlighed. Blomsterkrukken med sin smukke afrundede form vil v\u00e6re en stilfuld tilf\u00f8jelse til b\u00e5de indend\u00f8rs og udend\u00f8rs milj\u00f8er.<\/p>\n<p>L\u00f8ft dit havearbejde b\u00e5de indend\u00f8rs og udend\u00f8rs med et strejf af elegance og omfavn en gr\u00f8nnere livsstil gennem brug af genbrugsmaterialer. Lad naturen trives, mens du udtrykker din stil.<\/p>\n<p>F\u00e5s i st\u00f8rrelserne 30 og 40cm i farven Skiffer.<\/p>\n<p>Hver Multy Home urtepotter er udstyret med et smart indbygget vandreservoir, der sikrer et optimalt fugtighedsniveau for dine planter, uanset hvor du placerer dem.<\/p>\n<p>Derudover er blomsterkrukken frost- og UV-bestandig, hvilket betyder, at den bevarer sin sk\u00f8nhed og kvalitet selv under barske forhold.<\/p>\n<p>For os er b\u00e6redygtighed en prioritet, og derfor er vores urtepotter lavet af 99% genbrugsmaterialer. Du kan nyde deres tidl\u00f8se sk\u00f8nhed vel vidende, at du bidrager til en mere milj\u00f8venlig verden.<\/p>\n<p>Opgrader dine plantearrangementer med vores stilfulde og p\u00e5lidelige urtepotter \u2013 lige s\u00e5 smukke indend\u00f8rs som udend\u00f8rs.<\/p>\n<p>Forvandl din have med stilfulde og praktiske plantekasser i 99% genbrugsplast.<\/p>\n<p>Recal er stolte af at pr\u00e6sentere vores kollektion fra Multy Home, en kollektion af haveprodukter fremstillet af genbrugsmaterialer. Stilfuld, holdbar og milj\u00f8venlig!<\/p>\n<p>Vores haveprodukter omfatter produkter som plantekasser og urtepotter til tr\u00e6desten, sengekanter og kantsten.<\/p>\n<p>Se og nyd vores nyeste kollektion af haveprodukter, og tag med os p\u00e5 rejsen for at g\u00f8re verden til et renere og gr\u00f8nnere sted.<\/p>\n<p><strong>Genbrug &#8211; Milj\u00f8smarte produkter fra Recal og Multy Home<\/strong><\/p>\n<p>Det er afg\u00f8rende for os, at alle vores produkter ikke skader planeten, som vi \u00f8nsker at hj\u00e6lpe og ikke \u00f8del\u00e6gger den. Vi er stolte af at genbruge skrotd\u00e6k, s\u00e5 de ikke ender p\u00e5 lossepladser og er konstant p\u00e5 udkig efter nye genbrugsmaterialel\u00f8sninger til fremstilling af produkter med.<\/p>\n<p>\u00d8nsker du at forny din have, altan eller terrasse med smukke blomster og gr\u00f8nne omr\u00e5der? S\u00e5 er plantekasser fra Recal lige det, du har brug for. Med en kombination af stil og funktionalitet hj\u00e6lper vores plantekasser dig med at skabe en haveoase, der b\u00e5de imponerer og inspirerer.<\/p>\n<p>Recal-Stilfuldt design til enhver smag!<\/p>\n","protected":false},"excerpt":{"rendered":"<p>Bariton Urtepotter, en harmonisk fusion af b\u00e6redygtighed, \u00e6stetik og milj\u00f8venlighed. Blomsterkrukken med sin smukke afrundede form vil v\u00e6re en stilfuld tilf\u00f8jelse til b\u00e5de indend\u00f8rs og udend\u00f8rs milj\u00f8er.<\/p>\n<p>L\u00f8ft dit havearbejde b\u00e5de indend\u00f8rs og udend\u00f8rs med et strejf af elegance og omfavn en gr\u00f8nnere livsstil gennem brug af genbrugsmaterialer. Lad naturen trives, mens du udtrykker din stil.<\/p>\n<p>F\u00e5s i st\u00f8rrelserne 30 og 40cm i farven Skiffer.<\/p>\n<p>&nbsp;<\/p>\n","protected":false},"featured_media":5181,"comment_status":"open","ping_status":"closed","template":"","meta":{"_acf_changed":false},"product_cat":[240,115],"product_tag":[],"composite_virtual":false,"composite_layout":"","composite_add_to_cart_form_location":"","composite_editable_in_cart":false,"composite_sold_individually_context":"","composite_shop_price_calc":"","composite_components":[],"composite_scenarios":[],"acf":[],"yoast_head":"<!-- This site is optimized with the Yoast SEO plugin v22.2 - https:\/\/yoast.com\/wordpress\/plugins\/seo\/ -->\n<title>Urtepotte - Bariton - Recal Danmark<\/title>\n<meta name=\"description\" content=\"Baryton Flower Pot, en harmonisk fusion af b\u00e6redygtighed, \u00e6stetik og milj\u00f8venlighed. Blomsterkrukken med sin smukke afrundede form vil v\u00e6re en stilfuld tilf\u00f8jelse til b\u00e5de indend\u00f8rs og udend\u00f8rs milj\u00f8er. L\u00f8ft dit havearbejde b\u00e5de indend\u00f8rs og udend\u00f8rs med et strejf af elegance og omfavn en gr\u00f8nnere livsstil gennem brug af genbrugsmaterialer. Lad naturen trives, mens du udtrykker din stil. F\u00e5s i st\u00f8rrelserne 30 og 40cm i farven Slate.\" \/>\n<meta name=\"robots\" content=\"index, follow, max-snippet:-1, max-image-preview:large, max-video-preview:-1\" \/>\n<link rel=\"canonical\" href=\"https:\/\/recal-se.tbwebsite.com\/dk\/plantekasser\/urtepotte-bariton\/\" \/>\n<meta property=\"og:locale\" content=\"da_DK\" \/>\n<meta property=\"og:type\" content=\"article\" \/>\n<meta property=\"og:title\" content=\"Urtepotte - Bariton - Recal Danmark\" \/>\n<meta property=\"og:description\" content=\"Baryton Flower Pot, en harmonisk fusion af b\u00e6redygtighed, \u00e6stetik og milj\u00f8venlighed. Blomsterkrukken med sin smukke afrundede form vil v\u00e6re en stilfuld tilf\u00f8jelse til b\u00e5de indend\u00f8rs og udend\u00f8rs milj\u00f8er. L\u00f8ft dit havearbejde b\u00e5de indend\u00f8rs og udend\u00f8rs med et strejf af elegance og omfavn en gr\u00f8nnere livsstil gennem brug af genbrugsmaterialer. Lad naturen trives, mens du udtrykker din stil. F\u00e5s i st\u00f8rrelserne 30 og 40cm i farven Slate.\" \/>\n<meta property=\"og:url\" content=\"https:\/\/recal-se.tbwebsite.com\/dk\/plantekasser\/urtepotte-bariton\/\" \/>\n<meta property=\"og:site_name\" content=\"Recal Danmark\" \/>\n<meta property=\"article:modified_time\" content=\"2024-02-13T09:18:32+00:00\" \/>\n<meta property=\"og:image\" content=\"https:\/\/recal-se.tbwebsite.com\/dk\/wp-content\/uploads\/sites\/2\/2023\/10\/EU5100055_baritone_40_slate_a-scaled-1.png\" \/>\n\t<meta property=\"og:image:width\" content=\"1400\" \/>\n\t<meta property=\"og:image:height\" content=\"1400\" \/>\n\t<meta property=\"og:image:type\" content=\"image\/png\" \/>\n<meta name=\"twitter:card\" content=\"summary_large_image\" \/>\n<meta name=\"twitter:label1\" content=\"Estimeret l\u00e6setid\" \/>\n\t<meta name=\"twitter:data1\" content=\"3 minutter\" \/>\n<script type=\"application\/ld+json\" class=\"yoast-schema-graph\">{\"@context\":\"https:\/\/schema.org\",\"@graph\":[{\"@type\":\"WebPage\",\"@id\":\"https:\/\/recal-se.tbwebsite.com\/dk\/plantekasser\/urtepotte-bariton\/\",\"url\":\"https:\/\/recal-se.tbwebsite.com\/dk\/plantekasser\/urtepotte-bariton\/\",\"name\":\"Urtepotte - Bariton - Recal Danmark\",\"isPartOf\":{\"@id\":\"https:\/\/recal-se.tbwebsite.com\/dk\/#website\"},\"primaryImageOfPage\":{\"@id\":\"https:\/\/recal-se.tbwebsite.com\/dk\/plantekasser\/urtepotte-bariton\/#primaryimage\"},\"image\":{\"@id\":\"https:\/\/recal-se.tbwebsite.com\/dk\/plantekasser\/urtepotte-bariton\/#primaryimage\"},\"thumbnailUrl\":\"https:\/\/recal-se.tbwebsite.com\/dk\/wp-content\/uploads\/sites\/2\/2023\/10\/EU5100055_baritone_40_slate_a-scaled-1.png\",\"datePublished\":\"2023-10-19T12:22:26+00:00\",\"dateModified\":\"2024-02-13T09:18:32+00:00\",\"description\":\"Baryton Flower Pot, en harmonisk fusion af b\u00e6redygtighed, \u00e6stetik og milj\u00f8venlighed. Blomsterkrukken med sin smukke afrundede form vil v\u00e6re en stilfuld tilf\u00f8jelse til b\u00e5de indend\u00f8rs og udend\u00f8rs milj\u00f8er. L\u00f8ft dit havearbejde b\u00e5de indend\u00f8rs og udend\u00f8rs med et strejf af elegance og omfavn en gr\u00f8nnere livsstil gennem brug af genbrugsmaterialer. Lad naturen trives, mens du udtrykker din stil. F\u00e5s i st\u00f8rrelserne 30 og 40cm i farven Slate.\",\"breadcrumb\":{\"@id\":\"https:\/\/recal-se.tbwebsite.com\/dk\/plantekasser\/urtepotte-bariton\/#breadcrumb\"},\"inLanguage\":\"da-DK\",\"potentialAction\":[{\"@type\":\"ReadAction\",\"target\":[\"https:\/\/recal-se.tbwebsite.com\/dk\/plantekasser\/urtepotte-bariton\/\"]}]},{\"@type\":\"ImageObject\",\"inLanguage\":\"da-DK\",\"@id\":\"https:\/\/recal-se.tbwebsite.com\/dk\/plantekasser\/urtepotte-bariton\/#primaryimage\",\"url\":\"https:\/\/recal-se.tbwebsite.com\/dk\/wp-content\/uploads\/sites\/2\/2023\/10\/EU5100055_baritone_40_slate_a-scaled-1.png\",\"contentUrl\":\"https:\/\/recal-se.tbwebsite.com\/dk\/wp-content\/uploads\/sites\/2\/2023\/10\/EU5100055_baritone_40_slate_a-scaled-1.png\",\"width\":1400,\"height\":1400},{\"@type\":\"BreadcrumbList\",\"@id\":\"https:\/\/recal-se.tbwebsite.com\/dk\/plantekasser\/urtepotte-bariton\/#breadcrumb\",\"itemListElement\":[{\"@type\":\"ListItem\",\"position\":1,\"name\":\"Home\",\"item\":\"https:\/\/recal-se.tbwebsite.com\/dk\/\"},{\"@type\":\"ListItem\",\"position\":2,\"name\":\"Shop\",\"item\":\"https:\/\/recal-se.tbwebsite.com\/dk\/shop\/\"},{\"@type\":\"ListItem\",\"position\":3,\"name\":\"Urtepotte &#8211; Bariton\"}]},{\"@type\":\"WebSite\",\"@id\":\"https:\/\/recal-se.tbwebsite.com\/dk\/#website\",\"url\":\"https:\/\/recal-se.tbwebsite.com\/dk\/\",\"name\":\"Recal Danmark\",\"description\":\"Tr\u00e4dg\u00e5rdsprodukter tillverkade i aluminium fr\u00e5n Sm\u00e5land\",\"publisher\":{\"@id\":\"https:\/\/recal-se.tbwebsite.com\/dk\/#organization\"},\"potentialAction\":[{\"@type\":\"SearchAction\",\"target\":{\"@type\":\"EntryPoint\",\"urlTemplate\":\"https:\/\/recal-se.tbwebsite.com\/dk\/?s={search_term_string}\"},\"query-input\":\"required name=search_term_string\"}],\"inLanguage\":\"da-DK\"},{\"@type\":\"Organization\",\"@id\":\"https:\/\/recal-se.tbwebsite.com\/dk\/#organization\",\"name\":\"Recal Danmark\",\"url\":\"https:\/\/recal-se.tbwebsite.com\/dk\/\",\"logo\":{\"@type\":\"ImageObject\",\"inLanguage\":\"da-DK\",\"@id\":\"https:\/\/recal-se.tbwebsite.com\/dk\/#\/schema\/logo\/image\/\",\"url\":\"https:\/\/recal-se.tbwebsite.com\/dk\/wp-content\/uploads\/sites\/2\/2020\/06\/recal-logotype_svart_1.png\",\"contentUrl\":\"https:\/\/recal-se.tbwebsite.com\/dk\/wp-content\/uploads\/sites\/2\/2020\/06\/recal-logotype_svart_1.png\",\"width\":260,\"height\":52,\"caption\":\"Recal Danmark\"},\"image\":{\"@id\":\"https:\/\/recal-se.tbwebsite.com\/dk\/#\/schema\/logo\/image\/\"}}]}<\/script>\n<!-- \/ Yoast SEO plugin. -->","yoast_head_json":{"title":"Urtepotte - Bariton - Recal Danmark","description":"Baryton Flower Pot, en harmonisk fusion af b\u00e6redygtighed, \u00e6stetik og milj\u00f8venlighed. Blomsterkrukken med sin smukke afrundede form vil v\u00e6re en stilfuld tilf\u00f8jelse til b\u00e5de indend\u00f8rs og udend\u00f8rs milj\u00f8er. L\u00f8ft dit havearbejde b\u00e5de indend\u00f8rs og udend\u00f8rs med et strejf af elegance og omfavn en gr\u00f8nnere livsstil gennem brug af genbrugsmaterialer. Lad naturen trives, mens du udtrykker din stil. F\u00e5s i st\u00f8rrelserne 30 og 40cm i farven Slate.","robots":{"index":"index","follow":"follow","max-snippet":"max-snippet:-1","max-image-preview":"max-image-preview:large","max-video-preview":"max-video-preview:-1"},"canonical":"https:\/\/recal-se.tbwebsite.com\/dk\/plantekasser\/urtepotte-bariton\/","og_locale":"da_DK","og_type":"article","og_title":"Urtepotte - Bariton - Recal Danmark","og_description":"Baryton Flower Pot, en harmonisk fusion af b\u00e6redygtighed, \u00e6stetik og milj\u00f8venlighed. Blomsterkrukken med sin smukke afrundede form vil v\u00e6re en stilfuld tilf\u00f8jelse til b\u00e5de indend\u00f8rs og udend\u00f8rs milj\u00f8er. L\u00f8ft dit havearbejde b\u00e5de indend\u00f8rs og udend\u00f8rs med et strejf af elegance og omfavn en gr\u00f8nnere livsstil gennem brug af genbrugsmaterialer. Lad naturen trives, mens du udtrykker din stil. F\u00e5s i st\u00f8rrelserne 30 og 40cm i farven Slate.","og_url":"https:\/\/recal-se.tbwebsite.com\/dk\/plantekasser\/urtepotte-bariton\/","og_site_name":"Recal Danmark","article_modified_time":"2024-02-13T09:18:32+00:00","og_image":[{"width":1400,"height":1400,"url":"https:\/\/recal-se.tbwebsite.com\/dk\/wp-content\/uploads\/sites\/2\/2023\/10\/EU5100055_baritone_40_slate_a-scaled-1.png","type":"image\/png"}],"twitter_card":"summary_large_image","twitter_misc":{"Estimeret l\u00e6setid":"3 minutter"},"schema":{"@context":"https:\/\/schema.org","@graph":[{"@type":"WebPage","@id":"https:\/\/recal-se.tbwebsite.com\/dk\/plantekasser\/urtepotte-bariton\/","url":"https:\/\/recal-se.tbwebsite.com\/dk\/plantekasser\/urtepotte-bariton\/","name":"Urtepotte - Bariton - Recal Danmark","isPartOf":{"@id":"https:\/\/recal-se.tbwebsite.com\/dk\/#website"},"primaryImageOfPage":{"@id":"https:\/\/recal-se.tbwebsite.com\/dk\/plantekasser\/urtepotte-bariton\/#primaryimage"},"image":{"@id":"https:\/\/recal-se.tbwebsite.com\/dk\/plantekasser\/urtepotte-bariton\/#primaryimage"},"thumbnailUrl":"https:\/\/recal-se.tbwebsite.com\/dk\/wp-content\/uploads\/sites\/2\/2023\/10\/EU5100055_baritone_40_slate_a-scaled-1.png","datePublished":"2023-10-19T12:22:26+00:00","dateModified":"2024-02-13T09:18:32+00:00","description":"Baryton Flower Pot, en harmonisk fusion af b\u00e6redygtighed, \u00e6stetik og milj\u00f8venlighed. Blomsterkrukken med sin smukke afrundede form vil v\u00e6re en stilfuld tilf\u00f8jelse til b\u00e5de indend\u00f8rs og udend\u00f8rs milj\u00f8er. L\u00f8ft dit havearbejde b\u00e5de indend\u00f8rs og udend\u00f8rs med et strejf af elegance og omfavn en gr\u00f8nnere livsstil gennem brug af genbrugsmaterialer. Lad naturen trives, mens du udtrykker din stil. F\u00e5s i st\u00f8rrelserne 30 og 40cm i farven Slate.","breadcrumb":{"@id":"https:\/\/recal-se.tbwebsite.com\/dk\/plantekasser\/urtepotte-bariton\/#breadcrumb"},"inLanguage":"da-DK","potentialAction":[{"@type":"ReadAction","target":["https:\/\/recal-se.tbwebsite.com\/dk\/plantekasser\/urtepotte-bariton\/"]}]},{"@type":"ImageObject","inLanguage":"da-DK","@id":"https:\/\/recal-se.tbwebsite.com\/dk\/plantekasser\/urtepotte-bariton\/#primaryimage","url":"https:\/\/recal-se.tbwebsite.com\/dk\/wp-content\/uploads\/sites\/2\/2023\/10\/EU5100055_baritone_40_slate_a-scaled-1.png","contentUrl":"https:\/\/recal-se.tbwebsite.com\/dk\/wp-content\/uploads\/sites\/2\/2023\/10\/EU5100055_baritone_40_slate_a-scaled-1.png","width":1400,"height":1400},{"@type":"BreadcrumbList","@id":"https:\/\/recal-se.tbwebsite.com\/dk\/plantekasser\/urtepotte-bariton\/#breadcrumb","itemListElement":[{"@type":"ListItem","position":1,"name":"Home","item":"https:\/\/recal-se.tbwebsite.com\/dk\/"},{"@type":"ListItem","position":2,"name":"Shop","item":"https:\/\/recal-se.tbwebsite.com\/dk\/shop\/"},{"@type":"ListItem","position":3,"name":"Urtepotte &#8211; Bariton"}]},{"@type":"WebSite","@id":"https:\/\/recal-se.tbwebsite.com\/dk\/#website","url":"https:\/\/recal-se.tbwebsite.com\/dk\/","name":"Recal Danmark","description":"Tr\u00e4dg\u00e5rdsprodukter tillverkade i aluminium fr\u00e5n Sm\u00e5land","publisher":{"@id":"https:\/\/recal-se.tbwebsite.com\/dk\/#organization"},"potentialAction":[{"@type":"SearchAction","target":{"@type":"EntryPoint","urlTemplate":"https:\/\/recal-se.tbwebsite.com\/dk\/?s={search_term_string}"},"query-input":"required name=search_term_string"}],"inLanguage":"da-DK"},{"@type":"Organization","@id":"https:\/\/recal-se.tbwebsite.com\/dk\/#organization","name":"Recal Danmark","url":"https:\/\/recal-se.tbwebsite.com\/dk\/","logo":{"@type":"ImageObject","inLanguage":"da-DK","@id":"https:\/\/recal-se.tbwebsite.com\/dk\/#\/schema\/logo\/image\/","url":"https:\/\/recal-se.tbwebsite.com\/dk\/wp-content\/uploads\/sites\/2\/2020\/06\/recal-logotype_svart_1.png","contentUrl":"https:\/\/recal-se.tbwebsite.com\/dk\/wp-content\/uploads\/sites\/2\/2020\/06\/recal-logotype_svart_1.png","width":260,"height":52,"caption":"Recal Danmark"},"image":{"@id":"https:\/\/recal-se.tbwebsite.com\/dk\/#\/schema\/logo\/image\/"}}]}},"_links":{"self":[{"href":"https:\/\/recal-se.tbwebsite.com\/dk\/wp-json\/wp\/v2\/product\/4883"}],"collection":[{"href":"https:\/\/recal-se.tbwebsite.com\/dk\/wp-json\/wp\/v2\/product"}],"about":[{"href":"https:\/\/recal-se.tbwebsite.com\/dk\/wp-json\/wp\/v2\/types\/product"}],"replies":[{"embeddable":true,"href":"https:\/\/recal-se.tbwebsite.com\/dk\/wp-json\/wp\/v2\/comments?post=4883"}],"version-history":[{"count":7,"href":"https:\/\/recal-se.tbwebsite.com\/dk\/wp-json\/wp\/v2\/product\/4883\/revisions"}],"predecessor-version":[{"id":15278,"href":"https:\/\/recal-se.tbwebsite.com\/dk\/wp-json\/wp\/v2\/product\/4883\/revisions\/15278"}],"wp:featuredmedia":[{"embeddable":true,"href":"https:\/\/recal-se.tbwebsite.com\/dk\/wp-json\/wp\/v2\/media\/5181"}],"wp:attachment":[{"href":"https:\/\/recal-se.tbwebsite.com\/dk\/wp-json\/wp\/v2\/media?parent=4883"}],"wp:term":[{"taxonomy":"product_cat","embeddable":true,"href":"https:\/\/recal-se.tbwebsite.com\/dk\/wp-json\/wp\/v2\/product_cat?post=4883"},{"taxonomy":"product_tag","embeddable":true,"href":"https:\/\/recal-se.tbwebsite.com\/dk\/wp-json\/wp\/v2\/product_tag?post=4883"}],"curies":[{"name":"wp","href":"https:\/\/api.w.org\/{rel}","templated":true}]}}