{"id":462,"date":"2020-06-01T14:53:58","date_gmt":"2020-06-01T14:53:58","guid":{"rendered":"https:\/\/recal-se.tbwebsite.com\/?post_type=product&#038;p=462"},"modified":"2024-02-13T08:18:51","modified_gmt":"2024-02-13T08:18:51","slug":"bolmen-2","status":"publish","type":"product","link":"https:\/\/recal-se.tbwebsite.com\/dk\/hegn\/bolmen-2\/","title":{"rendered":"Bolmen"},"content":{"rendered":"<h6>Bolmen staketstolpe<\/h6>\n<p>Bolmen staketstolpe \u00e4r fin som avgr\u00e4nsning i tr\u00e4dg\u00e5rden och eftersom den \u00e4r tillverkad i <a href=\"https:\/\/recal.se\/om-oss\/#aluminium\">aluminium<\/a> som ger en l\u00e5ng livsl\u00e4ngd tack vare att materialet \u00e4r <a href=\"https:\/\/recal.se\/om-oss\/#aluminium\">rostfritt<\/a>. De kvalitativa stolparna har en dimension om 70 x 70 mm, med en godstjocklek som \u00e4r hela 2 mm. Det g\u00f6r det till en stabil och gedigen staketstolpe som du ocks\u00e5 kan v\u00e4lja f\u00e4rg p\u00e5. Stolparna finns i tre f\u00e4rger: naturanodiserad eller vitlackerad (RAL 9010) eller mattsvart (RAL 9005).<\/p>\n<p>Bolmen staketstolpe \u00e4r perfekt som en inramning av din tr\u00e4dg\u00e5rd. Med h\u00f6jder efter dina behov h\u00e5ller den tr\u00e4dg\u00e5rden \u00f6ppen och ramar in huset samtidigt som den s\u00e4tter tydliga gr\u00e4nser f\u00f6r din tomt. Anv\u00e4nd h\u00f6rn-, mellan- och \u00e4ndstolpar f\u00f6r att bygga det staket som passar just din situation och tomt.<\/p>\n<p><strong>Staketstolpe<br \/>\n<\/strong>T\u00e4nk p\u00e5 att best\u00e4lla r\u00e4tt stolptyper f\u00f6r ditt \u00e4ndam\u00e5l (mellanstolpar, h\u00f6rnstolpar, \u00e4ndstolpar).<\/p>\n<p><strong>Stolphatt<br \/>\n<\/strong>Stolphatt g\u00e5r att f\u00e5 i svart plast eller av aluminium i valfri kul\u00f6r.<\/p>\n<p>https:\/\/recal.se\/produkt\/stolphatt-aluminium\/<\/p>\n<p><strong>Stolpfot<\/strong><br \/>\nKom ih\u00e5g att best\u00e4lla en stolpfot till varje stolpe.<\/p>\n<p>https:\/\/recal.se\/produkt\/stolpfot\/<\/p>\n<p><strong>Montageskruv<\/strong><\/p>\n<p>Gl\u00f6m inte att best\u00e4lla montageskruv f\u00f6r montering av tr\u00e4reglar.<\/p>\n<p>https:\/\/recal.se\/produkt\/montageskruv-4-x-40-rf-for-montering-i-trareglar-100st\/<\/p>\n<p><strong>Montering<br \/>\n<\/strong>K\u00f6p valfritt impregnerat virke om 45 x 45 mm hos din lokala bygghandlare. S\u00e4kerst\u00e4ll att virket inte har sv\u00e4llt f\u00f6r mycket (det f\u00f6rsv\u00e5rar monteringen), sedan beh\u00f6ver du \u00e4ven f\u00f6ljande verktyg:<\/p>\n<ul>\n<li>M\u00e5ttband<\/li>\n<li>Skruvdragare med bits och borr<\/li>\n<li>Gummiklubba (f\u00f6r att montera foten p\u00e5 stolpen)<\/li>\n<\/ul>\n<p>Montera reglarna med hj\u00e4lp av f\u00e4stet p\u00e5 baksidan av stolparna och montera alltid staketet s\u00e5 att det blir stabilt &#8211; rekommendation \u00e4r max 150 cm mellan stolparna samt att du alltid placerar ut stolparna innan du skruvar fast virket f\u00f6r att s\u00e4kerst\u00e4lla att din best\u00e4llning blev korrekt.<\/p>\n<p><a href=\"https:\/\/recal.se\/wp-content\/uploads\/2021\/06\/recal-forklaring_stolpvarianter-scaled.jpg\" target=\"_blank\" rel=\"noopener\">Monteringsprincip<\/a><\/p>\n","protected":false},"excerpt":{"rendered":"<p>Gedigna stolpar i aluminum som passar b\u00e5de som altanr\u00e4cke och regelr\u00e4tt staket. Det \u00e4r dessutom enkelt att montera \u2013 du beh\u00f6ver bara impregnerat virke med standardm\u00e5ttet tv\u00e5 tum tv\u00e5.<\/p>\n<p>Bolmen kan levereras i valfri h\u00f6jd &amp; 45 graders h\u00f6rn.<\/p>\n<p>F\u00f6r komplett produkt, best\u00e4ll- Stolpfot, Stolphatt samt monteringskruv f\u00f6r tr\u00e4 samtidigt!<\/p>\n<p><a href=\"mailto:adam@recal.se\">Kontakta oss<\/a> f\u00f6r mer information.<\/p>\n","protected":false},"featured_media":5538,"comment_status":"open","ping_status":"closed","template":"","meta":{"_acf_changed":false},"product_cat":[333,16],"product_tag":[],"composite_virtual":false,"composite_layout":"","composite_add_to_cart_form_location":"","composite_editable_in_cart":false,"composite_sold_individually_context":"","composite_shop_price_calc":"","composite_components":[],"composite_scenarios":[],"acf":[],"yoast_head":"<!-- This site is optimized with the Yoast SEO plugin v22.2 - https:\/\/yoast.com\/wordpress\/plugins\/seo\/ -->\n<title>Staketstolpe Bolmen - Recal Danmark<\/title>\n<meta name=\"description\" content=\"Bolmen Staketstolpe i aluminum som passar bra som altanr\u00e4cke eller som avsk\u00e4rmning. Dessutom enkelt att montera med standardvirke tv\u00e5 tum tv\u00e5.\" \/>\n<meta name=\"robots\" content=\"index, follow, max-snippet:-1, max-image-preview:large, max-video-preview:-1\" \/>\n<link rel=\"canonical\" href=\"https:\/\/recal-se.tbwebsite.com\/dk\/hegn\/bolmen-2\/\" \/>\n<meta property=\"og:locale\" content=\"da_DK\" \/>\n<meta property=\"og:type\" content=\"article\" \/>\n<meta property=\"og:title\" content=\"Staketstolpe Bolmen - Recal Danmark\" \/>\n<meta property=\"og:description\" content=\"Bolmen Staketstolpe i aluminum som passar bra som altanr\u00e4cke eller som avsk\u00e4rmning. Dessutom enkelt att montera med standardvirke tv\u00e5 tum tv\u00e5.\" \/>\n<meta property=\"og:url\" content=\"https:\/\/recal-se.tbwebsite.com\/dk\/hegn\/bolmen-2\/\" \/>\n<meta property=\"og:site_name\" content=\"Recal Danmark\" \/>\n<meta property=\"article:modified_time\" content=\"2024-02-13T08:18:51+00:00\" \/>\n<meta property=\"og:image\" content=\"https:\/\/recal-se.tbwebsite.com\/dk\/wp-content\/uploads\/sites\/2\/2020\/06\/45x45-1.png\" \/>\n\t<meta property=\"og:image:width\" content=\"1386\" \/>\n\t<meta property=\"og:image:height\" content=\"1386\" \/>\n\t<meta property=\"og:image:type\" content=\"image\/png\" \/>\n<meta name=\"twitter:card\" content=\"summary_large_image\" \/>\n<meta name=\"twitter:label1\" content=\"Estimeret l\u00e6setid\" \/>\n\t<meta name=\"twitter:data1\" content=\"2 minutter\" \/>\n<script type=\"application\/ld+json\" class=\"yoast-schema-graph\">{\"@context\":\"https:\/\/schema.org\",\"@graph\":[{\"@type\":\"WebPage\",\"@id\":\"https:\/\/recal-se.tbwebsite.com\/dk\/hegn\/bolmen-2\/\",\"url\":\"https:\/\/recal-se.tbwebsite.com\/dk\/hegn\/bolmen-2\/\",\"name\":\"Staketstolpe Bolmen - Recal Danmark\",\"isPartOf\":{\"@id\":\"https:\/\/recal-se.tbwebsite.com\/dk\/#website\"},\"primaryImageOfPage\":{\"@id\":\"https:\/\/recal-se.tbwebsite.com\/dk\/hegn\/bolmen-2\/#primaryimage\"},\"image\":{\"@id\":\"https:\/\/recal-se.tbwebsite.com\/dk\/hegn\/bolmen-2\/#primaryimage\"},\"thumbnailUrl\":\"https:\/\/recal-se.tbwebsite.com\/dk\/wp-content\/uploads\/sites\/2\/2020\/06\/45x45-1.png\",\"datePublished\":\"2020-06-01T14:53:58+00:00\",\"dateModified\":\"2024-02-13T08:18:51+00:00\",\"description\":\"Bolmen Staketstolpe i aluminum som passar bra som altanr\u00e4cke eller som avsk\u00e4rmning. Dessutom enkelt att montera med standardvirke tv\u00e5 tum tv\u00e5.\",\"breadcrumb\":{\"@id\":\"https:\/\/recal-se.tbwebsite.com\/dk\/hegn\/bolmen-2\/#breadcrumb\"},\"inLanguage\":\"da-DK\",\"potentialAction\":[{\"@type\":\"ReadAction\",\"target\":[\"https:\/\/recal-se.tbwebsite.com\/dk\/hegn\/bolmen-2\/\"]}]},{\"@type\":\"ImageObject\",\"inLanguage\":\"da-DK\",\"@id\":\"https:\/\/recal-se.tbwebsite.com\/dk\/hegn\/bolmen-2\/#primaryimage\",\"url\":\"https:\/\/recal-se.tbwebsite.com\/dk\/wp-content\/uploads\/sites\/2\/2020\/06\/45x45-1.png\",\"contentUrl\":\"https:\/\/recal-se.tbwebsite.com\/dk\/wp-content\/uploads\/sites\/2\/2020\/06\/45x45-1.png\",\"width\":1386,\"height\":1386},{\"@type\":\"BreadcrumbList\",\"@id\":\"https:\/\/recal-se.tbwebsite.com\/dk\/hegn\/bolmen-2\/#breadcrumb\",\"itemListElement\":[{\"@type\":\"ListItem\",\"position\":1,\"name\":\"Home\",\"item\":\"https:\/\/recal-se.tbwebsite.com\/dk\/\"},{\"@type\":\"ListItem\",\"position\":2,\"name\":\"Shop\",\"item\":\"https:\/\/recal-se.tbwebsite.com\/dk\/shop\/\"},{\"@type\":\"ListItem\",\"position\":3,\"name\":\"Bolmen\"}]},{\"@type\":\"WebSite\",\"@id\":\"https:\/\/recal-se.tbwebsite.com\/dk\/#website\",\"url\":\"https:\/\/recal-se.tbwebsite.com\/dk\/\",\"name\":\"Recal Danmark\",\"description\":\"Tr\u00e4dg\u00e5rdsprodukter tillverkade i aluminium fr\u00e5n Sm\u00e5land\",\"publisher\":{\"@id\":\"https:\/\/recal-se.tbwebsite.com\/dk\/#organization\"},\"potentialAction\":[{\"@type\":\"SearchAction\",\"target\":{\"@type\":\"EntryPoint\",\"urlTemplate\":\"https:\/\/recal-se.tbwebsite.com\/dk\/?s={search_term_string}\"},\"query-input\":\"required name=search_term_string\"}],\"inLanguage\":\"da-DK\"},{\"@type\":\"Organization\",\"@id\":\"https:\/\/recal-se.tbwebsite.com\/dk\/#organization\",\"name\":\"Recal Danmark\",\"url\":\"https:\/\/recal-se.tbwebsite.com\/dk\/\",\"logo\":{\"@type\":\"ImageObject\",\"inLanguage\":\"da-DK\",\"@id\":\"https:\/\/recal-se.tbwebsite.com\/dk\/#\/schema\/logo\/image\/\",\"url\":\"https:\/\/recal-se.tbwebsite.com\/dk\/wp-content\/uploads\/sites\/2\/2020\/06\/recal-logotype_svart_1.png\",\"contentUrl\":\"https:\/\/recal-se.tbwebsite.com\/dk\/wp-content\/uploads\/sites\/2\/2020\/06\/recal-logotype_svart_1.png\",\"width\":260,\"height\":52,\"caption\":\"Recal Danmark\"},\"image\":{\"@id\":\"https:\/\/recal-se.tbwebsite.com\/dk\/#\/schema\/logo\/image\/\"}}]}<\/script>\n<!-- \/ Yoast SEO plugin. -->","yoast_head_json":{"title":"Staketstolpe Bolmen - Recal Danmark","description":"Bolmen Staketstolpe i aluminum som passar bra som altanr\u00e4cke eller som avsk\u00e4rmning. Dessutom enkelt att montera med standardvirke tv\u00e5 tum tv\u00e5.","robots":{"index":"index","follow":"follow","max-snippet":"max-snippet:-1","max-image-preview":"max-image-preview:large","max-video-preview":"max-video-preview:-1"},"canonical":"https:\/\/recal-se.tbwebsite.com\/dk\/hegn\/bolmen-2\/","og_locale":"da_DK","og_type":"article","og_title":"Staketstolpe Bolmen - Recal Danmark","og_description":"Bolmen Staketstolpe i aluminum som passar bra som altanr\u00e4cke eller som avsk\u00e4rmning. Dessutom enkelt att montera med standardvirke tv\u00e5 tum tv\u00e5.","og_url":"https:\/\/recal-se.tbwebsite.com\/dk\/hegn\/bolmen-2\/","og_site_name":"Recal Danmark","article_modified_time":"2024-02-13T08:18:51+00:00","og_image":[{"width":1386,"height":1386,"url":"https:\/\/recal-se.tbwebsite.com\/dk\/wp-content\/uploads\/sites\/2\/2020\/06\/45x45-1.png","type":"image\/png"}],"twitter_card":"summary_large_image","twitter_misc":{"Estimeret l\u00e6setid":"2 minutter"},"schema":{"@context":"https:\/\/schema.org","@graph":[{"@type":"WebPage","@id":"https:\/\/recal-se.tbwebsite.com\/dk\/hegn\/bolmen-2\/","url":"https:\/\/recal-se.tbwebsite.com\/dk\/hegn\/bolmen-2\/","name":"Staketstolpe Bolmen - Recal Danmark","isPartOf":{"@id":"https:\/\/recal-se.tbwebsite.com\/dk\/#website"},"primaryImageOfPage":{"@id":"https:\/\/recal-se.tbwebsite.com\/dk\/hegn\/bolmen-2\/#primaryimage"},"image":{"@id":"https:\/\/recal-se.tbwebsite.com\/dk\/hegn\/bolmen-2\/#primaryimage"},"thumbnailUrl":"https:\/\/recal-se.tbwebsite.com\/dk\/wp-content\/uploads\/sites\/2\/2020\/06\/45x45-1.png","datePublished":"2020-06-01T14:53:58+00:00","dateModified":"2024-02-13T08:18:51+00:00","description":"Bolmen Staketstolpe i aluminum som passar bra som altanr\u00e4cke eller som avsk\u00e4rmning. Dessutom enkelt att montera med standardvirke tv\u00e5 tum tv\u00e5.","breadcrumb":{"@id":"https:\/\/recal-se.tbwebsite.com\/dk\/hegn\/bolmen-2\/#breadcrumb"},"inLanguage":"da-DK","potentialAction":[{"@type":"ReadAction","target":["https:\/\/recal-se.tbwebsite.com\/dk\/hegn\/bolmen-2\/"]}]},{"@type":"ImageObject","inLanguage":"da-DK","@id":"https:\/\/recal-se.tbwebsite.com\/dk\/hegn\/bolmen-2\/#primaryimage","url":"https:\/\/recal-se.tbwebsite.com\/dk\/wp-content\/uploads\/sites\/2\/2020\/06\/45x45-1.png","contentUrl":"https:\/\/recal-se.tbwebsite.com\/dk\/wp-content\/uploads\/sites\/2\/2020\/06\/45x45-1.png","width":1386,"height":1386},{"@type":"BreadcrumbList","@id":"https:\/\/recal-se.tbwebsite.com\/dk\/hegn\/bolmen-2\/#breadcrumb","itemListElement":[{"@type":"ListItem","position":1,"name":"Home","item":"https:\/\/recal-se.tbwebsite.com\/dk\/"},{"@type":"ListItem","position":2,"name":"Shop","item":"https:\/\/recal-se.tbwebsite.com\/dk\/shop\/"},{"@type":"ListItem","position":3,"name":"Bolmen"}]},{"@type":"WebSite","@id":"https:\/\/recal-se.tbwebsite.com\/dk\/#website","url":"https:\/\/recal-se.tbwebsite.com\/dk\/","name":"Recal Danmark","description":"Tr\u00e4dg\u00e5rdsprodukter tillverkade i aluminium fr\u00e5n Sm\u00e5land","publisher":{"@id":"https:\/\/recal-se.tbwebsite.com\/dk\/#organization"},"potentialAction":[{"@type":"SearchAction","target":{"@type":"EntryPoint","urlTemplate":"https:\/\/recal-se.tbwebsite.com\/dk\/?s={search_term_string}"},"query-input":"required name=search_term_string"}],"inLanguage":"da-DK"},{"@type":"Organization","@id":"https:\/\/recal-se.tbwebsite.com\/dk\/#organization","name":"Recal Danmark","url":"https:\/\/recal-se.tbwebsite.com\/dk\/","logo":{"@type":"ImageObject","inLanguage":"da-DK","@id":"https:\/\/recal-se.tbwebsite.com\/dk\/#\/schema\/logo\/image\/","url":"https:\/\/recal-se.tbwebsite.com\/dk\/wp-content\/uploads\/sites\/2\/2020\/06\/recal-logotype_svart_1.png","contentUrl":"https:\/\/recal-se.tbwebsite.com\/dk\/wp-content\/uploads\/sites\/2\/2020\/06\/recal-logotype_svart_1.png","width":260,"height":52,"caption":"Recal Danmark"},"image":{"@id":"https:\/\/recal-se.tbwebsite.com\/dk\/#\/schema\/logo\/image\/"}}]}},"_links":{"self":[{"href":"https:\/\/recal-se.tbwebsite.com\/dk\/wp-json\/wp\/v2\/product\/462"}],"collection":[{"href":"https:\/\/recal-se.tbwebsite.com\/dk\/wp-json\/wp\/v2\/product"}],"about":[{"href":"https:\/\/recal-se.tbwebsite.com\/dk\/wp-json\/wp\/v2\/types\/product"}],"replies":[{"embeddable":true,"href":"https:\/\/recal-se.tbwebsite.com\/dk\/wp-json\/wp\/v2\/comments?post=462"}],"version-history":[{"count":7,"href":"https:\/\/recal-se.tbwebsite.com\/dk\/wp-json\/wp\/v2\/product\/462\/revisions"}],"predecessor-version":[{"id":14859,"href":"https:\/\/recal-se.tbwebsite.com\/dk\/wp-json\/wp\/v2\/product\/462\/revisions\/14859"}],"wp:featuredmedia":[{"embeddable":true,"href":"https:\/\/recal-se.tbwebsite.com\/dk\/wp-json\/wp\/v2\/media\/5538"}],"wp:attachment":[{"href":"https:\/\/recal-se.tbwebsite.com\/dk\/wp-json\/wp\/v2\/media?parent=462"}],"wp:term":[{"taxonomy":"product_cat","embeddable":true,"href":"https:\/\/recal-se.tbwebsite.com\/dk\/wp-json\/wp\/v2\/product_cat?post=462"},{"taxonomy":"product_tag","embeddable":true,"href":"https:\/\/recal-se.tbwebsite.com\/dk\/wp-json\/wp\/v2\/product_tag?post=462"}],"curies":[{"name":"wp","href":"https:\/\/api.w.org\/{rel}","templated":true}]}}