{"id":4007,"date":"2023-06-30T05:27:42","date_gmt":"2023-06-30T05:27:42","guid":{"rendered":"https:\/\/recal-se.tbwebsite.com\/?post_type=product&#038;p=4007"},"modified":"2024-03-05T14:35:20","modified_gmt":"2024-03-05T14:35:20","slug":"plantekasser-corten","status":"publish","type":"product","link":"https:\/\/recal-se.tbwebsite.com\/dk\/cortenplat\/plantekasser-corten\/","title":{"rendered":"Plantekasser Corten"},"content":{"rendered":"<p>Oplev Recals plantekasser i cortenark, perfekt til at tilf\u00f8je et elegant og designerfarvet touch til din have eller dit offentlige rum. Disse plantekasser er lavet med en imponerende tykkelse p\u00e5 1,5 mm og garanterer holdbarhed og stabilitet i lang tid fremover.<\/p>\n<p>Hver plantekasse leveres komplet og best\u00e5r af fire moduler, en bundplade og m\u00f8trikker og bolte til nem montering. Ved k\u00f8b af l\u00e6ngere modeller medf\u00f8lger ogs\u00e5 seler for ekstra stabilisering, hvilket sikrer, at plantemaskinen bevarer sin form og struktur selv under belastning.<\/p>\n<p>Recal plantekasser f\u00e5s i en bred vifte af st\u00f8rrelser, s\u00e5 du kan finde den perfekte pasform til dine behov. Uanset om du vil skabe et lille blomsterhj\u00f8rne eller en imponerende blomsterudstilling, har vi en plantekasse, der passer lige til dig.<\/p>\n<p>&nbsp;<\/p>\n<p>For at sikre, at dine planter trives i plantemaskinen, giver vi dig nogle nyttige tips inden plantning:<\/p>\n<ol>\n<li>Fyld plantemaskinen med jord helt op til kanten for at give dine planter plads nok til at vokse og sl\u00e5 rod.<\/li>\n<li>S\u00f8rg for, at planterne har korrekt dr\u00e6ning for at undg\u00e5 vandophobning og overvanding. Du kan g\u00f8re dette ved at skabe dr\u00e6nhuller i bunden eller bruge dr\u00e6ningsmaterialer som sm\u00e5 sm\u00e5sten eller ler i bunden af planteren<\/li>\n<li>Brug naturlig g\u00f8dning, s\u00e5som h\u00f8jbedjord eller kompost, for at give dine planter et n\u00e6rende og sundt milj\u00f8 at vokse i.<\/li>\n<\/ol>\n<p>&nbsp;<\/p>\n<div class=\"elementor-element elementor-element-776be42 e-con-full e-flex e-con e-child\" data-id=\"776be42\" data-element_type=\"container\" data-settings=\"{&quot;content_width&quot;:&quot;full&quot;,&quot;container_type&quot;:&quot;flex&quot;}\">\n<div class=\"elementor-element elementor-element-e2ef25a elementor-widget elementor-widget-woocommerce-product-content\" data-id=\"e2ef25a\" data-element_type=\"widget\" data-widget_type=\"woocommerce-product-content.default\">\n<div class=\"elementor-widget-container\">\n<p>Med Recals plantekasser kan du skabe en smuk og velholdt have eller et offentligt rum. Udforsk vores sortiment i dag, og lad dine planter blomstre med stil!<\/p>\n<\/div>\n<\/div>\n<\/div>\n","protected":false},"excerpt":{"rendered":"<p>Oplev Recals plantekasser i cortenark, perfekt til at tilf\u00f8je et elegant og designerfarvet touch til din have eller dit offentlige rum.<\/p>\n","protected":false},"featured_media":5285,"comment_status":"closed","ping_status":"closed","template":"","meta":{"_acf_changed":false},"product_cat":[108,115],"product_tag":[99,101,102],"composite_virtual":false,"composite_layout":"","composite_add_to_cart_form_location":"","composite_editable_in_cart":false,"composite_sold_individually_context":"","composite_shop_price_calc":"","composite_components":[],"composite_scenarios":[],"acf":[],"yoast_head":"<!-- This site is optimized with the Yoast SEO plugin v22.2 - https:\/\/yoast.com\/wordpress\/plugins\/seo\/ -->\n<title>Plantekasser Corten - Recal Danmark<\/title>\n<meta name=\"description\" content=\"Oplev Recals plantekasser i cortenark, perfekt til at tilf\u00f8je et elegant og designerfarvet touch til din have eller dit offentlige rum.\" \/>\n<meta name=\"robots\" content=\"index, follow, max-snippet:-1, max-image-preview:large, max-video-preview:-1\" \/>\n<link rel=\"canonical\" href=\"https:\/\/recal-se.tbwebsite.com\/dk\/cortenplat\/plantekasser-corten\/\" \/>\n<meta property=\"og:locale\" content=\"da_DK\" \/>\n<meta property=\"og:type\" content=\"article\" \/>\n<meta property=\"og:title\" content=\"Plantekasser Corten - Recal Danmark\" \/>\n<meta property=\"og:description\" content=\"Oplev Recals plantekasser i cortenark, perfekt til at tilf\u00f8je et elegant og designerfarvet touch til din have eller dit offentlige rum.\" \/>\n<meta property=\"og:url\" content=\"https:\/\/recal-se.tbwebsite.com\/dk\/cortenplat\/plantekasser-corten\/\" \/>\n<meta property=\"og:site_name\" content=\"Recal Danmark\" \/>\n<meta property=\"article:modified_time\" content=\"2024-03-05T14:35:20+00:00\" \/>\n<meta property=\"og:image\" content=\"https:\/\/recal-se.tbwebsite.com\/dk\/wp-content\/uploads\/sites\/2\/2023\/06\/2406060.png\" \/>\n\t<meta property=\"og:image:width\" content=\"1400\" \/>\n\t<meta property=\"og:image:height\" content=\"1400\" \/>\n\t<meta property=\"og:image:type\" content=\"image\/png\" \/>\n<meta name=\"twitter:card\" content=\"summary_large_image\" \/>\n<meta name=\"twitter:label1\" content=\"Estimeret l\u00e6setid\" \/>\n\t<meta name=\"twitter:data1\" content=\"2 minutter\" \/>\n<script type=\"application\/ld+json\" class=\"yoast-schema-graph\">{\"@context\":\"https:\/\/schema.org\",\"@graph\":[{\"@type\":\"WebPage\",\"@id\":\"https:\/\/recal-se.tbwebsite.com\/dk\/cortenplat\/plantekasser-corten\/\",\"url\":\"https:\/\/recal-se.tbwebsite.com\/dk\/cortenplat\/plantekasser-corten\/\",\"name\":\"Plantekasser Corten - Recal Danmark\",\"isPartOf\":{\"@id\":\"https:\/\/recal-se.tbwebsite.com\/dk\/#website\"},\"primaryImageOfPage\":{\"@id\":\"https:\/\/recal-se.tbwebsite.com\/dk\/cortenplat\/plantekasser-corten\/#primaryimage\"},\"image\":{\"@id\":\"https:\/\/recal-se.tbwebsite.com\/dk\/cortenplat\/plantekasser-corten\/#primaryimage\"},\"thumbnailUrl\":\"https:\/\/recal-se.tbwebsite.com\/dk\/wp-content\/uploads\/sites\/2\/2023\/06\/2406060.png\",\"datePublished\":\"2023-06-30T05:27:42+00:00\",\"dateModified\":\"2024-03-05T14:35:20+00:00\",\"description\":\"Oplev Recals plantekasser i cortenark, perfekt til at tilf\u00f8je et elegant og designerfarvet touch til din have eller dit offentlige rum.\",\"breadcrumb\":{\"@id\":\"https:\/\/recal-se.tbwebsite.com\/dk\/cortenplat\/plantekasser-corten\/#breadcrumb\"},\"inLanguage\":\"da-DK\",\"potentialAction\":[{\"@type\":\"ReadAction\",\"target\":[\"https:\/\/recal-se.tbwebsite.com\/dk\/cortenplat\/plantekasser-corten\/\"]}]},{\"@type\":\"ImageObject\",\"inLanguage\":\"da-DK\",\"@id\":\"https:\/\/recal-se.tbwebsite.com\/dk\/cortenplat\/plantekasser-corten\/#primaryimage\",\"url\":\"https:\/\/recal-se.tbwebsite.com\/dk\/wp-content\/uploads\/sites\/2\/2023\/06\/2406060.png\",\"contentUrl\":\"https:\/\/recal-se.tbwebsite.com\/dk\/wp-content\/uploads\/sites\/2\/2023\/06\/2406060.png\",\"width\":1400,\"height\":1400},{\"@type\":\"BreadcrumbList\",\"@id\":\"https:\/\/recal-se.tbwebsite.com\/dk\/cortenplat\/plantekasser-corten\/#breadcrumb\",\"itemListElement\":[{\"@type\":\"ListItem\",\"position\":1,\"name\":\"Home\",\"item\":\"https:\/\/recal-se.tbwebsite.com\/dk\/\"},{\"@type\":\"ListItem\",\"position\":2,\"name\":\"Shop\",\"item\":\"https:\/\/recal-se.tbwebsite.com\/dk\/shop\/\"},{\"@type\":\"ListItem\",\"position\":3,\"name\":\"Plantekasser Corten\"}]},{\"@type\":\"WebSite\",\"@id\":\"https:\/\/recal-se.tbwebsite.com\/dk\/#website\",\"url\":\"https:\/\/recal-se.tbwebsite.com\/dk\/\",\"name\":\"Recal Danmark\",\"description\":\"Tr\u00e4dg\u00e5rdsprodukter tillverkade i aluminium fr\u00e5n Sm\u00e5land\",\"publisher\":{\"@id\":\"https:\/\/recal-se.tbwebsite.com\/dk\/#organization\"},\"potentialAction\":[{\"@type\":\"SearchAction\",\"target\":{\"@type\":\"EntryPoint\",\"urlTemplate\":\"https:\/\/recal-se.tbwebsite.com\/dk\/?s={search_term_string}\"},\"query-input\":\"required name=search_term_string\"}],\"inLanguage\":\"da-DK\"},{\"@type\":\"Organization\",\"@id\":\"https:\/\/recal-se.tbwebsite.com\/dk\/#organization\",\"name\":\"Recal Danmark\",\"url\":\"https:\/\/recal-se.tbwebsite.com\/dk\/\",\"logo\":{\"@type\":\"ImageObject\",\"inLanguage\":\"da-DK\",\"@id\":\"https:\/\/recal-se.tbwebsite.com\/dk\/#\/schema\/logo\/image\/\",\"url\":\"https:\/\/recal-se.tbwebsite.com\/dk\/wp-content\/uploads\/sites\/2\/2020\/06\/recal-logotype_svart_1.png\",\"contentUrl\":\"https:\/\/recal-se.tbwebsite.com\/dk\/wp-content\/uploads\/sites\/2\/2020\/06\/recal-logotype_svart_1.png\",\"width\":260,\"height\":52,\"caption\":\"Recal Danmark\"},\"image\":{\"@id\":\"https:\/\/recal-se.tbwebsite.com\/dk\/#\/schema\/logo\/image\/\"}}]}<\/script>\n<!-- \/ Yoast SEO plugin. -->","yoast_head_json":{"title":"Plantekasser Corten - Recal Danmark","description":"Oplev Recals plantekasser i cortenark, perfekt til at tilf\u00f8je et elegant og designerfarvet touch til din have eller dit offentlige rum.","robots":{"index":"index","follow":"follow","max-snippet":"max-snippet:-1","max-image-preview":"max-image-preview:large","max-video-preview":"max-video-preview:-1"},"canonical":"https:\/\/recal-se.tbwebsite.com\/dk\/cortenplat\/plantekasser-corten\/","og_locale":"da_DK","og_type":"article","og_title":"Plantekasser Corten - Recal Danmark","og_description":"Oplev Recals plantekasser i cortenark, perfekt til at tilf\u00f8je et elegant og designerfarvet touch til din have eller dit offentlige rum.","og_url":"https:\/\/recal-se.tbwebsite.com\/dk\/cortenplat\/plantekasser-corten\/","og_site_name":"Recal Danmark","article_modified_time":"2024-03-05T14:35:20+00:00","og_image":[{"width":1400,"height":1400,"url":"https:\/\/recal-se.tbwebsite.com\/dk\/wp-content\/uploads\/sites\/2\/2023\/06\/2406060.png","type":"image\/png"}],"twitter_card":"summary_large_image","twitter_misc":{"Estimeret l\u00e6setid":"2 minutter"},"schema":{"@context":"https:\/\/schema.org","@graph":[{"@type":"WebPage","@id":"https:\/\/recal-se.tbwebsite.com\/dk\/cortenplat\/plantekasser-corten\/","url":"https:\/\/recal-se.tbwebsite.com\/dk\/cortenplat\/plantekasser-corten\/","name":"Plantekasser Corten - Recal Danmark","isPartOf":{"@id":"https:\/\/recal-se.tbwebsite.com\/dk\/#website"},"primaryImageOfPage":{"@id":"https:\/\/recal-se.tbwebsite.com\/dk\/cortenplat\/plantekasser-corten\/#primaryimage"},"image":{"@id":"https:\/\/recal-se.tbwebsite.com\/dk\/cortenplat\/plantekasser-corten\/#primaryimage"},"thumbnailUrl":"https:\/\/recal-se.tbwebsite.com\/dk\/wp-content\/uploads\/sites\/2\/2023\/06\/2406060.png","datePublished":"2023-06-30T05:27:42+00:00","dateModified":"2024-03-05T14:35:20+00:00","description":"Oplev Recals plantekasser i cortenark, perfekt til at tilf\u00f8je et elegant og designerfarvet touch til din have eller dit offentlige rum.","breadcrumb":{"@id":"https:\/\/recal-se.tbwebsite.com\/dk\/cortenplat\/plantekasser-corten\/#breadcrumb"},"inLanguage":"da-DK","potentialAction":[{"@type":"ReadAction","target":["https:\/\/recal-se.tbwebsite.com\/dk\/cortenplat\/plantekasser-corten\/"]}]},{"@type":"ImageObject","inLanguage":"da-DK","@id":"https:\/\/recal-se.tbwebsite.com\/dk\/cortenplat\/plantekasser-corten\/#primaryimage","url":"https:\/\/recal-se.tbwebsite.com\/dk\/wp-content\/uploads\/sites\/2\/2023\/06\/2406060.png","contentUrl":"https:\/\/recal-se.tbwebsite.com\/dk\/wp-content\/uploads\/sites\/2\/2023\/06\/2406060.png","width":1400,"height":1400},{"@type":"BreadcrumbList","@id":"https:\/\/recal-se.tbwebsite.com\/dk\/cortenplat\/plantekasser-corten\/#breadcrumb","itemListElement":[{"@type":"ListItem","position":1,"name":"Home","item":"https:\/\/recal-se.tbwebsite.com\/dk\/"},{"@type":"ListItem","position":2,"name":"Shop","item":"https:\/\/recal-se.tbwebsite.com\/dk\/shop\/"},{"@type":"ListItem","position":3,"name":"Plantekasser Corten"}]},{"@type":"WebSite","@id":"https:\/\/recal-se.tbwebsite.com\/dk\/#website","url":"https:\/\/recal-se.tbwebsite.com\/dk\/","name":"Recal Danmark","description":"Tr\u00e4dg\u00e5rdsprodukter tillverkade i aluminium fr\u00e5n Sm\u00e5land","publisher":{"@id":"https:\/\/recal-se.tbwebsite.com\/dk\/#organization"},"potentialAction":[{"@type":"SearchAction","target":{"@type":"EntryPoint","urlTemplate":"https:\/\/recal-se.tbwebsite.com\/dk\/?s={search_term_string}"},"query-input":"required name=search_term_string"}],"inLanguage":"da-DK"},{"@type":"Organization","@id":"https:\/\/recal-se.tbwebsite.com\/dk\/#organization","name":"Recal Danmark","url":"https:\/\/recal-se.tbwebsite.com\/dk\/","logo":{"@type":"ImageObject","inLanguage":"da-DK","@id":"https:\/\/recal-se.tbwebsite.com\/dk\/#\/schema\/logo\/image\/","url":"https:\/\/recal-se.tbwebsite.com\/dk\/wp-content\/uploads\/sites\/2\/2020\/06\/recal-logotype_svart_1.png","contentUrl":"https:\/\/recal-se.tbwebsite.com\/dk\/wp-content\/uploads\/sites\/2\/2020\/06\/recal-logotype_svart_1.png","width":260,"height":52,"caption":"Recal Danmark"},"image":{"@id":"https:\/\/recal-se.tbwebsite.com\/dk\/#\/schema\/logo\/image\/"}}]}},"_links":{"self":[{"href":"https:\/\/recal-se.tbwebsite.com\/dk\/wp-json\/wp\/v2\/product\/4007"}],"collection":[{"href":"https:\/\/recal-se.tbwebsite.com\/dk\/wp-json\/wp\/v2\/product"}],"about":[{"href":"https:\/\/recal-se.tbwebsite.com\/dk\/wp-json\/wp\/v2\/types\/product"}],"replies":[{"embeddable":true,"href":"https:\/\/recal-se.tbwebsite.com\/dk\/wp-json\/wp\/v2\/comments?post=4007"}],"version-history":[{"count":10,"href":"https:\/\/recal-se.tbwebsite.com\/dk\/wp-json\/wp\/v2\/product\/4007\/revisions"}],"predecessor-version":[{"id":15182,"href":"https:\/\/recal-se.tbwebsite.com\/dk\/wp-json\/wp\/v2\/product\/4007\/revisions\/15182"}],"wp:featuredmedia":[{"embeddable":true,"href":"https:\/\/recal-se.tbwebsite.com\/dk\/wp-json\/wp\/v2\/media\/5285"}],"wp:attachment":[{"href":"https:\/\/recal-se.tbwebsite.com\/dk\/wp-json\/wp\/v2\/media?parent=4007"}],"wp:term":[{"taxonomy":"product_cat","embeddable":true,"href":"https:\/\/recal-se.tbwebsite.com\/dk\/wp-json\/wp\/v2\/product_cat?post=4007"},{"taxonomy":"product_tag","embeddable":true,"href":"https:\/\/recal-se.tbwebsite.com\/dk\/wp-json\/wp\/v2\/product_tag?post=4007"}],"curies":[{"name":"wp","href":"https:\/\/api.w.org\/{rel}","templated":true}]}}