{"id":3985,"date":"2023-06-29T12:35:34","date_gmt":"2023-06-29T12:35:34","guid":{"rendered":"https:\/\/recal-se.tbwebsite.com\/?post_type=product&#038;p=3985"},"modified":"2024-02-06T06:39:16","modified_gmt":"2024-02-06T06:39:16","slug":"blomlador-planteringskarl-farger","status":"publish","type":"product","link":"https:\/\/recal-se.tbwebsite.com\/dk\/plantekasser\/blomlador-planteringskarl-farger\/","title":{"rendered":"Plantekasse Sort"},"content":{"rendered":"<p>Oplev Recals plantekasser i varmgalvaniseret metalplade, som derefter males med en pulverlakering, perfekt til at tilf\u00f8je et elegant og designeragtigt touch til din have eller dit offentlige rum. Disse plantekasser er lavet med en imponerende tykkelse p\u00e5 1,5 mm og garanterer holdbarhed og stabilitet i lang tid fremover.<\/p>\n<p>Hver plantekasse leveres komplet og best\u00e5r af fire moduler, en bundplade og m\u00f8trikker og bolte til nem montering. Ved k\u00f8b af l\u00e6ngere modeller medf\u00f8lger ogs\u00e5 seler for ekstra stabilisering, hvilket sikrer, at plantekasser bevarer sin form og struktur selv under belastning.<\/p>\n<p>Recal plantekasser f\u00e5s i en bred vifte af st\u00f8rrelser, s\u00e5 du kan finde den perfekte pasform til dine behov. Uanset om du vil skabe et lille blomsterhj\u00f8rne eller en imponerende blomsterudstilling, har vi en plantekasse, der passer lige til dig.<\/p>\n<p>&nbsp;<\/p>\n<p>For at sikre, at dine planter trives i plantemaskinen, giver vi dig nogle nyttige tips inden plantning:<\/p>\n<ol>\n<li>Fyld plantemaskinen med jord helt op til kanten for at give dine planter plads nok til at vokse og sl\u00e5 rod.<\/li>\n<li>S\u00f8rg for, at planterne har korrekt dr\u00e6ning for at undg\u00e5 vandophobning og overvanding. Du kan g\u00f8re dette ved at skabe dr\u00e6nhuller i bunden eller bruge dr\u00e6ningsmaterialer som sm\u00e5 sm\u00e5sten eller ler i bunden af planteren.<\/li>\n<li>Brug naturlig g\u00f8dning, s\u00e5som h\u00f8jbedjord eller kompost, for at give dine planter et n\u00e6rende og sundt milj\u00f8 at vokse i.<\/li>\n<\/ol>\n<p>&nbsp;<\/p>\n<p>Med Recals plantekasser kan du skabe en smuk og velholdt have eller et offentligt rum. Udforsk vores sortiment i dag, og lad dine planter blomstre med stil!<\/p>\n","protected":false},"excerpt":{"rendered":"<p>Oplev Recals plantekasser i varmgalvaniseret metalplade, som derefter males med en pulverlakering, perfekt til at tilf\u00f8je et elegant og designeragtigt touch til din have eller dit offentlige rum. Disse plantekasser er lavet med en imponerende tykkelse p\u00e5 1,5 mm og garanterer holdbarhed og stabilitet i lang tid fremover.<\/p>\n","protected":false},"featured_media":5300,"comment_status":"closed","ping_status":"closed","template":"","meta":{"_acf_changed":false},"product_cat":[115],"product_tag":[278],"composite_virtual":false,"composite_layout":"","composite_add_to_cart_form_location":"","composite_editable_in_cart":false,"composite_sold_individually_context":"","composite_shop_price_calc":"","composite_components":[],"composite_scenarios":[],"acf":[],"yoast_head":"<!-- This site is optimized with the Yoast SEO plugin v22.2 - https:\/\/yoast.com\/wordpress\/plugins\/seo\/ -->\n<title>Plantekasse Sort - Recal Danmark<\/title>\n<meta name=\"description\" content=\"Oplev Recals plantekasser i varmgalvaniseret metalplade, som derefter males med en pulverlakering. Perfekt til at tilf\u00f8je et elegant og designeragtigt touch til din have eller dit offentlige rum.\" \/>\n<meta name=\"robots\" content=\"index, follow, max-snippet:-1, max-image-preview:large, max-video-preview:-1\" \/>\n<link rel=\"canonical\" href=\"https:\/\/recal-se.tbwebsite.com\/dk\/plantekasser\/blomlador-planteringskarl-farger\/\" \/>\n<meta property=\"og:locale\" content=\"da_DK\" \/>\n<meta property=\"og:type\" content=\"article\" \/>\n<meta property=\"og:title\" content=\"Plantekasse Sort - Recal Danmark\" \/>\n<meta property=\"og:description\" content=\"Oplev Recals plantekasser i varmgalvaniseret metalplade, som derefter males med en pulverlakering. Perfekt til at tilf\u00f8je et elegant og designeragtigt touch til din have eller dit offentlige rum.\" \/>\n<meta property=\"og:url\" content=\"https:\/\/recal-se.tbwebsite.com\/dk\/plantekasser\/blomlador-planteringskarl-farger\/\" \/>\n<meta property=\"og:site_name\" content=\"Recal Danmark\" \/>\n<meta property=\"article:modified_time\" content=\"2024-02-06T06:39:16+00:00\" \/>\n<meta property=\"og:image\" content=\"https:\/\/recal-se.tbwebsite.com\/dk\/wp-content\/uploads\/sites\/2\/2023\/06\/S2403060.png\" \/>\n\t<meta property=\"og:image:width\" content=\"1400\" \/>\n\t<meta property=\"og:image:height\" content=\"1400\" \/>\n\t<meta property=\"og:image:type\" content=\"image\/png\" \/>\n<meta name=\"twitter:card\" content=\"summary_large_image\" \/>\n<meta name=\"twitter:label1\" content=\"Estimeret l\u00e6setid\" \/>\n\t<meta name=\"twitter:data1\" content=\"2 minutter\" \/>\n<script type=\"application\/ld+json\" class=\"yoast-schema-graph\">{\"@context\":\"https:\/\/schema.org\",\"@graph\":[{\"@type\":\"WebPage\",\"@id\":\"https:\/\/recal-se.tbwebsite.com\/dk\/plantekasser\/blomlador-planteringskarl-farger\/\",\"url\":\"https:\/\/recal-se.tbwebsite.com\/dk\/plantekasser\/blomlador-planteringskarl-farger\/\",\"name\":\"Plantekasse Sort - Recal Danmark\",\"isPartOf\":{\"@id\":\"https:\/\/recal-se.tbwebsite.com\/dk\/#website\"},\"primaryImageOfPage\":{\"@id\":\"https:\/\/recal-se.tbwebsite.com\/dk\/plantekasser\/blomlador-planteringskarl-farger\/#primaryimage\"},\"image\":{\"@id\":\"https:\/\/recal-se.tbwebsite.com\/dk\/plantekasser\/blomlador-planteringskarl-farger\/#primaryimage\"},\"thumbnailUrl\":\"https:\/\/recal-se.tbwebsite.com\/dk\/wp-content\/uploads\/sites\/2\/2023\/06\/S2403060.png\",\"datePublished\":\"2023-06-29T12:35:34+00:00\",\"dateModified\":\"2024-02-06T06:39:16+00:00\",\"description\":\"Oplev Recals plantekasser i varmgalvaniseret metalplade, som derefter males med en pulverlakering. Perfekt til at tilf\u00f8je et elegant og designeragtigt touch til din have eller dit offentlige rum.\",\"breadcrumb\":{\"@id\":\"https:\/\/recal-se.tbwebsite.com\/dk\/plantekasser\/blomlador-planteringskarl-farger\/#breadcrumb\"},\"inLanguage\":\"da-DK\",\"potentialAction\":[{\"@type\":\"ReadAction\",\"target\":[\"https:\/\/recal-se.tbwebsite.com\/dk\/plantekasser\/blomlador-planteringskarl-farger\/\"]}]},{\"@type\":\"ImageObject\",\"inLanguage\":\"da-DK\",\"@id\":\"https:\/\/recal-se.tbwebsite.com\/dk\/plantekasser\/blomlador-planteringskarl-farger\/#primaryimage\",\"url\":\"https:\/\/recal-se.tbwebsite.com\/dk\/wp-content\/uploads\/sites\/2\/2023\/06\/S2403060.png\",\"contentUrl\":\"https:\/\/recal-se.tbwebsite.com\/dk\/wp-content\/uploads\/sites\/2\/2023\/06\/S2403060.png\",\"width\":1400,\"height\":1400},{\"@type\":\"BreadcrumbList\",\"@id\":\"https:\/\/recal-se.tbwebsite.com\/dk\/plantekasser\/blomlador-planteringskarl-farger\/#breadcrumb\",\"itemListElement\":[{\"@type\":\"ListItem\",\"position\":1,\"name\":\"Home\",\"item\":\"https:\/\/recal-se.tbwebsite.com\/dk\/\"},{\"@type\":\"ListItem\",\"position\":2,\"name\":\"Shop\",\"item\":\"https:\/\/recal-se.tbwebsite.com\/dk\/shop\/\"},{\"@type\":\"ListItem\",\"position\":3,\"name\":\"Plantekasse Sort\"}]},{\"@type\":\"WebSite\",\"@id\":\"https:\/\/recal-se.tbwebsite.com\/dk\/#website\",\"url\":\"https:\/\/recal-se.tbwebsite.com\/dk\/\",\"name\":\"Recal Danmark\",\"description\":\"Tr\u00e4dg\u00e5rdsprodukter tillverkade i aluminium fr\u00e5n Sm\u00e5land\",\"publisher\":{\"@id\":\"https:\/\/recal-se.tbwebsite.com\/dk\/#organization\"},\"potentialAction\":[{\"@type\":\"SearchAction\",\"target\":{\"@type\":\"EntryPoint\",\"urlTemplate\":\"https:\/\/recal-se.tbwebsite.com\/dk\/?s={search_term_string}\"},\"query-input\":\"required name=search_term_string\"}],\"inLanguage\":\"da-DK\"},{\"@type\":\"Organization\",\"@id\":\"https:\/\/recal-se.tbwebsite.com\/dk\/#organization\",\"name\":\"Recal Danmark\",\"url\":\"https:\/\/recal-se.tbwebsite.com\/dk\/\",\"logo\":{\"@type\":\"ImageObject\",\"inLanguage\":\"da-DK\",\"@id\":\"https:\/\/recal-se.tbwebsite.com\/dk\/#\/schema\/logo\/image\/\",\"url\":\"https:\/\/recal-se.tbwebsite.com\/dk\/wp-content\/uploads\/sites\/2\/2020\/06\/recal-logotype_svart_1.png\",\"contentUrl\":\"https:\/\/recal-se.tbwebsite.com\/dk\/wp-content\/uploads\/sites\/2\/2020\/06\/recal-logotype_svart_1.png\",\"width\":260,\"height\":52,\"caption\":\"Recal Danmark\"},\"image\":{\"@id\":\"https:\/\/recal-se.tbwebsite.com\/dk\/#\/schema\/logo\/image\/\"}}]}<\/script>\n<!-- \/ Yoast SEO plugin. -->","yoast_head_json":{"title":"Plantekasse Sort - Recal Danmark","description":"Oplev Recals plantekasser i varmgalvaniseret metalplade, som derefter males med en pulverlakering. Perfekt til at tilf\u00f8je et elegant og designeragtigt touch til din have eller dit offentlige rum.","robots":{"index":"index","follow":"follow","max-snippet":"max-snippet:-1","max-image-preview":"max-image-preview:large","max-video-preview":"max-video-preview:-1"},"canonical":"https:\/\/recal-se.tbwebsite.com\/dk\/plantekasser\/blomlador-planteringskarl-farger\/","og_locale":"da_DK","og_type":"article","og_title":"Plantekasse Sort - Recal Danmark","og_description":"Oplev Recals plantekasser i varmgalvaniseret metalplade, som derefter males med en pulverlakering. Perfekt til at tilf\u00f8je et elegant og designeragtigt touch til din have eller dit offentlige rum.","og_url":"https:\/\/recal-se.tbwebsite.com\/dk\/plantekasser\/blomlador-planteringskarl-farger\/","og_site_name":"Recal Danmark","article_modified_time":"2024-02-06T06:39:16+00:00","og_image":[{"width":1400,"height":1400,"url":"https:\/\/recal-se.tbwebsite.com\/dk\/wp-content\/uploads\/sites\/2\/2023\/06\/S2403060.png","type":"image\/png"}],"twitter_card":"summary_large_image","twitter_misc":{"Estimeret l\u00e6setid":"2 minutter"},"schema":{"@context":"https:\/\/schema.org","@graph":[{"@type":"WebPage","@id":"https:\/\/recal-se.tbwebsite.com\/dk\/plantekasser\/blomlador-planteringskarl-farger\/","url":"https:\/\/recal-se.tbwebsite.com\/dk\/plantekasser\/blomlador-planteringskarl-farger\/","name":"Plantekasse Sort - Recal Danmark","isPartOf":{"@id":"https:\/\/recal-se.tbwebsite.com\/dk\/#website"},"primaryImageOfPage":{"@id":"https:\/\/recal-se.tbwebsite.com\/dk\/plantekasser\/blomlador-planteringskarl-farger\/#primaryimage"},"image":{"@id":"https:\/\/recal-se.tbwebsite.com\/dk\/plantekasser\/blomlador-planteringskarl-farger\/#primaryimage"},"thumbnailUrl":"https:\/\/recal-se.tbwebsite.com\/dk\/wp-content\/uploads\/sites\/2\/2023\/06\/S2403060.png","datePublished":"2023-06-29T12:35:34+00:00","dateModified":"2024-02-06T06:39:16+00:00","description":"Oplev Recals plantekasser i varmgalvaniseret metalplade, som derefter males med en pulverlakering. Perfekt til at tilf\u00f8je et elegant og designeragtigt touch til din have eller dit offentlige rum.","breadcrumb":{"@id":"https:\/\/recal-se.tbwebsite.com\/dk\/plantekasser\/blomlador-planteringskarl-farger\/#breadcrumb"},"inLanguage":"da-DK","potentialAction":[{"@type":"ReadAction","target":["https:\/\/recal-se.tbwebsite.com\/dk\/plantekasser\/blomlador-planteringskarl-farger\/"]}]},{"@type":"ImageObject","inLanguage":"da-DK","@id":"https:\/\/recal-se.tbwebsite.com\/dk\/plantekasser\/blomlador-planteringskarl-farger\/#primaryimage","url":"https:\/\/recal-se.tbwebsite.com\/dk\/wp-content\/uploads\/sites\/2\/2023\/06\/S2403060.png","contentUrl":"https:\/\/recal-se.tbwebsite.com\/dk\/wp-content\/uploads\/sites\/2\/2023\/06\/S2403060.png","width":1400,"height":1400},{"@type":"BreadcrumbList","@id":"https:\/\/recal-se.tbwebsite.com\/dk\/plantekasser\/blomlador-planteringskarl-farger\/#breadcrumb","itemListElement":[{"@type":"ListItem","position":1,"name":"Home","item":"https:\/\/recal-se.tbwebsite.com\/dk\/"},{"@type":"ListItem","position":2,"name":"Shop","item":"https:\/\/recal-se.tbwebsite.com\/dk\/shop\/"},{"@type":"ListItem","position":3,"name":"Plantekasse Sort"}]},{"@type":"WebSite","@id":"https:\/\/recal-se.tbwebsite.com\/dk\/#website","url":"https:\/\/recal-se.tbwebsite.com\/dk\/","name":"Recal Danmark","description":"Tr\u00e4dg\u00e5rdsprodukter tillverkade i aluminium fr\u00e5n Sm\u00e5land","publisher":{"@id":"https:\/\/recal-se.tbwebsite.com\/dk\/#organization"},"potentialAction":[{"@type":"SearchAction","target":{"@type":"EntryPoint","urlTemplate":"https:\/\/recal-se.tbwebsite.com\/dk\/?s={search_term_string}"},"query-input":"required name=search_term_string"}],"inLanguage":"da-DK"},{"@type":"Organization","@id":"https:\/\/recal-se.tbwebsite.com\/dk\/#organization","name":"Recal Danmark","url":"https:\/\/recal-se.tbwebsite.com\/dk\/","logo":{"@type":"ImageObject","inLanguage":"da-DK","@id":"https:\/\/recal-se.tbwebsite.com\/dk\/#\/schema\/logo\/image\/","url":"https:\/\/recal-se.tbwebsite.com\/dk\/wp-content\/uploads\/sites\/2\/2020\/06\/recal-logotype_svart_1.png","contentUrl":"https:\/\/recal-se.tbwebsite.com\/dk\/wp-content\/uploads\/sites\/2\/2020\/06\/recal-logotype_svart_1.png","width":260,"height":52,"caption":"Recal Danmark"},"image":{"@id":"https:\/\/recal-se.tbwebsite.com\/dk\/#\/schema\/logo\/image\/"}}]}},"_links":{"self":[{"href":"https:\/\/recal-se.tbwebsite.com\/dk\/wp-json\/wp\/v2\/product\/3985"}],"collection":[{"href":"https:\/\/recal-se.tbwebsite.com\/dk\/wp-json\/wp\/v2\/product"}],"about":[{"href":"https:\/\/recal-se.tbwebsite.com\/dk\/wp-json\/wp\/v2\/types\/product"}],"replies":[{"embeddable":true,"href":"https:\/\/recal-se.tbwebsite.com\/dk\/wp-json\/wp\/v2\/comments?post=3985"}],"version-history":[{"count":15,"href":"https:\/\/recal-se.tbwebsite.com\/dk\/wp-json\/wp\/v2\/product\/3985\/revisions"}],"predecessor-version":[{"id":15174,"href":"https:\/\/recal-se.tbwebsite.com\/dk\/wp-json\/wp\/v2\/product\/3985\/revisions\/15174"}],"wp:featuredmedia":[{"embeddable":true,"href":"https:\/\/recal-se.tbwebsite.com\/dk\/wp-json\/wp\/v2\/media\/5300"}],"wp:attachment":[{"href":"https:\/\/recal-se.tbwebsite.com\/dk\/wp-json\/wp\/v2\/media?parent=3985"}],"wp:term":[{"taxonomy":"product_cat","embeddable":true,"href":"https:\/\/recal-se.tbwebsite.com\/dk\/wp-json\/wp\/v2\/product_cat?post=3985"},{"taxonomy":"product_tag","embeddable":true,"href":"https:\/\/recal-se.tbwebsite.com\/dk\/wp-json\/wp\/v2\/product_tag?post=3985"}],"curies":[{"name":"wp","href":"https:\/\/api.w.org\/{rel}","templated":true}]}}