{"id":3196,"date":"2023-01-18T08:42:10","date_gmt":"2023-01-18T08:42:10","guid":{"rendered":"https:\/\/recal-se.tbwebsite.com\/?post_type=product&#038;p=3196"},"modified":"2023-10-29T22:35:50","modified_gmt":"2023-10-29T22:35:50","slug":"virkespaket-durasense-staketstolpe-salen-sektionslangd-1600mm","status":"publish","type":"product","link":"https:\/\/recal-se.tbwebsite.com\/dk\/tillbehor\/virkespaket-durasense-staketstolpe-salen-sektionslangd-1600mm\/","title":{"rendered":"Virkespaket Durasense &#8211; Staketstolpe Salen Sektionsl\u00e4ngd 1600mm"},"content":{"rendered":"<p>V\u00e5r 24x120mm regel fr\u00e5n Durasense passar utm\u00e4rkt till dig som vill bygga ett snyggt staket med liggande ribbor. S\u00e4ljes i paket med l\u00e4ngd 1600mm f\u00f6r de olika h\u00f6jderna som staketstolpe Salen erbjuder. Ribborna \u00e4r j\u00e4mf\u00f6rt med rent tr\u00e4, formstabila och klarar d\u00e4rf\u00f6r n\u00e5got l\u00e4ngre spann utan att svikta.<br \/>\nStaketribban fr\u00e5n Durasense, h\u00e5ller h\u00f6g kvalitet. Den \u00e4r gjord av ett skinn i tr\u00e4fiberkomposit och en tr\u00e4k\u00e4rna som har termiskt behandlats f\u00f6r att motst\u00e5 r\u00f6ta. Det inf\u00e4rgade skinnet g\u00f6r att du kan erh\u00e5lla vackra kul\u00f6rer p\u00e5 ditt staket, men d\u00e4r du slipper m\u00e5la och underh\u00e5lla. Tack vare det termiskt behandlade tr\u00e4k\u00e4rnan kan vi ge en r\u00f6tskyddsgaranti p\u00e5 20 \u00e5r. Du kan l\u00e4sa mer om v\u00e5r r\u00f6tskyddsgaranti h\u00e4r. Vi levererar produkten tillsammans med en t\u00e4tning f\u00f6r \u00e4ndarna som du kan applicera sj\u00e4lv. Att t\u00e4ta \u00e4ndarna ger produkten l\u00e5ng h\u00e5llbarhet.<\/p>\n<p>Produkten finns i tre olika kul\u00f6rer:<br \/>\nV\u00e5r m\u00f6rka skiffer \u00e4r ett levande och modernt f\u00e4rgval. I denna livfulla m\u00f6rkgr\u00e5 f\u00e4rg uppst\u00e5r det naturliga skiftningar som glimrar i solljuset.<br \/>\nEn ljusgr\u00e5 och levande profil som skapar en lyxig och exklusiv k\u00e4nsla. St\u00e4mmer v\u00e4l \u00f6verens med f\u00e4rgkod RAL Classic 7037.<br \/>\nKul\u00f6r vit ger \u00e4ven den en lyxig k\u00e4nsla med en blank och fin yta som passar perfekt till en svart staketstolpe!<\/p>\n<p>&nbsp;<\/p>\n<p><strong>Teknisk information<\/strong><br \/>\nMaterial: Termisk behandlat virke, tr\u00e4fiberkomposit<br \/>\nH\u00f6jd: 12 cm<br \/>\nBredd: 2,4 cm<\/p>\n<p>L\u00e4ngd: 160 cm<\/p>\n<p>&nbsp;<\/p>\n<p>DuraSense \u00e4r ett samlingsnamn f\u00f6r de produkter som \u00e4r framst\u00e4llda av en solid tr\u00e4k\u00e4rna i kombination med ytskikt i tr\u00e4fiberkomposit. Produkterna \u00e4r framtagna f\u00f6r att kunna ers\u00e4tta olika typer av material s\u00e5 som till exempel impregnerat virke, plastprofiler och vanligt tr\u00e4virke.<\/p>\n<p>Den solida tr\u00e4k\u00e4rnan best\u00e5r av gran eller tall fr\u00e5n ansvarsfullt f\u00f6rvaltade skogar. Virket har sedan v\u00e4rmebehandlats f\u00f6r att kunna motst\u00e5 r\u00f6ta. Sj\u00e4lva processen med att v\u00e4rmebehandla tr\u00e4et sker med hetta och \u00e5nga. Inga kemikalier anv\u00e4nds och s\u00e5ledes best\u00e5r materialet endast av f\u00f6rnybar r\u00e5vara.<br \/>\nTr\u00e4et hettas upp till 180-240 grader under ett flertal timmar, och i upphettningsprocessen \u00e4ndras tr\u00e4ets kemiska struktur vilket medf\u00f6r motst\u00e5nd mot r\u00f6tsvamp.<\/p>\n<p>Ett v\u00e4rmebehandlat tr\u00e4 best\u00e5r av ca 4,65% fukthalt (+\/-1,1%), vilket kan j\u00e4mf\u00f6ras med vanligt tr\u00e4 som kan ligga uppemot 19-22% mitt i virket, vilket g\u00f6r det mer formstabilt. I de flesta fall best\u00e5r virket av Thermowood fr\u00e5n Stora Enso och detta \u00e4r producerat enligt ITWA.<\/p>\n<p>Tr\u00e4k\u00e4rnan bel\u00e4ggs sedan med tr\u00e4fiberkomposit som produceras i Stora Ensos fabrik i Hylte. Kompositen best\u00e5r av \u00e5tervunnet tr\u00e4 och en plastpolymer. Bland annat anv\u00e4nds endast vanliga plaster utan phtalater. Att anv\u00e4nda sig av tr\u00e4fiberkomposit minskar plastanv\u00e4ndandet j\u00e4mf\u00f6rt med 100% plast och ger dessutom profilen en mer naturlig tr\u00e4k\u00e4nsla. Genom att bel\u00e4gga tr\u00e4k\u00e4rnan med tr\u00e4fiberkomposit ger det produkten styrka och styvhet. Dessutom m\u00f6jligg\u00f6r det f\u00e4rgs\u00e4ttningen av produkten.<\/p>\n<p>Och f\u00f6r att inte missa n\u00e4mna s\u00e5 g\u00e5r Durasense produkter utm\u00e4rkt att tv\u00e4tta med h\u00f6gtryckstv\u00e4tt utan att materialet kommer till skada.<\/p>\n","protected":false},"excerpt":{"rendered":"<p>Virkespaket 24x120mm regel fr\u00e5n Durasense passar utm\u00e4rkt till dig som vill bygga ett snyggt staket med lutande ribbor. Staketstolpe Salen som detta virke \u00e4r anpassat f\u00f6r ger bra insynsskydd mot grannar och v\u00e4g!<\/p>\n<p>Staketet blir med virke fr\u00e5n Durasense helt underh\u00e5llsfritt och ger ett vackert utseende till ditt nya staket.<\/p>\n<p>S\u00e4ljes i paket med l\u00e4ngd 1600mm f\u00f6r de olika h\u00f6jderna som staketstolpe Salen erbjuder. Ribborna \u00e4r j\u00e4mf\u00f6rt med rent tr\u00e4, formstabila och klarar d\u00e4rf\u00f6r n\u00e5got l\u00e4ngre spann utan att svikta.<\/p>\n","protected":false},"featured_media":5355,"comment_status":"closed","ping_status":"closed","template":"","meta":{"_acf_changed":false},"product_cat":[32,199],"product_tag":[],"composite_virtual":false,"composite_layout":"","composite_add_to_cart_form_location":"","composite_editable_in_cart":false,"composite_sold_individually_context":"","composite_shop_price_calc":"","composite_components":[],"composite_scenarios":[],"acf":[],"yoast_head":"<!-- This site is optimized with the Yoast SEO plugin v22.2 - https:\/\/yoast.com\/wordpress\/plugins\/seo\/ -->\n<title>Virkespaket Durasense - Staketstolpe Salen Sektionsl\u00e4ngd 1600mm - Recal Danmark<\/title>\n<meta name=\"description\" content=\"Virkespaket 24x120mm regel fr\u00e5n Durasense passar utm\u00e4rkt till dig som vill bygga ett snyggt staket med lutande ribbor. Staketstolpe Salen som detta virke \u00e4r anpassat f\u00f6r ger bra insynsskydd mot grannar och v\u00e4g! Staketet blir med virke fr\u00e5n Durasense helt underh\u00e5llsfritt och ger ett vackert utseende till ditt nya staket.\" \/>\n<meta name=\"robots\" content=\"index, follow, max-snippet:-1, max-image-preview:large, max-video-preview:-1\" \/>\n<link rel=\"canonical\" href=\"https:\/\/recal-se.tbwebsite.com\/dk\/tillbehor\/virkespaket-durasense-staketstolpe-salen-sektionslangd-1600mm\/\" \/>\n<meta property=\"og:locale\" content=\"da_DK\" \/>\n<meta property=\"og:type\" content=\"article\" \/>\n<meta property=\"og:title\" content=\"Virkespaket Durasense - Staketstolpe Salen Sektionsl\u00e4ngd 1600mm - Recal Danmark\" \/>\n<meta property=\"og:description\" content=\"Virkespaket 24x120mm regel fr\u00e5n Durasense passar utm\u00e4rkt till dig som vill bygga ett snyggt staket med lutande ribbor. Staketstolpe Salen som detta virke \u00e4r anpassat f\u00f6r ger bra insynsskydd mot grannar och v\u00e4g! Staketet blir med virke fr\u00e5n Durasense helt underh\u00e5llsfritt och ger ett vackert utseende till ditt nya staket.\" \/>\n<meta property=\"og:url\" content=\"https:\/\/recal-se.tbwebsite.com\/dk\/tillbehor\/virkespaket-durasense-staketstolpe-salen-sektionslangd-1600mm\/\" \/>\n<meta property=\"og:site_name\" content=\"Recal Danmark\" \/>\n<meta property=\"article:modified_time\" content=\"2023-10-29T22:35:50+00:00\" \/>\n<meta property=\"og:image\" content=\"https:\/\/recal-se.tbwebsite.com\/dk\/wp-content\/uploads\/sites\/2\/2023\/01\/D1A0131-1-1.png\" \/>\n\t<meta property=\"og:image:width\" content=\"1400\" \/>\n\t<meta property=\"og:image:height\" content=\"1400\" \/>\n\t<meta property=\"og:image:type\" content=\"image\/png\" \/>\n<meta name=\"twitter:card\" content=\"summary_large_image\" \/>\n<meta name=\"twitter:label1\" content=\"Estimeret l\u00e6setid\" \/>\n\t<meta name=\"twitter:data1\" content=\"3 minutter\" \/>\n<script type=\"application\/ld+json\" class=\"yoast-schema-graph\">{\"@context\":\"https:\/\/schema.org\",\"@graph\":[{\"@type\":\"WebPage\",\"@id\":\"https:\/\/recal-se.tbwebsite.com\/dk\/tillbehor\/virkespaket-durasense-staketstolpe-salen-sektionslangd-1600mm\/\",\"url\":\"https:\/\/recal-se.tbwebsite.com\/dk\/tillbehor\/virkespaket-durasense-staketstolpe-salen-sektionslangd-1600mm\/\",\"name\":\"Virkespaket Durasense - Staketstolpe Salen Sektionsl\u00e4ngd 1600mm - Recal Danmark\",\"isPartOf\":{\"@id\":\"https:\/\/recal-se.tbwebsite.com\/dk\/#website\"},\"primaryImageOfPage\":{\"@id\":\"https:\/\/recal-se.tbwebsite.com\/dk\/tillbehor\/virkespaket-durasense-staketstolpe-salen-sektionslangd-1600mm\/#primaryimage\"},\"image\":{\"@id\":\"https:\/\/recal-se.tbwebsite.com\/dk\/tillbehor\/virkespaket-durasense-staketstolpe-salen-sektionslangd-1600mm\/#primaryimage\"},\"thumbnailUrl\":\"https:\/\/recal-se.tbwebsite.com\/dk\/wp-content\/uploads\/sites\/2\/2023\/01\/D1A0131-1-1.png\",\"datePublished\":\"2023-01-18T08:42:10+00:00\",\"dateModified\":\"2023-10-29T22:35:50+00:00\",\"description\":\"Virkespaket 24x120mm regel fr\u00e5n Durasense passar utm\u00e4rkt till dig som vill bygga ett snyggt staket med lutande ribbor. Staketstolpe Salen som detta virke \u00e4r anpassat f\u00f6r ger bra insynsskydd mot grannar och v\u00e4g! Staketet blir med virke fr\u00e5n Durasense helt underh\u00e5llsfritt och ger ett vackert utseende till ditt nya staket.\",\"breadcrumb\":{\"@id\":\"https:\/\/recal-se.tbwebsite.com\/dk\/tillbehor\/virkespaket-durasense-staketstolpe-salen-sektionslangd-1600mm\/#breadcrumb\"},\"inLanguage\":\"da-DK\",\"potentialAction\":[{\"@type\":\"ReadAction\",\"target\":[\"https:\/\/recal-se.tbwebsite.com\/dk\/tillbehor\/virkespaket-durasense-staketstolpe-salen-sektionslangd-1600mm\/\"]}]},{\"@type\":\"ImageObject\",\"inLanguage\":\"da-DK\",\"@id\":\"https:\/\/recal-se.tbwebsite.com\/dk\/tillbehor\/virkespaket-durasense-staketstolpe-salen-sektionslangd-1600mm\/#primaryimage\",\"url\":\"https:\/\/recal-se.tbwebsite.com\/dk\/wp-content\/uploads\/sites\/2\/2023\/01\/D1A0131-1-1.png\",\"contentUrl\":\"https:\/\/recal-se.tbwebsite.com\/dk\/wp-content\/uploads\/sites\/2\/2023\/01\/D1A0131-1-1.png\",\"width\":1400,\"height\":1400},{\"@type\":\"BreadcrumbList\",\"@id\":\"https:\/\/recal-se.tbwebsite.com\/dk\/tillbehor\/virkespaket-durasense-staketstolpe-salen-sektionslangd-1600mm\/#breadcrumb\",\"itemListElement\":[{\"@type\":\"ListItem\",\"position\":1,\"name\":\"Home\",\"item\":\"https:\/\/recal-se.tbwebsite.com\/dk\/\"},{\"@type\":\"ListItem\",\"position\":2,\"name\":\"Shop\",\"item\":\"https:\/\/recal-se.tbwebsite.com\/dk\/shop\/\"},{\"@type\":\"ListItem\",\"position\":3,\"name\":\"Virkespaket Durasense &#8211; Staketstolpe Salen Sektionsl\u00e4ngd 1600mm\"}]},{\"@type\":\"WebSite\",\"@id\":\"https:\/\/recal-se.tbwebsite.com\/dk\/#website\",\"url\":\"https:\/\/recal-se.tbwebsite.com\/dk\/\",\"name\":\"Recal Danmark\",\"description\":\"Tr\u00e4dg\u00e5rdsprodukter tillverkade i aluminium fr\u00e5n Sm\u00e5land\",\"publisher\":{\"@id\":\"https:\/\/recal-se.tbwebsite.com\/dk\/#organization\"},\"potentialAction\":[{\"@type\":\"SearchAction\",\"target\":{\"@type\":\"EntryPoint\",\"urlTemplate\":\"https:\/\/recal-se.tbwebsite.com\/dk\/?s={search_term_string}\"},\"query-input\":\"required name=search_term_string\"}],\"inLanguage\":\"da-DK\"},{\"@type\":\"Organization\",\"@id\":\"https:\/\/recal-se.tbwebsite.com\/dk\/#organization\",\"name\":\"Recal Danmark\",\"url\":\"https:\/\/recal-se.tbwebsite.com\/dk\/\",\"logo\":{\"@type\":\"ImageObject\",\"inLanguage\":\"da-DK\",\"@id\":\"https:\/\/recal-se.tbwebsite.com\/dk\/#\/schema\/logo\/image\/\",\"url\":\"https:\/\/recal-se.tbwebsite.com\/dk\/wp-content\/uploads\/sites\/2\/2020\/06\/recal-logotype_svart_1.png\",\"contentUrl\":\"https:\/\/recal-se.tbwebsite.com\/dk\/wp-content\/uploads\/sites\/2\/2020\/06\/recal-logotype_svart_1.png\",\"width\":260,\"height\":52,\"caption\":\"Recal Danmark\"},\"image\":{\"@id\":\"https:\/\/recal-se.tbwebsite.com\/dk\/#\/schema\/logo\/image\/\"}}]}<\/script>\n<!-- \/ Yoast SEO plugin. -->","yoast_head_json":{"title":"Virkespaket Durasense - Staketstolpe Salen Sektionsl\u00e4ngd 1600mm - Recal Danmark","description":"Virkespaket 24x120mm regel fr\u00e5n Durasense passar utm\u00e4rkt till dig som vill bygga ett snyggt staket med lutande ribbor. Staketstolpe Salen som detta virke \u00e4r anpassat f\u00f6r ger bra insynsskydd mot grannar och v\u00e4g! Staketet blir med virke fr\u00e5n Durasense helt underh\u00e5llsfritt och ger ett vackert utseende till ditt nya staket.","robots":{"index":"index","follow":"follow","max-snippet":"max-snippet:-1","max-image-preview":"max-image-preview:large","max-video-preview":"max-video-preview:-1"},"canonical":"https:\/\/recal-se.tbwebsite.com\/dk\/tillbehor\/virkespaket-durasense-staketstolpe-salen-sektionslangd-1600mm\/","og_locale":"da_DK","og_type":"article","og_title":"Virkespaket Durasense - Staketstolpe Salen Sektionsl\u00e4ngd 1600mm - Recal Danmark","og_description":"Virkespaket 24x120mm regel fr\u00e5n Durasense passar utm\u00e4rkt till dig som vill bygga ett snyggt staket med lutande ribbor. Staketstolpe Salen som detta virke \u00e4r anpassat f\u00f6r ger bra insynsskydd mot grannar och v\u00e4g! Staketet blir med virke fr\u00e5n Durasense helt underh\u00e5llsfritt och ger ett vackert utseende till ditt nya staket.","og_url":"https:\/\/recal-se.tbwebsite.com\/dk\/tillbehor\/virkespaket-durasense-staketstolpe-salen-sektionslangd-1600mm\/","og_site_name":"Recal Danmark","article_modified_time":"2023-10-29T22:35:50+00:00","og_image":[{"width":1400,"height":1400,"url":"https:\/\/recal-se.tbwebsite.com\/dk\/wp-content\/uploads\/sites\/2\/2023\/01\/D1A0131-1-1.png","type":"image\/png"}],"twitter_card":"summary_large_image","twitter_misc":{"Estimeret l\u00e6setid":"3 minutter"},"schema":{"@context":"https:\/\/schema.org","@graph":[{"@type":"WebPage","@id":"https:\/\/recal-se.tbwebsite.com\/dk\/tillbehor\/virkespaket-durasense-staketstolpe-salen-sektionslangd-1600mm\/","url":"https:\/\/recal-se.tbwebsite.com\/dk\/tillbehor\/virkespaket-durasense-staketstolpe-salen-sektionslangd-1600mm\/","name":"Virkespaket Durasense - Staketstolpe Salen Sektionsl\u00e4ngd 1600mm - Recal Danmark","isPartOf":{"@id":"https:\/\/recal-se.tbwebsite.com\/dk\/#website"},"primaryImageOfPage":{"@id":"https:\/\/recal-se.tbwebsite.com\/dk\/tillbehor\/virkespaket-durasense-staketstolpe-salen-sektionslangd-1600mm\/#primaryimage"},"image":{"@id":"https:\/\/recal-se.tbwebsite.com\/dk\/tillbehor\/virkespaket-durasense-staketstolpe-salen-sektionslangd-1600mm\/#primaryimage"},"thumbnailUrl":"https:\/\/recal-se.tbwebsite.com\/dk\/wp-content\/uploads\/sites\/2\/2023\/01\/D1A0131-1-1.png","datePublished":"2023-01-18T08:42:10+00:00","dateModified":"2023-10-29T22:35:50+00:00","description":"Virkespaket 24x120mm regel fr\u00e5n Durasense passar utm\u00e4rkt till dig som vill bygga ett snyggt staket med lutande ribbor. Staketstolpe Salen som detta virke \u00e4r anpassat f\u00f6r ger bra insynsskydd mot grannar och v\u00e4g! Staketet blir med virke fr\u00e5n Durasense helt underh\u00e5llsfritt och ger ett vackert utseende till ditt nya staket.","breadcrumb":{"@id":"https:\/\/recal-se.tbwebsite.com\/dk\/tillbehor\/virkespaket-durasense-staketstolpe-salen-sektionslangd-1600mm\/#breadcrumb"},"inLanguage":"da-DK","potentialAction":[{"@type":"ReadAction","target":["https:\/\/recal-se.tbwebsite.com\/dk\/tillbehor\/virkespaket-durasense-staketstolpe-salen-sektionslangd-1600mm\/"]}]},{"@type":"ImageObject","inLanguage":"da-DK","@id":"https:\/\/recal-se.tbwebsite.com\/dk\/tillbehor\/virkespaket-durasense-staketstolpe-salen-sektionslangd-1600mm\/#primaryimage","url":"https:\/\/recal-se.tbwebsite.com\/dk\/wp-content\/uploads\/sites\/2\/2023\/01\/D1A0131-1-1.png","contentUrl":"https:\/\/recal-se.tbwebsite.com\/dk\/wp-content\/uploads\/sites\/2\/2023\/01\/D1A0131-1-1.png","width":1400,"height":1400},{"@type":"BreadcrumbList","@id":"https:\/\/recal-se.tbwebsite.com\/dk\/tillbehor\/virkespaket-durasense-staketstolpe-salen-sektionslangd-1600mm\/#breadcrumb","itemListElement":[{"@type":"ListItem","position":1,"name":"Home","item":"https:\/\/recal-se.tbwebsite.com\/dk\/"},{"@type":"ListItem","position":2,"name":"Shop","item":"https:\/\/recal-se.tbwebsite.com\/dk\/shop\/"},{"@type":"ListItem","position":3,"name":"Virkespaket Durasense &#8211; Staketstolpe Salen Sektionsl\u00e4ngd 1600mm"}]},{"@type":"WebSite","@id":"https:\/\/recal-se.tbwebsite.com\/dk\/#website","url":"https:\/\/recal-se.tbwebsite.com\/dk\/","name":"Recal Danmark","description":"Tr\u00e4dg\u00e5rdsprodukter tillverkade i aluminium fr\u00e5n Sm\u00e5land","publisher":{"@id":"https:\/\/recal-se.tbwebsite.com\/dk\/#organization"},"potentialAction":[{"@type":"SearchAction","target":{"@type":"EntryPoint","urlTemplate":"https:\/\/recal-se.tbwebsite.com\/dk\/?s={search_term_string}"},"query-input":"required name=search_term_string"}],"inLanguage":"da-DK"},{"@type":"Organization","@id":"https:\/\/recal-se.tbwebsite.com\/dk\/#organization","name":"Recal Danmark","url":"https:\/\/recal-se.tbwebsite.com\/dk\/","logo":{"@type":"ImageObject","inLanguage":"da-DK","@id":"https:\/\/recal-se.tbwebsite.com\/dk\/#\/schema\/logo\/image\/","url":"https:\/\/recal-se.tbwebsite.com\/dk\/wp-content\/uploads\/sites\/2\/2020\/06\/recal-logotype_svart_1.png","contentUrl":"https:\/\/recal-se.tbwebsite.com\/dk\/wp-content\/uploads\/sites\/2\/2020\/06\/recal-logotype_svart_1.png","width":260,"height":52,"caption":"Recal Danmark"},"image":{"@id":"https:\/\/recal-se.tbwebsite.com\/dk\/#\/schema\/logo\/image\/"}}]}},"_links":{"self":[{"href":"https:\/\/recal-se.tbwebsite.com\/dk\/wp-json\/wp\/v2\/product\/3196"}],"collection":[{"href":"https:\/\/recal-se.tbwebsite.com\/dk\/wp-json\/wp\/v2\/product"}],"about":[{"href":"https:\/\/recal-se.tbwebsite.com\/dk\/wp-json\/wp\/v2\/types\/product"}],"replies":[{"embeddable":true,"href":"https:\/\/recal-se.tbwebsite.com\/dk\/wp-json\/wp\/v2\/comments?post=3196"}],"version-history":[{"count":3,"href":"https:\/\/recal-se.tbwebsite.com\/dk\/wp-json\/wp\/v2\/product\/3196\/revisions"}],"predecessor-version":[{"id":5757,"href":"https:\/\/recal-se.tbwebsite.com\/dk\/wp-json\/wp\/v2\/product\/3196\/revisions\/5757"}],"wp:featuredmedia":[{"embeddable":true,"href":"https:\/\/recal-se.tbwebsite.com\/dk\/wp-json\/wp\/v2\/media\/5355"}],"wp:attachment":[{"href":"https:\/\/recal-se.tbwebsite.com\/dk\/wp-json\/wp\/v2\/media?parent=3196"}],"wp:term":[{"taxonomy":"product_cat","embeddable":true,"href":"https:\/\/recal-se.tbwebsite.com\/dk\/wp-json\/wp\/v2\/product_cat?post=3196"},{"taxonomy":"product_tag","embeddable":true,"href":"https:\/\/recal-se.tbwebsite.com\/dk\/wp-json\/wp\/v2\/product_tag?post=3196"}],"curies":[{"name":"wp","href":"https:\/\/api.w.org\/{rel}","templated":true}]}}