{"id":228,"date":"2020-06-01T11:50:59","date_gmt":"2020-06-01T11:50:59","guid":{"rendered":"https:\/\/recal-se.tbwebsite.com\/?post_type=product&#038;p=228"},"modified":"2024-02-13T08:18:53","modified_gmt":"2024-02-13T08:18:53","slug":"vidostern","status":"publish","type":"product","link":"https:\/\/recal-se.tbwebsite.com\/dk\/hegn\/vidostern\/","title":{"rendered":"Vid\u00f6stern"},"content":{"rendered":"<h6>Vid\u00f6stern Hegnsp\u00e6l<\/h6>\n<p>Vid\u00f6stern hegnsp\u00e6l er flot som afgr\u00e6nsning i haven, og fordi den er lavet af <a href=\"https:\/\/recal.se\/om-oss\/#aluminium\">aluminium<\/a>, hvilket giver en lang levetid takket v\u00e6re det faktum, at materialet er rustfrit. Stolperne af h\u00f8j kvalitet har en dimension p\u00e5 70 x 70 mm med en v\u00e6gtykkelse p\u00e5 2 mm. Dette g\u00f8r det til en stabil og solid hegnsp\u00e6l, som du ogs\u00e5 kan v\u00e6lge farven p\u00e5. St\u00e6ngerne f\u00e5s i tre farver: naturanodiseret eller hvidlakeret (RAL 9010) eller mat sort (RAL 9005).<\/p>\n<p>Vid\u00f6stern hegnsp\u00e6l er perfekt som ramme til din have. Med h\u00f8jder efter dine behov holder den haven \u00e5ben og indrammer huset, samtidig med at den s\u00e6tter klare gr\u00e6nser for din grund. Brug hj\u00f8rne-, midter- og endestolper til at bygge det hegn, der passer til din situation og til at f\u00e5 en lidt mere hyggelig have.<\/p>\n<p><a href=\"https:\/\/www.bauhaus.dk\/froslev-terrassebraedder-brunimp-32x125x3600-mm-28x120-mm\">https:\/\/www.bauhaus.dk\/froslev-terrassebraedder-brunimp-32x125x3600-mm-28&#215;120-mm<\/a><\/p>\n<p><strong>Regler<br \/>\n<\/strong><\/p>\n<p class=\"tw-data-placeholder tw-text-small tw-ta\" dir=\"ltr\">Antallet af bj\u00e6lker varierer afh\u00e6ngigt af stolpeh\u00f8jden:<\/p>\n<p>745 mm\u00a0 \u00a0 \u00a0 \u00a0 \u00a0 \u00a0 \u00a0 \u00a0 \u00a0 \u00a0 \u00a04 Huller<br \/>\n1040 mm\u00a0 \u00a0 \u00a0 \u00a0 \u00a0 \u00a0 \u00a0 \u00a0 \u00a0 \u00a06 Huller<br \/>\n1490 mm\u00a0 \u00a0 \u00a0 \u00a0 \u00a0 \u00a0 \u00a0 \u00a0 \u00a0 \u00a09 Huller<\/p>\n<p>Afstand fra gulv til f\u00f8rste str\u00f8: 11,6 cm. Stutteriafstand mellem t\u00f8mmer: 2,8cm. Hulst\u00f8rrelse: 30 X 122 mm.<\/p>\n<p><strong>Hegnsp\u00e6l<\/strong><br \/>\nHusk at bestille de rigtige stolpetyper til dit form\u00e5l (mellemstolper, hj\u00f8rnestolper, endestolper).<\/p>\n<p><strong>Stolpehat<br \/>\n<\/strong><span class=\"Y2IQFc\" lang=\"da\">Stolpehat f\u00e5s i sort plast eller aluminium i enhver farve.<\/span><\/p>\n<p><strong>Stolpefod<\/strong><br \/>\nGlem ikke at bestille en stangfod til hver stang.<\/p>\n<p><strong>Montering<br \/>\n<\/strong>K\u00f8b impr\u00e6gneret tr\u00e6 p\u00e5 <a href=\"http:\/\/K\u00f8b impr\u00e6gneret tr\u00e6 p\u00e5 28 X 120 mm hos din lokale byggeforhandler. Mal derefter i den farve, du \u00f8nsker. S\u00f8rg for, at tr\u00e6et ikke er svulmet for meget op (dette vil g\u00f8re installationen vanskeligere). S\u00e5 skal du ogs\u00e5 bruge f\u00f8lgende v\u00e6rkt\u00f8jer:\">28 X 120 mm<\/a> hos din lokale byggeforhandler. Mal derefter i den farve, du \u00f8nsker. S\u00f8rg for, at tr\u00e6et ikke er svulmet for meget op (dette vil g\u00f8re installationen vanskeligere). S\u00e5 skal du ogs\u00e5 bruge f\u00f8lgende v\u00e6rkt\u00f8jer:<\/p>\n<ul>\n<li>M\u00e5leband<\/li>\n<li>Skruetr\u00e6kkere med bits og bor<\/li>\n<li>Gummihammer (til montering af foden p\u00e5 stolpen)<\/li>\n<\/ul>\n<p>Monter str\u00f8erne ved hj\u00e6lp af beslaget p\u00e5 bagsiden af stolperne og monter altid hegnet, s\u00e5 det er stabilt \u2013 anbefalingen er maksimalt 150 cm mellem stolperne, og at du altid placerer stolperne, inden du skruer tr\u00e6et for at sikre, at din ordre var korrekt.<\/p>\n<p><a href=\"https:\/\/recal.se\/wp-content\/uploads\/2021\/06\/recal-forklaring_stolpvarianter-scaled.jpg\" target=\"_blank\" rel=\"noopener\">Monteringsprincip<\/a><\/p>\n","protected":false},"excerpt":{"rendered":"<p>Vid\u00f6stern hegnsp\u00e6l er flot som afgr\u00e6nsning i haven, og fordi den er lavet af <a href=\"https:\/\/recal.se\/om-oss\/#aluminium\">aluminium<\/a>, hvilket giver en lang levetid takket v\u00e6re det faktum, at materialet er rustfrit. Stolperne af h\u00f8j kvalitet har en dimension p\u00e5 70 x 70 mm med en v\u00e6gtykkelse p\u00e5 2 mm. Dette g\u00f8r det til en stabil og solid hegnsp\u00e6l, som du ogs\u00e5 kan v\u00e6lge farven p\u00e5. St\u00e6ngerne f\u00e5s i tre farver: naturanodiseret eller hvidlakeret (RAL 9010) eller mat sort (RAL 9005).<\/p>\n","protected":false},"featured_media":5680,"comment_status":"open","ping_status":"closed","template":"","meta":{"_acf_changed":false},"product_cat":[333,16],"product_tag":[],"composite_virtual":false,"composite_layout":"","composite_add_to_cart_form_location":"","composite_editable_in_cart":false,"composite_sold_individually_context":"","composite_shop_price_calc":"","composite_components":[],"composite_scenarios":[],"acf":[],"yoast_head":"<!-- This site is optimized with the Yoast SEO plugin v22.2 - https:\/\/yoast.com\/wordpress\/plugins\/seo\/ -->\n<title>Staketstolpe Vid\u00f6stern - Recal Danmark<\/title>\n<meta name=\"description\" content=\"Staketstolpen Vid\u00f6stern \u00e4r tillverkat i gedigna stolpar i aluminium som passar b\u00e5de som altanr\u00e4cke och regelr\u00e4tt staket.Vid\u00f6stern hegnsp\u00e6l er flot som afgr\u00e6nsning i haven, og fordi den er lavet af aluminium, hvilket giver en lang levetid takket v\u00e6re det faktum, at materialet er rustfrit. Stolperne af h\u00f8j kvalitet har en dimension p\u00e5 70 x 70 mm med en v\u00e6gtykkelse p\u00e5 2 mm. Dette g\u00f8r det til en stabil og solid hegnsp\u00e6l, som du ogs\u00e5 kan v\u00e6lge farven p\u00e5. St\u00e6ngerne f\u00e5s i tre farver: naturanodiseret eller hvidlakeret (RAL 9010) eller mat sort (RAL 9005).\" \/>\n<meta name=\"robots\" content=\"index, follow, max-snippet:-1, max-image-preview:large, max-video-preview:-1\" \/>\n<link rel=\"canonical\" href=\"https:\/\/recal-se.tbwebsite.com\/dk\/hegn\/vidostern\/\" \/>\n<meta property=\"og:locale\" content=\"da_DK\" \/>\n<meta property=\"og:type\" content=\"article\" \/>\n<meta property=\"og:title\" content=\"Staketstolpe Vid\u00f6stern - Recal Danmark\" \/>\n<meta property=\"og:description\" content=\"Staketstolpen Vid\u00f6stern \u00e4r tillverkat i gedigna stolpar i aluminium som passar b\u00e5de som altanr\u00e4cke och regelr\u00e4tt staket.Vid\u00f6stern hegnsp\u00e6l er flot som afgr\u00e6nsning i haven, og fordi den er lavet af aluminium, hvilket giver en lang levetid takket v\u00e6re det faktum, at materialet er rustfrit. Stolperne af h\u00f8j kvalitet har en dimension p\u00e5 70 x 70 mm med en v\u00e6gtykkelse p\u00e5 2 mm. Dette g\u00f8r det til en stabil og solid hegnsp\u00e6l, som du ogs\u00e5 kan v\u00e6lge farven p\u00e5. St\u00e6ngerne f\u00e5s i tre farver: naturanodiseret eller hvidlakeret (RAL 9010) eller mat sort (RAL 9005).\" \/>\n<meta property=\"og:url\" content=\"https:\/\/recal-se.tbwebsite.com\/dk\/hegn\/vidostern\/\" \/>\n<meta property=\"og:site_name\" content=\"Recal Danmark\" \/>\n<meta property=\"article:modified_time\" content=\"2024-02-13T08:18:53+00:00\" \/>\n<meta property=\"og:image\" content=\"https:\/\/recal-se.tbwebsite.com\/dk\/wp-content\/uploads\/sites\/2\/2020\/06\/28x120-1.png\" \/>\n\t<meta property=\"og:image:width\" content=\"1376\" \/>\n\t<meta property=\"og:image:height\" content=\"1376\" \/>\n\t<meta property=\"og:image:type\" content=\"image\/png\" \/>\n<meta name=\"twitter:card\" content=\"summary_large_image\" \/>\n<meta name=\"twitter:label1\" content=\"Estimeret l\u00e6setid\" \/>\n\t<meta name=\"twitter:data1\" content=\"2 minutter\" \/>\n<script type=\"application\/ld+json\" class=\"yoast-schema-graph\">{\"@context\":\"https:\/\/schema.org\",\"@graph\":[{\"@type\":\"WebPage\",\"@id\":\"https:\/\/recal-se.tbwebsite.com\/dk\/hegn\/vidostern\/\",\"url\":\"https:\/\/recal-se.tbwebsite.com\/dk\/hegn\/vidostern\/\",\"name\":\"Staketstolpe Vid\u00f6stern - Recal Danmark\",\"isPartOf\":{\"@id\":\"https:\/\/recal-se.tbwebsite.com\/dk\/#website\"},\"primaryImageOfPage\":{\"@id\":\"https:\/\/recal-se.tbwebsite.com\/dk\/hegn\/vidostern\/#primaryimage\"},\"image\":{\"@id\":\"https:\/\/recal-se.tbwebsite.com\/dk\/hegn\/vidostern\/#primaryimage\"},\"thumbnailUrl\":\"https:\/\/recal-se.tbwebsite.com\/dk\/wp-content\/uploads\/sites\/2\/2020\/06\/28x120-1.png\",\"datePublished\":\"2020-06-01T11:50:59+00:00\",\"dateModified\":\"2024-02-13T08:18:53+00:00\",\"description\":\"Staketstolpen Vid\u00f6stern \u00e4r tillverkat i gedigna stolpar i aluminium som passar b\u00e5de som altanr\u00e4cke och regelr\u00e4tt staket.Vid\u00f6stern hegnsp\u00e6l er flot som afgr\u00e6nsning i haven, og fordi den er lavet af aluminium, hvilket giver en lang levetid takket v\u00e6re det faktum, at materialet er rustfrit. Stolperne af h\u00f8j kvalitet har en dimension p\u00e5 70 x 70 mm med en v\u00e6gtykkelse p\u00e5 2 mm. Dette g\u00f8r det til en stabil og solid hegnsp\u00e6l, som du ogs\u00e5 kan v\u00e6lge farven p\u00e5. St\u00e6ngerne f\u00e5s i tre farver: naturanodiseret eller hvidlakeret (RAL 9010) eller mat sort (RAL 9005).\",\"breadcrumb\":{\"@id\":\"https:\/\/recal-se.tbwebsite.com\/dk\/hegn\/vidostern\/#breadcrumb\"},\"inLanguage\":\"da-DK\",\"potentialAction\":[{\"@type\":\"ReadAction\",\"target\":[\"https:\/\/recal-se.tbwebsite.com\/dk\/hegn\/vidostern\/\"]}]},{\"@type\":\"ImageObject\",\"inLanguage\":\"da-DK\",\"@id\":\"https:\/\/recal-se.tbwebsite.com\/dk\/hegn\/vidostern\/#primaryimage\",\"url\":\"https:\/\/recal-se.tbwebsite.com\/dk\/wp-content\/uploads\/sites\/2\/2020\/06\/28x120-1.png\",\"contentUrl\":\"https:\/\/recal-se.tbwebsite.com\/dk\/wp-content\/uploads\/sites\/2\/2020\/06\/28x120-1.png\",\"width\":1376,\"height\":1376},{\"@type\":\"BreadcrumbList\",\"@id\":\"https:\/\/recal-se.tbwebsite.com\/dk\/hegn\/vidostern\/#breadcrumb\",\"itemListElement\":[{\"@type\":\"ListItem\",\"position\":1,\"name\":\"Home\",\"item\":\"https:\/\/recal-se.tbwebsite.com\/dk\/\"},{\"@type\":\"ListItem\",\"position\":2,\"name\":\"Shop\",\"item\":\"https:\/\/recal-se.tbwebsite.com\/dk\/shop\/\"},{\"@type\":\"ListItem\",\"position\":3,\"name\":\"Vid\u00f6stern\"}]},{\"@type\":\"WebSite\",\"@id\":\"https:\/\/recal-se.tbwebsite.com\/dk\/#website\",\"url\":\"https:\/\/recal-se.tbwebsite.com\/dk\/\",\"name\":\"Recal Danmark\",\"description\":\"Tr\u00e4dg\u00e5rdsprodukter tillverkade i aluminium fr\u00e5n Sm\u00e5land\",\"publisher\":{\"@id\":\"https:\/\/recal-se.tbwebsite.com\/dk\/#organization\"},\"potentialAction\":[{\"@type\":\"SearchAction\",\"target\":{\"@type\":\"EntryPoint\",\"urlTemplate\":\"https:\/\/recal-se.tbwebsite.com\/dk\/?s={search_term_string}\"},\"query-input\":\"required name=search_term_string\"}],\"inLanguage\":\"da-DK\"},{\"@type\":\"Organization\",\"@id\":\"https:\/\/recal-se.tbwebsite.com\/dk\/#organization\",\"name\":\"Recal Danmark\",\"url\":\"https:\/\/recal-se.tbwebsite.com\/dk\/\",\"logo\":{\"@type\":\"ImageObject\",\"inLanguage\":\"da-DK\",\"@id\":\"https:\/\/recal-se.tbwebsite.com\/dk\/#\/schema\/logo\/image\/\",\"url\":\"https:\/\/recal-se.tbwebsite.com\/dk\/wp-content\/uploads\/sites\/2\/2020\/06\/recal-logotype_svart_1.png\",\"contentUrl\":\"https:\/\/recal-se.tbwebsite.com\/dk\/wp-content\/uploads\/sites\/2\/2020\/06\/recal-logotype_svart_1.png\",\"width\":260,\"height\":52,\"caption\":\"Recal Danmark\"},\"image\":{\"@id\":\"https:\/\/recal-se.tbwebsite.com\/dk\/#\/schema\/logo\/image\/\"}}]}<\/script>\n<!-- \/ Yoast SEO plugin. -->","yoast_head_json":{"title":"Staketstolpe Vid\u00f6stern - Recal Danmark","description":"Staketstolpen Vid\u00f6stern \u00e4r tillverkat i gedigna stolpar i aluminium som passar b\u00e5de som altanr\u00e4cke och regelr\u00e4tt staket.Vid\u00f6stern hegnsp\u00e6l er flot som afgr\u00e6nsning i haven, og fordi den er lavet af aluminium, hvilket giver en lang levetid takket v\u00e6re det faktum, at materialet er rustfrit. Stolperne af h\u00f8j kvalitet har en dimension p\u00e5 70 x 70 mm med en v\u00e6gtykkelse p\u00e5 2 mm. Dette g\u00f8r det til en stabil og solid hegnsp\u00e6l, som du ogs\u00e5 kan v\u00e6lge farven p\u00e5. St\u00e6ngerne f\u00e5s i tre farver: naturanodiseret eller hvidlakeret (RAL 9010) eller mat sort (RAL 9005).","robots":{"index":"index","follow":"follow","max-snippet":"max-snippet:-1","max-image-preview":"max-image-preview:large","max-video-preview":"max-video-preview:-1"},"canonical":"https:\/\/recal-se.tbwebsite.com\/dk\/hegn\/vidostern\/","og_locale":"da_DK","og_type":"article","og_title":"Staketstolpe Vid\u00f6stern - Recal Danmark","og_description":"Staketstolpen Vid\u00f6stern \u00e4r tillverkat i gedigna stolpar i aluminium som passar b\u00e5de som altanr\u00e4cke och regelr\u00e4tt staket.Vid\u00f6stern hegnsp\u00e6l er flot som afgr\u00e6nsning i haven, og fordi den er lavet af aluminium, hvilket giver en lang levetid takket v\u00e6re det faktum, at materialet er rustfrit. Stolperne af h\u00f8j kvalitet har en dimension p\u00e5 70 x 70 mm med en v\u00e6gtykkelse p\u00e5 2 mm. Dette g\u00f8r det til en stabil og solid hegnsp\u00e6l, som du ogs\u00e5 kan v\u00e6lge farven p\u00e5. St\u00e6ngerne f\u00e5s i tre farver: naturanodiseret eller hvidlakeret (RAL 9010) eller mat sort (RAL 9005).","og_url":"https:\/\/recal-se.tbwebsite.com\/dk\/hegn\/vidostern\/","og_site_name":"Recal Danmark","article_modified_time":"2024-02-13T08:18:53+00:00","og_image":[{"width":1376,"height":1376,"url":"https:\/\/recal-se.tbwebsite.com\/dk\/wp-content\/uploads\/sites\/2\/2020\/06\/28x120-1.png","type":"image\/png"}],"twitter_card":"summary_large_image","twitter_misc":{"Estimeret l\u00e6setid":"2 minutter"},"schema":{"@context":"https:\/\/schema.org","@graph":[{"@type":"WebPage","@id":"https:\/\/recal-se.tbwebsite.com\/dk\/hegn\/vidostern\/","url":"https:\/\/recal-se.tbwebsite.com\/dk\/hegn\/vidostern\/","name":"Staketstolpe Vid\u00f6stern - Recal Danmark","isPartOf":{"@id":"https:\/\/recal-se.tbwebsite.com\/dk\/#website"},"primaryImageOfPage":{"@id":"https:\/\/recal-se.tbwebsite.com\/dk\/hegn\/vidostern\/#primaryimage"},"image":{"@id":"https:\/\/recal-se.tbwebsite.com\/dk\/hegn\/vidostern\/#primaryimage"},"thumbnailUrl":"https:\/\/recal-se.tbwebsite.com\/dk\/wp-content\/uploads\/sites\/2\/2020\/06\/28x120-1.png","datePublished":"2020-06-01T11:50:59+00:00","dateModified":"2024-02-13T08:18:53+00:00","description":"Staketstolpen Vid\u00f6stern \u00e4r tillverkat i gedigna stolpar i aluminium som passar b\u00e5de som altanr\u00e4cke och regelr\u00e4tt staket.Vid\u00f6stern hegnsp\u00e6l er flot som afgr\u00e6nsning i haven, og fordi den er lavet af aluminium, hvilket giver en lang levetid takket v\u00e6re det faktum, at materialet er rustfrit. Stolperne af h\u00f8j kvalitet har en dimension p\u00e5 70 x 70 mm med en v\u00e6gtykkelse p\u00e5 2 mm. Dette g\u00f8r det til en stabil og solid hegnsp\u00e6l, som du ogs\u00e5 kan v\u00e6lge farven p\u00e5. St\u00e6ngerne f\u00e5s i tre farver: naturanodiseret eller hvidlakeret (RAL 9010) eller mat sort (RAL 9005).","breadcrumb":{"@id":"https:\/\/recal-se.tbwebsite.com\/dk\/hegn\/vidostern\/#breadcrumb"},"inLanguage":"da-DK","potentialAction":[{"@type":"ReadAction","target":["https:\/\/recal-se.tbwebsite.com\/dk\/hegn\/vidostern\/"]}]},{"@type":"ImageObject","inLanguage":"da-DK","@id":"https:\/\/recal-se.tbwebsite.com\/dk\/hegn\/vidostern\/#primaryimage","url":"https:\/\/recal-se.tbwebsite.com\/dk\/wp-content\/uploads\/sites\/2\/2020\/06\/28x120-1.png","contentUrl":"https:\/\/recal-se.tbwebsite.com\/dk\/wp-content\/uploads\/sites\/2\/2020\/06\/28x120-1.png","width":1376,"height":1376},{"@type":"BreadcrumbList","@id":"https:\/\/recal-se.tbwebsite.com\/dk\/hegn\/vidostern\/#breadcrumb","itemListElement":[{"@type":"ListItem","position":1,"name":"Home","item":"https:\/\/recal-se.tbwebsite.com\/dk\/"},{"@type":"ListItem","position":2,"name":"Shop","item":"https:\/\/recal-se.tbwebsite.com\/dk\/shop\/"},{"@type":"ListItem","position":3,"name":"Vid\u00f6stern"}]},{"@type":"WebSite","@id":"https:\/\/recal-se.tbwebsite.com\/dk\/#website","url":"https:\/\/recal-se.tbwebsite.com\/dk\/","name":"Recal Danmark","description":"Tr\u00e4dg\u00e5rdsprodukter tillverkade i aluminium fr\u00e5n Sm\u00e5land","publisher":{"@id":"https:\/\/recal-se.tbwebsite.com\/dk\/#organization"},"potentialAction":[{"@type":"SearchAction","target":{"@type":"EntryPoint","urlTemplate":"https:\/\/recal-se.tbwebsite.com\/dk\/?s={search_term_string}"},"query-input":"required name=search_term_string"}],"inLanguage":"da-DK"},{"@type":"Organization","@id":"https:\/\/recal-se.tbwebsite.com\/dk\/#organization","name":"Recal Danmark","url":"https:\/\/recal-se.tbwebsite.com\/dk\/","logo":{"@type":"ImageObject","inLanguage":"da-DK","@id":"https:\/\/recal-se.tbwebsite.com\/dk\/#\/schema\/logo\/image\/","url":"https:\/\/recal-se.tbwebsite.com\/dk\/wp-content\/uploads\/sites\/2\/2020\/06\/recal-logotype_svart_1.png","contentUrl":"https:\/\/recal-se.tbwebsite.com\/dk\/wp-content\/uploads\/sites\/2\/2020\/06\/recal-logotype_svart_1.png","width":260,"height":52,"caption":"Recal Danmark"},"image":{"@id":"https:\/\/recal-se.tbwebsite.com\/dk\/#\/schema\/logo\/image\/"}}]}},"_links":{"self":[{"href":"https:\/\/recal-se.tbwebsite.com\/dk\/wp-json\/wp\/v2\/product\/228"}],"collection":[{"href":"https:\/\/recal-se.tbwebsite.com\/dk\/wp-json\/wp\/v2\/product"}],"about":[{"href":"https:\/\/recal-se.tbwebsite.com\/dk\/wp-json\/wp\/v2\/types\/product"}],"replies":[{"embeddable":true,"href":"https:\/\/recal-se.tbwebsite.com\/dk\/wp-json\/wp\/v2\/comments?post=228"}],"version-history":[{"count":13,"href":"https:\/\/recal-se.tbwebsite.com\/dk\/wp-json\/wp\/v2\/product\/228\/revisions"}],"predecessor-version":[{"id":15101,"href":"https:\/\/recal-se.tbwebsite.com\/dk\/wp-json\/wp\/v2\/product\/228\/revisions\/15101"}],"wp:featuredmedia":[{"embeddable":true,"href":"https:\/\/recal-se.tbwebsite.com\/dk\/wp-json\/wp\/v2\/media\/5680"}],"wp:attachment":[{"href":"https:\/\/recal-se.tbwebsite.com\/dk\/wp-json\/wp\/v2\/media?parent=228"}],"wp:term":[{"taxonomy":"product_cat","embeddable":true,"href":"https:\/\/recal-se.tbwebsite.com\/dk\/wp-json\/wp\/v2\/product_cat?post=228"},{"taxonomy":"product_tag","embeddable":true,"href":"https:\/\/recal-se.tbwebsite.com\/dk\/wp-json\/wp\/v2\/product_tag?post=228"}],"curies":[{"name":"wp","href":"https:\/\/api.w.org\/{rel}","templated":true}]}}