{"id":2141,"date":"2022-05-06T03:27:49","date_gmt":"2022-05-06T03:27:49","guid":{"rendered":"https:\/\/recal-se.tbwebsite.com\/?post_type=product&#038;p=2141"},"modified":"2024-02-13T08:18:49","modified_gmt":"2024-02-13T08:18:49","slug":"diskret-afskaermning","status":"publish","type":"product","link":"https:\/\/recal-se.tbwebsite.com\/dk\/hegn\/diskret-afskaermning\/","title":{"rendered":"Diskret &#8211; Afsk\u00e6rmning"},"content":{"rendered":"<p><strong>Afsk\u00e6rmning<\/strong><br \/>\nVores privatlivssk\u00e6rm fungerer perfekt som en sk\u00e6rm og giver ingen synlighed i haven eller p\u00e5 terrassen. Hegnsp\u00e6len er lavet af aluminium, hvilket giver en lang levetid takket v\u00e6re det faktum, at materialet er rustfrit. Stolperne har en dimension p\u00e5 70 x 70 mm, med en v\u00e6gtykkelse p\u00e5 2 mm. Dette g\u00f8r det til en stabil og solid hegnsp\u00e6l, som du ogs\u00e5 kan v\u00e6lge farven p\u00e5. St\u00e6ngerne f\u00e5s i tre farver: naturanodiseret eller hvidlakeret (RAL 9010) eller mat sort (RAL 9005).<\/p>\n<p>Byg kun som et husly eller skjold mod naboen.<\/p>\n<p>Med valgbare h\u00f8jder holder vores sk\u00e6rmv\u00e6g terrassen indrammet og afsondret fra naboer og indrammer huset, mens den s\u00e6tter klare gr\u00e6nser for din grund. Brug hj\u00f8rne-, midter- og endestolper til at bygge det hegn, der passer til netop din situation. H\u00e4ren-hegnsp\u00e6len er et solidt hegn, der virkelig vil forbedre din have og g\u00f8re terrassen mere t\u00e6t og privat med den \u00f8nskede sk\u00e6rm.<\/p>\n<p><strong>Reglar<\/strong><br \/>\n1460 mm\u00a0 \u00a0 \u00a0 \u00a0 \u00a0 \u00a0 \u00a0 \u00a0 \u00a014 Huller<\/p>\n<p>1840 mm\u00a0\u00a0\u00a0\u00a0\u00a0\u00a0\u00a0\u00a0\u00a0\u00a0\u00a0\u00a0\u00a0\u00a0\u00a0\u00a0 18 Huller<\/p>\n<p>Afstanden mellem jorden og den f\u00f8rste stud er 10 cm. Afstanden mellem bj\u00e6lkerne er 0,5 cm. Hullerne er 23 X 97 mm.<\/p>\n<p><strong>Hegnsp\u00e6l<\/strong><\/p>\n<p>Bestil ende, hj\u00f8rne eller midterstolpe<\/p>\n<p><strong>Stolpehat<br \/>\n<\/strong><br \/>\nStolpehat f\u00e5s i sort plast eller aluminium i alle farver. Der er ogs\u00e5 et overliggerbeslag. K\u00f8b 1 stk. til hver stang<\/p>\n<p><strong>Stolpefod<\/strong><\/p>\n<p>K\u00f8b en stangbase til hver stang.<\/p>\n<p><strong>SKRUE<\/strong><\/p>\n<p>Glem ikke at bestille monteringsskruer til tr\u00e6et.<\/p>\n<p><strong>Montering<\/strong><br \/>\nK\u00f8b trykimpr\u00e6gneret tr\u00e6 21 X 95 mm hos din lokale byggeforhandler. S\u00f8rg for, at tr\u00e6et ikke er svulmet for meget op (dette vil g\u00f8re installationen vanskeligere), s\u00e5 skal du ogs\u00e5 bruge f\u00f8lgende v\u00e6rkt\u00f8jer:<\/p>\n<ul>\n<li>M\u00e5leband<\/li>\n<li>Skruetr\u00e6kkere med bits og bor<\/li>\n<li>Gummihammer (til montering af foden p\u00e5 stolpen)<\/li>\n<\/ul>\n<p>Monter str\u00f8erne ved hj\u00e6lp af beslaget p\u00e5 bagsiden af stolperne og monter altid hegnet, s\u00e5 det er stabilt \u2013 anbefalingen er maksimalt 150 cm mellem stolperne, og at du altid placerer stolperne, inden du skruer tr\u00e6et for at sikre, at din ordre var korrekt.<\/p>\n<p><a href=\"https:\/\/recal.se\/wp-content\/uploads\/2021\/06\/recal-forklaring_stolpvarianter-scaled.jpg\" target=\"_blank\" rel=\"noopener\">Monteringsprincip<\/a><\/p>\n","protected":false},"excerpt":{"rendered":"<p>Vores screeningssystem fungerer lige s\u00e5 godt som et terrasser\u00e6kv\u00e6rk eller afsk\u00e6rmning i din have. Hegnsp\u00e6len er lavet af aluminium og giver en lang levetid takket v\u00e6re det faktum, at materialet er rustfrit. Hegnsp\u00e6len giver mulighed for total afsk\u00e6rmning fra naboen eller ud fra vejen, samtidig med at der skabes et smukt milj\u00f8 i din have!<\/p>\n","protected":false},"featured_media":5403,"comment_status":"open","ping_status":"closed","template":"","meta":{"_acf_changed":false},"product_cat":[333,16],"product_tag":[],"composite_virtual":false,"composite_layout":"","composite_add_to_cart_form_location":"","composite_editable_in_cart":false,"composite_sold_individually_context":"","composite_shop_price_calc":"","composite_components":[],"composite_scenarios":[],"acf":[],"yoast_head":"<!-- This site is optimized with the Yoast SEO plugin v22.2 - https:\/\/yoast.com\/wordpress\/plugins\/seo\/ -->\n<title>Staketstolpe Diskret - Afsk\u00e6rmning - Recal Danmark<\/title>\n<meta name=\"description\" content=\"H\u00e4ren Hegnsp\u00e6l i aluminium, der passer lige s\u00e5 godt som et terrasser\u00e6kv\u00e6rk eller som sk\u00e6rm. Lang levetid p\u00e5 grund af rustfrit st\u00e5lmateriale.Vores privatlivssk\u00e6rm fungerer perfekt som en sk\u00e6rm og giver ingen synlighed i haven eller p\u00e5 terrassen.\" \/>\n<meta name=\"robots\" content=\"index, follow, max-snippet:-1, max-image-preview:large, max-video-preview:-1\" \/>\n<link rel=\"canonical\" href=\"https:\/\/recal-se.tbwebsite.com\/dk\/hegn\/diskret-afskaermning\/\" \/>\n<meta property=\"og:locale\" content=\"da_DK\" \/>\n<meta property=\"og:type\" content=\"article\" \/>\n<meta property=\"og:title\" content=\"Staketstolpe Diskret - Afsk\u00e6rmning - Recal Danmark\" \/>\n<meta property=\"og:description\" content=\"H\u00e4ren Hegnsp\u00e6l i aluminium, der passer lige s\u00e5 godt som et terrasser\u00e6kv\u00e6rk eller som sk\u00e6rm. Lang levetid p\u00e5 grund af rustfrit st\u00e5lmateriale.Vores privatlivssk\u00e6rm fungerer perfekt som en sk\u00e6rm og giver ingen synlighed i haven eller p\u00e5 terrassen.\" \/>\n<meta property=\"og:url\" content=\"https:\/\/recal-se.tbwebsite.com\/dk\/hegn\/diskret-afskaermning\/\" \/>\n<meta property=\"og:site_name\" content=\"Recal Danmark\" \/>\n<meta property=\"article:modified_time\" content=\"2024-02-13T08:18:49+00:00\" \/>\n<meta property=\"og:image\" content=\"https:\/\/recal-se.tbwebsite.com\/dk\/wp-content\/uploads\/sites\/2\/2022\/05\/Avskarmning-2048x1365-1-1.png\" \/>\n\t<meta property=\"og:image:width\" content=\"1730\" \/>\n\t<meta property=\"og:image:height\" content=\"1729\" \/>\n\t<meta property=\"og:image:type\" content=\"image\/png\" \/>\n<meta name=\"twitter:card\" content=\"summary_large_image\" \/>\n<meta name=\"twitter:label1\" content=\"Estimeret l\u00e6setid\" \/>\n\t<meta name=\"twitter:data1\" content=\"2 minutter\" \/>\n<script type=\"application\/ld+json\" class=\"yoast-schema-graph\">{\"@context\":\"https:\/\/schema.org\",\"@graph\":[{\"@type\":\"WebPage\",\"@id\":\"https:\/\/recal-se.tbwebsite.com\/dk\/hegn\/diskret-afskaermning\/\",\"url\":\"https:\/\/recal-se.tbwebsite.com\/dk\/hegn\/diskret-afskaermning\/\",\"name\":\"Staketstolpe Diskret - Afsk\u00e6rmning - Recal Danmark\",\"isPartOf\":{\"@id\":\"https:\/\/recal-se.tbwebsite.com\/dk\/#website\"},\"primaryImageOfPage\":{\"@id\":\"https:\/\/recal-se.tbwebsite.com\/dk\/hegn\/diskret-afskaermning\/#primaryimage\"},\"image\":{\"@id\":\"https:\/\/recal-se.tbwebsite.com\/dk\/hegn\/diskret-afskaermning\/#primaryimage\"},\"thumbnailUrl\":\"https:\/\/recal-se.tbwebsite.com\/dk\/wp-content\/uploads\/sites\/2\/2022\/05\/Avskarmning-2048x1365-1-1.png\",\"datePublished\":\"2022-05-06T03:27:49+00:00\",\"dateModified\":\"2024-02-13T08:18:49+00:00\",\"description\":\"H\u00e4ren Hegnsp\u00e6l i aluminium, der passer lige s\u00e5 godt som et terrasser\u00e6kv\u00e6rk eller som sk\u00e6rm. Lang levetid p\u00e5 grund af rustfrit st\u00e5lmateriale.Vores privatlivssk\u00e6rm fungerer perfekt som en sk\u00e6rm og giver ingen synlighed i haven eller p\u00e5 terrassen.\",\"breadcrumb\":{\"@id\":\"https:\/\/recal-se.tbwebsite.com\/dk\/hegn\/diskret-afskaermning\/#breadcrumb\"},\"inLanguage\":\"da-DK\",\"potentialAction\":[{\"@type\":\"ReadAction\",\"target\":[\"https:\/\/recal-se.tbwebsite.com\/dk\/hegn\/diskret-afskaermning\/\"]}]},{\"@type\":\"ImageObject\",\"inLanguage\":\"da-DK\",\"@id\":\"https:\/\/recal-se.tbwebsite.com\/dk\/hegn\/diskret-afskaermning\/#primaryimage\",\"url\":\"https:\/\/recal-se.tbwebsite.com\/dk\/wp-content\/uploads\/sites\/2\/2022\/05\/Avskarmning-2048x1365-1-1.png\",\"contentUrl\":\"https:\/\/recal-se.tbwebsite.com\/dk\/wp-content\/uploads\/sites\/2\/2022\/05\/Avskarmning-2048x1365-1-1.png\",\"width\":1730,\"height\":1729},{\"@type\":\"BreadcrumbList\",\"@id\":\"https:\/\/recal-se.tbwebsite.com\/dk\/hegn\/diskret-afskaermning\/#breadcrumb\",\"itemListElement\":[{\"@type\":\"ListItem\",\"position\":1,\"name\":\"Home\",\"item\":\"https:\/\/recal-se.tbwebsite.com\/dk\/\"},{\"@type\":\"ListItem\",\"position\":2,\"name\":\"Shop\",\"item\":\"https:\/\/recal-se.tbwebsite.com\/dk\/shop\/\"},{\"@type\":\"ListItem\",\"position\":3,\"name\":\"Diskret &#8211; Afsk\u00e6rmning\"}]},{\"@type\":\"WebSite\",\"@id\":\"https:\/\/recal-se.tbwebsite.com\/dk\/#website\",\"url\":\"https:\/\/recal-se.tbwebsite.com\/dk\/\",\"name\":\"Recal Danmark\",\"description\":\"Tr\u00e4dg\u00e5rdsprodukter tillverkade i aluminium fr\u00e5n Sm\u00e5land\",\"publisher\":{\"@id\":\"https:\/\/recal-se.tbwebsite.com\/dk\/#organization\"},\"potentialAction\":[{\"@type\":\"SearchAction\",\"target\":{\"@type\":\"EntryPoint\",\"urlTemplate\":\"https:\/\/recal-se.tbwebsite.com\/dk\/?s={search_term_string}\"},\"query-input\":\"required name=search_term_string\"}],\"inLanguage\":\"da-DK\"},{\"@type\":\"Organization\",\"@id\":\"https:\/\/recal-se.tbwebsite.com\/dk\/#organization\",\"name\":\"Recal Danmark\",\"url\":\"https:\/\/recal-se.tbwebsite.com\/dk\/\",\"logo\":{\"@type\":\"ImageObject\",\"inLanguage\":\"da-DK\",\"@id\":\"https:\/\/recal-se.tbwebsite.com\/dk\/#\/schema\/logo\/image\/\",\"url\":\"https:\/\/recal-se.tbwebsite.com\/dk\/wp-content\/uploads\/sites\/2\/2020\/06\/recal-logotype_svart_1.png\",\"contentUrl\":\"https:\/\/recal-se.tbwebsite.com\/dk\/wp-content\/uploads\/sites\/2\/2020\/06\/recal-logotype_svart_1.png\",\"width\":260,\"height\":52,\"caption\":\"Recal Danmark\"},\"image\":{\"@id\":\"https:\/\/recal-se.tbwebsite.com\/dk\/#\/schema\/logo\/image\/\"}}]}<\/script>\n<!-- \/ Yoast SEO plugin. -->","yoast_head_json":{"title":"Staketstolpe Diskret - Afsk\u00e6rmning - Recal Danmark","description":"H\u00e4ren Hegnsp\u00e6l i aluminium, der passer lige s\u00e5 godt som et terrasser\u00e6kv\u00e6rk eller som sk\u00e6rm. Lang levetid p\u00e5 grund af rustfrit st\u00e5lmateriale.Vores privatlivssk\u00e6rm fungerer perfekt som en sk\u00e6rm og giver ingen synlighed i haven eller p\u00e5 terrassen.","robots":{"index":"index","follow":"follow","max-snippet":"max-snippet:-1","max-image-preview":"max-image-preview:large","max-video-preview":"max-video-preview:-1"},"canonical":"https:\/\/recal-se.tbwebsite.com\/dk\/hegn\/diskret-afskaermning\/","og_locale":"da_DK","og_type":"article","og_title":"Staketstolpe Diskret - Afsk\u00e6rmning - Recal Danmark","og_description":"H\u00e4ren Hegnsp\u00e6l i aluminium, der passer lige s\u00e5 godt som et terrasser\u00e6kv\u00e6rk eller som sk\u00e6rm. Lang levetid p\u00e5 grund af rustfrit st\u00e5lmateriale.Vores privatlivssk\u00e6rm fungerer perfekt som en sk\u00e6rm og giver ingen synlighed i haven eller p\u00e5 terrassen.","og_url":"https:\/\/recal-se.tbwebsite.com\/dk\/hegn\/diskret-afskaermning\/","og_site_name":"Recal Danmark","article_modified_time":"2024-02-13T08:18:49+00:00","og_image":[{"width":1730,"height":1729,"url":"https:\/\/recal-se.tbwebsite.com\/dk\/wp-content\/uploads\/sites\/2\/2022\/05\/Avskarmning-2048x1365-1-1.png","type":"image\/png"}],"twitter_card":"summary_large_image","twitter_misc":{"Estimeret l\u00e6setid":"2 minutter"},"schema":{"@context":"https:\/\/schema.org","@graph":[{"@type":"WebPage","@id":"https:\/\/recal-se.tbwebsite.com\/dk\/hegn\/diskret-afskaermning\/","url":"https:\/\/recal-se.tbwebsite.com\/dk\/hegn\/diskret-afskaermning\/","name":"Staketstolpe Diskret - Afsk\u00e6rmning - Recal Danmark","isPartOf":{"@id":"https:\/\/recal-se.tbwebsite.com\/dk\/#website"},"primaryImageOfPage":{"@id":"https:\/\/recal-se.tbwebsite.com\/dk\/hegn\/diskret-afskaermning\/#primaryimage"},"image":{"@id":"https:\/\/recal-se.tbwebsite.com\/dk\/hegn\/diskret-afskaermning\/#primaryimage"},"thumbnailUrl":"https:\/\/recal-se.tbwebsite.com\/dk\/wp-content\/uploads\/sites\/2\/2022\/05\/Avskarmning-2048x1365-1-1.png","datePublished":"2022-05-06T03:27:49+00:00","dateModified":"2024-02-13T08:18:49+00:00","description":"H\u00e4ren Hegnsp\u00e6l i aluminium, der passer lige s\u00e5 godt som et terrasser\u00e6kv\u00e6rk eller som sk\u00e6rm. Lang levetid p\u00e5 grund af rustfrit st\u00e5lmateriale.Vores privatlivssk\u00e6rm fungerer perfekt som en sk\u00e6rm og giver ingen synlighed i haven eller p\u00e5 terrassen.","breadcrumb":{"@id":"https:\/\/recal-se.tbwebsite.com\/dk\/hegn\/diskret-afskaermning\/#breadcrumb"},"inLanguage":"da-DK","potentialAction":[{"@type":"ReadAction","target":["https:\/\/recal-se.tbwebsite.com\/dk\/hegn\/diskret-afskaermning\/"]}]},{"@type":"ImageObject","inLanguage":"da-DK","@id":"https:\/\/recal-se.tbwebsite.com\/dk\/hegn\/diskret-afskaermning\/#primaryimage","url":"https:\/\/recal-se.tbwebsite.com\/dk\/wp-content\/uploads\/sites\/2\/2022\/05\/Avskarmning-2048x1365-1-1.png","contentUrl":"https:\/\/recal-se.tbwebsite.com\/dk\/wp-content\/uploads\/sites\/2\/2022\/05\/Avskarmning-2048x1365-1-1.png","width":1730,"height":1729},{"@type":"BreadcrumbList","@id":"https:\/\/recal-se.tbwebsite.com\/dk\/hegn\/diskret-afskaermning\/#breadcrumb","itemListElement":[{"@type":"ListItem","position":1,"name":"Home","item":"https:\/\/recal-se.tbwebsite.com\/dk\/"},{"@type":"ListItem","position":2,"name":"Shop","item":"https:\/\/recal-se.tbwebsite.com\/dk\/shop\/"},{"@type":"ListItem","position":3,"name":"Diskret &#8211; Afsk\u00e6rmning"}]},{"@type":"WebSite","@id":"https:\/\/recal-se.tbwebsite.com\/dk\/#website","url":"https:\/\/recal-se.tbwebsite.com\/dk\/","name":"Recal Danmark","description":"Tr\u00e4dg\u00e5rdsprodukter tillverkade i aluminium fr\u00e5n Sm\u00e5land","publisher":{"@id":"https:\/\/recal-se.tbwebsite.com\/dk\/#organization"},"potentialAction":[{"@type":"SearchAction","target":{"@type":"EntryPoint","urlTemplate":"https:\/\/recal-se.tbwebsite.com\/dk\/?s={search_term_string}"},"query-input":"required name=search_term_string"}],"inLanguage":"da-DK"},{"@type":"Organization","@id":"https:\/\/recal-se.tbwebsite.com\/dk\/#organization","name":"Recal Danmark","url":"https:\/\/recal-se.tbwebsite.com\/dk\/","logo":{"@type":"ImageObject","inLanguage":"da-DK","@id":"https:\/\/recal-se.tbwebsite.com\/dk\/#\/schema\/logo\/image\/","url":"https:\/\/recal-se.tbwebsite.com\/dk\/wp-content\/uploads\/sites\/2\/2020\/06\/recal-logotype_svart_1.png","contentUrl":"https:\/\/recal-se.tbwebsite.com\/dk\/wp-content\/uploads\/sites\/2\/2020\/06\/recal-logotype_svart_1.png","width":260,"height":52,"caption":"Recal Danmark"},"image":{"@id":"https:\/\/recal-se.tbwebsite.com\/dk\/#\/schema\/logo\/image\/"}}]}},"_links":{"self":[{"href":"https:\/\/recal-se.tbwebsite.com\/dk\/wp-json\/wp\/v2\/product\/2141"}],"collection":[{"href":"https:\/\/recal-se.tbwebsite.com\/dk\/wp-json\/wp\/v2\/product"}],"about":[{"href":"https:\/\/recal-se.tbwebsite.com\/dk\/wp-json\/wp\/v2\/types\/product"}],"replies":[{"embeddable":true,"href":"https:\/\/recal-se.tbwebsite.com\/dk\/wp-json\/wp\/v2\/comments?post=2141"}],"version-history":[{"count":6,"href":"https:\/\/recal-se.tbwebsite.com\/dk\/wp-json\/wp\/v2\/product\/2141\/revisions"}],"predecessor-version":[{"id":15153,"href":"https:\/\/recal-se.tbwebsite.com\/dk\/wp-json\/wp\/v2\/product\/2141\/revisions\/15153"}],"wp:featuredmedia":[{"embeddable":true,"href":"https:\/\/recal-se.tbwebsite.com\/dk\/wp-json\/wp\/v2\/media\/5403"}],"wp:attachment":[{"href":"https:\/\/recal-se.tbwebsite.com\/dk\/wp-json\/wp\/v2\/media?parent=2141"}],"wp:term":[{"taxonomy":"product_cat","embeddable":true,"href":"https:\/\/recal-se.tbwebsite.com\/dk\/wp-json\/wp\/v2\/product_cat?post=2141"},{"taxonomy":"product_tag","embeddable":true,"href":"https:\/\/recal-se.tbwebsite.com\/dk\/wp-json\/wp\/v2\/product_tag?post=2141"}],"curies":[{"name":"wp","href":"https:\/\/api.w.org\/{rel}","templated":true}]}}