{"id":197,"date":"2020-05-14T14:00:19","date_gmt":"2020-05-14T14:00:19","guid":{"rendered":"https:\/\/recal-se.tbwebsite.com\/?post_type=product&#038;p=197"},"modified":"2024-02-13T08:18:55","modified_gmt":"2024-02-13T08:18:55","slug":"hindsen","status":"publish","type":"product","link":"https:\/\/recal-se.tbwebsite.com\/dk\/hegn\/hindsen\/","title":{"rendered":"Hindsen"},"content":{"rendered":"<div id=\"tw-target-text-container\" class=\"tw-ta-container F0azHf tw-nfl\">\n<p id=\"tw-target-text\" class=\"tw-data-text tw-text-large tw-ta\" dir=\"ltr\" data-placeholder=\"\u00d6vers\u00e4ttning\" data-ved=\"2ahUKEwiz69nRvo-EAxXqExAIHShUApgQ3ewLegQIBRAT\"><strong><span class=\"Y2IQFc\" lang=\"da\">Hindsen hegnsp\u00e6l<\/span><\/strong><\/p>\n<p class=\"tw-data-text tw-text-large tw-ta\" dir=\"ltr\" data-placeholder=\"\u00d6vers\u00e4ttning\" data-ved=\"2ahUKEwiz69nRvo-EAxXqExAIHShUApgQ3ewLegQIBRAT\"><span class=\"Y2IQFc\" lang=\"da\">Aluminiumshegn Hindsen er lavet af 100% aluminium og giver et luksuri\u00f8st indtryk i din have. Hegnet er samlet med runde aluminiumsr\u00f8r, der tr\u00e6kkes gennem stolpen. Modellen passer perfekt som hegn! Stolperne er udf\u00f8rt i aluminium og har en dimension p\u00e5 70 x 70 mm. Materialetykkelsen er hele 2 mm, hvilket g\u00f8r st\u00e6ngerne b\u00e5de stabile og solide. Stolperne f\u00e5s som naturanodiseret eller lakeret i enten hvid (RAL 9010) eller mat sort (RAL 9005). Monteringen foreg\u00e5r med <a href=\"https:\/\/recal.se\/product\/ror\/\">40&#215;40 r\u00f6r<\/a>, som du bestiller hos os. Med Hindsen alu-hegnet f\u00e5r din have, terrasse eller andet omr\u00e5de efter eget valg en mere elegant afsk\u00e6rmning og finish.<\/span><\/p>\n<\/div>\n<div id=\"tw-target-rmn-container\" class=\"tw-target-rmn tw-ta-container F0azHf tw-nfl\">\n<p id=\"tw-target-rmn\" class=\"tw-data-placeholder tw-text-small tw-ta\" dir=\"ltr\"><span class=\"Y2IQFc\" lang=\"da\"><br \/>\n<strong>Regler<\/strong><\/span><\/p>\n<p class=\"tw-data-placeholder tw-text-small tw-ta\" dir=\"ltr\"><span class=\"Y2IQFc\" lang=\"da\"> Antallet af knopper varierer afh\u00e6ngigt af stolpeh\u00f8jden: <\/span><\/p>\n<p class=\"tw-data-placeholder tw-text-small tw-ta\" dir=\"ltr\"><span class=\"Y2IQFc\" lang=\"da\">745 mm\u00a0 \u00a0 \u00a0 \u00a0 \u00a0 \u00a0 \u00a0 \u00a0 \u00a0 \u00a0 3 aluminiumsr\u00f8r <\/span><\/p>\n<p class=\"tw-data-placeholder tw-text-small tw-ta\" dir=\"ltr\"><span class=\"Y2IQFc\" lang=\"da\">995 mm \u00a0\u00a0\u00a0\u00a0\u00a0\u00a0\u00a0\u00a0\u00a0\u00a0\u00a0\u00a0\u00a0\u00a0\u00a0\u00a0\u00a0\u00a0 4 aluminiumsr\u00f8r <\/span><\/p>\n<p class=\"tw-data-placeholder tw-text-small tw-ta\" dir=\"ltr\"><span class=\"Y2IQFc\" lang=\"da\">Afstanden mellem jorden og den f\u00f8rste regel er 24 cm. Afstanden mellem stifterne er 12 cm. Hullerne er 41&#215;41 mm. <\/span><\/p>\n<p class=\"tw-data-placeholder tw-text-small tw-ta\" dir=\"ltr\"><span class=\"Y2IQFc\" lang=\"da\"><strong>Hegnsp\u00e6l<\/strong><br \/>\nHusk at bestille de rigtige stolpetyper til dit form\u00e5l (mellemstolper, hj\u00f8rnestolper, endestolper). <\/span><\/p>\n<p class=\"tw-data-placeholder tw-text-small tw-ta\" dir=\"ltr\"><span class=\"Y2IQFc\" lang=\"da\"><strong>Stolpehat<\/strong><br \/>\nStolpehat f\u00e5s i sort plast eller aluminium i enhver farve. <\/span><\/p>\n<p class=\"tw-data-placeholder tw-text-small tw-ta\" dir=\"ltr\"><span class=\"Y2IQFc\" lang=\"da\"><strong>Stolpefod<\/strong><br \/>\nStolpefod Glem ikke at bestille en stangfod til hver stang. <\/span><\/p>\n<p class=\"tw-data-placeholder tw-text-small tw-ta\" dir=\"ltr\"><span class=\"Y2IQFc\" lang=\"da\"><strong>Montering<\/strong><br \/>\nMontering Bestil aluminiumsr\u00f8r i vores butik i den rigtige l\u00e6ngde til hegnet. <\/span><\/p>\n<p class=\"tw-data-placeholder tw-text-small tw-ta\" dir=\"ltr\"><span class=\"Y2IQFc\" lang=\"da\">Sk\u00e6r derefter endestykkerne til med en fintandet sav. <\/span><\/p>\n<p><span class=\"Y2IQFc\" lang=\"da\">S\u00e5 har du ogs\u00e5 brug for f\u00f8lgende v\u00e6rkt\u00f8jer:<br \/>\nM\u00e5leb\u00e5nd<br \/>\nSkruetr\u00e6kker med bid og bor<br \/>\nGummihammer (til at montere foden p\u00e5 stangen) <\/span><\/p>\n<p><span class=\"Y2IQFc\" lang=\"da\">Monter str\u00f8erne ved hj\u00e6lp af beslaget p\u00e5 bagsiden af \u200b\u200bstolperne. Monter altid hegnet s\u00e5 det st\u00e5r stabilt, anbefaling er max 150 cm mellem stolperne. Placer ogs\u00e5 altid stolperne f\u00f8r du skruer t\u00f8mmeret for at sikre, at din ordre er korrekt.<\/span><\/p>\n<\/div>\n<p>&nbsp;<\/p>\n<p><a href=\"https:\/\/recal.se\/wp-content\/uploads\/2021\/06\/recal-forklaring_stolpvarianter-scaled.jpg\" target=\"_blank\" rel=\"noopener\">Monteringsprincip<\/a><\/p>\n<p>&nbsp;<\/p>\n","protected":false},"excerpt":{"rendered":"<p id=\"tw-target-text\" class=\"tw-data-text tw-text-large tw-ta\" dir=\"ltr\" data-placeholder=\"\u00d6vers\u00e4ttning\" data-ved=\"2ahUKEwiz69nRvo-EAxXqExAIHShUApgQ3ewLegQIBRAT\"><span class=\"Y2IQFc\" lang=\"da\">Hindsen hegnet er lavet af 100% aluminium og giver et luksuri\u00f8st indtryk i din have. Hegnet er samlet med runde aluminiumsr\u00f8r, der tr\u00e6kkes gennem stolpen. Modellen passer perfekt som hegn!<\/span><\/p>\n<p>&nbsp;<\/p>\n","protected":false},"featured_media":5773,"comment_status":"open","ping_status":"closed","template":"","meta":{"_acf_changed":false},"product_cat":[333,16],"product_tag":[],"composite_virtual":false,"composite_layout":"","composite_add_to_cart_form_location":"","composite_editable_in_cart":false,"composite_sold_individually_context":"","composite_shop_price_calc":"","composite_components":[],"composite_scenarios":[],"acf":[],"yoast_head":"<!-- This site is optimized with the Yoast SEO plugin v22.2 - https:\/\/yoast.com\/wordpress\/plugins\/seo\/ -->\n<title>Aluminiumshegn Hindsen - Recal Danmark A<\/title>\n<meta name=\"description\" content=\"Aluminiumshegn Hindsen er lavet af 100% aluminium og giver et luksuri\u00f8st indtryk i din have. Hegnet er samlet med runde aluminiumsr\u00f8r, der tr\u00e6kkes gennem stolpen. Modellen passer perfekt som hegn! Stolperne er udf\u00f8rt i aluminium og har en dimension p\u00e5 70 x 70 mm. Materialetykkelsen er hele 2 mm, hvilket g\u00f8r st\u00e6ngerne b\u00e5de stabile og solide. Stolperne f\u00e5s som naturanodiseret eller lakeret i enten hvid (RAL 9010) eller mat sort (RAL 9005). Monteringen foreg\u00e5r med 40x40 r\u00f6r, som du bestiller hos os. Med Hindsen alu-hegnet f\u00e5r din have, terrasse eller andet omr\u00e5de efter eget valg en mere elegant afsk\u00e6rmning og finish.\" \/>\n<meta name=\"robots\" content=\"index, follow, max-snippet:-1, max-image-preview:large, max-video-preview:-1\" \/>\n<link rel=\"canonical\" href=\"https:\/\/recal-se.tbwebsite.com\/dk\/hegn\/hindsen\/\" \/>\n<meta property=\"og:locale\" content=\"da_DK\" \/>\n<meta property=\"og:type\" content=\"article\" \/>\n<meta property=\"og:title\" content=\"Aluminiumshegn Hindsen - Recal Danmark A\" \/>\n<meta property=\"og:description\" content=\"Aluminiumshegn Hindsen er lavet af 100% aluminium og giver et luksuri\u00f8st indtryk i din have. Hegnet er samlet med runde aluminiumsr\u00f8r, der tr\u00e6kkes gennem stolpen. Modellen passer perfekt som hegn! Stolperne er udf\u00f8rt i aluminium og har en dimension p\u00e5 70 x 70 mm. Materialetykkelsen er hele 2 mm, hvilket g\u00f8r st\u00e6ngerne b\u00e5de stabile og solide. Stolperne f\u00e5s som naturanodiseret eller lakeret i enten hvid (RAL 9010) eller mat sort (RAL 9005). Monteringen foreg\u00e5r med 40x40 r\u00f6r, som du bestiller hos os. Med Hindsen alu-hegnet f\u00e5r din have, terrasse eller andet omr\u00e5de efter eget valg en mere elegant afsk\u00e6rmning og finish.\" \/>\n<meta property=\"og:url\" content=\"https:\/\/recal-se.tbwebsite.com\/dk\/hegn\/hindsen\/\" \/>\n<meta property=\"og:site_name\" content=\"Recal Danmark\" \/>\n<meta property=\"article:modified_time\" content=\"2024-02-13T08:18:55+00:00\" \/>\n<meta property=\"og:image\" content=\"https:\/\/recal-se.tbwebsite.com\/dk\/wp-content\/uploads\/sites\/2\/2020\/05\/40x40_ror-1-1.png\" \/>\n\t<meta property=\"og:image:width\" content=\"1400\" \/>\n\t<meta property=\"og:image:height\" content=\"1400\" \/>\n\t<meta property=\"og:image:type\" content=\"image\/png\" \/>\n<meta name=\"twitter:card\" content=\"summary_large_image\" \/>\n<meta name=\"twitter:label1\" content=\"Estimeret l\u00e6setid\" \/>\n\t<meta name=\"twitter:data1\" content=\"2 minutter\" \/>\n<script type=\"application\/ld+json\" class=\"yoast-schema-graph\">{\"@context\":\"https:\/\/schema.org\",\"@graph\":[{\"@type\":\"WebPage\",\"@id\":\"https:\/\/recal-se.tbwebsite.com\/dk\/hegn\/hindsen\/\",\"url\":\"https:\/\/recal-se.tbwebsite.com\/dk\/hegn\/hindsen\/\",\"name\":\"Aluminiumshegn Hindsen - Recal Danmark A\",\"isPartOf\":{\"@id\":\"https:\/\/recal-se.tbwebsite.com\/dk\/#website\"},\"primaryImageOfPage\":{\"@id\":\"https:\/\/recal-se.tbwebsite.com\/dk\/hegn\/hindsen\/#primaryimage\"},\"image\":{\"@id\":\"https:\/\/recal-se.tbwebsite.com\/dk\/hegn\/hindsen\/#primaryimage\"},\"thumbnailUrl\":\"https:\/\/recal-se.tbwebsite.com\/dk\/wp-content\/uploads\/sites\/2\/2020\/05\/40x40_ror-1-1.png\",\"datePublished\":\"2020-05-14T14:00:19+00:00\",\"dateModified\":\"2024-02-13T08:18:55+00:00\",\"description\":\"Aluminiumshegn Hindsen er lavet af 100% aluminium og giver et luksuri\u00f8st indtryk i din have. Hegnet er samlet med runde aluminiumsr\u00f8r, der tr\u00e6kkes gennem stolpen. Modellen passer perfekt som hegn! Stolperne er udf\u00f8rt i aluminium og har en dimension p\u00e5 70 x 70 mm. Materialetykkelsen er hele 2 mm, hvilket g\u00f8r st\u00e6ngerne b\u00e5de stabile og solide. Stolperne f\u00e5s som naturanodiseret eller lakeret i enten hvid (RAL 9010) eller mat sort (RAL 9005). Monteringen foreg\u00e5r med 40x40 r\u00f6r, som du bestiller hos os. Med Hindsen alu-hegnet f\u00e5r din have, terrasse eller andet omr\u00e5de efter eget valg en mere elegant afsk\u00e6rmning og finish.\",\"breadcrumb\":{\"@id\":\"https:\/\/recal-se.tbwebsite.com\/dk\/hegn\/hindsen\/#breadcrumb\"},\"inLanguage\":\"da-DK\",\"potentialAction\":[{\"@type\":\"ReadAction\",\"target\":[\"https:\/\/recal-se.tbwebsite.com\/dk\/hegn\/hindsen\/\"]}]},{\"@type\":\"ImageObject\",\"inLanguage\":\"da-DK\",\"@id\":\"https:\/\/recal-se.tbwebsite.com\/dk\/hegn\/hindsen\/#primaryimage\",\"url\":\"https:\/\/recal-se.tbwebsite.com\/dk\/wp-content\/uploads\/sites\/2\/2020\/05\/40x40_ror-1-1.png\",\"contentUrl\":\"https:\/\/recal-se.tbwebsite.com\/dk\/wp-content\/uploads\/sites\/2\/2020\/05\/40x40_ror-1-1.png\",\"width\":1400,\"height\":1400},{\"@type\":\"BreadcrumbList\",\"@id\":\"https:\/\/recal-se.tbwebsite.com\/dk\/hegn\/hindsen\/#breadcrumb\",\"itemListElement\":[{\"@type\":\"ListItem\",\"position\":1,\"name\":\"Home\",\"item\":\"https:\/\/recal-se.tbwebsite.com\/dk\/\"},{\"@type\":\"ListItem\",\"position\":2,\"name\":\"Shop\",\"item\":\"https:\/\/recal-se.tbwebsite.com\/dk\/shop\/\"},{\"@type\":\"ListItem\",\"position\":3,\"name\":\"Hindsen\"}]},{\"@type\":\"WebSite\",\"@id\":\"https:\/\/recal-se.tbwebsite.com\/dk\/#website\",\"url\":\"https:\/\/recal-se.tbwebsite.com\/dk\/\",\"name\":\"Recal Danmark\",\"description\":\"Tr\u00e4dg\u00e5rdsprodukter tillverkade i aluminium fr\u00e5n Sm\u00e5land\",\"publisher\":{\"@id\":\"https:\/\/recal-se.tbwebsite.com\/dk\/#organization\"},\"potentialAction\":[{\"@type\":\"SearchAction\",\"target\":{\"@type\":\"EntryPoint\",\"urlTemplate\":\"https:\/\/recal-se.tbwebsite.com\/dk\/?s={search_term_string}\"},\"query-input\":\"required name=search_term_string\"}],\"inLanguage\":\"da-DK\"},{\"@type\":\"Organization\",\"@id\":\"https:\/\/recal-se.tbwebsite.com\/dk\/#organization\",\"name\":\"Recal Danmark\",\"url\":\"https:\/\/recal-se.tbwebsite.com\/dk\/\",\"logo\":{\"@type\":\"ImageObject\",\"inLanguage\":\"da-DK\",\"@id\":\"https:\/\/recal-se.tbwebsite.com\/dk\/#\/schema\/logo\/image\/\",\"url\":\"https:\/\/recal-se.tbwebsite.com\/dk\/wp-content\/uploads\/sites\/2\/2020\/06\/recal-logotype_svart_1.png\",\"contentUrl\":\"https:\/\/recal-se.tbwebsite.com\/dk\/wp-content\/uploads\/sites\/2\/2020\/06\/recal-logotype_svart_1.png\",\"width\":260,\"height\":52,\"caption\":\"Recal Danmark\"},\"image\":{\"@id\":\"https:\/\/recal-se.tbwebsite.com\/dk\/#\/schema\/logo\/image\/\"}}]}<\/script>\n<!-- \/ Yoast SEO plugin. -->","yoast_head_json":{"title":"Aluminiumshegn Hindsen - Recal Danmark A","description":"Aluminiumshegn Hindsen er lavet af 100% aluminium og giver et luksuri\u00f8st indtryk i din have. Hegnet er samlet med runde aluminiumsr\u00f8r, der tr\u00e6kkes gennem stolpen. Modellen passer perfekt som hegn! Stolperne er udf\u00f8rt i aluminium og har en dimension p\u00e5 70 x 70 mm. Materialetykkelsen er hele 2 mm, hvilket g\u00f8r st\u00e6ngerne b\u00e5de stabile og solide. Stolperne f\u00e5s som naturanodiseret eller lakeret i enten hvid (RAL 9010) eller mat sort (RAL 9005). Monteringen foreg\u00e5r med 40x40 r\u00f6r, som du bestiller hos os. Med Hindsen alu-hegnet f\u00e5r din have, terrasse eller andet omr\u00e5de efter eget valg en mere elegant afsk\u00e6rmning og finish.","robots":{"index":"index","follow":"follow","max-snippet":"max-snippet:-1","max-image-preview":"max-image-preview:large","max-video-preview":"max-video-preview:-1"},"canonical":"https:\/\/recal-se.tbwebsite.com\/dk\/hegn\/hindsen\/","og_locale":"da_DK","og_type":"article","og_title":"Aluminiumshegn Hindsen - Recal Danmark A","og_description":"Aluminiumshegn Hindsen er lavet af 100% aluminium og giver et luksuri\u00f8st indtryk i din have. Hegnet er samlet med runde aluminiumsr\u00f8r, der tr\u00e6kkes gennem stolpen. Modellen passer perfekt som hegn! Stolperne er udf\u00f8rt i aluminium og har en dimension p\u00e5 70 x 70 mm. Materialetykkelsen er hele 2 mm, hvilket g\u00f8r st\u00e6ngerne b\u00e5de stabile og solide. Stolperne f\u00e5s som naturanodiseret eller lakeret i enten hvid (RAL 9010) eller mat sort (RAL 9005). Monteringen foreg\u00e5r med 40x40 r\u00f6r, som du bestiller hos os. Med Hindsen alu-hegnet f\u00e5r din have, terrasse eller andet omr\u00e5de efter eget valg en mere elegant afsk\u00e6rmning og finish.","og_url":"https:\/\/recal-se.tbwebsite.com\/dk\/hegn\/hindsen\/","og_site_name":"Recal Danmark","article_modified_time":"2024-02-13T08:18:55+00:00","og_image":[{"width":1400,"height":1400,"url":"https:\/\/recal-se.tbwebsite.com\/dk\/wp-content\/uploads\/sites\/2\/2020\/05\/40x40_ror-1-1.png","type":"image\/png"}],"twitter_card":"summary_large_image","twitter_misc":{"Estimeret l\u00e6setid":"2 minutter"},"schema":{"@context":"https:\/\/schema.org","@graph":[{"@type":"WebPage","@id":"https:\/\/recal-se.tbwebsite.com\/dk\/hegn\/hindsen\/","url":"https:\/\/recal-se.tbwebsite.com\/dk\/hegn\/hindsen\/","name":"Aluminiumshegn Hindsen - Recal Danmark A","isPartOf":{"@id":"https:\/\/recal-se.tbwebsite.com\/dk\/#website"},"primaryImageOfPage":{"@id":"https:\/\/recal-se.tbwebsite.com\/dk\/hegn\/hindsen\/#primaryimage"},"image":{"@id":"https:\/\/recal-se.tbwebsite.com\/dk\/hegn\/hindsen\/#primaryimage"},"thumbnailUrl":"https:\/\/recal-se.tbwebsite.com\/dk\/wp-content\/uploads\/sites\/2\/2020\/05\/40x40_ror-1-1.png","datePublished":"2020-05-14T14:00:19+00:00","dateModified":"2024-02-13T08:18:55+00:00","description":"Aluminiumshegn Hindsen er lavet af 100% aluminium og giver et luksuri\u00f8st indtryk i din have. Hegnet er samlet med runde aluminiumsr\u00f8r, der tr\u00e6kkes gennem stolpen. Modellen passer perfekt som hegn! Stolperne er udf\u00f8rt i aluminium og har en dimension p\u00e5 70 x 70 mm. Materialetykkelsen er hele 2 mm, hvilket g\u00f8r st\u00e6ngerne b\u00e5de stabile og solide. Stolperne f\u00e5s som naturanodiseret eller lakeret i enten hvid (RAL 9010) eller mat sort (RAL 9005). Monteringen foreg\u00e5r med 40x40 r\u00f6r, som du bestiller hos os. Med Hindsen alu-hegnet f\u00e5r din have, terrasse eller andet omr\u00e5de efter eget valg en mere elegant afsk\u00e6rmning og finish.","breadcrumb":{"@id":"https:\/\/recal-se.tbwebsite.com\/dk\/hegn\/hindsen\/#breadcrumb"},"inLanguage":"da-DK","potentialAction":[{"@type":"ReadAction","target":["https:\/\/recal-se.tbwebsite.com\/dk\/hegn\/hindsen\/"]}]},{"@type":"ImageObject","inLanguage":"da-DK","@id":"https:\/\/recal-se.tbwebsite.com\/dk\/hegn\/hindsen\/#primaryimage","url":"https:\/\/recal-se.tbwebsite.com\/dk\/wp-content\/uploads\/sites\/2\/2020\/05\/40x40_ror-1-1.png","contentUrl":"https:\/\/recal-se.tbwebsite.com\/dk\/wp-content\/uploads\/sites\/2\/2020\/05\/40x40_ror-1-1.png","width":1400,"height":1400},{"@type":"BreadcrumbList","@id":"https:\/\/recal-se.tbwebsite.com\/dk\/hegn\/hindsen\/#breadcrumb","itemListElement":[{"@type":"ListItem","position":1,"name":"Home","item":"https:\/\/recal-se.tbwebsite.com\/dk\/"},{"@type":"ListItem","position":2,"name":"Shop","item":"https:\/\/recal-se.tbwebsite.com\/dk\/shop\/"},{"@type":"ListItem","position":3,"name":"Hindsen"}]},{"@type":"WebSite","@id":"https:\/\/recal-se.tbwebsite.com\/dk\/#website","url":"https:\/\/recal-se.tbwebsite.com\/dk\/","name":"Recal Danmark","description":"Tr\u00e4dg\u00e5rdsprodukter tillverkade i aluminium fr\u00e5n Sm\u00e5land","publisher":{"@id":"https:\/\/recal-se.tbwebsite.com\/dk\/#organization"},"potentialAction":[{"@type":"SearchAction","target":{"@type":"EntryPoint","urlTemplate":"https:\/\/recal-se.tbwebsite.com\/dk\/?s={search_term_string}"},"query-input":"required name=search_term_string"}],"inLanguage":"da-DK"},{"@type":"Organization","@id":"https:\/\/recal-se.tbwebsite.com\/dk\/#organization","name":"Recal Danmark","url":"https:\/\/recal-se.tbwebsite.com\/dk\/","logo":{"@type":"ImageObject","inLanguage":"da-DK","@id":"https:\/\/recal-se.tbwebsite.com\/dk\/#\/schema\/logo\/image\/","url":"https:\/\/recal-se.tbwebsite.com\/dk\/wp-content\/uploads\/sites\/2\/2020\/06\/recal-logotype_svart_1.png","contentUrl":"https:\/\/recal-se.tbwebsite.com\/dk\/wp-content\/uploads\/sites\/2\/2020\/06\/recal-logotype_svart_1.png","width":260,"height":52,"caption":"Recal Danmark"},"image":{"@id":"https:\/\/recal-se.tbwebsite.com\/dk\/#\/schema\/logo\/image\/"}}]}},"_links":{"self":[{"href":"https:\/\/recal-se.tbwebsite.com\/dk\/wp-json\/wp\/v2\/product\/197"}],"collection":[{"href":"https:\/\/recal-se.tbwebsite.com\/dk\/wp-json\/wp\/v2\/product"}],"about":[{"href":"https:\/\/recal-se.tbwebsite.com\/dk\/wp-json\/wp\/v2\/types\/product"}],"replies":[{"embeddable":true,"href":"https:\/\/recal-se.tbwebsite.com\/dk\/wp-json\/wp\/v2\/comments?post=197"}],"version-history":[{"count":12,"href":"https:\/\/recal-se.tbwebsite.com\/dk\/wp-json\/wp\/v2\/product\/197\/revisions"}],"predecessor-version":[{"id":15100,"href":"https:\/\/recal-se.tbwebsite.com\/dk\/wp-json\/wp\/v2\/product\/197\/revisions\/15100"}],"wp:featuredmedia":[{"embeddable":true,"href":"https:\/\/recal-se.tbwebsite.com\/dk\/wp-json\/wp\/v2\/media\/5773"}],"wp:attachment":[{"href":"https:\/\/recal-se.tbwebsite.com\/dk\/wp-json\/wp\/v2\/media?parent=197"}],"wp:term":[{"taxonomy":"product_cat","embeddable":true,"href":"https:\/\/recal-se.tbwebsite.com\/dk\/wp-json\/wp\/v2\/product_cat?post=197"},{"taxonomy":"product_tag","embeddable":true,"href":"https:\/\/recal-se.tbwebsite.com\/dk\/wp-json\/wp\/v2\/product_tag?post=197"}],"curies":[{"name":"wp","href":"https:\/\/api.w.org\/{rel}","templated":true}]}}