{"id":13199,"date":"2023-12-13T09:39:26","date_gmt":"2023-12-13T09:39:26","guid":{"rendered":"https:\/\/recal-se.tbwebsite.com\/?post_type=product&#038;p=13199"},"modified":"2024-02-13T10:56:50","modified_gmt":"2024-02-13T10:56:50","slug":"fod-til-baenk","status":"publish","type":"product","link":"https:\/\/recal-se.tbwebsite.com\/dk\/tillbehor\/fod-til-baenk\/","title":{"rendered":"Fod til b\u00e6nk &#8211; montering i beton og asfalt."},"content":{"rendered":"<p>Stolpef\u00f8dder i aluminium til montering af Recals b\u00e6nk p\u00e5 f.eks. beton eller asfalt.<\/p>\n<p>Indhold: 4 skjulte f\u00f8dder, skrue til b\u00e6nkmontering.<\/p>\n<p>&nbsp;<\/p>\n","protected":false},"excerpt":{"rendered":"<p>Stolpefod i aluminium til b\u00e6nk til montering i f.eks. beton eller asfalt.<\/p>\n<p>&nbsp;<\/p>\n","protected":false},"featured_media":0,"comment_status":"closed","ping_status":"closed","template":"","meta":{"_acf_changed":false},"product_cat":[244,198,32],"product_tag":[311,312,313],"composite_virtual":false,"composite_layout":"","composite_add_to_cart_form_location":"","composite_editable_in_cart":false,"composite_sold_individually_context":"","composite_shop_price_calc":"","composite_components":[],"composite_scenarios":[],"acf":[],"yoast_head":"<!-- This site is optimized with the Yoast SEO plugin v22.2 - https:\/\/yoast.com\/wordpress\/plugins\/seo\/ -->\n<title>Fod til b\u00e6nk - montering i beton og asfalt. i aluminium f\u00f6r montering i betong eller p\u00e5 altand\u00e4ck - Recal Danmark<\/title>\n<meta name=\"description\" content=\"Stolpefod i aluminium til b\u00e6nk til montering i f.eks. beton eller asfalt.\" \/>\n<meta name=\"robots\" content=\"index, follow, max-snippet:-1, max-image-preview:large, max-video-preview:-1\" \/>\n<link rel=\"canonical\" href=\"https:\/\/recal-se.tbwebsite.com\/dk\/tillbehor\/fod-til-baenk\/\" \/>\n<meta property=\"og:locale\" content=\"da_DK\" \/>\n<meta property=\"og:type\" content=\"article\" \/>\n<meta property=\"og:title\" content=\"Fod til b\u00e6nk - montering i beton og asfalt. i aluminium f\u00f6r montering i betong eller p\u00e5 altand\u00e4ck - Recal Danmark\" \/>\n<meta property=\"og:description\" content=\"Stolpefod i aluminium til b\u00e6nk til montering i f.eks. beton eller asfalt.\" \/>\n<meta property=\"og:url\" content=\"https:\/\/recal-se.tbwebsite.com\/dk\/tillbehor\/fod-til-baenk\/\" \/>\n<meta property=\"og:site_name\" content=\"Recal Danmark\" \/>\n<meta property=\"article:modified_time\" content=\"2024-02-13T10:56:50+00:00\" \/>\n<meta name=\"twitter:card\" content=\"summary_large_image\" \/>\n<meta name=\"twitter:label1\" content=\"Estimeret l\u00e6setid\" \/>\n\t<meta name=\"twitter:data1\" content=\"1 minut\" \/>\n<script type=\"application\/ld+json\" class=\"yoast-schema-graph\">{\"@context\":\"https:\/\/schema.org\",\"@graph\":[{\"@type\":\"WebPage\",\"@id\":\"https:\/\/recal-se.tbwebsite.com\/dk\/tillbehor\/fod-til-baenk\/\",\"url\":\"https:\/\/recal-se.tbwebsite.com\/dk\/tillbehor\/fod-til-baenk\/\",\"name\":\"Fod til b\u00e6nk - montering i beton og asfalt. i aluminium f\u00f6r montering i betong eller p\u00e5 altand\u00e4ck - Recal Danmark\",\"isPartOf\":{\"@id\":\"https:\/\/recal-se.tbwebsite.com\/dk\/#website\"},\"datePublished\":\"2023-12-13T09:39:26+00:00\",\"dateModified\":\"2024-02-13T10:56:50+00:00\",\"description\":\"Stolpefod i aluminium til b\u00e6nk til montering i f.eks. beton eller asfalt.\",\"breadcrumb\":{\"@id\":\"https:\/\/recal-se.tbwebsite.com\/dk\/tillbehor\/fod-til-baenk\/#breadcrumb\"},\"inLanguage\":\"da-DK\",\"potentialAction\":[{\"@type\":\"ReadAction\",\"target\":[\"https:\/\/recal-se.tbwebsite.com\/dk\/tillbehor\/fod-til-baenk\/\"]}]},{\"@type\":\"BreadcrumbList\",\"@id\":\"https:\/\/recal-se.tbwebsite.com\/dk\/tillbehor\/fod-til-baenk\/#breadcrumb\",\"itemListElement\":[{\"@type\":\"ListItem\",\"position\":1,\"name\":\"Home\",\"item\":\"https:\/\/recal-se.tbwebsite.com\/dk\/\"},{\"@type\":\"ListItem\",\"position\":2,\"name\":\"Shop\",\"item\":\"https:\/\/recal-se.tbwebsite.com\/dk\/shop\/\"},{\"@type\":\"ListItem\",\"position\":3,\"name\":\"Fod til b\u00e6nk &#8211; montering i beton og asfalt.\"}]},{\"@type\":\"WebSite\",\"@id\":\"https:\/\/recal-se.tbwebsite.com\/dk\/#website\",\"url\":\"https:\/\/recal-se.tbwebsite.com\/dk\/\",\"name\":\"Recal Danmark\",\"description\":\"Tr\u00e4dg\u00e5rdsprodukter tillverkade i aluminium fr\u00e5n Sm\u00e5land\",\"publisher\":{\"@id\":\"https:\/\/recal-se.tbwebsite.com\/dk\/#organization\"},\"potentialAction\":[{\"@type\":\"SearchAction\",\"target\":{\"@type\":\"EntryPoint\",\"urlTemplate\":\"https:\/\/recal-se.tbwebsite.com\/dk\/?s={search_term_string}\"},\"query-input\":\"required name=search_term_string\"}],\"inLanguage\":\"da-DK\"},{\"@type\":\"Organization\",\"@id\":\"https:\/\/recal-se.tbwebsite.com\/dk\/#organization\",\"name\":\"Recal Danmark\",\"url\":\"https:\/\/recal-se.tbwebsite.com\/dk\/\",\"logo\":{\"@type\":\"ImageObject\",\"inLanguage\":\"da-DK\",\"@id\":\"https:\/\/recal-se.tbwebsite.com\/dk\/#\/schema\/logo\/image\/\",\"url\":\"https:\/\/recal-se.tbwebsite.com\/dk\/wp-content\/uploads\/sites\/2\/2020\/06\/recal-logotype_svart_1.png\",\"contentUrl\":\"https:\/\/recal-se.tbwebsite.com\/dk\/wp-content\/uploads\/sites\/2\/2020\/06\/recal-logotype_svart_1.png\",\"width\":260,\"height\":52,\"caption\":\"Recal Danmark\"},\"image\":{\"@id\":\"https:\/\/recal-se.tbwebsite.com\/dk\/#\/schema\/logo\/image\/\"}}]}<\/script>\n<!-- \/ Yoast SEO plugin. -->","yoast_head_json":{"title":"Fod til b\u00e6nk - montering i beton og asfalt. i aluminium f\u00f6r montering i betong eller p\u00e5 altand\u00e4ck - Recal Danmark","description":"Stolpefod i aluminium til b\u00e6nk til montering i f.eks. beton eller asfalt.","robots":{"index":"index","follow":"follow","max-snippet":"max-snippet:-1","max-image-preview":"max-image-preview:large","max-video-preview":"max-video-preview:-1"},"canonical":"https:\/\/recal-se.tbwebsite.com\/dk\/tillbehor\/fod-til-baenk\/","og_locale":"da_DK","og_type":"article","og_title":"Fod til b\u00e6nk - montering i beton og asfalt. i aluminium f\u00f6r montering i betong eller p\u00e5 altand\u00e4ck - Recal Danmark","og_description":"Stolpefod i aluminium til b\u00e6nk til montering i f.eks. beton eller asfalt.","og_url":"https:\/\/recal-se.tbwebsite.com\/dk\/tillbehor\/fod-til-baenk\/","og_site_name":"Recal Danmark","article_modified_time":"2024-02-13T10:56:50+00:00","twitter_card":"summary_large_image","twitter_misc":{"Estimeret l\u00e6setid":"1 minut"},"schema":{"@context":"https:\/\/schema.org","@graph":[{"@type":"WebPage","@id":"https:\/\/recal-se.tbwebsite.com\/dk\/tillbehor\/fod-til-baenk\/","url":"https:\/\/recal-se.tbwebsite.com\/dk\/tillbehor\/fod-til-baenk\/","name":"Fod til b\u00e6nk - montering i beton og asfalt. i aluminium f\u00f6r montering i betong eller p\u00e5 altand\u00e4ck - Recal Danmark","isPartOf":{"@id":"https:\/\/recal-se.tbwebsite.com\/dk\/#website"},"datePublished":"2023-12-13T09:39:26+00:00","dateModified":"2024-02-13T10:56:50+00:00","description":"Stolpefod i aluminium til b\u00e6nk til montering i f.eks. beton eller asfalt.","breadcrumb":{"@id":"https:\/\/recal-se.tbwebsite.com\/dk\/tillbehor\/fod-til-baenk\/#breadcrumb"},"inLanguage":"da-DK","potentialAction":[{"@type":"ReadAction","target":["https:\/\/recal-se.tbwebsite.com\/dk\/tillbehor\/fod-til-baenk\/"]}]},{"@type":"BreadcrumbList","@id":"https:\/\/recal-se.tbwebsite.com\/dk\/tillbehor\/fod-til-baenk\/#breadcrumb","itemListElement":[{"@type":"ListItem","position":1,"name":"Home","item":"https:\/\/recal-se.tbwebsite.com\/dk\/"},{"@type":"ListItem","position":2,"name":"Shop","item":"https:\/\/recal-se.tbwebsite.com\/dk\/shop\/"},{"@type":"ListItem","position":3,"name":"Fod til b\u00e6nk &#8211; montering i beton og asfalt."}]},{"@type":"WebSite","@id":"https:\/\/recal-se.tbwebsite.com\/dk\/#website","url":"https:\/\/recal-se.tbwebsite.com\/dk\/","name":"Recal Danmark","description":"Tr\u00e4dg\u00e5rdsprodukter tillverkade i aluminium fr\u00e5n Sm\u00e5land","publisher":{"@id":"https:\/\/recal-se.tbwebsite.com\/dk\/#organization"},"potentialAction":[{"@type":"SearchAction","target":{"@type":"EntryPoint","urlTemplate":"https:\/\/recal-se.tbwebsite.com\/dk\/?s={search_term_string}"},"query-input":"required name=search_term_string"}],"inLanguage":"da-DK"},{"@type":"Organization","@id":"https:\/\/recal-se.tbwebsite.com\/dk\/#organization","name":"Recal Danmark","url":"https:\/\/recal-se.tbwebsite.com\/dk\/","logo":{"@type":"ImageObject","inLanguage":"da-DK","@id":"https:\/\/recal-se.tbwebsite.com\/dk\/#\/schema\/logo\/image\/","url":"https:\/\/recal-se.tbwebsite.com\/dk\/wp-content\/uploads\/sites\/2\/2020\/06\/recal-logotype_svart_1.png","contentUrl":"https:\/\/recal-se.tbwebsite.com\/dk\/wp-content\/uploads\/sites\/2\/2020\/06\/recal-logotype_svart_1.png","width":260,"height":52,"caption":"Recal Danmark"},"image":{"@id":"https:\/\/recal-se.tbwebsite.com\/dk\/#\/schema\/logo\/image\/"}}]}},"_links":{"self":[{"href":"https:\/\/recal-se.tbwebsite.com\/dk\/wp-json\/wp\/v2\/product\/13199"}],"collection":[{"href":"https:\/\/recal-se.tbwebsite.com\/dk\/wp-json\/wp\/v2\/product"}],"about":[{"href":"https:\/\/recal-se.tbwebsite.com\/dk\/wp-json\/wp\/v2\/types\/product"}],"replies":[{"embeddable":true,"href":"https:\/\/recal-se.tbwebsite.com\/dk\/wp-json\/wp\/v2\/comments?post=13199"}],"version-history":[{"count":2,"href":"https:\/\/recal-se.tbwebsite.com\/dk\/wp-json\/wp\/v2\/product\/13199\/revisions"}],"predecessor-version":[{"id":15307,"href":"https:\/\/recal-se.tbwebsite.com\/dk\/wp-json\/wp\/v2\/product\/13199\/revisions\/15307"}],"wp:attachment":[{"href":"https:\/\/recal-se.tbwebsite.com\/dk\/wp-json\/wp\/v2\/media?parent=13199"}],"wp:term":[{"taxonomy":"product_cat","embeddable":true,"href":"https:\/\/recal-se.tbwebsite.com\/dk\/wp-json\/wp\/v2\/product_cat?post=13199"},{"taxonomy":"product_tag","embeddable":true,"href":"https:\/\/recal-se.tbwebsite.com\/dk\/wp-json\/wp\/v2\/product_tag?post=13199"}],"curies":[{"name":"wp","href":"https:\/\/api.w.org\/{rel}","templated":true}]}}